{"id":1650,"date":"2016-06-13T14:55:39","date_gmt":"2016-06-13T14:55:39","guid":{"rendered":"http:\/\/www.biocabaz.com\/web\/produto\/papa-espelta-4m-bio-250g-holle\/"},"modified":"2023-03-28T22:52:37","modified_gmt":"2023-03-28T22:52:37","slug":"papa-espelta-4m-bio-250g-holle","status":"publish","type":"product","link":"https:\/\/biocabaz.pt\/web\/produto\/papa-espelta-4m-bio-250g-holle\/","title":{"rendered":"PAPA ESPELTA 4M BIO 250G HOLLE"},"content":{"rendered":"<p><strong>Descri\u00e7\u00e3o <\/strong><br \/>\n\t\t\t\tIngredientes: Farinha integral de trigo espelta*, vitamina B1 (mononitrato de tiamina). * de agricultura biodin\u00e2mica.<\/p>\n<p><strong>Dados Nutricionais<\/strong><br \/>\n\t\t\t\tDeclara\u00e7\u00e3o Nutricional por 100g:<br \/> Energia: 1596kj\/ 377kcal;<br \/> L\u00edpidos: 3,2g &#8211; dos quais \u00e1cidos gordos saturados: 0,7g;<br \/> Hidratos de carbono: 67,5g &#8211; dos quais a\u00e7\u00facares: 0,7g;<br \/> Fibra: 8,7g;<br \/> Prote\u00ednas: 15,3g;<br \/> Sal: 0,015g;<br \/> Vitamina B1: 0,87mg.<\/p>\n<p><strong>Modo Utiliza\u00e7\u00e3o<\/strong><br \/>Indicado para a introdu\u00e7\u00e3o dos primeiros menus apenas depois do 4\u00ba m\u00eas. Informe-se junto do seu pediatra, m\u00e9dico de fam\u00edlia ou nutricionista. Com leite materno: Diluir 5 colheres de sopa de Papa de trigo espelta Bio (cerca de 25g) em 130 ml de leite materno morno. Aten\u00e7\u00e3o: Para manter os valiosos nutrientes, n\u00e3o aque\u00e7a o leite a mais de 40\u00baC. Com leite de transi\u00e7\u00e3o &#8211; depois dos 6 meses:<br \/>\nDeixar ferver 150ml de \u00e1gua e deixar arrefecer at\u00e9 uma temperatura de cerca de 50\u00baC. Diluir primeiro 6 medidas de leite de transi\u00e7\u00e3o para lactentes fase 2. Em seguida adicionar 3- 4 colheres de sopa de Papa de trigo espelta Bio (cerca de 18g). Conservar em local seco e fresco. Depois de aberto, consumir dentro de 3 a 4 semanas.<\/p>\n","protected":false},"excerpt":{"rendered":"<p>Adequada para a introdu\u00e7\u00e3o alimentar, a partir dos 6 meses, como parte integrante de uma dieta mista<\/p>\n","protected":false},"featured_media":1731,"comment_status":"closed","ping_status":"closed","template":"","meta":[],"product_cat":[57,58],"product_tag":[],"class_list":["post-1650","product","type-product","status-publish","has-post-thumbnail","hentry","product_cat-bebes-e-criancas","product_cat-papas"],"bundle_layout":"","bundled_by":[],"bundled_items":[],"yoast_head":"<!-- This site is optimized with the Yoast SEO plugin v26.3 - https:\/\/yoast.com\/wordpress\/plugins\/seo\/ -->\n<title>PAPA ESPELTA 4M BIO 250G HOLLE<\/title>\n<meta name=\"robots\" content=\"index, follow, max-snippet:-1, max-image-preview:large, max-video-preview:-1\" \/>\n<link rel=\"canonical\" href=\"https:\/\/biocabaz.pt\/web\/produto\/papa-espelta-4m-bio-250g-holle\/\" \/>\n<meta property=\"og:locale\" content=\"pt_PT\" \/>\n<meta property=\"og:locale:alternate\" content=\"en_US\" \/>\n<meta property=\"og:type\" content=\"article\" \/>\n<meta property=\"og:title\" content=\"PAPA ESPELTA 4M BIO 250G HOLLE\" \/>\n<meta property=\"og:description\" content=\"Adequada para a introdu\u00e7\u00e3o alimentar, a partir dos 6 meses, como parte integrante de uma dieta mista\" \/>\n<meta property=\"og:url\" content=\"https:\/\/biocabaz.pt\/web\/produto\/papa-espelta-4m-bio-250g-holle\/\" \/>\n<meta property=\"og:site_name\" content=\"BIOCABAZ - CABAZES BIOL\u00d3GICOS\" \/>\n<meta property=\"article:modified_time\" content=\"2023-03-28T22:52:37+00:00\" \/>\n<meta property=\"og:image\" content=\"https:\/\/www.biocabaz.pt\/web\/wp-conteudos\/uploads\/2016\/06\/PS_Getreidebreie_SP-GR-PT_Dinkel_frontal_XXL_SP-GR-PT_18_070814_3000x3000px_72dpi_RGB.png\" \/>\n\t<meta property=\"og:image:width\" content=\"600\" \/>\n\t<meta property=\"og:image:height\" content=\"600\" \/>\n\t<meta property=\"og:image:type\" content=\"image\/png\" \/>\n<meta name=\"twitter:card\" content=\"summary_large_image\" \/>\n<meta name=\"twitter:label1\" content=\"Est. reading time\" \/>\n\t<meta name=\"twitter:data1\" content=\"2 minutos\" \/>\n<script type=\"application\/ld+json\" class=\"yoast-schema-graph\">{\"@context\":\"https:\/\/schema.org\",\"@graph\":[{\"@type\":\"WebPage\",\"@id\":\"https:\/\/biocabaz.pt\/web\/en\/produto\/papa-espelta-4m-bio-250g-holle\/\",\"url\":\"https:\/\/biocabaz.pt\/web\/en\/produto\/papa-espelta-4m-bio-250g-holle\/\",\"name\":\"PAPA ESPELTA 4M BIO 250G HOLLE\",\"isPartOf\":{\"@id\":\"https:\/\/biocabaz.pt\/web\/#website\"},\"primaryImageOfPage\":{\"@id\":\"https:\/\/biocabaz.pt\/web\/en\/produto\/papa-espelta-4m-bio-250g-holle\/#primaryimage\"},\"image\":{\"@id\":\"https:\/\/biocabaz.pt\/web\/en\/produto\/papa-espelta-4m-bio-250g-holle\/#primaryimage\"},\"thumbnailUrl\":\"https:\/\/www.biocabaz.pt\/web\/wp-conteudos\/uploads\/2016\/06\/PS_Getreidebreie_SP-GR-PT_Dinkel_frontal_XXL_SP-GR-PT_18_070814_3000x3000px_72dpi_RGB.png\",\"datePublished\":\"2016-06-13T14:55:39+00:00\",\"dateModified\":\"2023-03-28T22:52:37+00:00\",\"breadcrumb\":{\"@id\":\"https:\/\/biocabaz.pt\/web\/en\/produto\/papa-espelta-4m-bio-250g-holle\/#breadcrumb\"},\"inLanguage\":\"pt-PT\",\"potentialAction\":[{\"@type\":\"ReadAction\",\"target\":[\"https:\/\/biocabaz.pt\/web\/en\/produto\/papa-espelta-4m-bio-250g-holle\/\"]}]},{\"@type\":\"ImageObject\",\"inLanguage\":\"pt-PT\",\"@id\":\"https:\/\/biocabaz.pt\/web\/en\/produto\/papa-espelta-4m-bio-250g-holle\/#primaryimage\",\"url\":\"https:\/\/www.biocabaz.pt\/web\/wp-conteudos\/uploads\/2016\/06\/PS_Getreidebreie_SP-GR-PT_Dinkel_frontal_XXL_SP-GR-PT_18_070814_3000x3000px_72dpi_RGB.png\",\"contentUrl\":\"https:\/\/www.biocabaz.pt\/web\/wp-conteudos\/uploads\/2016\/06\/PS_Getreidebreie_SP-GR-PT_Dinkel_frontal_XXL_SP-GR-PT_18_070814_3000x3000px_72dpi_RGB.png\",\"width\":600,\"height\":600},{\"@type\":\"BreadcrumbList\",\"@id\":\"https:\/\/biocabaz.pt\/web\/en\/produto\/papa-espelta-4m-bio-250g-holle\/#breadcrumb\",\"itemListElement\":[{\"@type\":\"ListItem\",\"position\":1,\"name\":\"Home\",\"item\":\"https:\/\/biocabaz.pt\/web\/\"},{\"@type\":\"ListItem\",\"position\":2,\"name\":\"Shop\",\"item\":\"https:\/\/www.biocabaz.pt\/web\/en\/shop\/\"},{\"@type\":\"ListItem\",\"position\":3,\"name\":\"HOLLE ORGANIC ROLLED SPELT AFTER 4 MONTHS 250GR\"}]},{\"@type\":\"WebSite\",\"@id\":\"https:\/\/biocabaz.pt\/web\/#website\",\"url\":\"https:\/\/biocabaz.pt\/web\/\",\"name\":\"BIOCABAZ - CABAZES BIOL\u00d3GICOS\",\"description\":\"O melhor que a terra d\u00e1 \u00e9 para si\",\"potentialAction\":[{\"@type\":\"SearchAction\",\"target\":{\"@type\":\"EntryPoint\",\"urlTemplate\":\"https:\/\/biocabaz.pt\/web\/?s={search_term_string}\"},\"query-input\":{\"@type\":\"PropertyValueSpecification\",\"valueRequired\":true,\"valueName\":\"search_term_string\"}}],\"inLanguage\":\"pt-PT\"}]}<\/script>\n<!-- \/ Yoast SEO plugin. -->","yoast_head_json":{"title":"PAPA ESPELTA 4M BIO 250G HOLLE","robots":{"index":"index","follow":"follow","max-snippet":"max-snippet:-1","max-image-preview":"max-image-preview:large","max-video-preview":"max-video-preview:-1"},"canonical":"https:\/\/biocabaz.pt\/web\/produto\/papa-espelta-4m-bio-250g-holle\/","og_locale":"pt_PT","og_type":"article","og_title":"[:en]HOLLE ORGANIC ROLLED SPELT AFTER 4 MONTHS 250GR[:pt]PAPA ESPELTA 4M BIO 250G HOLLE[:] - BIOCABAZ - CABAZES BIOL\u00d3GICOS","og_description":"Adequada para a introdu\u00e7\u00e3o alimentar, a partir dos 6 meses, como parte integrante de uma dieta mista","og_url":"https:\/\/biocabaz.pt\/web\/produto\/papa-espelta-4m-bio-250g-holle\/","og_site_name":"BIOCABAZ - CABAZES BIOL\u00d3GICOS","article_modified_time":"2023-03-28T22:52:37+00:00","og_image":[{"width":600,"height":600,"url":"https:\/\/www.biocabaz.pt\/web\/wp-conteudos\/uploads\/2016\/06\/PS_Getreidebreie_SP-GR-PT_Dinkel_frontal_XXL_SP-GR-PT_18_070814_3000x3000px_72dpi_RGB.png","type":"image\/png"}],"twitter_card":"summary_large_image","twitter_misc":{"Est. reading time":"2 minutos"},"schema":{"@context":"https:\/\/schema.org","@graph":[{"@type":"WebPage","@id":"https:\/\/biocabaz.pt\/web\/en\/produto\/papa-espelta-4m-bio-250g-holle\/","url":"https:\/\/biocabaz.pt\/web\/en\/produto\/papa-espelta-4m-bio-250g-holle\/","name":"PAPA ESPELTA 4M BIO 250G HOLLE","isPartOf":{"@id":"https:\/\/biocabaz.pt\/web\/#website"},"primaryImageOfPage":{"@id":"https:\/\/biocabaz.pt\/web\/en\/produto\/papa-espelta-4m-bio-250g-holle\/#primaryimage"},"image":{"@id":"https:\/\/biocabaz.pt\/web\/en\/produto\/papa-espelta-4m-bio-250g-holle\/#primaryimage"},"thumbnailUrl":"https:\/\/www.biocabaz.pt\/web\/wp-conteudos\/uploads\/2016\/06\/PS_Getreidebreie_SP-GR-PT_Dinkel_frontal_XXL_SP-GR-PT_18_070814_3000x3000px_72dpi_RGB.png","datePublished":"2016-06-13T14:55:39+00:00","dateModified":"2023-03-28T22:52:37+00:00","breadcrumb":{"@id":"https:\/\/biocabaz.pt\/web\/en\/produto\/papa-espelta-4m-bio-250g-holle\/#breadcrumb"},"inLanguage":"pt-PT","potentialAction":[{"@type":"ReadAction","target":["https:\/\/biocabaz.pt\/web\/en\/produto\/papa-espelta-4m-bio-250g-holle\/"]}]},{"@type":"ImageObject","inLanguage":"pt-PT","@id":"https:\/\/biocabaz.pt\/web\/en\/produto\/papa-espelta-4m-bio-250g-holle\/#primaryimage","url":"https:\/\/www.biocabaz.pt\/web\/wp-conteudos\/uploads\/2016\/06\/PS_Getreidebreie_SP-GR-PT_Dinkel_frontal_XXL_SP-GR-PT_18_070814_3000x3000px_72dpi_RGB.png","contentUrl":"https:\/\/www.biocabaz.pt\/web\/wp-conteudos\/uploads\/2016\/06\/PS_Getreidebreie_SP-GR-PT_Dinkel_frontal_XXL_SP-GR-PT_18_070814_3000x3000px_72dpi_RGB.png","width":600,"height":600},{"@type":"BreadcrumbList","@id":"https:\/\/biocabaz.pt\/web\/en\/produto\/papa-espelta-4m-bio-250g-holle\/#breadcrumb","itemListElement":[{"@type":"ListItem","position":1,"name":"Home","item":"https:\/\/biocabaz.pt\/web\/"},{"@type":"ListItem","position":2,"name":"Shop","item":"https:\/\/www.biocabaz.pt\/web\/en\/shop\/"},{"@type":"ListItem","position":3,"name":"HOLLE ORGANIC ROLLED SPELT AFTER 4 MONTHS 250GR"}]},{"@type":"WebSite","@id":"https:\/\/biocabaz.pt\/web\/#website","url":"https:\/\/biocabaz.pt\/web\/","name":"BIOCABAZ - CABAZES BIOL\u00d3GICOS","description":"O melhor que a terra d\u00e1 \u00e9 para si","potentialAction":[{"@type":"SearchAction","target":{"@type":"EntryPoint","urlTemplate":"https:\/\/biocabaz.pt\/web\/?s={search_term_string}"},"query-input":{"@type":"PropertyValueSpecification","valueRequired":true,"valueName":"search_term_string"}}],"inLanguage":"pt-PT"}]}},"_links":{"self":[{"href":"https:\/\/biocabaz.pt\/web\/wp-json\/wp\/v2\/product\/1650","targetHints":{"allow":["GET"]}}],"collection":[{"href":"https:\/\/biocabaz.pt\/web\/wp-json\/wp\/v2\/product"}],"about":[{"href":"https:\/\/biocabaz.pt\/web\/wp-json\/wp\/v2\/types\/product"}],"replies":[{"embeddable":true,"href":"https:\/\/biocabaz.pt\/web\/wp-json\/wp\/v2\/comments?post=1650"}],"wp:featuredmedia":[{"embeddable":true,"href":"https:\/\/biocabaz.pt\/web\/wp-json\/wp\/v2\/media\/1731"}],"wp:attachment":[{"href":"https:\/\/biocabaz.pt\/web\/wp-json\/wp\/v2\/media?parent=1650"}],"wp:term":[{"taxonomy":"product_cat","embeddable":true,"href":"https:\/\/biocabaz.pt\/web\/wp-json\/wp\/v2\/product_cat?post=1650"},{"taxonomy":"product_tag","embeddable":true,"href":"https:\/\/biocabaz.pt\/web\/wp-json\/wp\/v2\/product_tag?post=1650"}],"curies":[{"name":"wp","href":"https:\/\/api.w.org\/{rel}","templated":true}]}}