{"id":1648,"date":"2016-06-13T14:55:39","date_gmt":"2016-06-13T14:55:39","guid":{"rendered":"http:\/\/www.biocabaz.com\/web\/produto\/papa-lactea-de-milho-miudo-bio-250g-holle\/"},"modified":"2026-03-06T14:22:56","modified_gmt":"2026-03-06T14:22:56","slug":"papa-lactea-de-milho-miudo-bio-250g-holle","status":"publish","type":"product","link":"https:\/\/biocabaz.pt\/web\/produto\/papa-lactea-de-milho-miudo-bio-250g-holle\/","title":{"rendered":"PAPA L\u00c1CTEA DE MILHO MI\u00daDO BIO 250G HOLLE"},"content":{"rendered":"<p><strong>Descri\u00e7\u00e3o <\/strong><br \/>\n\t\t\t\tIngredientes: Milho mi\u00fado integral* 49%, leite magro em p\u00f3* 21%, soro de leite em p\u00f3* 12% (parcialmente desmineralizado), \u00f3leo vegetal*, maltodextrina*, carbonato de c\u00e1lcio, vitamina B1 (mononitrato de tiamina), vitamina A (acetato de retinilo), vitamina D (colecalciferol). *de agricultura biol\u00f3gica certificada.<\/p>\n<p><strong>Dados Nutricionais<\/strong><br \/>\n\t\t\t\tDeclara\u00e7\u00e3o Nutricional por 100g:<br \/> Energia: 1865kj\/ 443kcal;<br \/> L\u00edpidos: 13,8g &#8211; dos quais \u00e1cidos gordos saturados: 5,9g;<br \/> Hidratos de carbono: 63,8g &#8211; dos quais a\u00e7\u00facares: 20,7g;<br \/> Fibra: 1,8g;<br \/> Prote\u00ednas: 15,0g;<br \/> Sal: 0,135g;<br \/> Vitamina A: 566\u00b5g;<br \/> Vitamina D: 8,1\u00b5g;<br \/> Vitamina B1: 0,87mg;<br \/> C\u00e1lcio: 400mg.<\/p>\n<p><strong>Modo Utiliza\u00e7\u00e3o<\/strong><br \/>Informa\u00e7\u00f5es importantes: Dar sempre a papa com uma colher. N\u00e3o dar a beb\u00e9s com idade inferior a 5 meses como substituto do leite materno. Para substituir uma refei\u00e7\u00e3o de biber\u00e3o, como parte integrante de uma dieta mista. Ideal para a refei\u00e7\u00e3o da noite e para habituar os beb\u00e9s a refei\u00e7\u00f5es com colher e a um novo tipo de alimenta\u00e7\u00e3o. Prepare as refei\u00e7\u00f5es sempre na hora. N\u00e3o aproveite restos. N\u00e3o aquecer no microondas (perigo de sobreaquecimento). AP\u00d3S OS 4 MESES, salvo opini\u00e3o contr\u00e1ria de pessoas independentes com qualifica\u00e7\u00f5es em medicina, nutri\u00e7\u00e3o ou farm\u00e1cia, ou outros profissionais respons\u00e1veis por cuidados maternais ou infantis. Ferver 130ml de \u00e1gua e deixar arrefecer a uma temperatura de cerca de 50\u00baC. Verter num prato fundo e diluir 4 a 5 colheres de sopa de Papa L\u00e1ctea Milho mi\u00fado (cerca de 40g). Mexer e deixar arrefecer \u00e0 temperatura apropriada (cerca de 37\u00baC). Conservar em local seco e fresco. Uma vez aberto, consumir num per\u00edodo de 2 a 3 semanas.<\/p>\n","protected":false},"excerpt":{"rendered":"<p>Adequada para a introdu\u00e7\u00e3o alimentar, a partir dos 4 meses, como parte integrante de uma dieta mista.\u00a0As papas l\u00e1cteas com cereais s\u00e3o uma boa op\u00e7\u00e3o para a refei\u00e7\u00e3o da noite e ajudam o seu beb\u00e9 a habituar-se \u00e0 utiliza\u00e7\u00e3o de colher e novos alimentos.<\/p>\n","protected":false},"featured_media":1733,"comment_status":"closed","ping_status":"closed","template":"","meta":[],"product_cat":[57,58],"product_tag":[],"class_list":["post-1648","product","type-product","status-publish","has-post-thumbnail","hentry","product_cat-bebes-e-criancas","product_cat-papas"],"bundle_layout":"","bundled_by":[],"bundled_items":[],"yoast_head":"<!-- This site is optimized with the Yoast SEO plugin v26.3 - https:\/\/yoast.com\/wordpress\/plugins\/seo\/ -->\n<title>PAPA L\u00c1CTEA DE MILHO MI\u00daDO BIO 250G HOLLE<\/title>\n<meta name=\"robots\" content=\"index, follow, max-snippet:-1, max-image-preview:large, max-video-preview:-1\" \/>\n<link rel=\"canonical\" href=\"https:\/\/biocabaz.pt\/web\/produto\/papa-lactea-de-milho-miudo-bio-250g-holle\/\" \/>\n<meta property=\"og:locale\" content=\"pt_PT\" \/>\n<meta property=\"og:locale:alternate\" content=\"en_US\" \/>\n<meta property=\"og:type\" content=\"article\" \/>\n<meta property=\"og:title\" content=\"PAPA L\u00c1CTEA DE MILHO MI\u00daDO BIO 250G HOLLE\" \/>\n<meta property=\"og:description\" content=\"Adequada para a introdu\u00e7\u00e3o alimentar, a partir dos 4 meses, como parte integrante de uma dieta mista.\u00a0As papas l\u00e1cteas com cereais s\u00e3o uma boa op\u00e7\u00e3o para a refei\u00e7\u00e3o da noite e ajudam o seu beb\u00e9 a habituar-se \u00e0 utiliza\u00e7\u00e3o de colher e novos alimentos.\" \/>\n<meta property=\"og:url\" content=\"https:\/\/biocabaz.pt\/web\/produto\/papa-lactea-de-milho-miudo-bio-250g-holle\/\" \/>\n<meta property=\"og:site_name\" content=\"BIOCABAZ - CABAZES BIOL\u00d3GICOS\" \/>\n<meta property=\"article:modified_time\" content=\"2026-03-06T14:22:56+00:00\" \/>\n<meta property=\"og:image\" content=\"https:\/\/www.biocabaz.pt\/web\/wp-conteudos\/uploads\/2016\/06\/PS_Milchbreie_D-F_Hirse_frontal_XXL_D-F_01_030914_3000x3000px_72dpi_RGB.png\" \/>\n\t<meta property=\"og:image:width\" content=\"600\" \/>\n\t<meta property=\"og:image:height\" content=\"600\" \/>\n\t<meta property=\"og:image:type\" content=\"image\/png\" \/>\n<meta name=\"twitter:card\" content=\"summary_large_image\" \/>\n<meta name=\"twitter:label1\" content=\"Est. reading time\" \/>\n\t<meta name=\"twitter:data1\" content=\"2 minutos\" \/>\n<script type=\"application\/ld+json\" class=\"yoast-schema-graph\">{\"@context\":\"https:\/\/schema.org\",\"@graph\":[{\"@type\":\"WebPage\",\"@id\":\"https:\/\/biocabaz.pt\/web\/en\/produto\/papa-lactea-de-milho-miudo-bio-250g-holle\/\",\"url\":\"https:\/\/biocabaz.pt\/web\/en\/produto\/papa-lactea-de-milho-miudo-bio-250g-holle\/\",\"name\":\"PAPA L\u00c1CTEA DE MILHO MI\u00daDO BIO 250G HOLLE\",\"isPartOf\":{\"@id\":\"https:\/\/biocabaz.pt\/web\/#website\"},\"primaryImageOfPage\":{\"@id\":\"https:\/\/biocabaz.pt\/web\/en\/produto\/papa-lactea-de-milho-miudo-bio-250g-holle\/#primaryimage\"},\"image\":{\"@id\":\"https:\/\/biocabaz.pt\/web\/en\/produto\/papa-lactea-de-milho-miudo-bio-250g-holle\/#primaryimage\"},\"thumbnailUrl\":\"https:\/\/www.biocabaz.pt\/web\/wp-conteudos\/uploads\/2016\/06\/PS_Milchbreie_D-F_Hirse_frontal_XXL_D-F_01_030914_3000x3000px_72dpi_RGB.png\",\"datePublished\":\"2016-06-13T14:55:39+00:00\",\"dateModified\":\"2026-03-06T14:22:56+00:00\",\"breadcrumb\":{\"@id\":\"https:\/\/biocabaz.pt\/web\/en\/produto\/papa-lactea-de-milho-miudo-bio-250g-holle\/#breadcrumb\"},\"inLanguage\":\"pt-PT\",\"potentialAction\":[{\"@type\":\"ReadAction\",\"target\":[\"https:\/\/biocabaz.pt\/web\/en\/produto\/papa-lactea-de-milho-miudo-bio-250g-holle\/\"]}]},{\"@type\":\"ImageObject\",\"inLanguage\":\"pt-PT\",\"@id\":\"https:\/\/biocabaz.pt\/web\/en\/produto\/papa-lactea-de-milho-miudo-bio-250g-holle\/#primaryimage\",\"url\":\"https:\/\/www.biocabaz.pt\/web\/wp-conteudos\/uploads\/2016\/06\/PS_Milchbreie_D-F_Hirse_frontal_XXL_D-F_01_030914_3000x3000px_72dpi_RGB.png\",\"contentUrl\":\"https:\/\/www.biocabaz.pt\/web\/wp-conteudos\/uploads\/2016\/06\/PS_Milchbreie_D-F_Hirse_frontal_XXL_D-F_01_030914_3000x3000px_72dpi_RGB.png\",\"width\":600,\"height\":600},{\"@type\":\"BreadcrumbList\",\"@id\":\"https:\/\/biocabaz.pt\/web\/en\/produto\/papa-lactea-de-milho-miudo-bio-250g-holle\/#breadcrumb\",\"itemListElement\":[{\"@type\":\"ListItem\",\"position\":1,\"name\":\"Home\",\"item\":\"https:\/\/biocabaz.pt\/web\/\"},{\"@type\":\"ListItem\",\"position\":2,\"name\":\"Loja\",\"item\":\"https:\/\/biocabaz.pt\/web\/shop\/\"},{\"@type\":\"ListItem\",\"position\":3,\"name\":\"HOLLE ORGANIC MILK CEREAL WITH MILLET AFTER 4 MONTHS 250GR\"}]},{\"@type\":\"WebSite\",\"@id\":\"https:\/\/biocabaz.pt\/web\/#website\",\"url\":\"https:\/\/biocabaz.pt\/web\/\",\"name\":\"BIOCABAZ - CABAZES BIOL\u00d3GICOS\",\"description\":\"O melhor que a terra d\u00e1 \u00e9 para si\",\"potentialAction\":[{\"@type\":\"SearchAction\",\"target\":{\"@type\":\"EntryPoint\",\"urlTemplate\":\"https:\/\/biocabaz.pt\/web\/?s={search_term_string}\"},\"query-input\":{\"@type\":\"PropertyValueSpecification\",\"valueRequired\":true,\"valueName\":\"search_term_string\"}}],\"inLanguage\":\"pt-PT\"}]}<\/script>\n<!-- \/ Yoast SEO plugin. -->","yoast_head_json":{"title":"PAPA L\u00c1CTEA DE MILHO MI\u00daDO BIO 250G HOLLE","robots":{"index":"index","follow":"follow","max-snippet":"max-snippet:-1","max-image-preview":"max-image-preview:large","max-video-preview":"max-video-preview:-1"},"canonical":"https:\/\/biocabaz.pt\/web\/produto\/papa-lactea-de-milho-miudo-bio-250g-holle\/","og_locale":"pt_PT","og_type":"article","og_title":"[:en]HOLLE ORGANIC MILK CEREAL WITH MILLET AFTER 4 MONTHS 250GR[:pt]PAPA L\u00c1CTEA DE MILHO MI\u00daDO BIO 250G HOLLE[:] - BIOCABAZ - CABAZES BIOL\u00d3GICOS","og_description":"Adequada para a introdu\u00e7\u00e3o alimentar, a partir dos 4 meses, como parte integrante de uma dieta mista.\u00a0As papas l\u00e1cteas com cereais s\u00e3o uma boa op\u00e7\u00e3o para a refei\u00e7\u00e3o da noite e ajudam o seu beb\u00e9 a habituar-se \u00e0 utiliza\u00e7\u00e3o de colher e novos alimentos.","og_url":"https:\/\/biocabaz.pt\/web\/produto\/papa-lactea-de-milho-miudo-bio-250g-holle\/","og_site_name":"BIOCABAZ - CABAZES BIOL\u00d3GICOS","article_modified_time":"2026-03-06T14:22:56+00:00","og_image":[{"width":600,"height":600,"url":"https:\/\/www.biocabaz.pt\/web\/wp-conteudos\/uploads\/2016\/06\/PS_Milchbreie_D-F_Hirse_frontal_XXL_D-F_01_030914_3000x3000px_72dpi_RGB.png","type":"image\/png"}],"twitter_card":"summary_large_image","twitter_misc":{"Est. reading time":"2 minutos"},"schema":{"@context":"https:\/\/schema.org","@graph":[{"@type":"WebPage","@id":"https:\/\/biocabaz.pt\/web\/en\/produto\/papa-lactea-de-milho-miudo-bio-250g-holle\/","url":"https:\/\/biocabaz.pt\/web\/en\/produto\/papa-lactea-de-milho-miudo-bio-250g-holle\/","name":"PAPA L\u00c1CTEA DE MILHO MI\u00daDO BIO 250G HOLLE","isPartOf":{"@id":"https:\/\/biocabaz.pt\/web\/#website"},"primaryImageOfPage":{"@id":"https:\/\/biocabaz.pt\/web\/en\/produto\/papa-lactea-de-milho-miudo-bio-250g-holle\/#primaryimage"},"image":{"@id":"https:\/\/biocabaz.pt\/web\/en\/produto\/papa-lactea-de-milho-miudo-bio-250g-holle\/#primaryimage"},"thumbnailUrl":"https:\/\/www.biocabaz.pt\/web\/wp-conteudos\/uploads\/2016\/06\/PS_Milchbreie_D-F_Hirse_frontal_XXL_D-F_01_030914_3000x3000px_72dpi_RGB.png","datePublished":"2016-06-13T14:55:39+00:00","dateModified":"2026-03-06T14:22:56+00:00","breadcrumb":{"@id":"https:\/\/biocabaz.pt\/web\/en\/produto\/papa-lactea-de-milho-miudo-bio-250g-holle\/#breadcrumb"},"inLanguage":"pt-PT","potentialAction":[{"@type":"ReadAction","target":["https:\/\/biocabaz.pt\/web\/en\/produto\/papa-lactea-de-milho-miudo-bio-250g-holle\/"]}]},{"@type":"ImageObject","inLanguage":"pt-PT","@id":"https:\/\/biocabaz.pt\/web\/en\/produto\/papa-lactea-de-milho-miudo-bio-250g-holle\/#primaryimage","url":"https:\/\/www.biocabaz.pt\/web\/wp-conteudos\/uploads\/2016\/06\/PS_Milchbreie_D-F_Hirse_frontal_XXL_D-F_01_030914_3000x3000px_72dpi_RGB.png","contentUrl":"https:\/\/www.biocabaz.pt\/web\/wp-conteudos\/uploads\/2016\/06\/PS_Milchbreie_D-F_Hirse_frontal_XXL_D-F_01_030914_3000x3000px_72dpi_RGB.png","width":600,"height":600},{"@type":"BreadcrumbList","@id":"https:\/\/biocabaz.pt\/web\/en\/produto\/papa-lactea-de-milho-miudo-bio-250g-holle\/#breadcrumb","itemListElement":[{"@type":"ListItem","position":1,"name":"Home","item":"https:\/\/biocabaz.pt\/web\/"},{"@type":"ListItem","position":2,"name":"Loja","item":"https:\/\/biocabaz.pt\/web\/shop\/"},{"@type":"ListItem","position":3,"name":"HOLLE ORGANIC MILK CEREAL WITH MILLET AFTER 4 MONTHS 250GR"}]},{"@type":"WebSite","@id":"https:\/\/biocabaz.pt\/web\/#website","url":"https:\/\/biocabaz.pt\/web\/","name":"BIOCABAZ - CABAZES BIOL\u00d3GICOS","description":"O melhor que a terra d\u00e1 \u00e9 para si","potentialAction":[{"@type":"SearchAction","target":{"@type":"EntryPoint","urlTemplate":"https:\/\/biocabaz.pt\/web\/?s={search_term_string}"},"query-input":{"@type":"PropertyValueSpecification","valueRequired":true,"valueName":"search_term_string"}}],"inLanguage":"pt-PT"}]}},"_links":{"self":[{"href":"https:\/\/biocabaz.pt\/web\/wp-json\/wp\/v2\/product\/1648","targetHints":{"allow":["GET"]}}],"collection":[{"href":"https:\/\/biocabaz.pt\/web\/wp-json\/wp\/v2\/product"}],"about":[{"href":"https:\/\/biocabaz.pt\/web\/wp-json\/wp\/v2\/types\/product"}],"replies":[{"embeddable":true,"href":"https:\/\/biocabaz.pt\/web\/wp-json\/wp\/v2\/comments?post=1648"}],"wp:featuredmedia":[{"embeddable":true,"href":"https:\/\/biocabaz.pt\/web\/wp-json\/wp\/v2\/media\/1733"}],"wp:attachment":[{"href":"https:\/\/biocabaz.pt\/web\/wp-json\/wp\/v2\/media?parent=1648"}],"wp:term":[{"taxonomy":"product_cat","embeddable":true,"href":"https:\/\/biocabaz.pt\/web\/wp-json\/wp\/v2\/product_cat?post=1648"},{"taxonomy":"product_tag","embeddable":true,"href":"https:\/\/biocabaz.pt\/web\/wp-json\/wp\/v2\/product_tag?post=1648"}],"curies":[{"name":"wp","href":"https:\/\/api.w.org\/{rel}","templated":true}]}}