{"id":1646,"date":"2016-06-13T14:55:38","date_gmt":"2016-06-13T14:55:38","guid":{"rendered":"http:\/\/www.biocabaz.com\/web\/produto\/papa-milho-tapioca-4m-bio-250g-holle\/"},"modified":"2023-03-28T22:53:50","modified_gmt":"2023-03-28T22:53:50","slug":"papa-milho-tapioca-4m-bio-250g-holle","status":"publish","type":"product","link":"https:\/\/biocabaz.pt\/web\/produto\/papa-milho-tapioca-4m-bio-250g-holle\/","title":{"rendered":"PAPA MILHO E TAPIOCA 4M BIO 250G HOLLE"},"content":{"rendered":"<p><strong>Descri\u00e7\u00e3o <\/strong><br \/>\n\t\t\t\tIngredientes: farinha de milho* 74%, farinha de arroz integral** 17%, tapioca* 9%, vitamina B1. *de agricultura biol\u00f3gica ** de agricultura biodin\u00e2mica.<\/p>\n<p><strong>Dados Nutricionais<\/strong><br \/>\n\t\t\t\tDeclara\u00e7\u00e3o Nutricional por 100g:<br \/> Energia: 1624kj\/ 384kcal;<br \/> L\u00edpidos: 2,2g &#8211; dos quais \u00e1cidos gordos saturados: 0,5g;<br \/> Hidratos de carbono: 80g &#8211; dos quais a\u00e7\u00facares: 0,9g;<br \/> Prote\u00ednas: 8,4g;<br \/> Sal: 0,019g;<br \/> Vitamina B1: 1,233mg.<\/p>\n<p><strong>Modo Utiliza\u00e7\u00e3o<\/strong><br \/>N\u00e3o dar a beb\u00e9s com idade inferior a 4 meses. Este produto constitui parte integrante de uma dieta mista. Prepare as refei\u00e7\u00f5es sempre na hora. N\u00e3o aproveite restos. \u00c9 importante que siga sempre as instru\u00e7\u00f5es de prepara\u00e7\u00e3o. &#8211; Por favor siga as instru\u00e7\u00f5es de prepara\u00e7\u00e3o. A dosagem correta fornece ao beb\u00e9 os nutrientes<br \/>\nnecess\u00e1rios. Uma prepara\u00e7\u00e3o impr\u00f3pria pode levar a problemas de sa\u00fade.<br \/>\n&#8211; N\u00e3o aque\u00e7a no micro-ondas (risco de sobreaquecimento).<br \/>\n&#8211; Verifique sempre a temperatura da papa (cerca de 37\u00baC).<br \/>\n&#8211; Esteja atento aos primeiros dentes e aos respetivos cuidados de higiene.                     PREPARA\u00c7\u00d5ES POSS\u00cdVEIS A PARTIR DO 4\u00ba M\u00caS:<br \/>\n&#8211; Prepara\u00e7\u00e3o l\u00e1ctea (com leite em p\u00f3): Preparar 170 ml de uma f\u00f3rmula de leite infantil da sua escolha (de acordo com a forma de prepara\u00e7\u00e3o descrita). Verter a f\u00f3rmula preparada num<br \/>\nprato e diluir 18g de Papa de milho e tapioca Bio (cerca de 3 a 4 colheres de sopa), mexendo bem. Deixar arrefecer \u00e0 temperatura apropriada (cerca de 37\u00baC).<br \/>\n&#8211; Papa semi-l\u00e1ctea (com leite e \u00e1gua): ferver 100ml de leite gordo e 100ml de \u00e1gua e deixar arrefecer a uma temperatura de cerca de 50\u00baC. Verter esta mistura num prato e diluir 25 g de Papa de milho e tapioca Bio (cerca de 5 colheres de sopa). Deixar arrefecer \u00e0 temperatura<br \/>\napropriada (cerca de 37\u00baC).<br \/>\n&#8211; Prepara\u00e7\u00e3o com leite materno: diluir 25g de Papa de milho e tapioca Bio (cerca de 5 colheres de sopa) em 130ml de leite materno morno. Aten\u00e7\u00e3o: Para conservar os nutrientes, n\u00e3o aquecer o leite materno a mais de 40\u00baC.<br \/>\n&#8211; Papa n\u00e3o l\u00e1ctea: Ferver 200ml de \u00e1gua e deixar arrefecer a uma temperatura de 50\u00baC. Diluir 25g de Papa de milho e tapioca Bio (cerca de 5 colheres de sopa), adicionar 1 colher de ch\u00e1 de \u00f3leo alimentar para beb\u00e9 (ou azeite virgem extra), mexendo bem at\u00e9 atingir a consist\u00eancia desejada.<br \/>\n&#8211; Papa n\u00e3o l\u00e1ctea com cereais, fruta ou legumes: misturar 20 g de Papa de milho e tapioca Bio (cerca de 4 colheres de sopa) com 100g de pur\u00e9 de fruta em boi\u00e3o ou pur\u00e9 de fruta fresca e uma colher de ch\u00e1 de \u00f3leo alimentar para beb\u00e9 (ou azeite virgem extra). Adicionar \u00e1gua, se<br \/>\nnecess\u00e1rio (cerca de 90ml, fervida a 50\u00baC). Em alternativa, poder\u00e1 utilizar 160g de pur\u00e9 de legumes e acrescentar 2 colheres de ch\u00e1 de \u00f3leo.<br \/>\nPREPARA\u00c7\u00c3O POSS\u00cdVEL AP\u00d3S O 6\u00ba M\u00caS:<br \/>\n&#8211; Papa com leite de transi\u00e7\u00e3o: Ferver 150ml de \u00e1gua e deixar arrefecer a uma temperatura de 50\u00baC. Diluir 5 medidas de leite de transi\u00e7\u00e3o 2 Holle e depois adicionar 18 g de Papa de milho e tapioca Bio (cerca de 3 &#8211; 4 colheres de sopa). A partir do 10\u00ba m\u00eas \u00e9 poss\u00edvel fazer a prepara\u00e7\u00e3o com leite de transi\u00e7\u00e3o 3.                                                                                                               Embalado em atmosfera protetora. Conservar em local seco e fresco. Uma vez aberto, consumir num per\u00edodo de 3 semanas.<\/p>\n","protected":false},"excerpt":{"rendered":"<p>Adequada para a introdu\u00e7\u00e3o alimentar, a partir dos 4 meses, como parte integrante de uma dieta mista.<\/p>\n","protected":false},"featured_media":1734,"comment_status":"closed","ping_status":"closed","template":"","meta":[],"product_cat":[57,58],"product_tag":[],"class_list":["post-1646","product","type-product","status-publish","has-post-thumbnail","hentry","product_cat-bebes-e-criancas","product_cat-papas"],"bundle_layout":"","bundled_by":[],"bundled_items":[],"yoast_head":"<!-- This site is optimized with the Yoast SEO plugin v26.3 - https:\/\/yoast.com\/wordpress\/plugins\/seo\/ -->\n<title>PAPA MILHO E TAPIOCA 4M BIO 250G HOLLE<\/title>\n<meta name=\"robots\" content=\"index, follow, max-snippet:-1, max-image-preview:large, max-video-preview:-1\" \/>\n<link rel=\"canonical\" href=\"https:\/\/biocabaz.pt\/web\/produto\/papa-milho-tapioca-4m-bio-250g-holle\/\" \/>\n<meta property=\"og:locale\" content=\"pt_PT\" \/>\n<meta property=\"og:locale:alternate\" content=\"en_US\" \/>\n<meta property=\"og:type\" content=\"article\" \/>\n<meta property=\"og:title\" content=\"PAPA MILHO E TAPIOCA 4M BIO 250G HOLLE\" \/>\n<meta property=\"og:description\" content=\"Adequada para a introdu\u00e7\u00e3o alimentar, a partir dos 4 meses, como parte integrante de uma dieta mista.\" \/>\n<meta property=\"og:url\" content=\"https:\/\/biocabaz.pt\/web\/produto\/papa-milho-tapioca-4m-bio-250g-holle\/\" \/>\n<meta property=\"og:site_name\" content=\"BIOCABAZ - CABAZES BIOL\u00d3GICOS\" \/>\n<meta property=\"article:modified_time\" content=\"2023-03-28T22:53:50+00:00\" \/>\n<meta property=\"og:image\" content=\"https:\/\/www.biocabaz.pt\/web\/wp-conteudos\/uploads\/2016\/06\/Tapioka_I_IR_2014.png\" \/>\n\t<meta property=\"og:image:width\" content=\"600\" \/>\n\t<meta property=\"og:image:height\" content=\"600\" \/>\n\t<meta property=\"og:image:type\" content=\"image\/png\" \/>\n<meta name=\"twitter:card\" content=\"summary_large_image\" \/>\n<meta name=\"twitter:label1\" content=\"Est. reading time\" \/>\n\t<meta name=\"twitter:data1\" content=\"4 minutos\" \/>\n<script type=\"application\/ld+json\" class=\"yoast-schema-graph\">{\"@context\":\"https:\/\/schema.org\",\"@graph\":[{\"@type\":\"WebPage\",\"@id\":\"https:\/\/biocabaz.pt\/web\/en\/produto\/papa-milho-tapioca-4m-bio-250g-holle\/\",\"url\":\"https:\/\/biocabaz.pt\/web\/en\/produto\/papa-milho-tapioca-4m-bio-250g-holle\/\",\"name\":\"PAPA MILHO E TAPIOCA 4M BIO 250G HOLLE\",\"isPartOf\":{\"@id\":\"https:\/\/biocabaz.pt\/web\/#website\"},\"primaryImageOfPage\":{\"@id\":\"https:\/\/biocabaz.pt\/web\/en\/produto\/papa-milho-tapioca-4m-bio-250g-holle\/#primaryimage\"},\"image\":{\"@id\":\"https:\/\/biocabaz.pt\/web\/en\/produto\/papa-milho-tapioca-4m-bio-250g-holle\/#primaryimage\"},\"thumbnailUrl\":\"https:\/\/www.biocabaz.pt\/web\/wp-conteudos\/uploads\/2016\/06\/Tapioka_I_IR_2014.png\",\"datePublished\":\"2016-06-13T14:55:38+00:00\",\"dateModified\":\"2023-03-28T22:53:50+00:00\",\"breadcrumb\":{\"@id\":\"https:\/\/biocabaz.pt\/web\/en\/produto\/papa-milho-tapioca-4m-bio-250g-holle\/#breadcrumb\"},\"inLanguage\":\"pt-PT\",\"potentialAction\":[{\"@type\":\"ReadAction\",\"target\":[\"https:\/\/biocabaz.pt\/web\/en\/produto\/papa-milho-tapioca-4m-bio-250g-holle\/\"]}]},{\"@type\":\"ImageObject\",\"inLanguage\":\"pt-PT\",\"@id\":\"https:\/\/biocabaz.pt\/web\/en\/produto\/papa-milho-tapioca-4m-bio-250g-holle\/#primaryimage\",\"url\":\"https:\/\/www.biocabaz.pt\/web\/wp-conteudos\/uploads\/2016\/06\/Tapioka_I_IR_2014.png\",\"contentUrl\":\"https:\/\/www.biocabaz.pt\/web\/wp-conteudos\/uploads\/2016\/06\/Tapioka_I_IR_2014.png\",\"width\":600,\"height\":600},{\"@type\":\"BreadcrumbList\",\"@id\":\"https:\/\/biocabaz.pt\/web\/en\/produto\/papa-milho-tapioca-4m-bio-250g-holle\/#breadcrumb\",\"itemListElement\":[{\"@type\":\"ListItem\",\"position\":1,\"name\":\"Home\",\"item\":\"https:\/\/biocabaz.pt\/web\/\"},{\"@type\":\"ListItem\",\"position\":2,\"name\":\"Loja\",\"item\":\"https:\/\/biocabaz.pt\/web\/shop\/\"},{\"@type\":\"ListItem\",\"position\":3,\"name\":\"HOLLE ORGANIC MAIZE PORRIDGE WITH TAPIOCA AFTER 4 MONTHS 250GR\"}]},{\"@type\":\"WebSite\",\"@id\":\"https:\/\/biocabaz.pt\/web\/#website\",\"url\":\"https:\/\/biocabaz.pt\/web\/\",\"name\":\"BIOCABAZ - CABAZES BIOL\u00d3GICOS\",\"description\":\"O melhor que a terra d\u00e1 \u00e9 para si\",\"potentialAction\":[{\"@type\":\"SearchAction\",\"target\":{\"@type\":\"EntryPoint\",\"urlTemplate\":\"https:\/\/biocabaz.pt\/web\/?s={search_term_string}\"},\"query-input\":{\"@type\":\"PropertyValueSpecification\",\"valueRequired\":true,\"valueName\":\"search_term_string\"}}],\"inLanguage\":\"pt-PT\"}]}<\/script>\n<!-- \/ Yoast SEO plugin. -->","yoast_head_json":{"title":"PAPA MILHO E TAPIOCA 4M BIO 250G HOLLE","robots":{"index":"index","follow":"follow","max-snippet":"max-snippet:-1","max-image-preview":"max-image-preview:large","max-video-preview":"max-video-preview:-1"},"canonical":"https:\/\/biocabaz.pt\/web\/produto\/papa-milho-tapioca-4m-bio-250g-holle\/","og_locale":"pt_PT","og_type":"article","og_title":"[:en]HOLLE ORGANIC MAIZE PORRIDGE WITH TAPIOCA AFTER 4 MONTHS 250GR[:pt]PAPA MILHO E TAPIOCA 4M BIO 250G HOLLE[:] - BIOCABAZ - CABAZES BIOL\u00d3GICOS","og_description":"Adequada para a introdu\u00e7\u00e3o alimentar, a partir dos 4 meses, como parte integrante de uma dieta mista.","og_url":"https:\/\/biocabaz.pt\/web\/produto\/papa-milho-tapioca-4m-bio-250g-holle\/","og_site_name":"BIOCABAZ - CABAZES BIOL\u00d3GICOS","article_modified_time":"2023-03-28T22:53:50+00:00","og_image":[{"width":600,"height":600,"url":"https:\/\/www.biocabaz.pt\/web\/wp-conteudos\/uploads\/2016\/06\/Tapioka_I_IR_2014.png","type":"image\/png"}],"twitter_card":"summary_large_image","twitter_misc":{"Est. reading time":"4 minutos"},"schema":{"@context":"https:\/\/schema.org","@graph":[{"@type":"WebPage","@id":"https:\/\/biocabaz.pt\/web\/en\/produto\/papa-milho-tapioca-4m-bio-250g-holle\/","url":"https:\/\/biocabaz.pt\/web\/en\/produto\/papa-milho-tapioca-4m-bio-250g-holle\/","name":"PAPA MILHO E TAPIOCA 4M BIO 250G HOLLE","isPartOf":{"@id":"https:\/\/biocabaz.pt\/web\/#website"},"primaryImageOfPage":{"@id":"https:\/\/biocabaz.pt\/web\/en\/produto\/papa-milho-tapioca-4m-bio-250g-holle\/#primaryimage"},"image":{"@id":"https:\/\/biocabaz.pt\/web\/en\/produto\/papa-milho-tapioca-4m-bio-250g-holle\/#primaryimage"},"thumbnailUrl":"https:\/\/www.biocabaz.pt\/web\/wp-conteudos\/uploads\/2016\/06\/Tapioka_I_IR_2014.png","datePublished":"2016-06-13T14:55:38+00:00","dateModified":"2023-03-28T22:53:50+00:00","breadcrumb":{"@id":"https:\/\/biocabaz.pt\/web\/en\/produto\/papa-milho-tapioca-4m-bio-250g-holle\/#breadcrumb"},"inLanguage":"pt-PT","potentialAction":[{"@type":"ReadAction","target":["https:\/\/biocabaz.pt\/web\/en\/produto\/papa-milho-tapioca-4m-bio-250g-holle\/"]}]},{"@type":"ImageObject","inLanguage":"pt-PT","@id":"https:\/\/biocabaz.pt\/web\/en\/produto\/papa-milho-tapioca-4m-bio-250g-holle\/#primaryimage","url":"https:\/\/www.biocabaz.pt\/web\/wp-conteudos\/uploads\/2016\/06\/Tapioka_I_IR_2014.png","contentUrl":"https:\/\/www.biocabaz.pt\/web\/wp-conteudos\/uploads\/2016\/06\/Tapioka_I_IR_2014.png","width":600,"height":600},{"@type":"BreadcrumbList","@id":"https:\/\/biocabaz.pt\/web\/en\/produto\/papa-milho-tapioca-4m-bio-250g-holle\/#breadcrumb","itemListElement":[{"@type":"ListItem","position":1,"name":"Home","item":"https:\/\/biocabaz.pt\/web\/"},{"@type":"ListItem","position":2,"name":"Loja","item":"https:\/\/biocabaz.pt\/web\/shop\/"},{"@type":"ListItem","position":3,"name":"HOLLE ORGANIC MAIZE PORRIDGE WITH TAPIOCA AFTER 4 MONTHS 250GR"}]},{"@type":"WebSite","@id":"https:\/\/biocabaz.pt\/web\/#website","url":"https:\/\/biocabaz.pt\/web\/","name":"BIOCABAZ - CABAZES BIOL\u00d3GICOS","description":"O melhor que a terra d\u00e1 \u00e9 para si","potentialAction":[{"@type":"SearchAction","target":{"@type":"EntryPoint","urlTemplate":"https:\/\/biocabaz.pt\/web\/?s={search_term_string}"},"query-input":{"@type":"PropertyValueSpecification","valueRequired":true,"valueName":"search_term_string"}}],"inLanguage":"pt-PT"}]}},"_links":{"self":[{"href":"https:\/\/biocabaz.pt\/web\/wp-json\/wp\/v2\/product\/1646","targetHints":{"allow":["GET"]}}],"collection":[{"href":"https:\/\/biocabaz.pt\/web\/wp-json\/wp\/v2\/product"}],"about":[{"href":"https:\/\/biocabaz.pt\/web\/wp-json\/wp\/v2\/types\/product"}],"replies":[{"embeddable":true,"href":"https:\/\/biocabaz.pt\/web\/wp-json\/wp\/v2\/comments?post=1646"}],"wp:featuredmedia":[{"embeddable":true,"href":"https:\/\/biocabaz.pt\/web\/wp-json\/wp\/v2\/media\/1734"}],"wp:attachment":[{"href":"https:\/\/biocabaz.pt\/web\/wp-json\/wp\/v2\/media?parent=1646"}],"wp:term":[{"taxonomy":"product_cat","embeddable":true,"href":"https:\/\/biocabaz.pt\/web\/wp-json\/wp\/v2\/product_cat?post=1646"},{"taxonomy":"product_tag","embeddable":true,"href":"https:\/\/biocabaz.pt\/web\/wp-json\/wp\/v2\/product_tag?post=1646"}],"curies":[{"name":"wp","href":"https:\/\/api.w.org\/{rel}","templated":true}]}}