{"id":1643,"date":"2016-06-13T14:55:37","date_gmt":"2016-06-13T14:55:37","guid":{"rendered":"http:\/\/www.biocabaz.com\/web\/produto\/farinha-cereais-frutos-bio-220g-babybio\/"},"modified":"2023-04-17T11:48:08","modified_gmt":"2023-04-17T11:48:08","slug":"farinha-cereais-frutos-bio-220g-babybio","status":"publish","type":"product","link":"https:\/\/biocabaz.pt\/web\/produto\/farinha-cereais-frutos-bio-220g-babybio\/","title":{"rendered":"FARINHA CEREAIS FRUTOS BIO 220G BABYBIO"},"content":{"rendered":"<p><strong>Descri\u00e7\u00e3o <\/strong><br \/>\n\t\t\t\tIngredientes:  Farinha de Arroz 79.2% , Farinha de Quinoa 8.8% , Banana 8.7% , Laranja 1.5% , P\u00eara 1% , Aroma Natural de Laranja , Tiamina ( Vitamina B1 ).<\/p>\n<p><strong>Dados Nutricionais<\/strong><br \/>\n\t\t\t\tDeclara\u00e7\u00e3o Nutricional por 100g:<br \/> Energia: 384 Kcal;<br \/> Prote\u00ednas: 6,9g;<br \/> Hidratos de carbono: 84,7g;<br \/> A\u00e7\u00facares: 7,5g;<br \/> S\u00f3 fibra alimentar: 2g;<br \/> Gordura total: 1,5g;<br \/> Gorduras saturadas: 0,5g;<br \/> Gordura trans: 0,02g;<br \/> S\u00f3dio: 8,2mg;<br \/> Vitamina B1: 1150\u00b5g.<\/p>\n<p><strong>Modo Utiliza\u00e7\u00e3o<\/strong><br \/>-Biber\u00e3o: recomenda-se adicionar a quantidade certa de cereais ao biber\u00e3o de leite quente (leite materno ou infantil) e agitar.<br \/>\n-Tigela: despeje a quantidade certa de cereais em uma tigela de leite quente (leite materno ou leite infantil) e mexa.<br \/>\nDescarte todos os restantes n\u00e3o consumidos. Feche a bolsa e a caixa corretamente ap\u00f3s cada uso e consuma durante as quatro semanas ap\u00f3s a abertura.<\/p>\n","protected":false},"excerpt":{"rendered":"<p>A partir dos 6 meses<\/p>\n<p>A Quinoa era chamada a &#8220;m\u00e3e&#8221; de todas as sementes, pelos Incas. A Babybio escolheu as suas melhores culturas e integrando-a na sua receita com a fruta doce que ir\u00e1 deliciar o paladar de seus filhos.<\/p>\n","protected":false},"featured_media":1737,"comment_status":"closed","ping_status":"closed","template":"","meta":[],"product_cat":[57,58],"product_tag":[],"class_list":["post-1643","product","type-product","status-publish","has-post-thumbnail","hentry","product_cat-bebes-e-criancas","product_cat-papas"],"bundle_layout":"","bundled_by":[],"bundled_items":[],"yoast_head":"<!-- This site is optimized with the Yoast SEO plugin v26.3 - https:\/\/yoast.com\/wordpress\/plugins\/seo\/ -->\n<title>FARINHA CEREAIS FRUTOS BIO 220G BABYBIO<\/title>\n<meta name=\"robots\" content=\"index, follow, max-snippet:-1, max-image-preview:large, max-video-preview:-1\" \/>\n<link rel=\"canonical\" href=\"https:\/\/biocabaz.pt\/web\/produto\/farinha-cereais-frutos-bio-220g-babybio\/\" \/>\n<meta property=\"og:locale\" content=\"pt_PT\" \/>\n<meta property=\"og:locale:alternate\" content=\"en_US\" \/>\n<meta property=\"og:type\" content=\"article\" \/>\n<meta property=\"og:title\" content=\"FARINHA CEREAIS FRUTOS BIO 220G BABYBIO\" \/>\n<meta property=\"og:description\" content=\"A partir dos 6 meses  A Quinoa era chamada a &quot;m\u00e3e&quot; de todas as sementes, pelos Incas. A Babybio escolheu as suas melhores culturas e integrando-a na sua receita com a fruta doce que ir\u00e1 deliciar o paladar de seus filhos.\" \/>\n<meta property=\"og:url\" content=\"https:\/\/biocabaz.pt\/web\/produto\/farinha-cereais-frutos-bio-220g-babybio\/\" \/>\n<meta property=\"og:site_name\" content=\"BIOCABAZ - CABAZES BIOL\u00d3GICOS\" \/>\n<meta property=\"article:modified_time\" content=\"2023-04-17T11:48:08+00:00\" \/>\n<meta property=\"og:image\" content=\"https:\/\/www.biocabaz.pt\/web\/wp-conteudos\/uploads\/2016\/06\/cereales-3fruits.jpg\" \/>\n\t<meta property=\"og:image:width\" content=\"470\" \/>\n\t<meta property=\"og:image:height\" content=\"470\" \/>\n\t<meta property=\"og:image:type\" content=\"image\/jpeg\" \/>\n<meta name=\"twitter:card\" content=\"summary_large_image\" \/>\n<meta name=\"twitter:label1\" content=\"Est. reading time\" \/>\n\t<meta name=\"twitter:data1\" content=\"1 minuto\" \/>\n<script type=\"application\/ld+json\" class=\"yoast-schema-graph\">{\"@context\":\"https:\/\/schema.org\",\"@graph\":[{\"@type\":\"WebPage\",\"@id\":\"https:\/\/biocabaz.pt\/web\/produto\/farinha-cereais-frutos-bio-220g-babybio\/\",\"url\":\"https:\/\/biocabaz.pt\/web\/produto\/farinha-cereais-frutos-bio-220g-babybio\/\",\"name\":\"FARINHA CEREAIS FRUTOS BIO 220G BABYBIO\",\"isPartOf\":{\"@id\":\"https:\/\/biocabaz.pt\/web\/#website\"},\"primaryImageOfPage\":{\"@id\":\"https:\/\/biocabaz.pt\/web\/produto\/farinha-cereais-frutos-bio-220g-babybio\/#primaryimage\"},\"image\":{\"@id\":\"https:\/\/biocabaz.pt\/web\/produto\/farinha-cereais-frutos-bio-220g-babybio\/#primaryimage\"},\"thumbnailUrl\":\"https:\/\/www.biocabaz.pt\/web\/wp-conteudos\/uploads\/2016\/06\/cereales-3fruits.jpg\",\"datePublished\":\"2016-06-13T14:55:37+00:00\",\"dateModified\":\"2023-04-17T11:48:08+00:00\",\"breadcrumb\":{\"@id\":\"https:\/\/biocabaz.pt\/web\/produto\/farinha-cereais-frutos-bio-220g-babybio\/#breadcrumb\"},\"inLanguage\":\"pt-PT\",\"potentialAction\":[{\"@type\":\"ReadAction\",\"target\":[\"https:\/\/biocabaz.pt\/web\/produto\/farinha-cereais-frutos-bio-220g-babybio\/\"]}]},{\"@type\":\"ImageObject\",\"inLanguage\":\"pt-PT\",\"@id\":\"https:\/\/biocabaz.pt\/web\/produto\/farinha-cereais-frutos-bio-220g-babybio\/#primaryimage\",\"url\":\"https:\/\/www.biocabaz.pt\/web\/wp-conteudos\/uploads\/2016\/06\/cereales-3fruits.jpg\",\"contentUrl\":\"https:\/\/www.biocabaz.pt\/web\/wp-conteudos\/uploads\/2016\/06\/cereales-3fruits.jpg\",\"width\":470,\"height\":470},{\"@type\":\"BreadcrumbList\",\"@id\":\"https:\/\/biocabaz.pt\/web\/produto\/farinha-cereais-frutos-bio-220g-babybio\/#breadcrumb\",\"itemListElement\":[{\"@type\":\"ListItem\",\"position\":1,\"name\":\"Home\",\"item\":\"https:\/\/biocabaz.pt\/web\/\"},{\"@type\":\"ListItem\",\"position\":2,\"name\":\"Loja\",\"item\":\"https:\/\/biocabaz.pt\/web\/shop\/\"},{\"@type\":\"ListItem\",\"position\":3,\"name\":\"FARINHA CEREAIS FRUTOS BIO 220G BABYBIO\"}]},{\"@type\":\"WebSite\",\"@id\":\"https:\/\/biocabaz.pt\/web\/#website\",\"url\":\"https:\/\/biocabaz.pt\/web\/\",\"name\":\"BIOCABAZ - CABAZES BIOL\u00d3GICOS\",\"description\":\"O melhor que a terra d\u00e1 \u00e9 para si\",\"potentialAction\":[{\"@type\":\"SearchAction\",\"target\":{\"@type\":\"EntryPoint\",\"urlTemplate\":\"https:\/\/biocabaz.pt\/web\/?s={search_term_string}\"},\"query-input\":{\"@type\":\"PropertyValueSpecification\",\"valueRequired\":true,\"valueName\":\"search_term_string\"}}],\"inLanguage\":\"pt-PT\"}]}<\/script>\n<!-- \/ Yoast SEO plugin. -->","yoast_head_json":{"title":"FARINHA CEREAIS FRUTOS BIO 220G BABYBIO","robots":{"index":"index","follow":"follow","max-snippet":"max-snippet:-1","max-image-preview":"max-image-preview:large","max-video-preview":"max-video-preview:-1"},"canonical":"https:\/\/biocabaz.pt\/web\/produto\/farinha-cereais-frutos-bio-220g-babybio\/","og_locale":"pt_PT","og_type":"article","og_title":"[:en]BABYBIO CHILDREN\u0092S ORGANIC 3 FRUITS CEREALS WITH QUINOA 220GR[:pt]FARINHA CEREAIS FRUTOS BIO 220G BABYBIO[:] - BIOCABAZ - CABAZES BIOL\u00d3GICOS","og_description":"A partir dos 6 meses  A Quinoa era chamada a \"m\u00e3e\" de todas as sementes, pelos Incas. A Babybio escolheu as suas melhores culturas e integrando-a na sua receita com a fruta doce que ir\u00e1 deliciar o paladar de seus filhos.","og_url":"https:\/\/biocabaz.pt\/web\/produto\/farinha-cereais-frutos-bio-220g-babybio\/","og_site_name":"BIOCABAZ - CABAZES BIOL\u00d3GICOS","article_modified_time":"2023-04-17T11:48:08+00:00","og_image":[{"width":470,"height":470,"url":"https:\/\/www.biocabaz.pt\/web\/wp-conteudos\/uploads\/2016\/06\/cereales-3fruits.jpg","type":"image\/jpeg"}],"twitter_card":"summary_large_image","twitter_misc":{"Est. reading time":"1 minuto"},"schema":{"@context":"https:\/\/schema.org","@graph":[{"@type":"WebPage","@id":"https:\/\/biocabaz.pt\/web\/produto\/farinha-cereais-frutos-bio-220g-babybio\/","url":"https:\/\/biocabaz.pt\/web\/produto\/farinha-cereais-frutos-bio-220g-babybio\/","name":"FARINHA CEREAIS FRUTOS BIO 220G BABYBIO","isPartOf":{"@id":"https:\/\/biocabaz.pt\/web\/#website"},"primaryImageOfPage":{"@id":"https:\/\/biocabaz.pt\/web\/produto\/farinha-cereais-frutos-bio-220g-babybio\/#primaryimage"},"image":{"@id":"https:\/\/biocabaz.pt\/web\/produto\/farinha-cereais-frutos-bio-220g-babybio\/#primaryimage"},"thumbnailUrl":"https:\/\/www.biocabaz.pt\/web\/wp-conteudos\/uploads\/2016\/06\/cereales-3fruits.jpg","datePublished":"2016-06-13T14:55:37+00:00","dateModified":"2023-04-17T11:48:08+00:00","breadcrumb":{"@id":"https:\/\/biocabaz.pt\/web\/produto\/farinha-cereais-frutos-bio-220g-babybio\/#breadcrumb"},"inLanguage":"pt-PT","potentialAction":[{"@type":"ReadAction","target":["https:\/\/biocabaz.pt\/web\/produto\/farinha-cereais-frutos-bio-220g-babybio\/"]}]},{"@type":"ImageObject","inLanguage":"pt-PT","@id":"https:\/\/biocabaz.pt\/web\/produto\/farinha-cereais-frutos-bio-220g-babybio\/#primaryimage","url":"https:\/\/www.biocabaz.pt\/web\/wp-conteudos\/uploads\/2016\/06\/cereales-3fruits.jpg","contentUrl":"https:\/\/www.biocabaz.pt\/web\/wp-conteudos\/uploads\/2016\/06\/cereales-3fruits.jpg","width":470,"height":470},{"@type":"BreadcrumbList","@id":"https:\/\/biocabaz.pt\/web\/produto\/farinha-cereais-frutos-bio-220g-babybio\/#breadcrumb","itemListElement":[{"@type":"ListItem","position":1,"name":"Home","item":"https:\/\/biocabaz.pt\/web\/"},{"@type":"ListItem","position":2,"name":"Loja","item":"https:\/\/biocabaz.pt\/web\/shop\/"},{"@type":"ListItem","position":3,"name":"FARINHA CEREAIS FRUTOS BIO 220G BABYBIO"}]},{"@type":"WebSite","@id":"https:\/\/biocabaz.pt\/web\/#website","url":"https:\/\/biocabaz.pt\/web\/","name":"BIOCABAZ - CABAZES BIOL\u00d3GICOS","description":"O melhor que a terra d\u00e1 \u00e9 para si","potentialAction":[{"@type":"SearchAction","target":{"@type":"EntryPoint","urlTemplate":"https:\/\/biocabaz.pt\/web\/?s={search_term_string}"},"query-input":{"@type":"PropertyValueSpecification","valueRequired":true,"valueName":"search_term_string"}}],"inLanguage":"pt-PT"}]}},"_links":{"self":[{"href":"https:\/\/biocabaz.pt\/web\/wp-json\/wp\/v2\/product\/1643","targetHints":{"allow":["GET"]}}],"collection":[{"href":"https:\/\/biocabaz.pt\/web\/wp-json\/wp\/v2\/product"}],"about":[{"href":"https:\/\/biocabaz.pt\/web\/wp-json\/wp\/v2\/types\/product"}],"replies":[{"embeddable":true,"href":"https:\/\/biocabaz.pt\/web\/wp-json\/wp\/v2\/comments?post=1643"}],"wp:featuredmedia":[{"embeddable":true,"href":"https:\/\/biocabaz.pt\/web\/wp-json\/wp\/v2\/media\/1737"}],"wp:attachment":[{"href":"https:\/\/biocabaz.pt\/web\/wp-json\/wp\/v2\/media?parent=1643"}],"wp:term":[{"taxonomy":"product_cat","embeddable":true,"href":"https:\/\/biocabaz.pt\/web\/wp-json\/wp\/v2\/product_cat?post=1643"},{"taxonomy":"product_tag","embeddable":true,"href":"https:\/\/biocabaz.pt\/web\/wp-json\/wp\/v2\/product_tag?post=1643"}],"curies":[{"name":"wp","href":"https:\/\/api.w.org\/{rel}","templated":true}]}}