{"id":1640,"date":"2016-06-13T14:55:36","date_gmt":"2016-06-13T14:55:36","guid":{"rendered":"http:\/\/www.biocabaz.com\/web\/produto\/leite-em-po-2-bio-800g-holle\/"},"modified":"2022-03-11T12:28:40","modified_gmt":"2022-03-11T12:28:40","slug":"leite-em-po-2-bio-800g-holle","status":"publish","type":"product","link":"https:\/\/biocabaz.pt\/web\/produto\/leite-em-po-2-bio-800g-holle\/","title":{"rendered":"LEITE EM P\u00d3 2 BIO 600G HOLLE"},"content":{"rendered":"<p><strong>Descri\u00e7\u00e3o <\/strong><br \/>\n\t\t\t\tIngredientes: Leite desnatado* (Alemanha), soro de leite em p\u00f3* (parcialmente desmineralizado), \u00f3leos vegetais*, leite magro em p\u00f3*, amido*, fosfato de c\u00e1lcio, citrato de s\u00f3dio, cloreto de c\u00e1lcio, carbonato de c\u00e1lcio, vitamina C (\u00e1cido L-asc\u00f3rbico), lactato de ferro, vitamina E, cloreto de s\u00f3dio, sulfato de zinco, niacina, D-pantotenato de c\u00e1lcio, sulfato de cobre, vitamina A (acetato de retinilo), vitamina B1 (mononitrato de tiamina), vitamina B6 (cloridrato de piridoxina), sulfato de mangan\u00e9sio, vitamina B2, iodato de pot\u00e1ssio, \u00e1cido f\u00f3lico, vitamina K (filoquinona), selenato de s\u00f3dio, vitamina D (colocalciferol). *de agricultura biol\u00f3gica certificada.<\/p>\n<p><strong>Dados Nutricionais<\/strong><br \/>\n\t\t\t\tDeclara\u00e7\u00e3o Nutricional por 100ml de f\u00f3rmula pronta: Energia;<br \/> 290kj \/69kcal;<br \/> L\u00edpidos: 3,3g &#8211; dos quais \u00e1cidos gordos saturados: 1,2g \u2013 dos quais \u00e1cidos gordos mono-insaturados: 1,3g \u2013 dos quais \u00e1cidos gordos polinsaturados: 0,8g;<br \/> Hidratos de carbono: 8,2g &#8211; dos quais a\u00e7\u00facares: 5,0g;<br \/> Lactose: 4,9g;<br \/> Glucose: 0,03g;<br \/> Maltose: 0,1g;<br \/> Amido: 1,1g;<br \/> Fibra: 0g;<br \/> Prote\u00ednas: 1,6g;<br \/> Sal: 0,075g;<br \/> Pot\u00e1ssio: 92mg;<br \/> Cloro: 55mg;<br \/> C\u00e1lcio: 75mg;<br \/> F\u00f3sforo: 53mg;<br \/> Magn\u00e9sio: 6,7mg;<br \/> Ferro: 0,9mg;<br \/> Zinco: 0,5mg;<br \/> Cobre: 39\u00b5g;<br \/> Iodo: 17\u00b5g;<br \/> Mangan\u00e9sio: 14\u00b5g;<br \/> Sel\u00e9nio: 2\u00b5g;<br \/> Fl\u00faor: 4,2\u00b5g;<br \/> Vitamina A: 62\u00b5g;<br \/> Vitamina D: 1,1\u00b5g;<br \/> Vitamina C: 12mg;<br \/> Vitamina E: 1,4mg;<br \/> Vitamina K: 7,1\u00b5g;<br \/> Vitamina B1: 0,08mg;<br \/> Vitamina B2: 0,2mg;<br \/> Vitamina B6: 0,1mg;<br \/> Niacina: 0,6mg;<br \/> \u00c1cido pantot\u00e9nico: 0,6mg;<br \/> Biotina: 2,0\u00b5g;<br \/> \u00c1cido f\u00f3lico: 23\u00b5g;<br \/> Vitamina B12: 0,2\u00b5g.<\/p>\n<p><strong>Modo Utiliza\u00e7\u00e3o<\/strong><br \/>Siga exactamente as instru\u00e7\u00f5es de prepara\u00e7\u00e3o e as dosagens indicadas. Uma prepara\u00e7\u00e3o incorrecta pode ter consequ\u00eancias para a sa\u00fade do beb\u00e9, Utilize exclusivamente a colher medidora que acompanha o produto. Prepare o Leite de Transi\u00e7\u00e3o em p\u00f3 BIO 2 na hora. N\u00e3o aproveite restos. Este leite de transi\u00e7\u00e3o deve ser bebido numa ch\u00e1vena. Se utilizar o biber\u00e3o, proteja os dentes do beb\u00e9 contra c\u00e1ries, n\u00e3o o deixando utilizar o biber\u00e3o como chupeta. N\u00e3o aquecer no microondas: perigo de sobreaquecimento.<br \/>\nAcondicionado em atmosfera protetora. Antes de utilizar, lavar a ch\u00e1vena ou o biber\u00e3o. Ferver a quantidade de \u00e1gua apropriada de acordo com a tabela, deixar arrefecer a 50\u00baC e verter na ch\u00e1vena, ou no biber\u00e3o. Adicionar as medidas necess\u00e1rias (de acordo com a tabela) sem pressionar, retirando o excesso com uma faca. Mexer bem na ch\u00e1vena ou agitar bem o biber\u00e3o. Deixar arrefecer a 37\u00baC. Prepara\u00e7\u00e3o** b\u00e1sica: 100ml de Leite de Transi\u00e7\u00e3o em p\u00f3 BIO 2 pronto para beber cont\u00eam 14g de p\u00f3 e 90ml de \u00e1gua fervida.<br \/>\nQuantidade de \u00e1gua Colheres de medida* Refei\u00e7\u00f5es por dia<br \/>\n150 5 1- 2<br \/>\n180 6<br \/>\n210 7<br \/>\n* 1 colher medidora rasa = 4.7g           Conservar em local seco e fresco. Uma vez aberto, consumir num per\u00edodo de 2 semanas.<\/p>\n","protected":false},"excerpt":{"rendered":"<div class=\"generated-content\">\n<p>A partir dos 6 meses<\/p>\n<p>Pode ser utilizado a seguir \u00e0 fase de amamenta\u00e7\u00e3o, ao Leite para lactentes 1 da Holle ou em vez de outro leite de transi\u00e7\u00e3o. Parte integrante de uma dieta mista de refei\u00e7\u00f5es de biber\u00e3o e papas\/sopas. Saturante, correspondente \u00e0 necessidade crescente de nutrientes do beb\u00e9.<\/p>\n<\/div>\n","protected":false},"featured_media":1739,"comment_status":"closed","ping_status":"closed","template":"","meta":[],"product_cat":[57,59],"product_tag":[],"class_list":["post-1640","product","type-product","status-publish","has-post-thumbnail","hentry","product_cat-bebes-e-criancas","product_cat-leites"],"bundle_layout":"","bundled_by":[],"bundled_items":[],"yoast_head":"<!-- This site is optimized with the Yoast SEO plugin v26.3 - https:\/\/yoast.com\/wordpress\/plugins\/seo\/ -->\n<title>LEITE EM P\u00d3 2 BIO 600G HOLLE<\/title>\n<meta name=\"robots\" content=\"index, follow, max-snippet:-1, max-image-preview:large, max-video-preview:-1\" \/>\n<link rel=\"canonical\" href=\"https:\/\/www.biocabaz.pt\/web\/produto\/leite-em-po-2-bio-800g-holle\/\" \/>\n<meta property=\"og:locale\" content=\"pt_PT\" \/>\n<meta property=\"og:locale:alternate\" content=\"en_US\" \/>\n<meta property=\"og:type\" content=\"article\" \/>\n<meta property=\"og:title\" content=\"LEITE EM P\u00d3 2 BIO 600G HOLLE\" \/>\n<meta property=\"og:description\" content=\"A partir dos 6 meses  Pode ser utilizado a seguir \u00e0 fase de amamenta\u00e7\u00e3o, ao Leite para lactentes 1 da Holle ou em vez de outro leite de transi\u00e7\u00e3o. Parte integrante de uma dieta mista de refei\u00e7\u00f5es de biber\u00e3o e papas\/sopas. Saturante, correspondente \u00e0 necessidade crescente de nutrientes do beb\u00e9.\" \/>\n<meta property=\"og:url\" content=\"https:\/\/biocabaz.pt\/web\/produto\/leite-em-po-2-bio-800g-holle\/\" \/>\n<meta property=\"og:site_name\" content=\"BIOCABAZ - CABAZES BIOL\u00d3GICOS\" \/>\n<meta property=\"article:modified_time\" content=\"2022-03-11T12:28:40+00:00\" \/>\n<meta property=\"og:image\" content=\"https:\/\/www.biocabaz.pt\/web\/wp-conteudos\/uploads\/2016\/06\/PS_MILCHEN_SP-PT-GR_FM2_frontal_XXL_SP-GR-PT_18_080914_3000x3000px_72dpi_RGB.png\" \/>\n\t<meta property=\"og:image:width\" content=\"600\" \/>\n\t<meta property=\"og:image:height\" content=\"600\" \/>\n\t<meta property=\"og:image:type\" content=\"image\/png\" \/>\n<meta name=\"twitter:card\" content=\"summary_large_image\" \/>\n<meta name=\"twitter:label1\" content=\"Est. reading time\" \/>\n\t<meta name=\"twitter:data1\" content=\"4 minutos\" \/>\n<script type=\"application\/ld+json\" class=\"yoast-schema-graph\">{\"@context\":\"https:\/\/schema.org\",\"@graph\":[{\"@type\":\"WebPage\",\"@id\":\"https:\/\/www.biocabaz.pt\/web\/produto\/leite-em-po-2-bio-800g-holle\/\",\"url\":\"https:\/\/www.biocabaz.pt\/web\/produto\/leite-em-po-2-bio-800g-holle\/\",\"name\":\"LEITE EM P\u00d3 2 BIO 600G HOLLE\",\"isPartOf\":{\"@id\":\"https:\/\/biocabaz.pt\/web\/#website\"},\"primaryImageOfPage\":{\"@id\":\"https:\/\/www.biocabaz.pt\/web\/produto\/leite-em-po-2-bio-800g-holle\/#primaryimage\"},\"image\":{\"@id\":\"https:\/\/www.biocabaz.pt\/web\/produto\/leite-em-po-2-bio-800g-holle\/#primaryimage\"},\"thumbnailUrl\":\"https:\/\/www.biocabaz.pt\/web\/wp-conteudos\/uploads\/2016\/06\/PS_MILCHEN_SP-PT-GR_FM2_frontal_XXL_SP-GR-PT_18_080914_3000x3000px_72dpi_RGB.png\",\"datePublished\":\"2016-06-13T14:55:36+00:00\",\"dateModified\":\"2022-03-11T12:28:40+00:00\",\"breadcrumb\":{\"@id\":\"https:\/\/www.biocabaz.pt\/web\/produto\/leite-em-po-2-bio-800g-holle\/#breadcrumb\"},\"inLanguage\":\"pt-PT\",\"potentialAction\":[{\"@type\":\"ReadAction\",\"target\":[\"https:\/\/www.biocabaz.pt\/web\/produto\/leite-em-po-2-bio-800g-holle\/\"]}]},{\"@type\":\"ImageObject\",\"inLanguage\":\"pt-PT\",\"@id\":\"https:\/\/www.biocabaz.pt\/web\/produto\/leite-em-po-2-bio-800g-holle\/#primaryimage\",\"url\":\"https:\/\/www.biocabaz.pt\/web\/wp-conteudos\/uploads\/2016\/06\/PS_MILCHEN_SP-PT-GR_FM2_frontal_XXL_SP-GR-PT_18_080914_3000x3000px_72dpi_RGB.png\",\"contentUrl\":\"https:\/\/www.biocabaz.pt\/web\/wp-conteudos\/uploads\/2016\/06\/PS_MILCHEN_SP-PT-GR_FM2_frontal_XXL_SP-GR-PT_18_080914_3000x3000px_72dpi_RGB.png\",\"width\":600,\"height\":600},{\"@type\":\"BreadcrumbList\",\"@id\":\"https:\/\/www.biocabaz.pt\/web\/produto\/leite-em-po-2-bio-800g-holle\/#breadcrumb\",\"itemListElement\":[{\"@type\":\"ListItem\",\"position\":1,\"name\":\"Home\",\"item\":\"https:\/\/biocabaz.pt\/web\/\"},{\"@type\":\"ListItem\",\"position\":2,\"name\":\"Loja\",\"item\":\"https:\/\/biocabaz.pt\/web\/shop\/\"},{\"@type\":\"ListItem\",\"position\":3,\"name\":\"LEITE EM P\u00d3 2 BIO 600G HOLLE\"}]},{\"@type\":\"WebSite\",\"@id\":\"https:\/\/biocabaz.pt\/web\/#website\",\"url\":\"https:\/\/biocabaz.pt\/web\/\",\"name\":\"BIOCABAZ - CABAZES BIOL\u00d3GICOS\",\"description\":\"O melhor que a terra d\u00e1 \u00e9 para si\",\"potentialAction\":[{\"@type\":\"SearchAction\",\"target\":{\"@type\":\"EntryPoint\",\"urlTemplate\":\"https:\/\/biocabaz.pt\/web\/?s={search_term_string}\"},\"query-input\":{\"@type\":\"PropertyValueSpecification\",\"valueRequired\":true,\"valueName\":\"search_term_string\"}}],\"inLanguage\":\"pt-PT\"}]}<\/script>\n<!-- \/ Yoast SEO plugin. -->","yoast_head_json":{"title":"LEITE EM P\u00d3 2 BIO 600G HOLLE","robots":{"index":"index","follow":"follow","max-snippet":"max-snippet:-1","max-image-preview":"max-image-preview:large","max-video-preview":"max-video-preview:-1"},"canonical":"https:\/\/www.biocabaz.pt\/web\/produto\/leite-em-po-2-bio-800g-holle\/","og_locale":"pt_PT","og_type":"article","og_title":"[:en]HOLLE ORGANIC INFANT FOLLOW-ON FORMULA 2 600GR[:pt]LEITE EM P\u00d3 2 BIO 600G HOLLE[:] - BIOCABAZ - CABAZES BIOL\u00d3GICOS","og_description":"A partir dos 6 meses  Pode ser utilizado a seguir \u00e0 fase de amamenta\u00e7\u00e3o, ao Leite para lactentes 1 da Holle ou em vez de outro leite de transi\u00e7\u00e3o. Parte integrante de uma dieta mista de refei\u00e7\u00f5es de biber\u00e3o e papas\/sopas. Saturante, correspondente \u00e0 necessidade crescente de nutrientes do beb\u00e9.","og_url":"https:\/\/biocabaz.pt\/web\/produto\/leite-em-po-2-bio-800g-holle\/","og_site_name":"BIOCABAZ - CABAZES BIOL\u00d3GICOS","article_modified_time":"2022-03-11T12:28:40+00:00","og_image":[{"width":600,"height":600,"url":"https:\/\/www.biocabaz.pt\/web\/wp-conteudos\/uploads\/2016\/06\/PS_MILCHEN_SP-PT-GR_FM2_frontal_XXL_SP-GR-PT_18_080914_3000x3000px_72dpi_RGB.png","type":"image\/png"}],"twitter_card":"summary_large_image","twitter_misc":{"Est. reading time":"4 minutos"},"schema":{"@context":"https:\/\/schema.org","@graph":[{"@type":"WebPage","@id":"https:\/\/www.biocabaz.pt\/web\/produto\/leite-em-po-2-bio-800g-holle\/","url":"https:\/\/www.biocabaz.pt\/web\/produto\/leite-em-po-2-bio-800g-holle\/","name":"LEITE EM P\u00d3 2 BIO 600G HOLLE","isPartOf":{"@id":"https:\/\/biocabaz.pt\/web\/#website"},"primaryImageOfPage":{"@id":"https:\/\/www.biocabaz.pt\/web\/produto\/leite-em-po-2-bio-800g-holle\/#primaryimage"},"image":{"@id":"https:\/\/www.biocabaz.pt\/web\/produto\/leite-em-po-2-bio-800g-holle\/#primaryimage"},"thumbnailUrl":"https:\/\/www.biocabaz.pt\/web\/wp-conteudos\/uploads\/2016\/06\/PS_MILCHEN_SP-PT-GR_FM2_frontal_XXL_SP-GR-PT_18_080914_3000x3000px_72dpi_RGB.png","datePublished":"2016-06-13T14:55:36+00:00","dateModified":"2022-03-11T12:28:40+00:00","breadcrumb":{"@id":"https:\/\/www.biocabaz.pt\/web\/produto\/leite-em-po-2-bio-800g-holle\/#breadcrumb"},"inLanguage":"pt-PT","potentialAction":[{"@type":"ReadAction","target":["https:\/\/www.biocabaz.pt\/web\/produto\/leite-em-po-2-bio-800g-holle\/"]}]},{"@type":"ImageObject","inLanguage":"pt-PT","@id":"https:\/\/www.biocabaz.pt\/web\/produto\/leite-em-po-2-bio-800g-holle\/#primaryimage","url":"https:\/\/www.biocabaz.pt\/web\/wp-conteudos\/uploads\/2016\/06\/PS_MILCHEN_SP-PT-GR_FM2_frontal_XXL_SP-GR-PT_18_080914_3000x3000px_72dpi_RGB.png","contentUrl":"https:\/\/www.biocabaz.pt\/web\/wp-conteudos\/uploads\/2016\/06\/PS_MILCHEN_SP-PT-GR_FM2_frontal_XXL_SP-GR-PT_18_080914_3000x3000px_72dpi_RGB.png","width":600,"height":600},{"@type":"BreadcrumbList","@id":"https:\/\/www.biocabaz.pt\/web\/produto\/leite-em-po-2-bio-800g-holle\/#breadcrumb","itemListElement":[{"@type":"ListItem","position":1,"name":"Home","item":"https:\/\/biocabaz.pt\/web\/"},{"@type":"ListItem","position":2,"name":"Loja","item":"https:\/\/biocabaz.pt\/web\/shop\/"},{"@type":"ListItem","position":3,"name":"LEITE EM P\u00d3 2 BIO 600G HOLLE"}]},{"@type":"WebSite","@id":"https:\/\/biocabaz.pt\/web\/#website","url":"https:\/\/biocabaz.pt\/web\/","name":"BIOCABAZ - CABAZES BIOL\u00d3GICOS","description":"O melhor que a terra d\u00e1 \u00e9 para si","potentialAction":[{"@type":"SearchAction","target":{"@type":"EntryPoint","urlTemplate":"https:\/\/biocabaz.pt\/web\/?s={search_term_string}"},"query-input":{"@type":"PropertyValueSpecification","valueRequired":true,"valueName":"search_term_string"}}],"inLanguage":"pt-PT"}]}},"_links":{"self":[{"href":"https:\/\/biocabaz.pt\/web\/wp-json\/wp\/v2\/product\/1640","targetHints":{"allow":["GET"]}}],"collection":[{"href":"https:\/\/biocabaz.pt\/web\/wp-json\/wp\/v2\/product"}],"about":[{"href":"https:\/\/biocabaz.pt\/web\/wp-json\/wp\/v2\/types\/product"}],"replies":[{"embeddable":true,"href":"https:\/\/biocabaz.pt\/web\/wp-json\/wp\/v2\/comments?post=1640"}],"wp:featuredmedia":[{"embeddable":true,"href":"https:\/\/biocabaz.pt\/web\/wp-json\/wp\/v2\/media\/1739"}],"wp:attachment":[{"href":"https:\/\/biocabaz.pt\/web\/wp-json\/wp\/v2\/media?parent=1640"}],"wp:term":[{"taxonomy":"product_cat","embeddable":true,"href":"https:\/\/biocabaz.pt\/web\/wp-json\/wp\/v2\/product_cat?post=1640"},{"taxonomy":"product_tag","embeddable":true,"href":"https:\/\/biocabaz.pt\/web\/wp-json\/wp\/v2\/product_tag?post=1640"}],"curies":[{"name":"wp","href":"https:\/\/api.w.org\/{rel}","templated":true}]}}