{"id":1320,"date":"2016-04-23T19:04:50","date_gmt":"2016-04-23T19:04:50","guid":{"rendered":"http:\/\/www.biocabaz.com\/web\/produto\/azeite-romeu-050lt\/"},"modified":"2025-06-09T10:00:16","modified_gmt":"2025-06-09T10:00:16","slug":"azeite-casa-dos-montes-bio-750ml","status":"publish","type":"product","link":"https:\/\/biocabaz.pt\/web\/produto\/azeite-casa-dos-montes-bio-750ml\/","title":{"rendered":"AZEITE CASA DOS MONTES  BIO 750ml"},"content":{"rendered":"<p><strong>Descri\u00e7\u00e3o <\/strong><br \/>\nIngredientes: Azeite Extra Virgem, de Agricultura Biol\u00f3gica (certificada pela SATIVA PT\/AB 03), o que quer dizer que n\u00e3o se usa nenhum produto qu\u00edmico na sua cultura ou no processamento industrial (UE, Regulamento nr. 2092\/91)<\/p>\n<p><strong>Dados Nutricionais<\/strong><br \/>\nDeclara\u00e7\u00e3o Nutricional por 100g:<br \/>\nEnergia: 890 kcal (3724kj);<br \/>\nL\u00edpidos \u2013 Saturados: 15g;<br \/>\nMonoinsaturados: 74g;<br \/>\nPolinsaturados: 10g;<br \/>\nColesterol: 0,2 mg;<br \/>\nHidratos de Carbono: 0,0g;<br \/>\nProte\u00ednas: 0,0g;<br \/>\nS\u00f3dio: 0,0g;<br \/>\nFibra: 0,0g;<br \/>\nVitamina E: 15,0mg.<\/p>\n<p><strong>Modo Utiliza\u00e7\u00e3o<\/strong><br \/>\nDe cor verde\/amarelo com aroma intenso a erva, flores e azeitona. No palato \u00e9 redondo, denso e fluido. Com um leve doce amendoado no in\u00edcio, seguido de azeitona fresca e verduras variadas, e um final extremamente longo e complexo com uma nota picante mas n\u00e3o amarga. Trata-se de um azeite subtil com uma personalidade delicada, n\u00e3o demasiado potente mas de uma grande eleg\u00e2ncia e harmonia.<\/p>\n","protected":false},"excerpt":{"rendered":"<p>Descri\u00e7\u00e3o Ingredientes: Azeite Extra Virgem, de Agricultura Biol\u00f3gica (certificada pela SATIVA PT\/AB 03), o que quer dizer que n\u00e3o se usa nenhum produto qu\u00edmico na sua cultura ou no processamento industrial (UE, Regulamento nr. 2092\/91) Dados Nutricionais Declara\u00e7\u00e3o Nutricional por 100g: Energia: 890 kcal (3724kj); L\u00edpidos \u2013 Saturados: 15g; Monoinsaturados: 74g; Polinsaturados: 10g; Colesterol: 0,2 [&hellip;]<\/p>\n","protected":false},"featured_media":122831,"comment_status":"closed","ping_status":"closed","template":"","meta":[],"product_cat":[23],"product_tag":[],"class_list":["post-1320","product","type-product","status-publish","has-post-thumbnail","hentry","product_cat-azeite-oleo-vinagre"],"bundle_layout":"","bundled_by":[],"bundled_items":[],"yoast_head":"<!-- This site is optimized with the Yoast SEO plugin v26.3 - https:\/\/yoast.com\/wordpress\/plugins\/seo\/ -->\n<title>AZEITE CASA DOS MONTES BIO 750ml<\/title>\n<meta name=\"description\" content=\"AZEITE CASA DOS MONTES BIO 750ml\" \/>\n<meta name=\"robots\" content=\"index, follow, max-snippet:-1, max-image-preview:large, max-video-preview:-1\" \/>\n<link rel=\"canonical\" href=\"https:\/\/www.biocabaz.pt\/web\/produto\/azeite-casa-dos-montes-bio-750ml\/\" \/>\n<meta property=\"og:locale\" content=\"pt_PT\" \/>\n<meta property=\"og:locale:alternate\" content=\"en_US\" \/>\n<meta property=\"og:type\" content=\"article\" \/>\n<meta property=\"og:title\" content=\"AZEITE CASA DOS MONTES BIO 750ml\" \/>\n<meta property=\"og:description\" content=\"AZEITE CASA DOS MONTES BIO 750ml\" \/>\n<meta property=\"og:url\" content=\"https:\/\/biocabaz.pt\/web\/produto\/azeite-casa-dos-montes-bio-750ml\/\" \/>\n<meta property=\"og:site_name\" content=\"BIOCABAZ - CABAZES BIOL\u00d3GICOS\" \/>\n<meta property=\"article:modified_time\" content=\"2025-06-09T10:00:16+00:00\" \/>\n<meta property=\"og:image\" content=\"https:\/\/www.biocabaz.pt\/web\/wp-conteudos\/uploads\/2016\/04\/azeite-casa-dos-montes.jpg\" \/>\n\t<meta property=\"og:image:width\" content=\"1000\" \/>\n\t<meta property=\"og:image:height\" content=\"1000\" \/>\n\t<meta property=\"og:image:type\" content=\"image\/jpeg\" \/>\n<meta name=\"twitter:card\" content=\"summary_large_image\" \/>\n<meta name=\"twitter:label1\" content=\"Est. reading time\" \/>\n\t<meta name=\"twitter:data1\" content=\"1 minuto\" \/>\n<script type=\"application\/ld+json\" class=\"yoast-schema-graph\">{\"@context\":\"https:\/\/schema.org\",\"@graph\":[{\"@type\":\"WebPage\",\"@id\":\"https:\/\/www.biocabaz.pt\/web\/produto\/azeite-casa-dos-montes-bio-750ml\/\",\"url\":\"https:\/\/www.biocabaz.pt\/web\/produto\/azeite-casa-dos-montes-bio-750ml\/\",\"name\":\"AZEITE CASA DOS MONTES BIO 750ml\",\"isPartOf\":{\"@id\":\"https:\/\/www.biocabaz.pt\/web\/#website\"},\"primaryImageOfPage\":{\"@id\":\"https:\/\/www.biocabaz.pt\/web\/produto\/azeite-casa-dos-montes-bio-750ml\/#primaryimage\"},\"image\":{\"@id\":\"https:\/\/www.biocabaz.pt\/web\/produto\/azeite-casa-dos-montes-bio-750ml\/#primaryimage\"},\"thumbnailUrl\":\"https:\/\/www.biocabaz.pt\/web\/wp-conteudos\/uploads\/2016\/04\/azeite-casa-dos-montes.jpg\",\"datePublished\":\"2016-04-23T19:04:50+00:00\",\"dateModified\":\"2025-06-09T10:00:16+00:00\",\"description\":\"AZEITE CASA DOS MONTES BIO 750ml\",\"breadcrumb\":{\"@id\":\"https:\/\/www.biocabaz.pt\/web\/produto\/azeite-casa-dos-montes-bio-750ml\/#breadcrumb\"},\"inLanguage\":\"pt-PT\",\"potentialAction\":[{\"@type\":\"ReadAction\",\"target\":[\"https:\/\/www.biocabaz.pt\/web\/produto\/azeite-casa-dos-montes-bio-750ml\/\"]}]},{\"@type\":\"ImageObject\",\"inLanguage\":\"pt-PT\",\"@id\":\"https:\/\/www.biocabaz.pt\/web\/produto\/azeite-casa-dos-montes-bio-750ml\/#primaryimage\",\"url\":\"https:\/\/www.biocabaz.pt\/web\/wp-conteudos\/uploads\/2016\/04\/azeite-casa-dos-montes.jpg\",\"contentUrl\":\"https:\/\/www.biocabaz.pt\/web\/wp-conteudos\/uploads\/2016\/04\/azeite-casa-dos-montes.jpg\",\"width\":1000,\"height\":1000,\"caption\":\"azeite-casa-dos-montes\"},{\"@type\":\"BreadcrumbList\",\"@id\":\"https:\/\/www.biocabaz.pt\/web\/produto\/azeite-casa-dos-montes-bio-750ml\/#breadcrumb\",\"itemListElement\":[{\"@type\":\"ListItem\",\"position\":1,\"name\":\"Home\",\"item\":\"https:\/\/www.biocabaz.pt\/web\/\"},{\"@type\":\"ListItem\",\"position\":2,\"name\":\"Shop\",\"item\":\"https:\/\/www.biocabaz.pt\/web\/en\/shop\/\"},{\"@type\":\"ListItem\",\"position\":3,\"name\":\"AZEITE CASA DOS MONTES BIO 750ml\"}]},{\"@type\":\"WebSite\",\"@id\":\"https:\/\/www.biocabaz.pt\/web\/#website\",\"url\":\"https:\/\/www.biocabaz.pt\/web\/\",\"name\":\"BIOCABAZ - CABAZES BIOL\u00d3GICOS\",\"description\":\"O melhor que a terra d\u00e1 \u00e9 para si\",\"potentialAction\":[{\"@type\":\"SearchAction\",\"target\":{\"@type\":\"EntryPoint\",\"urlTemplate\":\"https:\/\/www.biocabaz.pt\/web\/?s={search_term_string}\"},\"query-input\":{\"@type\":\"PropertyValueSpecification\",\"valueRequired\":true,\"valueName\":\"search_term_string\"}}],\"inLanguage\":\"pt-PT\"}]}<\/script>\n<!-- \/ Yoast SEO plugin. -->","yoast_head_json":{"title":"AZEITE CASA DOS MONTES BIO 750ml","description":"AZEITE CASA DOS MONTES BIO 750ml","robots":{"index":"index","follow":"follow","max-snippet":"max-snippet:-1","max-image-preview":"max-image-preview:large","max-video-preview":"max-video-preview:-1"},"canonical":"https:\/\/www.biocabaz.pt\/web\/produto\/azeite-casa-dos-montes-bio-750ml\/","og_locale":"pt_PT","og_type":"article","og_title":"[:en]CASA DOS MONTES BIO 750ml OLIVE OIL[:pt]AZEITE CASA DOS MONTES BIO 750ml[:] - BIOCABAZ - CABAZES BIOL\u00d3GICOS","og_description":"AZEITE CASA DOS MONTES BIO 750ml","og_url":"https:\/\/biocabaz.pt\/web\/produto\/azeite-casa-dos-montes-bio-750ml\/","og_site_name":"BIOCABAZ - CABAZES BIOL\u00d3GICOS","article_modified_time":"2025-06-09T10:00:16+00:00","og_image":[{"width":1000,"height":1000,"url":"https:\/\/www.biocabaz.pt\/web\/wp-conteudos\/uploads\/2016\/04\/azeite-casa-dos-montes.jpg","type":"image\/jpeg"}],"twitter_card":"summary_large_image","twitter_misc":{"Est. reading time":"1 minuto"},"schema":{"@context":"https:\/\/schema.org","@graph":[{"@type":"WebPage","@id":"https:\/\/www.biocabaz.pt\/web\/produto\/azeite-casa-dos-montes-bio-750ml\/","url":"https:\/\/www.biocabaz.pt\/web\/produto\/azeite-casa-dos-montes-bio-750ml\/","name":"AZEITE CASA DOS MONTES BIO 750ml","isPartOf":{"@id":"https:\/\/www.biocabaz.pt\/web\/#website"},"primaryImageOfPage":{"@id":"https:\/\/www.biocabaz.pt\/web\/produto\/azeite-casa-dos-montes-bio-750ml\/#primaryimage"},"image":{"@id":"https:\/\/www.biocabaz.pt\/web\/produto\/azeite-casa-dos-montes-bio-750ml\/#primaryimage"},"thumbnailUrl":"https:\/\/www.biocabaz.pt\/web\/wp-conteudos\/uploads\/2016\/04\/azeite-casa-dos-montes.jpg","datePublished":"2016-04-23T19:04:50+00:00","dateModified":"2025-06-09T10:00:16+00:00","description":"AZEITE CASA DOS MONTES BIO 750ml","breadcrumb":{"@id":"https:\/\/www.biocabaz.pt\/web\/produto\/azeite-casa-dos-montes-bio-750ml\/#breadcrumb"},"inLanguage":"pt-PT","potentialAction":[{"@type":"ReadAction","target":["https:\/\/www.biocabaz.pt\/web\/produto\/azeite-casa-dos-montes-bio-750ml\/"]}]},{"@type":"ImageObject","inLanguage":"pt-PT","@id":"https:\/\/www.biocabaz.pt\/web\/produto\/azeite-casa-dos-montes-bio-750ml\/#primaryimage","url":"https:\/\/www.biocabaz.pt\/web\/wp-conteudos\/uploads\/2016\/04\/azeite-casa-dos-montes.jpg","contentUrl":"https:\/\/www.biocabaz.pt\/web\/wp-conteudos\/uploads\/2016\/04\/azeite-casa-dos-montes.jpg","width":1000,"height":1000,"caption":"azeite-casa-dos-montes"},{"@type":"BreadcrumbList","@id":"https:\/\/www.biocabaz.pt\/web\/produto\/azeite-casa-dos-montes-bio-750ml\/#breadcrumb","itemListElement":[{"@type":"ListItem","position":1,"name":"Home","item":"https:\/\/www.biocabaz.pt\/web\/"},{"@type":"ListItem","position":2,"name":"Shop","item":"https:\/\/www.biocabaz.pt\/web\/en\/shop\/"},{"@type":"ListItem","position":3,"name":"AZEITE CASA DOS MONTES BIO 750ml"}]},{"@type":"WebSite","@id":"https:\/\/www.biocabaz.pt\/web\/#website","url":"https:\/\/www.biocabaz.pt\/web\/","name":"BIOCABAZ - CABAZES BIOL\u00d3GICOS","description":"O melhor que a terra d\u00e1 \u00e9 para si","potentialAction":[{"@type":"SearchAction","target":{"@type":"EntryPoint","urlTemplate":"https:\/\/www.biocabaz.pt\/web\/?s={search_term_string}"},"query-input":{"@type":"PropertyValueSpecification","valueRequired":true,"valueName":"search_term_string"}}],"inLanguage":"pt-PT"}]}},"_links":{"self":[{"href":"https:\/\/biocabaz.pt\/web\/wp-json\/wp\/v2\/product\/1320","targetHints":{"allow":["GET"]}}],"collection":[{"href":"https:\/\/biocabaz.pt\/web\/wp-json\/wp\/v2\/product"}],"about":[{"href":"https:\/\/biocabaz.pt\/web\/wp-json\/wp\/v2\/types\/product"}],"replies":[{"embeddable":true,"href":"https:\/\/biocabaz.pt\/web\/wp-json\/wp\/v2\/comments?post=1320"}],"wp:featuredmedia":[{"embeddable":true,"href":"https:\/\/biocabaz.pt\/web\/wp-json\/wp\/v2\/media\/122831"}],"wp:attachment":[{"href":"https:\/\/biocabaz.pt\/web\/wp-json\/wp\/v2\/media?parent=1320"}],"wp:term":[{"taxonomy":"product_cat","embeddable":true,"href":"https:\/\/biocabaz.pt\/web\/wp-json\/wp\/v2\/product_cat?post=1320"},{"taxonomy":"product_tag","embeddable":true,"href":"https:\/\/biocabaz.pt\/web\/wp-json\/wp\/v2\/product_tag?post=1320"}],"curies":[{"name":"wp","href":"https:\/\/api.w.org\/{rel}","templated":true}]}}