{"id":122871,"date":"2025-06-11T14:33:57","date_gmt":"2025-06-11T14:33:57","guid":{"rendered":"https:\/\/www.biocabaz.pt\/web\/?post_type=product&#038;p=122871"},"modified":"2025-06-11T14:33:58","modified_gmt":"2025-06-11T14:33:58","slug":"chocolate-leite-vivani-culinaria-200g","status":"publish","type":"product","link":"https:\/\/biocabaz.pt\/web\/produto\/chocolate-leite-vivani-culinaria-200g\/","title":{"rendered":"chocolate leite vivani culin\u00e1ria 200g"},"content":{"rendered":"<div class=\"row\">\n<div class=\"col-md-4\">\n<h4>Ingrediente<\/h4>\n<div class=\"zutaten\">\n<p>a\u00e7\u00facar de cana bruto*, manteiga de cacau*,\u00a0<strong>leite em<\/strong>\u00a0p\u00f3 integral* 18%, massa de cacau*, emulsificante: lecitinas* (girassol*), extrato de baunilha bourbon*<\/p>\n<p>S\u00f3lidos de cacau: 35% m\u00ednimo.<br \/>\nPode conter componentes de\u00a0<strong>nozes<\/strong>\u00a0e\u00a0<strong>gl\u00faten<\/strong>\u00a0.<br \/>\n* de agricultura org\u00e2nica<\/p>\n<div class=\"col-md-4\">\n<div class=\"accordionWrap\">\n<div class=\"accordionHeadline border-top\">\n<p class=\"leftblackBlock\">\n<\/div>\n<\/div>\n<\/div>\n<div class=\"col-md-4\">\n<div class=\"accordionWrap\">\n<div class=\"accordionHeadline border-top on\">\n<p class=\"leftblackBlock\"><span>Informa\u00e7\u00e3o nutricional<\/span><i class=\"icon icon-chevron-down right\"><\/i><\/p>\n<\/div>\n<div class=\"accordionContent border-bottom\">\n<div class=\"row\">\n<div class=\"col-md-4\">\n<h4><span>Informa\u00e7\u00e3o Nutricional\u00a0 100g<\/span><\/h4>\n<\/div>\n<div class=\"col-md-4 align-right\"><\/div>\n<\/div>\n<div class=\"naehrwerte\">\n<div class=\"row border-top\">\n<div class=\"col-md-4\">\n<p><span>Energia\u00a0 <\/span>2403 kJ \/ 574 kcal<\/p>\n<\/div>\n<\/div>\n<div class=\"row border-top\">\n<div class=\"col-md-4\">\n<p><span>Gordo <\/span>38 g<\/p>\n<\/div>\n<\/div>\n<div class=\"row border-top\">\n<div class=\"col-md-4\">\n<p><span>\u00c1cidos graxos saturados <\/span>23 g<\/p>\n<\/div>\n<\/div>\n<div class=\"row border-top\">\n<div class=\"col-md-4\">\n<p><span>Carboidratos <\/span>53,5 g<\/p>\n<\/div>\n<\/div>\n<div class=\"row border-top\">\n<div class=\"col-md-4\">\n<p><span>Dos quais a\u00e7\u00facares <\/span>53 g<\/p>\n<\/div>\n<\/div>\n<div class=\"row border-top\">\n<div class=\"col-md-4\">\n<p><span>Prote\u00edna <\/span>5,7 g<\/p>\n<\/div>\n<\/div>\n<div class=\"row border-top\">\n<div class=\"col-md-4\">\n<p><span>Sal <\/span>0,18 g<\/p>\n<\/div>\n<\/div>\n<\/div>\n<\/div>\n<\/div>\n<\/div>\n<\/div>\n<\/div>\n<\/div>\n","protected":false},"excerpt":{"rendered":"<p>Ingrediente a\u00e7\u00facar de cana bruto*, manteiga de cacau*,\u00a0leite em\u00a0p\u00f3 integral* 18%, massa de cacau*, emulsificante: lecitinas* (girassol*), extrato de baunilha bourbon* S\u00f3lidos de cacau: 35% m\u00ednimo. Pode conter componentes de\u00a0nozes\u00a0e\u00a0gl\u00faten\u00a0. * de agricultura org\u00e2nica Informa\u00e7\u00e3o nutricional Informa\u00e7\u00e3o Nutricional\u00a0 100g Energia\u00a0 2403 kJ \/ 574 kcal Gordo 38 g \u00c1cidos graxos saturados 23 g Carboidratos 53,5 [&hellip;]<\/p>\n","protected":false},"featured_media":122872,"comment_status":"closed","ping_status":"closed","template":"","meta":[],"product_cat":[31],"product_tag":[],"class_list":["post-122871","product","type-product","status-publish","has-post-thumbnail","hentry","product_cat-chocolates"],"bundle_layout":"","bundled_by":[],"bundled_items":[],"yoast_head":"<!-- This site is optimized with the Yoast SEO plugin v26.3 - https:\/\/yoast.com\/wordpress\/plugins\/seo\/ -->\n<title>chocolate leite vivani culin\u00e1ria 200g<\/title>\n<meta name=\"description\" content=\"chocolate leite vivani culin\u00e1ria 200g\" \/>\n<meta name=\"robots\" content=\"index, follow, max-snippet:-1, max-image-preview:large, max-video-preview:-1\" \/>\n<link rel=\"canonical\" href=\"https:\/\/biocabaz.pt\/web\/produto\/chocolate-leite-vivani-culinaria-200g\/\" \/>\n<meta property=\"og:locale\" content=\"pt_PT\" \/>\n<meta property=\"og:locale:alternate\" content=\"en_US\" \/>\n<meta property=\"og:type\" content=\"article\" \/>\n<meta property=\"og:title\" content=\"chocolate leite vivani culin\u00e1ria 200g\" \/>\n<meta property=\"og:description\" content=\"chocolate leite vivani culin\u00e1ria 200g\" \/>\n<meta property=\"og:url\" content=\"https:\/\/biocabaz.pt\/web\/produto\/chocolate-leite-vivani-culinaria-200g\/\" \/>\n<meta property=\"og:site_name\" content=\"BIOCABAZ - CABAZES BIOL\u00d3GICOS\" \/>\n<meta property=\"article:modified_time\" content=\"2025-06-11T14:33:58+00:00\" \/>\n<meta property=\"og:image\" content=\"https:\/\/www.biocabaz.pt\/web\/wp-conteudos\/uploads\/2025\/06\/chocolate-leite-vivani-culinaria-200g.png\" \/>\n\t<meta property=\"og:image:width\" content=\"1424\" \/>\n\t<meta property=\"og:image:height\" content=\"1537\" \/>\n\t<meta property=\"og:image:type\" content=\"image\/png\" \/>\n<meta name=\"twitter:card\" content=\"summary_large_image\" \/>\n<meta name=\"twitter:label1\" content=\"Est. reading time\" \/>\n\t<meta name=\"twitter:data1\" content=\"1 minuto\" \/>\n<script type=\"application\/ld+json\" class=\"yoast-schema-graph\">{\"@context\":\"https:\/\/schema.org\",\"@graph\":[{\"@type\":\"WebPage\",\"@id\":\"https:\/\/biocabaz.pt\/web\/en\/produto\/chocolate-leite-vivani-culinaria-200g\/\",\"url\":\"https:\/\/biocabaz.pt\/web\/en\/produto\/chocolate-leite-vivani-culinaria-200g\/\",\"name\":\"chocolate leite vivani culin\u00e1ria 200g\",\"isPartOf\":{\"@id\":\"https:\/\/biocabaz.pt\/web\/en\/#website\"},\"primaryImageOfPage\":{\"@id\":\"https:\/\/biocabaz.pt\/web\/en\/produto\/chocolate-leite-vivani-culinaria-200g\/#primaryimage\"},\"image\":{\"@id\":\"https:\/\/biocabaz.pt\/web\/en\/produto\/chocolate-leite-vivani-culinaria-200g\/#primaryimage\"},\"thumbnailUrl\":\"https:\/\/www.biocabaz.pt\/web\/wp-conteudos\/uploads\/2025\/06\/chocolate-leite-vivani-culinaria-200g.png\",\"datePublished\":\"2025-06-11T14:33:57+00:00\",\"dateModified\":\"2025-06-11T14:33:58+00:00\",\"description\":\"chocolate leite vivani culin\u00e1ria 200g\",\"breadcrumb\":{\"@id\":\"https:\/\/biocabaz.pt\/web\/en\/produto\/chocolate-leite-vivani-culinaria-200g\/#breadcrumb\"},\"inLanguage\":\"pt-PT\",\"potentialAction\":[{\"@type\":\"ReadAction\",\"target\":[\"https:\/\/biocabaz.pt\/web\/en\/produto\/chocolate-leite-vivani-culinaria-200g\/\"]}]},{\"@type\":\"ImageObject\",\"inLanguage\":\"pt-PT\",\"@id\":\"https:\/\/biocabaz.pt\/web\/en\/produto\/chocolate-leite-vivani-culinaria-200g\/#primaryimage\",\"url\":\"https:\/\/www.biocabaz.pt\/web\/wp-conteudos\/uploads\/2025\/06\/chocolate-leite-vivani-culinaria-200g.png\",\"contentUrl\":\"https:\/\/www.biocabaz.pt\/web\/wp-conteudos\/uploads\/2025\/06\/chocolate-leite-vivani-culinaria-200g.png\",\"width\":1424,\"height\":1537,\"caption\":\"chocolate leite vivani culin\u00e1ria 200g\"},{\"@type\":\"BreadcrumbList\",\"@id\":\"https:\/\/biocabaz.pt\/web\/en\/produto\/chocolate-leite-vivani-culinaria-200g\/#breadcrumb\",\"itemListElement\":[{\"@type\":\"ListItem\",\"position\":1,\"name\":\"Home\",\"item\":\"https:\/\/biocabaz.pt\/web\/en\/\"},{\"@type\":\"ListItem\",\"position\":2,\"name\":\"Shop\",\"item\":\"https:\/\/biocabaz.pt\/web\/en\/shop\/\"},{\"@type\":\"ListItem\",\"position\":3,\"name\":\"chocolate leite vivani culin\u00e1ria 200g\"}]},{\"@type\":\"WebSite\",\"@id\":\"https:\/\/biocabaz.pt\/web\/en\/#website\",\"url\":\"https:\/\/biocabaz.pt\/web\/en\/\",\"name\":\"BIOCABAZ - CABAZES BIOL\u00d3GICOS\",\"description\":\"O melhor que a terra d\u00e1 \u00e9 para si\",\"potentialAction\":[{\"@type\":\"SearchAction\",\"target\":{\"@type\":\"EntryPoint\",\"urlTemplate\":\"https:\/\/biocabaz.pt\/web\/en\/?s={search_term_string}\"},\"query-input\":{\"@type\":\"PropertyValueSpecification\",\"valueRequired\":true,\"valueName\":\"search_term_string\"}}],\"inLanguage\":\"pt-PT\"}]}<\/script>\n<!-- \/ Yoast SEO plugin. -->","yoast_head_json":{"title":"chocolate leite vivani culin\u00e1ria 200g","description":"chocolate leite vivani culin\u00e1ria 200g","robots":{"index":"index","follow":"follow","max-snippet":"max-snippet:-1","max-image-preview":"max-image-preview:large","max-video-preview":"max-video-preview:-1"},"canonical":"https:\/\/biocabaz.pt\/web\/produto\/chocolate-leite-vivani-culinaria-200g\/","og_locale":"pt_PT","og_type":"article","og_title":"[:pt]chocolate leite vivani culin\u00e1ria 200g[:] - BIOCABAZ - CABAZES BIOL\u00d3GICOS","og_description":"chocolate leite vivani culin\u00e1ria 200g","og_url":"https:\/\/biocabaz.pt\/web\/produto\/chocolate-leite-vivani-culinaria-200g\/","og_site_name":"BIOCABAZ - CABAZES BIOL\u00d3GICOS","article_modified_time":"2025-06-11T14:33:58+00:00","og_image":[{"width":1424,"height":1537,"url":"https:\/\/www.biocabaz.pt\/web\/wp-conteudos\/uploads\/2025\/06\/chocolate-leite-vivani-culinaria-200g.png","type":"image\/png"}],"twitter_card":"summary_large_image","twitter_misc":{"Est. reading time":"1 minuto"},"schema":{"@context":"https:\/\/schema.org","@graph":[{"@type":"WebPage","@id":"https:\/\/biocabaz.pt\/web\/en\/produto\/chocolate-leite-vivani-culinaria-200g\/","url":"https:\/\/biocabaz.pt\/web\/en\/produto\/chocolate-leite-vivani-culinaria-200g\/","name":"chocolate leite vivani culin\u00e1ria 200g","isPartOf":{"@id":"https:\/\/biocabaz.pt\/web\/en\/#website"},"primaryImageOfPage":{"@id":"https:\/\/biocabaz.pt\/web\/en\/produto\/chocolate-leite-vivani-culinaria-200g\/#primaryimage"},"image":{"@id":"https:\/\/biocabaz.pt\/web\/en\/produto\/chocolate-leite-vivani-culinaria-200g\/#primaryimage"},"thumbnailUrl":"https:\/\/www.biocabaz.pt\/web\/wp-conteudos\/uploads\/2025\/06\/chocolate-leite-vivani-culinaria-200g.png","datePublished":"2025-06-11T14:33:57+00:00","dateModified":"2025-06-11T14:33:58+00:00","description":"chocolate leite vivani culin\u00e1ria 200g","breadcrumb":{"@id":"https:\/\/biocabaz.pt\/web\/en\/produto\/chocolate-leite-vivani-culinaria-200g\/#breadcrumb"},"inLanguage":"pt-PT","potentialAction":[{"@type":"ReadAction","target":["https:\/\/biocabaz.pt\/web\/en\/produto\/chocolate-leite-vivani-culinaria-200g\/"]}]},{"@type":"ImageObject","inLanguage":"pt-PT","@id":"https:\/\/biocabaz.pt\/web\/en\/produto\/chocolate-leite-vivani-culinaria-200g\/#primaryimage","url":"https:\/\/www.biocabaz.pt\/web\/wp-conteudos\/uploads\/2025\/06\/chocolate-leite-vivani-culinaria-200g.png","contentUrl":"https:\/\/www.biocabaz.pt\/web\/wp-conteudos\/uploads\/2025\/06\/chocolate-leite-vivani-culinaria-200g.png","width":1424,"height":1537,"caption":"chocolate leite vivani culin\u00e1ria 200g"},{"@type":"BreadcrumbList","@id":"https:\/\/biocabaz.pt\/web\/en\/produto\/chocolate-leite-vivani-culinaria-200g\/#breadcrumb","itemListElement":[{"@type":"ListItem","position":1,"name":"Home","item":"https:\/\/biocabaz.pt\/web\/en\/"},{"@type":"ListItem","position":2,"name":"Shop","item":"https:\/\/biocabaz.pt\/web\/en\/shop\/"},{"@type":"ListItem","position":3,"name":"chocolate leite vivani culin\u00e1ria 200g"}]},{"@type":"WebSite","@id":"https:\/\/biocabaz.pt\/web\/en\/#website","url":"https:\/\/biocabaz.pt\/web\/en\/","name":"BIOCABAZ - CABAZES BIOL\u00d3GICOS","description":"O melhor que a terra d\u00e1 \u00e9 para si","potentialAction":[{"@type":"SearchAction","target":{"@type":"EntryPoint","urlTemplate":"https:\/\/biocabaz.pt\/web\/en\/?s={search_term_string}"},"query-input":{"@type":"PropertyValueSpecification","valueRequired":true,"valueName":"search_term_string"}}],"inLanguage":"pt-PT"}]}},"_links":{"self":[{"href":"https:\/\/biocabaz.pt\/web\/wp-json\/wp\/v2\/product\/122871","targetHints":{"allow":["GET"]}}],"collection":[{"href":"https:\/\/biocabaz.pt\/web\/wp-json\/wp\/v2\/product"}],"about":[{"href":"https:\/\/biocabaz.pt\/web\/wp-json\/wp\/v2\/types\/product"}],"replies":[{"embeddable":true,"href":"https:\/\/biocabaz.pt\/web\/wp-json\/wp\/v2\/comments?post=122871"}],"wp:featuredmedia":[{"embeddable":true,"href":"https:\/\/biocabaz.pt\/web\/wp-json\/wp\/v2\/media\/122872"}],"wp:attachment":[{"href":"https:\/\/biocabaz.pt\/web\/wp-json\/wp\/v2\/media?parent=122871"}],"wp:term":[{"taxonomy":"product_cat","embeddable":true,"href":"https:\/\/biocabaz.pt\/web\/wp-json\/wp\/v2\/product_cat?post=122871"},{"taxonomy":"product_tag","embeddable":true,"href":"https:\/\/biocabaz.pt\/web\/wp-json\/wp\/v2\/product_tag?post=122871"}],"curies":[{"name":"wp","href":"https:\/\/api.w.org\/{rel}","templated":true}]}}