{"id":122856,"date":"2025-06-09T12:43:53","date_gmt":"2025-06-09T12:43:53","guid":{"rendered":"https:\/\/www.biocabaz.pt\/web\/?post_type=product&#038;p=122856"},"modified":"2026-02-18T19:42:59","modified_gmt":"2026-02-18T19:42:59","slug":"caps-10-cafe-kaffa-bio-nespresso","status":"publish","type":"product","link":"https:\/\/biocabaz.pt\/web\/produto\/caps-10-cafe-kaffa-bio-nespresso\/","title":{"rendered":"CAPS 10 CAF\u00c9 KAFFA BIO NESPRESSO"},"content":{"rendered":"","protected":false},"excerpt":{"rendered":"","protected":false},"featured_media":122857,"comment_status":"closed","ping_status":"closed","template":"","meta":[],"product_cat":[30],"product_tag":[],"class_list":["post-122856","product","type-product","status-publish","has-post-thumbnail","hentry","product_cat-cafes-chas-e-infusoes"],"bundle_layout":"","bundled_by":[],"bundled_items":[],"yoast_head":"<!-- This site is optimized with the Yoast SEO plugin v26.3 - https:\/\/yoast.com\/wordpress\/plugins\/seo\/ -->\n<title>CAPS 10 CAF\u00c9 KAFFA BIO NESPRESSO<\/title>\n<meta name=\"description\" content=\"CAPS 10 CAF\u00c9 KAFFA BIO NESPRESSO\" \/>\n<meta name=\"robots\" content=\"index, follow, max-snippet:-1, max-image-preview:large, max-video-preview:-1\" \/>\n<link rel=\"canonical\" href=\"https:\/\/biocabaz.pt\/web\/produto\/caps-10-cafe-kaffa-bio-nespresso\/\" \/>\n<meta property=\"og:locale\" content=\"pt_PT\" \/>\n<meta property=\"og:locale:alternate\" content=\"en_US\" \/>\n<meta property=\"og:type\" content=\"article\" \/>\n<meta property=\"og:title\" content=\"CAPS 10 CAF\u00c9 KAFFA BIO NESPRESSO\" \/>\n<meta property=\"og:description\" content=\"CAPS 10 CAF\u00c9 KAFFA BIO NESPRESSO\" \/>\n<meta property=\"og:url\" content=\"https:\/\/biocabaz.pt\/web\/produto\/caps-10-cafe-kaffa-bio-nespresso\/\" \/>\n<meta property=\"og:site_name\" content=\"BIOCABAZ - CABAZES BIOL\u00d3GICOS\" \/>\n<meta property=\"article:modified_time\" content=\"2026-02-18T19:42:59+00:00\" \/>\n<meta property=\"og:image\" content=\"https:\/\/www.biocabaz.pt\/web\/wp-conteudos\/uploads\/2025\/06\/caps-10-cafe-kaffa-bio-nespresso.webp\" \/>\n\t<meta property=\"og:image:width\" content=\"450\" \/>\n\t<meta property=\"og:image:height\" content=\"450\" \/>\n\t<meta property=\"og:image:type\" content=\"image\/webp\" \/>\n<meta name=\"twitter:card\" content=\"summary_large_image\" \/>\n<script type=\"application\/ld+json\" class=\"yoast-schema-graph\">{\"@context\":\"https:\/\/schema.org\",\"@graph\":[{\"@type\":\"WebPage\",\"@id\":\"https:\/\/biocabaz.pt\/web\/en\/produto\/caps-10-cafe-kaffa-bio-nespresso\/\",\"url\":\"https:\/\/biocabaz.pt\/web\/en\/produto\/caps-10-cafe-kaffa-bio-nespresso\/\",\"name\":\"CAPS 10 CAF\u00c9 KAFFA BIO NESPRESSO\",\"isPartOf\":{\"@id\":\"https:\/\/www.biocabaz.pt\/web\/#website\"},\"primaryImageOfPage\":{\"@id\":\"https:\/\/biocabaz.pt\/web\/en\/produto\/caps-10-cafe-kaffa-bio-nespresso\/#primaryimage\"},\"image\":{\"@id\":\"https:\/\/biocabaz.pt\/web\/en\/produto\/caps-10-cafe-kaffa-bio-nespresso\/#primaryimage\"},\"thumbnailUrl\":\"https:\/\/www.biocabaz.pt\/web\/wp-conteudos\/uploads\/2025\/06\/caps-10-cafe-kaffa-bio-nespresso.webp\",\"datePublished\":\"2025-06-09T12:43:53+00:00\",\"dateModified\":\"2026-02-18T19:42:59+00:00\",\"description\":\"CAPS 10 CAF\u00c9 KAFFA BIO NESPRESSO\",\"breadcrumb\":{\"@id\":\"https:\/\/biocabaz.pt\/web\/en\/produto\/caps-10-cafe-kaffa-bio-nespresso\/#breadcrumb\"},\"inLanguage\":\"pt-PT\",\"potentialAction\":[{\"@type\":\"ReadAction\",\"target\":[\"https:\/\/biocabaz.pt\/web\/en\/produto\/caps-10-cafe-kaffa-bio-nespresso\/\"]}]},{\"@type\":\"ImageObject\",\"inLanguage\":\"pt-PT\",\"@id\":\"https:\/\/biocabaz.pt\/web\/en\/produto\/caps-10-cafe-kaffa-bio-nespresso\/#primaryimage\",\"url\":\"https:\/\/www.biocabaz.pt\/web\/wp-conteudos\/uploads\/2025\/06\/caps-10-cafe-kaffa-bio-nespresso.webp\",\"contentUrl\":\"https:\/\/www.biocabaz.pt\/web\/wp-conteudos\/uploads\/2025\/06\/caps-10-cafe-kaffa-bio-nespresso.webp\",\"width\":450,\"height\":450,\"caption\":\"CAPS 10 CAF\u00c9 KAFFA BIO NESPRESSO\"},{\"@type\":\"BreadcrumbList\",\"@id\":\"https:\/\/biocabaz.pt\/web\/en\/produto\/caps-10-cafe-kaffa-bio-nespresso\/#breadcrumb\",\"itemListElement\":[{\"@type\":\"ListItem\",\"position\":1,\"name\":\"Home\",\"item\":\"https:\/\/www.biocabaz.pt\/web\/\"},{\"@type\":\"ListItem\",\"position\":2,\"name\":\"Loja\",\"item\":\"https:\/\/www.biocabaz.pt\/web\/shop\/\"},{\"@type\":\"ListItem\",\"position\":3,\"name\":\"CAPS 10 CAF\u00c9 KAFFA BIO NESPRESSO\"}]},{\"@type\":\"WebSite\",\"@id\":\"https:\/\/www.biocabaz.pt\/web\/#website\",\"url\":\"https:\/\/www.biocabaz.pt\/web\/\",\"name\":\"BIOCABAZ - CABAZES BIOL\u00d3GICOS\",\"description\":\"O melhor que a terra d\u00e1 \u00e9 para si\",\"potentialAction\":[{\"@type\":\"SearchAction\",\"target\":{\"@type\":\"EntryPoint\",\"urlTemplate\":\"https:\/\/www.biocabaz.pt\/web\/?s={search_term_string}\"},\"query-input\":{\"@type\":\"PropertyValueSpecification\",\"valueRequired\":true,\"valueName\":\"search_term_string\"}}],\"inLanguage\":\"pt-PT\"}]}<\/script>\n<!-- \/ Yoast SEO plugin. -->","yoast_head_json":{"title":"CAPS 10 CAF\u00c9 KAFFA BIO NESPRESSO","description":"CAPS 10 CAF\u00c9 KAFFA BIO NESPRESSO","robots":{"index":"index","follow":"follow","max-snippet":"max-snippet:-1","max-image-preview":"max-image-preview:large","max-video-preview":"max-video-preview:-1"},"canonical":"https:\/\/biocabaz.pt\/web\/produto\/caps-10-cafe-kaffa-bio-nespresso\/","og_locale":"pt_PT","og_type":"article","og_title":"[:pt]CAPS 10 CAF\u00c9 KAFFA BIO NESPRESSO[:] - BIOCABAZ - CABAZES BIOL\u00d3GICOS","og_description":"CAPS 10 CAF\u00c9 KAFFA BIO NESPRESSO","og_url":"https:\/\/biocabaz.pt\/web\/produto\/caps-10-cafe-kaffa-bio-nespresso\/","og_site_name":"BIOCABAZ - CABAZES BIOL\u00d3GICOS","article_modified_time":"2026-02-18T19:42:59+00:00","og_image":[{"width":450,"height":450,"url":"https:\/\/www.biocabaz.pt\/web\/wp-conteudos\/uploads\/2025\/06\/caps-10-cafe-kaffa-bio-nespresso.webp","type":"image\/webp"}],"twitter_card":"summary_large_image","schema":{"@context":"https:\/\/schema.org","@graph":[{"@type":"WebPage","@id":"https:\/\/biocabaz.pt\/web\/en\/produto\/caps-10-cafe-kaffa-bio-nespresso\/","url":"https:\/\/biocabaz.pt\/web\/en\/produto\/caps-10-cafe-kaffa-bio-nespresso\/","name":"CAPS 10 CAF\u00c9 KAFFA BIO NESPRESSO","isPartOf":{"@id":"https:\/\/www.biocabaz.pt\/web\/#website"},"primaryImageOfPage":{"@id":"https:\/\/biocabaz.pt\/web\/en\/produto\/caps-10-cafe-kaffa-bio-nespresso\/#primaryimage"},"image":{"@id":"https:\/\/biocabaz.pt\/web\/en\/produto\/caps-10-cafe-kaffa-bio-nespresso\/#primaryimage"},"thumbnailUrl":"https:\/\/www.biocabaz.pt\/web\/wp-conteudos\/uploads\/2025\/06\/caps-10-cafe-kaffa-bio-nespresso.webp","datePublished":"2025-06-09T12:43:53+00:00","dateModified":"2026-02-18T19:42:59+00:00","description":"CAPS 10 CAF\u00c9 KAFFA BIO NESPRESSO","breadcrumb":{"@id":"https:\/\/biocabaz.pt\/web\/en\/produto\/caps-10-cafe-kaffa-bio-nespresso\/#breadcrumb"},"inLanguage":"pt-PT","potentialAction":[{"@type":"ReadAction","target":["https:\/\/biocabaz.pt\/web\/en\/produto\/caps-10-cafe-kaffa-bio-nespresso\/"]}]},{"@type":"ImageObject","inLanguage":"pt-PT","@id":"https:\/\/biocabaz.pt\/web\/en\/produto\/caps-10-cafe-kaffa-bio-nespresso\/#primaryimage","url":"https:\/\/www.biocabaz.pt\/web\/wp-conteudos\/uploads\/2025\/06\/caps-10-cafe-kaffa-bio-nespresso.webp","contentUrl":"https:\/\/www.biocabaz.pt\/web\/wp-conteudos\/uploads\/2025\/06\/caps-10-cafe-kaffa-bio-nespresso.webp","width":450,"height":450,"caption":"CAPS 10 CAF\u00c9 KAFFA BIO NESPRESSO"},{"@type":"BreadcrumbList","@id":"https:\/\/biocabaz.pt\/web\/en\/produto\/caps-10-cafe-kaffa-bio-nespresso\/#breadcrumb","itemListElement":[{"@type":"ListItem","position":1,"name":"Home","item":"https:\/\/www.biocabaz.pt\/web\/"},{"@type":"ListItem","position":2,"name":"Loja","item":"https:\/\/www.biocabaz.pt\/web\/shop\/"},{"@type":"ListItem","position":3,"name":"CAPS 10 CAF\u00c9 KAFFA BIO NESPRESSO"}]},{"@type":"WebSite","@id":"https:\/\/www.biocabaz.pt\/web\/#website","url":"https:\/\/www.biocabaz.pt\/web\/","name":"BIOCABAZ - CABAZES BIOL\u00d3GICOS","description":"O melhor que a terra d\u00e1 \u00e9 para si","potentialAction":[{"@type":"SearchAction","target":{"@type":"EntryPoint","urlTemplate":"https:\/\/www.biocabaz.pt\/web\/?s={search_term_string}"},"query-input":{"@type":"PropertyValueSpecification","valueRequired":true,"valueName":"search_term_string"}}],"inLanguage":"pt-PT"}]}},"_links":{"self":[{"href":"https:\/\/biocabaz.pt\/web\/wp-json\/wp\/v2\/product\/122856","targetHints":{"allow":["GET"]}}],"collection":[{"href":"https:\/\/biocabaz.pt\/web\/wp-json\/wp\/v2\/product"}],"about":[{"href":"https:\/\/biocabaz.pt\/web\/wp-json\/wp\/v2\/types\/product"}],"replies":[{"embeddable":true,"href":"https:\/\/biocabaz.pt\/web\/wp-json\/wp\/v2\/comments?post=122856"}],"wp:featuredmedia":[{"embeddable":true,"href":"https:\/\/biocabaz.pt\/web\/wp-json\/wp\/v2\/media\/122857"}],"wp:attachment":[{"href":"https:\/\/biocabaz.pt\/web\/wp-json\/wp\/v2\/media?parent=122856"}],"wp:term":[{"taxonomy":"product_cat","embeddable":true,"href":"https:\/\/biocabaz.pt\/web\/wp-json\/wp\/v2\/product_cat?post=122856"},{"taxonomy":"product_tag","embeddable":true,"href":"https:\/\/biocabaz.pt\/web\/wp-json\/wp\/v2\/product_tag?post=122856"}],"curies":[{"name":"wp","href":"https:\/\/api.w.org\/{rel}","templated":true}]}}