{"id":122828,"date":"2025-06-09T09:00:08","date_gmt":"2025-06-09T09:00:08","guid":{"rendered":"https:\/\/www.biocabaz.pt\/web\/?post_type=product&#038;p=122828"},"modified":"2025-06-09T09:00:10","modified_gmt":"2025-06-09T09:00:10","slug":"arroz-carolino-intergal-1kg-rice-n-sado","status":"publish","type":"product","link":"https:\/\/biocabaz.pt\/web\/produto\/arroz-carolino-intergal-1kg-rice-n-sado\/","title":{"rendered":"ARROZ CAROLINO INTERGAL 1KG RICE N SADO"},"content":{"rendered":"<p>Origem Portugal<\/p>\n","protected":false},"excerpt":{"rendered":"<h3>Ingredientes:<\/h3>\n<p>Arroz integral redondo*.<\/p>\n<p>&nbsp;<\/p>\n<p>*de agricultura biol\u00f3gica certificada<\/p>\n<h3>Declara\u00e7\u00e3o Nutricional por 100g:<\/h3>\n<table border=\"0\" width=\"404\" cellspacing=\"0\" cellpadding=\"0\">\n<colgroup>\n<col width=\"254\" \/>\n<col width=\"48\" \/>\n<col width=\"26\" \/>\n<col width=\"12\" \/>\n<col width=\"30\" \/>\n<col width=\"34\" \/><\/colgroup>\n<tbody>\n<tr>\n<td class=\"xl66\" width=\"254\" height=\"24\">Energia\/Energy<\/td>\n<td class=\"xl67\" width=\"48\">1445<\/td>\n<td class=\"xl71\" width=\"26\">KJ<\/td>\n<td class=\"xl71\" width=\"12\">\/<\/td>\n<td class=\"xl72\" width=\"30\">345<\/td>\n<td class=\"xl71\" width=\"34\">Kcal<\/td>\n<\/tr>\n<tr>\n<td class=\"xl66\" width=\"254\" height=\"24\">L\u00edpidos\/Total Fat<\/td>\n<td class=\"xl67\" width=\"48\">1,3<\/td>\n<td class=\"xl71\" width=\"26\">g<\/td>\n<td class=\"xl71\" width=\"12\"><\/td>\n<td class=\"xl71\" width=\"30\"><\/td>\n<td class=\"xl71\" width=\"34\"><\/td>\n<\/tr>\n<tr>\n<td class=\"xl70\" height=\"24\">dos quais saturados\/Saturated fat<\/td>\n<td class=\"xl67\" width=\"48\">0,3<\/td>\n<td class=\"xl71\" width=\"26\">g<\/td>\n<td class=\"xl71\" width=\"12\"><\/td>\n<td class=\"xl71\" width=\"30\"><\/td>\n<td class=\"xl71\" width=\"34\"><\/td>\n<\/tr>\n<tr>\n<td class=\"xl70\" height=\"24\">Hidratos de carbono\/Carbohydrates<\/td>\n<td class=\"xl67\" width=\"48\">75,1<\/td>\n<td class=\"xl68\">g<\/td>\n<td class=\"xl68\"><\/td>\n<td class=\"xl69\"><\/td>\n<td class=\"xl68\"><\/td>\n<\/tr>\n<tr>\n<td class=\"xl70\" height=\"24\">dos quais a\u00e7\u00facares\/Sugars<\/td>\n<td class=\"xl67\" width=\"48\">1,6<\/td>\n<td class=\"xl68\">g<\/td>\n<td class=\"xl68\"><\/td>\n<td class=\"xl69\"><\/td>\n<td class=\"xl68\"><\/td>\n<\/tr>\n<tr>\n<td class=\"xl70\" height=\"24\">Fibra\/Fiber<\/td>\n<td class=\"xl69\">2,3<\/td>\n<td class=\"xl68\">g<\/td>\n<td class=\"xl68\"><\/td>\n<td class=\"xl69\"><\/td>\n<td class=\"xl68\"><\/td>\n<\/tr>\n<tr>\n<td class=\"xl70\" height=\"24\">Prote\u00ednas\/Proteins<\/td>\n<td class=\"xl67\" width=\"48\">7,2<\/td>\n<td class=\"xl68\">g<\/td>\n<td class=\"xl68\"><\/td>\n<td class=\"xl69\"><\/td>\n<td class=\"xl68\"><\/td>\n<\/tr>\n<tr>\n<td class=\"xl70\" height=\"24\">Sal\/Salt<\/td>\n<td class=\"xl67\" width=\"48\">0,03<\/td>\n<td class=\"xl68\">g<\/td>\n<\/tr>\n<\/tbody>\n<\/table>\n","protected":false},"featured_media":122824,"comment_status":"closed","ping_status":"closed","template":"","meta":[],"product_cat":[22],"product_tag":[],"class_list":["post-122828","product","type-product","status-publish","has-post-thumbnail","hentry","product_cat-arroz-farinha"],"bundle_layout":"","bundled_by":[],"bundled_items":[],"yoast_head":"<!-- This site is optimized with the Yoast SEO plugin v26.3 - https:\/\/yoast.com\/wordpress\/plugins\/seo\/ -->\n<title>ARROZ CAROLINO INTERGAL 1KG RICE N SADO<\/title>\n<meta name=\"description\" content=\"ARROZ CAROLINO INTERGAL 1KG RICE N SADO\" \/>\n<meta name=\"robots\" content=\"index, follow, max-snippet:-1, max-image-preview:large, max-video-preview:-1\" \/>\n<link rel=\"canonical\" href=\"https:\/\/biocabaz.pt\/web\/produto\/arroz-carolino-intergal-1kg-rice-n-sado\/\" \/>\n<meta property=\"og:locale\" content=\"pt_PT\" \/>\n<meta property=\"og:locale:alternate\" content=\"en_US\" \/>\n<meta property=\"og:type\" content=\"article\" \/>\n<meta property=\"og:title\" content=\"ARROZ CAROLINO INTERGAL 1KG RICE N SADO\" \/>\n<meta property=\"og:description\" content=\"ARROZ CAROLINO INTERGAL 1KG RICE N SADO\" \/>\n<meta property=\"og:url\" content=\"https:\/\/biocabaz.pt\/web\/produto\/arroz-carolino-intergal-1kg-rice-n-sado\/\" \/>\n<meta property=\"og:site_name\" content=\"BIOCABAZ - CABAZES BIOL\u00d3GICOS\" \/>\n<meta property=\"article:modified_time\" content=\"2025-06-09T09:00:10+00:00\" \/>\n<meta property=\"og:image\" content=\"https:\/\/www.biocabaz.pt\/web\/wp-conteudos\/uploads\/2025\/06\/rice-n-sado-1.jpg\" \/>\n\t<meta property=\"og:image:width\" content=\"1000\" \/>\n\t<meta property=\"og:image:height\" content=\"1300\" \/>\n\t<meta property=\"og:image:type\" content=\"image\/jpeg\" \/>\n<meta name=\"twitter:card\" content=\"summary_large_image\" \/>\n<meta name=\"twitter:label1\" content=\"Est. reading time\" \/>\n\t<meta name=\"twitter:data1\" content=\"1 minuto\" \/>\n<script type=\"application\/ld+json\" class=\"yoast-schema-graph\">{\"@context\":\"https:\/\/schema.org\",\"@graph\":[{\"@type\":\"WebPage\",\"@id\":\"https:\/\/biocabaz.pt\/web\/produto\/arroz-carolino-intergal-1kg-rice-n-sado\/\",\"url\":\"https:\/\/biocabaz.pt\/web\/produto\/arroz-carolino-intergal-1kg-rice-n-sado\/\",\"name\":\"ARROZ CAROLINO INTERGAL 1KG RICE N SADO\",\"isPartOf\":{\"@id\":\"https:\/\/www.biocabaz.pt\/web\/en\/#website\"},\"primaryImageOfPage\":{\"@id\":\"https:\/\/biocabaz.pt\/web\/produto\/arroz-carolino-intergal-1kg-rice-n-sado\/#primaryimage\"},\"image\":{\"@id\":\"https:\/\/biocabaz.pt\/web\/produto\/arroz-carolino-intergal-1kg-rice-n-sado\/#primaryimage\"},\"thumbnailUrl\":\"https:\/\/www.biocabaz.pt\/web\/wp-conteudos\/uploads\/2025\/06\/rice-n-sado-1.jpg\",\"datePublished\":\"2025-06-09T09:00:08+00:00\",\"dateModified\":\"2025-06-09T09:00:10+00:00\",\"description\":\"ARROZ CAROLINO INTERGAL 1KG RICE N SADO\",\"breadcrumb\":{\"@id\":\"https:\/\/biocabaz.pt\/web\/produto\/arroz-carolino-intergal-1kg-rice-n-sado\/#breadcrumb\"},\"inLanguage\":\"pt-PT\",\"potentialAction\":[{\"@type\":\"ReadAction\",\"target\":[\"https:\/\/biocabaz.pt\/web\/produto\/arroz-carolino-intergal-1kg-rice-n-sado\/\"]}]},{\"@type\":\"ImageObject\",\"inLanguage\":\"pt-PT\",\"@id\":\"https:\/\/biocabaz.pt\/web\/produto\/arroz-carolino-intergal-1kg-rice-n-sado\/#primaryimage\",\"url\":\"https:\/\/www.biocabaz.pt\/web\/wp-conteudos\/uploads\/2025\/06\/rice-n-sado-1.jpg\",\"contentUrl\":\"https:\/\/www.biocabaz.pt\/web\/wp-conteudos\/uploads\/2025\/06\/rice-n-sado-1.jpg\",\"width\":1000,\"height\":1300,\"caption\":\"ARROZ CAROLINO INTERGAL 1KG RICE N SADO\"},{\"@type\":\"BreadcrumbList\",\"@id\":\"https:\/\/biocabaz.pt\/web\/produto\/arroz-carolino-intergal-1kg-rice-n-sado\/#breadcrumb\",\"itemListElement\":[{\"@type\":\"ListItem\",\"position\":1,\"name\":\"Home\",\"item\":\"https:\/\/www.biocabaz.pt\/web\/en\/\"},{\"@type\":\"ListItem\",\"position\":2,\"name\":\"Shop\",\"item\":\"https:\/\/www.biocabaz.pt\/web\/en\/shop\/\"},{\"@type\":\"ListItem\",\"position\":3,\"name\":\"ARROZ CAROLINO INTERGAL 1KG RICE N SADO\"}]},{\"@type\":\"WebSite\",\"@id\":\"https:\/\/www.biocabaz.pt\/web\/en\/#website\",\"url\":\"https:\/\/www.biocabaz.pt\/web\/en\/\",\"name\":\"BIOCABAZ - CABAZES BIOL\u00d3GICOS\",\"description\":\"O melhor que a terra d\u00e1 \u00e9 para si\",\"potentialAction\":[{\"@type\":\"SearchAction\",\"target\":{\"@type\":\"EntryPoint\",\"urlTemplate\":\"https:\/\/www.biocabaz.pt\/web\/en\/?s={search_term_string}\"},\"query-input\":{\"@type\":\"PropertyValueSpecification\",\"valueRequired\":true,\"valueName\":\"search_term_string\"}}],\"inLanguage\":\"pt-PT\"}]}<\/script>\n<!-- \/ Yoast SEO plugin. -->","yoast_head_json":{"title":"ARROZ CAROLINO INTERGAL 1KG RICE N SADO","description":"ARROZ CAROLINO INTERGAL 1KG RICE N SADO","robots":{"index":"index","follow":"follow","max-snippet":"max-snippet:-1","max-image-preview":"max-image-preview:large","max-video-preview":"max-video-preview:-1"},"canonical":"https:\/\/biocabaz.pt\/web\/produto\/arroz-carolino-intergal-1kg-rice-n-sado\/","og_locale":"pt_PT","og_type":"article","og_title":"[:pt]ARROZ CAROLINO INTERGAL 1KG RICE N SADO[:] - BIOCABAZ - CABAZES BIOL\u00d3GICOS","og_description":"ARROZ CAROLINO INTERGAL 1KG RICE N SADO","og_url":"https:\/\/biocabaz.pt\/web\/produto\/arroz-carolino-intergal-1kg-rice-n-sado\/","og_site_name":"BIOCABAZ - CABAZES BIOL\u00d3GICOS","article_modified_time":"2025-06-09T09:00:10+00:00","og_image":[{"width":1000,"height":1300,"url":"https:\/\/www.biocabaz.pt\/web\/wp-conteudos\/uploads\/2025\/06\/rice-n-sado-1.jpg","type":"image\/jpeg"}],"twitter_card":"summary_large_image","twitter_misc":{"Est. reading time":"1 minuto"},"schema":{"@context":"https:\/\/schema.org","@graph":[{"@type":"WebPage","@id":"https:\/\/biocabaz.pt\/web\/produto\/arroz-carolino-intergal-1kg-rice-n-sado\/","url":"https:\/\/biocabaz.pt\/web\/produto\/arroz-carolino-intergal-1kg-rice-n-sado\/","name":"ARROZ CAROLINO INTERGAL 1KG RICE N SADO","isPartOf":{"@id":"https:\/\/www.biocabaz.pt\/web\/en\/#website"},"primaryImageOfPage":{"@id":"https:\/\/biocabaz.pt\/web\/produto\/arroz-carolino-intergal-1kg-rice-n-sado\/#primaryimage"},"image":{"@id":"https:\/\/biocabaz.pt\/web\/produto\/arroz-carolino-intergal-1kg-rice-n-sado\/#primaryimage"},"thumbnailUrl":"https:\/\/www.biocabaz.pt\/web\/wp-conteudos\/uploads\/2025\/06\/rice-n-sado-1.jpg","datePublished":"2025-06-09T09:00:08+00:00","dateModified":"2025-06-09T09:00:10+00:00","description":"ARROZ CAROLINO INTERGAL 1KG RICE N SADO","breadcrumb":{"@id":"https:\/\/biocabaz.pt\/web\/produto\/arroz-carolino-intergal-1kg-rice-n-sado\/#breadcrumb"},"inLanguage":"pt-PT","potentialAction":[{"@type":"ReadAction","target":["https:\/\/biocabaz.pt\/web\/produto\/arroz-carolino-intergal-1kg-rice-n-sado\/"]}]},{"@type":"ImageObject","inLanguage":"pt-PT","@id":"https:\/\/biocabaz.pt\/web\/produto\/arroz-carolino-intergal-1kg-rice-n-sado\/#primaryimage","url":"https:\/\/www.biocabaz.pt\/web\/wp-conteudos\/uploads\/2025\/06\/rice-n-sado-1.jpg","contentUrl":"https:\/\/www.biocabaz.pt\/web\/wp-conteudos\/uploads\/2025\/06\/rice-n-sado-1.jpg","width":1000,"height":1300,"caption":"ARROZ CAROLINO INTERGAL 1KG RICE N SADO"},{"@type":"BreadcrumbList","@id":"https:\/\/biocabaz.pt\/web\/produto\/arroz-carolino-intergal-1kg-rice-n-sado\/#breadcrumb","itemListElement":[{"@type":"ListItem","position":1,"name":"Home","item":"https:\/\/www.biocabaz.pt\/web\/en\/"},{"@type":"ListItem","position":2,"name":"Shop","item":"https:\/\/www.biocabaz.pt\/web\/en\/shop\/"},{"@type":"ListItem","position":3,"name":"ARROZ CAROLINO INTERGAL 1KG RICE N SADO"}]},{"@type":"WebSite","@id":"https:\/\/www.biocabaz.pt\/web\/en\/#website","url":"https:\/\/www.biocabaz.pt\/web\/en\/","name":"BIOCABAZ - CABAZES BIOL\u00d3GICOS","description":"O melhor que a terra d\u00e1 \u00e9 para si","potentialAction":[{"@type":"SearchAction","target":{"@type":"EntryPoint","urlTemplate":"https:\/\/www.biocabaz.pt\/web\/en\/?s={search_term_string}"},"query-input":{"@type":"PropertyValueSpecification","valueRequired":true,"valueName":"search_term_string"}}],"inLanguage":"pt-PT"}]}},"_links":{"self":[{"href":"https:\/\/biocabaz.pt\/web\/wp-json\/wp\/v2\/product\/122828","targetHints":{"allow":["GET"]}}],"collection":[{"href":"https:\/\/biocabaz.pt\/web\/wp-json\/wp\/v2\/product"}],"about":[{"href":"https:\/\/biocabaz.pt\/web\/wp-json\/wp\/v2\/types\/product"}],"replies":[{"embeddable":true,"href":"https:\/\/biocabaz.pt\/web\/wp-json\/wp\/v2\/comments?post=122828"}],"wp:featuredmedia":[{"embeddable":true,"href":"https:\/\/biocabaz.pt\/web\/wp-json\/wp\/v2\/media\/122824"}],"wp:attachment":[{"href":"https:\/\/biocabaz.pt\/web\/wp-json\/wp\/v2\/media?parent=122828"}],"wp:term":[{"taxonomy":"product_cat","embeddable":true,"href":"https:\/\/biocabaz.pt\/web\/wp-json\/wp\/v2\/product_cat?post=122828"},{"taxonomy":"product_tag","embeddable":true,"href":"https:\/\/biocabaz.pt\/web\/wp-json\/wp\/v2\/product_tag?post=122828"}],"curies":[{"name":"wp","href":"https:\/\/api.w.org\/{rel}","templated":true}]}}