{"id":11411,"date":"2018-12-28T19:31:45","date_gmt":"2018-12-28T19:31:45","guid":{"rendered":"https:\/\/www.biocabaz.pt\/web\/?post_type=product&#038;p=11411"},"modified":"2025-06-12T09:25:30","modified_gmt":"2025-06-12T09:25:30","slug":"posta-atum-em-oleo-de-coco-bio-160grs-santa-catarina","status":"publish","type":"product","link":"https:\/\/biocabaz.pt\/web\/produto\/posta-atum-em-oleo-de-coco-bio-160grs-santa-catarina\/","title":{"rendered":"POSTA ATUM EM \u00d3LEO DE C\u00d4CO BIO 160GRS SANTA CATARINA"},"content":{"rendered":"<p><strong>Descri\u00e7\u00e3o <\/strong><br \/>\nIngredientes: Posta de atum, \u00f3leo de coco biol\u00f3gico (33,5%) e sal. Atum capturado nas \u00e1guas do Atl\u00e2ntico com linha e anzol, atrav\u00e9s de uma arte de pesca tradicional e centen\u00e1ria conhecida como \u201csalto e vara\u201d*. Depois faz-se a cozedura em salmoura, segundo a tradi\u00e7\u00e3o dos antigos conserveiros da ilha de S\u00e3o Jorge. Como resultado, um atum de sabor e textura incompar\u00e1veis. *m\u00e9todo selectivo para uma qualidade superior de pescado e pr\u00f3pria preserva\u00e7\u00e3o da esp\u00e9cie.<\/p>\n<p><strong>Dados Nutricionais<\/strong><br \/>\nDeclara\u00e7\u00e3o Nutricional por 100g:<br \/>\nEnergia: 664kJ\/158kcal;<br \/>\nL\u00edpidos: 4,9g &#8211; dos quais saturados: <0,97g; \nHidratos de Carbono: <1g - dos quais a\u00e7\u00facares: <0,5g; \nFibra: <0,5g; \nProte\u00ednas: 28,4g; \nSal: 1,5g.\n\n<strong>Modo Utiliza\u00e7\u00e3o<\/strong><br \/>\nConservar em local seco e fresco.<\/p>\n","protected":false},"excerpt":{"rendered":"<p>Posta de atum em conserva de \u00f3leo de c\u00f4co biol\u00f3gico, certificado por PT-BIO-02, da ilha de S\u00e3o Jorge. Lata de 160 gramas.<\/p>\n<p>Atum capturado nas \u00e1guas do Atl\u00e2ntico com linha e anzol, atrav\u00e9s de uma arte de pesca tradicional e centen\u00e1ria conhecida como &#8220;salto e vara&#8221;*. Depois faz-se a cozedura em salmoura, segundo a tradi\u00e7\u00e3o dos antigos conserveiros da ilha de S\u00e3o Jorge. Como resultado, um atum de sabor e textura incompar\u00e1veis.<\/p>\n<p>*m\u00e9todo selectivo para uma qualidade superior de pescado e pr\u00f3pria preserva\u00e7\u00e3o da esp\u00e9cie.<\/p>\n<p>&nbsp;<\/p>\n","protected":false},"featured_media":11412,"comment_status":"closed","ping_status":"closed","template":"","meta":[],"product_cat":[24],"product_tag":[],"class_list":["post-11411","product","type-product","status-publish","has-post-thumbnail","hentry","product_cat-conservas"],"bundle_layout":"","bundled_by":[],"bundled_items":[],"yoast_head":"<!-- This site is optimized with the Yoast SEO plugin v26.3 - https:\/\/yoast.com\/wordpress\/plugins\/seo\/ -->\n<title>POSTA ATUM EM \u00d3LEO DE C\u00d4CO BIO 160GRS SANTA CATARINA<\/title>\n<meta name=\"description\" content=\"POSTA ATUM EM \u00d3LEO DE C\u00d4CO BIO 160GRS SANTA CATARINA\" \/>\n<meta name=\"robots\" content=\"index, follow, max-snippet:-1, max-image-preview:large, max-video-preview:-1\" \/>\n<link rel=\"canonical\" href=\"https:\/\/biocabaz.pt\/web\/produto\/posta-atum-em-oleo-de-coco-bio-160grs-santa-catarina\/\" \/>\n<meta property=\"og:locale\" content=\"pt_PT\" \/>\n<meta property=\"og:locale:alternate\" content=\"en_US\" \/>\n<meta property=\"og:type\" content=\"article\" \/>\n<meta property=\"og:title\" content=\"POSTA ATUM EM \u00d3LEO DE C\u00d4CO BIO 160GRS SANTA CATARINA\" \/>\n<meta property=\"og:description\" content=\"POSTA ATUM EM \u00d3LEO DE C\u00d4CO BIO 160GRS SANTA CATARINA\" \/>\n<meta property=\"og:url\" content=\"https:\/\/biocabaz.pt\/web\/produto\/posta-atum-em-oleo-de-coco-bio-160grs-santa-catarina\/\" \/>\n<meta property=\"og:site_name\" content=\"BIOCABAZ - CABAZES BIOL\u00d3GICOS\" \/>\n<meta property=\"article:modified_time\" content=\"2025-06-12T09:25:30+00:00\" \/>\n<meta property=\"og:image\" content=\"https:\/\/www.biocabaz.pt\/web\/wp-conteudos\/uploads\/2018\/12\/POSTA-ATUM-EM-\u00d3LEO-DE-C\u00d4CO-BIO-160GRS-SANTA-CATARINA.jpg\" \/>\n\t<meta property=\"og:image:width\" content=\"600\" \/>\n\t<meta property=\"og:image:height\" content=\"600\" \/>\n\t<meta property=\"og:image:type\" content=\"image\/jpeg\" \/>\n<meta name=\"twitter:card\" content=\"summary_large_image\" \/>\n<script type=\"application\/ld+json\" class=\"yoast-schema-graph\">{\"@context\":\"https:\/\/schema.org\",\"@graph\":[{\"@type\":\"WebPage\",\"@id\":\"https:\/\/biocabaz.pt\/web\/en\/produto\/posta-atum-em-oleo-de-coco-bio-160grs-santa-catarina\/\",\"url\":\"https:\/\/biocabaz.pt\/web\/en\/produto\/posta-atum-em-oleo-de-coco-bio-160grs-santa-catarina\/\",\"name\":\"POSTA ATUM EM \u00d3LEO DE C\u00d4CO BIO 160GRS SANTA CATARINA\",\"isPartOf\":{\"@id\":\"https:\/\/biocabaz.pt\/web\/en\/#website\"},\"primaryImageOfPage\":{\"@id\":\"https:\/\/biocabaz.pt\/web\/en\/produto\/posta-atum-em-oleo-de-coco-bio-160grs-santa-catarina\/#primaryimage\"},\"image\":{\"@id\":\"https:\/\/biocabaz.pt\/web\/en\/produto\/posta-atum-em-oleo-de-coco-bio-160grs-santa-catarina\/#primaryimage\"},\"thumbnailUrl\":\"https:\/\/www.biocabaz.pt\/web\/wp-conteudos\/uploads\/2018\/12\/POSTA-ATUM-EM-\u00d3LEO-DE-C\u00d4CO-BIO-160GRS-SANTA-CATARINA.jpg\",\"datePublished\":\"2018-12-28T19:31:45+00:00\",\"dateModified\":\"2025-06-12T09:25:30+00:00\",\"description\":\"POSTA ATUM EM \u00d3LEO DE C\u00d4CO BIO 160GRS SANTA CATARINA\",\"breadcrumb\":{\"@id\":\"https:\/\/biocabaz.pt\/web\/en\/produto\/posta-atum-em-oleo-de-coco-bio-160grs-santa-catarina\/#breadcrumb\"},\"inLanguage\":\"pt-PT\",\"potentialAction\":[{\"@type\":\"ReadAction\",\"target\":[\"https:\/\/biocabaz.pt\/web\/en\/produto\/posta-atum-em-oleo-de-coco-bio-160grs-santa-catarina\/\"]}]},{\"@type\":\"ImageObject\",\"inLanguage\":\"pt-PT\",\"@id\":\"https:\/\/biocabaz.pt\/web\/en\/produto\/posta-atum-em-oleo-de-coco-bio-160grs-santa-catarina\/#primaryimage\",\"url\":\"https:\/\/www.biocabaz.pt\/web\/wp-conteudos\/uploads\/2018\/12\/POSTA-ATUM-EM-\u00d3LEO-DE-C\u00d4CO-BIO-160GRS-SANTA-CATARINA.jpg\",\"contentUrl\":\"https:\/\/www.biocabaz.pt\/web\/wp-conteudos\/uploads\/2018\/12\/POSTA-ATUM-EM-\u00d3LEO-DE-C\u00d4CO-BIO-160GRS-SANTA-CATARINA.jpg\",\"width\":600,\"height\":600,\"caption\":\"POSTA ATUM EM \u00d3LEO DE C\u00d4CO BIO 160GRS SANTA CATARINA\"},{\"@type\":\"BreadcrumbList\",\"@id\":\"https:\/\/biocabaz.pt\/web\/en\/produto\/posta-atum-em-oleo-de-coco-bio-160grs-santa-catarina\/#breadcrumb\",\"itemListElement\":[{\"@type\":\"ListItem\",\"position\":1,\"name\":\"Home\",\"item\":\"https:\/\/biocabaz.pt\/web\/en\/\"},{\"@type\":\"ListItem\",\"position\":2,\"name\":\"Shop\",\"item\":\"https:\/\/biocabaz.pt\/web\/en\/shop\/\"},{\"@type\":\"ListItem\",\"position\":3,\"name\":\"SANTA CATARINA TUNA SLICE IN ORGANIC COCONUT OIL 160GR\"}]},{\"@type\":\"WebSite\",\"@id\":\"https:\/\/biocabaz.pt\/web\/en\/#website\",\"url\":\"https:\/\/biocabaz.pt\/web\/en\/\",\"name\":\"BIOCABAZ - CABAZES BIOL\u00d3GICOS\",\"description\":\"O melhor que a terra d\u00e1 \u00e9 para si\",\"potentialAction\":[{\"@type\":\"SearchAction\",\"target\":{\"@type\":\"EntryPoint\",\"urlTemplate\":\"https:\/\/biocabaz.pt\/web\/en\/?s={search_term_string}\"},\"query-input\":{\"@type\":\"PropertyValueSpecification\",\"valueRequired\":true,\"valueName\":\"search_term_string\"}}],\"inLanguage\":\"pt-PT\"}]}<\/script>\n<!-- \/ Yoast SEO plugin. -->","yoast_head_json":{"title":"POSTA ATUM EM \u00d3LEO DE C\u00d4CO BIO 160GRS SANTA CATARINA","description":"POSTA ATUM EM \u00d3LEO DE C\u00d4CO BIO 160GRS SANTA CATARINA","robots":{"index":"index","follow":"follow","max-snippet":"max-snippet:-1","max-image-preview":"max-image-preview:large","max-video-preview":"max-video-preview:-1"},"canonical":"https:\/\/biocabaz.pt\/web\/produto\/posta-atum-em-oleo-de-coco-bio-160grs-santa-catarina\/","og_locale":"pt_PT","og_type":"article","og_title":"[:en]SANTA CATARINA TUNA SLICE IN ORGANIC COCONUT OIL 160GR[:pt]POSTA ATUM EM \u00d3LEO DE C\u00d4CO BIO 160GRS SANTA CATARINA[:] - BIOCABAZ - CABAZES BIOL\u00d3GICOS","og_description":"POSTA ATUM EM \u00d3LEO DE C\u00d4CO BIO 160GRS SANTA CATARINA","og_url":"https:\/\/biocabaz.pt\/web\/produto\/posta-atum-em-oleo-de-coco-bio-160grs-santa-catarina\/","og_site_name":"BIOCABAZ - CABAZES BIOL\u00d3GICOS","article_modified_time":"2025-06-12T09:25:30+00:00","og_image":[{"width":600,"height":600,"url":"https:\/\/www.biocabaz.pt\/web\/wp-conteudos\/uploads\/2018\/12\/POSTA-ATUM-EM-\u00d3LEO-DE-C\u00d4CO-BIO-160GRS-SANTA-CATARINA.jpg","type":"image\/jpeg"}],"twitter_card":"summary_large_image","schema":{"@context":"https:\/\/schema.org","@graph":[{"@type":"WebPage","@id":"https:\/\/biocabaz.pt\/web\/en\/produto\/posta-atum-em-oleo-de-coco-bio-160grs-santa-catarina\/","url":"https:\/\/biocabaz.pt\/web\/en\/produto\/posta-atum-em-oleo-de-coco-bio-160grs-santa-catarina\/","name":"POSTA ATUM EM \u00d3LEO DE C\u00d4CO BIO 160GRS SANTA CATARINA","isPartOf":{"@id":"https:\/\/biocabaz.pt\/web\/en\/#website"},"primaryImageOfPage":{"@id":"https:\/\/biocabaz.pt\/web\/en\/produto\/posta-atum-em-oleo-de-coco-bio-160grs-santa-catarina\/#primaryimage"},"image":{"@id":"https:\/\/biocabaz.pt\/web\/en\/produto\/posta-atum-em-oleo-de-coco-bio-160grs-santa-catarina\/#primaryimage"},"thumbnailUrl":"https:\/\/www.biocabaz.pt\/web\/wp-conteudos\/uploads\/2018\/12\/POSTA-ATUM-EM-\u00d3LEO-DE-C\u00d4CO-BIO-160GRS-SANTA-CATARINA.jpg","datePublished":"2018-12-28T19:31:45+00:00","dateModified":"2025-06-12T09:25:30+00:00","description":"POSTA ATUM EM \u00d3LEO DE C\u00d4CO BIO 160GRS SANTA CATARINA","breadcrumb":{"@id":"https:\/\/biocabaz.pt\/web\/en\/produto\/posta-atum-em-oleo-de-coco-bio-160grs-santa-catarina\/#breadcrumb"},"inLanguage":"pt-PT","potentialAction":[{"@type":"ReadAction","target":["https:\/\/biocabaz.pt\/web\/en\/produto\/posta-atum-em-oleo-de-coco-bio-160grs-santa-catarina\/"]}]},{"@type":"ImageObject","inLanguage":"pt-PT","@id":"https:\/\/biocabaz.pt\/web\/en\/produto\/posta-atum-em-oleo-de-coco-bio-160grs-santa-catarina\/#primaryimage","url":"https:\/\/www.biocabaz.pt\/web\/wp-conteudos\/uploads\/2018\/12\/POSTA-ATUM-EM-\u00d3LEO-DE-C\u00d4CO-BIO-160GRS-SANTA-CATARINA.jpg","contentUrl":"https:\/\/www.biocabaz.pt\/web\/wp-conteudos\/uploads\/2018\/12\/POSTA-ATUM-EM-\u00d3LEO-DE-C\u00d4CO-BIO-160GRS-SANTA-CATARINA.jpg","width":600,"height":600,"caption":"POSTA ATUM EM \u00d3LEO DE C\u00d4CO BIO 160GRS SANTA CATARINA"},{"@type":"BreadcrumbList","@id":"https:\/\/biocabaz.pt\/web\/en\/produto\/posta-atum-em-oleo-de-coco-bio-160grs-santa-catarina\/#breadcrumb","itemListElement":[{"@type":"ListItem","position":1,"name":"Home","item":"https:\/\/biocabaz.pt\/web\/en\/"},{"@type":"ListItem","position":2,"name":"Shop","item":"https:\/\/biocabaz.pt\/web\/en\/shop\/"},{"@type":"ListItem","position":3,"name":"SANTA CATARINA TUNA SLICE IN ORGANIC COCONUT OIL 160GR"}]},{"@type":"WebSite","@id":"https:\/\/biocabaz.pt\/web\/en\/#website","url":"https:\/\/biocabaz.pt\/web\/en\/","name":"BIOCABAZ - CABAZES BIOL\u00d3GICOS","description":"O melhor que a terra d\u00e1 \u00e9 para si","potentialAction":[{"@type":"SearchAction","target":{"@type":"EntryPoint","urlTemplate":"https:\/\/biocabaz.pt\/web\/en\/?s={search_term_string}"},"query-input":{"@type":"PropertyValueSpecification","valueRequired":true,"valueName":"search_term_string"}}],"inLanguage":"pt-PT"}]}},"_links":{"self":[{"href":"https:\/\/biocabaz.pt\/web\/wp-json\/wp\/v2\/product\/11411","targetHints":{"allow":["GET"]}}],"collection":[{"href":"https:\/\/biocabaz.pt\/web\/wp-json\/wp\/v2\/product"}],"about":[{"href":"https:\/\/biocabaz.pt\/web\/wp-json\/wp\/v2\/types\/product"}],"replies":[{"embeddable":true,"href":"https:\/\/biocabaz.pt\/web\/wp-json\/wp\/v2\/comments?post=11411"}],"wp:featuredmedia":[{"embeddable":true,"href":"https:\/\/biocabaz.pt\/web\/wp-json\/wp\/v2\/media\/11412"}],"wp:attachment":[{"href":"https:\/\/biocabaz.pt\/web\/wp-json\/wp\/v2\/media?parent=11411"}],"wp:term":[{"taxonomy":"product_cat","embeddable":true,"href":"https:\/\/biocabaz.pt\/web\/wp-json\/wp\/v2\/product_cat?post=11411"},{"taxonomy":"product_tag","embeddable":true,"href":"https:\/\/biocabaz.pt\/web\/wp-json\/wp\/v2\/product_tag?post=11411"}],"curies":[{"name":"wp","href":"https:\/\/api.w.org\/{rel}","templated":true}]}}