{"id":11402,"date":"2018-12-28T19:02:40","date_gmt":"2018-12-28T19:02:40","guid":{"rendered":"https:\/\/www.biocabaz.pt\/web\/?post_type=product&#038;p=11402"},"modified":"2025-06-12T09:25:53","modified_gmt":"2025-06-12T09:25:53","slug":"filete-atum-natural-bio-santa-catarina","status":"publish","type":"product","link":"https:\/\/biocabaz.pt\/web\/produto\/filete-atum-natural-bio-santa-catarina\/","title":{"rendered":"FILETE ATUM NATURAL FRASCO BIO SANTA CATARINA"},"content":{"rendered":"<p><strong>Descri\u00e7\u00e3o <\/strong><br \/>\n\t\t\t\tIngredientes: Atum (Katsuwonus pelamis), \u00e1gua e sal.<\/p>\n<p><strong>Dados Nutricionais<\/strong><br \/>\n\t\t\t\tDeclara\u00e7\u00e3o Nutricional por 100g:<br \/> Energia: 477kJ \/ 114kcal;<br \/> L\u00edpidos: 0,3g &#8211; dos quais \u00e1cidos gordos saturados: 0,5g;<br \/> Hidratos de carbono: 1g &#8211; dos quais a\u00e7\u00facares: 0,5 g;<br \/> Fibras: 0,5g;<br \/> Prote\u00ednas: 27,9g;<br \/> Sal: 1,5g.<\/p>\n<p><strong>Modo Utiliza\u00e7\u00e3o<\/strong><br \/>Conservar em local seco e fresco.<\/p>\n","protected":false},"excerpt":{"rendered":"<p>Descri\u00e7\u00e3o Ingredientes: Atum (Katsuwonus pelamis), \u00e1gua e sal. Dados Nutricionais Declara\u00e7\u00e3o Nutricional por 100g: Energia: 477kJ \/ 114kcal; L\u00edpidos: 0,3g &#8211; dos quais \u00e1cidos gordos saturados: 0,5g; Hidratos de carbono: 1g &#8211; dos quais a\u00e7\u00facares: 0,5 g; Fibras: 0,5g; Prote\u00ednas: 27,9g; Sal: 1,5g. Modo Utiliza\u00e7\u00e3oConservar em local seco e fresco.<\/p>\n","protected":false},"featured_media":11404,"comment_status":"closed","ping_status":"closed","template":"","meta":[],"product_cat":[24],"product_tag":[],"class_list":["post-11402","product","type-product","status-publish","has-post-thumbnail","hentry","product_cat-conservas"],"bundle_layout":"","bundled_by":[],"bundled_items":[],"yoast_head":"<!-- This site is optimized with the Yoast SEO plugin v26.3 - https:\/\/yoast.com\/wordpress\/plugins\/seo\/ -->\n<title>FILETE ATUM NATURAL FRASCO BIO SANTA CATARINA<\/title>\n<meta name=\"description\" content=\"FILETE ATUM NATURAL BIO SANTA CATARINA\" \/>\n<meta name=\"robots\" content=\"index, follow, max-snippet:-1, max-image-preview:large, max-video-preview:-1\" \/>\n<link rel=\"canonical\" href=\"https:\/\/www.biocabaz.pt\/web\/produto\/filete-atum-natural-bio-santa-catarina\/\" \/>\n<meta property=\"og:locale\" content=\"pt_PT\" \/>\n<meta property=\"og:locale:alternate\" content=\"en_US\" \/>\n<meta property=\"og:type\" content=\"article\" \/>\n<meta property=\"og:title\" content=\"FILETE ATUM NATURAL FRASCO BIO SANTA CATARINA\" \/>\n<meta property=\"og:description\" content=\"FILETE ATUM NATURAL BIO SANTA CATARINA\" \/>\n<meta property=\"og:url\" content=\"https:\/\/biocabaz.pt\/web\/produto\/filete-atum-natural-bio-santa-catarina\/\" \/>\n<meta property=\"og:site_name\" content=\"BIOCABAZ - CABAZES BIOL\u00d3GICOS\" \/>\n<meta property=\"article:modified_time\" content=\"2025-06-12T09:25:53+00:00\" \/>\n<meta property=\"og:image\" content=\"https:\/\/www.biocabaz.pt\/web\/wp-conteudos\/uploads\/2018\/12\/FILETE-ATUM-NATURAL-BIO-SANTA-CATARINA.png\" \/>\n\t<meta property=\"og:image:width\" content=\"641\" \/>\n\t<meta property=\"og:image:height\" content=\"604\" \/>\n\t<meta property=\"og:image:type\" content=\"image\/png\" \/>\n<meta name=\"twitter:card\" content=\"summary_large_image\" \/>\n<meta name=\"twitter:label1\" content=\"Est. reading time\" \/>\n\t<meta name=\"twitter:data1\" content=\"1 minuto\" \/>\n<script type=\"application\/ld+json\" class=\"yoast-schema-graph\">{\"@context\":\"https:\/\/schema.org\",\"@graph\":[{\"@type\":\"WebPage\",\"@id\":\"https:\/\/www.biocabaz.pt\/web\/produto\/filete-atum-natural-bio-santa-catarina\/\",\"url\":\"https:\/\/www.biocabaz.pt\/web\/produto\/filete-atum-natural-bio-santa-catarina\/\",\"name\":\"FILETE ATUM NATURAL FRASCO BIO SANTA CATARINA\",\"isPartOf\":{\"@id\":\"https:\/\/biocabaz.pt\/web\/#website\"},\"primaryImageOfPage\":{\"@id\":\"https:\/\/www.biocabaz.pt\/web\/produto\/filete-atum-natural-bio-santa-catarina\/#primaryimage\"},\"image\":{\"@id\":\"https:\/\/www.biocabaz.pt\/web\/produto\/filete-atum-natural-bio-santa-catarina\/#primaryimage\"},\"thumbnailUrl\":\"https:\/\/www.biocabaz.pt\/web\/wp-conteudos\/uploads\/2018\/12\/FILETE-ATUM-NATURAL-BIO-SANTA-CATARINA.png\",\"datePublished\":\"2018-12-28T19:02:40+00:00\",\"dateModified\":\"2025-06-12T09:25:53+00:00\",\"description\":\"FILETE ATUM NATURAL BIO SANTA CATARINA\",\"breadcrumb\":{\"@id\":\"https:\/\/www.biocabaz.pt\/web\/produto\/filete-atum-natural-bio-santa-catarina\/#breadcrumb\"},\"inLanguage\":\"pt-PT\",\"potentialAction\":[{\"@type\":\"ReadAction\",\"target\":[\"https:\/\/www.biocabaz.pt\/web\/produto\/filete-atum-natural-bio-santa-catarina\/\"]}]},{\"@type\":\"ImageObject\",\"inLanguage\":\"pt-PT\",\"@id\":\"https:\/\/www.biocabaz.pt\/web\/produto\/filete-atum-natural-bio-santa-catarina\/#primaryimage\",\"url\":\"https:\/\/www.biocabaz.pt\/web\/wp-conteudos\/uploads\/2018\/12\/FILETE-ATUM-NATURAL-BIO-SANTA-CATARINA.png\",\"contentUrl\":\"https:\/\/www.biocabaz.pt\/web\/wp-conteudos\/uploads\/2018\/12\/FILETE-ATUM-NATURAL-BIO-SANTA-CATARINA.png\",\"width\":641,\"height\":604,\"caption\":\"FILETE ATUM NATURAL BIO SANTA CATARINA\"},{\"@type\":\"BreadcrumbList\",\"@id\":\"https:\/\/www.biocabaz.pt\/web\/produto\/filete-atum-natural-bio-santa-catarina\/#breadcrumb\",\"itemListElement\":[{\"@type\":\"ListItem\",\"position\":1,\"name\":\"Home\",\"item\":\"https:\/\/biocabaz.pt\/web\/\"},{\"@type\":\"ListItem\",\"position\":2,\"name\":\"Shop\",\"item\":\"https:\/\/www.biocabaz.pt\/web\/en\/shop\/\"},{\"@type\":\"ListItem\",\"position\":3,\"name\":\"FILETE ATUM NATURAL FRASCO BIO SANTA CATARINA\"}]},{\"@type\":\"WebSite\",\"@id\":\"https:\/\/biocabaz.pt\/web\/#website\",\"url\":\"https:\/\/biocabaz.pt\/web\/\",\"name\":\"BIOCABAZ - CABAZES BIOL\u00d3GICOS\",\"description\":\"O melhor que a terra d\u00e1 \u00e9 para si\",\"potentialAction\":[{\"@type\":\"SearchAction\",\"target\":{\"@type\":\"EntryPoint\",\"urlTemplate\":\"https:\/\/biocabaz.pt\/web\/?s={search_term_string}\"},\"query-input\":{\"@type\":\"PropertyValueSpecification\",\"valueRequired\":true,\"valueName\":\"search_term_string\"}}],\"inLanguage\":\"pt-PT\"}]}<\/script>\n<!-- \/ Yoast SEO plugin. -->","yoast_head_json":{"title":"FILETE ATUM NATURAL FRASCO BIO SANTA CATARINA","description":"FILETE ATUM NATURAL BIO SANTA CATARINA","robots":{"index":"index","follow":"follow","max-snippet":"max-snippet:-1","max-image-preview":"max-image-preview:large","max-video-preview":"max-video-preview:-1"},"canonical":"https:\/\/www.biocabaz.pt\/web\/produto\/filete-atum-natural-bio-santa-catarina\/","og_locale":"pt_PT","og_type":"article","og_title":"[:en]SANTA CATARINA NATURAL TUNA FILLETS \u0096 BOTTLE[:pt]FILETE ATUM NATURAL FRASCO BIO SANTA CATARINA[:] - BIOCABAZ - CABAZES BIOL\u00d3GICOS","og_description":"FILETE ATUM NATURAL BIO SANTA CATARINA","og_url":"https:\/\/biocabaz.pt\/web\/produto\/filete-atum-natural-bio-santa-catarina\/","og_site_name":"BIOCABAZ - CABAZES BIOL\u00d3GICOS","article_modified_time":"2025-06-12T09:25:53+00:00","og_image":[{"width":641,"height":604,"url":"https:\/\/www.biocabaz.pt\/web\/wp-conteudos\/uploads\/2018\/12\/FILETE-ATUM-NATURAL-BIO-SANTA-CATARINA.png","type":"image\/png"}],"twitter_card":"summary_large_image","twitter_misc":{"Est. reading time":"1 minuto"},"schema":{"@context":"https:\/\/schema.org","@graph":[{"@type":"WebPage","@id":"https:\/\/www.biocabaz.pt\/web\/produto\/filete-atum-natural-bio-santa-catarina\/","url":"https:\/\/www.biocabaz.pt\/web\/produto\/filete-atum-natural-bio-santa-catarina\/","name":"FILETE ATUM NATURAL FRASCO BIO SANTA CATARINA","isPartOf":{"@id":"https:\/\/biocabaz.pt\/web\/#website"},"primaryImageOfPage":{"@id":"https:\/\/www.biocabaz.pt\/web\/produto\/filete-atum-natural-bio-santa-catarina\/#primaryimage"},"image":{"@id":"https:\/\/www.biocabaz.pt\/web\/produto\/filete-atum-natural-bio-santa-catarina\/#primaryimage"},"thumbnailUrl":"https:\/\/www.biocabaz.pt\/web\/wp-conteudos\/uploads\/2018\/12\/FILETE-ATUM-NATURAL-BIO-SANTA-CATARINA.png","datePublished":"2018-12-28T19:02:40+00:00","dateModified":"2025-06-12T09:25:53+00:00","description":"FILETE ATUM NATURAL BIO SANTA CATARINA","breadcrumb":{"@id":"https:\/\/www.biocabaz.pt\/web\/produto\/filete-atum-natural-bio-santa-catarina\/#breadcrumb"},"inLanguage":"pt-PT","potentialAction":[{"@type":"ReadAction","target":["https:\/\/www.biocabaz.pt\/web\/produto\/filete-atum-natural-bio-santa-catarina\/"]}]},{"@type":"ImageObject","inLanguage":"pt-PT","@id":"https:\/\/www.biocabaz.pt\/web\/produto\/filete-atum-natural-bio-santa-catarina\/#primaryimage","url":"https:\/\/www.biocabaz.pt\/web\/wp-conteudos\/uploads\/2018\/12\/FILETE-ATUM-NATURAL-BIO-SANTA-CATARINA.png","contentUrl":"https:\/\/www.biocabaz.pt\/web\/wp-conteudos\/uploads\/2018\/12\/FILETE-ATUM-NATURAL-BIO-SANTA-CATARINA.png","width":641,"height":604,"caption":"FILETE ATUM NATURAL BIO SANTA CATARINA"},{"@type":"BreadcrumbList","@id":"https:\/\/www.biocabaz.pt\/web\/produto\/filete-atum-natural-bio-santa-catarina\/#breadcrumb","itemListElement":[{"@type":"ListItem","position":1,"name":"Home","item":"https:\/\/biocabaz.pt\/web\/"},{"@type":"ListItem","position":2,"name":"Shop","item":"https:\/\/www.biocabaz.pt\/web\/en\/shop\/"},{"@type":"ListItem","position":3,"name":"FILETE ATUM NATURAL FRASCO BIO SANTA CATARINA"}]},{"@type":"WebSite","@id":"https:\/\/biocabaz.pt\/web\/#website","url":"https:\/\/biocabaz.pt\/web\/","name":"BIOCABAZ - CABAZES BIOL\u00d3GICOS","description":"O melhor que a terra d\u00e1 \u00e9 para si","potentialAction":[{"@type":"SearchAction","target":{"@type":"EntryPoint","urlTemplate":"https:\/\/biocabaz.pt\/web\/?s={search_term_string}"},"query-input":{"@type":"PropertyValueSpecification","valueRequired":true,"valueName":"search_term_string"}}],"inLanguage":"pt-PT"}]}},"_links":{"self":[{"href":"https:\/\/biocabaz.pt\/web\/wp-json\/wp\/v2\/product\/11402","targetHints":{"allow":["GET"]}}],"collection":[{"href":"https:\/\/biocabaz.pt\/web\/wp-json\/wp\/v2\/product"}],"about":[{"href":"https:\/\/biocabaz.pt\/web\/wp-json\/wp\/v2\/types\/product"}],"replies":[{"embeddable":true,"href":"https:\/\/biocabaz.pt\/web\/wp-json\/wp\/v2\/comments?post=11402"}],"wp:featuredmedia":[{"embeddable":true,"href":"https:\/\/biocabaz.pt\/web\/wp-json\/wp\/v2\/media\/11404"}],"wp:attachment":[{"href":"https:\/\/biocabaz.pt\/web\/wp-json\/wp\/v2\/media?parent=11402"}],"wp:term":[{"taxonomy":"product_cat","embeddable":true,"href":"https:\/\/biocabaz.pt\/web\/wp-json\/wp\/v2\/product_cat?post=11402"},{"taxonomy":"product_tag","embeddable":true,"href":"https:\/\/biocabaz.pt\/web\/wp-json\/wp\/v2\/product_tag?post=11402"}],"curies":[{"name":"wp","href":"https:\/\/api.w.org\/{rel}","templated":true}]}}