{"id":11400,"date":"2018-12-28T18:58:36","date_gmt":"2018-12-28T18:58:36","guid":{"rendered":"https:\/\/www.biocabaz.pt\/web\/?post_type=product&#038;p=11400"},"modified":"2023-12-29T08:43:34","modified_gmt":"2023-12-29T08:43:34","slug":"posta-atum-natural-bio-santa-catarina","status":"publish","type":"product","link":"https:\/\/biocabaz.pt\/web\/produto\/posta-atum-natural-bio-santa-catarina\/","title":{"rendered":"POSTA ATUM NATURAL BIO SANTA CATARINA"},"content":{"rendered":"<p><strong>Descri\u00e7\u00e3o <\/strong><br \/>\n\t\t\t\tIngredientes: Atum 70% (Katsuwonus pelamis), \u00e1gua 28,5% e sal 1,5%. <\/p>\n<p><strong>Dados Nutricionais<\/strong><br \/>\n\t\t\t\tDeclara\u00e7\u00e3o Nutricional por 100g:<br \/> 403kJ \/ 96kcal;<br \/> L\u00edpidos: 1,5g &#8211; dos quais \u00e1cidos gordos saturados: 0,5g;<br \/> Prote\u00ednas: 22g;<br \/> Sal: 1,5g.<\/p>\n<p><strong>Modo Utiliza\u00e7\u00e3o<\/strong><br \/>Conservar em local seco e fresco.<\/p>\n","protected":false},"excerpt":{"rendered":"<p>Descri\u00e7\u00e3o Ingredientes: Atum 70% (Katsuwonus pelamis), \u00e1gua 28,5% e sal 1,5%. Dados Nutricionais Declara\u00e7\u00e3o Nutricional por 100g: 403kJ \/ 96kcal; L\u00edpidos: 1,5g &#8211; dos quais \u00e1cidos gordos saturados: 0,5g; Prote\u00ednas: 22g; Sal: 1,5g. Modo Utiliza\u00e7\u00e3oConservar em local seco e fresco.<\/p>\n","protected":false},"featured_media":11401,"comment_status":"closed","ping_status":"closed","template":"","meta":[],"product_cat":[24],"product_tag":[],"class_list":["post-11400","product","type-product","status-publish","has-post-thumbnail","hentry","product_cat-conservas"],"bundle_layout":"","bundled_by":[],"bundled_items":[],"yoast_head":"<!-- This site is optimized with the Yoast SEO plugin v26.3 - https:\/\/yoast.com\/wordpress\/plugins\/seo\/ -->\n<title>POSTA ATUM NATURAL BIO SANTA CATARINA<\/title>\n<meta name=\"description\" content=\"POSTA ATUM NATURAL BIO SANTA CATARINA\" \/>\n<meta name=\"robots\" content=\"index, follow, max-snippet:-1, max-image-preview:large, max-video-preview:-1\" \/>\n<link rel=\"canonical\" href=\"https:\/\/biocabaz.pt\/web\/produto\/posta-atum-natural-bio-santa-catarina\/\" \/>\n<meta property=\"og:locale\" content=\"pt_PT\" \/>\n<meta property=\"og:locale:alternate\" content=\"en_US\" \/>\n<meta property=\"og:type\" content=\"article\" \/>\n<meta property=\"og:title\" content=\"POSTA ATUM NATURAL BIO SANTA CATARINA\" \/>\n<meta property=\"og:description\" content=\"POSTA ATUM NATURAL BIO SANTA CATARINA\" \/>\n<meta property=\"og:url\" content=\"https:\/\/biocabaz.pt\/web\/produto\/posta-atum-natural-bio-santa-catarina\/\" \/>\n<meta property=\"og:site_name\" content=\"BIOCABAZ - CABAZES BIOL\u00d3GICOS\" \/>\n<meta property=\"article:modified_time\" content=\"2023-12-29T08:43:34+00:00\" \/>\n<meta property=\"og:image\" content=\"https:\/\/www.biocabaz.pt\/web\/wp-conteudos\/uploads\/2018\/12\/POSTA-ATUM-NATURAL-BIO-SANTA-CATARINA.jpg\" \/>\n\t<meta property=\"og:image:width\" content=\"512\" \/>\n\t<meta property=\"og:image:height\" content=\"512\" \/>\n\t<meta property=\"og:image:type\" content=\"image\/jpeg\" \/>\n<meta name=\"twitter:card\" content=\"summary_large_image\" \/>\n<script type=\"application\/ld+json\" class=\"yoast-schema-graph\">{\"@context\":\"https:\/\/schema.org\",\"@graph\":[{\"@type\":\"WebPage\",\"@id\":\"https:\/\/biocabaz.pt\/web\/en\/produto\/posta-atum-natural-bio-santa-catarina\/\",\"url\":\"https:\/\/biocabaz.pt\/web\/en\/produto\/posta-atum-natural-bio-santa-catarina\/\",\"name\":\"POSTA ATUM NATURAL BIO SANTA CATARINA\",\"isPartOf\":{\"@id\":\"https:\/\/www.biocabaz.pt\/web\/en\/#website\"},\"primaryImageOfPage\":{\"@id\":\"https:\/\/biocabaz.pt\/web\/en\/produto\/posta-atum-natural-bio-santa-catarina\/#primaryimage\"},\"image\":{\"@id\":\"https:\/\/biocabaz.pt\/web\/en\/produto\/posta-atum-natural-bio-santa-catarina\/#primaryimage\"},\"thumbnailUrl\":\"https:\/\/www.biocabaz.pt\/web\/wp-conteudos\/uploads\/2018\/12\/POSTA-ATUM-NATURAL-BIO-SANTA-CATARINA.jpg\",\"datePublished\":\"2018-12-28T18:58:36+00:00\",\"dateModified\":\"2023-12-29T08:43:34+00:00\",\"description\":\"POSTA ATUM NATURAL BIO SANTA CATARINA\",\"breadcrumb\":{\"@id\":\"https:\/\/biocabaz.pt\/web\/en\/produto\/posta-atum-natural-bio-santa-catarina\/#breadcrumb\"},\"inLanguage\":\"pt-PT\",\"potentialAction\":[{\"@type\":\"ReadAction\",\"target\":[\"https:\/\/biocabaz.pt\/web\/en\/produto\/posta-atum-natural-bio-santa-catarina\/\"]}]},{\"@type\":\"ImageObject\",\"inLanguage\":\"pt-PT\",\"@id\":\"https:\/\/biocabaz.pt\/web\/en\/produto\/posta-atum-natural-bio-santa-catarina\/#primaryimage\",\"url\":\"https:\/\/www.biocabaz.pt\/web\/wp-conteudos\/uploads\/2018\/12\/POSTA-ATUM-NATURAL-BIO-SANTA-CATARINA.jpg\",\"contentUrl\":\"https:\/\/www.biocabaz.pt\/web\/wp-conteudos\/uploads\/2018\/12\/POSTA-ATUM-NATURAL-BIO-SANTA-CATARINA.jpg\",\"width\":512,\"height\":512,\"caption\":\"POSTA ATUM NATURAL BIO SANTA CATARINA\"},{\"@type\":\"BreadcrumbList\",\"@id\":\"https:\/\/biocabaz.pt\/web\/en\/produto\/posta-atum-natural-bio-santa-catarina\/#breadcrumb\",\"itemListElement\":[{\"@type\":\"ListItem\",\"position\":1,\"name\":\"Home\",\"item\":\"https:\/\/www.biocabaz.pt\/web\/en\/\"},{\"@type\":\"ListItem\",\"position\":2,\"name\":\"Shop\",\"item\":\"https:\/\/www.biocabaz.pt\/web\/en\/shop\/\"},{\"@type\":\"ListItem\",\"position\":3,\"name\":\"SANTA CATARINA FILLET OF TUNA NATURAL\"}]},{\"@type\":\"WebSite\",\"@id\":\"https:\/\/www.biocabaz.pt\/web\/en\/#website\",\"url\":\"https:\/\/www.biocabaz.pt\/web\/en\/\",\"name\":\"BIOCABAZ - CABAZES BIOL\u00d3GICOS\",\"description\":\"O melhor que a terra d\u00e1 \u00e9 para si\",\"potentialAction\":[{\"@type\":\"SearchAction\",\"target\":{\"@type\":\"EntryPoint\",\"urlTemplate\":\"https:\/\/www.biocabaz.pt\/web\/en\/?s={search_term_string}\"},\"query-input\":{\"@type\":\"PropertyValueSpecification\",\"valueRequired\":true,\"valueName\":\"search_term_string\"}}],\"inLanguage\":\"pt-PT\"}]}<\/script>\n<!-- \/ Yoast SEO plugin. -->","yoast_head_json":{"title":"POSTA ATUM NATURAL BIO SANTA CATARINA","description":"POSTA ATUM NATURAL BIO SANTA CATARINA","robots":{"index":"index","follow":"follow","max-snippet":"max-snippet:-1","max-image-preview":"max-image-preview:large","max-video-preview":"max-video-preview:-1"},"canonical":"https:\/\/biocabaz.pt\/web\/produto\/posta-atum-natural-bio-santa-catarina\/","og_locale":"pt_PT","og_type":"article","og_title":"[:en]SANTA CATARINA FILLET OF TUNA NATURAL[:pt]POSTA ATUM NATURAL BIO SANTA CATARINA[:] - BIOCABAZ - CABAZES BIOL\u00d3GICOS","og_description":"POSTA ATUM NATURAL BIO SANTA CATARINA","og_url":"https:\/\/biocabaz.pt\/web\/produto\/posta-atum-natural-bio-santa-catarina\/","og_site_name":"BIOCABAZ - CABAZES BIOL\u00d3GICOS","article_modified_time":"2023-12-29T08:43:34+00:00","og_image":[{"width":512,"height":512,"url":"https:\/\/www.biocabaz.pt\/web\/wp-conteudos\/uploads\/2018\/12\/POSTA-ATUM-NATURAL-BIO-SANTA-CATARINA.jpg","type":"image\/jpeg"}],"twitter_card":"summary_large_image","schema":{"@context":"https:\/\/schema.org","@graph":[{"@type":"WebPage","@id":"https:\/\/biocabaz.pt\/web\/en\/produto\/posta-atum-natural-bio-santa-catarina\/","url":"https:\/\/biocabaz.pt\/web\/en\/produto\/posta-atum-natural-bio-santa-catarina\/","name":"POSTA ATUM NATURAL BIO SANTA CATARINA","isPartOf":{"@id":"https:\/\/www.biocabaz.pt\/web\/en\/#website"},"primaryImageOfPage":{"@id":"https:\/\/biocabaz.pt\/web\/en\/produto\/posta-atum-natural-bio-santa-catarina\/#primaryimage"},"image":{"@id":"https:\/\/biocabaz.pt\/web\/en\/produto\/posta-atum-natural-bio-santa-catarina\/#primaryimage"},"thumbnailUrl":"https:\/\/www.biocabaz.pt\/web\/wp-conteudos\/uploads\/2018\/12\/POSTA-ATUM-NATURAL-BIO-SANTA-CATARINA.jpg","datePublished":"2018-12-28T18:58:36+00:00","dateModified":"2023-12-29T08:43:34+00:00","description":"POSTA ATUM NATURAL BIO SANTA CATARINA","breadcrumb":{"@id":"https:\/\/biocabaz.pt\/web\/en\/produto\/posta-atum-natural-bio-santa-catarina\/#breadcrumb"},"inLanguage":"pt-PT","potentialAction":[{"@type":"ReadAction","target":["https:\/\/biocabaz.pt\/web\/en\/produto\/posta-atum-natural-bio-santa-catarina\/"]}]},{"@type":"ImageObject","inLanguage":"pt-PT","@id":"https:\/\/biocabaz.pt\/web\/en\/produto\/posta-atum-natural-bio-santa-catarina\/#primaryimage","url":"https:\/\/www.biocabaz.pt\/web\/wp-conteudos\/uploads\/2018\/12\/POSTA-ATUM-NATURAL-BIO-SANTA-CATARINA.jpg","contentUrl":"https:\/\/www.biocabaz.pt\/web\/wp-conteudos\/uploads\/2018\/12\/POSTA-ATUM-NATURAL-BIO-SANTA-CATARINA.jpg","width":512,"height":512,"caption":"POSTA ATUM NATURAL BIO SANTA CATARINA"},{"@type":"BreadcrumbList","@id":"https:\/\/biocabaz.pt\/web\/en\/produto\/posta-atum-natural-bio-santa-catarina\/#breadcrumb","itemListElement":[{"@type":"ListItem","position":1,"name":"Home","item":"https:\/\/www.biocabaz.pt\/web\/en\/"},{"@type":"ListItem","position":2,"name":"Shop","item":"https:\/\/www.biocabaz.pt\/web\/en\/shop\/"},{"@type":"ListItem","position":3,"name":"SANTA CATARINA FILLET OF TUNA NATURAL"}]},{"@type":"WebSite","@id":"https:\/\/www.biocabaz.pt\/web\/en\/#website","url":"https:\/\/www.biocabaz.pt\/web\/en\/","name":"BIOCABAZ - CABAZES BIOL\u00d3GICOS","description":"O melhor que a terra d\u00e1 \u00e9 para si","potentialAction":[{"@type":"SearchAction","target":{"@type":"EntryPoint","urlTemplate":"https:\/\/www.biocabaz.pt\/web\/en\/?s={search_term_string}"},"query-input":{"@type":"PropertyValueSpecification","valueRequired":true,"valueName":"search_term_string"}}],"inLanguage":"pt-PT"}]}},"_links":{"self":[{"href":"https:\/\/biocabaz.pt\/web\/wp-json\/wp\/v2\/product\/11400","targetHints":{"allow":["GET"]}}],"collection":[{"href":"https:\/\/biocabaz.pt\/web\/wp-json\/wp\/v2\/product"}],"about":[{"href":"https:\/\/biocabaz.pt\/web\/wp-json\/wp\/v2\/types\/product"}],"replies":[{"embeddable":true,"href":"https:\/\/biocabaz.pt\/web\/wp-json\/wp\/v2\/comments?post=11400"}],"wp:featuredmedia":[{"embeddable":true,"href":"https:\/\/biocabaz.pt\/web\/wp-json\/wp\/v2\/media\/11401"}],"wp:attachment":[{"href":"https:\/\/biocabaz.pt\/web\/wp-json\/wp\/v2\/media?parent=11400"}],"wp:term":[{"taxonomy":"product_cat","embeddable":true,"href":"https:\/\/biocabaz.pt\/web\/wp-json\/wp\/v2\/product_cat?post=11400"},{"taxonomy":"product_tag","embeddable":true,"href":"https:\/\/biocabaz.pt\/web\/wp-json\/wp\/v2\/product_tag?post=11400"}],"curies":[{"name":"wp","href":"https:\/\/api.w.org\/{rel}","templated":true}]}}