{"id":11365,"date":"2018-12-28T10:55:04","date_gmt":"2018-12-28T10:55:04","guid":{"rendered":"https:\/\/www.biocabaz.pt\/web\/?post_type=product&#038;p=11365"},"modified":"2024-07-08T10:56:38","modified_gmt":"2024-07-08T10:56:38","slug":"mel-multifloral-bio-500g-casa-dos-montes","status":"publish","type":"product","link":"https:\/\/biocabaz.pt\/web\/produto\/mel-multifloral-bio-500g-casa-dos-montes\/","title":{"rendered":"MEL MULTIFLORAL BIO 500G CASA DOS MONTES"},"content":{"rendered":"<p><strong>Descri\u00e7\u00e3o <\/strong><br \/>\n\t\t\t\tIngredientes: mel multifloral, produzido em Portugal.<\/p>\n<p><strong>Dados Nutricionais<\/strong><br \/>\n\t\t\t\tDeclara\u00e7\u00e3o Nutricional por 100g:<br \/> Energia: 1293kJ\/309kcal;<br \/> L\u00edpidos: 0,0g;<br \/> dos quais saturados: 0,0;<br \/> Hidratos de carbono: 78g &#8211; dos quais a\u00e7\u00facares: 78g;<br \/> Fibra: 0g;<br \/> Prote\u00ednas: 0,5g;<br \/> Sal: 0,012g<\/p>\n<p><strong>Modo Utiliza\u00e7\u00e3o<\/strong><br \/>O mel tem tend\u00eancia para cristalizar a baixas temperaturas, o que \u00e9 uma garantia da sua pureza. Para descristalizar basta aquecer em banho maria a temperatura inferior a 35\u00baC.<\/p>\n","protected":false},"excerpt":{"rendered":"<p>Descri\u00e7\u00e3o Ingredientes: mel multifloral, produzido em Portugal. Dados Nutricionais Declara\u00e7\u00e3o Nutricional por 100g: Energia: 1293kJ\/309kcal; L\u00edpidos: 0,0g; dos quais saturados: 0,0; Hidratos de carbono: 78g &#8211; dos quais a\u00e7\u00facares: 78g; Fibra: 0g; Prote\u00ednas: 0,5g; Sal: 0,012g Modo Utiliza\u00e7\u00e3oO mel tem tend\u00eancia para cristalizar a baixas temperaturas, o que \u00e9 uma garantia da sua pureza. Para [&hellip;]<\/p>\n","protected":false},"featured_media":11366,"comment_status":"closed","ping_status":"closed","template":"","meta":[],"product_cat":[32],"product_tag":[],"class_list":["post-11365","product","type-product","status-publish","has-post-thumbnail","hentry","product_cat-compotas-e-mel"],"bundle_layout":"","bundled_by":[],"bundled_items":[],"yoast_head":"<!-- This site is optimized with the Yoast SEO plugin v26.3 - https:\/\/yoast.com\/wordpress\/plugins\/seo\/ -->\n<title>MEL MULTIFLORAL BIO 500G CASA DOS MONTES<\/title>\n<meta name=\"description\" content=\"MEL MULTIFLORAL BIO 500G CASA DOS MONTES\" \/>\n<meta name=\"robots\" content=\"index, follow, max-snippet:-1, max-image-preview:large, max-video-preview:-1\" \/>\n<link rel=\"canonical\" href=\"https:\/\/biocabaz.pt\/web\/produto\/mel-multifloral-bio-500g-casa-dos-montes\/\" \/>\n<meta property=\"og:locale\" content=\"pt_PT\" \/>\n<meta property=\"og:locale:alternate\" content=\"en_US\" \/>\n<meta property=\"og:type\" content=\"article\" \/>\n<meta property=\"og:title\" content=\"MEL MULTIFLORAL BIO 500G CASA DOS MONTES\" \/>\n<meta property=\"og:description\" content=\"MEL MULTIFLORAL BIO 500G CASA DOS MONTES\" \/>\n<meta property=\"og:url\" content=\"https:\/\/biocabaz.pt\/web\/produto\/mel-multifloral-bio-500g-casa-dos-montes\/\" \/>\n<meta property=\"og:site_name\" content=\"BIOCABAZ - CABAZES BIOL\u00d3GICOS\" \/>\n<meta property=\"article:modified_time\" content=\"2024-07-08T10:56:38+00:00\" \/>\n<meta property=\"og:image\" content=\"https:\/\/www.biocabaz.pt\/web\/wp-conteudos\/uploads\/2018\/12\/MEL-MULTIFLORAL-BIO-500G-CASA-DOS-MONTES-e1545994476737.jpg\" \/>\n\t<meta property=\"og:image:width\" content=\"600\" \/>\n\t<meta property=\"og:image:height\" content=\"907\" \/>\n\t<meta property=\"og:image:type\" content=\"image\/jpeg\" \/>\n<meta name=\"twitter:card\" content=\"summary_large_image\" \/>\n<meta name=\"twitter:label1\" content=\"Est. reading time\" \/>\n\t<meta name=\"twitter:data1\" content=\"1 minuto\" \/>\n<script type=\"application\/ld+json\" class=\"yoast-schema-graph\">{\"@context\":\"https:\/\/schema.org\",\"@graph\":[{\"@type\":\"WebPage\",\"@id\":\"https:\/\/biocabaz.pt\/web\/produto\/mel-multifloral-bio-500g-casa-dos-montes\/\",\"url\":\"https:\/\/biocabaz.pt\/web\/produto\/mel-multifloral-bio-500g-casa-dos-montes\/\",\"name\":\"MEL MULTIFLORAL BIO 500G CASA DOS MONTES\",\"isPartOf\":{\"@id\":\"https:\/\/biocabaz.pt\/web\/#website\"},\"primaryImageOfPage\":{\"@id\":\"https:\/\/biocabaz.pt\/web\/produto\/mel-multifloral-bio-500g-casa-dos-montes\/#primaryimage\"},\"image\":{\"@id\":\"https:\/\/biocabaz.pt\/web\/produto\/mel-multifloral-bio-500g-casa-dos-montes\/#primaryimage\"},\"thumbnailUrl\":\"https:\/\/www.biocabaz.pt\/web\/wp-conteudos\/uploads\/2018\/12\/MEL-MULTIFLORAL-BIO-500G-CASA-DOS-MONTES-e1545994476737.jpg\",\"datePublished\":\"2018-12-28T10:55:04+00:00\",\"dateModified\":\"2024-07-08T10:56:38+00:00\",\"description\":\"MEL MULTIFLORAL BIO 500G CASA DOS MONTES\",\"breadcrumb\":{\"@id\":\"https:\/\/biocabaz.pt\/web\/produto\/mel-multifloral-bio-500g-casa-dos-montes\/#breadcrumb\"},\"inLanguage\":\"pt-PT\",\"potentialAction\":[{\"@type\":\"ReadAction\",\"target\":[\"https:\/\/biocabaz.pt\/web\/produto\/mel-multifloral-bio-500g-casa-dos-montes\/\"]}]},{\"@type\":\"ImageObject\",\"inLanguage\":\"pt-PT\",\"@id\":\"https:\/\/biocabaz.pt\/web\/produto\/mel-multifloral-bio-500g-casa-dos-montes\/#primaryimage\",\"url\":\"https:\/\/www.biocabaz.pt\/web\/wp-conteudos\/uploads\/2018\/12\/MEL-MULTIFLORAL-BIO-500G-CASA-DOS-MONTES-e1545994476737.jpg\",\"contentUrl\":\"https:\/\/www.biocabaz.pt\/web\/wp-conteudos\/uploads\/2018\/12\/MEL-MULTIFLORAL-BIO-500G-CASA-DOS-MONTES-e1545994476737.jpg\",\"width\":600,\"height\":907,\"caption\":\"MEL MULTIFLORAL BIO 1KG CASA DOS MONTES\"},{\"@type\":\"BreadcrumbList\",\"@id\":\"https:\/\/biocabaz.pt\/web\/produto\/mel-multifloral-bio-500g-casa-dos-montes\/#breadcrumb\",\"itemListElement\":[{\"@type\":\"ListItem\",\"position\":1,\"name\":\"Home\",\"item\":\"https:\/\/biocabaz.pt\/web\/\"},{\"@type\":\"ListItem\",\"position\":2,\"name\":\"Loja\",\"item\":\"https:\/\/biocabaz.pt\/web\/shop\/\"},{\"@type\":\"ListItem\",\"position\":3,\"name\":\"MEL MULTIFLORAL BIO 500G CASA DOS MONTES\"}]},{\"@type\":\"WebSite\",\"@id\":\"https:\/\/biocabaz.pt\/web\/#website\",\"url\":\"https:\/\/biocabaz.pt\/web\/\",\"name\":\"BIOCABAZ - CABAZES BIOL\u00d3GICOS\",\"description\":\"O melhor que a terra d\u00e1 \u00e9 para si\",\"potentialAction\":[{\"@type\":\"SearchAction\",\"target\":{\"@type\":\"EntryPoint\",\"urlTemplate\":\"https:\/\/biocabaz.pt\/web\/?s={search_term_string}\"},\"query-input\":{\"@type\":\"PropertyValueSpecification\",\"valueRequired\":true,\"valueName\":\"search_term_string\"}}],\"inLanguage\":\"pt-PT\"}]}<\/script>\n<!-- \/ Yoast SEO plugin. -->","yoast_head_json":{"title":"MEL MULTIFLORAL BIO 500G CASA DOS MONTES","description":"MEL MULTIFLORAL BIO 500G CASA DOS MONTES","robots":{"index":"index","follow":"follow","max-snippet":"max-snippet:-1","max-image-preview":"max-image-preview:large","max-video-preview":"max-video-preview:-1"},"canonical":"https:\/\/biocabaz.pt\/web\/produto\/mel-multifloral-bio-500g-casa-dos-montes\/","og_locale":"pt_PT","og_type":"article","og_title":"[:en]CASA DOS MONTES MULTIFLORAL HONEY 500GR[:pt]MEL MULTIFLORAL BIO 500G CASA DOS MONTES[:] - BIOCABAZ - CABAZES BIOL\u00d3GICOS","og_description":"MEL MULTIFLORAL BIO 500G CASA DOS MONTES","og_url":"https:\/\/biocabaz.pt\/web\/produto\/mel-multifloral-bio-500g-casa-dos-montes\/","og_site_name":"BIOCABAZ - CABAZES BIOL\u00d3GICOS","article_modified_time":"2024-07-08T10:56:38+00:00","og_image":[{"width":600,"height":907,"url":"https:\/\/www.biocabaz.pt\/web\/wp-conteudos\/uploads\/2018\/12\/MEL-MULTIFLORAL-BIO-500G-CASA-DOS-MONTES-e1545994476737.jpg","type":"image\/jpeg"}],"twitter_card":"summary_large_image","twitter_misc":{"Est. reading time":"1 minuto"},"schema":{"@context":"https:\/\/schema.org","@graph":[{"@type":"WebPage","@id":"https:\/\/biocabaz.pt\/web\/produto\/mel-multifloral-bio-500g-casa-dos-montes\/","url":"https:\/\/biocabaz.pt\/web\/produto\/mel-multifloral-bio-500g-casa-dos-montes\/","name":"MEL MULTIFLORAL BIO 500G CASA DOS MONTES","isPartOf":{"@id":"https:\/\/biocabaz.pt\/web\/#website"},"primaryImageOfPage":{"@id":"https:\/\/biocabaz.pt\/web\/produto\/mel-multifloral-bio-500g-casa-dos-montes\/#primaryimage"},"image":{"@id":"https:\/\/biocabaz.pt\/web\/produto\/mel-multifloral-bio-500g-casa-dos-montes\/#primaryimage"},"thumbnailUrl":"https:\/\/www.biocabaz.pt\/web\/wp-conteudos\/uploads\/2018\/12\/MEL-MULTIFLORAL-BIO-500G-CASA-DOS-MONTES-e1545994476737.jpg","datePublished":"2018-12-28T10:55:04+00:00","dateModified":"2024-07-08T10:56:38+00:00","description":"MEL MULTIFLORAL BIO 500G CASA DOS MONTES","breadcrumb":{"@id":"https:\/\/biocabaz.pt\/web\/produto\/mel-multifloral-bio-500g-casa-dos-montes\/#breadcrumb"},"inLanguage":"pt-PT","potentialAction":[{"@type":"ReadAction","target":["https:\/\/biocabaz.pt\/web\/produto\/mel-multifloral-bio-500g-casa-dos-montes\/"]}]},{"@type":"ImageObject","inLanguage":"pt-PT","@id":"https:\/\/biocabaz.pt\/web\/produto\/mel-multifloral-bio-500g-casa-dos-montes\/#primaryimage","url":"https:\/\/www.biocabaz.pt\/web\/wp-conteudos\/uploads\/2018\/12\/MEL-MULTIFLORAL-BIO-500G-CASA-DOS-MONTES-e1545994476737.jpg","contentUrl":"https:\/\/www.biocabaz.pt\/web\/wp-conteudos\/uploads\/2018\/12\/MEL-MULTIFLORAL-BIO-500G-CASA-DOS-MONTES-e1545994476737.jpg","width":600,"height":907,"caption":"MEL MULTIFLORAL BIO 1KG CASA DOS MONTES"},{"@type":"BreadcrumbList","@id":"https:\/\/biocabaz.pt\/web\/produto\/mel-multifloral-bio-500g-casa-dos-montes\/#breadcrumb","itemListElement":[{"@type":"ListItem","position":1,"name":"Home","item":"https:\/\/biocabaz.pt\/web\/"},{"@type":"ListItem","position":2,"name":"Loja","item":"https:\/\/biocabaz.pt\/web\/shop\/"},{"@type":"ListItem","position":3,"name":"MEL MULTIFLORAL BIO 500G CASA DOS MONTES"}]},{"@type":"WebSite","@id":"https:\/\/biocabaz.pt\/web\/#website","url":"https:\/\/biocabaz.pt\/web\/","name":"BIOCABAZ - CABAZES BIOL\u00d3GICOS","description":"O melhor que a terra d\u00e1 \u00e9 para si","potentialAction":[{"@type":"SearchAction","target":{"@type":"EntryPoint","urlTemplate":"https:\/\/biocabaz.pt\/web\/?s={search_term_string}"},"query-input":{"@type":"PropertyValueSpecification","valueRequired":true,"valueName":"search_term_string"}}],"inLanguage":"pt-PT"}]}},"_links":{"self":[{"href":"https:\/\/biocabaz.pt\/web\/wp-json\/wp\/v2\/product\/11365","targetHints":{"allow":["GET"]}}],"collection":[{"href":"https:\/\/biocabaz.pt\/web\/wp-json\/wp\/v2\/product"}],"about":[{"href":"https:\/\/biocabaz.pt\/web\/wp-json\/wp\/v2\/types\/product"}],"replies":[{"embeddable":true,"href":"https:\/\/biocabaz.pt\/web\/wp-json\/wp\/v2\/comments?post=11365"}],"wp:featuredmedia":[{"embeddable":true,"href":"https:\/\/biocabaz.pt\/web\/wp-json\/wp\/v2\/media\/11366"}],"wp:attachment":[{"href":"https:\/\/biocabaz.pt\/web\/wp-json\/wp\/v2\/media?parent=11365"}],"wp:term":[{"taxonomy":"product_cat","embeddable":true,"href":"https:\/\/biocabaz.pt\/web\/wp-json\/wp\/v2\/product_cat?post=11365"},{"taxonomy":"product_tag","embeddable":true,"href":"https:\/\/biocabaz.pt\/web\/wp-json\/wp\/v2\/product_tag?post=11365"}],"curies":[{"name":"wp","href":"https:\/\/api.w.org\/{rel}","templated":true}]}}