{"id":11353,"date":"2018-12-27T16:32:15","date_gmt":"2018-12-27T16:32:15","guid":{"rendered":"https:\/\/www.biocabaz.pt\/web\/?post_type=product&#038;p=11353"},"modified":"2025-03-26T22:11:11","modified_gmt":"2025-03-26T22:11:11","slug":"chocolate-leite-c-avelas-bio-100grs-vivani","status":"publish","type":"product","link":"https:\/\/biocabaz.pt\/web\/produto\/chocolate-leite-c-avelas-bio-100grs-vivani\/","title":{"rendered":"CHOCOLATE LEITE C\/AVEL\u00c3S BIO 100GRS VIVANI"},"content":{"rendered":"<p><strong>Descri\u00e7\u00e3o <\/strong><br \/>\n\t\t\t\tIngredientes: A\u00e7\u00facar de cana em bruto*, manteiga de cacau*,leite integral em p\u00f3* avel\u00e3s picadas* (10 %), pasta de cacau*, natas em p\u00f3*, leite desnatado em p\u00f3*, baunilha de bourbon*. Cacau s\u00f3lido: m\u00ednimo 33%. Produtos l\u00e1cteos: 24 %.Pode conter vest\u00edgios de am\u00eandoas e trigo. *Proveniente de agricultura biol\u00f3gica.<\/p>\n<p><strong>Dados Nutricionais<\/strong><br \/>\n\t\t\t\tDeclara\u00e7\u00e3o Nutricional por 100g:<br \/> Energia: 2457 KJ\/ 591kcal;<br \/> L\u00edpidos: 41,5g &#8211; dos quais saturados: 22,3g;<br \/> hidratos de carbono: 45,1g &#8211; dos quais a\u00e7\u00facares: 43g;<br \/> Prote\u00ednas: 7,8g;<br \/> sal: 0,21g.<\/p>\n<p><strong>Modo Utiliza\u00e7\u00e3o<\/strong><br \/>Conservar em local seco e fresco.<\/p>\n","protected":false},"excerpt":{"rendered":"<p>Descri\u00e7\u00e3o Ingredientes: A\u00e7\u00facar de cana em bruto*, manteiga de cacau*,leite integral em p\u00f3* avel\u00e3s picadas* (10 %), pasta de cacau*, natas em p\u00f3*, leite desnatado em p\u00f3*, baunilha de bourbon*. Cacau s\u00f3lido: m\u00ednimo 33%. Produtos l\u00e1cteos: 24 %.Pode conter vest\u00edgios de am\u00eandoas e trigo. *Proveniente de agricultura biol\u00f3gica. Dados Nutricionais Declara\u00e7\u00e3o Nutricional por 100g: Energia: [&hellip;]<\/p>\n","protected":false},"featured_media":11354,"comment_status":"closed","ping_status":"closed","template":"","meta":[],"product_cat":[31],"product_tag":[],"class_list":["post-11353","product","type-product","status-publish","has-post-thumbnail","hentry","product_cat-chocolates"],"bundle_layout":"","bundled_by":[],"bundled_items":[],"yoast_head":"<!-- This site is optimized with the Yoast SEO plugin v26.3 - https:\/\/yoast.com\/wordpress\/plugins\/seo\/ -->\n<title>CHOCOLATE LEITE C\/AVEL\u00c3S BIO 100GRS VIVANI<\/title>\n<meta name=\"description\" content=\"CHOCOLATE LEITE C\/AVEL\u00c3S BIO 100GRS VIVANI\" \/>\n<meta name=\"robots\" content=\"index, follow, max-snippet:-1, max-image-preview:large, max-video-preview:-1\" \/>\n<link rel=\"canonical\" href=\"https:\/\/biocabaz.pt\/web\/produto\/chocolate-leite-c-avelas-bio-100grs-vivani\/\" \/>\n<meta property=\"og:locale\" content=\"pt_PT\" \/>\n<meta property=\"og:locale:alternate\" content=\"en_US\" \/>\n<meta property=\"og:type\" content=\"article\" \/>\n<meta property=\"og:title\" content=\"CHOCOLATE LEITE C\/AVEL\u00c3S BIO 100GRS VIVANI\" \/>\n<meta property=\"og:description\" content=\"CHOCOLATE LEITE C\/AVEL\u00c3S BIO 100GRS VIVANI\" \/>\n<meta property=\"og:url\" content=\"https:\/\/biocabaz.pt\/web\/produto\/chocolate-leite-c-avelas-bio-100grs-vivani\/\" \/>\n<meta property=\"og:site_name\" content=\"BIOCABAZ - CABAZES BIOL\u00d3GICOS\" \/>\n<meta property=\"article:modified_time\" content=\"2025-03-26T22:11:11+00:00\" \/>\n<meta property=\"og:image\" content=\"https:\/\/www.biocabaz.pt\/web\/wp-conteudos\/uploads\/2018\/12\/CHOCOLATE-LEITE-COM-AVEL\u00c3S-BIO-100GRS-VIVANI.jpg\" \/>\n\t<meta property=\"og:image:width\" content=\"363\" \/>\n\t<meta property=\"og:image:height\" content=\"665\" \/>\n\t<meta property=\"og:image:type\" content=\"image\/jpeg\" \/>\n<meta name=\"twitter:card\" content=\"summary_large_image\" \/>\n<meta name=\"twitter:label1\" content=\"Est. reading time\" \/>\n\t<meta name=\"twitter:data1\" content=\"1 minuto\" \/>\n<script type=\"application\/ld+json\" class=\"yoast-schema-graph\">{\"@context\":\"https:\/\/schema.org\",\"@graph\":[{\"@type\":\"WebPage\",\"@id\":\"https:\/\/biocabaz.pt\/web\/produto\/chocolate-leite-c-avelas-bio-100grs-vivani\/\",\"url\":\"https:\/\/biocabaz.pt\/web\/produto\/chocolate-leite-c-avelas-bio-100grs-vivani\/\",\"name\":\"CHOCOLATE LEITE C\/AVEL\u00c3S BIO 100GRS VIVANI\",\"isPartOf\":{\"@id\":\"https:\/\/biocabaz.pt\/web\/#website\"},\"primaryImageOfPage\":{\"@id\":\"https:\/\/biocabaz.pt\/web\/produto\/chocolate-leite-c-avelas-bio-100grs-vivani\/#primaryimage\"},\"image\":{\"@id\":\"https:\/\/biocabaz.pt\/web\/produto\/chocolate-leite-c-avelas-bio-100grs-vivani\/#primaryimage\"},\"thumbnailUrl\":\"https:\/\/www.biocabaz.pt\/web\/wp-conteudos\/uploads\/2018\/12\/CHOCOLATE-LEITE-COM-AVEL\u00c3S-BIO-100GRS-VIVANI.jpg\",\"datePublished\":\"2018-12-27T16:32:15+00:00\",\"dateModified\":\"2025-03-26T22:11:11+00:00\",\"description\":\"CHOCOLATE LEITE C\/AVEL\u00c3S BIO 100GRS VIVANI\",\"breadcrumb\":{\"@id\":\"https:\/\/biocabaz.pt\/web\/produto\/chocolate-leite-c-avelas-bio-100grs-vivani\/#breadcrumb\"},\"inLanguage\":\"pt-PT\",\"potentialAction\":[{\"@type\":\"ReadAction\",\"target\":[\"https:\/\/biocabaz.pt\/web\/produto\/chocolate-leite-c-avelas-bio-100grs-vivani\/\"]}]},{\"@type\":\"ImageObject\",\"inLanguage\":\"pt-PT\",\"@id\":\"https:\/\/biocabaz.pt\/web\/produto\/chocolate-leite-c-avelas-bio-100grs-vivani\/#primaryimage\",\"url\":\"https:\/\/www.biocabaz.pt\/web\/wp-conteudos\/uploads\/2018\/12\/CHOCOLATE-LEITE-COM-AVEL\u00c3S-BIO-100GRS-VIVANI.jpg\",\"contentUrl\":\"https:\/\/www.biocabaz.pt\/web\/wp-conteudos\/uploads\/2018\/12\/CHOCOLATE-LEITE-COM-AVEL\u00c3S-BIO-100GRS-VIVANI.jpg\",\"width\":363,\"height\":665,\"caption\":\"CHOCOLATE LEITE C\/AVEL\u00c3S BIO 100GRS VIVANI\"},{\"@type\":\"BreadcrumbList\",\"@id\":\"https:\/\/biocabaz.pt\/web\/produto\/chocolate-leite-c-avelas-bio-100grs-vivani\/#breadcrumb\",\"itemListElement\":[{\"@type\":\"ListItem\",\"position\":1,\"name\":\"Home\",\"item\":\"https:\/\/biocabaz.pt\/web\/\"},{\"@type\":\"ListItem\",\"position\":2,\"name\":\"Loja\",\"item\":\"https:\/\/biocabaz.pt\/web\/shop\/\"},{\"@type\":\"ListItem\",\"position\":3,\"name\":\"CHOCOLATE LEITE C\/AVEL\u00c3S BIO 100GRS VIVANI\"}]},{\"@type\":\"WebSite\",\"@id\":\"https:\/\/biocabaz.pt\/web\/#website\",\"url\":\"https:\/\/biocabaz.pt\/web\/\",\"name\":\"BIOCABAZ - CABAZES BIOL\u00d3GICOS\",\"description\":\"O melhor que a terra d\u00e1 \u00e9 para si\",\"potentialAction\":[{\"@type\":\"SearchAction\",\"target\":{\"@type\":\"EntryPoint\",\"urlTemplate\":\"https:\/\/biocabaz.pt\/web\/?s={search_term_string}\"},\"query-input\":{\"@type\":\"PropertyValueSpecification\",\"valueRequired\":true,\"valueName\":\"search_term_string\"}}],\"inLanguage\":\"pt-PT\"}]}<\/script>\n<!-- \/ Yoast SEO plugin. -->","yoast_head_json":{"title":"CHOCOLATE LEITE C\/AVEL\u00c3S BIO 100GRS VIVANI","description":"CHOCOLATE LEITE C\/AVEL\u00c3S BIO 100GRS VIVANI","robots":{"index":"index","follow":"follow","max-snippet":"max-snippet:-1","max-image-preview":"max-image-preview:large","max-video-preview":"max-video-preview:-1"},"canonical":"https:\/\/biocabaz.pt\/web\/produto\/chocolate-leite-c-avelas-bio-100grs-vivani\/","og_locale":"pt_PT","og_type":"article","og_title":"[:en]VIVANI ORGANIC MILK CHOCOLATE WITH HAZELNUTS 100GR[:pt]CHOCOLATE LEITE C\/AVEL\u00c3S BIO 100GRS VIVANI[:] - BIOCABAZ - CABAZES BIOL\u00d3GICOS","og_description":"CHOCOLATE LEITE C\/AVEL\u00c3S BIO 100GRS VIVANI","og_url":"https:\/\/biocabaz.pt\/web\/produto\/chocolate-leite-c-avelas-bio-100grs-vivani\/","og_site_name":"BIOCABAZ - CABAZES BIOL\u00d3GICOS","article_modified_time":"2025-03-26T22:11:11+00:00","og_image":[{"width":363,"height":665,"url":"https:\/\/www.biocabaz.pt\/web\/wp-conteudos\/uploads\/2018\/12\/CHOCOLATE-LEITE-COM-AVEL\u00c3S-BIO-100GRS-VIVANI.jpg","type":"image\/jpeg"}],"twitter_card":"summary_large_image","twitter_misc":{"Est. reading time":"1 minuto"},"schema":{"@context":"https:\/\/schema.org","@graph":[{"@type":"WebPage","@id":"https:\/\/biocabaz.pt\/web\/produto\/chocolate-leite-c-avelas-bio-100grs-vivani\/","url":"https:\/\/biocabaz.pt\/web\/produto\/chocolate-leite-c-avelas-bio-100grs-vivani\/","name":"CHOCOLATE LEITE C\/AVEL\u00c3S BIO 100GRS VIVANI","isPartOf":{"@id":"https:\/\/biocabaz.pt\/web\/#website"},"primaryImageOfPage":{"@id":"https:\/\/biocabaz.pt\/web\/produto\/chocolate-leite-c-avelas-bio-100grs-vivani\/#primaryimage"},"image":{"@id":"https:\/\/biocabaz.pt\/web\/produto\/chocolate-leite-c-avelas-bio-100grs-vivani\/#primaryimage"},"thumbnailUrl":"https:\/\/www.biocabaz.pt\/web\/wp-conteudos\/uploads\/2018\/12\/CHOCOLATE-LEITE-COM-AVEL\u00c3S-BIO-100GRS-VIVANI.jpg","datePublished":"2018-12-27T16:32:15+00:00","dateModified":"2025-03-26T22:11:11+00:00","description":"CHOCOLATE LEITE C\/AVEL\u00c3S BIO 100GRS VIVANI","breadcrumb":{"@id":"https:\/\/biocabaz.pt\/web\/produto\/chocolate-leite-c-avelas-bio-100grs-vivani\/#breadcrumb"},"inLanguage":"pt-PT","potentialAction":[{"@type":"ReadAction","target":["https:\/\/biocabaz.pt\/web\/produto\/chocolate-leite-c-avelas-bio-100grs-vivani\/"]}]},{"@type":"ImageObject","inLanguage":"pt-PT","@id":"https:\/\/biocabaz.pt\/web\/produto\/chocolate-leite-c-avelas-bio-100grs-vivani\/#primaryimage","url":"https:\/\/www.biocabaz.pt\/web\/wp-conteudos\/uploads\/2018\/12\/CHOCOLATE-LEITE-COM-AVEL\u00c3S-BIO-100GRS-VIVANI.jpg","contentUrl":"https:\/\/www.biocabaz.pt\/web\/wp-conteudos\/uploads\/2018\/12\/CHOCOLATE-LEITE-COM-AVEL\u00c3S-BIO-100GRS-VIVANI.jpg","width":363,"height":665,"caption":"CHOCOLATE LEITE C\/AVEL\u00c3S BIO 100GRS VIVANI"},{"@type":"BreadcrumbList","@id":"https:\/\/biocabaz.pt\/web\/produto\/chocolate-leite-c-avelas-bio-100grs-vivani\/#breadcrumb","itemListElement":[{"@type":"ListItem","position":1,"name":"Home","item":"https:\/\/biocabaz.pt\/web\/"},{"@type":"ListItem","position":2,"name":"Loja","item":"https:\/\/biocabaz.pt\/web\/shop\/"},{"@type":"ListItem","position":3,"name":"CHOCOLATE LEITE C\/AVEL\u00c3S BIO 100GRS VIVANI"}]},{"@type":"WebSite","@id":"https:\/\/biocabaz.pt\/web\/#website","url":"https:\/\/biocabaz.pt\/web\/","name":"BIOCABAZ - CABAZES BIOL\u00d3GICOS","description":"O melhor que a terra d\u00e1 \u00e9 para si","potentialAction":[{"@type":"SearchAction","target":{"@type":"EntryPoint","urlTemplate":"https:\/\/biocabaz.pt\/web\/?s={search_term_string}"},"query-input":{"@type":"PropertyValueSpecification","valueRequired":true,"valueName":"search_term_string"}}],"inLanguage":"pt-PT"}]}},"_links":{"self":[{"href":"https:\/\/biocabaz.pt\/web\/wp-json\/wp\/v2\/product\/11353","targetHints":{"allow":["GET"]}}],"collection":[{"href":"https:\/\/biocabaz.pt\/web\/wp-json\/wp\/v2\/product"}],"about":[{"href":"https:\/\/biocabaz.pt\/web\/wp-json\/wp\/v2\/types\/product"}],"replies":[{"embeddable":true,"href":"https:\/\/biocabaz.pt\/web\/wp-json\/wp\/v2\/comments?post=11353"}],"wp:featuredmedia":[{"embeddable":true,"href":"https:\/\/biocabaz.pt\/web\/wp-json\/wp\/v2\/media\/11354"}],"wp:attachment":[{"href":"https:\/\/biocabaz.pt\/web\/wp-json\/wp\/v2\/media?parent=11353"}],"wp:term":[{"taxonomy":"product_cat","embeddable":true,"href":"https:\/\/biocabaz.pt\/web\/wp-json\/wp\/v2\/product_cat?post=11353"},{"taxonomy":"product_tag","embeddable":true,"href":"https:\/\/biocabaz.pt\/web\/wp-json\/wp\/v2\/product_tag?post=11353"}],"curies":[{"name":"wp","href":"https:\/\/api.w.org\/{rel}","templated":true}]}}