{"id":11346,"date":"2018-12-27T15:52:54","date_gmt":"2018-12-27T15:52:54","guid":{"rendered":"https:\/\/www.biocabaz.pt\/web\/?post_type=product&#038;p=11346"},"modified":"2025-03-26T22:11:47","modified_gmt":"2025-03-26T22:11:47","slug":"chocolate-cappuccino-bio-100grs-vivani","status":"publish","type":"product","link":"https:\/\/biocabaz.pt\/web\/produto\/chocolate-cappuccino-bio-100grs-vivani\/","title":{"rendered":"CHOCOLATE CAPPUCCINO BIO 100GRS VIVANI"},"content":{"rendered":"<p><strong>Descri\u00e7\u00e3o <\/strong><br \/>\n\t\t\t\tIngredientes: a\u00e7\u00facar de cana em bruto*, manteiga de cacau*, pasta de cacau*, leite integral em p\u00f3*, caf\u00e9*(3%). Cacau S\u00f3lido:m\u00ednimo 42% . Chocolate branco: a\u00e7\u00facar de cana em bruto*, manteiga de cacau*, nata em p\u00f3*, leite em p\u00f3 desnatado*, soro l\u00e1cteo em p\u00f3*, baunilha de bourbon*. Mat\u00e9rias secas l\u00e1cteas: 15%. Pode conter tra\u00e7os de noz e trigo. *Proveniente de agricultura biol\u00f3gica.<\/p>\n<p><strong>Dados Nutricionais<\/strong><br \/>\n\t\t\t\tDeclara\u00e7\u00e3o Nutricional por 100g:<br \/> Energia: 2434 kJ \/ 585kcal;<br \/> L\u00edpidos: 40,9g &#8211; dos quais saturados: 25,5g;<br \/> Hidratos de carbono: 47,8g &#8211; dos quais a\u00e7\u00facares: 46,7g;<br \/> Prote\u00ednas: 5,4g;<br \/> Sal: 0,18g.<\/p>\n<p><strong>Modo Utiliza\u00e7\u00e3o<\/strong><br \/>Conservar em local seco e fresco.<\/p>\n","protected":false},"excerpt":{"rendered":"<p>Descri\u00e7\u00e3o Ingredientes: a\u00e7\u00facar de cana em bruto*, manteiga de cacau*, pasta de cacau*, leite integral em p\u00f3*, caf\u00e9*(3%). Cacau S\u00f3lido:m\u00ednimo 42% . Chocolate branco: a\u00e7\u00facar de cana em bruto*, manteiga de cacau*, nata em p\u00f3*, leite em p\u00f3 desnatado*, soro l\u00e1cteo em p\u00f3*, baunilha de bourbon*. Mat\u00e9rias secas l\u00e1cteas: 15%. Pode conter tra\u00e7os de noz [&hellip;]<\/p>\n","protected":false},"featured_media":11347,"comment_status":"closed","ping_status":"closed","template":"","meta":[],"product_cat":[31],"product_tag":[],"class_list":["post-11346","product","type-product","status-publish","has-post-thumbnail","hentry","product_cat-chocolates"],"bundle_layout":"","bundled_by":[],"bundled_items":[],"yoast_head":"<!-- This site is optimized with the Yoast SEO plugin v26.3 - https:\/\/yoast.com\/wordpress\/plugins\/seo\/ -->\n<title>CHOCOLATE CAPPUCCINO BIO 100GRS VIVANI<\/title>\n<meta name=\"description\" content=\"CHOCOLATE CAPPUCCINO BIO 100GRS VIVANI\" \/>\n<meta name=\"robots\" content=\"index, follow, max-snippet:-1, max-image-preview:large, max-video-preview:-1\" \/>\n<link rel=\"canonical\" href=\"https:\/\/biocabaz.pt\/web\/produto\/chocolate-cappuccino-bio-100grs-vivani\/\" \/>\n<meta property=\"og:locale\" content=\"pt_PT\" \/>\n<meta property=\"og:locale:alternate\" content=\"en_US\" \/>\n<meta property=\"og:type\" content=\"article\" \/>\n<meta property=\"og:title\" content=\"CHOCOLATE CAPPUCCINO BIO 100GRS VIVANI\" \/>\n<meta property=\"og:description\" content=\"CHOCOLATE CAPPUCCINO BIO 100GRS VIVANI\" \/>\n<meta property=\"og:url\" content=\"https:\/\/biocabaz.pt\/web\/produto\/chocolate-cappuccino-bio-100grs-vivani\/\" \/>\n<meta property=\"og:site_name\" content=\"BIOCABAZ - CABAZES BIOL\u00d3GICOS\" \/>\n<meta property=\"article:modified_time\" content=\"2025-03-26T22:11:47+00:00\" \/>\n<meta property=\"og:image\" content=\"https:\/\/www.biocabaz.pt\/web\/wp-conteudos\/uploads\/2018\/12\/CHOCOLATE-CAPPUCCINO-BIO-100GRS-VIVANI.jpg\" \/>\n\t<meta property=\"og:image:width\" content=\"363\" \/>\n\t<meta property=\"og:image:height\" content=\"700\" \/>\n\t<meta property=\"og:image:type\" content=\"image\/jpeg\" \/>\n<meta name=\"twitter:card\" content=\"summary_large_image\" \/>\n<meta name=\"twitter:label1\" content=\"Est. reading time\" \/>\n\t<meta name=\"twitter:data1\" content=\"1 minuto\" \/>\n<script type=\"application\/ld+json\" class=\"yoast-schema-graph\">{\"@context\":\"https:\/\/schema.org\",\"@graph\":[{\"@type\":\"WebPage\",\"@id\":\"https:\/\/biocabaz.pt\/web\/en\/produto\/chocolate-cappuccino-bio-100grs-vivani\/\",\"url\":\"https:\/\/biocabaz.pt\/web\/en\/produto\/chocolate-cappuccino-bio-100grs-vivani\/\",\"name\":\"CHOCOLATE CAPPUCCINO BIO 100GRS VIVANI\",\"isPartOf\":{\"@id\":\"https:\/\/www.biocabaz.pt\/web\/en\/#website\"},\"primaryImageOfPage\":{\"@id\":\"https:\/\/biocabaz.pt\/web\/en\/produto\/chocolate-cappuccino-bio-100grs-vivani\/#primaryimage\"},\"image\":{\"@id\":\"https:\/\/biocabaz.pt\/web\/en\/produto\/chocolate-cappuccino-bio-100grs-vivani\/#primaryimage\"},\"thumbnailUrl\":\"https:\/\/www.biocabaz.pt\/web\/wp-conteudos\/uploads\/2018\/12\/CHOCOLATE-CAPPUCCINO-BIO-100GRS-VIVANI.jpg\",\"datePublished\":\"2018-12-27T15:52:54+00:00\",\"dateModified\":\"2025-03-26T22:11:47+00:00\",\"description\":\"CHOCOLATE CAPPUCCINO BIO 100GRS VIVANI\",\"breadcrumb\":{\"@id\":\"https:\/\/biocabaz.pt\/web\/en\/produto\/chocolate-cappuccino-bio-100grs-vivani\/#breadcrumb\"},\"inLanguage\":\"pt-PT\",\"potentialAction\":[{\"@type\":\"ReadAction\",\"target\":[\"https:\/\/biocabaz.pt\/web\/en\/produto\/chocolate-cappuccino-bio-100grs-vivani\/\"]}]},{\"@type\":\"ImageObject\",\"inLanguage\":\"pt-PT\",\"@id\":\"https:\/\/biocabaz.pt\/web\/en\/produto\/chocolate-cappuccino-bio-100grs-vivani\/#primaryimage\",\"url\":\"https:\/\/www.biocabaz.pt\/web\/wp-conteudos\/uploads\/2018\/12\/CHOCOLATE-CAPPUCCINO-BIO-100GRS-VIVANI.jpg\",\"contentUrl\":\"https:\/\/www.biocabaz.pt\/web\/wp-conteudos\/uploads\/2018\/12\/CHOCOLATE-CAPPUCCINO-BIO-100GRS-VIVANI.jpg\",\"width\":363,\"height\":700,\"caption\":\"CHOCOLATE CAPPUCCINO BIO 100GRS VIVANI\"},{\"@type\":\"BreadcrumbList\",\"@id\":\"https:\/\/biocabaz.pt\/web\/en\/produto\/chocolate-cappuccino-bio-100grs-vivani\/#breadcrumb\",\"itemListElement\":[{\"@type\":\"ListItem\",\"position\":1,\"name\":\"Home\",\"item\":\"https:\/\/www.biocabaz.pt\/web\/en\/\"},{\"@type\":\"ListItem\",\"position\":2,\"name\":\"Shop\",\"item\":\"https:\/\/www.biocabaz.pt\/web\/en\/shop\/\"},{\"@type\":\"ListItem\",\"position\":3,\"name\":\"VIVANI ORGANIC CAPPUCCINO CHOCOLATE BAR 100GR\"}]},{\"@type\":\"WebSite\",\"@id\":\"https:\/\/www.biocabaz.pt\/web\/en\/#website\",\"url\":\"https:\/\/www.biocabaz.pt\/web\/en\/\",\"name\":\"BIOCABAZ - CABAZES BIOL\u00d3GICOS\",\"description\":\"O melhor que a terra d\u00e1 \u00e9 para si\",\"potentialAction\":[{\"@type\":\"SearchAction\",\"target\":{\"@type\":\"EntryPoint\",\"urlTemplate\":\"https:\/\/www.biocabaz.pt\/web\/en\/?s={search_term_string}\"},\"query-input\":{\"@type\":\"PropertyValueSpecification\",\"valueRequired\":true,\"valueName\":\"search_term_string\"}}],\"inLanguage\":\"pt-PT\"}]}<\/script>\n<!-- \/ Yoast SEO plugin. -->","yoast_head_json":{"title":"CHOCOLATE CAPPUCCINO BIO 100GRS VIVANI","description":"CHOCOLATE CAPPUCCINO BIO 100GRS VIVANI","robots":{"index":"index","follow":"follow","max-snippet":"max-snippet:-1","max-image-preview":"max-image-preview:large","max-video-preview":"max-video-preview:-1"},"canonical":"https:\/\/biocabaz.pt\/web\/produto\/chocolate-cappuccino-bio-100grs-vivani\/","og_locale":"pt_PT","og_type":"article","og_title":"[:en]VIVANI ORGANIC CAPPUCCINO CHOCOLATE BAR 100GR[:pt]CHOCOLATE CAPPUCCINO BIO 100GRS VIVANI[:] - BIOCABAZ - CABAZES BIOL\u00d3GICOS","og_description":"CHOCOLATE CAPPUCCINO BIO 100GRS VIVANI","og_url":"https:\/\/biocabaz.pt\/web\/produto\/chocolate-cappuccino-bio-100grs-vivani\/","og_site_name":"BIOCABAZ - CABAZES BIOL\u00d3GICOS","article_modified_time":"2025-03-26T22:11:47+00:00","og_image":[{"width":363,"height":700,"url":"https:\/\/www.biocabaz.pt\/web\/wp-conteudos\/uploads\/2018\/12\/CHOCOLATE-CAPPUCCINO-BIO-100GRS-VIVANI.jpg","type":"image\/jpeg"}],"twitter_card":"summary_large_image","twitter_misc":{"Est. reading time":"1 minuto"},"schema":{"@context":"https:\/\/schema.org","@graph":[{"@type":"WebPage","@id":"https:\/\/biocabaz.pt\/web\/en\/produto\/chocolate-cappuccino-bio-100grs-vivani\/","url":"https:\/\/biocabaz.pt\/web\/en\/produto\/chocolate-cappuccino-bio-100grs-vivani\/","name":"CHOCOLATE CAPPUCCINO BIO 100GRS VIVANI","isPartOf":{"@id":"https:\/\/www.biocabaz.pt\/web\/en\/#website"},"primaryImageOfPage":{"@id":"https:\/\/biocabaz.pt\/web\/en\/produto\/chocolate-cappuccino-bio-100grs-vivani\/#primaryimage"},"image":{"@id":"https:\/\/biocabaz.pt\/web\/en\/produto\/chocolate-cappuccino-bio-100grs-vivani\/#primaryimage"},"thumbnailUrl":"https:\/\/www.biocabaz.pt\/web\/wp-conteudos\/uploads\/2018\/12\/CHOCOLATE-CAPPUCCINO-BIO-100GRS-VIVANI.jpg","datePublished":"2018-12-27T15:52:54+00:00","dateModified":"2025-03-26T22:11:47+00:00","description":"CHOCOLATE CAPPUCCINO BIO 100GRS VIVANI","breadcrumb":{"@id":"https:\/\/biocabaz.pt\/web\/en\/produto\/chocolate-cappuccino-bio-100grs-vivani\/#breadcrumb"},"inLanguage":"pt-PT","potentialAction":[{"@type":"ReadAction","target":["https:\/\/biocabaz.pt\/web\/en\/produto\/chocolate-cappuccino-bio-100grs-vivani\/"]}]},{"@type":"ImageObject","inLanguage":"pt-PT","@id":"https:\/\/biocabaz.pt\/web\/en\/produto\/chocolate-cappuccino-bio-100grs-vivani\/#primaryimage","url":"https:\/\/www.biocabaz.pt\/web\/wp-conteudos\/uploads\/2018\/12\/CHOCOLATE-CAPPUCCINO-BIO-100GRS-VIVANI.jpg","contentUrl":"https:\/\/www.biocabaz.pt\/web\/wp-conteudos\/uploads\/2018\/12\/CHOCOLATE-CAPPUCCINO-BIO-100GRS-VIVANI.jpg","width":363,"height":700,"caption":"CHOCOLATE CAPPUCCINO BIO 100GRS VIVANI"},{"@type":"BreadcrumbList","@id":"https:\/\/biocabaz.pt\/web\/en\/produto\/chocolate-cappuccino-bio-100grs-vivani\/#breadcrumb","itemListElement":[{"@type":"ListItem","position":1,"name":"Home","item":"https:\/\/www.biocabaz.pt\/web\/en\/"},{"@type":"ListItem","position":2,"name":"Shop","item":"https:\/\/www.biocabaz.pt\/web\/en\/shop\/"},{"@type":"ListItem","position":3,"name":"VIVANI ORGANIC CAPPUCCINO CHOCOLATE BAR 100GR"}]},{"@type":"WebSite","@id":"https:\/\/www.biocabaz.pt\/web\/en\/#website","url":"https:\/\/www.biocabaz.pt\/web\/en\/","name":"BIOCABAZ - CABAZES BIOL\u00d3GICOS","description":"O melhor que a terra d\u00e1 \u00e9 para si","potentialAction":[{"@type":"SearchAction","target":{"@type":"EntryPoint","urlTemplate":"https:\/\/www.biocabaz.pt\/web\/en\/?s={search_term_string}"},"query-input":{"@type":"PropertyValueSpecification","valueRequired":true,"valueName":"search_term_string"}}],"inLanguage":"pt-PT"}]}},"_links":{"self":[{"href":"https:\/\/biocabaz.pt\/web\/wp-json\/wp\/v2\/product\/11346","targetHints":{"allow":["GET"]}}],"collection":[{"href":"https:\/\/biocabaz.pt\/web\/wp-json\/wp\/v2\/product"}],"about":[{"href":"https:\/\/biocabaz.pt\/web\/wp-json\/wp\/v2\/types\/product"}],"replies":[{"embeddable":true,"href":"https:\/\/biocabaz.pt\/web\/wp-json\/wp\/v2\/comments?post=11346"}],"wp:featuredmedia":[{"embeddable":true,"href":"https:\/\/biocabaz.pt\/web\/wp-json\/wp\/v2\/media\/11347"}],"wp:attachment":[{"href":"https:\/\/biocabaz.pt\/web\/wp-json\/wp\/v2\/media?parent=11346"}],"wp:term":[{"taxonomy":"product_cat","embeddable":true,"href":"https:\/\/biocabaz.pt\/web\/wp-json\/wp\/v2\/product_cat?post=11346"},{"taxonomy":"product_tag","embeddable":true,"href":"https:\/\/biocabaz.pt\/web\/wp-json\/wp\/v2\/product_tag?post=11346"}],"curies":[{"name":"wp","href":"https:\/\/api.w.org\/{rel}","templated":true}]}}