{"id":11334,"date":"2018-12-27T15:27:06","date_gmt":"2018-12-27T15:27:06","guid":{"rendered":"https:\/\/www.biocabaz.pt\/web\/?post_type=product&#038;p=11334"},"modified":"2025-03-26T22:13:00","modified_gmt":"2025-03-26T22:13:00","slug":"chocolate-caramelo-c-sal-dos-incas-bio-44%cacau-80grs-vivani","status":"publish","type":"product","link":"https:\/\/biocabaz.pt\/web\/produto\/chocolate-caramelo-c-sal-dos-incas-bio-44%cacau-80grs-vivani\/","title":{"rendered":"CHOCOLATE CARAMELO C\/SAL DOS INCAS BIO 44%CACAU 80GRS VIVANI"},"content":{"rendered":"<p><strong>Descri\u00e7\u00e3o <\/strong><br \/>\n\t\t\t\tIngredientes: a\u00e7\u00facar de flor de coco* 32%, massa de cacau*, manteiga de cacau*, leite gordo em p\u00f3*, crisp de caramelo* 10% (a\u00e7\u00facar de cana integral*, xarope de glucose de milho*, manteiga clarificada*, sal marinho), natas em p\u00f3, sal do sol da Inkas 0,5%, extrato de baunilha bourbon*. Teor de cacau m\u00ednimo: 44%. Pode conter vest\u00edgios de frutos de casca rija e gl\u00faten.<\/p>\n<p><strong>Dados Nutricionais<\/strong><br \/>\n\t\t\t\tDeclara\u00e7\u00e3o Nutricional por 100g:<br \/> Energia: 2323 kJ \/ 558kcal;<br \/> L\u00edpidos: 37,6g &#8211; dos quais saturados: 23,6g;<br \/> Hidratos de carbono: 46,0g &#8211; dos quais a\u00e7\u00facares: 40,2g;<br \/> Prote\u00ednas: 6,6g;<br \/> Sal: 0,55g.<\/p>\n<p><strong>Modo Utiliza\u00e7\u00e3o<\/strong><br \/>Conservar em local seco e fresco.<\/p>\n","protected":false},"excerpt":{"rendered":"<p>Descri\u00e7\u00e3o Ingredientes: a\u00e7\u00facar de flor de coco* 32%, massa de cacau*, manteiga de cacau*, leite gordo em p\u00f3*, crisp de caramelo* 10% (a\u00e7\u00facar de cana integral*, xarope de glucose de milho*, manteiga clarificada*, sal marinho), natas em p\u00f3, sal do sol da Inkas 0,5%, extrato de baunilha bourbon*. Teor de cacau m\u00ednimo: 44%. Pode conter [&hellip;]<\/p>\n","protected":false},"featured_media":11335,"comment_status":"closed","ping_status":"closed","template":"","meta":[],"product_cat":[31],"product_tag":[],"class_list":["post-11334","product","type-product","status-publish","has-post-thumbnail","hentry","product_cat-chocolates"],"bundle_layout":"","bundled_by":[],"bundled_items":[],"yoast_head":"<!-- This site is optimized with the Yoast SEO plugin v26.3 - https:\/\/yoast.com\/wordpress\/plugins\/seo\/ -->\n<title>CHOCOLATE CARAMELO C\/SAL DOS INCAS BIO 44%CACAU 80GRS VIVANI<\/title>\n<meta name=\"description\" content=\"CHOCOLATE CARAMELO C\/SAL DOS INCAS BIO 44CAU 80GRS VIVANI\" \/>\n<meta name=\"robots\" content=\"index, follow, max-snippet:-1, max-image-preview:large, max-video-preview:-1\" \/>\n<link rel=\"canonical\" href=\"https:\/\/biocabaz.pt\/web\/produto\/chocolate-caramelo-c-sal-dos-incas-bio-44?cau-80grs-vivani\/\" \/>\n<meta property=\"og:locale\" content=\"pt_PT\" \/>\n<meta property=\"og:locale:alternate\" content=\"en_US\" \/>\n<meta property=\"og:type\" content=\"article\" \/>\n<meta property=\"og:title\" content=\"CHOCOLATE CARAMELO C\/SAL DOS INCAS BIO 44%CACAU 80GRS VIVANI\" \/>\n<meta property=\"og:description\" content=\"CHOCOLATE CARAMELO C\/SAL DOS INCAS BIO 44CAU 80GRS VIVANI\" \/>\n<meta property=\"og:url\" content=\"\" \/>\n<meta property=\"og:site_name\" content=\"BIOCABAZ - CABAZES BIOL\u00d3GICOS\" \/>\n<meta property=\"article:modified_time\" content=\"2025-03-26T22:13:00+00:00\" \/>\n<meta property=\"og:image\" content=\"https:\/\/www.biocabaz.pt\/web\/wp-conteudos\/uploads\/2018\/12\/CHOCOLATE-CARAMELO-COM-SAL-DOS-INCAS-BIO-44CACAU-80GRS-VIVANI.jpg\" \/>\n\t<meta property=\"og:image:width\" content=\"344\" \/>\n\t<meta property=\"og:image:height\" content=\"700\" \/>\n\t<meta property=\"og:image:type\" content=\"image\/jpeg\" \/>\n<meta name=\"twitter:card\" content=\"summary_large_image\" \/>\n<meta name=\"twitter:label1\" content=\"Est. reading time\" \/>\n\t<meta name=\"twitter:data1\" content=\"1 minuto\" \/>\n<script type=\"application\/ld+json\" class=\"yoast-schema-graph\">{\"@context\":\"https:\/\/schema.org\",\"@graph\":[{\"@type\":\"WebPage\",\"@id\":\"https:\/\/biocabaz.pt\/web\/en\/produto\/chocolate-caramelo-c-sal-dos-incas-bio-44%cacau-80grs-vivani\/\",\"url\":\"https:\/\/biocabaz.pt\/web\/en\/produto\/chocolate-caramelo-c-sal-dos-incas-bio-44%cacau-80grs-vivani\/\",\"name\":\"CHOCOLATE CARAMELO C\/SAL DOS INCAS BIO 44%CACAU 80GRS VIVANI\",\"isPartOf\":{\"@id\":\"https:\/\/biocabaz.pt\/web\/#website\"},\"primaryImageOfPage\":{\"@id\":\"https:\/\/biocabaz.pt\/web\/en\/produto\/chocolate-caramelo-c-sal-dos-incas-bio-44%cacau-80grs-vivani\/#primaryimage\"},\"image\":{\"@id\":\"https:\/\/biocabaz.pt\/web\/en\/produto\/chocolate-caramelo-c-sal-dos-incas-bio-44%cacau-80grs-vivani\/#primaryimage\"},\"thumbnailUrl\":\"https:\/\/www.biocabaz.pt\/web\/wp-conteudos\/uploads\/2018\/12\/CHOCOLATE-CARAMELO-COM-SAL-DOS-INCAS-BIO-44CACAU-80GRS-VIVANI.jpg\",\"datePublished\":\"2018-12-27T15:27:06+00:00\",\"dateModified\":\"2025-03-26T22:13:00+00:00\",\"description\":\"CHOCOLATE CARAMELO C\/SAL DOS INCAS BIO 44CAU 80GRS VIVANI\",\"breadcrumb\":{\"@id\":\"https:\/\/biocabaz.pt\/web\/en\/produto\/chocolate-caramelo-c-sal-dos-incas-bio-44%cacau-80grs-vivani\/#breadcrumb\"},\"inLanguage\":\"pt-PT\",\"potentialAction\":[{\"@type\":\"ReadAction\",\"target\":[\"https:\/\/biocabaz.pt\/web\/en\/produto\/chocolate-caramelo-c-sal-dos-incas-bio-44%cacau-80grs-vivani\/\"]}]},{\"@type\":\"ImageObject\",\"inLanguage\":\"pt-PT\",\"@id\":\"https:\/\/biocabaz.pt\/web\/en\/produto\/chocolate-caramelo-c-sal-dos-incas-bio-44%cacau-80grs-vivani\/#primaryimage\",\"url\":\"https:\/\/www.biocabaz.pt\/web\/wp-conteudos\/uploads\/2018\/12\/CHOCOLATE-CARAMELO-COM-SAL-DOS-INCAS-BIO-44CACAU-80GRS-VIVANI.jpg\",\"contentUrl\":\"https:\/\/www.biocabaz.pt\/web\/wp-conteudos\/uploads\/2018\/12\/CHOCOLATE-CARAMELO-COM-SAL-DOS-INCAS-BIO-44CACAU-80GRS-VIVANI.jpg\",\"width\":344,\"height\":700,\"caption\":\"CHOCOLATE CARAMELO C\/SAL DOS INCAS BIO 44%CACAU 80GRS VIVANI\"},{\"@type\":\"BreadcrumbList\",\"@id\":\"https:\/\/biocabaz.pt\/web\/en\/produto\/chocolate-caramelo-c-sal-dos-incas-bio-44%cacau-80grs-vivani\/#breadcrumb\",\"itemListElement\":[{\"@type\":\"ListItem\",\"position\":1,\"name\":\"Home\",\"item\":\"https:\/\/biocabaz.pt\/web\/\"},{\"@type\":\"ListItem\",\"position\":2,\"name\":\"Shop\",\"item\":\"https:\/\/www.biocabaz.pt\/web\/en\/shop\/\"},{\"@type\":\"ListItem\",\"position\":3,\"name\":\"VIVANI ORGANIC CHOCOLATE WITH CARAMEL AND INKA SALT (44% COCOA) 80GR\"}]},{\"@type\":\"WebSite\",\"@id\":\"https:\/\/biocabaz.pt\/web\/#website\",\"url\":\"https:\/\/biocabaz.pt\/web\/\",\"name\":\"BIOCABAZ - CABAZES BIOL\u00d3GICOS\",\"description\":\"O melhor que a terra d\u00e1 \u00e9 para si\",\"potentialAction\":[{\"@type\":\"SearchAction\",\"target\":{\"@type\":\"EntryPoint\",\"urlTemplate\":\"https:\/\/biocabaz.pt\/web\/?s={search_term_string}\"},\"query-input\":{\"@type\":\"PropertyValueSpecification\",\"valueRequired\":true,\"valueName\":\"search_term_string\"}}],\"inLanguage\":\"pt-PT\"}]}<\/script>\n<!-- \/ Yoast SEO plugin. -->","yoast_head_json":{"title":"CHOCOLATE CARAMELO C\/SAL DOS INCAS BIO 44%CACAU 80GRS VIVANI","description":"CHOCOLATE CARAMELO C\/SAL DOS INCAS BIO 44CAU 80GRS VIVANI","robots":{"index":"index","follow":"follow","max-snippet":"max-snippet:-1","max-image-preview":"max-image-preview:large","max-video-preview":"max-video-preview:-1"},"canonical":"https:\/\/biocabaz.pt\/web\/produto\/chocolate-caramelo-c-sal-dos-incas-bio-44?cau-80grs-vivani\/","og_locale":"pt_PT","og_type":"article","og_title":"[:en]VIVANI ORGANIC CHOCOLATE WITH CARAMEL AND INKA SALT (44% COCOA) 80GR[:pt]CHOCOLATE CARAMELO C\/SAL DOS INCAS BIO 44%CACAU 80GRS VIVANI[:] - BIOCABAZ - CABAZES BIOL\u00d3GICOS","og_description":"CHOCOLATE CARAMELO C\/SAL DOS INCAS BIO 44CAU 80GRS VIVANI","og_url":"https:\/\/biocabaz.pt\/web\/produto\/chocolate-caramelo-c-sal-dos-incas-bio-44?cau-80grs-vivani\/","og_site_name":"BIOCABAZ - CABAZES BIOL\u00d3GICOS","article_modified_time":"2025-03-26T22:13:00+00:00","og_image":[{"width":344,"height":700,"url":"https:\/\/www.biocabaz.pt\/web\/wp-conteudos\/uploads\/2018\/12\/CHOCOLATE-CARAMELO-COM-SAL-DOS-INCAS-BIO-44CACAU-80GRS-VIVANI.jpg","type":"image\/jpeg"}],"twitter_card":"summary_large_image","twitter_misc":{"Est. reading time":"1 minuto"},"schema":{"@context":"https:\/\/schema.org","@graph":[{"@type":"WebPage","@id":"https:\/\/biocabaz.pt\/web\/en\/produto\/chocolate-caramelo-c-sal-dos-incas-bio-44%cacau-80grs-vivani\/","url":"https:\/\/biocabaz.pt\/web\/en\/produto\/chocolate-caramelo-c-sal-dos-incas-bio-44%cacau-80grs-vivani\/","name":"CHOCOLATE CARAMELO C\/SAL DOS INCAS BIO 44%CACAU 80GRS VIVANI","isPartOf":{"@id":"https:\/\/biocabaz.pt\/web\/#website"},"primaryImageOfPage":{"@id":"https:\/\/biocabaz.pt\/web\/en\/produto\/chocolate-caramelo-c-sal-dos-incas-bio-44%cacau-80grs-vivani\/#primaryimage"},"image":{"@id":"https:\/\/biocabaz.pt\/web\/en\/produto\/chocolate-caramelo-c-sal-dos-incas-bio-44%cacau-80grs-vivani\/#primaryimage"},"thumbnailUrl":"https:\/\/www.biocabaz.pt\/web\/wp-conteudos\/uploads\/2018\/12\/CHOCOLATE-CARAMELO-COM-SAL-DOS-INCAS-BIO-44CACAU-80GRS-VIVANI.jpg","datePublished":"2018-12-27T15:27:06+00:00","dateModified":"2025-03-26T22:13:00+00:00","description":"CHOCOLATE CARAMELO C\/SAL DOS INCAS BIO 44CAU 80GRS VIVANI","breadcrumb":{"@id":"https:\/\/biocabaz.pt\/web\/en\/produto\/chocolate-caramelo-c-sal-dos-incas-bio-44%cacau-80grs-vivani\/#breadcrumb"},"inLanguage":"pt-PT","potentialAction":[{"@type":"ReadAction","target":["https:\/\/biocabaz.pt\/web\/en\/produto\/chocolate-caramelo-c-sal-dos-incas-bio-44%cacau-80grs-vivani\/"]}]},{"@type":"ImageObject","inLanguage":"pt-PT","@id":"https:\/\/biocabaz.pt\/web\/en\/produto\/chocolate-caramelo-c-sal-dos-incas-bio-44%cacau-80grs-vivani\/#primaryimage","url":"https:\/\/www.biocabaz.pt\/web\/wp-conteudos\/uploads\/2018\/12\/CHOCOLATE-CARAMELO-COM-SAL-DOS-INCAS-BIO-44CACAU-80GRS-VIVANI.jpg","contentUrl":"https:\/\/www.biocabaz.pt\/web\/wp-conteudos\/uploads\/2018\/12\/CHOCOLATE-CARAMELO-COM-SAL-DOS-INCAS-BIO-44CACAU-80GRS-VIVANI.jpg","width":344,"height":700,"caption":"CHOCOLATE CARAMELO C\/SAL DOS INCAS BIO 44%CACAU 80GRS VIVANI"},{"@type":"BreadcrumbList","@id":"https:\/\/biocabaz.pt\/web\/en\/produto\/chocolate-caramelo-c-sal-dos-incas-bio-44%cacau-80grs-vivani\/#breadcrumb","itemListElement":[{"@type":"ListItem","position":1,"name":"Home","item":"https:\/\/biocabaz.pt\/web\/"},{"@type":"ListItem","position":2,"name":"Shop","item":"https:\/\/www.biocabaz.pt\/web\/en\/shop\/"},{"@type":"ListItem","position":3,"name":"VIVANI ORGANIC CHOCOLATE WITH CARAMEL AND INKA SALT (44% COCOA) 80GR"}]},{"@type":"WebSite","@id":"https:\/\/biocabaz.pt\/web\/#website","url":"https:\/\/biocabaz.pt\/web\/","name":"BIOCABAZ - CABAZES BIOL\u00d3GICOS","description":"O melhor que a terra d\u00e1 \u00e9 para si","potentialAction":[{"@type":"SearchAction","target":{"@type":"EntryPoint","urlTemplate":"https:\/\/biocabaz.pt\/web\/?s={search_term_string}"},"query-input":{"@type":"PropertyValueSpecification","valueRequired":true,"valueName":"search_term_string"}}],"inLanguage":"pt-PT"}]}},"_links":{"self":[{"href":"https:\/\/biocabaz.pt\/web\/wp-json\/wp\/v2\/product\/11334","targetHints":{"allow":["GET"]}}],"collection":[{"href":"https:\/\/biocabaz.pt\/web\/wp-json\/wp\/v2\/product"}],"about":[{"href":"https:\/\/biocabaz.pt\/web\/wp-json\/wp\/v2\/types\/product"}],"replies":[{"embeddable":true,"href":"https:\/\/biocabaz.pt\/web\/wp-json\/wp\/v2\/comments?post=11334"}],"wp:featuredmedia":[{"embeddable":true,"href":"https:\/\/biocabaz.pt\/web\/wp-json\/wp\/v2\/media\/11335"}],"wp:attachment":[{"href":"https:\/\/biocabaz.pt\/web\/wp-json\/wp\/v2\/media?parent=11334"}],"wp:term":[{"taxonomy":"product_cat","embeddable":true,"href":"https:\/\/biocabaz.pt\/web\/wp-json\/wp\/v2\/product_cat?post=11334"},{"taxonomy":"product_tag","embeddable":true,"href":"https:\/\/biocabaz.pt\/web\/wp-json\/wp\/v2\/product_tag?post=11334"}],"curies":[{"name":"wp","href":"https:\/\/api.w.org\/{rel}","templated":true}]}}