{"id":11285,"date":"2018-12-27T11:08:25","date_gmt":"2018-12-27T11:08:25","guid":{"rendered":"https:\/\/www.biocabaz.pt\/web\/?post_type=product&#038;p=11285"},"modified":"2022-12-30T12:37:11","modified_gmt":"2022-12-30T12:37:11","slug":"granola-espelta-bio-375grs-provida","status":"publish","type":"product","link":"https:\/\/biocabaz.pt\/web\/produto\/granola-espelta-bio-375grs-provida\/","title":{"rendered":"GRANOLA ESPELTA BIO 375GRS BARNHOUSE"},"content":{"rendered":"<p><strong>Descri\u00e7\u00e3o <\/strong><br \/>\n\t\t\t\tIngredientes: Flocos de ESPELTA integral 58%, xarope de arroz, \u00f3leo de girassol 12%, ESPELTA expandida 7%, farinha de ESPELTA integral 4,8%, coco, sal marinho. 100% de produ\u00e7\u00e3o biol\u00f3gica. Cont\u00e9m gl\u00faten. Poder\u00e1 conter vest\u00edgios de frutos de casca rija, s\u00e9samo e leite.<\/p>\n<p><strong>Dados Nutricionais<\/strong><br \/>\n\t\t\t\tDeclara\u00e7\u00e3o Nutricional por 100g:<br \/> Energia: 1985kJ\/451kcal;<br \/> L\u00edpidos: 15,0g &#8211; dos quais saturados: 2,8g;<br \/> Hidratos de Carbono: 66,0g &#8211; dos quais saturados: 15,0g;<br \/> Fibra: 6,2g;<br \/> Prote\u00ednas: 9,9g;<br \/> Sal: 0,25g.<\/p>\n<p><strong>Modo Utiliza\u00e7\u00e3o<\/strong><br \/>Conservar em local seco e fresco.<\/p>\n","protected":false},"excerpt":{"rendered":"<p>Descri\u00e7\u00e3o Ingredientes: Flocos de ESPELTA integral 58%, xarope de arroz, \u00f3leo de girassol 12%, ESPELTA expandida 7%, farinha de ESPELTA integral 4,8%, coco, sal marinho. 100% de produ\u00e7\u00e3o biol\u00f3gica. Cont\u00e9m gl\u00faten. Poder\u00e1 conter vest\u00edgios de frutos de casca rija, s\u00e9samo e leite. Dados Nutricionais Declara\u00e7\u00e3o Nutricional por 100g: Energia: 1985kJ\/451kcal; L\u00edpidos: 15,0g &#8211; dos quais [&hellip;]<\/p>\n","protected":false},"featured_media":11286,"comment_status":"closed","ping_status":"closed","template":"","meta":[],"product_cat":[33],"product_tag":[],"class_list":["post-11285","product","type-product","status-publish","has-post-thumbnail","hentry","product_cat-cereais"],"bundle_layout":"","bundled_by":[],"bundled_items":[],"yoast_head":"<!-- This site is optimized with the Yoast SEO plugin v26.3 - https:\/\/yoast.com\/wordpress\/plugins\/seo\/ -->\n<title>GRANOLA ESPELTA BIO 375GRS BARNHOUSE<\/title>\n<meta name=\"description\" content=\"GRANOLA ESPELTA BIO 375GRS PROVIDA\" \/>\n<meta name=\"robots\" content=\"index, follow, max-snippet:-1, max-image-preview:large, max-video-preview:-1\" \/>\n<link rel=\"canonical\" href=\"https:\/\/biocabaz.pt\/web\/produto\/granola-espelta-bio-375grs-provida\/\" \/>\n<meta property=\"og:locale\" content=\"pt_PT\" \/>\n<meta property=\"og:locale:alternate\" content=\"en_US\" \/>\n<meta property=\"og:type\" content=\"article\" \/>\n<meta property=\"og:title\" content=\"GRANOLA ESPELTA BIO 375GRS BARNHOUSE\" \/>\n<meta property=\"og:description\" content=\"GRANOLA ESPELTA BIO 375GRS PROVIDA\" \/>\n<meta property=\"og:url\" content=\"https:\/\/biocabaz.pt\/web\/produto\/granola-espelta-bio-375grs-provida\/\" \/>\n<meta property=\"og:site_name\" content=\"BIOCABAZ - CABAZES BIOL\u00d3GICOS\" \/>\n<meta property=\"article:modified_time\" content=\"2022-12-30T12:37:11+00:00\" \/>\n<meta property=\"og:image\" content=\"https:\/\/www.biocabaz.pt\/web\/wp-conteudos\/uploads\/2018\/12\/GRANOLA-ESPELTA-BIO-375GRS-PROVIDA-e1545908858285.jpg\" \/>\n\t<meta property=\"og:image:width\" content=\"600\" \/>\n\t<meta property=\"og:image:height\" content=\"943\" \/>\n\t<meta property=\"og:image:type\" content=\"image\/jpeg\" \/>\n<meta name=\"twitter:card\" content=\"summary_large_image\" \/>\n<meta name=\"twitter:label1\" content=\"Est. reading time\" \/>\n\t<meta name=\"twitter:data1\" content=\"1 minuto\" \/>\n<script type=\"application\/ld+json\" class=\"yoast-schema-graph\">{\"@context\":\"https:\/\/schema.org\",\"@graph\":[{\"@type\":\"WebPage\",\"@id\":\"https:\/\/biocabaz.pt\/web\/produto\/granola-espelta-bio-375grs-provida\/\",\"url\":\"https:\/\/biocabaz.pt\/web\/produto\/granola-espelta-bio-375grs-provida\/\",\"name\":\"GRANOLA ESPELTA BIO 375GRS BARNHOUSE\",\"isPartOf\":{\"@id\":\"https:\/\/biocabaz.pt\/web\/#website\"},\"primaryImageOfPage\":{\"@id\":\"https:\/\/biocabaz.pt\/web\/produto\/granola-espelta-bio-375grs-provida\/#primaryimage\"},\"image\":{\"@id\":\"https:\/\/biocabaz.pt\/web\/produto\/granola-espelta-bio-375grs-provida\/#primaryimage\"},\"thumbnailUrl\":\"https:\/\/www.biocabaz.pt\/web\/wp-conteudos\/uploads\/2018\/12\/GRANOLA-ESPELTA-BIO-375GRS-PROVIDA-e1545908858285.jpg\",\"datePublished\":\"2018-12-27T11:08:25+00:00\",\"dateModified\":\"2022-12-30T12:37:11+00:00\",\"description\":\"GRANOLA ESPELTA BIO 375GRS PROVIDA\",\"breadcrumb\":{\"@id\":\"https:\/\/biocabaz.pt\/web\/produto\/granola-espelta-bio-375grs-provida\/#breadcrumb\"},\"inLanguage\":\"pt-PT\",\"potentialAction\":[{\"@type\":\"ReadAction\",\"target\":[\"https:\/\/biocabaz.pt\/web\/produto\/granola-espelta-bio-375grs-provida\/\"]}]},{\"@type\":\"ImageObject\",\"inLanguage\":\"pt-PT\",\"@id\":\"https:\/\/biocabaz.pt\/web\/produto\/granola-espelta-bio-375grs-provida\/#primaryimage\",\"url\":\"https:\/\/www.biocabaz.pt\/web\/wp-conteudos\/uploads\/2018\/12\/GRANOLA-ESPELTA-BIO-375GRS-PROVIDA-e1545908858285.jpg\",\"contentUrl\":\"https:\/\/www.biocabaz.pt\/web\/wp-conteudos\/uploads\/2018\/12\/GRANOLA-ESPELTA-BIO-375GRS-PROVIDA-e1545908858285.jpg\",\"width\":600,\"height\":943,\"caption\":\"GRANOLA ESPELTA BIO 375GRS PROVIDA\"},{\"@type\":\"BreadcrumbList\",\"@id\":\"https:\/\/biocabaz.pt\/web\/produto\/granola-espelta-bio-375grs-provida\/#breadcrumb\",\"itemListElement\":[{\"@type\":\"ListItem\",\"position\":1,\"name\":\"Home\",\"item\":\"https:\/\/biocabaz.pt\/web\/\"},{\"@type\":\"ListItem\",\"position\":2,\"name\":\"Loja\",\"item\":\"https:\/\/biocabaz.pt\/web\/shop\/\"},{\"@type\":\"ListItem\",\"position\":3,\"name\":\"GRANOLA ESPELTA BIO 375GRS BARNHOUSE\"}]},{\"@type\":\"WebSite\",\"@id\":\"https:\/\/biocabaz.pt\/web\/#website\",\"url\":\"https:\/\/biocabaz.pt\/web\/\",\"name\":\"BIOCABAZ - CABAZES BIOL\u00d3GICOS\",\"description\":\"O melhor que a terra d\u00e1 \u00e9 para si\",\"potentialAction\":[{\"@type\":\"SearchAction\",\"target\":{\"@type\":\"EntryPoint\",\"urlTemplate\":\"https:\/\/biocabaz.pt\/web\/?s={search_term_string}\"},\"query-input\":{\"@type\":\"PropertyValueSpecification\",\"valueRequired\":true,\"valueName\":\"search_term_string\"}}],\"inLanguage\":\"pt-PT\"}]}<\/script>\n<!-- \/ Yoast SEO plugin. -->","yoast_head_json":{"title":"GRANOLA ESPELTA BIO 375GRS BARNHOUSE","description":"GRANOLA ESPELTA BIO 375GRS PROVIDA","robots":{"index":"index","follow":"follow","max-snippet":"max-snippet:-1","max-image-preview":"max-image-preview:large","max-video-preview":"max-video-preview:-1"},"canonical":"https:\/\/biocabaz.pt\/web\/produto\/granola-espelta-bio-375grs-provida\/","og_locale":"pt_PT","og_type":"article","og_title":"[:en]BARNHOUSE - KRUNCHY SUN ORGANIC SPELT GRANOLA[:pt]GRANOLA ESPELTA BIO 375GRS BARNHOUSE[:] - BIOCABAZ - CABAZES BIOL\u00d3GICOS","og_description":"GRANOLA ESPELTA BIO 375GRS PROVIDA","og_url":"https:\/\/biocabaz.pt\/web\/produto\/granola-espelta-bio-375grs-provida\/","og_site_name":"BIOCABAZ - CABAZES BIOL\u00d3GICOS","article_modified_time":"2022-12-30T12:37:11+00:00","og_image":[{"width":600,"height":943,"url":"https:\/\/www.biocabaz.pt\/web\/wp-conteudos\/uploads\/2018\/12\/GRANOLA-ESPELTA-BIO-375GRS-PROVIDA-e1545908858285.jpg","type":"image\/jpeg"}],"twitter_card":"summary_large_image","twitter_misc":{"Est. reading time":"1 minuto"},"schema":{"@context":"https:\/\/schema.org","@graph":[{"@type":"WebPage","@id":"https:\/\/biocabaz.pt\/web\/produto\/granola-espelta-bio-375grs-provida\/","url":"https:\/\/biocabaz.pt\/web\/produto\/granola-espelta-bio-375grs-provida\/","name":"GRANOLA ESPELTA BIO 375GRS BARNHOUSE","isPartOf":{"@id":"https:\/\/biocabaz.pt\/web\/#website"},"primaryImageOfPage":{"@id":"https:\/\/biocabaz.pt\/web\/produto\/granola-espelta-bio-375grs-provida\/#primaryimage"},"image":{"@id":"https:\/\/biocabaz.pt\/web\/produto\/granola-espelta-bio-375grs-provida\/#primaryimage"},"thumbnailUrl":"https:\/\/www.biocabaz.pt\/web\/wp-conteudos\/uploads\/2018\/12\/GRANOLA-ESPELTA-BIO-375GRS-PROVIDA-e1545908858285.jpg","datePublished":"2018-12-27T11:08:25+00:00","dateModified":"2022-12-30T12:37:11+00:00","description":"GRANOLA ESPELTA BIO 375GRS PROVIDA","breadcrumb":{"@id":"https:\/\/biocabaz.pt\/web\/produto\/granola-espelta-bio-375grs-provida\/#breadcrumb"},"inLanguage":"pt-PT","potentialAction":[{"@type":"ReadAction","target":["https:\/\/biocabaz.pt\/web\/produto\/granola-espelta-bio-375grs-provida\/"]}]},{"@type":"ImageObject","inLanguage":"pt-PT","@id":"https:\/\/biocabaz.pt\/web\/produto\/granola-espelta-bio-375grs-provida\/#primaryimage","url":"https:\/\/www.biocabaz.pt\/web\/wp-conteudos\/uploads\/2018\/12\/GRANOLA-ESPELTA-BIO-375GRS-PROVIDA-e1545908858285.jpg","contentUrl":"https:\/\/www.biocabaz.pt\/web\/wp-conteudos\/uploads\/2018\/12\/GRANOLA-ESPELTA-BIO-375GRS-PROVIDA-e1545908858285.jpg","width":600,"height":943,"caption":"GRANOLA ESPELTA BIO 375GRS PROVIDA"},{"@type":"BreadcrumbList","@id":"https:\/\/biocabaz.pt\/web\/produto\/granola-espelta-bio-375grs-provida\/#breadcrumb","itemListElement":[{"@type":"ListItem","position":1,"name":"Home","item":"https:\/\/biocabaz.pt\/web\/"},{"@type":"ListItem","position":2,"name":"Loja","item":"https:\/\/biocabaz.pt\/web\/shop\/"},{"@type":"ListItem","position":3,"name":"GRANOLA ESPELTA BIO 375GRS BARNHOUSE"}]},{"@type":"WebSite","@id":"https:\/\/biocabaz.pt\/web\/#website","url":"https:\/\/biocabaz.pt\/web\/","name":"BIOCABAZ - CABAZES BIOL\u00d3GICOS","description":"O melhor que a terra d\u00e1 \u00e9 para si","potentialAction":[{"@type":"SearchAction","target":{"@type":"EntryPoint","urlTemplate":"https:\/\/biocabaz.pt\/web\/?s={search_term_string}"},"query-input":{"@type":"PropertyValueSpecification","valueRequired":true,"valueName":"search_term_string"}}],"inLanguage":"pt-PT"}]}},"_links":{"self":[{"href":"https:\/\/biocabaz.pt\/web\/wp-json\/wp\/v2\/product\/11285","targetHints":{"allow":["GET"]}}],"collection":[{"href":"https:\/\/biocabaz.pt\/web\/wp-json\/wp\/v2\/product"}],"about":[{"href":"https:\/\/biocabaz.pt\/web\/wp-json\/wp\/v2\/types\/product"}],"replies":[{"embeddable":true,"href":"https:\/\/biocabaz.pt\/web\/wp-json\/wp\/v2\/comments?post=11285"}],"wp:featuredmedia":[{"embeddable":true,"href":"https:\/\/biocabaz.pt\/web\/wp-json\/wp\/v2\/media\/11286"}],"wp:attachment":[{"href":"https:\/\/biocabaz.pt\/web\/wp-json\/wp\/v2\/media?parent=11285"}],"wp:term":[{"taxonomy":"product_cat","embeddable":true,"href":"https:\/\/biocabaz.pt\/web\/wp-json\/wp\/v2\/product_cat?post=11285"},{"taxonomy":"product_tag","embeddable":true,"href":"https:\/\/biocabaz.pt\/web\/wp-json\/wp\/v2\/product_tag?post=11285"}],"curies":[{"name":"wp","href":"https:\/\/api.w.org\/{rel}","templated":true}]}}