{"id":11271,"date":"2018-12-27T10:22:15","date_gmt":"2018-12-27T10:22:15","guid":{"rendered":"https:\/\/www.biocabaz.pt\/web\/?post_type=product&#038;p=11271"},"modified":"2022-10-03T11:15:29","modified_gmt":"2022-10-03T11:15:29","slug":"multicereais-c-mel-150grs-provida","status":"publish","type":"product","link":"https:\/\/biocabaz.pt\/web\/produto\/multicereais-c-mel-150grs-provida\/","title":{"rendered":"MULTICEREAIS C\/MEL 150GRS PROVIDA"},"content":{"rendered":"<p><strong>Descri\u00e7\u00e3o <\/strong><br \/>\n\t\t\t\tIngredientes: Cereais* expandidos 54% (TRIGO DURUM* 50%, arroz integral* 35%, quinoa* 15%), a\u00e7\u00facar de cana*, xarope de milho*, mel* 7%, \u00f3leo vegetal de girassol* e a\u00e7\u00facar caramelizado*. Poder\u00e1 conter vest\u00edgios de soja, de leite e frutos de casca rija. *de produ\u00e7\u00e3o biol\u00f3gica. Fonte de Fibra. Baixo teor de sal. Baixo teor de gordura saturada.<\/p>\n<p><strong>Dados Nutricionais<\/strong><br \/>\n\t\t\t\tDeclara\u00e7\u00e3o nutricional por 100g:<br \/> Energia: 1699kJ\/402kcal;<br \/> L\u00edpidos: 5.1g &#8211; dos quais saturados: 0,5g;<br \/> Hidratos de carbono: 79.7g &#8211; dos quais a\u00e7\u00facares: 41.6g;<br \/> Fibra: 4.5g;<br \/> Prote\u00ednas: 7.0g;<br \/> Sal: 0,01g.<\/p>\n<p><strong>Modo Utiliza\u00e7\u00e3o<\/strong><br \/>Produzido a partir da expans\u00e3o de v\u00e1rios cereais. Forma f\u00e1cil e deliciosa de consumir cereais. Pronto a consumir ao pequeno-almo\u00e7o ou lanche adicionados \u00e0 sua bebida favorita. Conservar em local seco e fresco.<\/p>\n","protected":false},"excerpt":{"rendered":"<p>Descri\u00e7\u00e3o Ingredientes: Cereais* expandidos 54% (TRIGO DURUM* 50%, arroz integral* 35%, quinoa* 15%), a\u00e7\u00facar de cana*, xarope de milho*, mel* 7%, \u00f3leo vegetal de girassol* e a\u00e7\u00facar caramelizado*. Poder\u00e1 conter vest\u00edgios de soja, de leite e frutos de casca rija. *de produ\u00e7\u00e3o biol\u00f3gica. Fonte de Fibra. Baixo teor de sal. Baixo teor de gordura saturada. [&hellip;]<\/p>\n","protected":false},"featured_media":11272,"comment_status":"closed","ping_status":"closed","template":"","meta":[],"product_cat":[33],"product_tag":[],"class_list":["post-11271","product","type-product","status-publish","has-post-thumbnail","hentry","product_cat-cereais"],"bundle_layout":"","bundled_by":[],"bundled_items":[],"yoast_head":"<!-- This site is optimized with the Yoast SEO plugin v26.3 - https:\/\/yoast.com\/wordpress\/plugins\/seo\/ -->\n<title>MULTICEREAIS C\/MEL 150GRS PROVIDA<\/title>\n<meta name=\"description\" content=\"MULTICEREAIS C\/MEL 150GRS PROVIDA\" \/>\n<meta name=\"robots\" content=\"index, follow, max-snippet:-1, max-image-preview:large, max-video-preview:-1\" \/>\n<link rel=\"canonical\" href=\"https:\/\/biocabaz.pt\/web\/produto\/multicereais-c-mel-150grs-provida\/\" \/>\n<meta property=\"og:locale\" content=\"pt_PT\" \/>\n<meta property=\"og:locale:alternate\" content=\"en_US\" \/>\n<meta property=\"og:type\" content=\"article\" \/>\n<meta property=\"og:title\" content=\"MULTICEREAIS C\/MEL 150GRS PROVIDA\" \/>\n<meta property=\"og:description\" content=\"MULTICEREAIS C\/MEL 150GRS PROVIDA\" \/>\n<meta property=\"og:url\" content=\"https:\/\/biocabaz.pt\/web\/produto\/multicereais-c-mel-150grs-provida\/\" \/>\n<meta property=\"og:site_name\" content=\"BIOCABAZ - CABAZES BIOL\u00d3GICOS\" \/>\n<meta property=\"article:modified_time\" content=\"2022-10-03T11:15:29+00:00\" \/>\n<meta property=\"og:image\" content=\"https:\/\/www.biocabaz.pt\/web\/wp-conteudos\/uploads\/2018\/12\/MULTICEREAIS-COM-MEL-150GRS-PROVIDA.jpg\" \/>\n\t<meta property=\"og:image:width\" content=\"300\" \/>\n\t<meta property=\"og:image:height\" content=\"326\" \/>\n\t<meta property=\"og:image:type\" content=\"image\/jpeg\" \/>\n<meta name=\"twitter:card\" content=\"summary_large_image\" \/>\n<meta name=\"twitter:label1\" content=\"Est. reading time\" \/>\n\t<meta name=\"twitter:data1\" content=\"1 minuto\" \/>\n<script type=\"application\/ld+json\" class=\"yoast-schema-graph\">{\"@context\":\"https:\/\/schema.org\",\"@graph\":[{\"@type\":\"WebPage\",\"@id\":\"https:\/\/biocabaz.pt\/web\/produto\/multicereais-c-mel-150grs-provida\/\",\"url\":\"https:\/\/biocabaz.pt\/web\/produto\/multicereais-c-mel-150grs-provida\/\",\"name\":\"MULTICEREAIS C\/MEL 150GRS PROVIDA\",\"isPartOf\":{\"@id\":\"https:\/\/biocabaz.pt\/web\/en\/#website\"},\"primaryImageOfPage\":{\"@id\":\"https:\/\/biocabaz.pt\/web\/produto\/multicereais-c-mel-150grs-provida\/#primaryimage\"},\"image\":{\"@id\":\"https:\/\/biocabaz.pt\/web\/produto\/multicereais-c-mel-150grs-provida\/#primaryimage\"},\"thumbnailUrl\":\"https:\/\/www.biocabaz.pt\/web\/wp-conteudos\/uploads\/2018\/12\/MULTICEREAIS-COM-MEL-150GRS-PROVIDA.jpg\",\"datePublished\":\"2018-12-27T10:22:15+00:00\",\"dateModified\":\"2022-10-03T11:15:29+00:00\",\"description\":\"MULTICEREAIS C\/MEL 150GRS PROVIDA\",\"breadcrumb\":{\"@id\":\"https:\/\/biocabaz.pt\/web\/produto\/multicereais-c-mel-150grs-provida\/#breadcrumb\"},\"inLanguage\":\"pt-PT\",\"potentialAction\":[{\"@type\":\"ReadAction\",\"target\":[\"https:\/\/biocabaz.pt\/web\/produto\/multicereais-c-mel-150grs-provida\/\"]}]},{\"@type\":\"ImageObject\",\"inLanguage\":\"pt-PT\",\"@id\":\"https:\/\/biocabaz.pt\/web\/produto\/multicereais-c-mel-150grs-provida\/#primaryimage\",\"url\":\"https:\/\/www.biocabaz.pt\/web\/wp-conteudos\/uploads\/2018\/12\/MULTICEREAIS-COM-MEL-150GRS-PROVIDA.jpg\",\"contentUrl\":\"https:\/\/www.biocabaz.pt\/web\/wp-conteudos\/uploads\/2018\/12\/MULTICEREAIS-COM-MEL-150GRS-PROVIDA.jpg\",\"width\":300,\"height\":326,\"caption\":\"MULTICEREAIS C\/MEL 150GRS PROVIDA\"},{\"@type\":\"BreadcrumbList\",\"@id\":\"https:\/\/biocabaz.pt\/web\/produto\/multicereais-c-mel-150grs-provida\/#breadcrumb\",\"itemListElement\":[{\"@type\":\"ListItem\",\"position\":1,\"name\":\"Home\",\"item\":\"https:\/\/biocabaz.pt\/web\/en\/\"},{\"@type\":\"ListItem\",\"position\":2,\"name\":\"Shop\",\"item\":\"https:\/\/biocabaz.pt\/web\/en\/shop\/\"},{\"@type\":\"ListItem\",\"position\":3,\"name\":\"MULTICEREAIS C\/MEL 150GRS PROVIDA\"}]},{\"@type\":\"WebSite\",\"@id\":\"https:\/\/biocabaz.pt\/web\/en\/#website\",\"url\":\"https:\/\/biocabaz.pt\/web\/en\/\",\"name\":\"BIOCABAZ - CABAZES BIOL\u00d3GICOS\",\"description\":\"O melhor que a terra d\u00e1 \u00e9 para si\",\"potentialAction\":[{\"@type\":\"SearchAction\",\"target\":{\"@type\":\"EntryPoint\",\"urlTemplate\":\"https:\/\/biocabaz.pt\/web\/en\/?s={search_term_string}\"},\"query-input\":{\"@type\":\"PropertyValueSpecification\",\"valueRequired\":true,\"valueName\":\"search_term_string\"}}],\"inLanguage\":\"pt-PT\"}]}<\/script>\n<!-- \/ Yoast SEO plugin. -->","yoast_head_json":{"title":"MULTICEREAIS C\/MEL 150GRS PROVIDA","description":"MULTICEREAIS C\/MEL 150GRS PROVIDA","robots":{"index":"index","follow":"follow","max-snippet":"max-snippet:-1","max-image-preview":"max-image-preview:large","max-video-preview":"max-video-preview:-1"},"canonical":"https:\/\/biocabaz.pt\/web\/produto\/multicereais-c-mel-150grs-provida\/","og_locale":"pt_PT","og_type":"article","og_title":"[:en]PR\u00d3VIDA ORGANIC MIXED CEREALS WITH HONEY 150GR[:pt]MULTICEREAIS C\/MEL 150GRS PROVIDA[:] - BIOCABAZ - CABAZES BIOL\u00d3GICOS","og_description":"MULTICEREAIS C\/MEL 150GRS PROVIDA","og_url":"https:\/\/biocabaz.pt\/web\/produto\/multicereais-c-mel-150grs-provida\/","og_site_name":"BIOCABAZ - CABAZES BIOL\u00d3GICOS","article_modified_time":"2022-10-03T11:15:29+00:00","og_image":[{"width":300,"height":326,"url":"https:\/\/www.biocabaz.pt\/web\/wp-conteudos\/uploads\/2018\/12\/MULTICEREAIS-COM-MEL-150GRS-PROVIDA.jpg","type":"image\/jpeg"}],"twitter_card":"summary_large_image","twitter_misc":{"Est. reading time":"1 minuto"},"schema":{"@context":"https:\/\/schema.org","@graph":[{"@type":"WebPage","@id":"https:\/\/biocabaz.pt\/web\/produto\/multicereais-c-mel-150grs-provida\/","url":"https:\/\/biocabaz.pt\/web\/produto\/multicereais-c-mel-150grs-provida\/","name":"MULTICEREAIS C\/MEL 150GRS PROVIDA","isPartOf":{"@id":"https:\/\/biocabaz.pt\/web\/en\/#website"},"primaryImageOfPage":{"@id":"https:\/\/biocabaz.pt\/web\/produto\/multicereais-c-mel-150grs-provida\/#primaryimage"},"image":{"@id":"https:\/\/biocabaz.pt\/web\/produto\/multicereais-c-mel-150grs-provida\/#primaryimage"},"thumbnailUrl":"https:\/\/www.biocabaz.pt\/web\/wp-conteudos\/uploads\/2018\/12\/MULTICEREAIS-COM-MEL-150GRS-PROVIDA.jpg","datePublished":"2018-12-27T10:22:15+00:00","dateModified":"2022-10-03T11:15:29+00:00","description":"MULTICEREAIS C\/MEL 150GRS PROVIDA","breadcrumb":{"@id":"https:\/\/biocabaz.pt\/web\/produto\/multicereais-c-mel-150grs-provida\/#breadcrumb"},"inLanguage":"pt-PT","potentialAction":[{"@type":"ReadAction","target":["https:\/\/biocabaz.pt\/web\/produto\/multicereais-c-mel-150grs-provida\/"]}]},{"@type":"ImageObject","inLanguage":"pt-PT","@id":"https:\/\/biocabaz.pt\/web\/produto\/multicereais-c-mel-150grs-provida\/#primaryimage","url":"https:\/\/www.biocabaz.pt\/web\/wp-conteudos\/uploads\/2018\/12\/MULTICEREAIS-COM-MEL-150GRS-PROVIDA.jpg","contentUrl":"https:\/\/www.biocabaz.pt\/web\/wp-conteudos\/uploads\/2018\/12\/MULTICEREAIS-COM-MEL-150GRS-PROVIDA.jpg","width":300,"height":326,"caption":"MULTICEREAIS C\/MEL 150GRS PROVIDA"},{"@type":"BreadcrumbList","@id":"https:\/\/biocabaz.pt\/web\/produto\/multicereais-c-mel-150grs-provida\/#breadcrumb","itemListElement":[{"@type":"ListItem","position":1,"name":"Home","item":"https:\/\/biocabaz.pt\/web\/en\/"},{"@type":"ListItem","position":2,"name":"Shop","item":"https:\/\/biocabaz.pt\/web\/en\/shop\/"},{"@type":"ListItem","position":3,"name":"MULTICEREAIS C\/MEL 150GRS PROVIDA"}]},{"@type":"WebSite","@id":"https:\/\/biocabaz.pt\/web\/en\/#website","url":"https:\/\/biocabaz.pt\/web\/en\/","name":"BIOCABAZ - CABAZES BIOL\u00d3GICOS","description":"O melhor que a terra d\u00e1 \u00e9 para si","potentialAction":[{"@type":"SearchAction","target":{"@type":"EntryPoint","urlTemplate":"https:\/\/biocabaz.pt\/web\/en\/?s={search_term_string}"},"query-input":{"@type":"PropertyValueSpecification","valueRequired":true,"valueName":"search_term_string"}}],"inLanguage":"pt-PT"}]}},"_links":{"self":[{"href":"https:\/\/biocabaz.pt\/web\/wp-json\/wp\/v2\/product\/11271","targetHints":{"allow":["GET"]}}],"collection":[{"href":"https:\/\/biocabaz.pt\/web\/wp-json\/wp\/v2\/product"}],"about":[{"href":"https:\/\/biocabaz.pt\/web\/wp-json\/wp\/v2\/types\/product"}],"replies":[{"embeddable":true,"href":"https:\/\/biocabaz.pt\/web\/wp-json\/wp\/v2\/comments?post=11271"}],"wp:featuredmedia":[{"embeddable":true,"href":"https:\/\/biocabaz.pt\/web\/wp-json\/wp\/v2\/media\/11272"}],"wp:attachment":[{"href":"https:\/\/biocabaz.pt\/web\/wp-json\/wp\/v2\/media?parent=11271"}],"wp:term":[{"taxonomy":"product_cat","embeddable":true,"href":"https:\/\/biocabaz.pt\/web\/wp-json\/wp\/v2\/product_cat?post=11271"},{"taxonomy":"product_tag","embeddable":true,"href":"https:\/\/biocabaz.pt\/web\/wp-json\/wp\/v2\/product_tag?post=11271"}],"curies":[{"name":"wp","href":"https:\/\/api.w.org\/{rel}","templated":true}]}}