{"id":1033,"date":"2016-04-14T21:51:36","date_gmt":"2016-04-14T21:51:36","guid":{"rendered":"http:\/\/www.biocabaz.com\/web\/produto\/gomasio-150g\/"},"modified":"2020-08-21T16:24:29","modified_gmt":"2020-08-21T16:24:29","slug":"gomasio-150g","status":"publish","type":"product","link":"https:\/\/biocabaz.pt\/web\/produto\/gomasio-150g\/","title":{"rendered":"GOM\u00c1SIO BIO150G"},"content":{"rendered":"<p><strong>Descri\u00e7\u00e3o <\/strong><br \/>\n\t\t\t\tIngredientes: Sementes de s\u00e9samo* torradas, sal marinho integral. *de produ\u00e7\u00e3o Biol\u00f3gica. O Gom\u00e1sio \u00e9 dos condimentos mais populares e usado com mais frequ\u00eancia na cozinha Macrobi\u00f3tica.<\/p>\n<p><strong>Dados Nutricionais<\/strong><br \/>\n\t\t\t\tDados Nutricionais por 100g:<br \/> Energia 2278kj\/551kal;<br \/> L\u00edpidos: 47g &#8211; dos quais Saturados: 6,3g;<br \/> Hidratos de Carbono: 9,5g dos quais A\u00e7\u00facares: 0,2g;<br \/> Fibra: 11g;<br \/> Prote\u00ednas: 17g;<br \/> Sal: 6g.<\/p>\n<p><strong>Modo Utiliza\u00e7\u00e3o<\/strong><br \/>Recomenda\u00e7\u00f5es de Uso: Ideal para guarnecer os cereais os legumes cozidos. Nota Importante: Depois de aberta a embalagem colocar o produto num frasco de vidro, num local fresco e seco.<\/p>\n","protected":false},"excerpt":{"rendered":"<p>Descri\u00e7\u00e3o Ingredientes: Sementes de s\u00e9samo* torradas, sal marinho integral. *de produ\u00e7\u00e3o Biol\u00f3gica. O Gom\u00e1sio \u00e9 dos condimentos mais populares e usado com mais frequ\u00eancia na cozinha Macrobi\u00f3tica. Dados Nutricionais Dados Nutricionais por 100g: Energia 2278kj\/551kal; L\u00edpidos: 47g &#8211; dos quais Saturados: 6,3g; Hidratos de Carbono: 9,5g dos quais A\u00e7\u00facares: 0,2g; Fibra: 11g; Prote\u00ednas: 17g; Sal: [&hellip;]<\/p>\n","protected":false},"featured_media":1129,"comment_status":"closed","ping_status":"closed","template":"","meta":[],"product_cat":[27],"product_tag":[],"class_list":["post-1033","product","type-product","status-publish","has-post-thumbnail","hentry","product_cat-sal-especiarias-temperos"],"bundle_layout":"","bundled_by":[],"bundled_items":[],"yoast_head":"<!-- This site is optimized with the Yoast SEO plugin v26.3 - https:\/\/yoast.com\/wordpress\/plugins\/seo\/ -->\n<title>GOM\u00c1SIO BIO150G<\/title>\n<meta name=\"robots\" content=\"index, follow, max-snippet:-1, max-image-preview:large, max-video-preview:-1\" \/>\n<link rel=\"canonical\" href=\"https:\/\/www.biocabaz.pt\/web\/en\/produto\/gomasio-150g\/\" \/>\n<meta property=\"og:locale\" content=\"pt_PT\" \/>\n<meta property=\"og:locale:alternate\" content=\"en_US\" \/>\n<meta property=\"og:type\" content=\"article\" \/>\n<meta property=\"og:title\" content=\"GOM\u00c1SIO BIO150G\" \/>\n<meta property=\"og:description\" content=\"Descri\u00e7\u00e3o Ingredientes: Sementes de s\u00e9samo* torradas, sal marinho integral. *de produ\u00e7\u00e3o Biol\u00f3gica. O Gom\u00e1sio \u00e9 dos condimentos mais populares e usado com mais frequ\u00eancia na cozinha Macrobi\u00f3tica. Dados Nutricionais Dados Nutricionais por 100g: Energia 2278kj\/551kal; L\u00edpidos: 47g &#8211; dos quais Saturados: 6,3g; Hidratos de Carbono: 9,5g dos quais A\u00e7\u00facares: 0,2g; Fibra: 11g; Prote\u00ednas: 17g; Sal: [&hellip;]\" \/>\n<meta property=\"og:url\" content=\"https:\/\/biocabaz.pt\/web\/produto\/gomasio-150g\/\" \/>\n<meta property=\"og:site_name\" content=\"BIOCABAZ - CABAZES BIOL\u00d3GICOS\" \/>\n<meta property=\"article:modified_time\" content=\"2020-08-21T16:24:29+00:00\" \/>\n<meta property=\"og:image\" content=\"https:\/\/www.biocabaz.pt\/web\/wp-conteudos\/uploads\/2016\/04\/gomasioprovida150gr.jpg\" \/>\n\t<meta property=\"og:image:width\" content=\"319\" \/>\n\t<meta property=\"og:image:height\" content=\"250\" \/>\n\t<meta property=\"og:image:type\" content=\"image\/jpeg\" \/>\n<meta name=\"twitter:card\" content=\"summary_large_image\" \/>\n<meta name=\"twitter:label1\" content=\"Est. reading time\" \/>\n\t<meta name=\"twitter:data1\" content=\"1 minuto\" \/>\n<script type=\"application\/ld+json\" class=\"yoast-schema-graph\">{\"@context\":\"https:\/\/schema.org\",\"@graph\":[{\"@type\":\"WebPage\",\"@id\":\"https:\/\/www.biocabaz.pt\/web\/en\/produto\/gomasio-150g\/\",\"url\":\"https:\/\/www.biocabaz.pt\/web\/en\/produto\/gomasio-150g\/\",\"name\":\"GOM\u00c1SIO BIO150G\",\"isPartOf\":{\"@id\":\"https:\/\/biocabaz.pt\/web\/#website\"},\"primaryImageOfPage\":{\"@id\":\"https:\/\/www.biocabaz.pt\/web\/en\/produto\/gomasio-150g\/#primaryimage\"},\"image\":{\"@id\":\"https:\/\/www.biocabaz.pt\/web\/en\/produto\/gomasio-150g\/#primaryimage\"},\"thumbnailUrl\":\"https:\/\/www.biocabaz.pt\/web\/wp-conteudos\/uploads\/2016\/04\/gomasioprovida150gr.jpg\",\"datePublished\":\"2016-04-14T21:51:36+00:00\",\"dateModified\":\"2020-08-21T16:24:29+00:00\",\"breadcrumb\":{\"@id\":\"https:\/\/www.biocabaz.pt\/web\/en\/produto\/gomasio-150g\/#breadcrumb\"},\"inLanguage\":\"pt-PT\",\"potentialAction\":[{\"@type\":\"ReadAction\",\"target\":[\"https:\/\/www.biocabaz.pt\/web\/en\/produto\/gomasio-150g\/\"]}]},{\"@type\":\"ImageObject\",\"inLanguage\":\"pt-PT\",\"@id\":\"https:\/\/www.biocabaz.pt\/web\/en\/produto\/gomasio-150g\/#primaryimage\",\"url\":\"https:\/\/www.biocabaz.pt\/web\/wp-conteudos\/uploads\/2016\/04\/gomasioprovida150gr.jpg\",\"contentUrl\":\"https:\/\/www.biocabaz.pt\/web\/wp-conteudos\/uploads\/2016\/04\/gomasioprovida150gr.jpg\",\"width\":319,\"height\":250},{\"@type\":\"BreadcrumbList\",\"@id\":\"https:\/\/www.biocabaz.pt\/web\/en\/produto\/gomasio-150g\/#breadcrumb\",\"itemListElement\":[{\"@type\":\"ListItem\",\"position\":1,\"name\":\"Home\",\"item\":\"https:\/\/biocabaz.pt\/web\/\"},{\"@type\":\"ListItem\",\"position\":2,\"name\":\"Loja\",\"item\":\"https:\/\/biocabaz.pt\/web\/shop\/\"},{\"@type\":\"ListItem\",\"position\":3,\"name\":\"ORGANIC GOMASHIO 150GR\"}]},{\"@type\":\"WebSite\",\"@id\":\"https:\/\/biocabaz.pt\/web\/#website\",\"url\":\"https:\/\/biocabaz.pt\/web\/\",\"name\":\"BIOCABAZ - CABAZES BIOL\u00d3GICOS\",\"description\":\"O melhor que a terra d\u00e1 \u00e9 para si\",\"potentialAction\":[{\"@type\":\"SearchAction\",\"target\":{\"@type\":\"EntryPoint\",\"urlTemplate\":\"https:\/\/biocabaz.pt\/web\/?s={search_term_string}\"},\"query-input\":{\"@type\":\"PropertyValueSpecification\",\"valueRequired\":true,\"valueName\":\"search_term_string\"}}],\"inLanguage\":\"pt-PT\"}]}<\/script>\n<!-- \/ Yoast SEO plugin. -->","yoast_head_json":{"title":"GOM\u00c1SIO BIO150G","robots":{"index":"index","follow":"follow","max-snippet":"max-snippet:-1","max-image-preview":"max-image-preview:large","max-video-preview":"max-video-preview:-1"},"canonical":"https:\/\/www.biocabaz.pt\/web\/en\/produto\/gomasio-150g\/","og_locale":"pt_PT","og_type":"article","og_title":"[:pt]GOM\u00c1SIO BIO150G[:en]ORGANIC GOMASHIO 150GR[:] - BIOCABAZ - CABAZES BIOL\u00d3GICOS","og_description":"Descri\u00e7\u00e3o Ingredientes: Sementes de s\u00e9samo* torradas, sal marinho integral. *de produ\u00e7\u00e3o Biol\u00f3gica. O Gom\u00e1sio \u00e9 dos condimentos mais populares e usado com mais frequ\u00eancia na cozinha Macrobi\u00f3tica. Dados Nutricionais Dados Nutricionais por 100g: Energia 2278kj\/551kal; L\u00edpidos: 47g &#8211; dos quais Saturados: 6,3g; Hidratos de Carbono: 9,5g dos quais A\u00e7\u00facares: 0,2g; Fibra: 11g; Prote\u00ednas: 17g; Sal: [&hellip;]","og_url":"https:\/\/biocabaz.pt\/web\/produto\/gomasio-150g\/","og_site_name":"BIOCABAZ - CABAZES BIOL\u00d3GICOS","article_modified_time":"2020-08-21T16:24:29+00:00","og_image":[{"width":319,"height":250,"url":"https:\/\/www.biocabaz.pt\/web\/wp-conteudos\/uploads\/2016\/04\/gomasioprovida150gr.jpg","type":"image\/jpeg"}],"twitter_card":"summary_large_image","twitter_misc":{"Est. reading time":"1 minuto"},"schema":{"@context":"https:\/\/schema.org","@graph":[{"@type":"WebPage","@id":"https:\/\/www.biocabaz.pt\/web\/en\/produto\/gomasio-150g\/","url":"https:\/\/www.biocabaz.pt\/web\/en\/produto\/gomasio-150g\/","name":"GOM\u00c1SIO BIO150G","isPartOf":{"@id":"https:\/\/biocabaz.pt\/web\/#website"},"primaryImageOfPage":{"@id":"https:\/\/www.biocabaz.pt\/web\/en\/produto\/gomasio-150g\/#primaryimage"},"image":{"@id":"https:\/\/www.biocabaz.pt\/web\/en\/produto\/gomasio-150g\/#primaryimage"},"thumbnailUrl":"https:\/\/www.biocabaz.pt\/web\/wp-conteudos\/uploads\/2016\/04\/gomasioprovida150gr.jpg","datePublished":"2016-04-14T21:51:36+00:00","dateModified":"2020-08-21T16:24:29+00:00","breadcrumb":{"@id":"https:\/\/www.biocabaz.pt\/web\/en\/produto\/gomasio-150g\/#breadcrumb"},"inLanguage":"pt-PT","potentialAction":[{"@type":"ReadAction","target":["https:\/\/www.biocabaz.pt\/web\/en\/produto\/gomasio-150g\/"]}]},{"@type":"ImageObject","inLanguage":"pt-PT","@id":"https:\/\/www.biocabaz.pt\/web\/en\/produto\/gomasio-150g\/#primaryimage","url":"https:\/\/www.biocabaz.pt\/web\/wp-conteudos\/uploads\/2016\/04\/gomasioprovida150gr.jpg","contentUrl":"https:\/\/www.biocabaz.pt\/web\/wp-conteudos\/uploads\/2016\/04\/gomasioprovida150gr.jpg","width":319,"height":250},{"@type":"BreadcrumbList","@id":"https:\/\/www.biocabaz.pt\/web\/en\/produto\/gomasio-150g\/#breadcrumb","itemListElement":[{"@type":"ListItem","position":1,"name":"Home","item":"https:\/\/biocabaz.pt\/web\/"},{"@type":"ListItem","position":2,"name":"Loja","item":"https:\/\/biocabaz.pt\/web\/shop\/"},{"@type":"ListItem","position":3,"name":"ORGANIC GOMASHIO 150GR"}]},{"@type":"WebSite","@id":"https:\/\/biocabaz.pt\/web\/#website","url":"https:\/\/biocabaz.pt\/web\/","name":"BIOCABAZ - CABAZES BIOL\u00d3GICOS","description":"O melhor que a terra d\u00e1 \u00e9 para si","potentialAction":[{"@type":"SearchAction","target":{"@type":"EntryPoint","urlTemplate":"https:\/\/biocabaz.pt\/web\/?s={search_term_string}"},"query-input":{"@type":"PropertyValueSpecification","valueRequired":true,"valueName":"search_term_string"}}],"inLanguage":"pt-PT"}]}},"_links":{"self":[{"href":"https:\/\/biocabaz.pt\/web\/wp-json\/wp\/v2\/product\/1033","targetHints":{"allow":["GET"]}}],"collection":[{"href":"https:\/\/biocabaz.pt\/web\/wp-json\/wp\/v2\/product"}],"about":[{"href":"https:\/\/biocabaz.pt\/web\/wp-json\/wp\/v2\/types\/product"}],"replies":[{"embeddable":true,"href":"https:\/\/biocabaz.pt\/web\/wp-json\/wp\/v2\/comments?post=1033"}],"wp:featuredmedia":[{"embeddable":true,"href":"https:\/\/biocabaz.pt\/web\/wp-json\/wp\/v2\/media\/1129"}],"wp:attachment":[{"href":"https:\/\/biocabaz.pt\/web\/wp-json\/wp\/v2\/media?parent=1033"}],"wp:term":[{"taxonomy":"product_cat","embeddable":true,"href":"https:\/\/biocabaz.pt\/web\/wp-json\/wp\/v2\/product_cat?post=1033"},{"taxonomy":"product_tag","embeddable":true,"href":"https:\/\/biocabaz.pt\/web\/wp-json\/wp\/v2\/product_tag?post=1033"}],"curies":[{"name":"wp","href":"https:\/\/api.w.org\/{rel}","templated":true}]}}