{"id":1022,"date":"2016-04-14T21:51:21","date_gmt":"2016-04-14T21:51:21","guid":{"rendered":"http:\/\/www.biocabaz.com\/web\/produto\/tortilha-wrap-240g-amazing\/"},"modified":"2024-08-02T12:52:48","modified_gmt":"2024-08-02T12:52:48","slug":"tortilha-wrap-240g-amazing","status":"publish","type":"product","link":"https:\/\/biocabaz.pt\/web\/produto\/tortilha-wrap-240g-amazing\/","title":{"rendered":"TORTILHA WRAP BIO 240G AMAZING"},"content":{"rendered":"<p><strong>Descri\u00e7\u00e3o <\/strong><br \/>\n\t\t\t\tIngredientes: Farinha de trigo (66%), \u00e1gua, \u00f3leo de nabinha (colza), a\u00e7\u00facar de cana, acidificante: \u00e1cido l\u00e1ctico, sal marinho, prote\u00edna de soja, maltodextrina, levedante qu\u00edmico: hidrogenocarbonato de s\u00f3dio, extracto de arroz, glicose, dextrose e plantas arom\u00e1ticas.<\/p>\n<p><strong>Dados Nutricionais<\/strong><br \/>\n\t\t\t\tDeclara\u00e7\u00e3o Nutricional por 100g:<br \/> Energia: 335kcal\/ 1410kj;<br \/> Prote\u00ednas: 8,6g;<br \/> Hidratos de Carbono: 53.8g &#8211; dos quais a\u00e7\u00facares: 3,9g;<br \/> L\u00edpidos: 9g &#8211; dos quais saturados: 4g;<br \/> Fibras: 2g;<br \/> S\u00f3dio: 0,78g.<\/p>\n<p><strong>Modo Utiliza\u00e7\u00e3o<\/strong><br \/>Excelente para fazer wraps r\u00e1pidos e saud\u00e1veis. Conservar em local seco e fresco.<\/p>\n","protected":false},"excerpt":{"rendered":"<p>Descri\u00e7\u00e3o Ingredientes: Farinha de trigo (66%), \u00e1gua, \u00f3leo de nabinha (colza), a\u00e7\u00facar de cana, acidificante: \u00e1cido l\u00e1ctico, sal marinho, prote\u00edna de soja, maltodextrina, levedante qu\u00edmico: hidrogenocarbonato de s\u00f3dio, extracto de arroz, glicose, dextrose e plantas arom\u00e1ticas. Dados Nutricionais Declara\u00e7\u00e3o Nutricional por 100g: Energia: 335kcal\/ 1410kj; Prote\u00ednas: 8,6g; Hidratos de Carbono: 53.8g &#8211; dos quais a\u00e7\u00facares: [&hellip;]<\/p>\n","protected":false},"featured_media":1124,"comment_status":"closed","ping_status":"closed","template":"","meta":[],"product_cat":[26],"product_tag":[],"class_list":["post-1022","product","type-product","status-publish","has-post-thumbnail","hentry","product_cat-massas"],"bundle_layout":"","bundled_by":[],"bundled_items":[],"yoast_head":"<!-- This site is optimized with the Yoast SEO plugin v26.3 - https:\/\/yoast.com\/wordpress\/plugins\/seo\/ -->\n<title>TORTILHA WRAP BIO 240G AMAZING<\/title>\n<meta name=\"robots\" content=\"index, follow, max-snippet:-1, max-image-preview:large, max-video-preview:-1\" \/>\n<link rel=\"canonical\" href=\"https:\/\/www.biocabaz.pt\/web\/produto\/tortilha-wrap-240g-amazing\/\" \/>\n<meta property=\"og:locale\" content=\"pt_PT\" \/>\n<meta property=\"og:locale:alternate\" content=\"en_US\" \/>\n<meta property=\"og:type\" content=\"article\" \/>\n<meta property=\"og:title\" content=\"TORTILHA WRAP BIO 240G AMAZING\" \/>\n<meta property=\"og:description\" content=\"Descri\u00e7\u00e3o Ingredientes: Farinha de trigo (66%), \u00e1gua, \u00f3leo de nabinha (colza), a\u00e7\u00facar de cana, acidificante: \u00e1cido l\u00e1ctico, sal marinho, prote\u00edna de soja, maltodextrina, levedante qu\u00edmico: hidrogenocarbonato de s\u00f3dio, extracto de arroz, glicose, dextrose e plantas arom\u00e1ticas. Dados Nutricionais Declara\u00e7\u00e3o Nutricional por 100g: Energia: 335kcal\/ 1410kj; Prote\u00ednas: 8,6g; Hidratos de Carbono: 53.8g &#8211; dos quais a\u00e7\u00facares: [&hellip;]\" \/>\n<meta property=\"og:url\" content=\"https:\/\/biocabaz.pt\/web\/produto\/tortilha-wrap-240g-amazing\/\" \/>\n<meta property=\"og:site_name\" content=\"BIOCABAZ - CABAZES BIOL\u00d3GICOS\" \/>\n<meta property=\"article:modified_time\" content=\"2024-08-02T12:52:48+00:00\" \/>\n<meta property=\"og:image\" content=\"https:\/\/www.biocabaz.pt\/web\/wp-conteudos\/uploads\/2016\/04\/81o2npuz82L._SX385_.jpg\" \/>\n\t<meta property=\"og:image:width\" content=\"385\" \/>\n\t<meta property=\"og:image:height\" content=\"390\" \/>\n\t<meta property=\"og:image:type\" content=\"image\/jpeg\" \/>\n<meta name=\"twitter:card\" content=\"summary_large_image\" \/>\n<meta name=\"twitter:label1\" content=\"Est. reading time\" \/>\n\t<meta name=\"twitter:data1\" content=\"1 minuto\" \/>\n<script type=\"application\/ld+json\" class=\"yoast-schema-graph\">{\"@context\":\"https:\/\/schema.org\",\"@graph\":[{\"@type\":\"WebPage\",\"@id\":\"https:\/\/www.biocabaz.pt\/web\/produto\/tortilha-wrap-240g-amazing\/\",\"url\":\"https:\/\/www.biocabaz.pt\/web\/produto\/tortilha-wrap-240g-amazing\/\",\"name\":\"TORTILHA WRAP BIO 240G AMAZING\",\"isPartOf\":{\"@id\":\"https:\/\/www.biocabaz.pt\/web\/#website\"},\"primaryImageOfPage\":{\"@id\":\"https:\/\/www.biocabaz.pt\/web\/produto\/tortilha-wrap-240g-amazing\/#primaryimage\"},\"image\":{\"@id\":\"https:\/\/www.biocabaz.pt\/web\/produto\/tortilha-wrap-240g-amazing\/#primaryimage\"},\"thumbnailUrl\":\"https:\/\/www.biocabaz.pt\/web\/wp-conteudos\/uploads\/2016\/04\/81o2npuz82L._SX385_.jpg\",\"datePublished\":\"2016-04-14T21:51:21+00:00\",\"dateModified\":\"2024-08-02T12:52:48+00:00\",\"breadcrumb\":{\"@id\":\"https:\/\/www.biocabaz.pt\/web\/produto\/tortilha-wrap-240g-amazing\/#breadcrumb\"},\"inLanguage\":\"pt-PT\",\"potentialAction\":[{\"@type\":\"ReadAction\",\"target\":[\"https:\/\/www.biocabaz.pt\/web\/produto\/tortilha-wrap-240g-amazing\/\"]}]},{\"@type\":\"ImageObject\",\"inLanguage\":\"pt-PT\",\"@id\":\"https:\/\/www.biocabaz.pt\/web\/produto\/tortilha-wrap-240g-amazing\/#primaryimage\",\"url\":\"https:\/\/www.biocabaz.pt\/web\/wp-conteudos\/uploads\/2016\/04\/81o2npuz82L._SX385_.jpg\",\"contentUrl\":\"https:\/\/www.biocabaz.pt\/web\/wp-conteudos\/uploads\/2016\/04\/81o2npuz82L._SX385_.jpg\",\"width\":385,\"height\":390},{\"@type\":\"BreadcrumbList\",\"@id\":\"https:\/\/www.biocabaz.pt\/web\/produto\/tortilha-wrap-240g-amazing\/#breadcrumb\",\"itemListElement\":[{\"@type\":\"ListItem\",\"position\":1,\"name\":\"Home\",\"item\":\"https:\/\/www.biocabaz.pt\/web\/\"},{\"@type\":\"ListItem\",\"position\":2,\"name\":\"Loja\",\"item\":\"https:\/\/www.biocabaz.pt\/web\/shop\/\"},{\"@type\":\"ListItem\",\"position\":3,\"name\":\"TORTILHA WRAP BIO 240G AMAZING\"}]},{\"@type\":\"WebSite\",\"@id\":\"https:\/\/www.biocabaz.pt\/web\/#website\",\"url\":\"https:\/\/www.biocabaz.pt\/web\/\",\"name\":\"BIOCABAZ - CABAZES BIOL\u00d3GICOS\",\"description\":\"O melhor que a terra d\u00e1 \u00e9 para si\",\"potentialAction\":[{\"@type\":\"SearchAction\",\"target\":{\"@type\":\"EntryPoint\",\"urlTemplate\":\"https:\/\/www.biocabaz.pt\/web\/?s={search_term_string}\"},\"query-input\":{\"@type\":\"PropertyValueSpecification\",\"valueRequired\":true,\"valueName\":\"search_term_string\"}}],\"inLanguage\":\"pt-PT\"}]}<\/script>\n<!-- \/ Yoast SEO plugin. -->","yoast_head_json":{"title":"TORTILHA WRAP BIO 240G AMAZING","robots":{"index":"index","follow":"follow","max-snippet":"max-snippet:-1","max-image-preview":"max-image-preview:large","max-video-preview":"max-video-preview:-1"},"canonical":"https:\/\/www.biocabaz.pt\/web\/produto\/tortilha-wrap-240g-amazing\/","og_locale":"pt_PT","og_type":"article","og_title":"[:en]AMAIZIN ORGANIC WHEAT FLOUR TORTILLA WRAPS 240GR[:pt]TORTILHA WRAP BIO 240G AMAZING[:] - BIOCABAZ - CABAZES BIOL\u00d3GICOS","og_description":"Descri\u00e7\u00e3o Ingredientes: Farinha de trigo (66%), \u00e1gua, \u00f3leo de nabinha (colza), a\u00e7\u00facar de cana, acidificante: \u00e1cido l\u00e1ctico, sal marinho, prote\u00edna de soja, maltodextrina, levedante qu\u00edmico: hidrogenocarbonato de s\u00f3dio, extracto de arroz, glicose, dextrose e plantas arom\u00e1ticas. Dados Nutricionais Declara\u00e7\u00e3o Nutricional por 100g: Energia: 335kcal\/ 1410kj; Prote\u00ednas: 8,6g; Hidratos de Carbono: 53.8g &#8211; dos quais a\u00e7\u00facares: [&hellip;]","og_url":"https:\/\/biocabaz.pt\/web\/produto\/tortilha-wrap-240g-amazing\/","og_site_name":"BIOCABAZ - CABAZES BIOL\u00d3GICOS","article_modified_time":"2024-08-02T12:52:48+00:00","og_image":[{"width":385,"height":390,"url":"https:\/\/www.biocabaz.pt\/web\/wp-conteudos\/uploads\/2016\/04\/81o2npuz82L._SX385_.jpg","type":"image\/jpeg"}],"twitter_card":"summary_large_image","twitter_misc":{"Est. reading time":"1 minuto"},"schema":{"@context":"https:\/\/schema.org","@graph":[{"@type":"WebPage","@id":"https:\/\/www.biocabaz.pt\/web\/produto\/tortilha-wrap-240g-amazing\/","url":"https:\/\/www.biocabaz.pt\/web\/produto\/tortilha-wrap-240g-amazing\/","name":"TORTILHA WRAP BIO 240G AMAZING","isPartOf":{"@id":"https:\/\/www.biocabaz.pt\/web\/#website"},"primaryImageOfPage":{"@id":"https:\/\/www.biocabaz.pt\/web\/produto\/tortilha-wrap-240g-amazing\/#primaryimage"},"image":{"@id":"https:\/\/www.biocabaz.pt\/web\/produto\/tortilha-wrap-240g-amazing\/#primaryimage"},"thumbnailUrl":"https:\/\/www.biocabaz.pt\/web\/wp-conteudos\/uploads\/2016\/04\/81o2npuz82L._SX385_.jpg","datePublished":"2016-04-14T21:51:21+00:00","dateModified":"2024-08-02T12:52:48+00:00","breadcrumb":{"@id":"https:\/\/www.biocabaz.pt\/web\/produto\/tortilha-wrap-240g-amazing\/#breadcrumb"},"inLanguage":"pt-PT","potentialAction":[{"@type":"ReadAction","target":["https:\/\/www.biocabaz.pt\/web\/produto\/tortilha-wrap-240g-amazing\/"]}]},{"@type":"ImageObject","inLanguage":"pt-PT","@id":"https:\/\/www.biocabaz.pt\/web\/produto\/tortilha-wrap-240g-amazing\/#primaryimage","url":"https:\/\/www.biocabaz.pt\/web\/wp-conteudos\/uploads\/2016\/04\/81o2npuz82L._SX385_.jpg","contentUrl":"https:\/\/www.biocabaz.pt\/web\/wp-conteudos\/uploads\/2016\/04\/81o2npuz82L._SX385_.jpg","width":385,"height":390},{"@type":"BreadcrumbList","@id":"https:\/\/www.biocabaz.pt\/web\/produto\/tortilha-wrap-240g-amazing\/#breadcrumb","itemListElement":[{"@type":"ListItem","position":1,"name":"Home","item":"https:\/\/www.biocabaz.pt\/web\/"},{"@type":"ListItem","position":2,"name":"Loja","item":"https:\/\/www.biocabaz.pt\/web\/shop\/"},{"@type":"ListItem","position":3,"name":"TORTILHA WRAP BIO 240G AMAZING"}]},{"@type":"WebSite","@id":"https:\/\/www.biocabaz.pt\/web\/#website","url":"https:\/\/www.biocabaz.pt\/web\/","name":"BIOCABAZ - CABAZES BIOL\u00d3GICOS","description":"O melhor que a terra d\u00e1 \u00e9 para si","potentialAction":[{"@type":"SearchAction","target":{"@type":"EntryPoint","urlTemplate":"https:\/\/www.biocabaz.pt\/web\/?s={search_term_string}"},"query-input":{"@type":"PropertyValueSpecification","valueRequired":true,"valueName":"search_term_string"}}],"inLanguage":"pt-PT"}]}},"_links":{"self":[{"href":"https:\/\/biocabaz.pt\/web\/wp-json\/wp\/v2\/product\/1022","targetHints":{"allow":["GET"]}}],"collection":[{"href":"https:\/\/biocabaz.pt\/web\/wp-json\/wp\/v2\/product"}],"about":[{"href":"https:\/\/biocabaz.pt\/web\/wp-json\/wp\/v2\/types\/product"}],"replies":[{"embeddable":true,"href":"https:\/\/biocabaz.pt\/web\/wp-json\/wp\/v2\/comments?post=1022"}],"wp:featuredmedia":[{"embeddable":true,"href":"https:\/\/biocabaz.pt\/web\/wp-json\/wp\/v2\/media\/1124"}],"wp:attachment":[{"href":"https:\/\/biocabaz.pt\/web\/wp-json\/wp\/v2\/media?parent=1022"}],"wp:term":[{"taxonomy":"product_cat","embeddable":true,"href":"https:\/\/biocabaz.pt\/web\/wp-json\/wp\/v2\/product_cat?post=1022"},{"taxonomy":"product_tag","embeddable":true,"href":"https:\/\/biocabaz.pt\/web\/wp-json\/wp\/v2\/product_tag?post=1022"}],"curies":[{"name":"wp","href":"https:\/\/api.w.org\/{rel}","templated":true}]}}