{"id":1021,"date":"2016-04-14T21:51:20","date_gmt":"2016-04-14T21:51:20","guid":{"rendered":"http:\/\/www.biocabaz.com\/web\/produto\/sementes-de-linhaca-dourada-500g\/"},"modified":"2023-04-15T14:04:08","modified_gmt":"2023-04-15T14:04:08","slug":"sementes-de-linhaca-dourada-500g","status":"publish","type":"product","link":"https:\/\/biocabaz.pt\/web\/produto\/sementes-de-linhaca-dourada-500g\/","title":{"rendered":"SEMENTES DE LINHA\u00c7A DOURADA BIO 500G"},"content":{"rendered":"<p><strong>Descri\u00e7\u00e3o <\/strong><br \/>\n\t\t\t\tIngredientes: Sementes de linha\u00e7a dourada, oriundas do Egipto e \u00c1sia Central. A linha\u00e7a dourada tem sabor mais suave e casca mais fina que as sementes de linha\u00e7a castanha. S\u00e3o ricas em fibra, em gorduras insaturadas e fonte de prote\u00edna.<\/p>\n<p><strong>Dados Nutricionais<\/strong><br \/>\n\t\t\t\tDeclara\u00e7\u00e3o Nutricional por 100g:<br \/> Energia: 2102kJ\/510kcal;<br \/> L\u00edpidos: 42g &#8211; dos quais Saturados: 3,6g &#8211; dos quais monoinsaturados: 7,52g, dos quais polinsaturados: 28,7g;<br \/> Hidratos de Carbono: 1,5g &#8211; dos quais a\u00e7\u00facares: 1,5g;<br \/> Fibra: 27g;<br \/> Prote\u00ednas: 18g;<br \/> Sal: 0,075g;<br \/> C\u00e1lcio: 255 mg (31%*);<br \/> Ferro: 5,73mg (40%*);<br \/> Magn\u00e9sio: 392 mg (104%*). *Valor de refer\u00eancia do nutriente.<\/p>\n<p><strong>Modo Utiliza\u00e7\u00e3o<\/strong><br \/>Em saladas, iogurtes ou como ingrediente em receitas de panifica\u00e7\u00e3o, bolos ou biscoitos. Podem ser fervidas em \u00e1gua (30g por litro) e o extrato bebido, 2 a 3 ch\u00e1venas por dia. Conservar em local seco e fresco.<\/p>\n","protected":false},"excerpt":{"rendered":"<p>Descri\u00e7\u00e3o Ingredientes: Sementes de linha\u00e7a dourada, oriundas do Egipto e \u00c1sia Central. A linha\u00e7a dourada tem sabor mais suave e casca mais fina que as sementes de linha\u00e7a castanha. S\u00e3o ricas em fibra, em gorduras insaturadas e fonte de prote\u00edna. Dados Nutricionais Declara\u00e7\u00e3o Nutricional por 100g: Energia: 2102kJ\/510kcal; L\u00edpidos: 42g &#8211; dos quais Saturados: 3,6g [&hellip;]<\/p>\n","protected":false},"featured_media":1138,"comment_status":"closed","ping_status":"closed","template":"","meta":[],"product_cat":[33],"product_tag":[],"class_list":["post-1021","product","type-product","status-publish","has-post-thumbnail","hentry","product_cat-cereais"],"bundle_layout":"","bundled_by":[],"bundled_items":[],"yoast_head":"<!-- This site is optimized with the Yoast SEO plugin v26.3 - https:\/\/yoast.com\/wordpress\/plugins\/seo\/ -->\n<title>SEMENTES DE LINHA\u00c7A DOURADA BIO 500G<\/title>\n<meta name=\"robots\" content=\"index, follow, max-snippet:-1, max-image-preview:large, max-video-preview:-1\" \/>\n<link rel=\"canonical\" href=\"https:\/\/biocabaz.pt\/web\/produto\/sementes-de-linhaca-dourada-500g\/\" \/>\n<meta property=\"og:locale\" content=\"pt_PT\" \/>\n<meta property=\"og:locale:alternate\" content=\"en_US\" \/>\n<meta property=\"og:type\" content=\"article\" \/>\n<meta property=\"og:title\" content=\"SEMENTES DE LINHA\u00c7A DOURADA BIO 500G\" \/>\n<meta property=\"og:description\" content=\"Descri\u00e7\u00e3o Ingredientes: Sementes de linha\u00e7a dourada, oriundas do Egipto e \u00c1sia Central. A linha\u00e7a dourada tem sabor mais suave e casca mais fina que as sementes de linha\u00e7a castanha. S\u00e3o ricas em fibra, em gorduras insaturadas e fonte de prote\u00edna. Dados Nutricionais Declara\u00e7\u00e3o Nutricional por 100g: Energia: 2102kJ\/510kcal; L\u00edpidos: 42g &#8211; dos quais Saturados: 3,6g [&hellip;]\" \/>\n<meta property=\"og:url\" content=\"https:\/\/biocabaz.pt\/web\/produto\/sementes-de-linhaca-dourada-500g\/\" \/>\n<meta property=\"og:site_name\" content=\"BIOCABAZ - CABAZES BIOL\u00d3GICOS\" \/>\n<meta property=\"article:modified_time\" content=\"2023-04-15T14:04:08+00:00\" \/>\n<meta property=\"og:image\" content=\"https:\/\/www.biocabaz.pt\/web\/wp-conteudos\/uploads\/2016\/04\/108005B.jpg\" \/>\n\t<meta property=\"og:image:width\" content=\"300\" \/>\n\t<meta property=\"og:image:height\" content=\"326\" \/>\n\t<meta property=\"og:image:type\" content=\"image\/jpeg\" \/>\n<meta name=\"twitter:card\" content=\"summary_large_image\" \/>\n<meta name=\"twitter:label1\" content=\"Est. reading time\" \/>\n\t<meta name=\"twitter:data1\" content=\"1 minuto\" \/>\n<script type=\"application\/ld+json\" class=\"yoast-schema-graph\">{\"@context\":\"https:\/\/schema.org\",\"@graph\":[{\"@type\":\"WebPage\",\"@id\":\"https:\/\/biocabaz.pt\/web\/en\/produto\/sementes-de-linhaca-dourada-500g\/\",\"url\":\"https:\/\/biocabaz.pt\/web\/en\/produto\/sementes-de-linhaca-dourada-500g\/\",\"name\":\"SEMENTES DE LINHA\u00c7A DOURADA BIO 500G\",\"isPartOf\":{\"@id\":\"https:\/\/biocabaz.pt\/web\/#website\"},\"primaryImageOfPage\":{\"@id\":\"https:\/\/biocabaz.pt\/web\/en\/produto\/sementes-de-linhaca-dourada-500g\/#primaryimage\"},\"image\":{\"@id\":\"https:\/\/biocabaz.pt\/web\/en\/produto\/sementes-de-linhaca-dourada-500g\/#primaryimage\"},\"thumbnailUrl\":\"https:\/\/www.biocabaz.pt\/web\/wp-conteudos\/uploads\/2016\/04\/108005B.jpg\",\"datePublished\":\"2016-04-14T21:51:20+00:00\",\"dateModified\":\"2023-04-15T14:04:08+00:00\",\"breadcrumb\":{\"@id\":\"https:\/\/biocabaz.pt\/web\/en\/produto\/sementes-de-linhaca-dourada-500g\/#breadcrumb\"},\"inLanguage\":\"pt-PT\",\"potentialAction\":[{\"@type\":\"ReadAction\",\"target\":[\"https:\/\/biocabaz.pt\/web\/en\/produto\/sementes-de-linhaca-dourada-500g\/\"]}]},{\"@type\":\"ImageObject\",\"inLanguage\":\"pt-PT\",\"@id\":\"https:\/\/biocabaz.pt\/web\/en\/produto\/sementes-de-linhaca-dourada-500g\/#primaryimage\",\"url\":\"https:\/\/www.biocabaz.pt\/web\/wp-conteudos\/uploads\/2016\/04\/108005B.jpg\",\"contentUrl\":\"https:\/\/www.biocabaz.pt\/web\/wp-conteudos\/uploads\/2016\/04\/108005B.jpg\",\"width\":300,\"height\":326},{\"@type\":\"BreadcrumbList\",\"@id\":\"https:\/\/biocabaz.pt\/web\/en\/produto\/sementes-de-linhaca-dourada-500g\/#breadcrumb\",\"itemListElement\":[{\"@type\":\"ListItem\",\"position\":1,\"name\":\"Home\",\"item\":\"https:\/\/biocabaz.pt\/web\/\"},{\"@type\":\"ListItem\",\"position\":2,\"name\":\"Loja\",\"item\":\"https:\/\/biocabaz.pt\/web\/shop\/\"},{\"@type\":\"ListItem\",\"position\":3,\"name\":\"ORGANIC GOLDEN LINEN SEEDS 500GR\"}]},{\"@type\":\"WebSite\",\"@id\":\"https:\/\/biocabaz.pt\/web\/#website\",\"url\":\"https:\/\/biocabaz.pt\/web\/\",\"name\":\"BIOCABAZ - CABAZES BIOL\u00d3GICOS\",\"description\":\"O melhor que a terra d\u00e1 \u00e9 para si\",\"potentialAction\":[{\"@type\":\"SearchAction\",\"target\":{\"@type\":\"EntryPoint\",\"urlTemplate\":\"https:\/\/biocabaz.pt\/web\/?s={search_term_string}\"},\"query-input\":{\"@type\":\"PropertyValueSpecification\",\"valueRequired\":true,\"valueName\":\"search_term_string\"}}],\"inLanguage\":\"pt-PT\"}]}<\/script>\n<!-- \/ Yoast SEO plugin. -->","yoast_head_json":{"title":"SEMENTES DE LINHA\u00c7A DOURADA BIO 500G","robots":{"index":"index","follow":"follow","max-snippet":"max-snippet:-1","max-image-preview":"max-image-preview:large","max-video-preview":"max-video-preview:-1"},"canonical":"https:\/\/biocabaz.pt\/web\/produto\/sementes-de-linhaca-dourada-500g\/","og_locale":"pt_PT","og_type":"article","og_title":"[:en]ORGANIC GOLDEN LINEN SEEDS 500GR[:pt]SEMENTES DE LINHA\u00c7A DOURADA BIO 500G[:] - BIOCABAZ - CABAZES BIOL\u00d3GICOS","og_description":"Descri\u00e7\u00e3o Ingredientes: Sementes de linha\u00e7a dourada, oriundas do Egipto e \u00c1sia Central. A linha\u00e7a dourada tem sabor mais suave e casca mais fina que as sementes de linha\u00e7a castanha. S\u00e3o ricas em fibra, em gorduras insaturadas e fonte de prote\u00edna. Dados Nutricionais Declara\u00e7\u00e3o Nutricional por 100g: Energia: 2102kJ\/510kcal; L\u00edpidos: 42g &#8211; dos quais Saturados: 3,6g [&hellip;]","og_url":"https:\/\/biocabaz.pt\/web\/produto\/sementes-de-linhaca-dourada-500g\/","og_site_name":"BIOCABAZ - CABAZES BIOL\u00d3GICOS","article_modified_time":"2023-04-15T14:04:08+00:00","og_image":[{"width":300,"height":326,"url":"https:\/\/www.biocabaz.pt\/web\/wp-conteudos\/uploads\/2016\/04\/108005B.jpg","type":"image\/jpeg"}],"twitter_card":"summary_large_image","twitter_misc":{"Est. reading time":"1 minuto"},"schema":{"@context":"https:\/\/schema.org","@graph":[{"@type":"WebPage","@id":"https:\/\/biocabaz.pt\/web\/en\/produto\/sementes-de-linhaca-dourada-500g\/","url":"https:\/\/biocabaz.pt\/web\/en\/produto\/sementes-de-linhaca-dourada-500g\/","name":"SEMENTES DE LINHA\u00c7A DOURADA BIO 500G","isPartOf":{"@id":"https:\/\/biocabaz.pt\/web\/#website"},"primaryImageOfPage":{"@id":"https:\/\/biocabaz.pt\/web\/en\/produto\/sementes-de-linhaca-dourada-500g\/#primaryimage"},"image":{"@id":"https:\/\/biocabaz.pt\/web\/en\/produto\/sementes-de-linhaca-dourada-500g\/#primaryimage"},"thumbnailUrl":"https:\/\/www.biocabaz.pt\/web\/wp-conteudos\/uploads\/2016\/04\/108005B.jpg","datePublished":"2016-04-14T21:51:20+00:00","dateModified":"2023-04-15T14:04:08+00:00","breadcrumb":{"@id":"https:\/\/biocabaz.pt\/web\/en\/produto\/sementes-de-linhaca-dourada-500g\/#breadcrumb"},"inLanguage":"pt-PT","potentialAction":[{"@type":"ReadAction","target":["https:\/\/biocabaz.pt\/web\/en\/produto\/sementes-de-linhaca-dourada-500g\/"]}]},{"@type":"ImageObject","inLanguage":"pt-PT","@id":"https:\/\/biocabaz.pt\/web\/en\/produto\/sementes-de-linhaca-dourada-500g\/#primaryimage","url":"https:\/\/www.biocabaz.pt\/web\/wp-conteudos\/uploads\/2016\/04\/108005B.jpg","contentUrl":"https:\/\/www.biocabaz.pt\/web\/wp-conteudos\/uploads\/2016\/04\/108005B.jpg","width":300,"height":326},{"@type":"BreadcrumbList","@id":"https:\/\/biocabaz.pt\/web\/en\/produto\/sementes-de-linhaca-dourada-500g\/#breadcrumb","itemListElement":[{"@type":"ListItem","position":1,"name":"Home","item":"https:\/\/biocabaz.pt\/web\/"},{"@type":"ListItem","position":2,"name":"Loja","item":"https:\/\/biocabaz.pt\/web\/shop\/"},{"@type":"ListItem","position":3,"name":"ORGANIC GOLDEN LINEN SEEDS 500GR"}]},{"@type":"WebSite","@id":"https:\/\/biocabaz.pt\/web\/#website","url":"https:\/\/biocabaz.pt\/web\/","name":"BIOCABAZ - CABAZES BIOL\u00d3GICOS","description":"O melhor que a terra d\u00e1 \u00e9 para si","potentialAction":[{"@type":"SearchAction","target":{"@type":"EntryPoint","urlTemplate":"https:\/\/biocabaz.pt\/web\/?s={search_term_string}"},"query-input":{"@type":"PropertyValueSpecification","valueRequired":true,"valueName":"search_term_string"}}],"inLanguage":"pt-PT"}]}},"_links":{"self":[{"href":"https:\/\/biocabaz.pt\/web\/wp-json\/wp\/v2\/product\/1021","targetHints":{"allow":["GET"]}}],"collection":[{"href":"https:\/\/biocabaz.pt\/web\/wp-json\/wp\/v2\/product"}],"about":[{"href":"https:\/\/biocabaz.pt\/web\/wp-json\/wp\/v2\/types\/product"}],"replies":[{"embeddable":true,"href":"https:\/\/biocabaz.pt\/web\/wp-json\/wp\/v2\/comments?post=1021"}],"wp:featuredmedia":[{"embeddable":true,"href":"https:\/\/biocabaz.pt\/web\/wp-json\/wp\/v2\/media\/1138"}],"wp:attachment":[{"href":"https:\/\/biocabaz.pt\/web\/wp-json\/wp\/v2\/media?parent=1021"}],"wp:term":[{"taxonomy":"product_cat","embeddable":true,"href":"https:\/\/biocabaz.pt\/web\/wp-json\/wp\/v2\/product_cat?post=1021"},{"taxonomy":"product_tag","embeddable":true,"href":"https:\/\/biocabaz.pt\/web\/wp-json\/wp\/v2\/product_tag?post=1021"}],"curies":[{"name":"wp","href":"https:\/\/api.w.org\/{rel}","templated":true}]}}