{"id":1015,"date":"2016-04-14T21:51:12","date_gmt":"2016-04-14T21:51:12","guid":{"rendered":"http:\/\/www.biocabaz.com\/web\/produto\/coco-laminado-tostado-bio-100g\/"},"modified":"2024-04-10T19:37:32","modified_gmt":"2024-04-10T19:37:32","slug":"coco-laminado-tostado-bio-100g","status":"publish","type":"product","link":"https:\/\/biocabaz.pt\/web\/produto\/coco-laminado-tostado-bio-100g\/","title":{"rendered":"COCO LAMINADO TOSTADO BIO 100G"},"content":{"rendered":"<p><strong>Descri\u00e7\u00e3o <\/strong><br \/>\n\t\t\t\tIngredientes: Coco (Polpa) de produ\u00e7\u00e3o biol\u00f3gica. Poder\u00e1 conter vest\u00edgios de frutos de casca rija e amendoim. Rico em Fibra, fonte de magn\u00e9sio e ferro.<\/p>\n<p><strong>Dados Nutricionais<\/strong><br \/>\n\t\t\t\tDeclara\u00e7\u00e3o Nutricional por 100g (%DR*): Energia: 2887kJ\/700kcal (34,0%);<br \/> L\u00edpidos: 67,1g (95,8%) &#8211; dos quais saturados: 63,5g (317,5%);<br \/> Hidratos de Carbono: 11,6g (4,5%) &#8211; dos quais a\u00e7\u00facares: 6,8g (7,6%);<br \/> Fibra: 9,9g (39,6%);<br \/> Prote\u00ednas: 7,6g (15,2%);<br \/> Sal: 0,1g (1,7%);<br \/> Ferro: 3,3 mg (23,5%VRN);<br \/> Magn\u00e9sio: 90 mg (24% VRN). * Dose de refer\u00eancia para um adulto m\u00e9dio (8400kJ\/2000kcal). VRN- Valor de refer\u00eancia do nutriente.<\/p>\n<p><strong>Modo Utiliza\u00e7\u00e3o<\/strong><br \/>Ideal para elaborar as suas receitas favoritas de do\u00e7aria e pastelaria, em mueslis, molhos ou pratos ex\u00f3ticos. Conservar em local seco e fresco.<\/p>\n","protected":false},"excerpt":{"rendered":"<p>Descri\u00e7\u00e3o Ingredientes: Coco (Polpa) de produ\u00e7\u00e3o biol\u00f3gica. Poder\u00e1 conter vest\u00edgios de frutos de casca rija e amendoim. Rico em Fibra, fonte de magn\u00e9sio e ferro. Dados Nutricionais Declara\u00e7\u00e3o Nutricional por 100g (%DR*): Energia: 2887kJ\/700kcal (34,0%); L\u00edpidos: 67,1g (95,8%) &#8211; dos quais saturados: 63,5g (317,5%); Hidratos de Carbono: 11,6g (4,5%) &#8211; dos quais a\u00e7\u00facares: 6,8g (7,6%); [&hellip;]<\/p>\n","protected":false},"featured_media":70637,"comment_status":"closed","ping_status":"closed","template":"","meta":[],"product_cat":[51],"product_tag":[],"class_list":["post-1015","product","type-product","status-publish","has-post-thumbnail","hentry","product_cat-frutos-secos"],"bundle_layout":"","bundled_by":[],"bundled_items":[],"yoast_head":"<!-- This site is optimized with the Yoast SEO plugin v26.3 - https:\/\/yoast.com\/wordpress\/plugins\/seo\/ -->\n<title>COCO LAMINADO TOSTADO BIO 100G<\/title>\n<meta name=\"robots\" content=\"index, follow, max-snippet:-1, max-image-preview:large, max-video-preview:-1\" \/>\n<link rel=\"canonical\" href=\"https:\/\/biocabaz.pt\/web\/produto\/coco-laminado-tostado-bio-100g\/\" \/>\n<meta property=\"og:locale\" content=\"pt_PT\" \/>\n<meta property=\"og:locale:alternate\" content=\"en_US\" \/>\n<meta property=\"og:type\" content=\"article\" \/>\n<meta property=\"og:title\" content=\"COCO LAMINADO TOSTADO BIO 100G\" \/>\n<meta property=\"og:description\" content=\"Descri\u00e7\u00e3o Ingredientes: Coco (Polpa) de produ\u00e7\u00e3o biol\u00f3gica. Poder\u00e1 conter vest\u00edgios de frutos de casca rija e amendoim. Rico em Fibra, fonte de magn\u00e9sio e ferro. Dados Nutricionais Declara\u00e7\u00e3o Nutricional por 100g (%DR*): Energia: 2887kJ\/700kcal (34,0%); L\u00edpidos: 67,1g (95,8%) &#8211; dos quais saturados: 63,5g (317,5%); Hidratos de Carbono: 11,6g (4,5%) &#8211; dos quais a\u00e7\u00facares: 6,8g (7,6%); [&hellip;]\" \/>\n<meta property=\"og:url\" content=\"https:\/\/biocabaz.pt\/web\/produto\/coco-laminado-tostado-bio-100g\/\" \/>\n<meta property=\"og:site_name\" content=\"BIOCABAZ - CABAZES BIOL\u00d3GICOS\" \/>\n<meta property=\"article:modified_time\" content=\"2024-04-10T19:37:32+00:00\" \/>\n<meta property=\"og:image\" content=\"https:\/\/www.biocabaz.pt\/web\/wp-conteudos\/uploads\/2016\/04\/coco-laminado-tostado-bio-100-gramas-kg-provida_1.jpg\" \/>\n\t<meta property=\"og:image:width\" content=\"600\" \/>\n\t<meta property=\"og:image:height\" content=\"600\" \/>\n\t<meta property=\"og:image:type\" content=\"image\/jpeg\" \/>\n<meta name=\"twitter:card\" content=\"summary_large_image\" \/>\n<meta name=\"twitter:label1\" content=\"Est. reading time\" \/>\n\t<meta name=\"twitter:data1\" content=\"1 minuto\" \/>\n<script type=\"application\/ld+json\" class=\"yoast-schema-graph\">{\"@context\":\"https:\/\/schema.org\",\"@graph\":[{\"@type\":\"WebPage\",\"@id\":\"https:\/\/biocabaz.pt\/web\/en\/produto\/coco-laminado-tostado-bio-100g\/\",\"url\":\"https:\/\/biocabaz.pt\/web\/en\/produto\/coco-laminado-tostado-bio-100g\/\",\"name\":\"COCO LAMINADO TOSTADO BIO 100G\",\"isPartOf\":{\"@id\":\"https:\/\/biocabaz.pt\/web\/#website\"},\"primaryImageOfPage\":{\"@id\":\"https:\/\/biocabaz.pt\/web\/en\/produto\/coco-laminado-tostado-bio-100g\/#primaryimage\"},\"image\":{\"@id\":\"https:\/\/biocabaz.pt\/web\/en\/produto\/coco-laminado-tostado-bio-100g\/#primaryimage\"},\"thumbnailUrl\":\"https:\/\/www.biocabaz.pt\/web\/wp-conteudos\/uploads\/2016\/04\/coco-laminado-tostado-bio-100-gramas-kg-provida_1.jpg\",\"datePublished\":\"2016-04-14T21:51:12+00:00\",\"dateModified\":\"2024-04-10T19:37:32+00:00\",\"breadcrumb\":{\"@id\":\"https:\/\/biocabaz.pt\/web\/en\/produto\/coco-laminado-tostado-bio-100g\/#breadcrumb\"},\"inLanguage\":\"pt-PT\",\"potentialAction\":[{\"@type\":\"ReadAction\",\"target\":[\"https:\/\/biocabaz.pt\/web\/en\/produto\/coco-laminado-tostado-bio-100g\/\"]}]},{\"@type\":\"ImageObject\",\"inLanguage\":\"pt-PT\",\"@id\":\"https:\/\/biocabaz.pt\/web\/en\/produto\/coco-laminado-tostado-bio-100g\/#primaryimage\",\"url\":\"https:\/\/www.biocabaz.pt\/web\/wp-conteudos\/uploads\/2016\/04\/coco-laminado-tostado-bio-100-gramas-kg-provida_1.jpg\",\"contentUrl\":\"https:\/\/www.biocabaz.pt\/web\/wp-conteudos\/uploads\/2016\/04\/coco-laminado-tostado-bio-100-gramas-kg-provida_1.jpg\",\"width\":600,\"height\":600,\"caption\":\"coco laminado tostado bio 100gr provida\"},{\"@type\":\"BreadcrumbList\",\"@id\":\"https:\/\/biocabaz.pt\/web\/en\/produto\/coco-laminado-tostado-bio-100g\/#breadcrumb\",\"itemListElement\":[{\"@type\":\"ListItem\",\"position\":1,\"name\":\"Home\",\"item\":\"https:\/\/biocabaz.pt\/web\/\"},{\"@type\":\"ListItem\",\"position\":2,\"name\":\"Loja\",\"item\":\"https:\/\/biocabaz.pt\/web\/shop\/\"},{\"@type\":\"ListItem\",\"position\":3,\"name\":\"ORGANIC TOASTED COCONUT CHIPS 100GR\"}]},{\"@type\":\"WebSite\",\"@id\":\"https:\/\/biocabaz.pt\/web\/#website\",\"url\":\"https:\/\/biocabaz.pt\/web\/\",\"name\":\"BIOCABAZ - CABAZES BIOL\u00d3GICOS\",\"description\":\"O melhor que a terra d\u00e1 \u00e9 para si\",\"potentialAction\":[{\"@type\":\"SearchAction\",\"target\":{\"@type\":\"EntryPoint\",\"urlTemplate\":\"https:\/\/biocabaz.pt\/web\/?s={search_term_string}\"},\"query-input\":{\"@type\":\"PropertyValueSpecification\",\"valueRequired\":true,\"valueName\":\"search_term_string\"}}],\"inLanguage\":\"pt-PT\"}]}<\/script>\n<!-- \/ Yoast SEO plugin. -->","yoast_head_json":{"title":"COCO LAMINADO TOSTADO BIO 100G","robots":{"index":"index","follow":"follow","max-snippet":"max-snippet:-1","max-image-preview":"max-image-preview:large","max-video-preview":"max-video-preview:-1"},"canonical":"https:\/\/biocabaz.pt\/web\/produto\/coco-laminado-tostado-bio-100g\/","og_locale":"pt_PT","og_type":"article","og_title":"[:en]ORGANIC TOASTED COCONUT CHIPS 100GR[:pt]COCO LAMINADO TOSTADO BIO 100G[:] - BIOCABAZ - CABAZES BIOL\u00d3GICOS","og_description":"Descri\u00e7\u00e3o Ingredientes: Coco (Polpa) de produ\u00e7\u00e3o biol\u00f3gica. Poder\u00e1 conter vest\u00edgios de frutos de casca rija e amendoim. Rico em Fibra, fonte de magn\u00e9sio e ferro. Dados Nutricionais Declara\u00e7\u00e3o Nutricional por 100g (%DR*): Energia: 2887kJ\/700kcal (34,0%); L\u00edpidos: 67,1g (95,8%) &#8211; dos quais saturados: 63,5g (317,5%); Hidratos de Carbono: 11,6g (4,5%) &#8211; dos quais a\u00e7\u00facares: 6,8g (7,6%); [&hellip;]","og_url":"https:\/\/biocabaz.pt\/web\/produto\/coco-laminado-tostado-bio-100g\/","og_site_name":"BIOCABAZ - CABAZES BIOL\u00d3GICOS","article_modified_time":"2024-04-10T19:37:32+00:00","og_image":[{"width":600,"height":600,"url":"https:\/\/www.biocabaz.pt\/web\/wp-conteudos\/uploads\/2016\/04\/coco-laminado-tostado-bio-100-gramas-kg-provida_1.jpg","type":"image\/jpeg"}],"twitter_card":"summary_large_image","twitter_misc":{"Est. reading time":"1 minuto"},"schema":{"@context":"https:\/\/schema.org","@graph":[{"@type":"WebPage","@id":"https:\/\/biocabaz.pt\/web\/en\/produto\/coco-laminado-tostado-bio-100g\/","url":"https:\/\/biocabaz.pt\/web\/en\/produto\/coco-laminado-tostado-bio-100g\/","name":"COCO LAMINADO TOSTADO BIO 100G","isPartOf":{"@id":"https:\/\/biocabaz.pt\/web\/#website"},"primaryImageOfPage":{"@id":"https:\/\/biocabaz.pt\/web\/en\/produto\/coco-laminado-tostado-bio-100g\/#primaryimage"},"image":{"@id":"https:\/\/biocabaz.pt\/web\/en\/produto\/coco-laminado-tostado-bio-100g\/#primaryimage"},"thumbnailUrl":"https:\/\/www.biocabaz.pt\/web\/wp-conteudos\/uploads\/2016\/04\/coco-laminado-tostado-bio-100-gramas-kg-provida_1.jpg","datePublished":"2016-04-14T21:51:12+00:00","dateModified":"2024-04-10T19:37:32+00:00","breadcrumb":{"@id":"https:\/\/biocabaz.pt\/web\/en\/produto\/coco-laminado-tostado-bio-100g\/#breadcrumb"},"inLanguage":"pt-PT","potentialAction":[{"@type":"ReadAction","target":["https:\/\/biocabaz.pt\/web\/en\/produto\/coco-laminado-tostado-bio-100g\/"]}]},{"@type":"ImageObject","inLanguage":"pt-PT","@id":"https:\/\/biocabaz.pt\/web\/en\/produto\/coco-laminado-tostado-bio-100g\/#primaryimage","url":"https:\/\/www.biocabaz.pt\/web\/wp-conteudos\/uploads\/2016\/04\/coco-laminado-tostado-bio-100-gramas-kg-provida_1.jpg","contentUrl":"https:\/\/www.biocabaz.pt\/web\/wp-conteudos\/uploads\/2016\/04\/coco-laminado-tostado-bio-100-gramas-kg-provida_1.jpg","width":600,"height":600,"caption":"coco laminado tostado bio 100gr provida"},{"@type":"BreadcrumbList","@id":"https:\/\/biocabaz.pt\/web\/en\/produto\/coco-laminado-tostado-bio-100g\/#breadcrumb","itemListElement":[{"@type":"ListItem","position":1,"name":"Home","item":"https:\/\/biocabaz.pt\/web\/"},{"@type":"ListItem","position":2,"name":"Loja","item":"https:\/\/biocabaz.pt\/web\/shop\/"},{"@type":"ListItem","position":3,"name":"ORGANIC TOASTED COCONUT CHIPS 100GR"}]},{"@type":"WebSite","@id":"https:\/\/biocabaz.pt\/web\/#website","url":"https:\/\/biocabaz.pt\/web\/","name":"BIOCABAZ - CABAZES BIOL\u00d3GICOS","description":"O melhor que a terra d\u00e1 \u00e9 para si","potentialAction":[{"@type":"SearchAction","target":{"@type":"EntryPoint","urlTemplate":"https:\/\/biocabaz.pt\/web\/?s={search_term_string}"},"query-input":{"@type":"PropertyValueSpecification","valueRequired":true,"valueName":"search_term_string"}}],"inLanguage":"pt-PT"}]}},"_links":{"self":[{"href":"https:\/\/biocabaz.pt\/web\/wp-json\/wp\/v2\/product\/1015","targetHints":{"allow":["GET"]}}],"collection":[{"href":"https:\/\/biocabaz.pt\/web\/wp-json\/wp\/v2\/product"}],"about":[{"href":"https:\/\/biocabaz.pt\/web\/wp-json\/wp\/v2\/types\/product"}],"replies":[{"embeddable":true,"href":"https:\/\/biocabaz.pt\/web\/wp-json\/wp\/v2\/comments?post=1015"}],"wp:featuredmedia":[{"embeddable":true,"href":"https:\/\/biocabaz.pt\/web\/wp-json\/wp\/v2\/media\/70637"}],"wp:attachment":[{"href":"https:\/\/biocabaz.pt\/web\/wp-json\/wp\/v2\/media?parent=1015"}],"wp:term":[{"taxonomy":"product_cat","embeddable":true,"href":"https:\/\/biocabaz.pt\/web\/wp-json\/wp\/v2\/product_cat?post=1015"},{"taxonomy":"product_tag","embeddable":true,"href":"https:\/\/biocabaz.pt\/web\/wp-json\/wp\/v2\/product_tag?post=1015"}],"curies":[{"name":"wp","href":"https:\/\/api.w.org\/{rel}","templated":true}]}}