{"id":1014,"date":"2016-04-14T21:51:11","date_gmt":"2016-04-14T21:51:11","guid":{"rendered":"http:\/\/www.biocabaz.com\/web\/produto\/coco-ralado-bio-125g\/"},"modified":"2024-04-10T19:37:44","modified_gmt":"2024-04-10T19:37:44","slug":"coco-ralado-bio-125g","status":"publish","type":"product","link":"https:\/\/biocabaz.pt\/web\/produto\/coco-ralado-bio-125g\/","title":{"rendered":"COCO RALADO BIO 125G"},"content":{"rendered":"<p><strong>Descri\u00e7\u00e3o <\/strong><br \/>\n\t\t\t\tIngredientes: Coco de produ\u00e7\u00e3o biol\u00f3gica. Rico em fibra e fonte de magn\u00e9sio e ferro.<\/p>\n<p><strong>Dados Nutricionais<\/strong><br \/>\n\t\t\t\tDeclara\u00e7\u00e3o Nutricional por 100g:<br \/> Energia: 2760kJ\/ 670kcal (33%*);<br \/> L\u00edpidos: 64,53g (92,19%*) &#8211; dos quais saturados: 57,2g (286%*);<br \/> Hidratos de Carbono: 7,35g (2,83%*) &#8211; dos quais a\u00e7\u00facares: 7,35g (8,17%*);<br \/> Fibra: 16,3g (65,2%*);<br \/> Prote\u00ednas: 6,88g (13,76%*);<br \/> Sal: 0,09g (1,5%*);<br \/> Ferro: 3,3mg (23,5%**);<br \/> Magn\u00e9sio: 90mg (24%**). *Dose de refer\u00eancia para um adulto m\u00e9dio (8400kJ\/2000kcal). **Valor de Refer\u00eancia do Nutriente.<\/p>\n<p><strong>Modo Utiliza\u00e7\u00e3o<\/strong><br \/>Ideal para elaborar as suas receitas favoritas de do\u00e7aria e pastelaria, em mueslis, molhos ou pratos ex\u00f3ticos. Conservar em local seco e fresco.<\/p>\n","protected":false},"excerpt":{"rendered":"<p>Descri\u00e7\u00e3o Ingredientes: Coco de produ\u00e7\u00e3o biol\u00f3gica. Rico em fibra e fonte de magn\u00e9sio e ferro. Dados Nutricionais Declara\u00e7\u00e3o Nutricional por 100g: Energia: 2760kJ\/ 670kcal (33%*); L\u00edpidos: 64,53g (92,19%*) &#8211; dos quais saturados: 57,2g (286%*); Hidratos de Carbono: 7,35g (2,83%*) &#8211; dos quais a\u00e7\u00facares: 7,35g (8,17%*); Fibra: 16,3g (65,2%*); Prote\u00ednas: 6,88g (13,76%*); Sal: 0,09g (1,5%*); Ferro: [&hellip;]<\/p>\n","protected":false},"featured_media":1087,"comment_status":"closed","ping_status":"closed","template":"","meta":[],"product_cat":[51],"product_tag":[],"class_list":["post-1014","product","type-product","status-publish","has-post-thumbnail","hentry","product_cat-frutos-secos"],"bundle_layout":"","bundled_by":[],"bundled_items":[],"yoast_head":"<!-- This site is optimized with the Yoast SEO plugin v26.3 - https:\/\/yoast.com\/wordpress\/plugins\/seo\/ -->\n<title>COCO RALADO BIO 125G<\/title>\n<meta name=\"robots\" content=\"index, follow, max-snippet:-1, max-image-preview:large, max-video-preview:-1\" \/>\n<link rel=\"canonical\" href=\"https:\/\/biocabaz.pt\/web\/produto\/coco-ralado-bio-125g\/\" \/>\n<meta property=\"og:locale\" content=\"pt_PT\" \/>\n<meta property=\"og:locale:alternate\" content=\"en_US\" \/>\n<meta property=\"og:type\" content=\"article\" \/>\n<meta property=\"og:title\" content=\"COCO RALADO BIO 125G\" \/>\n<meta property=\"og:description\" content=\"Descri\u00e7\u00e3o Ingredientes: Coco de produ\u00e7\u00e3o biol\u00f3gica. Rico em fibra e fonte de magn\u00e9sio e ferro. Dados Nutricionais Declara\u00e7\u00e3o Nutricional por 100g: Energia: 2760kJ\/ 670kcal (33%*); L\u00edpidos: 64,53g (92,19%*) &#8211; dos quais saturados: 57,2g (286%*); Hidratos de Carbono: 7,35g (2,83%*) &#8211; dos quais a\u00e7\u00facares: 7,35g (8,17%*); Fibra: 16,3g (65,2%*); Prote\u00ednas: 6,88g (13,76%*); Sal: 0,09g (1,5%*); Ferro: [&hellip;]\" \/>\n<meta property=\"og:url\" content=\"https:\/\/biocabaz.pt\/web\/produto\/coco-ralado-bio-125g\/\" \/>\n<meta property=\"og:site_name\" content=\"BIOCABAZ - CABAZES BIOL\u00d3GICOS\" \/>\n<meta property=\"article:modified_time\" content=\"2024-04-10T19:37:44+00:00\" \/>\n<meta property=\"og:image\" content=\"https:\/\/www.biocabaz.pt\/web\/wp-conteudos\/uploads\/2016\/04\/DSC_5889.png\" \/>\n\t<meta property=\"og:image:width\" content=\"400\" \/>\n\t<meta property=\"og:image:height\" content=\"400\" \/>\n\t<meta property=\"og:image:type\" content=\"image\/png\" \/>\n<meta name=\"twitter:card\" content=\"summary_large_image\" \/>\n<meta name=\"twitter:label1\" content=\"Est. reading time\" \/>\n\t<meta name=\"twitter:data1\" content=\"1 minuto\" \/>\n<script type=\"application\/ld+json\" class=\"yoast-schema-graph\">{\"@context\":\"https:\/\/schema.org\",\"@graph\":[{\"@type\":\"WebPage\",\"@id\":\"https:\/\/biocabaz.pt\/web\/produto\/coco-ralado-bio-125g\/\",\"url\":\"https:\/\/biocabaz.pt\/web\/produto\/coco-ralado-bio-125g\/\",\"name\":\"COCO RALADO BIO 125G\",\"isPartOf\":{\"@id\":\"https:\/\/www.biocabaz.pt\/web\/#website\"},\"primaryImageOfPage\":{\"@id\":\"https:\/\/biocabaz.pt\/web\/produto\/coco-ralado-bio-125g\/#primaryimage\"},\"image\":{\"@id\":\"https:\/\/biocabaz.pt\/web\/produto\/coco-ralado-bio-125g\/#primaryimage\"},\"thumbnailUrl\":\"https:\/\/www.biocabaz.pt\/web\/wp-conteudos\/uploads\/2016\/04\/DSC_5889.png\",\"datePublished\":\"2016-04-14T21:51:11+00:00\",\"dateModified\":\"2024-04-10T19:37:44+00:00\",\"breadcrumb\":{\"@id\":\"https:\/\/biocabaz.pt\/web\/produto\/coco-ralado-bio-125g\/#breadcrumb\"},\"inLanguage\":\"pt-PT\",\"potentialAction\":[{\"@type\":\"ReadAction\",\"target\":[\"https:\/\/biocabaz.pt\/web\/produto\/coco-ralado-bio-125g\/\"]}]},{\"@type\":\"ImageObject\",\"inLanguage\":\"pt-PT\",\"@id\":\"https:\/\/biocabaz.pt\/web\/produto\/coco-ralado-bio-125g\/#primaryimage\",\"url\":\"https:\/\/www.biocabaz.pt\/web\/wp-conteudos\/uploads\/2016\/04\/DSC_5889.png\",\"contentUrl\":\"https:\/\/www.biocabaz.pt\/web\/wp-conteudos\/uploads\/2016\/04\/DSC_5889.png\",\"width\":400,\"height\":400},{\"@type\":\"BreadcrumbList\",\"@id\":\"https:\/\/biocabaz.pt\/web\/produto\/coco-ralado-bio-125g\/#breadcrumb\",\"itemListElement\":[{\"@type\":\"ListItem\",\"position\":1,\"name\":\"Home\",\"item\":\"https:\/\/www.biocabaz.pt\/web\/\"},{\"@type\":\"ListItem\",\"position\":2,\"name\":\"Shop\",\"item\":\"https:\/\/www.biocabaz.pt\/web\/en\/shop\/\"},{\"@type\":\"ListItem\",\"position\":3,\"name\":\"COCO RALADO BIO 125G\"}]},{\"@type\":\"WebSite\",\"@id\":\"https:\/\/www.biocabaz.pt\/web\/#website\",\"url\":\"https:\/\/www.biocabaz.pt\/web\/\",\"name\":\"BIOCABAZ - CABAZES BIOL\u00d3GICOS\",\"description\":\"O melhor que a terra d\u00e1 \u00e9 para si\",\"potentialAction\":[{\"@type\":\"SearchAction\",\"target\":{\"@type\":\"EntryPoint\",\"urlTemplate\":\"https:\/\/www.biocabaz.pt\/web\/?s={search_term_string}\"},\"query-input\":{\"@type\":\"PropertyValueSpecification\",\"valueRequired\":true,\"valueName\":\"search_term_string\"}}],\"inLanguage\":\"pt-PT\"}]}<\/script>\n<!-- \/ Yoast SEO plugin. -->","yoast_head_json":{"title":"COCO RALADO BIO 125G","robots":{"index":"index","follow":"follow","max-snippet":"max-snippet:-1","max-image-preview":"max-image-preview:large","max-video-preview":"max-video-preview:-1"},"canonical":"https:\/\/biocabaz.pt\/web\/produto\/coco-ralado-bio-125g\/","og_locale":"pt_PT","og_type":"article","og_title":"[:en]ORGANIC GRATED COCONUT 125GR[:pt]COCO RALADO BIO 125G[:] - BIOCABAZ - CABAZES BIOL\u00d3GICOS","og_description":"Descri\u00e7\u00e3o Ingredientes: Coco de produ\u00e7\u00e3o biol\u00f3gica. Rico em fibra e fonte de magn\u00e9sio e ferro. Dados Nutricionais Declara\u00e7\u00e3o Nutricional por 100g: Energia: 2760kJ\/ 670kcal (33%*); L\u00edpidos: 64,53g (92,19%*) &#8211; dos quais saturados: 57,2g (286%*); Hidratos de Carbono: 7,35g (2,83%*) &#8211; dos quais a\u00e7\u00facares: 7,35g (8,17%*); Fibra: 16,3g (65,2%*); Prote\u00ednas: 6,88g (13,76%*); Sal: 0,09g (1,5%*); Ferro: [&hellip;]","og_url":"https:\/\/biocabaz.pt\/web\/produto\/coco-ralado-bio-125g\/","og_site_name":"BIOCABAZ - CABAZES BIOL\u00d3GICOS","article_modified_time":"2024-04-10T19:37:44+00:00","og_image":[{"width":400,"height":400,"url":"https:\/\/www.biocabaz.pt\/web\/wp-conteudos\/uploads\/2016\/04\/DSC_5889.png","type":"image\/png"}],"twitter_card":"summary_large_image","twitter_misc":{"Est. reading time":"1 minuto"},"schema":{"@context":"https:\/\/schema.org","@graph":[{"@type":"WebPage","@id":"https:\/\/biocabaz.pt\/web\/produto\/coco-ralado-bio-125g\/","url":"https:\/\/biocabaz.pt\/web\/produto\/coco-ralado-bio-125g\/","name":"COCO RALADO BIO 125G","isPartOf":{"@id":"https:\/\/www.biocabaz.pt\/web\/#website"},"primaryImageOfPage":{"@id":"https:\/\/biocabaz.pt\/web\/produto\/coco-ralado-bio-125g\/#primaryimage"},"image":{"@id":"https:\/\/biocabaz.pt\/web\/produto\/coco-ralado-bio-125g\/#primaryimage"},"thumbnailUrl":"https:\/\/www.biocabaz.pt\/web\/wp-conteudos\/uploads\/2016\/04\/DSC_5889.png","datePublished":"2016-04-14T21:51:11+00:00","dateModified":"2024-04-10T19:37:44+00:00","breadcrumb":{"@id":"https:\/\/biocabaz.pt\/web\/produto\/coco-ralado-bio-125g\/#breadcrumb"},"inLanguage":"pt-PT","potentialAction":[{"@type":"ReadAction","target":["https:\/\/biocabaz.pt\/web\/produto\/coco-ralado-bio-125g\/"]}]},{"@type":"ImageObject","inLanguage":"pt-PT","@id":"https:\/\/biocabaz.pt\/web\/produto\/coco-ralado-bio-125g\/#primaryimage","url":"https:\/\/www.biocabaz.pt\/web\/wp-conteudos\/uploads\/2016\/04\/DSC_5889.png","contentUrl":"https:\/\/www.biocabaz.pt\/web\/wp-conteudos\/uploads\/2016\/04\/DSC_5889.png","width":400,"height":400},{"@type":"BreadcrumbList","@id":"https:\/\/biocabaz.pt\/web\/produto\/coco-ralado-bio-125g\/#breadcrumb","itemListElement":[{"@type":"ListItem","position":1,"name":"Home","item":"https:\/\/www.biocabaz.pt\/web\/"},{"@type":"ListItem","position":2,"name":"Shop","item":"https:\/\/www.biocabaz.pt\/web\/en\/shop\/"},{"@type":"ListItem","position":3,"name":"COCO RALADO BIO 125G"}]},{"@type":"WebSite","@id":"https:\/\/www.biocabaz.pt\/web\/#website","url":"https:\/\/www.biocabaz.pt\/web\/","name":"BIOCABAZ - CABAZES BIOL\u00d3GICOS","description":"O melhor que a terra d\u00e1 \u00e9 para si","potentialAction":[{"@type":"SearchAction","target":{"@type":"EntryPoint","urlTemplate":"https:\/\/www.biocabaz.pt\/web\/?s={search_term_string}"},"query-input":{"@type":"PropertyValueSpecification","valueRequired":true,"valueName":"search_term_string"}}],"inLanguage":"pt-PT"}]}},"_links":{"self":[{"href":"https:\/\/biocabaz.pt\/web\/wp-json\/wp\/v2\/product\/1014","targetHints":{"allow":["GET"]}}],"collection":[{"href":"https:\/\/biocabaz.pt\/web\/wp-json\/wp\/v2\/product"}],"about":[{"href":"https:\/\/biocabaz.pt\/web\/wp-json\/wp\/v2\/types\/product"}],"replies":[{"embeddable":true,"href":"https:\/\/biocabaz.pt\/web\/wp-json\/wp\/v2\/comments?post=1014"}],"wp:featuredmedia":[{"embeddable":true,"href":"https:\/\/biocabaz.pt\/web\/wp-json\/wp\/v2\/media\/1087"}],"wp:attachment":[{"href":"https:\/\/biocabaz.pt\/web\/wp-json\/wp\/v2\/media?parent=1014"}],"wp:term":[{"taxonomy":"product_cat","embeddable":true,"href":"https:\/\/biocabaz.pt\/web\/wp-json\/wp\/v2\/product_cat?post=1014"},{"taxonomy":"product_tag","embeddable":true,"href":"https:\/\/biocabaz.pt\/web\/wp-json\/wp\/v2\/product_tag?post=1014"}],"curies":[{"name":"wp","href":"https:\/\/api.w.org\/{rel}","templated":true}]}}