{"id":1005,"date":"2016-04-14T21:43:54","date_gmt":"2016-04-14T21:43:54","guid":{"rendered":"http:\/\/www.biocabaz.com\/web\/produto\/cacau-em-po-magro-125g\/"},"modified":"2025-03-26T22:16:47","modified_gmt":"2025-03-26T22:16:47","slug":"cacau-em-po-magro-125g","status":"publish","type":"product","link":"https:\/\/biocabaz.pt\/web\/produto\/cacau-em-po-magro-125g\/","title":{"rendered":"CACAU EM P\u00d3 MAGRO BIO 125G"},"content":{"rendered":"<p><strong>Descri\u00e7\u00e3o <\/strong><br \/>\n\t\t\t\tIngredientes: Cacau*, estabilizador: carbonato de c\u00e1lcio. *De produ\u00e7\u00e3o Biol\u00f3gica.<\/p>\n<p><strong>Dados Nutricionais<\/strong><br \/>\n\t\t\t\tDeclara\u00e7\u00e3o Nutricional por 100g:<br \/> Energia: 1491kJ\/360kcal;<br \/> L\u00edpidos: 13,7g &#8211; dos quais saturados: 8,07g;<br \/> Hidratos de Carbono: 20,9g &#8211; dos quais a\u00e7\u00facares: 1,75g;<br \/> Fibra: 37g: Prote\u00ednas: 19,6g;<br \/> Sal: 0,03g;<br \/> C\u00e1lcio: 128mg (16% V.R.N);<br \/> Ferro: 13,86mg (99% V.R.N);<br \/> Magn\u00e9sio: 499mg (133% V.R.N) *V.R.N &#8211; Valor de refer\u00eancia do Nutriente.<\/p>\n<p><strong>Modo Utiliza\u00e7\u00e3o<\/strong><br \/>Para enriquecer receitas de confeitaria ou padaria, ou dissolvido em \u00e1gua, leite, bebida de soja ou bebida de cereais (2 colheres de sopa por ch\u00e1vena). Conservar em local seco e fresco.<\/p>\n","protected":false},"excerpt":{"rendered":"<p>Descri\u00e7\u00e3o Ingredientes: Cacau*, estabilizador: carbonato de c\u00e1lcio. *De produ\u00e7\u00e3o Biol\u00f3gica. Dados Nutricionais Declara\u00e7\u00e3o Nutricional por 100g: Energia: 1491kJ\/360kcal; L\u00edpidos: 13,7g &#8211; dos quais saturados: 8,07g; Hidratos de Carbono: 20,9g &#8211; dos quais a\u00e7\u00facares: 1,75g; Fibra: 37g: Prote\u00ednas: 19,6g; Sal: 0,03g; C\u00e1lcio: 128mg (16% V.R.N); Ferro: 13,86mg (99% V.R.N); Magn\u00e9sio: 499mg (133% V.R.N) *V.R.N &#8211; Valor [&hellip;]<\/p>\n","protected":false},"featured_media":1123,"comment_status":"closed","ping_status":"closed","template":"","meta":[],"product_cat":[31],"product_tag":[],"class_list":["post-1005","product","type-product","status-publish","has-post-thumbnail","hentry","product_cat-chocolates"],"bundle_layout":"","bundled_by":[],"bundled_items":[],"yoast_head":"<!-- This site is optimized with the Yoast SEO plugin v26.3 - https:\/\/yoast.com\/wordpress\/plugins\/seo\/ -->\n<title>CACAU EM P\u00d3 MAGRO BIO 125G<\/title>\n<meta name=\"robots\" content=\"index, follow, max-snippet:-1, max-image-preview:large, max-video-preview:-1\" \/>\n<link rel=\"canonical\" href=\"https:\/\/www.biocabaz.pt\/web\/produto\/cacau-em-po-magro-125g\/\" \/>\n<meta property=\"og:locale\" content=\"pt_PT\" \/>\n<meta property=\"og:locale:alternate\" content=\"en_US\" \/>\n<meta property=\"og:type\" content=\"article\" \/>\n<meta property=\"og:title\" content=\"CACAU EM P\u00d3 MAGRO BIO 125G\" \/>\n<meta property=\"og:description\" content=\"Descri\u00e7\u00e3o Ingredientes: Cacau*, estabilizador: carbonato de c\u00e1lcio. *De produ\u00e7\u00e3o Biol\u00f3gica. Dados Nutricionais Declara\u00e7\u00e3o Nutricional por 100g: Energia: 1491kJ\/360kcal; L\u00edpidos: 13,7g &#8211; dos quais saturados: 8,07g; Hidratos de Carbono: 20,9g &#8211; dos quais a\u00e7\u00facares: 1,75g; Fibra: 37g: Prote\u00ednas: 19,6g; Sal: 0,03g; C\u00e1lcio: 128mg (16% V.R.N); Ferro: 13,86mg (99% V.R.N); Magn\u00e9sio: 499mg (133% V.R.N) *V.R.N &#8211; Valor [&hellip;]\" \/>\n<meta property=\"og:url\" content=\"https:\/\/biocabaz.pt\/web\/produto\/cacau-em-po-magro-125g\/\" \/>\n<meta property=\"og:site_name\" content=\"BIOCABAZ - CABAZES BIOL\u00d3GICOS\" \/>\n<meta property=\"article:modified_time\" content=\"2025-03-26T22:16:47+00:00\" \/>\n<meta property=\"og:image\" content=\"https:\/\/www.biocabaz.pt\/web\/wp-conteudos\/uploads\/2016\/04\/110313B-1.jpg\" \/>\n\t<meta property=\"og:image:width\" content=\"300\" \/>\n\t<meta property=\"og:image:height\" content=\"326\" \/>\n\t<meta property=\"og:image:type\" content=\"image\/jpeg\" \/>\n<meta name=\"twitter:card\" content=\"summary_large_image\" \/>\n<meta name=\"twitter:label1\" content=\"Est. reading time\" \/>\n\t<meta name=\"twitter:data1\" content=\"1 minuto\" \/>\n<script type=\"application\/ld+json\" class=\"yoast-schema-graph\">{\"@context\":\"https:\/\/schema.org\",\"@graph\":[{\"@type\":\"WebPage\",\"@id\":\"https:\/\/www.biocabaz.pt\/web\/produto\/cacau-em-po-magro-125g\/\",\"url\":\"https:\/\/www.biocabaz.pt\/web\/produto\/cacau-em-po-magro-125g\/\",\"name\":\"CACAU EM P\u00d3 MAGRO BIO 125G\",\"isPartOf\":{\"@id\":\"https:\/\/biocabaz.pt\/web\/#website\"},\"primaryImageOfPage\":{\"@id\":\"https:\/\/www.biocabaz.pt\/web\/produto\/cacau-em-po-magro-125g\/#primaryimage\"},\"image\":{\"@id\":\"https:\/\/www.biocabaz.pt\/web\/produto\/cacau-em-po-magro-125g\/#primaryimage\"},\"thumbnailUrl\":\"https:\/\/www.biocabaz.pt\/web\/wp-conteudos\/uploads\/2016\/04\/110313B-1.jpg\",\"datePublished\":\"2016-04-14T21:43:54+00:00\",\"dateModified\":\"2025-03-26T22:16:47+00:00\",\"breadcrumb\":{\"@id\":\"https:\/\/www.biocabaz.pt\/web\/produto\/cacau-em-po-magro-125g\/#breadcrumb\"},\"inLanguage\":\"pt-PT\",\"potentialAction\":[{\"@type\":\"ReadAction\",\"target\":[\"https:\/\/www.biocabaz.pt\/web\/produto\/cacau-em-po-magro-125g\/\"]}]},{\"@type\":\"ImageObject\",\"inLanguage\":\"pt-PT\",\"@id\":\"https:\/\/www.biocabaz.pt\/web\/produto\/cacau-em-po-magro-125g\/#primaryimage\",\"url\":\"https:\/\/www.biocabaz.pt\/web\/wp-conteudos\/uploads\/2016\/04\/110313B-1.jpg\",\"contentUrl\":\"https:\/\/www.biocabaz.pt\/web\/wp-conteudos\/uploads\/2016\/04\/110313B-1.jpg\",\"width\":300,\"height\":326},{\"@type\":\"BreadcrumbList\",\"@id\":\"https:\/\/www.biocabaz.pt\/web\/produto\/cacau-em-po-magro-125g\/#breadcrumb\",\"itemListElement\":[{\"@type\":\"ListItem\",\"position\":1,\"name\":\"Home\",\"item\":\"https:\/\/biocabaz.pt\/web\/\"},{\"@type\":\"ListItem\",\"position\":2,\"name\":\"Loja\",\"item\":\"https:\/\/biocabaz.pt\/web\/shop\/\"},{\"@type\":\"ListItem\",\"position\":3,\"name\":\"CACAU EM P\u00d3 MAGRO BIO 125G\"}]},{\"@type\":\"WebSite\",\"@id\":\"https:\/\/biocabaz.pt\/web\/#website\",\"url\":\"https:\/\/biocabaz.pt\/web\/\",\"name\":\"BIOCABAZ - CABAZES BIOL\u00d3GICOS\",\"description\":\"O melhor que a terra d\u00e1 \u00e9 para si\",\"potentialAction\":[{\"@type\":\"SearchAction\",\"target\":{\"@type\":\"EntryPoint\",\"urlTemplate\":\"https:\/\/biocabaz.pt\/web\/?s={search_term_string}\"},\"query-input\":{\"@type\":\"PropertyValueSpecification\",\"valueRequired\":true,\"valueName\":\"search_term_string\"}}],\"inLanguage\":\"pt-PT\"}]}<\/script>\n<!-- \/ Yoast SEO plugin. -->","yoast_head_json":{"title":"CACAU EM P\u00d3 MAGRO BIO 125G","robots":{"index":"index","follow":"follow","max-snippet":"max-snippet:-1","max-image-preview":"max-image-preview:large","max-video-preview":"max-video-preview:-1"},"canonical":"https:\/\/www.biocabaz.pt\/web\/produto\/cacau-em-po-magro-125g\/","og_locale":"pt_PT","og_type":"article","og_title":"[:en]ORGANIC LOW FAT COCOA POWDER 125GR[:pt]CACAU EM P\u00d3 MAGRO BIO 125G[:] - BIOCABAZ - CABAZES BIOL\u00d3GICOS","og_description":"Descri\u00e7\u00e3o Ingredientes: Cacau*, estabilizador: carbonato de c\u00e1lcio. *De produ\u00e7\u00e3o Biol\u00f3gica. Dados Nutricionais Declara\u00e7\u00e3o Nutricional por 100g: Energia: 1491kJ\/360kcal; L\u00edpidos: 13,7g &#8211; dos quais saturados: 8,07g; Hidratos de Carbono: 20,9g &#8211; dos quais a\u00e7\u00facares: 1,75g; Fibra: 37g: Prote\u00ednas: 19,6g; Sal: 0,03g; C\u00e1lcio: 128mg (16% V.R.N); Ferro: 13,86mg (99% V.R.N); Magn\u00e9sio: 499mg (133% V.R.N) *V.R.N &#8211; Valor [&hellip;]","og_url":"https:\/\/biocabaz.pt\/web\/produto\/cacau-em-po-magro-125g\/","og_site_name":"BIOCABAZ - CABAZES BIOL\u00d3GICOS","article_modified_time":"2025-03-26T22:16:47+00:00","og_image":[{"width":300,"height":326,"url":"https:\/\/www.biocabaz.pt\/web\/wp-conteudos\/uploads\/2016\/04\/110313B-1.jpg","type":"image\/jpeg"}],"twitter_card":"summary_large_image","twitter_misc":{"Est. reading time":"1 minuto"},"schema":{"@context":"https:\/\/schema.org","@graph":[{"@type":"WebPage","@id":"https:\/\/www.biocabaz.pt\/web\/produto\/cacau-em-po-magro-125g\/","url":"https:\/\/www.biocabaz.pt\/web\/produto\/cacau-em-po-magro-125g\/","name":"CACAU EM P\u00d3 MAGRO BIO 125G","isPartOf":{"@id":"https:\/\/biocabaz.pt\/web\/#website"},"primaryImageOfPage":{"@id":"https:\/\/www.biocabaz.pt\/web\/produto\/cacau-em-po-magro-125g\/#primaryimage"},"image":{"@id":"https:\/\/www.biocabaz.pt\/web\/produto\/cacau-em-po-magro-125g\/#primaryimage"},"thumbnailUrl":"https:\/\/www.biocabaz.pt\/web\/wp-conteudos\/uploads\/2016\/04\/110313B-1.jpg","datePublished":"2016-04-14T21:43:54+00:00","dateModified":"2025-03-26T22:16:47+00:00","breadcrumb":{"@id":"https:\/\/www.biocabaz.pt\/web\/produto\/cacau-em-po-magro-125g\/#breadcrumb"},"inLanguage":"pt-PT","potentialAction":[{"@type":"ReadAction","target":["https:\/\/www.biocabaz.pt\/web\/produto\/cacau-em-po-magro-125g\/"]}]},{"@type":"ImageObject","inLanguage":"pt-PT","@id":"https:\/\/www.biocabaz.pt\/web\/produto\/cacau-em-po-magro-125g\/#primaryimage","url":"https:\/\/www.biocabaz.pt\/web\/wp-conteudos\/uploads\/2016\/04\/110313B-1.jpg","contentUrl":"https:\/\/www.biocabaz.pt\/web\/wp-conteudos\/uploads\/2016\/04\/110313B-1.jpg","width":300,"height":326},{"@type":"BreadcrumbList","@id":"https:\/\/www.biocabaz.pt\/web\/produto\/cacau-em-po-magro-125g\/#breadcrumb","itemListElement":[{"@type":"ListItem","position":1,"name":"Home","item":"https:\/\/biocabaz.pt\/web\/"},{"@type":"ListItem","position":2,"name":"Loja","item":"https:\/\/biocabaz.pt\/web\/shop\/"},{"@type":"ListItem","position":3,"name":"CACAU EM P\u00d3 MAGRO BIO 125G"}]},{"@type":"WebSite","@id":"https:\/\/biocabaz.pt\/web\/#website","url":"https:\/\/biocabaz.pt\/web\/","name":"BIOCABAZ - CABAZES BIOL\u00d3GICOS","description":"O melhor que a terra d\u00e1 \u00e9 para si","potentialAction":[{"@type":"SearchAction","target":{"@type":"EntryPoint","urlTemplate":"https:\/\/biocabaz.pt\/web\/?s={search_term_string}"},"query-input":{"@type":"PropertyValueSpecification","valueRequired":true,"valueName":"search_term_string"}}],"inLanguage":"pt-PT"}]}},"_links":{"self":[{"href":"https:\/\/biocabaz.pt\/web\/wp-json\/wp\/v2\/product\/1005","targetHints":{"allow":["GET"]}}],"collection":[{"href":"https:\/\/biocabaz.pt\/web\/wp-json\/wp\/v2\/product"}],"about":[{"href":"https:\/\/biocabaz.pt\/web\/wp-json\/wp\/v2\/types\/product"}],"replies":[{"embeddable":true,"href":"https:\/\/biocabaz.pt\/web\/wp-json\/wp\/v2\/comments?post=1005"}],"wp:featuredmedia":[{"embeddable":true,"href":"https:\/\/biocabaz.pt\/web\/wp-json\/wp\/v2\/media\/1123"}],"wp:attachment":[{"href":"https:\/\/biocabaz.pt\/web\/wp-json\/wp\/v2\/media?parent=1005"}],"wp:term":[{"taxonomy":"product_cat","embeddable":true,"href":"https:\/\/biocabaz.pt\/web\/wp-json\/wp\/v2\/product_cat?post=1005"},{"taxonomy":"product_tag","embeddable":true,"href":"https:\/\/biocabaz.pt\/web\/wp-json\/wp\/v2\/product_tag?post=1005"}],"curies":[{"name":"wp","href":"https:\/\/api.w.org\/{rel}","templated":true}]}}