{"id":1004,"date":"2016-04-14T21:43:53","date_gmt":"2016-04-14T21:43:53","guid":{"rendered":"http:\/\/www.biocabaz.com\/web\/produto\/cereal-mix-subs-cafe-instantaneo-100g\/"},"modified":"2026-02-18T19:45:31","modified_gmt":"2026-02-18T19:45:31","slug":"cereal-mix-subs-cafe-instantaneo-100g","status":"publish","type":"product","link":"https:\/\/biocabaz.pt\/web\/produto\/cereal-mix-subs-cafe-instantaneo-100g\/","title":{"rendered":"CEREAL MIX SUBS BIO, CAF\u00c9 INSTANTANEO 100G"},"content":{"rendered":"<p><strong>Descri\u00e7\u00e3o <\/strong><br \/>\n\t\t\t\tIngredientes: Cevada, cevada Maltada, Chic\u00f3ria, Centeio, Figo.  Bebida sol\u00favel instant\u00e2nea naturalmente sem cafe\u00edna, \u00e1 base de cereais biol\u00f3gicos rigorosamente seleccionados pelo seu equ\u00edlibrio nutricional e excelente sabor. <\/p>\n<p><strong>Dados Nutricionais<\/strong><br \/>\n\t\t\t\tDeclara\u00e7\u00e3o nutricional por 100g:<br \/> Energia: 346Kcal\/1472Kj;<br \/> Prote\u00ednas: 5,6g;<br \/> Hidratos de Carbono: 80,8g &#8211; dos quais a\u00e7ucares: 3,5g &#8211; dos quais amido: 38,8g;<br \/> L\u00edpidos: 0g &#8211; dos quais saturados: 0g;<br \/> Fibra Alimentar: 7,8g;<br \/> S\u00f3dio: 0,1g;<br \/> Colesterol: 0,0mg;<br \/> Ferro: 2,64mg\/100g;<br \/> Vitamina C: 43,6mg\/100g.<\/p>\n<p><strong>Modo Utiliza\u00e7\u00e3o<\/strong><br \/>Colocar 2 colheres de caf\u00e9 do produto numa ta\u00e7a, verter um pouco de \u00e1gua quente ou qualquer outra bebida (bebida de aveia, soja, arroz ou leite) e mexer.Conservar em local seco e fresco.<\/p>\n","protected":false},"excerpt":{"rendered":"<p>Descri\u00e7\u00e3o Ingredientes: Cevada, cevada Maltada, Chic\u00f3ria, Centeio, Figo. Bebida sol\u00favel instant\u00e2nea naturalmente sem cafe\u00edna, \u00e1 base de cereais biol\u00f3gicos rigorosamente seleccionados pelo seu equ\u00edlibrio nutricional e excelente sabor. Dados Nutricionais Declara\u00e7\u00e3o nutricional por 100g: Energia: 346Kcal\/1472Kj; Prote\u00ednas: 5,6g; Hidratos de Carbono: 80,8g &#8211; dos quais a\u00e7ucares: 3,5g &#8211; dos quais amido: 38,8g; L\u00edpidos: 0g &#8211; [&hellip;]<\/p>\n","protected":false},"featured_media":1092,"comment_status":"closed","ping_status":"closed","template":"","meta":[],"product_cat":[30],"product_tag":[],"class_list":["post-1004","product","type-product","status-publish","has-post-thumbnail","hentry","product_cat-cafes-chas-e-infusoes"],"bundle_layout":"","bundled_by":[],"bundled_items":[],"yoast_head":"<!-- This site is optimized with the Yoast SEO plugin v26.3 - https:\/\/yoast.com\/wordpress\/plugins\/seo\/ -->\n<title>CEREAL MIX SUBS BIO, CAF\u00c9 INSTANTANEO 100G<\/title>\n<meta name=\"robots\" content=\"index, follow, max-snippet:-1, max-image-preview:large, max-video-preview:-1\" \/>\n<link rel=\"canonical\" href=\"https:\/\/biocabaz.pt\/web\/produto\/cereal-mix-subs-cafe-instantaneo-100g\/\" \/>\n<meta property=\"og:locale\" content=\"pt_PT\" \/>\n<meta property=\"og:locale:alternate\" content=\"en_US\" \/>\n<meta property=\"og:type\" content=\"article\" \/>\n<meta property=\"og:title\" content=\"CEREAL MIX SUBS BIO, CAF\u00c9 INSTANTANEO 100G\" \/>\n<meta property=\"og:description\" content=\"Descri\u00e7\u00e3o Ingredientes: Cevada, cevada Maltada, Chic\u00f3ria, Centeio, Figo. Bebida sol\u00favel instant\u00e2nea naturalmente sem cafe\u00edna, \u00e1 base de cereais biol\u00f3gicos rigorosamente seleccionados pelo seu equ\u00edlibrio nutricional e excelente sabor. Dados Nutricionais Declara\u00e7\u00e3o nutricional por 100g: Energia: 346Kcal\/1472Kj; Prote\u00ednas: 5,6g; Hidratos de Carbono: 80,8g &#8211; dos quais a\u00e7ucares: 3,5g &#8211; dos quais amido: 38,8g; L\u00edpidos: 0g &#8211; [&hellip;]\" \/>\n<meta property=\"og:url\" content=\"https:\/\/biocabaz.pt\/web\/produto\/cereal-mix-subs-cafe-instantaneo-100g\/\" \/>\n<meta property=\"og:site_name\" content=\"BIOCABAZ - CABAZES BIOL\u00d3GICOS\" \/>\n<meta property=\"article:modified_time\" content=\"2026-02-18T19:45:31+00:00\" \/>\n<meta property=\"og:image\" content=\"https:\/\/www.biocabaz.pt\/web\/wp-conteudos\/uploads\/2016\/04\/DSC_0160.png\" \/>\n\t<meta property=\"og:image:width\" content=\"1200\" \/>\n\t<meta property=\"og:image:height\" content=\"800\" \/>\n\t<meta property=\"og:image:type\" content=\"image\/png\" \/>\n<meta name=\"twitter:card\" content=\"summary_large_image\" \/>\n<meta name=\"twitter:label1\" content=\"Est. reading time\" \/>\n\t<meta name=\"twitter:data1\" content=\"1 minuto\" \/>\n<script type=\"application\/ld+json\" class=\"yoast-schema-graph\">{\"@context\":\"https:\/\/schema.org\",\"@graph\":[{\"@type\":\"WebPage\",\"@id\":\"https:\/\/biocabaz.pt\/web\/produto\/cereal-mix-subs-cafe-instantaneo-100g\/\",\"url\":\"https:\/\/biocabaz.pt\/web\/produto\/cereal-mix-subs-cafe-instantaneo-100g\/\",\"name\":\"CEREAL MIX SUBS BIO, CAF\u00c9 INSTANTANEO 100G\",\"isPartOf\":{\"@id\":\"https:\/\/www.biocabaz.pt\/web\/#website\"},\"primaryImageOfPage\":{\"@id\":\"https:\/\/biocabaz.pt\/web\/produto\/cereal-mix-subs-cafe-instantaneo-100g\/#primaryimage\"},\"image\":{\"@id\":\"https:\/\/biocabaz.pt\/web\/produto\/cereal-mix-subs-cafe-instantaneo-100g\/#primaryimage\"},\"thumbnailUrl\":\"https:\/\/www.biocabaz.pt\/web\/wp-conteudos\/uploads\/2016\/04\/DSC_0160.png\",\"datePublished\":\"2016-04-14T21:43:53+00:00\",\"dateModified\":\"2026-02-18T19:45:31+00:00\",\"breadcrumb\":{\"@id\":\"https:\/\/biocabaz.pt\/web\/produto\/cereal-mix-subs-cafe-instantaneo-100g\/#breadcrumb\"},\"inLanguage\":\"pt-PT\",\"potentialAction\":[{\"@type\":\"ReadAction\",\"target\":[\"https:\/\/biocabaz.pt\/web\/produto\/cereal-mix-subs-cafe-instantaneo-100g\/\"]}]},{\"@type\":\"ImageObject\",\"inLanguage\":\"pt-PT\",\"@id\":\"https:\/\/biocabaz.pt\/web\/produto\/cereal-mix-subs-cafe-instantaneo-100g\/#primaryimage\",\"url\":\"https:\/\/www.biocabaz.pt\/web\/wp-conteudos\/uploads\/2016\/04\/DSC_0160.png\",\"contentUrl\":\"https:\/\/www.biocabaz.pt\/web\/wp-conteudos\/uploads\/2016\/04\/DSC_0160.png\",\"width\":1200,\"height\":800},{\"@type\":\"BreadcrumbList\",\"@id\":\"https:\/\/biocabaz.pt\/web\/produto\/cereal-mix-subs-cafe-instantaneo-100g\/#breadcrumb\",\"itemListElement\":[{\"@type\":\"ListItem\",\"position\":1,\"name\":\"Home\",\"item\":\"https:\/\/www.biocabaz.pt\/web\/\"},{\"@type\":\"ListItem\",\"position\":2,\"name\":\"Shop\",\"item\":\"https:\/\/www.biocabaz.pt\/web\/en\/shop\/\"},{\"@type\":\"ListItem\",\"position\":3,\"name\":\"CEREAL MIX SUBS BIO, CAF\u00c9 INSTANTANEO 100G\"}]},{\"@type\":\"WebSite\",\"@id\":\"https:\/\/www.biocabaz.pt\/web\/#website\",\"url\":\"https:\/\/www.biocabaz.pt\/web\/\",\"name\":\"BIOCABAZ - CABAZES BIOL\u00d3GICOS\",\"description\":\"O melhor que a terra d\u00e1 \u00e9 para si\",\"potentialAction\":[{\"@type\":\"SearchAction\",\"target\":{\"@type\":\"EntryPoint\",\"urlTemplate\":\"https:\/\/www.biocabaz.pt\/web\/?s={search_term_string}\"},\"query-input\":{\"@type\":\"PropertyValueSpecification\",\"valueRequired\":true,\"valueName\":\"search_term_string\"}}],\"inLanguage\":\"pt-PT\"}]}<\/script>\n<!-- \/ Yoast SEO plugin. -->","yoast_head_json":{"title":"CEREAL MIX SUBS BIO, CAF\u00c9 INSTANTANEO 100G","robots":{"index":"index","follow":"follow","max-snippet":"max-snippet:-1","max-image-preview":"max-image-preview:large","max-video-preview":"max-video-preview:-1"},"canonical":"https:\/\/biocabaz.pt\/web\/produto\/cereal-mix-subs-cafe-instantaneo-100g\/","og_locale":"pt_PT","og_type":"article","og_title":"[:en]ORGANIC INSTANT COFFEE SUBSTITUTE \u0093CEREAL MIX\u0094 100G[:pt]CEREAL MIX SUBS BIO, CAF\u00c9 INSTANTANEO 100G[:] - BIOCABAZ - CABAZES BIOL\u00d3GICOS","og_description":"Descri\u00e7\u00e3o Ingredientes: Cevada, cevada Maltada, Chic\u00f3ria, Centeio, Figo. Bebida sol\u00favel instant\u00e2nea naturalmente sem cafe\u00edna, \u00e1 base de cereais biol\u00f3gicos rigorosamente seleccionados pelo seu equ\u00edlibrio nutricional e excelente sabor. Dados Nutricionais Declara\u00e7\u00e3o nutricional por 100g: Energia: 346Kcal\/1472Kj; Prote\u00ednas: 5,6g; Hidratos de Carbono: 80,8g &#8211; dos quais a\u00e7ucares: 3,5g &#8211; dos quais amido: 38,8g; L\u00edpidos: 0g &#8211; [&hellip;]","og_url":"https:\/\/biocabaz.pt\/web\/produto\/cereal-mix-subs-cafe-instantaneo-100g\/","og_site_name":"BIOCABAZ - CABAZES BIOL\u00d3GICOS","article_modified_time":"2026-02-18T19:45:31+00:00","og_image":[{"width":1200,"height":800,"url":"https:\/\/www.biocabaz.pt\/web\/wp-conteudos\/uploads\/2016\/04\/DSC_0160.png","type":"image\/png"}],"twitter_card":"summary_large_image","twitter_misc":{"Est. reading time":"1 minuto"},"schema":{"@context":"https:\/\/schema.org","@graph":[{"@type":"WebPage","@id":"https:\/\/biocabaz.pt\/web\/produto\/cereal-mix-subs-cafe-instantaneo-100g\/","url":"https:\/\/biocabaz.pt\/web\/produto\/cereal-mix-subs-cafe-instantaneo-100g\/","name":"CEREAL MIX SUBS BIO, CAF\u00c9 INSTANTANEO 100G","isPartOf":{"@id":"https:\/\/www.biocabaz.pt\/web\/#website"},"primaryImageOfPage":{"@id":"https:\/\/biocabaz.pt\/web\/produto\/cereal-mix-subs-cafe-instantaneo-100g\/#primaryimage"},"image":{"@id":"https:\/\/biocabaz.pt\/web\/produto\/cereal-mix-subs-cafe-instantaneo-100g\/#primaryimage"},"thumbnailUrl":"https:\/\/www.biocabaz.pt\/web\/wp-conteudos\/uploads\/2016\/04\/DSC_0160.png","datePublished":"2016-04-14T21:43:53+00:00","dateModified":"2026-02-18T19:45:31+00:00","breadcrumb":{"@id":"https:\/\/biocabaz.pt\/web\/produto\/cereal-mix-subs-cafe-instantaneo-100g\/#breadcrumb"},"inLanguage":"pt-PT","potentialAction":[{"@type":"ReadAction","target":["https:\/\/biocabaz.pt\/web\/produto\/cereal-mix-subs-cafe-instantaneo-100g\/"]}]},{"@type":"ImageObject","inLanguage":"pt-PT","@id":"https:\/\/biocabaz.pt\/web\/produto\/cereal-mix-subs-cafe-instantaneo-100g\/#primaryimage","url":"https:\/\/www.biocabaz.pt\/web\/wp-conteudos\/uploads\/2016\/04\/DSC_0160.png","contentUrl":"https:\/\/www.biocabaz.pt\/web\/wp-conteudos\/uploads\/2016\/04\/DSC_0160.png","width":1200,"height":800},{"@type":"BreadcrumbList","@id":"https:\/\/biocabaz.pt\/web\/produto\/cereal-mix-subs-cafe-instantaneo-100g\/#breadcrumb","itemListElement":[{"@type":"ListItem","position":1,"name":"Home","item":"https:\/\/www.biocabaz.pt\/web\/"},{"@type":"ListItem","position":2,"name":"Shop","item":"https:\/\/www.biocabaz.pt\/web\/en\/shop\/"},{"@type":"ListItem","position":3,"name":"CEREAL MIX SUBS BIO, CAF\u00c9 INSTANTANEO 100G"}]},{"@type":"WebSite","@id":"https:\/\/www.biocabaz.pt\/web\/#website","url":"https:\/\/www.biocabaz.pt\/web\/","name":"BIOCABAZ - CABAZES BIOL\u00d3GICOS","description":"O melhor que a terra d\u00e1 \u00e9 para si","potentialAction":[{"@type":"SearchAction","target":{"@type":"EntryPoint","urlTemplate":"https:\/\/www.biocabaz.pt\/web\/?s={search_term_string}"},"query-input":{"@type":"PropertyValueSpecification","valueRequired":true,"valueName":"search_term_string"}}],"inLanguage":"pt-PT"}]}},"_links":{"self":[{"href":"https:\/\/biocabaz.pt\/web\/wp-json\/wp\/v2\/product\/1004","targetHints":{"allow":["GET"]}}],"collection":[{"href":"https:\/\/biocabaz.pt\/web\/wp-json\/wp\/v2\/product"}],"about":[{"href":"https:\/\/biocabaz.pt\/web\/wp-json\/wp\/v2\/types\/product"}],"replies":[{"embeddable":true,"href":"https:\/\/biocabaz.pt\/web\/wp-json\/wp\/v2\/comments?post=1004"}],"wp:featuredmedia":[{"embeddable":true,"href":"https:\/\/biocabaz.pt\/web\/wp-json\/wp\/v2\/media\/1092"}],"wp:attachment":[{"href":"https:\/\/biocabaz.pt\/web\/wp-json\/wp\/v2\/media?parent=1004"}],"wp:term":[{"taxonomy":"product_cat","embeddable":true,"href":"https:\/\/biocabaz.pt\/web\/wp-json\/wp\/v2\/product_cat?post=1004"},{"taxonomy":"product_tag","embeddable":true,"href":"https:\/\/biocabaz.pt\/web\/wp-json\/wp\/v2\/product_tag?post=1004"}],"curies":[{"name":"wp","href":"https:\/\/api.w.org\/{rel}","templated":true}]}}