{"id":1000,"date":"2016-04-14T21:43:48","date_gmt":"2016-04-14T21:43:48","guid":{"rendered":"http:\/\/www.biocabaz.com\/web\/produto\/cha-detox-20-saq-pukka\/"},"modified":"2025-06-09T11:02:47","modified_gmt":"2025-06-09T11:02:47","slug":"cha-detox-20-saq-pukka","status":"publish","type":"product","link":"https:\/\/biocabaz.pt\/web\/produto\/cha-detox-20-saq-pukka\/","title":{"rendered":"CH\u00c1 DETOX BIO 20 SAQ PUKKA"},"content":{"rendered":"<p><strong>Descri\u00e7\u00e3o <\/strong><br \/>\n\t\t\t\tIngredientes: Sementes de anis (40%), sementes de funcho (20%), sementes de cardomomo (15%), sementes de alca\u00e7uz, sementes de coentros, sementes de aipo. *De produ\u00e7\u00e3o Biol\u00f3gica.\n<\/p>\n<p><strong>Dados Nutricionais<\/strong>\n\t\t\t\t<\/p>\n<p><strong>Modo Utiliza\u00e7\u00e3o<\/strong><br \/>O ch\u00e1 Detox utiliza uma combina\u00e7\u00e3o de plantas usadas tradicionalmente em processos de limpeza do organismo. Colocar uma saqueta numa ch\u00e1vena, verter \u00e1gua quente (fervida). Deixe repousar at\u00e9 15 minutos. Conservar em local seco e fresco.<\/p>\n","protected":false},"excerpt":{"rendered":"<p>Ingredientes: Anis (40%) , sementes de funcho (20%) , vagem de cardamomo (15%) , raiz de alca\u00e7uz , sementes de coentro, sementes de aipo<\/p>\n<p>Prepara\u00e7\u00e3o: infus\u00e3o em \u00e1gua rec\u00e9m &#8211; fervida por pelo menos 5 minutos.<\/p>\n","protected":false},"featured_media":1192,"comment_status":"closed","ping_status":"closed","template":"","meta":[],"product_cat":[30],"product_tag":[],"class_list":["post-1000","product","type-product","status-publish","has-post-thumbnail","hentry","product_cat-cafes-chas-e-infusoes"],"bundle_layout":"","bundled_by":[],"bundled_items":[],"yoast_head":"<!-- This site is optimized with the Yoast SEO plugin v26.3 - https:\/\/yoast.com\/wordpress\/plugins\/seo\/ -->\n<title>CH\u00c1 DETOX BIO 20 SAQ PUKKA<\/title>\n<meta name=\"robots\" content=\"index, follow, max-snippet:-1, max-image-preview:large, max-video-preview:-1\" \/>\n<link rel=\"canonical\" href=\"https:\/\/www.biocabaz.pt\/web\/produto\/cha-detox-20-saq-pukka\/\" \/>\n<meta property=\"og:locale\" content=\"pt_PT\" \/>\n<meta property=\"og:locale:alternate\" content=\"en_US\" \/>\n<meta property=\"og:type\" content=\"article\" \/>\n<meta property=\"og:title\" content=\"CH\u00c1 DETOX BIO 20 SAQ PUKKA\" \/>\n<meta property=\"og:description\" content=\"Ingredientes: Anis (40%) , sementes de funcho (20%) , vagem de cardamomo (15%) , raiz de alca\u00e7uz , sementes de coentro, sementes de aipo  Prepara\u00e7\u00e3o: infus\u00e3o em \u00e1gua rec\u00e9m - fervida por pelo menos 5 minutos.\" \/>\n<meta property=\"og:url\" content=\"https:\/\/biocabaz.pt\/web\/produto\/cha-detox-20-saq-pukka\/\" \/>\n<meta property=\"og:site_name\" content=\"BIOCABAZ - CABAZES BIOL\u00d3GICOS\" \/>\n<meta property=\"article:modified_time\" content=\"2025-06-09T11:02:47+00:00\" \/>\n<meta property=\"og:image\" content=\"https:\/\/www.biocabaz.pt\/web\/wp-conteudos\/uploads\/2016\/04\/Detox_on_white.jpeg.jpg\" \/>\n\t<meta property=\"og:image:width\" content=\"510\" \/>\n\t<meta property=\"og:image:height\" content=\"510\" \/>\n\t<meta property=\"og:image:type\" content=\"image\/jpeg\" \/>\n<meta name=\"twitter:card\" content=\"summary_large_image\" \/>\n<meta name=\"twitter:label1\" content=\"Est. reading time\" \/>\n\t<meta name=\"twitter:data1\" content=\"1 minuto\" \/>\n<script type=\"application\/ld+json\" class=\"yoast-schema-graph\">{\"@context\":\"https:\/\/schema.org\",\"@graph\":[{\"@type\":\"WebPage\",\"@id\":\"https:\/\/www.biocabaz.pt\/web\/produto\/cha-detox-20-saq-pukka\/\",\"url\":\"https:\/\/www.biocabaz.pt\/web\/produto\/cha-detox-20-saq-pukka\/\",\"name\":\"CH\u00c1 DETOX BIO 20 SAQ PUKKA\",\"isPartOf\":{\"@id\":\"https:\/\/biocabaz.pt\/web\/#website\"},\"primaryImageOfPage\":{\"@id\":\"https:\/\/www.biocabaz.pt\/web\/produto\/cha-detox-20-saq-pukka\/#primaryimage\"},\"image\":{\"@id\":\"https:\/\/www.biocabaz.pt\/web\/produto\/cha-detox-20-saq-pukka\/#primaryimage\"},\"thumbnailUrl\":\"https:\/\/www.biocabaz.pt\/web\/wp-conteudos\/uploads\/2016\/04\/Detox_on_white.jpeg.jpg\",\"datePublished\":\"2016-04-14T21:43:48+00:00\",\"dateModified\":\"2025-06-09T11:02:47+00:00\",\"breadcrumb\":{\"@id\":\"https:\/\/www.biocabaz.pt\/web\/produto\/cha-detox-20-saq-pukka\/#breadcrumb\"},\"inLanguage\":\"pt-PT\",\"potentialAction\":[{\"@type\":\"ReadAction\",\"target\":[\"https:\/\/www.biocabaz.pt\/web\/produto\/cha-detox-20-saq-pukka\/\"]}]},{\"@type\":\"ImageObject\",\"inLanguage\":\"pt-PT\",\"@id\":\"https:\/\/www.biocabaz.pt\/web\/produto\/cha-detox-20-saq-pukka\/#primaryimage\",\"url\":\"https:\/\/www.biocabaz.pt\/web\/wp-conteudos\/uploads\/2016\/04\/Detox_on_white.jpeg.jpg\",\"contentUrl\":\"https:\/\/www.biocabaz.pt\/web\/wp-conteudos\/uploads\/2016\/04\/Detox_on_white.jpeg.jpg\",\"width\":510,\"height\":510},{\"@type\":\"BreadcrumbList\",\"@id\":\"https:\/\/www.biocabaz.pt\/web\/produto\/cha-detox-20-saq-pukka\/#breadcrumb\",\"itemListElement\":[{\"@type\":\"ListItem\",\"position\":1,\"name\":\"Home\",\"item\":\"https:\/\/biocabaz.pt\/web\/\"},{\"@type\":\"ListItem\",\"position\":2,\"name\":\"Loja\",\"item\":\"https:\/\/biocabaz.pt\/web\/shop\/\"},{\"@type\":\"ListItem\",\"position\":3,\"name\":\"CH\u00c1 DETOX BIO 20 SAQ PUKKA\"}]},{\"@type\":\"WebSite\",\"@id\":\"https:\/\/biocabaz.pt\/web\/#website\",\"url\":\"https:\/\/biocabaz.pt\/web\/\",\"name\":\"BIOCABAZ - CABAZES BIOL\u00d3GICOS\",\"description\":\"O melhor que a terra d\u00e1 \u00e9 para si\",\"potentialAction\":[{\"@type\":\"SearchAction\",\"target\":{\"@type\":\"EntryPoint\",\"urlTemplate\":\"https:\/\/biocabaz.pt\/web\/?s={search_term_string}\"},\"query-input\":{\"@type\":\"PropertyValueSpecification\",\"valueRequired\":true,\"valueName\":\"search_term_string\"}}],\"inLanguage\":\"pt-PT\"}]}<\/script>\n<!-- \/ Yoast SEO plugin. -->","yoast_head_json":{"title":"CH\u00c1 DETOX BIO 20 SAQ PUKKA","robots":{"index":"index","follow":"follow","max-snippet":"max-snippet:-1","max-image-preview":"max-image-preview:large","max-video-preview":"max-video-preview:-1"},"canonical":"https:\/\/www.biocabaz.pt\/web\/produto\/cha-detox-20-saq-pukka\/","og_locale":"pt_PT","og_type":"article","og_title":"[:en]PUKKA DETOX ORGANIC TEA[:pt]CH\u00c1 DETOX BIO 20 SAQ PUKKA[:] - BIOCABAZ - CABAZES BIOL\u00d3GICOS","og_description":"Ingredientes: Anis (40%) , sementes de funcho (20%) , vagem de cardamomo (15%) , raiz de alca\u00e7uz , sementes de coentro, sementes de aipo  Prepara\u00e7\u00e3o: infus\u00e3o em \u00e1gua rec\u00e9m - fervida por pelo menos 5 minutos.","og_url":"https:\/\/biocabaz.pt\/web\/produto\/cha-detox-20-saq-pukka\/","og_site_name":"BIOCABAZ - CABAZES BIOL\u00d3GICOS","article_modified_time":"2025-06-09T11:02:47+00:00","og_image":[{"width":510,"height":510,"url":"https:\/\/www.biocabaz.pt\/web\/wp-conteudos\/uploads\/2016\/04\/Detox_on_white.jpeg.jpg","type":"image\/jpeg"}],"twitter_card":"summary_large_image","twitter_misc":{"Est. reading time":"1 minuto"},"schema":{"@context":"https:\/\/schema.org","@graph":[{"@type":"WebPage","@id":"https:\/\/www.biocabaz.pt\/web\/produto\/cha-detox-20-saq-pukka\/","url":"https:\/\/www.biocabaz.pt\/web\/produto\/cha-detox-20-saq-pukka\/","name":"CH\u00c1 DETOX BIO 20 SAQ PUKKA","isPartOf":{"@id":"https:\/\/biocabaz.pt\/web\/#website"},"primaryImageOfPage":{"@id":"https:\/\/www.biocabaz.pt\/web\/produto\/cha-detox-20-saq-pukka\/#primaryimage"},"image":{"@id":"https:\/\/www.biocabaz.pt\/web\/produto\/cha-detox-20-saq-pukka\/#primaryimage"},"thumbnailUrl":"https:\/\/www.biocabaz.pt\/web\/wp-conteudos\/uploads\/2016\/04\/Detox_on_white.jpeg.jpg","datePublished":"2016-04-14T21:43:48+00:00","dateModified":"2025-06-09T11:02:47+00:00","breadcrumb":{"@id":"https:\/\/www.biocabaz.pt\/web\/produto\/cha-detox-20-saq-pukka\/#breadcrumb"},"inLanguage":"pt-PT","potentialAction":[{"@type":"ReadAction","target":["https:\/\/www.biocabaz.pt\/web\/produto\/cha-detox-20-saq-pukka\/"]}]},{"@type":"ImageObject","inLanguage":"pt-PT","@id":"https:\/\/www.biocabaz.pt\/web\/produto\/cha-detox-20-saq-pukka\/#primaryimage","url":"https:\/\/www.biocabaz.pt\/web\/wp-conteudos\/uploads\/2016\/04\/Detox_on_white.jpeg.jpg","contentUrl":"https:\/\/www.biocabaz.pt\/web\/wp-conteudos\/uploads\/2016\/04\/Detox_on_white.jpeg.jpg","width":510,"height":510},{"@type":"BreadcrumbList","@id":"https:\/\/www.biocabaz.pt\/web\/produto\/cha-detox-20-saq-pukka\/#breadcrumb","itemListElement":[{"@type":"ListItem","position":1,"name":"Home","item":"https:\/\/biocabaz.pt\/web\/"},{"@type":"ListItem","position":2,"name":"Loja","item":"https:\/\/biocabaz.pt\/web\/shop\/"},{"@type":"ListItem","position":3,"name":"CH\u00c1 DETOX BIO 20 SAQ PUKKA"}]},{"@type":"WebSite","@id":"https:\/\/biocabaz.pt\/web\/#website","url":"https:\/\/biocabaz.pt\/web\/","name":"BIOCABAZ - CABAZES BIOL\u00d3GICOS","description":"O melhor que a terra d\u00e1 \u00e9 para si","potentialAction":[{"@type":"SearchAction","target":{"@type":"EntryPoint","urlTemplate":"https:\/\/biocabaz.pt\/web\/?s={search_term_string}"},"query-input":{"@type":"PropertyValueSpecification","valueRequired":true,"valueName":"search_term_string"}}],"inLanguage":"pt-PT"}]}},"_links":{"self":[{"href":"https:\/\/biocabaz.pt\/web\/wp-json\/wp\/v2\/product\/1000","targetHints":{"allow":["GET"]}}],"collection":[{"href":"https:\/\/biocabaz.pt\/web\/wp-json\/wp\/v2\/product"}],"about":[{"href":"https:\/\/biocabaz.pt\/web\/wp-json\/wp\/v2\/types\/product"}],"replies":[{"embeddable":true,"href":"https:\/\/biocabaz.pt\/web\/wp-json\/wp\/v2\/comments?post=1000"}],"wp:featuredmedia":[{"embeddable":true,"href":"https:\/\/biocabaz.pt\/web\/wp-json\/wp\/v2\/media\/1192"}],"wp:attachment":[{"href":"https:\/\/biocabaz.pt\/web\/wp-json\/wp\/v2\/media?parent=1000"}],"wp:term":[{"taxonomy":"product_cat","embeddable":true,"href":"https:\/\/biocabaz.pt\/web\/wp-json\/wp\/v2\/product_cat?post=1000"},{"taxonomy":"product_tag","embeddable":true,"href":"https:\/\/biocabaz.pt\/web\/wp-json\/wp\/v2\/product_tag?post=1000"}],"curies":[{"name":"wp","href":"https:\/\/api.w.org\/{rel}","templated":true}]}}