{"id":15,"date":"2016-01-24T21:24:18","date_gmt":"2016-01-24T21:24:18","guid":{"rendered":"http:\/\/www.biocabaz.com\/web\/?page_id=15"},"modified":"2020-08-21T16:04:11","modified_gmt":"2020-08-21T16:04:11","slug":"quem-somos","status":"publish","type":"page","link":"https:\/\/biocabaz.pt\/web\/quem-somos\/","title":{"rendered":"Quem somos \/ Sobre n\u00f3s"},"content":{"rendered":"[mk_page_section][vc_column][vc_column_text]A BioCabaz surgiu da vontade que temos de fazer chegar a todos os produtos da melhor qualidade que a terra nos oferece, produzidos respeitando os ciclos de vida e o ambiente \/ natureza.<\/p>\n<p>Somos apreciadores de produtos biol\u00f3gicos, que consumimos diariamente em nossa casa e sabemos da dificuldade que as fam\u00edlias t\u00eam de conseguir os melhores produtos para os seus filhos. Tamb\u00e9m n\u00f3s tivemos essa dificuldade, n\u00e3o s\u00f3 em encontrar o melhor produto, mas tamb\u00e9m ao melhor pre\u00e7o.<\/p>\n<p>Surgiu-nos a ideia de vos fazer chegar o sabor natural dos produtos adquirido no contacto di\u00e1rio com produtores biol\u00f3gicos como da necessidade de divulgar ainda mais o que de melhor a terra tem para nos dar.<\/p>\n<p>Pretendemos fazer chegar o melhor da agricultura biol\u00f3gica a casa das fam\u00edlias da forma mais c\u00f3moda e ao melhor pre\u00e7o. Levar um maior n\u00famero de pessoas a consumir produtos biol\u00f3gicos \u00e9 a nossa miss\u00e3o.<\/p>\n<p>Experimente o nosso cabaz e ficar\u00e1 rendido ao sabor aut\u00eantico dos alimentos mais frescos e naturais.<\/p>\n[\/vc_column_text][\/vc_column][\/mk_page_section][mk_page_section][vc_column][mk_padding_divider][\/vc_column][\/mk_page_section]\n","protected":false},"excerpt":{"rendered":"<p>[mk_page_section][vc_column][vc_column_text]A BioCabaz surgiu da vontade que temos de fazer chegar a todos os produtos da melhor qualidade que a terra nos oferece, produzidos respeitando os ciclos de vida e o ambiente \/ natureza. Somos apreciadores de produtos biol\u00f3gicos, que consumimos diariamente em nossa casa e sabemos da dificuldade que as fam\u00edlias t\u00eam de conseguir os [&hellip;]<\/p>\n","protected":false},"author":3,"featured_media":0,"parent":0,"menu_order":0,"comment_status":"closed","ping_status":"closed","template":"","meta":{"footnotes":""},"class_list":["post-15","page","type-page","status-publish","hentry"],"yoast_head":"<!-- This site is optimized with the Yoast SEO plugin v26.3 - https:\/\/yoast.com\/wordpress\/plugins\/seo\/ -->\n<title>quem somos<\/title>\n<meta name=\"robots\" content=\"index, follow, max-snippet:-1, max-image-preview:large, max-video-preview:-1\" \/>\n<link rel=\"canonical\" href=\"https:\/\/biocabaz.pt\/web\/quem-somos\/\" \/>\n<meta property=\"og:locale\" content=\"pt_PT\" \/>\n<meta property=\"og:locale:alternate\" content=\"en_US\" \/>\n<meta property=\"og:type\" content=\"article\" \/>\n<meta property=\"og:title\" content=\"quem somos\" \/>\n<meta property=\"og:description\" content=\"[mk_page_section][vc_column][vc_column_text]A BioCabaz surgiu da vontade que temos de fazer chegar a todos os produtos da melhor qualidade que a terra nos oferece, produzidos respeitando os ciclos de vida e o ambiente \/ natureza. Somos apreciadores de produtos biol\u00f3gicos, que consumimos diariamente em nossa casa e sabemos da dificuldade que as fam\u00edlias t\u00eam de conseguir os [&hellip;]\" \/>\n<meta property=\"og:url\" content=\"https:\/\/biocabaz.pt\/web\/quem-somos\/\" \/>\n<meta property=\"og:site_name\" content=\"BIOCABAZ - CABAZES BIOL\u00d3GICOS\" \/>\n<meta property=\"article:modified_time\" content=\"2020-08-21T16:04:11+00:00\" \/>\n<meta name=\"twitter:card\" content=\"summary_large_image\" \/>\n<meta name=\"twitter:label1\" content=\"Est. reading time\" \/>\n\t<meta name=\"twitter:data1\" content=\"2 minutos\" \/>\n<script type=\"application\/ld+json\" class=\"yoast-schema-graph\">{\"@context\":\"https:\/\/schema.org\",\"@graph\":[{\"@type\":\"WebPage\",\"@id\":\"https:\/\/biocabaz.pt\/web\/quem-somos\/\",\"url\":\"https:\/\/biocabaz.pt\/web\/quem-somos\/\",\"name\":\"quem somos\",\"isPartOf\":{\"@id\":\"https:\/\/biocabaz.pt\/web\/en\/#website\"},\"datePublished\":\"2016-01-24T21:24:18+00:00\",\"dateModified\":\"2020-08-21T16:04:11+00:00\",\"breadcrumb\":{\"@id\":\"https:\/\/biocabaz.pt\/web\/quem-somos\/#breadcrumb\"},\"inLanguage\":\"pt-PT\",\"potentialAction\":[{\"@type\":\"ReadAction\",\"target\":[\"https:\/\/biocabaz.pt\/web\/quem-somos\/\"]}]},{\"@type\":\"BreadcrumbList\",\"@id\":\"https:\/\/biocabaz.pt\/web\/quem-somos\/#breadcrumb\",\"itemListElement\":[{\"@type\":\"ListItem\",\"position\":1,\"name\":\"Home\",\"item\":\"https:\/\/biocabaz.pt\/web\/en\/\"},{\"@type\":\"ListItem\",\"position\":2,\"name\":\"Quem somos \/ Sobre n\u00f3s\"}]},{\"@type\":\"WebSite\",\"@id\":\"https:\/\/biocabaz.pt\/web\/en\/#website\",\"url\":\"https:\/\/biocabaz.pt\/web\/en\/\",\"name\":\"BIOCABAZ - CABAZES BIOL\u00d3GICOS\",\"description\":\"O melhor que a terra d\u00e1 \u00e9 para si\",\"potentialAction\":[{\"@type\":\"SearchAction\",\"target\":{\"@type\":\"EntryPoint\",\"urlTemplate\":\"https:\/\/biocabaz.pt\/web\/en\/?s={search_term_string}\"},\"query-input\":{\"@type\":\"PropertyValueSpecification\",\"valueRequired\":true,\"valueName\":\"search_term_string\"}}],\"inLanguage\":\"pt-PT\"}]}<\/script>\n<!-- \/ Yoast SEO plugin. -->","yoast_head_json":{"title":"quem somos","robots":{"index":"index","follow":"follow","max-snippet":"max-snippet:-1","max-image-preview":"max-image-preview:large","max-video-preview":"max-video-preview:-1"},"canonical":"https:\/\/biocabaz.pt\/web\/quem-somos\/","og_locale":"pt_PT","og_type":"article","og_title":"quem somos","og_description":"[mk_page_section][vc_column][vc_column_text]A BioCabaz surgiu da vontade que temos de fazer chegar a todos os produtos da melhor qualidade que a terra nos oferece, produzidos respeitando os ciclos de vida e o ambiente \/ natureza. Somos apreciadores de produtos biol\u00f3gicos, que consumimos diariamente em nossa casa e sabemos da dificuldade que as fam\u00edlias t\u00eam de conseguir os [&hellip;]","og_url":"https:\/\/biocabaz.pt\/web\/quem-somos\/","og_site_name":"BIOCABAZ - CABAZES BIOL\u00d3GICOS","article_modified_time":"2020-08-21T16:04:11+00:00","twitter_card":"summary_large_image","twitter_misc":{"Est. reading time":"2 minutos"},"schema":{"@context":"https:\/\/schema.org","@graph":[{"@type":"WebPage","@id":"https:\/\/biocabaz.pt\/web\/quem-somos\/","url":"https:\/\/biocabaz.pt\/web\/quem-somos\/","name":"quem somos","isPartOf":{"@id":"https:\/\/biocabaz.pt\/web\/en\/#website"},"datePublished":"2016-01-24T21:24:18+00:00","dateModified":"2020-08-21T16:04:11+00:00","breadcrumb":{"@id":"https:\/\/biocabaz.pt\/web\/quem-somos\/#breadcrumb"},"inLanguage":"pt-PT","potentialAction":[{"@type":"ReadAction","target":["https:\/\/biocabaz.pt\/web\/quem-somos\/"]}]},{"@type":"BreadcrumbList","@id":"https:\/\/biocabaz.pt\/web\/quem-somos\/#breadcrumb","itemListElement":[{"@type":"ListItem","position":1,"name":"Home","item":"https:\/\/biocabaz.pt\/web\/en\/"},{"@type":"ListItem","position":2,"name":"Quem somos \/ Sobre n\u00f3s"}]},{"@type":"WebSite","@id":"https:\/\/biocabaz.pt\/web\/en\/#website","url":"https:\/\/biocabaz.pt\/web\/en\/","name":"BIOCABAZ - CABAZES BIOL\u00d3GICOS","description":"O melhor que a terra d\u00e1 \u00e9 para si","potentialAction":[{"@type":"SearchAction","target":{"@type":"EntryPoint","urlTemplate":"https:\/\/biocabaz.pt\/web\/en\/?s={search_term_string}"},"query-input":{"@type":"PropertyValueSpecification","valueRequired":true,"valueName":"search_term_string"}}],"inLanguage":"pt-PT"}]}},"_links":{"self":[{"href":"https:\/\/biocabaz.pt\/web\/wp-json\/wp\/v2\/pages\/15","targetHints":{"allow":["GET"]}}],"collection":[{"href":"https:\/\/biocabaz.pt\/web\/wp-json\/wp\/v2\/pages"}],"about":[{"href":"https:\/\/biocabaz.pt\/web\/wp-json\/wp\/v2\/types\/page"}],"author":[{"embeddable":true,"href":"https:\/\/biocabaz.pt\/web\/wp-json\/wp\/v2\/users\/3"}],"replies":[{"embeddable":true,"href":"https:\/\/biocabaz.pt\/web\/wp-json\/wp\/v2\/comments?post=15"}],"version-history":[{"count":1,"href":"https:\/\/biocabaz.pt\/web\/wp-json\/wp\/v2\/pages\/15\/revisions"}],"predecessor-version":[{"id":51017,"href":"https:\/\/biocabaz.pt\/web\/wp-json\/wp\/v2\/pages\/15\/revisions\/51017"}],"wp:attachment":[{"href":"https:\/\/biocabaz.pt\/web\/wp-json\/wp\/v2\/media?parent=15"}],"curies":[{"name":"wp","href":"https:\/\/api.w.org\/{rel}","templated":true}]}}