{"id":988,"date":"2016-04-14T21:43:35","date_gmt":"2016-04-14T21:43:35","guid":{"rendered":"http:\/\/www.biocabaz.com\/web\/produto\/biscoitos-de-pera-250g\/"},"modified":"2025-06-09T10:34:22","modified_gmt":"2025-06-09T10:34:22","slug":"biscoitos-de-pera-bio-250g-provida","status":"publish","type":"product","link":"https:\/\/biocabaz.pt\/web\/en\/produto\/biscoitos-de-pera-bio-250g-provida\/","title":{"rendered":"PR\u00d3VIDA ORGANIC PEAR BISCUITS 250GR"},"content":{"rendered":"<p><strong>Description<\/strong><br \/>Ingredients: WHEAT flour * (whole and white), pear concentrate * (21%), sunflower vegetable oil *, water, leaven: sodium bicarbonate, sea salt and cinnamon. Contains gluten. It may contain traces of soy, sesame and nuts. Sweetened with pear concentrate.<\/p>\n<p><strong>Nutrition Facts<\/strong><br \/><strong>Nutritional Information per 100g\/ml<\/strong>: Energy: 1780kJ \/ 422kcal; Lipids: 12.9g &#8211; of which saturated: 4.7g; Carbohydrates: 69.6g &#8211; of which sugars: 14.1g; Fiber: 1.1g; Proteins: 6.5g; Salt: 0.7g.<\/p>\n<p><strong>Use Mode<\/strong><br \/>They are ideal for breakfast, snacks, to be served with tea, coffee or fruit juices. Store in a cool, dry place.<\/p>\n","protected":false},"excerpt":{"rendered":"<p><strong>Nutritional Information per 100g\/ml<\/strong>: Energy: 1780kJ \/ 422kcal; Lipids: 12.9g &#8211; of which saturated: 4.7g; Carbohydrates: 69.6g &#8211; of which sugars: 14.1g; Fiber: 1.1g; Proteins: 6.5g; Salt: 0.7g.<\/p>\n","protected":false},"featured_media":1113,"comment_status":"closed","ping_status":"closed","template":"","meta":[],"product_cat":[29],"product_tag":[],"class_list":["post-988","product","type-product","status-publish","has-post-thumbnail","hentry","product_cat-bolachas_e_snacks"],"bundle_layout":"","bundled_by":[],"bundled_items":[],"yoast_head":"<!-- This site is optimized with the Yoast SEO plugin v26.3 - https:\/\/yoast.com\/wordpress\/plugins\/seo\/ -->\n<title>PR\u00d3VIDA ORGANIC PEAR BISCUITS 250GR<\/title>\n<meta name=\"description\" content=\"BISCOITOS DE P\u00caRA BIO 250G PROVIDA\" \/>\n<meta name=\"robots\" content=\"index, follow, max-snippet:-1, max-image-preview:large, max-video-preview:-1\" \/>\n<link rel=\"canonical\" href=\"https:\/\/biocabaz.pt\/web\/en\/produto\/biscoitos-de-pera-bio-250g-provida\/\" \/>\n<meta property=\"og:locale\" content=\"pt_PT\" \/>\n<meta property=\"og:locale:alternate\" content=\"pt_PT\" \/>\n<meta property=\"og:type\" content=\"article\" \/>\n<meta property=\"og:title\" content=\"PR\u00d3VIDA ORGANIC PEAR BISCUITS 250GR\" \/>\n<meta property=\"og:description\" content=\"BISCOITOS DE P\u00caRA BIO 250G PROVIDA\" \/>\n<meta property=\"og:url\" content=\"https:\/\/biocabaz.pt\/web\/en\/produto\/biscoitos-de-pera-bio-250g-provida\/\" \/>\n<meta property=\"og:site_name\" content=\"CABAZES BIOL\u00d3GICOS\" \/>\n<meta property=\"article:modified_time\" content=\"2025-06-09T10:34:22+00:00\" \/>\n<meta property=\"og:image\" content=\"https:\/\/www.biocabaz.pt\/web\/wp-conteudos\/uploads\/2016\/04\/201015B.jpg\" \/>\n\t<meta property=\"og:image:width\" content=\"300\" \/>\n\t<meta property=\"og:image:height\" content=\"326\" \/>\n\t<meta property=\"og:image:type\" content=\"image\/jpeg\" \/>\n<meta name=\"twitter:card\" content=\"summary_large_image\" \/>\n<meta name=\"twitter:label1\" content=\"Est. reading time\" \/>\n\t<meta name=\"twitter:data1\" content=\"1 minute\" \/>\n<script type=\"application\/ld+json\" class=\"yoast-schema-graph\">{\"@context\":\"https:\/\/schema.org\",\"@graph\":[{\"@type\":\"WebPage\",\"@id\":\"https:\/\/biocabaz.pt\/web\/produto\/biscoitos-de-pera-bio-250g-provida\/\",\"url\":\"https:\/\/biocabaz.pt\/web\/produto\/biscoitos-de-pera-bio-250g-provida\/\",\"name\":\"PR\u00d3VIDA ORGANIC PEAR BISCUITS 250GR\",\"isPartOf\":{\"@id\":\"https:\/\/biocabaz.pt\/web\/en\/#website\"},\"primaryImageOfPage\":{\"@id\":\"https:\/\/biocabaz.pt\/web\/produto\/biscoitos-de-pera-bio-250g-provida\/#primaryimage\"},\"image\":{\"@id\":\"https:\/\/biocabaz.pt\/web\/produto\/biscoitos-de-pera-bio-250g-provida\/#primaryimage\"},\"thumbnailUrl\":\"https:\/\/www.biocabaz.pt\/web\/wp-conteudos\/uploads\/2016\/04\/201015B.jpg\",\"datePublished\":\"2016-04-14T21:43:35+00:00\",\"dateModified\":\"2025-06-09T10:34:22+00:00\",\"description\":\"BISCOITOS DE P\u00caRA BIO 250G PROVIDA\",\"breadcrumb\":{\"@id\":\"https:\/\/biocabaz.pt\/web\/produto\/biscoitos-de-pera-bio-250g-provida\/#breadcrumb\"},\"inLanguage\":\"pt-PT\",\"potentialAction\":[{\"@type\":\"ReadAction\",\"target\":[\"https:\/\/biocabaz.pt\/web\/produto\/biscoitos-de-pera-bio-250g-provida\/\"]}]},{\"@type\":\"ImageObject\",\"inLanguage\":\"pt-PT\",\"@id\":\"https:\/\/biocabaz.pt\/web\/produto\/biscoitos-de-pera-bio-250g-provida\/#primaryimage\",\"url\":\"https:\/\/www.biocabaz.pt\/web\/wp-conteudos\/uploads\/2016\/04\/201015B.jpg\",\"contentUrl\":\"https:\/\/www.biocabaz.pt\/web\/wp-conteudos\/uploads\/2016\/04\/201015B.jpg\",\"width\":300,\"height\":326,\"caption\":\"BISCOITOS DE P\u00caRA BIO 250G PROVIDA\"},{\"@type\":\"BreadcrumbList\",\"@id\":\"https:\/\/biocabaz.pt\/web\/produto\/biscoitos-de-pera-bio-250g-provida\/#breadcrumb\",\"itemListElement\":[{\"@type\":\"ListItem\",\"position\":1,\"name\":\"Home\",\"item\":\"https:\/\/biocabaz.pt\/web\/en\/\"},{\"@type\":\"ListItem\",\"position\":2,\"name\":\"Shop\",\"item\":\"https:\/\/biocabaz.pt\/web\/en\/shop\/\"},{\"@type\":\"ListItem\",\"position\":3,\"name\":\"BISCOITOS DE P\u00caRA BIO 250G PROVIDA\"}]},{\"@type\":\"WebSite\",\"@id\":\"https:\/\/biocabaz.pt\/web\/en\/#website\",\"url\":\"https:\/\/biocabaz.pt\/web\/en\/\",\"name\":\"CABAZES BIOL\u00d3GICOS\",\"description\":\"One+Number\",\"potentialAction\":[{\"@type\":\"SearchAction\",\"target\":{\"@type\":\"EntryPoint\",\"urlTemplate\":\"https:\/\/biocabaz.pt\/web\/en\/?s={search_term_string}\"},\"query-input\":{\"@type\":\"PropertyValueSpecification\",\"valueRequired\":true,\"valueName\":\"search_term_string\"}}],\"inLanguage\":\"pt-PT\"}]}<\/script>\n<!-- \/ Yoast SEO plugin. -->","yoast_head_json":{"title":"PR\u00d3VIDA ORGANIC PEAR BISCUITS 250GR","description":"BISCOITOS DE P\u00caRA BIO 250G PROVIDA","robots":{"index":"index","follow":"follow","max-snippet":"max-snippet:-1","max-image-preview":"max-image-preview:large","max-video-preview":"max-video-preview:-1"},"canonical":"https:\/\/biocabaz.pt\/web\/en\/produto\/biscoitos-de-pera-bio-250g-provida\/","og_locale":"pt_PT","og_type":"article","og_title":"[:en]PR\u00d3VIDA ORGANIC PEAR BISCUITS 250GR[:pt]BISCOITOS DE P\u00caRA BIO 250G PROVIDA[:] - CABAZES BIOL\u00d3GICOS","og_description":"BISCOITOS DE P\u00caRA BIO 250G PROVIDA","og_url":"https:\/\/biocabaz.pt\/web\/en\/produto\/biscoitos-de-pera-bio-250g-provida\/","og_site_name":"CABAZES BIOL\u00d3GICOS","article_modified_time":"2025-06-09T10:34:22+00:00","og_image":[{"width":300,"height":326,"url":"https:\/\/www.biocabaz.pt\/web\/wp-conteudos\/uploads\/2016\/04\/201015B.jpg","type":"image\/jpeg"}],"twitter_card":"summary_large_image","twitter_misc":{"Est. reading time":"1 minute"},"schema":{"@context":"https:\/\/schema.org","@graph":[{"@type":"WebPage","@id":"https:\/\/biocabaz.pt\/web\/produto\/biscoitos-de-pera-bio-250g-provida\/","url":"https:\/\/biocabaz.pt\/web\/produto\/biscoitos-de-pera-bio-250g-provida\/","name":"PR\u00d3VIDA ORGANIC PEAR BISCUITS 250GR","isPartOf":{"@id":"https:\/\/biocabaz.pt\/web\/en\/#website"},"primaryImageOfPage":{"@id":"https:\/\/biocabaz.pt\/web\/produto\/biscoitos-de-pera-bio-250g-provida\/#primaryimage"},"image":{"@id":"https:\/\/biocabaz.pt\/web\/produto\/biscoitos-de-pera-bio-250g-provida\/#primaryimage"},"thumbnailUrl":"https:\/\/www.biocabaz.pt\/web\/wp-conteudos\/uploads\/2016\/04\/201015B.jpg","datePublished":"2016-04-14T21:43:35+00:00","dateModified":"2025-06-09T10:34:22+00:00","description":"BISCOITOS DE P\u00caRA BIO 250G PROVIDA","breadcrumb":{"@id":"https:\/\/biocabaz.pt\/web\/produto\/biscoitos-de-pera-bio-250g-provida\/#breadcrumb"},"inLanguage":"pt-PT","potentialAction":[{"@type":"ReadAction","target":["https:\/\/biocabaz.pt\/web\/produto\/biscoitos-de-pera-bio-250g-provida\/"]}]},{"@type":"ImageObject","inLanguage":"pt-PT","@id":"https:\/\/biocabaz.pt\/web\/produto\/biscoitos-de-pera-bio-250g-provida\/#primaryimage","url":"https:\/\/www.biocabaz.pt\/web\/wp-conteudos\/uploads\/2016\/04\/201015B.jpg","contentUrl":"https:\/\/www.biocabaz.pt\/web\/wp-conteudos\/uploads\/2016\/04\/201015B.jpg","width":300,"height":326,"caption":"BISCOITOS DE P\u00caRA BIO 250G PROVIDA"},{"@type":"BreadcrumbList","@id":"https:\/\/biocabaz.pt\/web\/produto\/biscoitos-de-pera-bio-250g-provida\/#breadcrumb","itemListElement":[{"@type":"ListItem","position":1,"name":"Home","item":"https:\/\/biocabaz.pt\/web\/en\/"},{"@type":"ListItem","position":2,"name":"Shop","item":"https:\/\/biocabaz.pt\/web\/en\/shop\/"},{"@type":"ListItem","position":3,"name":"BISCOITOS DE P\u00caRA BIO 250G PROVIDA"}]},{"@type":"WebSite","@id":"https:\/\/biocabaz.pt\/web\/en\/#website","url":"https:\/\/biocabaz.pt\/web\/en\/","name":"CABAZES BIOL\u00d3GICOS","description":"One+Number","potentialAction":[{"@type":"SearchAction","target":{"@type":"EntryPoint","urlTemplate":"https:\/\/biocabaz.pt\/web\/en\/?s={search_term_string}"},"query-input":{"@type":"PropertyValueSpecification","valueRequired":true,"valueName":"search_term_string"}}],"inLanguage":"pt-PT"}]}},"_links":{"self":[{"href":"https:\/\/biocabaz.pt\/web\/en\/wp-json\/wp\/v2\/product\/988","targetHints":{"allow":["GET"]}}],"collection":[{"href":"https:\/\/biocabaz.pt\/web\/en\/wp-json\/wp\/v2\/product"}],"about":[{"href":"https:\/\/biocabaz.pt\/web\/en\/wp-json\/wp\/v2\/types\/product"}],"replies":[{"embeddable":true,"href":"https:\/\/biocabaz.pt\/web\/en\/wp-json\/wp\/v2\/comments?post=988"}],"wp:featuredmedia":[{"embeddable":true,"href":"https:\/\/biocabaz.pt\/web\/en\/wp-json\/wp\/v2\/media\/1113"}],"wp:attachment":[{"href":"https:\/\/biocabaz.pt\/web\/en\/wp-json\/wp\/v2\/media?parent=988"}],"wp:term":[{"taxonomy":"product_cat","embeddable":true,"href":"https:\/\/biocabaz.pt\/web\/en\/wp-json\/wp\/v2\/product_cat?post=988"},{"taxonomy":"product_tag","embeddable":true,"href":"https:\/\/biocabaz.pt\/web\/en\/wp-json\/wp\/v2\/product_tag?post=988"}],"curies":[{"name":"wp","href":"https:\/\/api.w.org\/{rel}","templated":true}]}}