{"id":9579,"date":"2018-11-05T14:58:34","date_gmt":"2018-11-05T14:58:34","guid":{"rendered":"https:\/\/www.biocabaz.pt\/web\/?post_type=product&#038;p=9579"},"modified":"2023-02-14T10:04:13","modified_gmt":"2023-02-14T10:04:13","slug":"cha-baunilha-bio-20-saq-pukka","status":"publish","type":"product","link":"https:\/\/biocabaz.pt\/web\/en\/produto\/cha-baunilha-bio-20-saq-pukka\/","title":{"rendered":"PUKKA VANILLA CHAI ORGANIC TEA"},"content":{"rendered":"<p><strong>Description<\/strong><br \/>Ingredients: 100% organically grown and ethically sourced ingredients: Cinnamon Bark (40%), Ginger Root, Licorice Root, Cardamon Pod, Fennel Seed, Vanilla Pod (4%)<\/p>\n<p><strong>Use Mode<\/strong><br \/>This delicious tea contains plants traditionally used to warm and stimulate. Put a sachet in a cup, pour hot water (boiled). Let stand for up to 15 minutes. Store in a cool, dry place.<\/p>\n","protected":false},"excerpt":{"rendered":"<p>DescriptionIngredients: 100% organically grown and ethically sourced ingredients: Cinnamon Bark (40%), Ginger Root, Licorice Root, Cardamon Pod, Fennel Seed, Vanilla Pod (4%) Use ModeThis delicious tea contains plants traditionally used to warm and stimulate. Put a sachet in a cup, pour hot water (boiled). Let stand for up to 15 minutes. Store in a cool, [&hellip;]<\/p>\n","protected":false},"featured_media":9580,"comment_status":"closed","ping_status":"closed","template":"","meta":[],"product_cat":[30],"product_tag":[],"class_list":["post-9579","product","type-product","status-publish","has-post-thumbnail","hentry","product_cat-cafes-chas-e-infusoes"],"bundle_layout":"","bundled_by":[],"bundled_items":[],"yoast_head":"<!-- This site is optimized with the Yoast SEO plugin v26.3 - https:\/\/yoast.com\/wordpress\/plugins\/seo\/ -->\n<title>PUKKA VANILLA CHAI ORGANIC TEA<\/title>\n<meta name=\"description\" content=\"CH\u00c1 BAUNILHA BIO 20 SAQ PUKKA\" \/>\n<meta name=\"robots\" content=\"index, follow, max-snippet:-1, max-image-preview:large, max-video-preview:-1\" \/>\n<link rel=\"canonical\" href=\"https:\/\/biocabaz.pt\/web\/en\/produto\/cha-baunilha-bio-20-saq-pukka\/\" \/>\n<meta property=\"og:locale\" content=\"pt_PT\" \/>\n<meta property=\"og:locale:alternate\" content=\"pt_PT\" \/>\n<meta property=\"og:type\" content=\"article\" \/>\n<meta property=\"og:title\" content=\"PUKKA VANILLA CHAI ORGANIC TEA\" \/>\n<meta property=\"og:description\" content=\"CH\u00c1 BAUNILHA BIO 20 SAQ PUKKA\" \/>\n<meta property=\"og:url\" content=\"https:\/\/biocabaz.pt\/web\/en\/produto\/cha-baunilha-bio-20-saq-pukka\/\" \/>\n<meta property=\"og:site_name\" content=\"CABAZES BIOL\u00d3GICOS\" \/>\n<meta property=\"article:modified_time\" content=\"2023-02-14T10:04:13+00:00\" \/>\n<meta property=\"og:image\" content=\"https:\/\/www.biocabaz.pt\/web\/wp-conteudos\/uploads\/2018\/11\/VANILLA-CHAI-BIO-PUKKA-e1541429862834.jpg\" \/>\n\t<meta property=\"og:image:width\" content=\"500\" \/>\n\t<meta property=\"og:image:height\" content=\"500\" \/>\n\t<meta property=\"og:image:type\" content=\"image\/jpeg\" \/>\n<meta name=\"twitter:card\" content=\"summary_large_image\" \/>\n<meta name=\"twitter:label1\" content=\"Est. reading time\" \/>\n\t<meta name=\"twitter:data1\" content=\"1 minute\" \/>\n<script type=\"application\/ld+json\" class=\"yoast-schema-graph\">{\"@context\":\"https:\/\/schema.org\",\"@graph\":[{\"@type\":\"WebPage\",\"@id\":\"https:\/\/biocabaz.pt\/web\/en\/produto\/cha-baunilha-bio-20-saq-pukka\/\",\"url\":\"https:\/\/biocabaz.pt\/web\/en\/produto\/cha-baunilha-bio-20-saq-pukka\/\",\"name\":\"PUKKA VANILLA CHAI ORGANIC TEA\",\"isPartOf\":{\"@id\":\"https:\/\/www.biocabaz.pt\/web\/#website\"},\"primaryImageOfPage\":{\"@id\":\"https:\/\/biocabaz.pt\/web\/en\/produto\/cha-baunilha-bio-20-saq-pukka\/#primaryimage\"},\"image\":{\"@id\":\"https:\/\/biocabaz.pt\/web\/en\/produto\/cha-baunilha-bio-20-saq-pukka\/#primaryimage\"},\"thumbnailUrl\":\"https:\/\/www.biocabaz.pt\/web\/wp-conteudos\/uploads\/2018\/11\/VANILLA-CHAI-BIO-PUKKA-e1541429862834.jpg\",\"datePublished\":\"2018-11-05T14:58:34+00:00\",\"dateModified\":\"2023-02-14T10:04:13+00:00\",\"description\":\"CH\u00c1 BAUNILHA BIO 20 SAQ PUKKA\",\"breadcrumb\":{\"@id\":\"https:\/\/biocabaz.pt\/web\/en\/produto\/cha-baunilha-bio-20-saq-pukka\/#breadcrumb\"},\"inLanguage\":\"pt-PT\",\"potentialAction\":[{\"@type\":\"ReadAction\",\"target\":[\"https:\/\/biocabaz.pt\/web\/en\/produto\/cha-baunilha-bio-20-saq-pukka\/\"]}]},{\"@type\":\"ImageObject\",\"inLanguage\":\"pt-PT\",\"@id\":\"https:\/\/biocabaz.pt\/web\/en\/produto\/cha-baunilha-bio-20-saq-pukka\/#primaryimage\",\"url\":\"https:\/\/www.biocabaz.pt\/web\/wp-conteudos\/uploads\/2018\/11\/VANILLA-CHAI-BIO-PUKKA-e1541429862834.jpg\",\"contentUrl\":\"https:\/\/www.biocabaz.pt\/web\/wp-conteudos\/uploads\/2018\/11\/VANILLA-CHAI-BIO-PUKKA-e1541429862834.jpg\",\"width\":500,\"height\":500,\"caption\":\"CH\u00c1 BAUNILHA BIO 20 SAQ PUKKA\"},{\"@type\":\"BreadcrumbList\",\"@id\":\"https:\/\/biocabaz.pt\/web\/en\/produto\/cha-baunilha-bio-20-saq-pukka\/#breadcrumb\",\"itemListElement\":[{\"@type\":\"ListItem\",\"position\":1,\"name\":\"Home\",\"item\":\"https:\/\/www.biocabaz.pt\/web\/\"},{\"@type\":\"ListItem\",\"position\":2,\"name\":\"Shop\",\"item\":\"https:\/\/www.biocabaz.pt\/web\/en\/shop\/\"},{\"@type\":\"ListItem\",\"position\":3,\"name\":\"PUKKA VANILLA CHAI ORGANIC TEA\"}]},{\"@type\":\"WebSite\",\"@id\":\"https:\/\/www.biocabaz.pt\/web\/#website\",\"url\":\"https:\/\/www.biocabaz.pt\/web\/\",\"name\":\"CABAZES BIOL\u00d3GICOS\",\"description\":\"One+Number\",\"potentialAction\":[{\"@type\":\"SearchAction\",\"target\":{\"@type\":\"EntryPoint\",\"urlTemplate\":\"https:\/\/www.biocabaz.pt\/web\/?s={search_term_string}\"},\"query-input\":{\"@type\":\"PropertyValueSpecification\",\"valueRequired\":true,\"valueName\":\"search_term_string\"}}],\"inLanguage\":\"pt-PT\"}]}<\/script>\n<!-- \/ Yoast SEO plugin. -->","yoast_head_json":{"title":"PUKKA VANILLA CHAI ORGANIC TEA","description":"CH\u00c1 BAUNILHA BIO 20 SAQ PUKKA","robots":{"index":"index","follow":"follow","max-snippet":"max-snippet:-1","max-image-preview":"max-image-preview:large","max-video-preview":"max-video-preview:-1"},"canonical":"https:\/\/biocabaz.pt\/web\/en\/produto\/cha-baunilha-bio-20-saq-pukka\/","og_locale":"pt_PT","og_type":"article","og_title":"[:en]PUKKA VANILLA CHAI ORGANIC TEA[:pt]CH\u00c1 BAUNILHA BIO 20 SAQ PUKKA[:] - CABAZES BIOL\u00d3GICOS","og_description":"CH\u00c1 BAUNILHA BIO 20 SAQ PUKKA","og_url":"https:\/\/biocabaz.pt\/web\/en\/produto\/cha-baunilha-bio-20-saq-pukka\/","og_site_name":"CABAZES BIOL\u00d3GICOS","article_modified_time":"2023-02-14T10:04:13+00:00","og_image":[{"width":500,"height":500,"url":"https:\/\/www.biocabaz.pt\/web\/wp-conteudos\/uploads\/2018\/11\/VANILLA-CHAI-BIO-PUKKA-e1541429862834.jpg","type":"image\/jpeg"}],"twitter_card":"summary_large_image","twitter_misc":{"Est. reading time":"1 minute"},"schema":{"@context":"https:\/\/schema.org","@graph":[{"@type":"WebPage","@id":"https:\/\/biocabaz.pt\/web\/en\/produto\/cha-baunilha-bio-20-saq-pukka\/","url":"https:\/\/biocabaz.pt\/web\/en\/produto\/cha-baunilha-bio-20-saq-pukka\/","name":"PUKKA VANILLA CHAI ORGANIC TEA","isPartOf":{"@id":"https:\/\/www.biocabaz.pt\/web\/#website"},"primaryImageOfPage":{"@id":"https:\/\/biocabaz.pt\/web\/en\/produto\/cha-baunilha-bio-20-saq-pukka\/#primaryimage"},"image":{"@id":"https:\/\/biocabaz.pt\/web\/en\/produto\/cha-baunilha-bio-20-saq-pukka\/#primaryimage"},"thumbnailUrl":"https:\/\/www.biocabaz.pt\/web\/wp-conteudos\/uploads\/2018\/11\/VANILLA-CHAI-BIO-PUKKA-e1541429862834.jpg","datePublished":"2018-11-05T14:58:34+00:00","dateModified":"2023-02-14T10:04:13+00:00","description":"CH\u00c1 BAUNILHA BIO 20 SAQ PUKKA","breadcrumb":{"@id":"https:\/\/biocabaz.pt\/web\/en\/produto\/cha-baunilha-bio-20-saq-pukka\/#breadcrumb"},"inLanguage":"pt-PT","potentialAction":[{"@type":"ReadAction","target":["https:\/\/biocabaz.pt\/web\/en\/produto\/cha-baunilha-bio-20-saq-pukka\/"]}]},{"@type":"ImageObject","inLanguage":"pt-PT","@id":"https:\/\/biocabaz.pt\/web\/en\/produto\/cha-baunilha-bio-20-saq-pukka\/#primaryimage","url":"https:\/\/www.biocabaz.pt\/web\/wp-conteudos\/uploads\/2018\/11\/VANILLA-CHAI-BIO-PUKKA-e1541429862834.jpg","contentUrl":"https:\/\/www.biocabaz.pt\/web\/wp-conteudos\/uploads\/2018\/11\/VANILLA-CHAI-BIO-PUKKA-e1541429862834.jpg","width":500,"height":500,"caption":"CH\u00c1 BAUNILHA BIO 20 SAQ PUKKA"},{"@type":"BreadcrumbList","@id":"https:\/\/biocabaz.pt\/web\/en\/produto\/cha-baunilha-bio-20-saq-pukka\/#breadcrumb","itemListElement":[{"@type":"ListItem","position":1,"name":"Home","item":"https:\/\/www.biocabaz.pt\/web\/"},{"@type":"ListItem","position":2,"name":"Shop","item":"https:\/\/www.biocabaz.pt\/web\/en\/shop\/"},{"@type":"ListItem","position":3,"name":"PUKKA VANILLA CHAI ORGANIC TEA"}]},{"@type":"WebSite","@id":"https:\/\/www.biocabaz.pt\/web\/#website","url":"https:\/\/www.biocabaz.pt\/web\/","name":"CABAZES BIOL\u00d3GICOS","description":"One+Number","potentialAction":[{"@type":"SearchAction","target":{"@type":"EntryPoint","urlTemplate":"https:\/\/www.biocabaz.pt\/web\/?s={search_term_string}"},"query-input":{"@type":"PropertyValueSpecification","valueRequired":true,"valueName":"search_term_string"}}],"inLanguage":"pt-PT"}]}},"_links":{"self":[{"href":"https:\/\/biocabaz.pt\/web\/en\/wp-json\/wp\/v2\/product\/9579","targetHints":{"allow":["GET"]}}],"collection":[{"href":"https:\/\/biocabaz.pt\/web\/en\/wp-json\/wp\/v2\/product"}],"about":[{"href":"https:\/\/biocabaz.pt\/web\/en\/wp-json\/wp\/v2\/types\/product"}],"replies":[{"embeddable":true,"href":"https:\/\/biocabaz.pt\/web\/en\/wp-json\/wp\/v2\/comments?post=9579"}],"wp:featuredmedia":[{"embeddable":true,"href":"https:\/\/biocabaz.pt\/web\/en\/wp-json\/wp\/v2\/media\/9580"}],"wp:attachment":[{"href":"https:\/\/biocabaz.pt\/web\/en\/wp-json\/wp\/v2\/media?parent=9579"}],"wp:term":[{"taxonomy":"product_cat","embeddable":true,"href":"https:\/\/biocabaz.pt\/web\/en\/wp-json\/wp\/v2\/product_cat?post=9579"},{"taxonomy":"product_tag","embeddable":true,"href":"https:\/\/biocabaz.pt\/web\/en\/wp-json\/wp\/v2\/product_tag?post=9579"}],"curies":[{"name":"wp","href":"https:\/\/api.w.org\/{rel}","templated":true}]}}