{"id":937,"date":"2016-04-14T21:42:34","date_gmt":"2016-04-14T21:42:34","guid":{"rendered":"http:\/\/www.biocabaz.com\/web\/produto\/despertar-do-buda-cacau-cru-360g-iswari\/"},"modified":"2022-10-03T12:10:17","modified_gmt":"2022-10-03T12:10:17","slug":"erva-de-trigo-em-po-bio-provida-125g","status":"publish","type":"product","link":"https:\/\/biocabaz.pt\/web\/en\/produto\/erva-de-trigo-em-po-bio-provida-125g\/","title":{"rendered":"Erva de Trigo em P\u00f3 BIO Pr\u00f3vida 125g"},"content":{"rendered":"<h3>DESCRI\u00c7\u00c3O<\/h3>\n<p>Erva de Trigo Liofilizada BIO 125g Pr\u00f3vida. Rica em fibra, ferro e vitamina E. Fonte de prote\u00edna. Ingredientes: Erva de trigo de produ\u00e7\u00e3o biol\u00f3gica. Poder\u00e1 conter vest\u00edgios de s\u00e9samo, frutos de casca rija (am\u00eandoa e avel\u00e3) e amendoim. PT-BIO-04 Origem: UE. Embalagem 100% compost\u00e1vel . Sem gl\u00faten. Vegan.<\/p>\n<h3>DADOS NUTRICIONAIS<\/h3>\n<p>Declara\u00e7\u00e3o Nutricional por 100g: Energia &#8211; 1121,8kJ\/244kcal; L\u00edpidos &#8211; 3,1g, dos quais saturados &#8211; 0,6g, Hidratos de Carbono &#8211; 13g, dos quais a\u00e7\u00facares &#8211; 11g; Fibra &#8211; 60g ; Prote\u00ednas &#8211; 11g; Sal &#8211; 0,02g; Vitamina E- 4,5mg (37,5%VRN*); Ferro &#8211; 8,6mg (61,4%VRN*), C\u00e1lcio &#8211; 161mg (20,1%VRN*). *VRN &#8211; Valor de refer\u00eancia do nutriente.<\/p>\n<h3>MODO DE UTILIZA\u00c7\u00c3O<\/h3>\n<p>Pronto a consumir. Adicionar 10 a 15 g a cereais, sumos, iogurtes ou batidos. CONSERVAR EM LOCAL SECO E FRESCO.<\/p>\n","protected":false},"excerpt":{"rendered":"<p>&nbsp;<\/p>\n<p>&nbsp;<\/p>\n","protected":false},"featured_media":82252,"comment_status":"closed","ping_status":"closed","template":"","meta":[],"product_cat":[55],"product_tag":[],"class_list":["post-937","product","type-product","status-publish","has-post-thumbnail","hentry","product_cat-superalimentos"],"bundle_layout":"","bundled_by":[],"bundled_items":[],"yoast_head":"<!-- This site is optimized with the Yoast SEO plugin v26.3 - https:\/\/yoast.com\/wordpress\/plugins\/seo\/ -->\n<title>Erva de Trigo em P\u00f3 BIO Pr\u00f3vida 125g<\/title>\n<meta name=\"robots\" content=\"index, follow, max-snippet:-1, max-image-preview:large, max-video-preview:-1\" \/>\n<link rel=\"canonical\" href=\"https:\/\/www.biocabaz.pt\/web\/produto\/erva-de-trigo-em-po-bio-provida-125g\/\" \/>\n<meta property=\"og:locale\" content=\"pt_PT\" \/>\n<meta property=\"og:locale:alternate\" content=\"pt_PT\" \/>\n<meta property=\"og:type\" content=\"article\" \/>\n<meta property=\"og:title\" content=\"Erva de Trigo em P\u00f3 BIO Pr\u00f3vida 125g\" \/>\n<meta property=\"og:description\" content=\"&nbsp;  &nbsp;\" \/>\n<meta property=\"og:url\" content=\"https:\/\/biocabaz.pt\/web\/en\/produto\/erva-de-trigo-em-po-bio-provida-125g\/\" \/>\n<meta property=\"og:site_name\" content=\"CABAZES BIOL\u00d3GICOS\" \/>\n<meta property=\"article:modified_time\" content=\"2022-10-03T12:10:17+00:00\" \/>\n<meta property=\"og:image\" content=\"https:\/\/www.biocabaz.pt\/web\/wp-conteudos\/uploads\/2016\/04\/erva-de-trigo-em-po-bio-provida-125g-e1644520096408.jpg\" \/>\n\t<meta property=\"og:image:width\" content=\"500\" \/>\n\t<meta property=\"og:image:height\" content=\"500\" \/>\n\t<meta property=\"og:image:type\" content=\"image\/jpeg\" \/>\n<meta name=\"twitter:card\" content=\"summary_large_image\" \/>\n<meta name=\"twitter:label1\" content=\"Est. reading time\" \/>\n\t<meta name=\"twitter:data1\" content=\"1 minute\" \/>\n<script type=\"application\/ld+json\" class=\"yoast-schema-graph\">{\"@context\":\"https:\/\/schema.org\",\"@graph\":[{\"@type\":\"WebPage\",\"@id\":\"https:\/\/www.biocabaz.pt\/web\/produto\/erva-de-trigo-em-po-bio-provida-125g\/\",\"url\":\"https:\/\/www.biocabaz.pt\/web\/produto\/erva-de-trigo-em-po-bio-provida-125g\/\",\"name\":\"Erva de Trigo em P\u00f3 BIO Pr\u00f3vida 125g\",\"isPartOf\":{\"@id\":\"https:\/\/biocabaz.pt\/web\/en\/#website\"},\"primaryImageOfPage\":{\"@id\":\"https:\/\/www.biocabaz.pt\/web\/produto\/erva-de-trigo-em-po-bio-provida-125g\/#primaryimage\"},\"image\":{\"@id\":\"https:\/\/www.biocabaz.pt\/web\/produto\/erva-de-trigo-em-po-bio-provida-125g\/#primaryimage\"},\"thumbnailUrl\":\"https:\/\/www.biocabaz.pt\/web\/wp-conteudos\/uploads\/2016\/04\/erva-de-trigo-em-po-bio-provida-125g-e1644520096408.jpg\",\"datePublished\":\"2016-04-14T21:42:34+00:00\",\"dateModified\":\"2022-10-03T12:10:17+00:00\",\"breadcrumb\":{\"@id\":\"https:\/\/www.biocabaz.pt\/web\/produto\/erva-de-trigo-em-po-bio-provida-125g\/#breadcrumb\"},\"inLanguage\":\"pt-PT\",\"potentialAction\":[{\"@type\":\"ReadAction\",\"target\":[\"https:\/\/www.biocabaz.pt\/web\/produto\/erva-de-trigo-em-po-bio-provida-125g\/\"]}]},{\"@type\":\"ImageObject\",\"inLanguage\":\"pt-PT\",\"@id\":\"https:\/\/www.biocabaz.pt\/web\/produto\/erva-de-trigo-em-po-bio-provida-125g\/#primaryimage\",\"url\":\"https:\/\/www.biocabaz.pt\/web\/wp-conteudos\/uploads\/2016\/04\/erva-de-trigo-em-po-bio-provida-125g-e1644520096408.jpg\",\"contentUrl\":\"https:\/\/www.biocabaz.pt\/web\/wp-conteudos\/uploads\/2016\/04\/erva-de-trigo-em-po-bio-provida-125g-e1644520096408.jpg\",\"width\":500,\"height\":500,\"caption\":\"Erva de Trigo em P\u00f3 BIO Pr\u00f3vida 125g\"},{\"@type\":\"BreadcrumbList\",\"@id\":\"https:\/\/www.biocabaz.pt\/web\/produto\/erva-de-trigo-em-po-bio-provida-125g\/#breadcrumb\",\"itemListElement\":[{\"@type\":\"ListItem\",\"position\":1,\"name\":\"Home\",\"item\":\"https:\/\/biocabaz.pt\/web\/en\/\"},{\"@type\":\"ListItem\",\"position\":2,\"name\":\"Loja\",\"item\":\"https:\/\/biocabaz.pt\/web\/shop\/\"},{\"@type\":\"ListItem\",\"position\":3,\"name\":\"Erva de Trigo em P\u00f3 BIO Pr\u00f3vida 125g\"}]},{\"@type\":\"WebSite\",\"@id\":\"https:\/\/biocabaz.pt\/web\/en\/#website\",\"url\":\"https:\/\/biocabaz.pt\/web\/en\/\",\"name\":\"CABAZES BIOL\u00d3GICOS\",\"description\":\"One+Number\",\"potentialAction\":[{\"@type\":\"SearchAction\",\"target\":{\"@type\":\"EntryPoint\",\"urlTemplate\":\"https:\/\/biocabaz.pt\/web\/en\/?s={search_term_string}\"},\"query-input\":{\"@type\":\"PropertyValueSpecification\",\"valueRequired\":true,\"valueName\":\"search_term_string\"}}],\"inLanguage\":\"pt-PT\"}]}<\/script>\n<!-- \/ Yoast SEO plugin. -->","yoast_head_json":{"title":"Erva de Trigo em P\u00f3 BIO Pr\u00f3vida 125g","robots":{"index":"index","follow":"follow","max-snippet":"max-snippet:-1","max-image-preview":"max-image-preview:large","max-video-preview":"max-video-preview:-1"},"canonical":"https:\/\/www.biocabaz.pt\/web\/produto\/erva-de-trigo-em-po-bio-provida-125g\/","og_locale":"pt_PT","og_type":"article","og_title":"[:en]Erva de Trigo em P\u00f3 BIO Pr\u00f3vida 125g[:pt]Erva de Trigo em P\u00f3 BIO Pr\u00f3vida 125g[:] - CABAZES BIOL\u00d3GICOS","og_description":"&nbsp;  &nbsp;","og_url":"https:\/\/biocabaz.pt\/web\/en\/produto\/erva-de-trigo-em-po-bio-provida-125g\/","og_site_name":"CABAZES BIOL\u00d3GICOS","article_modified_time":"2022-10-03T12:10:17+00:00","og_image":[{"width":500,"height":500,"url":"https:\/\/www.biocabaz.pt\/web\/wp-conteudos\/uploads\/2016\/04\/erva-de-trigo-em-po-bio-provida-125g-e1644520096408.jpg","type":"image\/jpeg"}],"twitter_card":"summary_large_image","twitter_misc":{"Est. reading time":"1 minute"},"schema":{"@context":"https:\/\/schema.org","@graph":[{"@type":"WebPage","@id":"https:\/\/www.biocabaz.pt\/web\/produto\/erva-de-trigo-em-po-bio-provida-125g\/","url":"https:\/\/www.biocabaz.pt\/web\/produto\/erva-de-trigo-em-po-bio-provida-125g\/","name":"Erva de Trigo em P\u00f3 BIO Pr\u00f3vida 125g","isPartOf":{"@id":"https:\/\/biocabaz.pt\/web\/en\/#website"},"primaryImageOfPage":{"@id":"https:\/\/www.biocabaz.pt\/web\/produto\/erva-de-trigo-em-po-bio-provida-125g\/#primaryimage"},"image":{"@id":"https:\/\/www.biocabaz.pt\/web\/produto\/erva-de-trigo-em-po-bio-provida-125g\/#primaryimage"},"thumbnailUrl":"https:\/\/www.biocabaz.pt\/web\/wp-conteudos\/uploads\/2016\/04\/erva-de-trigo-em-po-bio-provida-125g-e1644520096408.jpg","datePublished":"2016-04-14T21:42:34+00:00","dateModified":"2022-10-03T12:10:17+00:00","breadcrumb":{"@id":"https:\/\/www.biocabaz.pt\/web\/produto\/erva-de-trigo-em-po-bio-provida-125g\/#breadcrumb"},"inLanguage":"pt-PT","potentialAction":[{"@type":"ReadAction","target":["https:\/\/www.biocabaz.pt\/web\/produto\/erva-de-trigo-em-po-bio-provida-125g\/"]}]},{"@type":"ImageObject","inLanguage":"pt-PT","@id":"https:\/\/www.biocabaz.pt\/web\/produto\/erva-de-trigo-em-po-bio-provida-125g\/#primaryimage","url":"https:\/\/www.biocabaz.pt\/web\/wp-conteudos\/uploads\/2016\/04\/erva-de-trigo-em-po-bio-provida-125g-e1644520096408.jpg","contentUrl":"https:\/\/www.biocabaz.pt\/web\/wp-conteudos\/uploads\/2016\/04\/erva-de-trigo-em-po-bio-provida-125g-e1644520096408.jpg","width":500,"height":500,"caption":"Erva de Trigo em P\u00f3 BIO Pr\u00f3vida 125g"},{"@type":"BreadcrumbList","@id":"https:\/\/www.biocabaz.pt\/web\/produto\/erva-de-trigo-em-po-bio-provida-125g\/#breadcrumb","itemListElement":[{"@type":"ListItem","position":1,"name":"Home","item":"https:\/\/biocabaz.pt\/web\/en\/"},{"@type":"ListItem","position":2,"name":"Loja","item":"https:\/\/biocabaz.pt\/web\/shop\/"},{"@type":"ListItem","position":3,"name":"Erva de Trigo em P\u00f3 BIO Pr\u00f3vida 125g"}]},{"@type":"WebSite","@id":"https:\/\/biocabaz.pt\/web\/en\/#website","url":"https:\/\/biocabaz.pt\/web\/en\/","name":"CABAZES BIOL\u00d3GICOS","description":"One+Number","potentialAction":[{"@type":"SearchAction","target":{"@type":"EntryPoint","urlTemplate":"https:\/\/biocabaz.pt\/web\/en\/?s={search_term_string}"},"query-input":{"@type":"PropertyValueSpecification","valueRequired":true,"valueName":"search_term_string"}}],"inLanguage":"pt-PT"}]}},"_links":{"self":[{"href":"https:\/\/biocabaz.pt\/web\/en\/wp-json\/wp\/v2\/product\/937","targetHints":{"allow":["GET"]}}],"collection":[{"href":"https:\/\/biocabaz.pt\/web\/en\/wp-json\/wp\/v2\/product"}],"about":[{"href":"https:\/\/biocabaz.pt\/web\/en\/wp-json\/wp\/v2\/types\/product"}],"replies":[{"embeddable":true,"href":"https:\/\/biocabaz.pt\/web\/en\/wp-json\/wp\/v2\/comments?post=937"}],"wp:featuredmedia":[{"embeddable":true,"href":"https:\/\/biocabaz.pt\/web\/en\/wp-json\/wp\/v2\/media\/82252"}],"wp:attachment":[{"href":"https:\/\/biocabaz.pt\/web\/en\/wp-json\/wp\/v2\/media?parent=937"}],"wp:term":[{"taxonomy":"product_cat","embeddable":true,"href":"https:\/\/biocabaz.pt\/web\/en\/wp-json\/wp\/v2\/product_cat?post=937"},{"taxonomy":"product_tag","embeddable":true,"href":"https:\/\/biocabaz.pt\/web\/en\/wp-json\/wp\/v2\/product_tag?post=937"}],"curies":[{"name":"wp","href":"https:\/\/api.w.org\/{rel}","templated":true}]}}