{"id":9310,"date":"2018-10-29T11:29:59","date_gmt":"2018-10-29T11:29:59","guid":{"rendered":"https:\/\/www.biocabaz.pt\/web\/?post_type=product&#038;p=9310"},"modified":"2023-04-15T13:29:17","modified_gmt":"2023-04-15T13:29:17","slug":"biscoitos-limao-e-cenoura-200grs-natursol","status":"publish","type":"product","link":"https:\/\/biocabaz.pt\/web\/en\/produto\/biscoitos-limao-e-cenoura-200grs-natursol\/","title":{"rendered":"NATURSOL ORGANIC  LEMON AND CARROT BISCUITS 200GR"},"content":{"rendered":"<p><strong>Description<\/strong><br \/>Ingredients: White wheat flour, Whole wheat flour, Carrot puree, Brown sugar, Sunflower oil, Palm vegetable fat (not hydrogenated), Lemon and sea salt. Contains no animal ingredients, dyes or preservatives. No added sugar.<\/p>\n<p><strong>Nutrition Facts<\/strong><br \/><strong>Nutritional Information per 100g\/ml<\/strong>: Energy: 2050 kj \/ 491 kcal; Protein: 6.6 g; Carbohydrates: 62.6 g &#8211; of which sugars: 21.2 g; Lipids: 23.0 g &#8211; of which saturated: 11.3 g; Fiber: 3.8 g; Salt: 1.0 g<\/p>\n<p><strong>Use Mode<\/strong><br \/>They are ideal for breakfast, snacks, to be served with tea, coffee or fruit juices. Store in a cool, dry place.<\/p>\n","protected":false},"excerpt":{"rendered":"<p><strong>Nutritional Information per 100g\/ml<\/strong>: Energy: 2050 kj \/ 491 kcal; Protein: 6.6 g; Carbohydrates: 62.6 g &#8211; of which sugars: 21.2 g; Lipids: 23.0 g &#8211; of which saturated: 11.3 g; Fiber: 3.8 g; Salt: 1.0 g<\/p>\n","protected":false},"featured_media":9311,"comment_status":"closed","ping_status":"closed","template":"","meta":[],"product_cat":[29],"product_tag":[],"class_list":["post-9310","product","type-product","status-publish","has-post-thumbnail","hentry","product_cat-bolachas_e_snacks"],"bundle_layout":"","bundled_by":[],"bundled_items":[],"yoast_head":"<!-- This site is optimized with the Yoast SEO plugin v26.3 - https:\/\/yoast.com\/wordpress\/plugins\/seo\/ -->\n<title>NATURSOL ORGANIC LEMON AND CARROT BISCUITS 200GR<\/title>\n<meta name=\"description\" content=\"BISCOITOS LIM\u00c3O E CENOURA 200GRS NATURSOL\" \/>\n<meta name=\"robots\" content=\"index, follow, max-snippet:-1, max-image-preview:large, max-video-preview:-1\" \/>\n<link rel=\"canonical\" href=\"https:\/\/www.biocabaz.pt\/web\/produto\/biscoitos-limao-e-cenoura-200grs-natursol\/\" \/>\n<meta property=\"og:locale\" content=\"pt_PT\" \/>\n<meta property=\"og:locale:alternate\" content=\"pt_PT\" \/>\n<meta property=\"og:type\" content=\"article\" \/>\n<meta property=\"og:title\" content=\"NATURSOL ORGANIC LEMON AND CARROT BISCUITS 200GR\" \/>\n<meta property=\"og:description\" content=\"BISCOITOS LIM\u00c3O E CENOURA 200GRS NATURSOL\" \/>\n<meta property=\"og:url\" content=\"https:\/\/biocabaz.pt\/web\/en\/produto\/biscoitos-limao-e-cenoura-200grs-natursol\/\" \/>\n<meta property=\"og:site_name\" content=\"CABAZES BIOL\u00d3GICOS\" \/>\n<meta property=\"article:modified_time\" content=\"2023-04-15T13:29:17+00:00\" \/>\n<meta property=\"og:image\" content=\"https:\/\/www.biocabaz.pt\/web\/wp-conteudos\/uploads\/2018\/10\/BISCOITOS-LIM\u00c3O-E-CENOURA-200GRS-NATURSOL.jpg\" \/>\n\t<meta property=\"og:image:width\" content=\"448\" \/>\n\t<meta property=\"og:image:height\" content=\"600\" \/>\n\t<meta property=\"og:image:type\" content=\"image\/jpeg\" \/>\n<meta name=\"twitter:card\" content=\"summary_large_image\" \/>\n<meta name=\"twitter:label1\" content=\"Est. reading time\" \/>\n\t<meta name=\"twitter:data1\" content=\"1 minute\" \/>\n<script type=\"application\/ld+json\" class=\"yoast-schema-graph\">{\"@context\":\"https:\/\/schema.org\",\"@graph\":[{\"@type\":\"WebPage\",\"@id\":\"https:\/\/www.biocabaz.pt\/web\/produto\/biscoitos-limao-e-cenoura-200grs-natursol\/\",\"url\":\"https:\/\/www.biocabaz.pt\/web\/produto\/biscoitos-limao-e-cenoura-200grs-natursol\/\",\"name\":\"NATURSOL ORGANIC LEMON AND CARROT BISCUITS 200GR\",\"isPartOf\":{\"@id\":\"https:\/\/www.biocabaz.pt\/web\/#website\"},\"primaryImageOfPage\":{\"@id\":\"https:\/\/www.biocabaz.pt\/web\/produto\/biscoitos-limao-e-cenoura-200grs-natursol\/#primaryimage\"},\"image\":{\"@id\":\"https:\/\/www.biocabaz.pt\/web\/produto\/biscoitos-limao-e-cenoura-200grs-natursol\/#primaryimage\"},\"thumbnailUrl\":\"https:\/\/www.biocabaz.pt\/web\/wp-conteudos\/uploads\/2018\/10\/BISCOITOS-LIM\u00c3O-E-CENOURA-200GRS-NATURSOL.jpg\",\"datePublished\":\"2018-10-29T11:29:59+00:00\",\"dateModified\":\"2023-04-15T13:29:17+00:00\",\"description\":\"BISCOITOS LIM\u00c3O E CENOURA 200GRS NATURSOL\",\"breadcrumb\":{\"@id\":\"https:\/\/www.biocabaz.pt\/web\/produto\/biscoitos-limao-e-cenoura-200grs-natursol\/#breadcrumb\"},\"inLanguage\":\"pt-PT\",\"potentialAction\":[{\"@type\":\"ReadAction\",\"target\":[\"https:\/\/www.biocabaz.pt\/web\/produto\/biscoitos-limao-e-cenoura-200grs-natursol\/\"]}]},{\"@type\":\"ImageObject\",\"inLanguage\":\"pt-PT\",\"@id\":\"https:\/\/www.biocabaz.pt\/web\/produto\/biscoitos-limao-e-cenoura-200grs-natursol\/#primaryimage\",\"url\":\"https:\/\/www.biocabaz.pt\/web\/wp-conteudos\/uploads\/2018\/10\/BISCOITOS-LIM\u00c3O-E-CENOURA-200GRS-NATURSOL.jpg\",\"contentUrl\":\"https:\/\/www.biocabaz.pt\/web\/wp-conteudos\/uploads\/2018\/10\/BISCOITOS-LIM\u00c3O-E-CENOURA-200GRS-NATURSOL.jpg\",\"width\":448,\"height\":600,\"caption\":\"BISCOITOS LIM\u00c3O E CENOURA 200GRS NATURSOL\"},{\"@type\":\"BreadcrumbList\",\"@id\":\"https:\/\/www.biocabaz.pt\/web\/produto\/biscoitos-limao-e-cenoura-200grs-natursol\/#breadcrumb\",\"itemListElement\":[{\"@type\":\"ListItem\",\"position\":1,\"name\":\"Home\",\"item\":\"https:\/\/www.biocabaz.pt\/web\/\"},{\"@type\":\"ListItem\",\"position\":2,\"name\":\"Loja\",\"item\":\"https:\/\/www.biocabaz.pt\/web\/shop\/\"},{\"@type\":\"ListItem\",\"position\":3,\"name\":\"BISCOITOS LIM\u00c3O E CENOURA 200GRS NATURSOL\"}]},{\"@type\":\"WebSite\",\"@id\":\"https:\/\/www.biocabaz.pt\/web\/#website\",\"url\":\"https:\/\/www.biocabaz.pt\/web\/\",\"name\":\"CABAZES BIOL\u00d3GICOS\",\"description\":\"One+Number\",\"potentialAction\":[{\"@type\":\"SearchAction\",\"target\":{\"@type\":\"EntryPoint\",\"urlTemplate\":\"https:\/\/www.biocabaz.pt\/web\/?s={search_term_string}\"},\"query-input\":{\"@type\":\"PropertyValueSpecification\",\"valueRequired\":true,\"valueName\":\"search_term_string\"}}],\"inLanguage\":\"pt-PT\"}]}<\/script>\n<!-- \/ Yoast SEO plugin. -->","yoast_head_json":{"title":"NATURSOL ORGANIC LEMON AND CARROT BISCUITS 200GR","description":"BISCOITOS LIM\u00c3O E CENOURA 200GRS NATURSOL","robots":{"index":"index","follow":"follow","max-snippet":"max-snippet:-1","max-image-preview":"max-image-preview:large","max-video-preview":"max-video-preview:-1"},"canonical":"https:\/\/www.biocabaz.pt\/web\/produto\/biscoitos-limao-e-cenoura-200grs-natursol\/","og_locale":"pt_PT","og_type":"article","og_title":"[:en]NATURSOL ORGANIC LEMON AND CARROT BISCUITS 200GR[:pt]BISCOITOS LIM\u00c3O E CENOURA 200GRS NATURSOL[:] - CABAZES BIOL\u00d3GICOS","og_description":"BISCOITOS LIM\u00c3O E CENOURA 200GRS NATURSOL","og_url":"https:\/\/biocabaz.pt\/web\/en\/produto\/biscoitos-limao-e-cenoura-200grs-natursol\/","og_site_name":"CABAZES BIOL\u00d3GICOS","article_modified_time":"2023-04-15T13:29:17+00:00","og_image":[{"width":448,"height":600,"url":"https:\/\/www.biocabaz.pt\/web\/wp-conteudos\/uploads\/2018\/10\/BISCOITOS-LIM\u00c3O-E-CENOURA-200GRS-NATURSOL.jpg","type":"image\/jpeg"}],"twitter_card":"summary_large_image","twitter_misc":{"Est. reading time":"1 minute"},"schema":{"@context":"https:\/\/schema.org","@graph":[{"@type":"WebPage","@id":"https:\/\/www.biocabaz.pt\/web\/produto\/biscoitos-limao-e-cenoura-200grs-natursol\/","url":"https:\/\/www.biocabaz.pt\/web\/produto\/biscoitos-limao-e-cenoura-200grs-natursol\/","name":"NATURSOL ORGANIC LEMON AND CARROT BISCUITS 200GR","isPartOf":{"@id":"https:\/\/www.biocabaz.pt\/web\/#website"},"primaryImageOfPage":{"@id":"https:\/\/www.biocabaz.pt\/web\/produto\/biscoitos-limao-e-cenoura-200grs-natursol\/#primaryimage"},"image":{"@id":"https:\/\/www.biocabaz.pt\/web\/produto\/biscoitos-limao-e-cenoura-200grs-natursol\/#primaryimage"},"thumbnailUrl":"https:\/\/www.biocabaz.pt\/web\/wp-conteudos\/uploads\/2018\/10\/BISCOITOS-LIM\u00c3O-E-CENOURA-200GRS-NATURSOL.jpg","datePublished":"2018-10-29T11:29:59+00:00","dateModified":"2023-04-15T13:29:17+00:00","description":"BISCOITOS LIM\u00c3O E CENOURA 200GRS NATURSOL","breadcrumb":{"@id":"https:\/\/www.biocabaz.pt\/web\/produto\/biscoitos-limao-e-cenoura-200grs-natursol\/#breadcrumb"},"inLanguage":"pt-PT","potentialAction":[{"@type":"ReadAction","target":["https:\/\/www.biocabaz.pt\/web\/produto\/biscoitos-limao-e-cenoura-200grs-natursol\/"]}]},{"@type":"ImageObject","inLanguage":"pt-PT","@id":"https:\/\/www.biocabaz.pt\/web\/produto\/biscoitos-limao-e-cenoura-200grs-natursol\/#primaryimage","url":"https:\/\/www.biocabaz.pt\/web\/wp-conteudos\/uploads\/2018\/10\/BISCOITOS-LIM\u00c3O-E-CENOURA-200GRS-NATURSOL.jpg","contentUrl":"https:\/\/www.biocabaz.pt\/web\/wp-conteudos\/uploads\/2018\/10\/BISCOITOS-LIM\u00c3O-E-CENOURA-200GRS-NATURSOL.jpg","width":448,"height":600,"caption":"BISCOITOS LIM\u00c3O E CENOURA 200GRS NATURSOL"},{"@type":"BreadcrumbList","@id":"https:\/\/www.biocabaz.pt\/web\/produto\/biscoitos-limao-e-cenoura-200grs-natursol\/#breadcrumb","itemListElement":[{"@type":"ListItem","position":1,"name":"Home","item":"https:\/\/www.biocabaz.pt\/web\/"},{"@type":"ListItem","position":2,"name":"Loja","item":"https:\/\/www.biocabaz.pt\/web\/shop\/"},{"@type":"ListItem","position":3,"name":"BISCOITOS LIM\u00c3O E CENOURA 200GRS NATURSOL"}]},{"@type":"WebSite","@id":"https:\/\/www.biocabaz.pt\/web\/#website","url":"https:\/\/www.biocabaz.pt\/web\/","name":"CABAZES BIOL\u00d3GICOS","description":"One+Number","potentialAction":[{"@type":"SearchAction","target":{"@type":"EntryPoint","urlTemplate":"https:\/\/www.biocabaz.pt\/web\/?s={search_term_string}"},"query-input":{"@type":"PropertyValueSpecification","valueRequired":true,"valueName":"search_term_string"}}],"inLanguage":"pt-PT"}]}},"_links":{"self":[{"href":"https:\/\/biocabaz.pt\/web\/en\/wp-json\/wp\/v2\/product\/9310","targetHints":{"allow":["GET"]}}],"collection":[{"href":"https:\/\/biocabaz.pt\/web\/en\/wp-json\/wp\/v2\/product"}],"about":[{"href":"https:\/\/biocabaz.pt\/web\/en\/wp-json\/wp\/v2\/types\/product"}],"replies":[{"embeddable":true,"href":"https:\/\/biocabaz.pt\/web\/en\/wp-json\/wp\/v2\/comments?post=9310"}],"wp:featuredmedia":[{"embeddable":true,"href":"https:\/\/biocabaz.pt\/web\/en\/wp-json\/wp\/v2\/media\/9311"}],"wp:attachment":[{"href":"https:\/\/biocabaz.pt\/web\/en\/wp-json\/wp\/v2\/media?parent=9310"}],"wp:term":[{"taxonomy":"product_cat","embeddable":true,"href":"https:\/\/biocabaz.pt\/web\/en\/wp-json\/wp\/v2\/product_cat?post=9310"},{"taxonomy":"product_tag","embeddable":true,"href":"https:\/\/biocabaz.pt\/web\/en\/wp-json\/wp\/v2\/product_tag?post=9310"}],"curies":[{"name":"wp","href":"https:\/\/api.w.org\/{rel}","templated":true}]}}