{"id":9304,"date":"2018-10-29T11:12:46","date_gmt":"2018-10-29T11:12:46","guid":{"rendered":"https:\/\/www.biocabaz.pt\/web\/?post_type=product&#038;p=9304"},"modified":"2023-03-28T22:42:06","modified_gmt":"2023-03-28T22:42:06","slug":"crackers-de-gengibre-c-acucar-coco-bio-165grs-natursol","status":"publish","type":"product","link":"https:\/\/biocabaz.pt\/web\/en\/produto\/crackers-de-gengibre-c-acucar-coco-bio-165grs-natursol\/","title":{"rendered":"NATURSOL ORGANIC GINGER CRACKERS WITH COCONUT SUGAR 165GR"},"content":{"rendered":"<p><strong>Description<\/strong><br \/>Ingredients: White wheat flour, whole wheat flour, extra virgin olive oil, coconut sugar, powdered ginger and sea salt. Contains no animal ingredients, dyes or preservatives. No added sugar.<\/p>\n<p><strong>Nutrition Facts<\/strong><br \/><strong>Nutritional Information per 100g\/ml<\/strong>: Energia: 1859kj\/442kcal; Prote\u00edna: 8,7g; Hidratos de carbono: 65,2g &#8211; dos quais a\u00e7ucares: 8,3g; L\u00edpidos: 15,4g &#8211; dos quais saturados: 1,7g; Fibra: 4,1g: Sal: 0,7g.<\/p>\n<p><strong>Use Mode<\/strong><br \/>They are ideal for breakfast, snacks, to be served with tea, coffee or fruit juices. Store in a cool, dry place.<\/p>\n","protected":false},"excerpt":{"rendered":"<p><strong>Nutritional Information per 100g\/ml<\/strong>: Energia: 1859kj\/442kcal; Prote\u00edna: 8,7g; Hidratos de carbono: 65,2g &#8211; dos quais a\u00e7ucares: 8,3g; L\u00edpidos: 15,4g &#8211; dos quais saturados: 1,7g; Fibra: 4,1g: Sal: 0,7g.<\/p>\n","protected":false},"featured_media":9305,"comment_status":"closed","ping_status":"closed","template":"","meta":[],"product_cat":[29],"product_tag":[],"class_list":["post-9304","product","type-product","status-publish","has-post-thumbnail","hentry","product_cat-bolachas_e_snacks"],"bundle_layout":"","bundled_by":[],"bundled_items":[],"yoast_head":"<!-- This site is optimized with the Yoast SEO plugin v26.3 - https:\/\/yoast.com\/wordpress\/plugins\/seo\/ -->\n<title>NATURSOL ORGANIC GINGER CRACKERS WITH COCONUT SUGAR 165GR<\/title>\n<meta name=\"description\" content=\"CRACKERS DE GENGIBRE C\/A\u00c7\u00daCAR COCO BIO 165GRS NATURSOL\" \/>\n<meta name=\"robots\" content=\"index, follow, max-snippet:-1, max-image-preview:large, max-video-preview:-1\" \/>\n<link rel=\"canonical\" href=\"https:\/\/biocabaz.pt\/web\/en\/produto\/crackers-de-gengibre-c-acucar-coco-bio-165grs-natursol\/\" \/>\n<meta property=\"og:locale\" content=\"pt_PT\" \/>\n<meta property=\"og:locale:alternate\" content=\"pt_PT\" \/>\n<meta property=\"og:type\" content=\"article\" \/>\n<meta property=\"og:title\" content=\"NATURSOL ORGANIC GINGER CRACKERS WITH COCONUT SUGAR 165GR\" \/>\n<meta property=\"og:description\" content=\"CRACKERS DE GENGIBRE C\/A\u00c7\u00daCAR COCO BIO 165GRS NATURSOL\" \/>\n<meta property=\"og:url\" content=\"https:\/\/biocabaz.pt\/web\/en\/produto\/crackers-de-gengibre-c-acucar-coco-bio-165grs-natursol\/\" \/>\n<meta property=\"og:site_name\" content=\"CABAZES BIOL\u00d3GICOS\" \/>\n<meta property=\"article:modified_time\" content=\"2023-03-28T22:42:06+00:00\" \/>\n<meta property=\"og:image\" content=\"https:\/\/www.biocabaz.pt\/web\/wp-conteudos\/uploads\/2018\/10\/CRACKERS-DE-GENGIBRE-COM-A\u00c7\u00daCAR-COCO-BIO-165GRS-NATURSOL-e1540811514849.jpg\" \/>\n\t<meta property=\"og:image:width\" content=\"500\" \/>\n\t<meta property=\"og:image:height\" content=\"500\" \/>\n\t<meta property=\"og:image:type\" content=\"image\/jpeg\" \/>\n<meta name=\"twitter:card\" content=\"summary_large_image\" \/>\n<meta name=\"twitter:label1\" content=\"Est. reading time\" \/>\n\t<meta name=\"twitter:data1\" content=\"1 minute\" \/>\n<script type=\"application\/ld+json\" class=\"yoast-schema-graph\">{\"@context\":\"https:\/\/schema.org\",\"@graph\":[{\"@type\":\"WebPage\",\"@id\":\"https:\/\/biocabaz.pt\/web\/produto\/crackers-de-gengibre-c-acucar-coco-bio-165grs-natursol\/\",\"url\":\"https:\/\/biocabaz.pt\/web\/produto\/crackers-de-gengibre-c-acucar-coco-bio-165grs-natursol\/\",\"name\":\"NATURSOL ORGANIC GINGER CRACKERS WITH COCONUT SUGAR 165GR\",\"isPartOf\":{\"@id\":\"https:\/\/www.biocabaz.pt\/web\/#website\"},\"primaryImageOfPage\":{\"@id\":\"https:\/\/biocabaz.pt\/web\/produto\/crackers-de-gengibre-c-acucar-coco-bio-165grs-natursol\/#primaryimage\"},\"image\":{\"@id\":\"https:\/\/biocabaz.pt\/web\/produto\/crackers-de-gengibre-c-acucar-coco-bio-165grs-natursol\/#primaryimage\"},\"thumbnailUrl\":\"https:\/\/www.biocabaz.pt\/web\/wp-conteudos\/uploads\/2018\/10\/CRACKERS-DE-GENGIBRE-COM-A\u00c7\u00daCAR-COCO-BIO-165GRS-NATURSOL-e1540811514849.jpg\",\"datePublished\":\"2018-10-29T11:12:46+00:00\",\"dateModified\":\"2023-03-28T22:42:06+00:00\",\"description\":\"CRACKERS DE GENGIBRE C\/A\u00c7\u00daCAR COCO BIO 165GRS NATURSOL\",\"breadcrumb\":{\"@id\":\"https:\/\/biocabaz.pt\/web\/produto\/crackers-de-gengibre-c-acucar-coco-bio-165grs-natursol\/#breadcrumb\"},\"inLanguage\":\"pt-PT\",\"potentialAction\":[{\"@type\":\"ReadAction\",\"target\":[\"https:\/\/biocabaz.pt\/web\/produto\/crackers-de-gengibre-c-acucar-coco-bio-165grs-natursol\/\"]}]},{\"@type\":\"ImageObject\",\"inLanguage\":\"pt-PT\",\"@id\":\"https:\/\/biocabaz.pt\/web\/produto\/crackers-de-gengibre-c-acucar-coco-bio-165grs-natursol\/#primaryimage\",\"url\":\"https:\/\/www.biocabaz.pt\/web\/wp-conteudos\/uploads\/2018\/10\/CRACKERS-DE-GENGIBRE-COM-A\u00c7\u00daCAR-COCO-BIO-165GRS-NATURSOL-e1540811514849.jpg\",\"contentUrl\":\"https:\/\/www.biocabaz.pt\/web\/wp-conteudos\/uploads\/2018\/10\/CRACKERS-DE-GENGIBRE-COM-A\u00c7\u00daCAR-COCO-BIO-165GRS-NATURSOL-e1540811514849.jpg\",\"width\":500,\"height\":500,\"caption\":\"CRACKERS DE GENGIBRE C\/A\u00c7\u00daCAR COCO BIO 165GRS NATURSOL\"},{\"@type\":\"BreadcrumbList\",\"@id\":\"https:\/\/biocabaz.pt\/web\/produto\/crackers-de-gengibre-c-acucar-coco-bio-165grs-natursol\/#breadcrumb\",\"itemListElement\":[{\"@type\":\"ListItem\",\"position\":1,\"name\":\"Home\",\"item\":\"https:\/\/www.biocabaz.pt\/web\/\"},{\"@type\":\"ListItem\",\"position\":2,\"name\":\"Shop\",\"item\":\"https:\/\/www.biocabaz.pt\/web\/en\/shop\/\"},{\"@type\":\"ListItem\",\"position\":3,\"name\":\"CRACKERS DE GENGIBRE C\/A\u00c7\u00daCAR COCO BIO 165GRS NATURSOL\"}]},{\"@type\":\"WebSite\",\"@id\":\"https:\/\/www.biocabaz.pt\/web\/#website\",\"url\":\"https:\/\/www.biocabaz.pt\/web\/\",\"name\":\"CABAZES BIOL\u00d3GICOS\",\"description\":\"One+Number\",\"potentialAction\":[{\"@type\":\"SearchAction\",\"target\":{\"@type\":\"EntryPoint\",\"urlTemplate\":\"https:\/\/www.biocabaz.pt\/web\/?s={search_term_string}\"},\"query-input\":{\"@type\":\"PropertyValueSpecification\",\"valueRequired\":true,\"valueName\":\"search_term_string\"}}],\"inLanguage\":\"pt-PT\"}]}<\/script>\n<!-- \/ Yoast SEO plugin. -->","yoast_head_json":{"title":"NATURSOL ORGANIC GINGER CRACKERS WITH COCONUT SUGAR 165GR","description":"CRACKERS DE GENGIBRE C\/A\u00c7\u00daCAR COCO BIO 165GRS NATURSOL","robots":{"index":"index","follow":"follow","max-snippet":"max-snippet:-1","max-image-preview":"max-image-preview:large","max-video-preview":"max-video-preview:-1"},"canonical":"https:\/\/biocabaz.pt\/web\/en\/produto\/crackers-de-gengibre-c-acucar-coco-bio-165grs-natursol\/","og_locale":"pt_PT","og_type":"article","og_title":"[:en]NATURSOL ORGANIC GINGER CRACKERS WITH COCONUT SUGAR 165GR[:pt]CRACKERS DE GENGIBRE C\/A\u00c7\u00daCAR COCO BIO 165GRS NATURSOL[:] - CABAZES BIOL\u00d3GICOS","og_description":"CRACKERS DE GENGIBRE C\/A\u00c7\u00daCAR COCO BIO 165GRS NATURSOL","og_url":"https:\/\/biocabaz.pt\/web\/en\/produto\/crackers-de-gengibre-c-acucar-coco-bio-165grs-natursol\/","og_site_name":"CABAZES BIOL\u00d3GICOS","article_modified_time":"2023-03-28T22:42:06+00:00","og_image":[{"width":500,"height":500,"url":"https:\/\/www.biocabaz.pt\/web\/wp-conteudos\/uploads\/2018\/10\/CRACKERS-DE-GENGIBRE-COM-A\u00c7\u00daCAR-COCO-BIO-165GRS-NATURSOL-e1540811514849.jpg","type":"image\/jpeg"}],"twitter_card":"summary_large_image","twitter_misc":{"Est. reading time":"1 minute"},"schema":{"@context":"https:\/\/schema.org","@graph":[{"@type":"WebPage","@id":"https:\/\/biocabaz.pt\/web\/produto\/crackers-de-gengibre-c-acucar-coco-bio-165grs-natursol\/","url":"https:\/\/biocabaz.pt\/web\/produto\/crackers-de-gengibre-c-acucar-coco-bio-165grs-natursol\/","name":"NATURSOL ORGANIC GINGER CRACKERS WITH COCONUT SUGAR 165GR","isPartOf":{"@id":"https:\/\/www.biocabaz.pt\/web\/#website"},"primaryImageOfPage":{"@id":"https:\/\/biocabaz.pt\/web\/produto\/crackers-de-gengibre-c-acucar-coco-bio-165grs-natursol\/#primaryimage"},"image":{"@id":"https:\/\/biocabaz.pt\/web\/produto\/crackers-de-gengibre-c-acucar-coco-bio-165grs-natursol\/#primaryimage"},"thumbnailUrl":"https:\/\/www.biocabaz.pt\/web\/wp-conteudos\/uploads\/2018\/10\/CRACKERS-DE-GENGIBRE-COM-A\u00c7\u00daCAR-COCO-BIO-165GRS-NATURSOL-e1540811514849.jpg","datePublished":"2018-10-29T11:12:46+00:00","dateModified":"2023-03-28T22:42:06+00:00","description":"CRACKERS DE GENGIBRE C\/A\u00c7\u00daCAR COCO BIO 165GRS NATURSOL","breadcrumb":{"@id":"https:\/\/biocabaz.pt\/web\/produto\/crackers-de-gengibre-c-acucar-coco-bio-165grs-natursol\/#breadcrumb"},"inLanguage":"pt-PT","potentialAction":[{"@type":"ReadAction","target":["https:\/\/biocabaz.pt\/web\/produto\/crackers-de-gengibre-c-acucar-coco-bio-165grs-natursol\/"]}]},{"@type":"ImageObject","inLanguage":"pt-PT","@id":"https:\/\/biocabaz.pt\/web\/produto\/crackers-de-gengibre-c-acucar-coco-bio-165grs-natursol\/#primaryimage","url":"https:\/\/www.biocabaz.pt\/web\/wp-conteudos\/uploads\/2018\/10\/CRACKERS-DE-GENGIBRE-COM-A\u00c7\u00daCAR-COCO-BIO-165GRS-NATURSOL-e1540811514849.jpg","contentUrl":"https:\/\/www.biocabaz.pt\/web\/wp-conteudos\/uploads\/2018\/10\/CRACKERS-DE-GENGIBRE-COM-A\u00c7\u00daCAR-COCO-BIO-165GRS-NATURSOL-e1540811514849.jpg","width":500,"height":500,"caption":"CRACKERS DE GENGIBRE C\/A\u00c7\u00daCAR COCO BIO 165GRS NATURSOL"},{"@type":"BreadcrumbList","@id":"https:\/\/biocabaz.pt\/web\/produto\/crackers-de-gengibre-c-acucar-coco-bio-165grs-natursol\/#breadcrumb","itemListElement":[{"@type":"ListItem","position":1,"name":"Home","item":"https:\/\/www.biocabaz.pt\/web\/"},{"@type":"ListItem","position":2,"name":"Shop","item":"https:\/\/www.biocabaz.pt\/web\/en\/shop\/"},{"@type":"ListItem","position":3,"name":"CRACKERS DE GENGIBRE C\/A\u00c7\u00daCAR COCO BIO 165GRS NATURSOL"}]},{"@type":"WebSite","@id":"https:\/\/www.biocabaz.pt\/web\/#website","url":"https:\/\/www.biocabaz.pt\/web\/","name":"CABAZES BIOL\u00d3GICOS","description":"One+Number","potentialAction":[{"@type":"SearchAction","target":{"@type":"EntryPoint","urlTemplate":"https:\/\/www.biocabaz.pt\/web\/?s={search_term_string}"},"query-input":{"@type":"PropertyValueSpecification","valueRequired":true,"valueName":"search_term_string"}}],"inLanguage":"pt-PT"}]}},"_links":{"self":[{"href":"https:\/\/biocabaz.pt\/web\/en\/wp-json\/wp\/v2\/product\/9304","targetHints":{"allow":["GET"]}}],"collection":[{"href":"https:\/\/biocabaz.pt\/web\/en\/wp-json\/wp\/v2\/product"}],"about":[{"href":"https:\/\/biocabaz.pt\/web\/en\/wp-json\/wp\/v2\/types\/product"}],"replies":[{"embeddable":true,"href":"https:\/\/biocabaz.pt\/web\/en\/wp-json\/wp\/v2\/comments?post=9304"}],"wp:featuredmedia":[{"embeddable":true,"href":"https:\/\/biocabaz.pt\/web\/en\/wp-json\/wp\/v2\/media\/9305"}],"wp:attachment":[{"href":"https:\/\/biocabaz.pt\/web\/en\/wp-json\/wp\/v2\/media?parent=9304"}],"wp:term":[{"taxonomy":"product_cat","embeddable":true,"href":"https:\/\/biocabaz.pt\/web\/en\/wp-json\/wp\/v2\/product_cat?post=9304"},{"taxonomy":"product_tag","embeddable":true,"href":"https:\/\/biocabaz.pt\/web\/en\/wp-json\/wp\/v2\/product_tag?post=9304"}],"curies":[{"name":"wp","href":"https:\/\/api.w.org\/{rel}","templated":true}]}}