{"id":9293,"date":"2018-10-29T10:21:41","date_gmt":"2018-10-29T10:21:41","guid":{"rendered":"https:\/\/www.biocabaz.pt\/web\/?post_type=product&#038;p=9293"},"modified":"2023-04-15T13:29:56","modified_gmt":"2023-04-15T13:29:56","slug":"biscoitos-amendoa-bio-250g-provida","status":"publish","type":"product","link":"https:\/\/biocabaz.pt\/web\/en\/produto\/biscoitos-amendoa-bio-250g-provida\/","title":{"rendered":"PR\u00d3VIDA ORGANIC \nALMOND BISCUITS 220GR"},"content":{"rendered":"<p><strong>Description<\/strong><br \/>Ingredients: WHEAT flour * (wholegrain * and semi-sieved *), corn jelly *, sunflower vegetable oil *, coconut oil *, SOYA drink * [water, SOYA * 8%, agave syrup *, lithothamnium calcareum, vanilla extract * and sea salt], ground almond * (3.5%), water, leaven: sodium bicarbonate, sea salt. * From organic production. Contains gluten and nuts. It may contain traces of sesame. Contains no animal ingredients, dyes or preservatives.<\/p>\n<p><strong>Nutrition Facts<\/strong><br \/><strong>Nutritional Information per 100g\/ml<\/strong>: Energy: 1696kJ \/ 403kcal; Lipids: 10.6g &#8211; of which saturated: 3.9g; Carbohydrates: 67.8g &#8211; of which sugars: 12.0g; Fiber: 2.3g; Proteins: 7.8g; Salt: 0.6g.<\/p>\n<p><strong>Use Mode<\/strong><br \/>They are ideal for breakfast, snacks, to be served with tea, coffee or fruit juices. Store in a cool, dry place.<\/p>\n","protected":false},"excerpt":{"rendered":"<p><strong>Nutritional Information per 100g\/ml<\/strong>: Energy: 1696kJ \/ 403kcal; Lipids: 10.6g &#8211; of which saturated: 3.9g; Carbohydrates: 67.8g &#8211; of which sugars: 12.0g; Fiber: 2.3g; Proteins: 7.8g; Salt: 0.6g.<\/p>\n","protected":false},"featured_media":9294,"comment_status":"closed","ping_status":"closed","template":"","meta":[],"product_cat":[29],"product_tag":[],"class_list":["post-9293","product","type-product","status-publish","has-post-thumbnail","hentry","product_cat-bolachas_e_snacks"],"bundle_layout":"","bundled_by":[],"bundled_items":[],"yoast_head":"<!-- This site is optimized with the Yoast SEO plugin v26.3 - https:\/\/yoast.com\/wordpress\/plugins\/seo\/ -->\n<title>PR\u00d3VIDA ORGANIC ALMOND BISCUITS 220GR<\/title>\n<meta name=\"description\" content=\"BISCOITOS AM\u00caNDOA BIO 250G PROVIDA\" \/>\n<meta name=\"robots\" content=\"index, follow, max-snippet:-1, max-image-preview:large, max-video-preview:-1\" \/>\n<link rel=\"canonical\" href=\"https:\/\/biocabaz.pt\/web\/en\/produto\/biscoitos-amendoa-bio-250g-provida\/\" \/>\n<meta property=\"og:locale\" content=\"pt_PT\" \/>\n<meta property=\"og:locale:alternate\" content=\"pt_PT\" \/>\n<meta property=\"og:type\" content=\"article\" \/>\n<meta property=\"og:title\" content=\"PR\u00d3VIDA ORGANIC ALMOND BISCUITS 220GR\" \/>\n<meta property=\"og:description\" content=\"BISCOITOS AM\u00caNDOA BIO 250G PROVIDA\" \/>\n<meta property=\"og:url\" content=\"https:\/\/biocabaz.pt\/web\/en\/produto\/biscoitos-amendoa-bio-250g-provida\/\" \/>\n<meta property=\"og:site_name\" content=\"CABAZES BIOL\u00d3GICOS\" \/>\n<meta property=\"article:modified_time\" content=\"2023-04-15T13:29:56+00:00\" \/>\n<meta property=\"og:image\" content=\"https:\/\/www.biocabaz.pt\/web\/wp-conteudos\/uploads\/2018\/10\/BISCOITOS-AM\u00caNDOA-BIO-250G-PROVIDA.jpg\" \/>\n\t<meta property=\"og:image:width\" content=\"600\" \/>\n\t<meta property=\"og:image:height\" content=\"600\" \/>\n\t<meta property=\"og:image:type\" content=\"image\/jpeg\" \/>\n<meta name=\"twitter:card\" content=\"summary_large_image\" \/>\n<meta name=\"twitter:label1\" content=\"Est. reading time\" \/>\n\t<meta name=\"twitter:data1\" content=\"1 minute\" \/>\n<script type=\"application\/ld+json\" class=\"yoast-schema-graph\">{\"@context\":\"https:\/\/schema.org\",\"@graph\":[{\"@type\":\"WebPage\",\"@id\":\"https:\/\/biocabaz.pt\/web\/produto\/biscoitos-amendoa-bio-250g-provida\/\",\"url\":\"https:\/\/biocabaz.pt\/web\/produto\/biscoitos-amendoa-bio-250g-provida\/\",\"name\":\"PR\u00d3VIDA ORGANIC ALMOND BISCUITS 220GR\",\"isPartOf\":{\"@id\":\"https:\/\/biocabaz.pt\/web\/#website\"},\"primaryImageOfPage\":{\"@id\":\"https:\/\/biocabaz.pt\/web\/produto\/biscoitos-amendoa-bio-250g-provida\/#primaryimage\"},\"image\":{\"@id\":\"https:\/\/biocabaz.pt\/web\/produto\/biscoitos-amendoa-bio-250g-provida\/#primaryimage\"},\"thumbnailUrl\":\"https:\/\/www.biocabaz.pt\/web\/wp-conteudos\/uploads\/2018\/10\/BISCOITOS-AM\u00caNDOA-BIO-250G-PROVIDA.jpg\",\"datePublished\":\"2018-10-29T10:21:41+00:00\",\"dateModified\":\"2023-04-15T13:29:56+00:00\",\"description\":\"BISCOITOS AM\u00caNDOA BIO 250G PROVIDA\",\"breadcrumb\":{\"@id\":\"https:\/\/biocabaz.pt\/web\/produto\/biscoitos-amendoa-bio-250g-provida\/#breadcrumb\"},\"inLanguage\":\"pt-PT\",\"potentialAction\":[{\"@type\":\"ReadAction\",\"target\":[\"https:\/\/biocabaz.pt\/web\/produto\/biscoitos-amendoa-bio-250g-provida\/\"]}]},{\"@type\":\"ImageObject\",\"inLanguage\":\"pt-PT\",\"@id\":\"https:\/\/biocabaz.pt\/web\/produto\/biscoitos-amendoa-bio-250g-provida\/#primaryimage\",\"url\":\"https:\/\/www.biocabaz.pt\/web\/wp-conteudos\/uploads\/2018\/10\/BISCOITOS-AM\u00caNDOA-BIO-250G-PROVIDA.jpg\",\"contentUrl\":\"https:\/\/www.biocabaz.pt\/web\/wp-conteudos\/uploads\/2018\/10\/BISCOITOS-AM\u00caNDOA-BIO-250G-PROVIDA.jpg\",\"width\":600,\"height\":600,\"caption\":\"BISCOITOS AM\u00caNDOA BIO 250G PROVIDA\"},{\"@type\":\"BreadcrumbList\",\"@id\":\"https:\/\/biocabaz.pt\/web\/produto\/biscoitos-amendoa-bio-250g-provida\/#breadcrumb\",\"itemListElement\":[{\"@type\":\"ListItem\",\"position\":1,\"name\":\"Home\",\"item\":\"https:\/\/biocabaz.pt\/web\/\"},{\"@type\":\"ListItem\",\"position\":2,\"name\":\"Loja\",\"item\":\"https:\/\/biocabaz.pt\/web\/shop\/\"},{\"@type\":\"ListItem\",\"position\":3,\"name\":\"BISCOITOS AM\u00caNDOA BIO 220G PROVIDA\"}]},{\"@type\":\"WebSite\",\"@id\":\"https:\/\/biocabaz.pt\/web\/#website\",\"url\":\"https:\/\/biocabaz.pt\/web\/\",\"name\":\"CABAZES BIOL\u00d3GICOS\",\"description\":\"One+Number\",\"potentialAction\":[{\"@type\":\"SearchAction\",\"target\":{\"@type\":\"EntryPoint\",\"urlTemplate\":\"https:\/\/biocabaz.pt\/web\/?s={search_term_string}\"},\"query-input\":{\"@type\":\"PropertyValueSpecification\",\"valueRequired\":true,\"valueName\":\"search_term_string\"}}],\"inLanguage\":\"pt-PT\"}]}<\/script>\n<!-- \/ Yoast SEO plugin. -->","yoast_head_json":{"title":"PR\u00d3VIDA ORGANIC ALMOND BISCUITS 220GR","description":"BISCOITOS AM\u00caNDOA BIO 250G PROVIDA","robots":{"index":"index","follow":"follow","max-snippet":"max-snippet:-1","max-image-preview":"max-image-preview:large","max-video-preview":"max-video-preview:-1"},"canonical":"https:\/\/biocabaz.pt\/web\/en\/produto\/biscoitos-amendoa-bio-250g-provida\/","og_locale":"pt_PT","og_type":"article","og_title":"[:en]PR\u00d3VIDA ORGANIC ALMOND BISCUITS 220GR[:pt]BISCOITOS AM\u00caNDOA BIO 220G PROVIDA[:] - CABAZES BIOL\u00d3GICOS","og_description":"BISCOITOS AM\u00caNDOA BIO 250G PROVIDA","og_url":"https:\/\/biocabaz.pt\/web\/en\/produto\/biscoitos-amendoa-bio-250g-provida\/","og_site_name":"CABAZES BIOL\u00d3GICOS","article_modified_time":"2023-04-15T13:29:56+00:00","og_image":[{"width":600,"height":600,"url":"https:\/\/www.biocabaz.pt\/web\/wp-conteudos\/uploads\/2018\/10\/BISCOITOS-AM\u00caNDOA-BIO-250G-PROVIDA.jpg","type":"image\/jpeg"}],"twitter_card":"summary_large_image","twitter_misc":{"Est. reading time":"1 minute"},"schema":{"@context":"https:\/\/schema.org","@graph":[{"@type":"WebPage","@id":"https:\/\/biocabaz.pt\/web\/produto\/biscoitos-amendoa-bio-250g-provida\/","url":"https:\/\/biocabaz.pt\/web\/produto\/biscoitos-amendoa-bio-250g-provida\/","name":"PR\u00d3VIDA ORGANIC ALMOND BISCUITS 220GR","isPartOf":{"@id":"https:\/\/biocabaz.pt\/web\/#website"},"primaryImageOfPage":{"@id":"https:\/\/biocabaz.pt\/web\/produto\/biscoitos-amendoa-bio-250g-provida\/#primaryimage"},"image":{"@id":"https:\/\/biocabaz.pt\/web\/produto\/biscoitos-amendoa-bio-250g-provida\/#primaryimage"},"thumbnailUrl":"https:\/\/www.biocabaz.pt\/web\/wp-conteudos\/uploads\/2018\/10\/BISCOITOS-AM\u00caNDOA-BIO-250G-PROVIDA.jpg","datePublished":"2018-10-29T10:21:41+00:00","dateModified":"2023-04-15T13:29:56+00:00","description":"BISCOITOS AM\u00caNDOA BIO 250G PROVIDA","breadcrumb":{"@id":"https:\/\/biocabaz.pt\/web\/produto\/biscoitos-amendoa-bio-250g-provida\/#breadcrumb"},"inLanguage":"pt-PT","potentialAction":[{"@type":"ReadAction","target":["https:\/\/biocabaz.pt\/web\/produto\/biscoitos-amendoa-bio-250g-provida\/"]}]},{"@type":"ImageObject","inLanguage":"pt-PT","@id":"https:\/\/biocabaz.pt\/web\/produto\/biscoitos-amendoa-bio-250g-provida\/#primaryimage","url":"https:\/\/www.biocabaz.pt\/web\/wp-conteudos\/uploads\/2018\/10\/BISCOITOS-AM\u00caNDOA-BIO-250G-PROVIDA.jpg","contentUrl":"https:\/\/www.biocabaz.pt\/web\/wp-conteudos\/uploads\/2018\/10\/BISCOITOS-AM\u00caNDOA-BIO-250G-PROVIDA.jpg","width":600,"height":600,"caption":"BISCOITOS AM\u00caNDOA BIO 250G PROVIDA"},{"@type":"BreadcrumbList","@id":"https:\/\/biocabaz.pt\/web\/produto\/biscoitos-amendoa-bio-250g-provida\/#breadcrumb","itemListElement":[{"@type":"ListItem","position":1,"name":"Home","item":"https:\/\/biocabaz.pt\/web\/"},{"@type":"ListItem","position":2,"name":"Loja","item":"https:\/\/biocabaz.pt\/web\/shop\/"},{"@type":"ListItem","position":3,"name":"BISCOITOS AM\u00caNDOA BIO 220G PROVIDA"}]},{"@type":"WebSite","@id":"https:\/\/biocabaz.pt\/web\/#website","url":"https:\/\/biocabaz.pt\/web\/","name":"CABAZES BIOL\u00d3GICOS","description":"One+Number","potentialAction":[{"@type":"SearchAction","target":{"@type":"EntryPoint","urlTemplate":"https:\/\/biocabaz.pt\/web\/?s={search_term_string}"},"query-input":{"@type":"PropertyValueSpecification","valueRequired":true,"valueName":"search_term_string"}}],"inLanguage":"pt-PT"}]}},"_links":{"self":[{"href":"https:\/\/biocabaz.pt\/web\/en\/wp-json\/wp\/v2\/product\/9293","targetHints":{"allow":["GET"]}}],"collection":[{"href":"https:\/\/biocabaz.pt\/web\/en\/wp-json\/wp\/v2\/product"}],"about":[{"href":"https:\/\/biocabaz.pt\/web\/en\/wp-json\/wp\/v2\/types\/product"}],"replies":[{"embeddable":true,"href":"https:\/\/biocabaz.pt\/web\/en\/wp-json\/wp\/v2\/comments?post=9293"}],"wp:featuredmedia":[{"embeddable":true,"href":"https:\/\/biocabaz.pt\/web\/en\/wp-json\/wp\/v2\/media\/9294"}],"wp:attachment":[{"href":"https:\/\/biocabaz.pt\/web\/en\/wp-json\/wp\/v2\/media?parent=9293"}],"wp:term":[{"taxonomy":"product_cat","embeddable":true,"href":"https:\/\/biocabaz.pt\/web\/en\/wp-json\/wp\/v2\/product_cat?post=9293"},{"taxonomy":"product_tag","embeddable":true,"href":"https:\/\/biocabaz.pt\/web\/en\/wp-json\/wp\/v2\/product_tag?post=9293"}],"curies":[{"name":"wp","href":"https:\/\/api.w.org\/{rel}","templated":true}]}}