{"id":92862,"date":"2022-10-28T05:59:37","date_gmt":"2022-10-28T05:59:37","guid":{"rendered":"https:\/\/www.biocabaz.pt\/web\/?post_type=product&#038;p=92862"},"modified":"2025-11-05T16:27:55","modified_gmt":"2025-11-05T16:27:55","slug":"agua-pe-biologica","status":"publish","type":"product","link":"https:\/\/biocabaz.pt\/web\/en\/produto\/agua-pe-biologica\/","title":{"rendered":"\u00c1GUA P\u00c9 BIOL\u00d3GICA"},"content":{"rendered":"<p>Origem Portugal<\/p>\n","protected":false},"excerpt":{"rendered":"<p>Origem Portugal<\/p>\n","protected":false},"featured_media":92866,"comment_status":"closed","ping_status":"closed","template":"","meta":[],"product_cat":[39],"product_tag":[],"class_list":["post-92862","product","type-product","status-publish","has-post-thumbnail","hentry","product_cat-vinho"],"bundle_layout":"","bundled_by":[],"bundled_items":[],"yoast_head":"<!-- This site is optimized with the Yoast SEO plugin v26.3 - https:\/\/yoast.com\/wordpress\/plugins\/seo\/ -->\n<title>\u00c1GUA P\u00c9 BIOL\u00d3GICA<\/title>\n<meta name=\"description\" content=\"\u00c1GUA P\u00c9 BIOL\u00d3GICA\" \/>\n<meta name=\"robots\" content=\"index, follow, max-snippet:-1, max-image-preview:large, max-video-preview:-1\" \/>\n<link rel=\"canonical\" href=\"https:\/\/biocabaz.pt\/web\/en\/produto\/agua-pe-biologica\/\" \/>\n<meta property=\"og:locale\" content=\"pt_PT\" \/>\n<meta property=\"og:locale:alternate\" content=\"pt_PT\" \/>\n<meta property=\"og:type\" content=\"article\" \/>\n<meta property=\"og:title\" content=\"\u00c1GUA P\u00c9 BIOL\u00d3GICA\" \/>\n<meta property=\"og:description\" content=\"\u00c1GUA P\u00c9 BIOL\u00d3GICA\" \/>\n<meta property=\"og:url\" content=\"https:\/\/biocabaz.pt\/web\/en\/produto\/agua-pe-biologica\/\" \/>\n<meta property=\"og:site_name\" content=\"CABAZES BIOL\u00d3GICOS\" \/>\n<meta property=\"article:modified_time\" content=\"2025-11-05T16:27:55+00:00\" \/>\n<meta property=\"og:image\" content=\"https:\/\/www.biocabaz.pt\/web\/wp-conteudos\/uploads\/2022\/10\/aguape-biologica-1-scaled-e1666937306294.jpg\" \/>\n\t<meta property=\"og:image:width\" content=\"600\" \/>\n\t<meta property=\"og:image:height\" content=\"692\" \/>\n\t<meta property=\"og:image:type\" content=\"image\/jpeg\" \/>\n<meta name=\"twitter:card\" content=\"summary_large_image\" \/>\n<script type=\"application\/ld+json\" class=\"yoast-schema-graph\">{\"@context\":\"https:\/\/schema.org\",\"@graph\":[{\"@type\":\"WebPage\",\"@id\":\"https:\/\/biocabaz.pt\/web\/en\/produto\/agua-pe-biologica\/\",\"url\":\"https:\/\/biocabaz.pt\/web\/en\/produto\/agua-pe-biologica\/\",\"name\":\"\u00c1GUA P\u00c9 BIOL\u00d3GICA\",\"isPartOf\":{\"@id\":\"https:\/\/www.biocabaz.pt\/web\/en\/#website\"},\"primaryImageOfPage\":{\"@id\":\"https:\/\/biocabaz.pt\/web\/en\/produto\/agua-pe-biologica\/#primaryimage\"},\"image\":{\"@id\":\"https:\/\/biocabaz.pt\/web\/en\/produto\/agua-pe-biologica\/#primaryimage\"},\"thumbnailUrl\":\"https:\/\/www.biocabaz.pt\/web\/wp-conteudos\/uploads\/2022\/10\/aguape-biologica-1-scaled-e1666937306294.jpg\",\"datePublished\":\"2022-10-28T05:59:37+00:00\",\"dateModified\":\"2025-11-05T16:27:55+00:00\",\"description\":\"\u00c1GUA P\u00c9 BIOL\u00d3GICA\",\"breadcrumb\":{\"@id\":\"https:\/\/biocabaz.pt\/web\/en\/produto\/agua-pe-biologica\/#breadcrumb\"},\"inLanguage\":\"pt-PT\",\"potentialAction\":[{\"@type\":\"ReadAction\",\"target\":[\"https:\/\/biocabaz.pt\/web\/en\/produto\/agua-pe-biologica\/\"]}]},{\"@type\":\"ImageObject\",\"inLanguage\":\"pt-PT\",\"@id\":\"https:\/\/biocabaz.pt\/web\/en\/produto\/agua-pe-biologica\/#primaryimage\",\"url\":\"https:\/\/www.biocabaz.pt\/web\/wp-conteudos\/uploads\/2022\/10\/aguape-biologica-1-scaled-e1666937306294.jpg\",\"contentUrl\":\"https:\/\/www.biocabaz.pt\/web\/wp-conteudos\/uploads\/2022\/10\/aguape-biologica-1-scaled-e1666937306294.jpg\",\"width\":600,\"height\":692,\"caption\":\"\u00c1GUA P\u00c9 BIOL\u00d3GICA\"},{\"@type\":\"BreadcrumbList\",\"@id\":\"https:\/\/biocabaz.pt\/web\/en\/produto\/agua-pe-biologica\/#breadcrumb\",\"itemListElement\":[{\"@type\":\"ListItem\",\"position\":1,\"name\":\"Home\",\"item\":\"https:\/\/www.biocabaz.pt\/web\/en\/\"},{\"@type\":\"ListItem\",\"position\":2,\"name\":\"Shop\",\"item\":\"https:\/\/www.biocabaz.pt\/web\/en\/shop\/\"},{\"@type\":\"ListItem\",\"position\":3,\"name\":\"\u00c1GUA P\u00c9 BIOL\u00d3GICA\"}]},{\"@type\":\"WebSite\",\"@id\":\"https:\/\/www.biocabaz.pt\/web\/en\/#website\",\"url\":\"https:\/\/www.biocabaz.pt\/web\/en\/\",\"name\":\"CABAZES BIOL\u00d3GICOS\",\"description\":\"One+Number\",\"potentialAction\":[{\"@type\":\"SearchAction\",\"target\":{\"@type\":\"EntryPoint\",\"urlTemplate\":\"https:\/\/www.biocabaz.pt\/web\/en\/?s={search_term_string}\"},\"query-input\":{\"@type\":\"PropertyValueSpecification\",\"valueRequired\":true,\"valueName\":\"search_term_string\"}}],\"inLanguage\":\"pt-PT\"}]}<\/script>\n<!-- \/ Yoast SEO plugin. -->","yoast_head_json":{"title":"\u00c1GUA P\u00c9 BIOL\u00d3GICA","description":"\u00c1GUA P\u00c9 BIOL\u00d3GICA","robots":{"index":"index","follow":"follow","max-snippet":"max-snippet:-1","max-image-preview":"max-image-preview:large","max-video-preview":"max-video-preview:-1"},"canonical":"https:\/\/biocabaz.pt\/web\/en\/produto\/agua-pe-biologica\/","og_locale":"pt_PT","og_type":"article","og_title":"[:en]\u00c1GUA P\u00c9 BIOL\u00d3GICA[:pt]\u00c1GUA P\u00c9 BIOL\u00d3GICA[:] - CABAZES BIOL\u00d3GICOS","og_description":"\u00c1GUA P\u00c9 BIOL\u00d3GICA","og_url":"https:\/\/biocabaz.pt\/web\/en\/produto\/agua-pe-biologica\/","og_site_name":"CABAZES BIOL\u00d3GICOS","article_modified_time":"2025-11-05T16:27:55+00:00","og_image":[{"width":600,"height":692,"url":"https:\/\/www.biocabaz.pt\/web\/wp-conteudos\/uploads\/2022\/10\/aguape-biologica-1-scaled-e1666937306294.jpg","type":"image\/jpeg"}],"twitter_card":"summary_large_image","schema":{"@context":"https:\/\/schema.org","@graph":[{"@type":"WebPage","@id":"https:\/\/biocabaz.pt\/web\/en\/produto\/agua-pe-biologica\/","url":"https:\/\/biocabaz.pt\/web\/en\/produto\/agua-pe-biologica\/","name":"\u00c1GUA P\u00c9 BIOL\u00d3GICA","isPartOf":{"@id":"https:\/\/www.biocabaz.pt\/web\/en\/#website"},"primaryImageOfPage":{"@id":"https:\/\/biocabaz.pt\/web\/en\/produto\/agua-pe-biologica\/#primaryimage"},"image":{"@id":"https:\/\/biocabaz.pt\/web\/en\/produto\/agua-pe-biologica\/#primaryimage"},"thumbnailUrl":"https:\/\/www.biocabaz.pt\/web\/wp-conteudos\/uploads\/2022\/10\/aguape-biologica-1-scaled-e1666937306294.jpg","datePublished":"2022-10-28T05:59:37+00:00","dateModified":"2025-11-05T16:27:55+00:00","description":"\u00c1GUA P\u00c9 BIOL\u00d3GICA","breadcrumb":{"@id":"https:\/\/biocabaz.pt\/web\/en\/produto\/agua-pe-biologica\/#breadcrumb"},"inLanguage":"pt-PT","potentialAction":[{"@type":"ReadAction","target":["https:\/\/biocabaz.pt\/web\/en\/produto\/agua-pe-biologica\/"]}]},{"@type":"ImageObject","inLanguage":"pt-PT","@id":"https:\/\/biocabaz.pt\/web\/en\/produto\/agua-pe-biologica\/#primaryimage","url":"https:\/\/www.biocabaz.pt\/web\/wp-conteudos\/uploads\/2022\/10\/aguape-biologica-1-scaled-e1666937306294.jpg","contentUrl":"https:\/\/www.biocabaz.pt\/web\/wp-conteudos\/uploads\/2022\/10\/aguape-biologica-1-scaled-e1666937306294.jpg","width":600,"height":692,"caption":"\u00c1GUA P\u00c9 BIOL\u00d3GICA"},{"@type":"BreadcrumbList","@id":"https:\/\/biocabaz.pt\/web\/en\/produto\/agua-pe-biologica\/#breadcrumb","itemListElement":[{"@type":"ListItem","position":1,"name":"Home","item":"https:\/\/www.biocabaz.pt\/web\/en\/"},{"@type":"ListItem","position":2,"name":"Shop","item":"https:\/\/www.biocabaz.pt\/web\/en\/shop\/"},{"@type":"ListItem","position":3,"name":"\u00c1GUA P\u00c9 BIOL\u00d3GICA"}]},{"@type":"WebSite","@id":"https:\/\/www.biocabaz.pt\/web\/en\/#website","url":"https:\/\/www.biocabaz.pt\/web\/en\/","name":"CABAZES BIOL\u00d3GICOS","description":"One+Number","potentialAction":[{"@type":"SearchAction","target":{"@type":"EntryPoint","urlTemplate":"https:\/\/www.biocabaz.pt\/web\/en\/?s={search_term_string}"},"query-input":{"@type":"PropertyValueSpecification","valueRequired":true,"valueName":"search_term_string"}}],"inLanguage":"pt-PT"}]}},"_links":{"self":[{"href":"https:\/\/biocabaz.pt\/web\/en\/wp-json\/wp\/v2\/product\/92862","targetHints":{"allow":["GET"]}}],"collection":[{"href":"https:\/\/biocabaz.pt\/web\/en\/wp-json\/wp\/v2\/product"}],"about":[{"href":"https:\/\/biocabaz.pt\/web\/en\/wp-json\/wp\/v2\/types\/product"}],"replies":[{"embeddable":true,"href":"https:\/\/biocabaz.pt\/web\/en\/wp-json\/wp\/v2\/comments?post=92862"}],"wp:featuredmedia":[{"embeddable":true,"href":"https:\/\/biocabaz.pt\/web\/en\/wp-json\/wp\/v2\/media\/92866"}],"wp:attachment":[{"href":"https:\/\/biocabaz.pt\/web\/en\/wp-json\/wp\/v2\/media?parent=92862"}],"wp:term":[{"taxonomy":"product_cat","embeddable":true,"href":"https:\/\/biocabaz.pt\/web\/en\/wp-json\/wp\/v2\/product_cat?post=92862"},{"taxonomy":"product_tag","embeddable":true,"href":"https:\/\/biocabaz.pt\/web\/en\/wp-json\/wp\/v2\/product_tag?post=92862"}],"curies":[{"name":"wp","href":"https:\/\/api.w.org\/{rel}","templated":true}]}}