{"id":928,"date":"2016-04-14T21:42:22","date_gmt":"2016-04-14T21:42:22","guid":{"rendered":"http:\/\/www.biocabaz.com\/web\/produto\/despertar-do-buda-manga-baobab-360g-iswari\/"},"modified":"2023-04-17T12:08:26","modified_gmt":"2023-04-17T12:08:26","slug":"acai-em-po-bio-provida-70g","status":"publish","type":"product","link":"https:\/\/biocabaz.pt\/web\/en\/produto\/acai-em-po-bio-provida-70g\/","title":{"rendered":"A\u00e7a\u00ed em p\u00f3 BIO Pr\u00f3vida 70g"},"content":{"rendered":"<h3>DESCRI\u00c7\u00c3O<\/h3>\n<p>A\u00e7a\u00ed em P\u00f3 BIO 70g Pr\u00f3vida. Rico em fibra, c\u00e1lcio e vitamina E. Fonte de ferro. Ingredientes: 100% A\u00e7a\u00ed em p\u00f3 liofilizado de produ\u00e7\u00e3o biol\u00f3gica. Poder\u00e1 conter vest\u00edgios de s\u00e9samo, amendoim e frutos de casca rija (am\u00eandoa e avel\u00e3). PT-BIO-04 Origem: n\u00e3o UE. Sem gl\u00faten . Vegan . Embalagem 100% Compost\u00e1vel.<\/p>\n<h3>DADOS NUTRICIONAIS<\/h3>\n<p>Declara\u00e7\u00e3o Nutricional por 100g: Energia &#8211; 1695kJ\/405kcal; L\u00edpidos &#8211; 19g, dos quais saturados &#8211; 4,9g, Hidratos de Carbono &#8211; 35g, dos quais a\u00e7\u00facares &#8211; 4g; Fibra &#8211; 27g; Prote\u00ednas &#8211; 10g; Sal &#8211; 0,1g; Vitamina E &#8211; 21mg (175% VRN*); C\u00e1lcio &#8211; 321mg (40%VRN*); Ferro &#8211; 3,8mg (27% VRN*); *VRN &#8211; Valor de refer\u00eancia do nutriente.<\/p>\n<h3>MODO DE UTILIZA\u00c7\u00c3O<\/h3>\n<p>Pronto a consumir. Adicionar 1 colher de sopa (10-15g) a sumos, iogurtes e batidos. CONSERVAR EM LOCAL SECO E FRESCO.<\/p>\n","protected":false},"excerpt":{"rendered":"<p>DESCRI\u00c7\u00c3O A\u00e7a\u00ed em P\u00f3 BIO 70g Pr\u00f3vida. Rico em fibra, c\u00e1lcio e vitamina E. Fonte de ferro. Ingredientes: 100% A\u00e7a\u00ed em p\u00f3 liofilizado de produ\u00e7\u00e3o biol\u00f3gica. Poder\u00e1 conter vest\u00edgios de s\u00e9samo, amendoim e frutos de casca rija (am\u00eandoa e avel\u00e3). PT-BIO-04 Origem: n\u00e3o UE. Sem gl\u00faten . Vegan . Embalagem 100% Compost\u00e1vel. DADOS NUTRICIONAIS Declara\u00e7\u00e3o [&hellip;]<\/p>\n","protected":false},"featured_media":82234,"comment_status":"closed","ping_status":"closed","template":"","meta":[],"product_cat":[55],"product_tag":[],"class_list":["post-928","product","type-product","status-publish","has-post-thumbnail","hentry","product_cat-superalimentos"],"bundle_layout":"","bundled_by":[],"bundled_items":[],"yoast_head":"<!-- This site is optimized with the Yoast SEO plugin v26.3 - https:\/\/yoast.com\/wordpress\/plugins\/seo\/ -->\n<title>A\u00e7a\u00ed em p\u00f3 BIO Pr\u00f3vida 70g<\/title>\n<meta name=\"robots\" content=\"index, follow, max-snippet:-1, max-image-preview:large, max-video-preview:-1\" \/>\n<link rel=\"canonical\" href=\"https:\/\/biocabaz.pt\/web\/en\/produto\/acai-em-po-bio-provida-70g\/\" \/>\n<meta property=\"og:locale\" content=\"pt_PT\" \/>\n<meta property=\"og:locale:alternate\" content=\"pt_PT\" \/>\n<meta property=\"og:type\" content=\"article\" \/>\n<meta property=\"og:title\" content=\"A\u00e7a\u00ed em p\u00f3 BIO Pr\u00f3vida 70g\" \/>\n<meta property=\"og:description\" content=\"DESCRI\u00c7\u00c3O A\u00e7a\u00ed em P\u00f3 BIO 70g Pr\u00f3vida. Rico em fibra, c\u00e1lcio e vitamina E. Fonte de ferro. Ingredientes: 100% A\u00e7a\u00ed em p\u00f3 liofilizado de produ\u00e7\u00e3o biol\u00f3gica. Poder\u00e1 conter vest\u00edgios de s\u00e9samo, amendoim e frutos de casca rija (am\u00eandoa e avel\u00e3). PT-BIO-04 Origem: n\u00e3o UE. Sem gl\u00faten . Vegan . Embalagem 100% Compost\u00e1vel. DADOS NUTRICIONAIS Declara\u00e7\u00e3o [&hellip;]\" \/>\n<meta property=\"og:url\" content=\"https:\/\/biocabaz.pt\/web\/en\/produto\/acai-em-po-bio-provida-70g\/\" \/>\n<meta property=\"og:site_name\" content=\"CABAZES BIOL\u00d3GICOS\" \/>\n<meta property=\"article:modified_time\" content=\"2023-04-17T12:08:26+00:00\" \/>\n<meta property=\"og:image\" content=\"https:\/\/www.biocabaz.pt\/web\/wp-conteudos\/uploads\/2016\/04\/acai-em-po-bio-provida-70g-e1644518082155.jpg\" \/>\n\t<meta property=\"og:image:width\" content=\"500\" \/>\n\t<meta property=\"og:image:height\" content=\"500\" \/>\n\t<meta property=\"og:image:type\" content=\"image\/jpeg\" \/>\n<meta name=\"twitter:card\" content=\"summary_large_image\" \/>\n<meta name=\"twitter:label1\" content=\"Est. reading time\" \/>\n\t<meta name=\"twitter:data1\" content=\"1 minute\" \/>\n<script type=\"application\/ld+json\" class=\"yoast-schema-graph\">{\"@context\":\"https:\/\/schema.org\",\"@graph\":[{\"@type\":\"WebPage\",\"@id\":\"https:\/\/biocabaz.pt\/web\/produto\/acai-em-po-bio-provida-70g\/\",\"url\":\"https:\/\/biocabaz.pt\/web\/produto\/acai-em-po-bio-provida-70g\/\",\"name\":\"A\u00e7a\u00ed em p\u00f3 BIO Pr\u00f3vida 70g\",\"isPartOf\":{\"@id\":\"https:\/\/biocabaz.pt\/web\/#website\"},\"primaryImageOfPage\":{\"@id\":\"https:\/\/biocabaz.pt\/web\/produto\/acai-em-po-bio-provida-70g\/#primaryimage\"},\"image\":{\"@id\":\"https:\/\/biocabaz.pt\/web\/produto\/acai-em-po-bio-provida-70g\/#primaryimage\"},\"thumbnailUrl\":\"https:\/\/www.biocabaz.pt\/web\/wp-conteudos\/uploads\/2016\/04\/acai-em-po-bio-provida-70g-e1644518082155.jpg\",\"datePublished\":\"2016-04-14T21:42:22+00:00\",\"dateModified\":\"2023-04-17T12:08:26+00:00\",\"breadcrumb\":{\"@id\":\"https:\/\/biocabaz.pt\/web\/produto\/acai-em-po-bio-provida-70g\/#breadcrumb\"},\"inLanguage\":\"pt-PT\",\"potentialAction\":[{\"@type\":\"ReadAction\",\"target\":[\"https:\/\/biocabaz.pt\/web\/produto\/acai-em-po-bio-provida-70g\/\"]}]},{\"@type\":\"ImageObject\",\"inLanguage\":\"pt-PT\",\"@id\":\"https:\/\/biocabaz.pt\/web\/produto\/acai-em-po-bio-provida-70g\/#primaryimage\",\"url\":\"https:\/\/www.biocabaz.pt\/web\/wp-conteudos\/uploads\/2016\/04\/acai-em-po-bio-provida-70g-e1644518082155.jpg\",\"contentUrl\":\"https:\/\/www.biocabaz.pt\/web\/wp-conteudos\/uploads\/2016\/04\/acai-em-po-bio-provida-70g-e1644518082155.jpg\",\"width\":500,\"height\":500,\"caption\":\"A\u00e7a\u00ed em p\u00f3 BIO Pr\u00f3vida 70g\"},{\"@type\":\"BreadcrumbList\",\"@id\":\"https:\/\/biocabaz.pt\/web\/produto\/acai-em-po-bio-provida-70g\/#breadcrumb\",\"itemListElement\":[{\"@type\":\"ListItem\",\"position\":1,\"name\":\"Home\",\"item\":\"https:\/\/biocabaz.pt\/web\/\"},{\"@type\":\"ListItem\",\"position\":2,\"name\":\"Shop\",\"item\":\"https:\/\/www.biocabaz.pt\/web\/en\/shop\/\"},{\"@type\":\"ListItem\",\"position\":3,\"name\":\"A\u00e7a\u00ed em p\u00f3 BIO Pr\u00f3vida 70g\"}]},{\"@type\":\"WebSite\",\"@id\":\"https:\/\/biocabaz.pt\/web\/#website\",\"url\":\"https:\/\/biocabaz.pt\/web\/\",\"name\":\"CABAZES BIOL\u00d3GICOS\",\"description\":\"One+Number\",\"potentialAction\":[{\"@type\":\"SearchAction\",\"target\":{\"@type\":\"EntryPoint\",\"urlTemplate\":\"https:\/\/biocabaz.pt\/web\/?s={search_term_string}\"},\"query-input\":{\"@type\":\"PropertyValueSpecification\",\"valueRequired\":true,\"valueName\":\"search_term_string\"}}],\"inLanguage\":\"pt-PT\"}]}<\/script>\n<!-- \/ Yoast SEO plugin. -->","yoast_head_json":{"title":"A\u00e7a\u00ed em p\u00f3 BIO Pr\u00f3vida 70g","robots":{"index":"index","follow":"follow","max-snippet":"max-snippet:-1","max-image-preview":"max-image-preview:large","max-video-preview":"max-video-preview:-1"},"canonical":"https:\/\/biocabaz.pt\/web\/en\/produto\/acai-em-po-bio-provida-70g\/","og_locale":"pt_PT","og_type":"article","og_title":"[:en]A\u00e7a\u00ed em p\u00f3 BIO Pr\u00f3vida 70g[:pt]A\u00e7a\u00ed em p\u00f3 BIO Pr\u00f3vida 70g[:] - CABAZES BIOL\u00d3GICOS","og_description":"DESCRI\u00c7\u00c3O A\u00e7a\u00ed em P\u00f3 BIO 70g Pr\u00f3vida. Rico em fibra, c\u00e1lcio e vitamina E. Fonte de ferro. Ingredientes: 100% A\u00e7a\u00ed em p\u00f3 liofilizado de produ\u00e7\u00e3o biol\u00f3gica. Poder\u00e1 conter vest\u00edgios de s\u00e9samo, amendoim e frutos de casca rija (am\u00eandoa e avel\u00e3). PT-BIO-04 Origem: n\u00e3o UE. Sem gl\u00faten . Vegan . Embalagem 100% Compost\u00e1vel. DADOS NUTRICIONAIS Declara\u00e7\u00e3o [&hellip;]","og_url":"https:\/\/biocabaz.pt\/web\/en\/produto\/acai-em-po-bio-provida-70g\/","og_site_name":"CABAZES BIOL\u00d3GICOS","article_modified_time":"2023-04-17T12:08:26+00:00","og_image":[{"width":500,"height":500,"url":"https:\/\/www.biocabaz.pt\/web\/wp-conteudos\/uploads\/2016\/04\/acai-em-po-bio-provida-70g-e1644518082155.jpg","type":"image\/jpeg"}],"twitter_card":"summary_large_image","twitter_misc":{"Est. reading time":"1 minute"},"schema":{"@context":"https:\/\/schema.org","@graph":[{"@type":"WebPage","@id":"https:\/\/biocabaz.pt\/web\/produto\/acai-em-po-bio-provida-70g\/","url":"https:\/\/biocabaz.pt\/web\/produto\/acai-em-po-bio-provida-70g\/","name":"A\u00e7a\u00ed em p\u00f3 BIO Pr\u00f3vida 70g","isPartOf":{"@id":"https:\/\/biocabaz.pt\/web\/#website"},"primaryImageOfPage":{"@id":"https:\/\/biocabaz.pt\/web\/produto\/acai-em-po-bio-provida-70g\/#primaryimage"},"image":{"@id":"https:\/\/biocabaz.pt\/web\/produto\/acai-em-po-bio-provida-70g\/#primaryimage"},"thumbnailUrl":"https:\/\/www.biocabaz.pt\/web\/wp-conteudos\/uploads\/2016\/04\/acai-em-po-bio-provida-70g-e1644518082155.jpg","datePublished":"2016-04-14T21:42:22+00:00","dateModified":"2023-04-17T12:08:26+00:00","breadcrumb":{"@id":"https:\/\/biocabaz.pt\/web\/produto\/acai-em-po-bio-provida-70g\/#breadcrumb"},"inLanguage":"pt-PT","potentialAction":[{"@type":"ReadAction","target":["https:\/\/biocabaz.pt\/web\/produto\/acai-em-po-bio-provida-70g\/"]}]},{"@type":"ImageObject","inLanguage":"pt-PT","@id":"https:\/\/biocabaz.pt\/web\/produto\/acai-em-po-bio-provida-70g\/#primaryimage","url":"https:\/\/www.biocabaz.pt\/web\/wp-conteudos\/uploads\/2016\/04\/acai-em-po-bio-provida-70g-e1644518082155.jpg","contentUrl":"https:\/\/www.biocabaz.pt\/web\/wp-conteudos\/uploads\/2016\/04\/acai-em-po-bio-provida-70g-e1644518082155.jpg","width":500,"height":500,"caption":"A\u00e7a\u00ed em p\u00f3 BIO Pr\u00f3vida 70g"},{"@type":"BreadcrumbList","@id":"https:\/\/biocabaz.pt\/web\/produto\/acai-em-po-bio-provida-70g\/#breadcrumb","itemListElement":[{"@type":"ListItem","position":1,"name":"Home","item":"https:\/\/biocabaz.pt\/web\/"},{"@type":"ListItem","position":2,"name":"Shop","item":"https:\/\/www.biocabaz.pt\/web\/en\/shop\/"},{"@type":"ListItem","position":3,"name":"A\u00e7a\u00ed em p\u00f3 BIO Pr\u00f3vida 70g"}]},{"@type":"WebSite","@id":"https:\/\/biocabaz.pt\/web\/#website","url":"https:\/\/biocabaz.pt\/web\/","name":"CABAZES BIOL\u00d3GICOS","description":"One+Number","potentialAction":[{"@type":"SearchAction","target":{"@type":"EntryPoint","urlTemplate":"https:\/\/biocabaz.pt\/web\/?s={search_term_string}"},"query-input":{"@type":"PropertyValueSpecification","valueRequired":true,"valueName":"search_term_string"}}],"inLanguage":"pt-PT"}]}},"_links":{"self":[{"href":"https:\/\/biocabaz.pt\/web\/en\/wp-json\/wp\/v2\/product\/928","targetHints":{"allow":["GET"]}}],"collection":[{"href":"https:\/\/biocabaz.pt\/web\/en\/wp-json\/wp\/v2\/product"}],"about":[{"href":"https:\/\/biocabaz.pt\/web\/en\/wp-json\/wp\/v2\/types\/product"}],"replies":[{"embeddable":true,"href":"https:\/\/biocabaz.pt\/web\/en\/wp-json\/wp\/v2\/comments?post=928"}],"wp:featuredmedia":[{"embeddable":true,"href":"https:\/\/biocabaz.pt\/web\/en\/wp-json\/wp\/v2\/media\/82234"}],"wp:attachment":[{"href":"https:\/\/biocabaz.pt\/web\/en\/wp-json\/wp\/v2\/media?parent=928"}],"wp:term":[{"taxonomy":"product_cat","embeddable":true,"href":"https:\/\/biocabaz.pt\/web\/en\/wp-json\/wp\/v2\/product_cat?post=928"},{"taxonomy":"product_tag","embeddable":true,"href":"https:\/\/biocabaz.pt\/web\/en\/wp-json\/wp\/v2\/product_tag?post=928"}],"curies":[{"name":"wp","href":"https:\/\/api.w.org\/{rel}","templated":true}]}}