{"id":9079,"date":"2018-10-23T09:53:19","date_gmt":"2018-10-23T09:53:19","guid":{"rendered":"https:\/\/www.biocabaz.pt\/web\/?post_type=product&#038;p=9079"},"modified":"2026-03-28T09:18:55","modified_gmt":"2026-03-28T09:18:55","slug":"oleo-de-coco-bio-1l-yakso","status":"publish","type":"product","link":"https:\/\/biocabaz.pt\/web\/en\/produto\/oleo-de-coco-bio-1l-yakso\/","title":{"rendered":"YAKSO ORGANIC COCONUT OIL 1L"},"content":{"rendered":"<p><strong>Description<\/strong><br \/>Ingredients: Coconut oil, organic farming.<\/p>\n<p><strong>Nutrition Facts<\/strong><br \/><strong>Nutritional Information per 100g\/ml<\/strong>: Energy: 3689 kj \/ 889kcal; Proteins: 0g; Carbohydrates: 0g; Lipids: 100g &#8211; of which sugars: 92.1g; Fiber: 0g; Salt: 0.1g.<\/p>\n<p><strong>Use Mode<\/strong><br \/>It can be used for cooking, frying, baking, grilling, or on bread instead of butter. Liquefies at temperatures> 25\u00bac. It can also be used in skin and hair care. Store in a cool, dry place.<\/p>\n","protected":false},"excerpt":{"rendered":"<p><strong>Nutritional Information per 100g\/ml<\/strong>: Energy: 3689 kj \/ 889kcal; Proteins: 0g; Carbohydrates: 0g; Lipids: 100g &#8211; of which sugars: 92.1g; Fiber: 0g; Salt: 0.1g.<\/p>\n","protected":false},"featured_media":9080,"comment_status":"closed","ping_status":"closed","template":"","meta":[],"product_cat":[23],"product_tag":[],"class_list":["post-9079","product","type-product","status-publish","has-post-thumbnail","hentry","product_cat-azeite-oleo-vinagre"],"bundle_layout":"","bundled_by":[],"bundled_items":[],"yoast_head":"<!-- This site is optimized with the Yoast SEO plugin v26.3 - https:\/\/yoast.com\/wordpress\/plugins\/seo\/ -->\n<title>YAKSO ORGANIC COCONUT OIL 1L<\/title>\n<meta name=\"description\" content=\"\u00d3LEO DE COCO BIO 1L YAKSO\" \/>\n<meta name=\"robots\" content=\"index, follow, max-snippet:-1, max-image-preview:large, max-video-preview:-1\" \/>\n<link rel=\"canonical\" href=\"https:\/\/www.biocabaz.pt\/web\/en\/produto\/oleo-de-coco-bio-1l-yakso\/\" \/>\n<meta property=\"og:locale\" content=\"pt_PT\" \/>\n<meta property=\"og:locale:alternate\" content=\"pt_PT\" \/>\n<meta property=\"og:type\" content=\"article\" \/>\n<meta property=\"og:title\" content=\"YAKSO ORGANIC COCONUT OIL 1L\" \/>\n<meta property=\"og:description\" content=\"\u00d3LEO DE COCO BIO 1L YAKSO\" \/>\n<meta property=\"og:url\" content=\"https:\/\/biocabaz.pt\/web\/en\/produto\/oleo-de-coco-bio-1l-yakso\/\" \/>\n<meta property=\"og:site_name\" content=\"CABAZES BIOL\u00d3GICOS\" \/>\n<meta property=\"article:modified_time\" content=\"2026-03-28T09:18:55+00:00\" \/>\n<meta property=\"og:image\" content=\"https:\/\/www.biocabaz.pt\/web\/wp-conteudos\/uploads\/2018\/10\/\u00d3LEO-DE-COCO-BIO-1000ML-YAKSO.jpg\" \/>\n\t<meta property=\"og:image:width\" content=\"200\" \/>\n\t<meta property=\"og:image:height\" content=\"200\" \/>\n\t<meta property=\"og:image:type\" content=\"image\/jpeg\" \/>\n<meta name=\"twitter:card\" content=\"summary_large_image\" \/>\n<meta name=\"twitter:label1\" content=\"Est. reading time\" \/>\n\t<meta name=\"twitter:data1\" content=\"1 minute\" \/>\n<script type=\"application\/ld+json\" class=\"yoast-schema-graph\">{\"@context\":\"https:\/\/schema.org\",\"@graph\":[{\"@type\":\"WebPage\",\"@id\":\"https:\/\/www.biocabaz.pt\/web\/en\/produto\/oleo-de-coco-bio-1l-yakso\/\",\"url\":\"https:\/\/www.biocabaz.pt\/web\/en\/produto\/oleo-de-coco-bio-1l-yakso\/\",\"name\":\"YAKSO ORGANIC COCONUT OIL 1L\",\"isPartOf\":{\"@id\":\"https:\/\/biocabaz.pt\/web\/#website\"},\"primaryImageOfPage\":{\"@id\":\"https:\/\/www.biocabaz.pt\/web\/en\/produto\/oleo-de-coco-bio-1l-yakso\/#primaryimage\"},\"image\":{\"@id\":\"https:\/\/www.biocabaz.pt\/web\/en\/produto\/oleo-de-coco-bio-1l-yakso\/#primaryimage\"},\"thumbnailUrl\":\"https:\/\/www.biocabaz.pt\/web\/wp-conteudos\/uploads\/2018\/10\/\u00d3LEO-DE-COCO-BIO-1000ML-YAKSO.jpg\",\"datePublished\":\"2018-10-23T09:53:19+00:00\",\"dateModified\":\"2026-03-28T09:18:55+00:00\",\"description\":\"\u00d3LEO DE COCO BIO 1L YAKSO\",\"breadcrumb\":{\"@id\":\"https:\/\/www.biocabaz.pt\/web\/en\/produto\/oleo-de-coco-bio-1l-yakso\/#breadcrumb\"},\"inLanguage\":\"pt-PT\",\"potentialAction\":[{\"@type\":\"ReadAction\",\"target\":[\"https:\/\/www.biocabaz.pt\/web\/en\/produto\/oleo-de-coco-bio-1l-yakso\/\"]}]},{\"@type\":\"ImageObject\",\"inLanguage\":\"pt-PT\",\"@id\":\"https:\/\/www.biocabaz.pt\/web\/en\/produto\/oleo-de-coco-bio-1l-yakso\/#primaryimage\",\"url\":\"https:\/\/www.biocabaz.pt\/web\/wp-conteudos\/uploads\/2018\/10\/\u00d3LEO-DE-COCO-BIO-1000ML-YAKSO.jpg\",\"contentUrl\":\"https:\/\/www.biocabaz.pt\/web\/wp-conteudos\/uploads\/2018\/10\/\u00d3LEO-DE-COCO-BIO-1000ML-YAKSO.jpg\",\"width\":200,\"height\":200,\"caption\":\"\u00d3LEO DE COCO BIO 1L YAKSO\"},{\"@type\":\"BreadcrumbList\",\"@id\":\"https:\/\/www.biocabaz.pt\/web\/en\/produto\/oleo-de-coco-bio-1l-yakso\/#breadcrumb\",\"itemListElement\":[{\"@type\":\"ListItem\",\"position\":1,\"name\":\"Home\",\"item\":\"https:\/\/biocabaz.pt\/web\/\"},{\"@type\":\"ListItem\",\"position\":2,\"name\":\"Loja\",\"item\":\"https:\/\/biocabaz.pt\/web\/shop\/\"},{\"@type\":\"ListItem\",\"position\":3,\"name\":\"YAKSO ORGANIC COCONUT OIL 1L\"}]},{\"@type\":\"WebSite\",\"@id\":\"https:\/\/biocabaz.pt\/web\/#website\",\"url\":\"https:\/\/biocabaz.pt\/web\/\",\"name\":\"CABAZES BIOL\u00d3GICOS\",\"description\":\"One+Number\",\"potentialAction\":[{\"@type\":\"SearchAction\",\"target\":{\"@type\":\"EntryPoint\",\"urlTemplate\":\"https:\/\/biocabaz.pt\/web\/?s={search_term_string}\"},\"query-input\":{\"@type\":\"PropertyValueSpecification\",\"valueRequired\":true,\"valueName\":\"search_term_string\"}}],\"inLanguage\":\"pt-PT\"}]}<\/script>\n<!-- \/ Yoast SEO plugin. -->","yoast_head_json":{"title":"YAKSO ORGANIC COCONUT OIL 1L","description":"\u00d3LEO DE COCO BIO 1L YAKSO","robots":{"index":"index","follow":"follow","max-snippet":"max-snippet:-1","max-image-preview":"max-image-preview:large","max-video-preview":"max-video-preview:-1"},"canonical":"https:\/\/www.biocabaz.pt\/web\/en\/produto\/oleo-de-coco-bio-1l-yakso\/","og_locale":"pt_PT","og_type":"article","og_title":"[:en]YAKSO ORGANIC COCONUT OIL 1L[:pt]\u00d3LEO DE COCO BIO 1L YAKSO[:] - CABAZES BIOL\u00d3GICOS","og_description":"\u00d3LEO DE COCO BIO 1L YAKSO","og_url":"https:\/\/biocabaz.pt\/web\/en\/produto\/oleo-de-coco-bio-1l-yakso\/","og_site_name":"CABAZES BIOL\u00d3GICOS","article_modified_time":"2026-03-28T09:18:55+00:00","og_image":[{"width":200,"height":200,"url":"https:\/\/www.biocabaz.pt\/web\/wp-conteudos\/uploads\/2018\/10\/\u00d3LEO-DE-COCO-BIO-1000ML-YAKSO.jpg","type":"image\/jpeg"}],"twitter_card":"summary_large_image","twitter_misc":{"Est. reading time":"1 minute"},"schema":{"@context":"https:\/\/schema.org","@graph":[{"@type":"WebPage","@id":"https:\/\/www.biocabaz.pt\/web\/en\/produto\/oleo-de-coco-bio-1l-yakso\/","url":"https:\/\/www.biocabaz.pt\/web\/en\/produto\/oleo-de-coco-bio-1l-yakso\/","name":"YAKSO ORGANIC COCONUT OIL 1L","isPartOf":{"@id":"https:\/\/biocabaz.pt\/web\/#website"},"primaryImageOfPage":{"@id":"https:\/\/www.biocabaz.pt\/web\/en\/produto\/oleo-de-coco-bio-1l-yakso\/#primaryimage"},"image":{"@id":"https:\/\/www.biocabaz.pt\/web\/en\/produto\/oleo-de-coco-bio-1l-yakso\/#primaryimage"},"thumbnailUrl":"https:\/\/www.biocabaz.pt\/web\/wp-conteudos\/uploads\/2018\/10\/\u00d3LEO-DE-COCO-BIO-1000ML-YAKSO.jpg","datePublished":"2018-10-23T09:53:19+00:00","dateModified":"2026-03-28T09:18:55+00:00","description":"\u00d3LEO DE COCO BIO 1L YAKSO","breadcrumb":{"@id":"https:\/\/www.biocabaz.pt\/web\/en\/produto\/oleo-de-coco-bio-1l-yakso\/#breadcrumb"},"inLanguage":"pt-PT","potentialAction":[{"@type":"ReadAction","target":["https:\/\/www.biocabaz.pt\/web\/en\/produto\/oleo-de-coco-bio-1l-yakso\/"]}]},{"@type":"ImageObject","inLanguage":"pt-PT","@id":"https:\/\/www.biocabaz.pt\/web\/en\/produto\/oleo-de-coco-bio-1l-yakso\/#primaryimage","url":"https:\/\/www.biocabaz.pt\/web\/wp-conteudos\/uploads\/2018\/10\/\u00d3LEO-DE-COCO-BIO-1000ML-YAKSO.jpg","contentUrl":"https:\/\/www.biocabaz.pt\/web\/wp-conteudos\/uploads\/2018\/10\/\u00d3LEO-DE-COCO-BIO-1000ML-YAKSO.jpg","width":200,"height":200,"caption":"\u00d3LEO DE COCO BIO 1L YAKSO"},{"@type":"BreadcrumbList","@id":"https:\/\/www.biocabaz.pt\/web\/en\/produto\/oleo-de-coco-bio-1l-yakso\/#breadcrumb","itemListElement":[{"@type":"ListItem","position":1,"name":"Home","item":"https:\/\/biocabaz.pt\/web\/"},{"@type":"ListItem","position":2,"name":"Loja","item":"https:\/\/biocabaz.pt\/web\/shop\/"},{"@type":"ListItem","position":3,"name":"YAKSO ORGANIC COCONUT OIL 1L"}]},{"@type":"WebSite","@id":"https:\/\/biocabaz.pt\/web\/#website","url":"https:\/\/biocabaz.pt\/web\/","name":"CABAZES BIOL\u00d3GICOS","description":"One+Number","potentialAction":[{"@type":"SearchAction","target":{"@type":"EntryPoint","urlTemplate":"https:\/\/biocabaz.pt\/web\/?s={search_term_string}"},"query-input":{"@type":"PropertyValueSpecification","valueRequired":true,"valueName":"search_term_string"}}],"inLanguage":"pt-PT"}]}},"_links":{"self":[{"href":"https:\/\/biocabaz.pt\/web\/en\/wp-json\/wp\/v2\/product\/9079","targetHints":{"allow":["GET"]}}],"collection":[{"href":"https:\/\/biocabaz.pt\/web\/en\/wp-json\/wp\/v2\/product"}],"about":[{"href":"https:\/\/biocabaz.pt\/web\/en\/wp-json\/wp\/v2\/types\/product"}],"replies":[{"embeddable":true,"href":"https:\/\/biocabaz.pt\/web\/en\/wp-json\/wp\/v2\/comments?post=9079"}],"wp:featuredmedia":[{"embeddable":true,"href":"https:\/\/biocabaz.pt\/web\/en\/wp-json\/wp\/v2\/media\/9080"}],"wp:attachment":[{"href":"https:\/\/biocabaz.pt\/web\/en\/wp-json\/wp\/v2\/media?parent=9079"}],"wp:term":[{"taxonomy":"product_cat","embeddable":true,"href":"https:\/\/biocabaz.pt\/web\/en\/wp-json\/wp\/v2\/product_cat?post=9079"},{"taxonomy":"product_tag","embeddable":true,"href":"https:\/\/biocabaz.pt\/web\/en\/wp-json\/wp\/v2\/product_tag?post=9079"}],"curies":[{"name":"wp","href":"https:\/\/api.w.org\/{rel}","templated":true}]}}