{"id":8991,"date":"2018-10-22T10:13:49","date_gmt":"2018-10-22T10:13:49","guid":{"rendered":"https:\/\/www.biocabaz.pt\/web\/?post_type=product&#038;p=8991"},"modified":"2024-08-02T07:47:11","modified_gmt":"2024-08-02T07:47:11","slug":"gluten-de-trigo-bio-provida","status":"publish","type":"product","link":"https:\/\/biocabaz.pt\/web\/en\/produto\/gluten-de-trigo-bio-provida\/","title":{"rendered":"PR\u00d3VIDA ORGANIC \nWHEAT GLUTEN 250GR"},"content":{"rendered":"<p><strong>Description<\/strong><br \/>Ingredients: Obtained from wheat, gluten is its protein part insoluble in water.<\/p>\n<p><strong>Nutrition Facts<\/strong><br \/><strong>Nutritional Information per 100g\/ml<\/strong>: Energy: 1554kJ \/ 370kcal; Lipids: 1.9g &#8211; of which saturated: 0.3g; Carbohydrates: 13.2g &#8211; of which sugars: 6.8g; Fiber: 0.6g; Proteins: 79.0g; Salt: 0.07g.<\/p>\n<p><strong>Use Mode<\/strong><br \/>It can be used to obtain seitan. To enrich or improve culinary preparations. In the preparation of seitan add water and mix until obtaining elastic mass, cook in water and soy sauce. Store in a cool, dry place.<\/p>\n","protected":false},"excerpt":{"rendered":"<p><strong>Nutritional Information per 100g\/ml<\/strong>: Energy: 1554kJ \/ 370kcal; Lipids: 1.9g &#8211; of which saturated: 0.3g; Carbohydrates: 13.2g &#8211; of which sugars: 6.8g; Fiber: 0.6g; Proteins: 79.0g; Salt: 0.07g.<\/p>\n","protected":false},"featured_media":8992,"comment_status":"closed","ping_status":"closed","template":"","meta":[],"product_cat":[22],"product_tag":[],"class_list":["post-8991","product","type-product","status-publish","has-post-thumbnail","hentry","product_cat-arroz-farinha"],"bundle_layout":"","bundled_by":[],"bundled_items":[],"yoast_head":"<!-- This site is optimized with the Yoast SEO plugin v26.3 - https:\/\/yoast.com\/wordpress\/plugins\/seo\/ -->\n<title>PR\u00d3VIDA ORGANIC WHEAT GLUTEN 250GR<\/title>\n<meta name=\"description\" content=\"GL\u00daTEN DE TRIGO BIO PROVIDA\" \/>\n<meta name=\"robots\" content=\"index, follow, max-snippet:-1, max-image-preview:large, max-video-preview:-1\" \/>\n<link rel=\"canonical\" href=\"https:\/\/biocabaz.pt\/web\/en\/produto\/gluten-de-trigo-bio-provida\/\" \/>\n<meta property=\"og:locale\" content=\"pt_PT\" \/>\n<meta property=\"og:locale:alternate\" content=\"pt_PT\" \/>\n<meta property=\"og:type\" content=\"article\" \/>\n<meta property=\"og:title\" content=\"PR\u00d3VIDA ORGANIC WHEAT GLUTEN 250GR\" \/>\n<meta property=\"og:description\" content=\"GL\u00daTEN DE TRIGO BIO PROVIDA\" \/>\n<meta property=\"og:url\" content=\"https:\/\/biocabaz.pt\/web\/en\/produto\/gluten-de-trigo-bio-provida\/\" \/>\n<meta property=\"og:site_name\" content=\"CABAZES BIOL\u00d3GICOS\" \/>\n<meta property=\"article:modified_time\" content=\"2024-08-02T07:47:11+00:00\" \/>\n<meta property=\"og:image\" content=\"https:\/\/www.biocabaz.pt\/web\/wp-conteudos\/uploads\/2018\/10\/GL\u00daTEN-DE-TRIGO-BIO-PROVIDA.jpg\" \/>\n\t<meta property=\"og:image:width\" content=\"600\" \/>\n\t<meta property=\"og:image:height\" content=\"600\" \/>\n\t<meta property=\"og:image:type\" content=\"image\/jpeg\" \/>\n<meta name=\"twitter:card\" content=\"summary_large_image\" \/>\n<meta name=\"twitter:label1\" content=\"Est. reading time\" \/>\n\t<meta name=\"twitter:data1\" content=\"1 minute\" \/>\n<script type=\"application\/ld+json\" class=\"yoast-schema-graph\">{\"@context\":\"https:\/\/schema.org\",\"@graph\":[{\"@type\":\"WebPage\",\"@id\":\"https:\/\/biocabaz.pt\/web\/produto\/gluten-de-trigo-bio-provida\/\",\"url\":\"https:\/\/biocabaz.pt\/web\/produto\/gluten-de-trigo-bio-provida\/\",\"name\":\"PR\u00d3VIDA ORGANIC WHEAT GLUTEN 250GR\",\"isPartOf\":{\"@id\":\"https:\/\/biocabaz.pt\/web\/#website\"},\"primaryImageOfPage\":{\"@id\":\"https:\/\/biocabaz.pt\/web\/produto\/gluten-de-trigo-bio-provida\/#primaryimage\"},\"image\":{\"@id\":\"https:\/\/biocabaz.pt\/web\/produto\/gluten-de-trigo-bio-provida\/#primaryimage\"},\"thumbnailUrl\":\"https:\/\/www.biocabaz.pt\/web\/wp-conteudos\/uploads\/2018\/10\/GL\u00daTEN-DE-TRIGO-BIO-PROVIDA.jpg\",\"datePublished\":\"2018-10-22T10:13:49+00:00\",\"dateModified\":\"2024-08-02T07:47:11+00:00\",\"description\":\"GL\u00daTEN DE TRIGO BIO PROVIDA\",\"breadcrumb\":{\"@id\":\"https:\/\/biocabaz.pt\/web\/produto\/gluten-de-trigo-bio-provida\/#breadcrumb\"},\"inLanguage\":\"pt-PT\",\"potentialAction\":[{\"@type\":\"ReadAction\",\"target\":[\"https:\/\/biocabaz.pt\/web\/produto\/gluten-de-trigo-bio-provida\/\"]}]},{\"@type\":\"ImageObject\",\"inLanguage\":\"pt-PT\",\"@id\":\"https:\/\/biocabaz.pt\/web\/produto\/gluten-de-trigo-bio-provida\/#primaryimage\",\"url\":\"https:\/\/www.biocabaz.pt\/web\/wp-conteudos\/uploads\/2018\/10\/GL\u00daTEN-DE-TRIGO-BIO-PROVIDA.jpg\",\"contentUrl\":\"https:\/\/www.biocabaz.pt\/web\/wp-conteudos\/uploads\/2018\/10\/GL\u00daTEN-DE-TRIGO-BIO-PROVIDA.jpg\",\"width\":600,\"height\":600,\"caption\":\"GL\u00daTEN DE TRIGO BIO PROVIDA\"},{\"@type\":\"BreadcrumbList\",\"@id\":\"https:\/\/biocabaz.pt\/web\/produto\/gluten-de-trigo-bio-provida\/#breadcrumb\",\"itemListElement\":[{\"@type\":\"ListItem\",\"position\":1,\"name\":\"Home\",\"item\":\"https:\/\/biocabaz.pt\/web\/\"},{\"@type\":\"ListItem\",\"position\":2,\"name\":\"Loja\",\"item\":\"https:\/\/biocabaz.pt\/web\/shop\/\"},{\"@type\":\"ListItem\",\"position\":3,\"name\":\"GL\u00daTEN DE TRIGO BIO 250GRS PROVIDA\"}]},{\"@type\":\"WebSite\",\"@id\":\"https:\/\/biocabaz.pt\/web\/#website\",\"url\":\"https:\/\/biocabaz.pt\/web\/\",\"name\":\"CABAZES BIOL\u00d3GICOS\",\"description\":\"One+Number\",\"potentialAction\":[{\"@type\":\"SearchAction\",\"target\":{\"@type\":\"EntryPoint\",\"urlTemplate\":\"https:\/\/biocabaz.pt\/web\/?s={search_term_string}\"},\"query-input\":{\"@type\":\"PropertyValueSpecification\",\"valueRequired\":true,\"valueName\":\"search_term_string\"}}],\"inLanguage\":\"pt-PT\"}]}<\/script>\n<!-- \/ Yoast SEO plugin. -->","yoast_head_json":{"title":"PR\u00d3VIDA ORGANIC WHEAT GLUTEN 250GR","description":"GL\u00daTEN DE TRIGO BIO PROVIDA","robots":{"index":"index","follow":"follow","max-snippet":"max-snippet:-1","max-image-preview":"max-image-preview:large","max-video-preview":"max-video-preview:-1"},"canonical":"https:\/\/biocabaz.pt\/web\/en\/produto\/gluten-de-trigo-bio-provida\/","og_locale":"pt_PT","og_type":"article","og_title":"[:en]PR\u00d3VIDA ORGANIC WHEAT GLUTEN 250GR[:pt]GL\u00daTEN DE TRIGO BIO 250GRS PROVIDA[:] - CABAZES BIOL\u00d3GICOS","og_description":"GL\u00daTEN DE TRIGO BIO PROVIDA","og_url":"https:\/\/biocabaz.pt\/web\/en\/produto\/gluten-de-trigo-bio-provida\/","og_site_name":"CABAZES BIOL\u00d3GICOS","article_modified_time":"2024-08-02T07:47:11+00:00","og_image":[{"width":600,"height":600,"url":"https:\/\/www.biocabaz.pt\/web\/wp-conteudos\/uploads\/2018\/10\/GL\u00daTEN-DE-TRIGO-BIO-PROVIDA.jpg","type":"image\/jpeg"}],"twitter_card":"summary_large_image","twitter_misc":{"Est. reading time":"1 minute"},"schema":{"@context":"https:\/\/schema.org","@graph":[{"@type":"WebPage","@id":"https:\/\/biocabaz.pt\/web\/produto\/gluten-de-trigo-bio-provida\/","url":"https:\/\/biocabaz.pt\/web\/produto\/gluten-de-trigo-bio-provida\/","name":"PR\u00d3VIDA ORGANIC WHEAT GLUTEN 250GR","isPartOf":{"@id":"https:\/\/biocabaz.pt\/web\/#website"},"primaryImageOfPage":{"@id":"https:\/\/biocabaz.pt\/web\/produto\/gluten-de-trigo-bio-provida\/#primaryimage"},"image":{"@id":"https:\/\/biocabaz.pt\/web\/produto\/gluten-de-trigo-bio-provida\/#primaryimage"},"thumbnailUrl":"https:\/\/www.biocabaz.pt\/web\/wp-conteudos\/uploads\/2018\/10\/GL\u00daTEN-DE-TRIGO-BIO-PROVIDA.jpg","datePublished":"2018-10-22T10:13:49+00:00","dateModified":"2024-08-02T07:47:11+00:00","description":"GL\u00daTEN DE TRIGO BIO PROVIDA","breadcrumb":{"@id":"https:\/\/biocabaz.pt\/web\/produto\/gluten-de-trigo-bio-provida\/#breadcrumb"},"inLanguage":"pt-PT","potentialAction":[{"@type":"ReadAction","target":["https:\/\/biocabaz.pt\/web\/produto\/gluten-de-trigo-bio-provida\/"]}]},{"@type":"ImageObject","inLanguage":"pt-PT","@id":"https:\/\/biocabaz.pt\/web\/produto\/gluten-de-trigo-bio-provida\/#primaryimage","url":"https:\/\/www.biocabaz.pt\/web\/wp-conteudos\/uploads\/2018\/10\/GL\u00daTEN-DE-TRIGO-BIO-PROVIDA.jpg","contentUrl":"https:\/\/www.biocabaz.pt\/web\/wp-conteudos\/uploads\/2018\/10\/GL\u00daTEN-DE-TRIGO-BIO-PROVIDA.jpg","width":600,"height":600,"caption":"GL\u00daTEN DE TRIGO BIO PROVIDA"},{"@type":"BreadcrumbList","@id":"https:\/\/biocabaz.pt\/web\/produto\/gluten-de-trigo-bio-provida\/#breadcrumb","itemListElement":[{"@type":"ListItem","position":1,"name":"Home","item":"https:\/\/biocabaz.pt\/web\/"},{"@type":"ListItem","position":2,"name":"Loja","item":"https:\/\/biocabaz.pt\/web\/shop\/"},{"@type":"ListItem","position":3,"name":"GL\u00daTEN DE TRIGO BIO 250GRS PROVIDA"}]},{"@type":"WebSite","@id":"https:\/\/biocabaz.pt\/web\/#website","url":"https:\/\/biocabaz.pt\/web\/","name":"CABAZES BIOL\u00d3GICOS","description":"One+Number","potentialAction":[{"@type":"SearchAction","target":{"@type":"EntryPoint","urlTemplate":"https:\/\/biocabaz.pt\/web\/?s={search_term_string}"},"query-input":{"@type":"PropertyValueSpecification","valueRequired":true,"valueName":"search_term_string"}}],"inLanguage":"pt-PT"}]}},"_links":{"self":[{"href":"https:\/\/biocabaz.pt\/web\/en\/wp-json\/wp\/v2\/product\/8991","targetHints":{"allow":["GET"]}}],"collection":[{"href":"https:\/\/biocabaz.pt\/web\/en\/wp-json\/wp\/v2\/product"}],"about":[{"href":"https:\/\/biocabaz.pt\/web\/en\/wp-json\/wp\/v2\/types\/product"}],"replies":[{"embeddable":true,"href":"https:\/\/biocabaz.pt\/web\/en\/wp-json\/wp\/v2\/comments?post=8991"}],"wp:featuredmedia":[{"embeddable":true,"href":"https:\/\/biocabaz.pt\/web\/en\/wp-json\/wp\/v2\/media\/8992"}],"wp:attachment":[{"href":"https:\/\/biocabaz.pt\/web\/en\/wp-json\/wp\/v2\/media?parent=8991"}],"wp:term":[{"taxonomy":"product_cat","embeddable":true,"href":"https:\/\/biocabaz.pt\/web\/en\/wp-json\/wp\/v2\/product_cat?post=8991"},{"taxonomy":"product_tag","embeddable":true,"href":"https:\/\/biocabaz.pt\/web\/en\/wp-json\/wp\/v2\/product_tag?post=8991"}],"curies":[{"name":"wp","href":"https:\/\/api.w.org\/{rel}","templated":true}]}}