{"id":87153,"date":"2022-05-29T09:53:20","date_gmt":"2022-05-29T09:53:20","guid":{"rendered":"https:\/\/www.biocabaz.pt\/web\/?post_type=product&#038;p=87153"},"modified":"2025-09-30T17:02:28","modified_gmt":"2025-09-30T17:02:28","slug":"espetadas-de-vitelao-bio","status":"publish","type":"product","link":"https:\/\/biocabaz.pt\/web\/en\/produto\/espetadas-de-vitelao-bio\/","title":{"rendered":"ESPETADAS DE VITEL\u00c3O BIO NACIONAL"},"content":{"rendered":"<p>Origem Portugal<\/p>\n","protected":false},"excerpt":{"rendered":"<p>Peso 400g a 600g<\/p>\n<p>29,98\u20ac\/kg<\/p>\n","protected":false},"featured_media":87154,"comment_status":"closed","ping_status":"closed","template":"","meta":[],"product_cat":[14],"product_tag":[],"class_list":["post-87153","product","type-product","status-publish","has-post-thumbnail","hentry","product_cat-talho-biologico"],"bundle_layout":"","bundled_by":[],"bundled_items":[],"yoast_head":"<!-- This site is optimized with the Yoast SEO plugin v26.3 - https:\/\/yoast.com\/wordpress\/plugins\/seo\/ -->\n<title>ESPETADAS DE VITEL\u00c3O BIO NACIONAL<\/title>\n<meta name=\"description\" content=\"ESPETADAS DE VITEL\u00c3O BIO\" \/>\n<meta name=\"robots\" content=\"index, follow, max-snippet:-1, max-image-preview:large, max-video-preview:-1\" \/>\n<link rel=\"canonical\" href=\"https:\/\/www.biocabaz.pt\/web\/en\/produto\/espetadas-de-vitelao-bio\/\" \/>\n<meta property=\"og:locale\" content=\"pt_PT\" \/>\n<meta property=\"og:locale:alternate\" content=\"pt_PT\" \/>\n<meta property=\"og:type\" content=\"article\" \/>\n<meta property=\"og:title\" content=\"ESPETADAS DE VITEL\u00c3O BIO NACIONAL\" \/>\n<meta property=\"og:description\" content=\"ESPETADAS DE VITEL\u00c3O BIO\" \/>\n<meta property=\"og:url\" content=\"https:\/\/biocabaz.pt\/web\/en\/produto\/espetadas-de-vitelao-bio\/\" \/>\n<meta property=\"og:site_name\" content=\"CABAZES BIOL\u00d3GICOS\" \/>\n<meta property=\"article:modified_time\" content=\"2025-09-30T17:02:28+00:00\" \/>\n<meta property=\"og:image\" content=\"https:\/\/www.biocabaz.pt\/web\/wp-conteudos\/uploads\/2022\/05\/espetada-de-vitelao-bio.jpg\" \/>\n\t<meta property=\"og:image:width\" content=\"800\" \/>\n\t<meta property=\"og:image:height\" content=\"800\" \/>\n\t<meta property=\"og:image:type\" content=\"image\/jpeg\" \/>\n<meta name=\"twitter:card\" content=\"summary_large_image\" \/>\n<meta name=\"twitter:label1\" content=\"Est. reading time\" \/>\n\t<meta name=\"twitter:data1\" content=\"1 minute\" \/>\n<script type=\"application\/ld+json\" class=\"yoast-schema-graph\">{\"@context\":\"https:\/\/schema.org\",\"@graph\":[{\"@type\":\"WebPage\",\"@id\":\"https:\/\/www.biocabaz.pt\/web\/en\/produto\/espetadas-de-vitelao-bio\/\",\"url\":\"https:\/\/www.biocabaz.pt\/web\/en\/produto\/espetadas-de-vitelao-bio\/\",\"name\":\"ESPETADAS DE VITEL\u00c3O BIO NACIONAL\",\"isPartOf\":{\"@id\":\"https:\/\/www.biocabaz.pt\/web\/#website\"},\"primaryImageOfPage\":{\"@id\":\"https:\/\/www.biocabaz.pt\/web\/en\/produto\/espetadas-de-vitelao-bio\/#primaryimage\"},\"image\":{\"@id\":\"https:\/\/www.biocabaz.pt\/web\/en\/produto\/espetadas-de-vitelao-bio\/#primaryimage\"},\"thumbnailUrl\":\"https:\/\/www.biocabaz.pt\/web\/wp-conteudos\/uploads\/2022\/05\/espetada-de-vitelao-bio.jpg\",\"datePublished\":\"2022-05-29T09:53:20+00:00\",\"dateModified\":\"2025-09-30T17:02:28+00:00\",\"description\":\"ESPETADAS DE VITEL\u00c3O BIO\",\"breadcrumb\":{\"@id\":\"https:\/\/www.biocabaz.pt\/web\/en\/produto\/espetadas-de-vitelao-bio\/#breadcrumb\"},\"inLanguage\":\"pt-PT\",\"potentialAction\":[{\"@type\":\"ReadAction\",\"target\":[\"https:\/\/www.biocabaz.pt\/web\/en\/produto\/espetadas-de-vitelao-bio\/\"]}]},{\"@type\":\"ImageObject\",\"inLanguage\":\"pt-PT\",\"@id\":\"https:\/\/www.biocabaz.pt\/web\/en\/produto\/espetadas-de-vitelao-bio\/#primaryimage\",\"url\":\"https:\/\/www.biocabaz.pt\/web\/wp-conteudos\/uploads\/2022\/05\/espetada-de-vitelao-bio.jpg\",\"contentUrl\":\"https:\/\/www.biocabaz.pt\/web\/wp-conteudos\/uploads\/2022\/05\/espetada-de-vitelao-bio.jpg\",\"width\":800,\"height\":800,\"caption\":\"ESPETADAS DE VITEL\u00c3O BIO\"},{\"@type\":\"BreadcrumbList\",\"@id\":\"https:\/\/www.biocabaz.pt\/web\/en\/produto\/espetadas-de-vitelao-bio\/#breadcrumb\",\"itemListElement\":[{\"@type\":\"ListItem\",\"position\":1,\"name\":\"Home\",\"item\":\"https:\/\/www.biocabaz.pt\/web\/\"},{\"@type\":\"ListItem\",\"position\":2,\"name\":\"Shop\",\"item\":\"https:\/\/www.biocabaz.pt\/web\/en\/shop\/\"},{\"@type\":\"ListItem\",\"position\":3,\"name\":\"ESPETADAS DE VITEL\u00c3O BIO NACIONAL\"}]},{\"@type\":\"WebSite\",\"@id\":\"https:\/\/www.biocabaz.pt\/web\/#website\",\"url\":\"https:\/\/www.biocabaz.pt\/web\/\",\"name\":\"CABAZES BIOL\u00d3GICOS\",\"description\":\"One+Number\",\"potentialAction\":[{\"@type\":\"SearchAction\",\"target\":{\"@type\":\"EntryPoint\",\"urlTemplate\":\"https:\/\/www.biocabaz.pt\/web\/?s={search_term_string}\"},\"query-input\":{\"@type\":\"PropertyValueSpecification\",\"valueRequired\":true,\"valueName\":\"search_term_string\"}}],\"inLanguage\":\"pt-PT\"}]}<\/script>\n<!-- \/ Yoast SEO plugin. -->","yoast_head_json":{"title":"ESPETADAS DE VITEL\u00c3O BIO NACIONAL","description":"ESPETADAS DE VITEL\u00c3O BIO","robots":{"index":"index","follow":"follow","max-snippet":"max-snippet:-1","max-image-preview":"max-image-preview:large","max-video-preview":"max-video-preview:-1"},"canonical":"https:\/\/www.biocabaz.pt\/web\/en\/produto\/espetadas-de-vitelao-bio\/","og_locale":"pt_PT","og_type":"article","og_title":"[:pt]ESPETADAS DE VITEL\u00c3O BIO NACIONAL[:] - CABAZES BIOL\u00d3GICOS","og_description":"ESPETADAS DE VITEL\u00c3O BIO","og_url":"https:\/\/biocabaz.pt\/web\/en\/produto\/espetadas-de-vitelao-bio\/","og_site_name":"CABAZES BIOL\u00d3GICOS","article_modified_time":"2025-09-30T17:02:28+00:00","og_image":[{"width":800,"height":800,"url":"https:\/\/www.biocabaz.pt\/web\/wp-conteudos\/uploads\/2022\/05\/espetada-de-vitelao-bio.jpg","type":"image\/jpeg"}],"twitter_card":"summary_large_image","twitter_misc":{"Est. reading time":"1 minute"},"schema":{"@context":"https:\/\/schema.org","@graph":[{"@type":"WebPage","@id":"https:\/\/www.biocabaz.pt\/web\/en\/produto\/espetadas-de-vitelao-bio\/","url":"https:\/\/www.biocabaz.pt\/web\/en\/produto\/espetadas-de-vitelao-bio\/","name":"ESPETADAS DE VITEL\u00c3O BIO NACIONAL","isPartOf":{"@id":"https:\/\/www.biocabaz.pt\/web\/#website"},"primaryImageOfPage":{"@id":"https:\/\/www.biocabaz.pt\/web\/en\/produto\/espetadas-de-vitelao-bio\/#primaryimage"},"image":{"@id":"https:\/\/www.biocabaz.pt\/web\/en\/produto\/espetadas-de-vitelao-bio\/#primaryimage"},"thumbnailUrl":"https:\/\/www.biocabaz.pt\/web\/wp-conteudos\/uploads\/2022\/05\/espetada-de-vitelao-bio.jpg","datePublished":"2022-05-29T09:53:20+00:00","dateModified":"2025-09-30T17:02:28+00:00","description":"ESPETADAS DE VITEL\u00c3O BIO","breadcrumb":{"@id":"https:\/\/www.biocabaz.pt\/web\/en\/produto\/espetadas-de-vitelao-bio\/#breadcrumb"},"inLanguage":"pt-PT","potentialAction":[{"@type":"ReadAction","target":["https:\/\/www.biocabaz.pt\/web\/en\/produto\/espetadas-de-vitelao-bio\/"]}]},{"@type":"ImageObject","inLanguage":"pt-PT","@id":"https:\/\/www.biocabaz.pt\/web\/en\/produto\/espetadas-de-vitelao-bio\/#primaryimage","url":"https:\/\/www.biocabaz.pt\/web\/wp-conteudos\/uploads\/2022\/05\/espetada-de-vitelao-bio.jpg","contentUrl":"https:\/\/www.biocabaz.pt\/web\/wp-conteudos\/uploads\/2022\/05\/espetada-de-vitelao-bio.jpg","width":800,"height":800,"caption":"ESPETADAS DE VITEL\u00c3O BIO"},{"@type":"BreadcrumbList","@id":"https:\/\/www.biocabaz.pt\/web\/en\/produto\/espetadas-de-vitelao-bio\/#breadcrumb","itemListElement":[{"@type":"ListItem","position":1,"name":"Home","item":"https:\/\/www.biocabaz.pt\/web\/"},{"@type":"ListItem","position":2,"name":"Shop","item":"https:\/\/www.biocabaz.pt\/web\/en\/shop\/"},{"@type":"ListItem","position":3,"name":"ESPETADAS DE VITEL\u00c3O BIO NACIONAL"}]},{"@type":"WebSite","@id":"https:\/\/www.biocabaz.pt\/web\/#website","url":"https:\/\/www.biocabaz.pt\/web\/","name":"CABAZES BIOL\u00d3GICOS","description":"One+Number","potentialAction":[{"@type":"SearchAction","target":{"@type":"EntryPoint","urlTemplate":"https:\/\/www.biocabaz.pt\/web\/?s={search_term_string}"},"query-input":{"@type":"PropertyValueSpecification","valueRequired":true,"valueName":"search_term_string"}}],"inLanguage":"pt-PT"}]}},"_links":{"self":[{"href":"https:\/\/biocabaz.pt\/web\/en\/wp-json\/wp\/v2\/product\/87153","targetHints":{"allow":["GET"]}}],"collection":[{"href":"https:\/\/biocabaz.pt\/web\/en\/wp-json\/wp\/v2\/product"}],"about":[{"href":"https:\/\/biocabaz.pt\/web\/en\/wp-json\/wp\/v2\/types\/product"}],"replies":[{"embeddable":true,"href":"https:\/\/biocabaz.pt\/web\/en\/wp-json\/wp\/v2\/comments?post=87153"}],"wp:featuredmedia":[{"embeddable":true,"href":"https:\/\/biocabaz.pt\/web\/en\/wp-json\/wp\/v2\/media\/87154"}],"wp:attachment":[{"href":"https:\/\/biocabaz.pt\/web\/en\/wp-json\/wp\/v2\/media?parent=87153"}],"wp:term":[{"taxonomy":"product_cat","embeddable":true,"href":"https:\/\/biocabaz.pt\/web\/en\/wp-json\/wp\/v2\/product_cat?post=87153"},{"taxonomy":"product_tag","embeddable":true,"href":"https:\/\/biocabaz.pt\/web\/en\/wp-json\/wp\/v2\/product_tag?post=87153"}],"curies":[{"name":"wp","href":"https:\/\/api.w.org\/{rel}","templated":true}]}}