{"id":8700,"date":"2018-10-15T11:04:38","date_gmt":"2018-10-15T11:04:38","guid":{"rendered":"https:\/\/www.biocabaz.pt\/web\/?post_type=product&#038;p=8700"},"modified":"2023-04-15T13:08:08","modified_gmt":"2023-04-15T13:08:08","slug":"xarope-de-tamaras-250grs","status":"publish","type":"product","link":"https:\/\/biocabaz.pt\/web\/en\/produto\/xarope-de-tamaras-250grs\/","title":{"rendered":"RAPUNZEL DATE SYRUP"},"content":{"rendered":"<p><strong>Description<\/strong><br \/>Ingredients: Dates * 79%, water * from controlled organic farming.<\/p>\n<p><strong>Nutrition Facts<\/strong><br \/><strong>Nutritional Information per 100g\/ml<\/strong>: Energy: 1229kj \/ 289kal; Fat: 0.5g &#8211; of which saturates: 0.1g; Carbohydrates: 70g &#8211; of which sugars: 70g; Protein: 1.2g; Salt: 0.16g.<\/p>\n<p><strong>Use Mode<\/strong><br \/>Preparation and Usage: It can be used to sweeten teas and smoothies, to make cakes, to add yoghurts, mueslis, but it can also be used to make bittersweet marinades, oriental dishes and Ayurvedic breakfasts. After opening, store in the refrigerator. Store in a cool, dry place.<\/p>\n","protected":false},"excerpt":{"rendered":"<p><strong>Nutritional Information per 100g\/ml<\/strong>: Energy: 1229kj \/ 289kal; Fat: 0.5g &#8211; of which saturates: 0.1g; Carbohydrates: 70g &#8211; of which sugars: 70g; Protein: 1.2g; Salt: 0.16g.<\/p>\n","protected":false},"featured_media":8701,"comment_status":"closed","ping_status":"closed","template":"","meta":[],"product_cat":[28],"product_tag":[],"class_list":["post-8700","product","type-product","status-publish","has-post-thumbnail","hentry","product_cat-acucar"],"bundle_layout":"","bundled_by":[],"bundled_items":[],"yoast_head":"<!-- This site is optimized with the Yoast SEO plugin v26.3 - https:\/\/yoast.com\/wordpress\/plugins\/seo\/ -->\n<title>RAPUNZEL DATE SYRUP<\/title>\n<meta name=\"description\" content=\"XAROPE DE T\u00c2MARAS 250GRS\" \/>\n<meta name=\"robots\" content=\"index, follow, max-snippet:-1, max-image-preview:large, max-video-preview:-1\" \/>\n<link rel=\"canonical\" href=\"https:\/\/www.biocabaz.pt\/web\/en\/produto\/xarope-de-tamaras-250grs\/\" \/>\n<meta property=\"og:locale\" content=\"pt_PT\" \/>\n<meta property=\"og:locale:alternate\" content=\"pt_PT\" \/>\n<meta property=\"og:type\" content=\"article\" \/>\n<meta property=\"og:title\" content=\"RAPUNZEL DATE SYRUP\" \/>\n<meta property=\"og:description\" content=\"XAROPE DE T\u00c2MARAS 250GRS\" \/>\n<meta property=\"og:url\" content=\"https:\/\/biocabaz.pt\/web\/en\/produto\/xarope-de-tamaras-250grs\/\" \/>\n<meta property=\"og:site_name\" content=\"CABAZES BIOL\u00d3GICOS\" \/>\n<meta property=\"article:modified_time\" content=\"2023-04-15T13:08:08+00:00\" \/>\n<meta property=\"og:image\" content=\"https:\/\/www.biocabaz.pt\/web\/wp-conteudos\/uploads\/2018\/10\/XAROPE-DE-T\u00c2MARAS-250GRS.jpg\" \/>\n\t<meta property=\"og:image:width\" content=\"551\" \/>\n\t<meta property=\"og:image:height\" content=\"1024\" \/>\n\t<meta property=\"og:image:type\" content=\"image\/jpeg\" \/>\n<meta name=\"twitter:card\" content=\"summary_large_image\" \/>\n<meta name=\"twitter:label1\" content=\"Est. reading time\" \/>\n\t<meta name=\"twitter:data1\" content=\"1 minute\" \/>\n<script type=\"application\/ld+json\" class=\"yoast-schema-graph\">{\"@context\":\"https:\/\/schema.org\",\"@graph\":[{\"@type\":\"WebPage\",\"@id\":\"https:\/\/www.biocabaz.pt\/web\/en\/produto\/xarope-de-tamaras-250grs\/\",\"url\":\"https:\/\/www.biocabaz.pt\/web\/en\/produto\/xarope-de-tamaras-250grs\/\",\"name\":\"RAPUNZEL DATE SYRUP\",\"isPartOf\":{\"@id\":\"https:\/\/www.biocabaz.pt\/web\/#website\"},\"primaryImageOfPage\":{\"@id\":\"https:\/\/www.biocabaz.pt\/web\/en\/produto\/xarope-de-tamaras-250grs\/#primaryimage\"},\"image\":{\"@id\":\"https:\/\/www.biocabaz.pt\/web\/en\/produto\/xarope-de-tamaras-250grs\/#primaryimage\"},\"thumbnailUrl\":\"https:\/\/www.biocabaz.pt\/web\/wp-conteudos\/uploads\/2018\/10\/XAROPE-DE-T\u00c2MARAS-250GRS.jpg\",\"datePublished\":\"2018-10-15T11:04:38+00:00\",\"dateModified\":\"2023-04-15T13:08:08+00:00\",\"description\":\"XAROPE DE T\u00c2MARAS 250GRS\",\"breadcrumb\":{\"@id\":\"https:\/\/www.biocabaz.pt\/web\/en\/produto\/xarope-de-tamaras-250grs\/#breadcrumb\"},\"inLanguage\":\"pt-PT\",\"potentialAction\":[{\"@type\":\"ReadAction\",\"target\":[\"https:\/\/www.biocabaz.pt\/web\/en\/produto\/xarope-de-tamaras-250grs\/\"]}]},{\"@type\":\"ImageObject\",\"inLanguage\":\"pt-PT\",\"@id\":\"https:\/\/www.biocabaz.pt\/web\/en\/produto\/xarope-de-tamaras-250grs\/#primaryimage\",\"url\":\"https:\/\/www.biocabaz.pt\/web\/wp-conteudos\/uploads\/2018\/10\/XAROPE-DE-T\u00c2MARAS-250GRS.jpg\",\"contentUrl\":\"https:\/\/www.biocabaz.pt\/web\/wp-conteudos\/uploads\/2018\/10\/XAROPE-DE-T\u00c2MARAS-250GRS.jpg\",\"width\":551,\"height\":1024,\"caption\":\"XAROPE DE T\u00c2MARAS 250GRS\"},{\"@type\":\"BreadcrumbList\",\"@id\":\"https:\/\/www.biocabaz.pt\/web\/en\/produto\/xarope-de-tamaras-250grs\/#breadcrumb\",\"itemListElement\":[{\"@type\":\"ListItem\",\"position\":1,\"name\":\"Home\",\"item\":\"https:\/\/www.biocabaz.pt\/web\/\"},{\"@type\":\"ListItem\",\"position\":2,\"name\":\"Loja\",\"item\":\"https:\/\/www.biocabaz.pt\/web\/shop\/\"},{\"@type\":\"ListItem\",\"position\":3,\"name\":\"RAPUNZEL DATE SYRUP\"}]},{\"@type\":\"WebSite\",\"@id\":\"https:\/\/www.biocabaz.pt\/web\/#website\",\"url\":\"https:\/\/www.biocabaz.pt\/web\/\",\"name\":\"CABAZES BIOL\u00d3GICOS\",\"description\":\"One+Number\",\"potentialAction\":[{\"@type\":\"SearchAction\",\"target\":{\"@type\":\"EntryPoint\",\"urlTemplate\":\"https:\/\/www.biocabaz.pt\/web\/?s={search_term_string}\"},\"query-input\":{\"@type\":\"PropertyValueSpecification\",\"valueRequired\":true,\"valueName\":\"search_term_string\"}}],\"inLanguage\":\"pt-PT\"}]}<\/script>\n<!-- \/ Yoast SEO plugin. -->","yoast_head_json":{"title":"RAPUNZEL DATE SYRUP","description":"XAROPE DE T\u00c2MARAS 250GRS","robots":{"index":"index","follow":"follow","max-snippet":"max-snippet:-1","max-image-preview":"max-image-preview:large","max-video-preview":"max-video-preview:-1"},"canonical":"https:\/\/www.biocabaz.pt\/web\/en\/produto\/xarope-de-tamaras-250grs\/","og_locale":"pt_PT","og_type":"article","og_title":"[:en]RAPUNZEL DATE SYRUP[:pt]XAROPE DE T\u00c2MARAS 250GRS[:] - CABAZES BIOL\u00d3GICOS","og_description":"XAROPE DE T\u00c2MARAS 250GRS","og_url":"https:\/\/biocabaz.pt\/web\/en\/produto\/xarope-de-tamaras-250grs\/","og_site_name":"CABAZES BIOL\u00d3GICOS","article_modified_time":"2023-04-15T13:08:08+00:00","og_image":[{"width":551,"height":1024,"url":"https:\/\/www.biocabaz.pt\/web\/wp-conteudos\/uploads\/2018\/10\/XAROPE-DE-T\u00c2MARAS-250GRS.jpg","type":"image\/jpeg"}],"twitter_card":"summary_large_image","twitter_misc":{"Est. reading time":"1 minute"},"schema":{"@context":"https:\/\/schema.org","@graph":[{"@type":"WebPage","@id":"https:\/\/www.biocabaz.pt\/web\/en\/produto\/xarope-de-tamaras-250grs\/","url":"https:\/\/www.biocabaz.pt\/web\/en\/produto\/xarope-de-tamaras-250grs\/","name":"RAPUNZEL DATE SYRUP","isPartOf":{"@id":"https:\/\/www.biocabaz.pt\/web\/#website"},"primaryImageOfPage":{"@id":"https:\/\/www.biocabaz.pt\/web\/en\/produto\/xarope-de-tamaras-250grs\/#primaryimage"},"image":{"@id":"https:\/\/www.biocabaz.pt\/web\/en\/produto\/xarope-de-tamaras-250grs\/#primaryimage"},"thumbnailUrl":"https:\/\/www.biocabaz.pt\/web\/wp-conteudos\/uploads\/2018\/10\/XAROPE-DE-T\u00c2MARAS-250GRS.jpg","datePublished":"2018-10-15T11:04:38+00:00","dateModified":"2023-04-15T13:08:08+00:00","description":"XAROPE DE T\u00c2MARAS 250GRS","breadcrumb":{"@id":"https:\/\/www.biocabaz.pt\/web\/en\/produto\/xarope-de-tamaras-250grs\/#breadcrumb"},"inLanguage":"pt-PT","potentialAction":[{"@type":"ReadAction","target":["https:\/\/www.biocabaz.pt\/web\/en\/produto\/xarope-de-tamaras-250grs\/"]}]},{"@type":"ImageObject","inLanguage":"pt-PT","@id":"https:\/\/www.biocabaz.pt\/web\/en\/produto\/xarope-de-tamaras-250grs\/#primaryimage","url":"https:\/\/www.biocabaz.pt\/web\/wp-conteudos\/uploads\/2018\/10\/XAROPE-DE-T\u00c2MARAS-250GRS.jpg","contentUrl":"https:\/\/www.biocabaz.pt\/web\/wp-conteudos\/uploads\/2018\/10\/XAROPE-DE-T\u00c2MARAS-250GRS.jpg","width":551,"height":1024,"caption":"XAROPE DE T\u00c2MARAS 250GRS"},{"@type":"BreadcrumbList","@id":"https:\/\/www.biocabaz.pt\/web\/en\/produto\/xarope-de-tamaras-250grs\/#breadcrumb","itemListElement":[{"@type":"ListItem","position":1,"name":"Home","item":"https:\/\/www.biocabaz.pt\/web\/"},{"@type":"ListItem","position":2,"name":"Loja","item":"https:\/\/www.biocabaz.pt\/web\/shop\/"},{"@type":"ListItem","position":3,"name":"RAPUNZEL DATE SYRUP"}]},{"@type":"WebSite","@id":"https:\/\/www.biocabaz.pt\/web\/#website","url":"https:\/\/www.biocabaz.pt\/web\/","name":"CABAZES BIOL\u00d3GICOS","description":"One+Number","potentialAction":[{"@type":"SearchAction","target":{"@type":"EntryPoint","urlTemplate":"https:\/\/www.biocabaz.pt\/web\/?s={search_term_string}"},"query-input":{"@type":"PropertyValueSpecification","valueRequired":true,"valueName":"search_term_string"}}],"inLanguage":"pt-PT"}]}},"_links":{"self":[{"href":"https:\/\/biocabaz.pt\/web\/en\/wp-json\/wp\/v2\/product\/8700","targetHints":{"allow":["GET"]}}],"collection":[{"href":"https:\/\/biocabaz.pt\/web\/en\/wp-json\/wp\/v2\/product"}],"about":[{"href":"https:\/\/biocabaz.pt\/web\/en\/wp-json\/wp\/v2\/types\/product"}],"replies":[{"embeddable":true,"href":"https:\/\/biocabaz.pt\/web\/en\/wp-json\/wp\/v2\/comments?post=8700"}],"wp:featuredmedia":[{"embeddable":true,"href":"https:\/\/biocabaz.pt\/web\/en\/wp-json\/wp\/v2\/media\/8701"}],"wp:attachment":[{"href":"https:\/\/biocabaz.pt\/web\/en\/wp-json\/wp\/v2\/media?parent=8700"}],"wp:term":[{"taxonomy":"product_cat","embeddable":true,"href":"https:\/\/biocabaz.pt\/web\/en\/wp-json\/wp\/v2\/product_cat?post=8700"},{"taxonomy":"product_tag","embeddable":true,"href":"https:\/\/biocabaz.pt\/web\/en\/wp-json\/wp\/v2\/product_tag?post=8700"}],"curies":[{"name":"wp","href":"https:\/\/api.w.org\/{rel}","templated":true}]}}