{"id":8688,"date":"2018-10-15T10:14:06","date_gmt":"2018-10-15T10:14:06","guid":{"rendered":"https:\/\/www.biocabaz.pt\/web\/?post_type=product&#038;p=8688"},"modified":"2023-04-15T13:07:49","modified_gmt":"2023-04-15T13:07:49","slug":"acucar-integral-claro-provida","status":"publish","type":"product","link":"https:\/\/biocabaz.pt\/web\/en\/produto\/acucar-integral-claro-provida\/","title":{"rendered":"PR\u00d3VIDA LIGHT BROWN MUSCOVADO SUGAR"},"content":{"rendered":"<p><strong>Description<\/strong><br \/>Ingredients: Light Brown Sugar. Obtained from organic cane sugar and not subject to the usual refining of white sugar. Originating in Brazil. Coming from fair trade.<\/p>\n<p><strong>Nutrition Facts<\/strong><br \/><strong>Nutritional Information per 100g\/ml<\/strong>: Energy: 390 Kcal \/ 1657 KJ; Protein: 0.7g; Fat: 0.1g; Carbohydrates: 96.5g; Dietary fibers: 0.4g.<\/p>\n<p><strong>Use Mode<\/strong><br \/>Preparation and Usage: Use as a sweetener in the most varied aspects, drinks, pastry and sweets. Store in a cool, dry place.<\/p>\n","protected":false},"excerpt":{"rendered":"<p><strong>Nutritional Information per 100g\/ml<\/strong>: Energy: 390 Kcal \/ 1657 KJ; Protein: 0.7g; Fat: 0.1g; Carbohydrates: 96.5g; Dietary fibers: 0.4g.<\/p>\n","protected":false},"featured_media":8689,"comment_status":"closed","ping_status":"closed","template":"","meta":[],"product_cat":[28],"product_tag":[],"class_list":["post-8688","product","type-product","status-publish","has-post-thumbnail","hentry","product_cat-acucar"],"bundle_layout":"","bundled_by":[],"bundled_items":[],"yoast_head":"<!-- This site is optimized with the Yoast SEO plugin v26.3 - https:\/\/yoast.com\/wordpress\/plugins\/seo\/ -->\n<title>PR\u00d3VIDA LIGHT BROWN MUSCOVADO SUGAR<\/title>\n<meta name=\"description\" content=\"A\u00c7\u00daCAR INTEGRAL CLARO PROVIDA\" \/>\n<meta name=\"robots\" content=\"index, follow, max-snippet:-1, max-image-preview:large, max-video-preview:-1\" \/>\n<link rel=\"canonical\" href=\"https:\/\/biocabaz.pt\/web\/en\/produto\/acucar-integral-claro-provida\/\" \/>\n<meta property=\"og:locale\" content=\"pt_PT\" \/>\n<meta property=\"og:locale:alternate\" content=\"pt_PT\" \/>\n<meta property=\"og:type\" content=\"article\" \/>\n<meta property=\"og:title\" content=\"PR\u00d3VIDA LIGHT BROWN MUSCOVADO SUGAR\" \/>\n<meta property=\"og:description\" content=\"A\u00c7\u00daCAR INTEGRAL CLARO PROVIDA\" \/>\n<meta property=\"og:url\" content=\"https:\/\/biocabaz.pt\/web\/en\/produto\/acucar-integral-claro-provida\/\" \/>\n<meta property=\"og:site_name\" content=\"CABAZES BIOL\u00d3GICOS\" \/>\n<meta property=\"article:modified_time\" content=\"2023-04-15T13:07:49+00:00\" \/>\n<meta property=\"og:image\" content=\"https:\/\/www.biocabaz.pt\/web\/wp-conteudos\/uploads\/2018\/10\/ACUCAR-MASCAVADO-CLARO-PROVIDA.jpg\" \/>\n\t<meta property=\"og:image:width\" content=\"300\" \/>\n\t<meta property=\"og:image:height\" content=\"326\" \/>\n\t<meta property=\"og:image:type\" content=\"image\/jpeg\" \/>\n<meta name=\"twitter:card\" content=\"summary_large_image\" \/>\n<meta name=\"twitter:label1\" content=\"Est. reading time\" \/>\n\t<meta name=\"twitter:data1\" content=\"1 minute\" \/>\n<script type=\"application\/ld+json\" class=\"yoast-schema-graph\">{\"@context\":\"https:\/\/schema.org\",\"@graph\":[{\"@type\":\"WebPage\",\"@id\":\"https:\/\/biocabaz.pt\/web\/en\/produto\/acucar-integral-claro-provida\/\",\"url\":\"https:\/\/biocabaz.pt\/web\/en\/produto\/acucar-integral-claro-provida\/\",\"name\":\"PR\u00d3VIDA LIGHT BROWN MUSCOVADO SUGAR\",\"isPartOf\":{\"@id\":\"https:\/\/biocabaz.pt\/web\/#website\"},\"primaryImageOfPage\":{\"@id\":\"https:\/\/biocabaz.pt\/web\/en\/produto\/acucar-integral-claro-provida\/#primaryimage\"},\"image\":{\"@id\":\"https:\/\/biocabaz.pt\/web\/en\/produto\/acucar-integral-claro-provida\/#primaryimage\"},\"thumbnailUrl\":\"https:\/\/www.biocabaz.pt\/web\/wp-conteudos\/uploads\/2018\/10\/ACUCAR-MASCAVADO-CLARO-PROVIDA.jpg\",\"datePublished\":\"2018-10-15T10:14:06+00:00\",\"dateModified\":\"2023-04-15T13:07:49+00:00\",\"description\":\"A\u00c7\u00daCAR INTEGRAL CLARO PROVIDA\",\"breadcrumb\":{\"@id\":\"https:\/\/biocabaz.pt\/web\/en\/produto\/acucar-integral-claro-provida\/#breadcrumb\"},\"inLanguage\":\"pt-PT\",\"potentialAction\":[{\"@type\":\"ReadAction\",\"target\":[\"https:\/\/biocabaz.pt\/web\/en\/produto\/acucar-integral-claro-provida\/\"]}]},{\"@type\":\"ImageObject\",\"inLanguage\":\"pt-PT\",\"@id\":\"https:\/\/biocabaz.pt\/web\/en\/produto\/acucar-integral-claro-provida\/#primaryimage\",\"url\":\"https:\/\/www.biocabaz.pt\/web\/wp-conteudos\/uploads\/2018\/10\/ACUCAR-MASCAVADO-CLARO-PROVIDA.jpg\",\"contentUrl\":\"https:\/\/www.biocabaz.pt\/web\/wp-conteudos\/uploads\/2018\/10\/ACUCAR-MASCAVADO-CLARO-PROVIDA.jpg\",\"width\":300,\"height\":326,\"caption\":\"ACUCAR MASCAVADO CLARO PROVIDA\"},{\"@type\":\"BreadcrumbList\",\"@id\":\"https:\/\/biocabaz.pt\/web\/en\/produto\/acucar-integral-claro-provida\/#breadcrumb\",\"itemListElement\":[{\"@type\":\"ListItem\",\"position\":1,\"name\":\"Home\",\"item\":\"https:\/\/biocabaz.pt\/web\/\"},{\"@type\":\"ListItem\",\"position\":2,\"name\":\"Loja\",\"item\":\"https:\/\/biocabaz.pt\/web\/shop\/\"},{\"@type\":\"ListItem\",\"position\":3,\"name\":\"PR\u00d3VIDA LIGHT BROWN MUSCOVADO SUGAR\"}]},{\"@type\":\"WebSite\",\"@id\":\"https:\/\/biocabaz.pt\/web\/#website\",\"url\":\"https:\/\/biocabaz.pt\/web\/\",\"name\":\"CABAZES BIOL\u00d3GICOS\",\"description\":\"One+Number\",\"potentialAction\":[{\"@type\":\"SearchAction\",\"target\":{\"@type\":\"EntryPoint\",\"urlTemplate\":\"https:\/\/biocabaz.pt\/web\/?s={search_term_string}\"},\"query-input\":{\"@type\":\"PropertyValueSpecification\",\"valueRequired\":true,\"valueName\":\"search_term_string\"}}],\"inLanguage\":\"pt-PT\"}]}<\/script>\n<!-- \/ Yoast SEO plugin. -->","yoast_head_json":{"title":"PR\u00d3VIDA LIGHT BROWN MUSCOVADO SUGAR","description":"A\u00c7\u00daCAR INTEGRAL CLARO PROVIDA","robots":{"index":"index","follow":"follow","max-snippet":"max-snippet:-1","max-image-preview":"max-image-preview:large","max-video-preview":"max-video-preview:-1"},"canonical":"https:\/\/biocabaz.pt\/web\/en\/produto\/acucar-integral-claro-provida\/","og_locale":"pt_PT","og_type":"article","og_title":"[:en]PR\u00d3VIDA LIGHT BROWN MUSCOVADO SUGAR[:pt]A\u00c7\u00daCAR INTEGRAL CLARO PROVIDA[:] - CABAZES BIOL\u00d3GICOS","og_description":"A\u00c7\u00daCAR INTEGRAL CLARO PROVIDA","og_url":"https:\/\/biocabaz.pt\/web\/en\/produto\/acucar-integral-claro-provida\/","og_site_name":"CABAZES BIOL\u00d3GICOS","article_modified_time":"2023-04-15T13:07:49+00:00","og_image":[{"width":300,"height":326,"url":"https:\/\/www.biocabaz.pt\/web\/wp-conteudos\/uploads\/2018\/10\/ACUCAR-MASCAVADO-CLARO-PROVIDA.jpg","type":"image\/jpeg"}],"twitter_card":"summary_large_image","twitter_misc":{"Est. reading time":"1 minute"},"schema":{"@context":"https:\/\/schema.org","@graph":[{"@type":"WebPage","@id":"https:\/\/biocabaz.pt\/web\/en\/produto\/acucar-integral-claro-provida\/","url":"https:\/\/biocabaz.pt\/web\/en\/produto\/acucar-integral-claro-provida\/","name":"PR\u00d3VIDA LIGHT BROWN MUSCOVADO SUGAR","isPartOf":{"@id":"https:\/\/biocabaz.pt\/web\/#website"},"primaryImageOfPage":{"@id":"https:\/\/biocabaz.pt\/web\/en\/produto\/acucar-integral-claro-provida\/#primaryimage"},"image":{"@id":"https:\/\/biocabaz.pt\/web\/en\/produto\/acucar-integral-claro-provida\/#primaryimage"},"thumbnailUrl":"https:\/\/www.biocabaz.pt\/web\/wp-conteudos\/uploads\/2018\/10\/ACUCAR-MASCAVADO-CLARO-PROVIDA.jpg","datePublished":"2018-10-15T10:14:06+00:00","dateModified":"2023-04-15T13:07:49+00:00","description":"A\u00c7\u00daCAR INTEGRAL CLARO PROVIDA","breadcrumb":{"@id":"https:\/\/biocabaz.pt\/web\/en\/produto\/acucar-integral-claro-provida\/#breadcrumb"},"inLanguage":"pt-PT","potentialAction":[{"@type":"ReadAction","target":["https:\/\/biocabaz.pt\/web\/en\/produto\/acucar-integral-claro-provida\/"]}]},{"@type":"ImageObject","inLanguage":"pt-PT","@id":"https:\/\/biocabaz.pt\/web\/en\/produto\/acucar-integral-claro-provida\/#primaryimage","url":"https:\/\/www.biocabaz.pt\/web\/wp-conteudos\/uploads\/2018\/10\/ACUCAR-MASCAVADO-CLARO-PROVIDA.jpg","contentUrl":"https:\/\/www.biocabaz.pt\/web\/wp-conteudos\/uploads\/2018\/10\/ACUCAR-MASCAVADO-CLARO-PROVIDA.jpg","width":300,"height":326,"caption":"ACUCAR MASCAVADO CLARO PROVIDA"},{"@type":"BreadcrumbList","@id":"https:\/\/biocabaz.pt\/web\/en\/produto\/acucar-integral-claro-provida\/#breadcrumb","itemListElement":[{"@type":"ListItem","position":1,"name":"Home","item":"https:\/\/biocabaz.pt\/web\/"},{"@type":"ListItem","position":2,"name":"Loja","item":"https:\/\/biocabaz.pt\/web\/shop\/"},{"@type":"ListItem","position":3,"name":"PR\u00d3VIDA LIGHT BROWN MUSCOVADO SUGAR"}]},{"@type":"WebSite","@id":"https:\/\/biocabaz.pt\/web\/#website","url":"https:\/\/biocabaz.pt\/web\/","name":"CABAZES BIOL\u00d3GICOS","description":"One+Number","potentialAction":[{"@type":"SearchAction","target":{"@type":"EntryPoint","urlTemplate":"https:\/\/biocabaz.pt\/web\/?s={search_term_string}"},"query-input":{"@type":"PropertyValueSpecification","valueRequired":true,"valueName":"search_term_string"}}],"inLanguage":"pt-PT"}]}},"_links":{"self":[{"href":"https:\/\/biocabaz.pt\/web\/en\/wp-json\/wp\/v2\/product\/8688","targetHints":{"allow":["GET"]}}],"collection":[{"href":"https:\/\/biocabaz.pt\/web\/en\/wp-json\/wp\/v2\/product"}],"about":[{"href":"https:\/\/biocabaz.pt\/web\/en\/wp-json\/wp\/v2\/types\/product"}],"replies":[{"embeddable":true,"href":"https:\/\/biocabaz.pt\/web\/en\/wp-json\/wp\/v2\/comments?post=8688"}],"wp:featuredmedia":[{"embeddable":true,"href":"https:\/\/biocabaz.pt\/web\/en\/wp-json\/wp\/v2\/media\/8689"}],"wp:attachment":[{"href":"https:\/\/biocabaz.pt\/web\/en\/wp-json\/wp\/v2\/media?parent=8688"}],"wp:term":[{"taxonomy":"product_cat","embeddable":true,"href":"https:\/\/biocabaz.pt\/web\/en\/wp-json\/wp\/v2\/product_cat?post=8688"},{"taxonomy":"product_tag","embeddable":true,"href":"https:\/\/biocabaz.pt\/web\/en\/wp-json\/wp\/v2\/product_tag?post=8688"}],"curies":[{"name":"wp","href":"https:\/\/api.w.org\/{rel}","templated":true}]}}