{"id":84477,"date":"2022-03-28T06:27:03","date_gmt":"2022-03-28T06:27:03","guid":{"rendered":"https:\/\/www.biocabaz.pt\/web\/?post_type=product&#038;p=84477"},"modified":"2022-03-28T06:27:04","modified_gmt":"2022-03-28T06:27:04","slug":"collagen-peptides-227g-now","status":"publish","type":"product","link":"https:\/\/biocabaz.pt\/web\/en\/produto\/collagen-peptides-227g-now\/","title":{"rendered":"COLLAGEN PEPTIDES 227G \u2013 NOW"},"content":{"rendered":"","protected":false},"excerpt":{"rendered":"<p>COLLAGEN PEPTIDES 227G \u2013 NOW<\/p>\n<p><strong>Colag\u00e9nio hidrolisado Tipo I e II<\/strong><\/p>\n<p>&nbsp;<\/p>\n<p><strong>Indica\u00e7\u00f5es Terap\u00eauticas:<\/strong><\/p>\n<p>Collagen Peptides Power, da Now \u00e9 um suplemento de colag\u00e9nio Tipo I e III de origem bovina.<br \/>\nTomar colag\u00e9nio est\u00e1 associado a v\u00e1rios benef\u00edcios para a sa\u00fade e sem efeitos adversos conhecidos.<\/p>\n<p>O colag\u00e9nio \u00e9 o componente mais importante do organismo e comp\u00f5e aproximadamente 30% das prote\u00ednas existentes no corpo humano.<\/p>\n<p>A produ\u00e7\u00e3o de colag\u00e9nio no organismo diminui com a idade. Come\u00e7a a desacelerar por volta dos trinta e diminui abruptamente em torno dos cinquenta. A falta de colag\u00e9nio, ou a incapacidade de o usar adequadamente, causa os primeiros sinais de envelhecimento.<\/p>\n<p>Os suplementos de colag\u00e9nio podem melhorar a sa\u00fade da pele, reduzindo rugas e aumentando a sua hidrata\u00e7\u00e3o. Tamb\u00e9m podem ajudar a aumentar a massa muscular, prevenir a perda de massa \u00f3ssea e aliviar a dor nas articula\u00e7\u00f5es.<\/p>\n<p>&nbsp;<\/p>\n<p><strong>Composi\u00e7\u00e3o:<\/strong><\/p>\n<p><em>Por toma di\u00e1ria (2 colheres de sopa):<br \/>\n<\/em>Colag\u00e9nio hidrolisado (bovino) \u2013 10g.<\/p>\n<p><u>N\u00e3o Cont\u00e9m<\/u>: Levedura, trigo, Gl\u00faten, Soja, milho, Leite, ovo, peixe, Marisco e frutos de casca rija.<\/p>\n<p>&nbsp;<\/p>\n<p><strong>Dosagem e Administra\u00e7\u00e3o:<\/strong><\/p>\n<p>Misturar 2 colheres de sopa (11g) em \u00e1gua, sumo ou outra bebida e beber diariamente.<\/p>\n<p>&nbsp;<\/p>\n<p><strong>Apresenta\u00e7\u00e3o:<\/strong><\/p>\n<p>Embalagem de 227g<\/p>\n<p>&nbsp;<\/p>\n<p><strong>Avisos:<\/strong>Conservar em local fresco, seco e ao abrigo da luz. Se ocorrer alguma reac\u00e7\u00e3o, parar a utiliza\u00e7\u00e3o. N\u00e3o exceder a toma di\u00e1ria recomendada. Evite o produto em caso de alergia ou sensibilidade a algum dos ingredientes. Se estiver gr\u00e1vida, a amamentar, a tomar alguma especialidade farmac\u00eautica ou se sofre de alguma doen\u00e7a, consulte o seu m\u00e9dico ou t\u00e9cnico de sa\u00fade antes de tomar este suplemento. Os suplementos alimentares n\u00e3o devem ser utilizados como substitutos de um regime alimentar variado e de um estilo de vida saud\u00e1vel. Manter fora do alcance das crian\u00e7as.<\/p>\n","protected":false},"featured_media":84478,"comment_status":"closed","ping_status":"closed","template":"","meta":[],"product_cat":[88],"product_tag":[],"class_list":["post-84477","product","type-product","status-publish","has-post-thumbnail","hentry","product_cat-suplementos"],"bundle_layout":"","bundled_by":[],"bundled_items":[],"yoast_head":"<!-- This site is optimized with the Yoast SEO plugin v26.3 - https:\/\/yoast.com\/wordpress\/plugins\/seo\/ -->\n<title>COLLAGEN PEPTIDES 227G \u2013 NOW<\/title>\n<meta name=\"description\" content=\"COLLAGEN PEPTIDES 227G \u2013 NOW\" \/>\n<meta name=\"robots\" content=\"index, follow, max-snippet:-1, max-image-preview:large, max-video-preview:-1\" \/>\n<link rel=\"canonical\" href=\"https:\/\/www.biocabaz.pt\/web\/produto\/collagen-peptides-227g-now\/\" \/>\n<meta property=\"og:locale\" content=\"pt_PT\" \/>\n<meta property=\"og:locale:alternate\" content=\"pt_PT\" \/>\n<meta property=\"og:type\" content=\"article\" \/>\n<meta property=\"og:title\" content=\"COLLAGEN PEPTIDES 227G \u2013 NOW\" \/>\n<meta property=\"og:description\" content=\"COLLAGEN PEPTIDES 227G \u2013 NOW\" \/>\n<meta property=\"og:url\" content=\"https:\/\/biocabaz.pt\/web\/en\/produto\/collagen-peptides-227g-now\/\" \/>\n<meta property=\"og:site_name\" content=\"CABAZES BIOL\u00d3GICOS\" \/>\n<meta property=\"article:modified_time\" content=\"2022-03-28T06:27:04+00:00\" \/>\n<meta property=\"og:image\" content=\"https:\/\/www.biocabaz.pt\/web\/wp-conteudos\/uploads\/2022\/03\/collagen-peptides-227g-now.jpg\" \/>\n\t<meta property=\"og:image:width\" content=\"450\" \/>\n\t<meta property=\"og:image:height\" content=\"600\" \/>\n\t<meta property=\"og:image:type\" content=\"image\/jpeg\" \/>\n<meta name=\"twitter:card\" content=\"summary_large_image\" \/>\n<script type=\"application\/ld+json\" class=\"yoast-schema-graph\">{\"@context\":\"https:\/\/schema.org\",\"@graph\":[{\"@type\":\"WebPage\",\"@id\":\"https:\/\/www.biocabaz.pt\/web\/produto\/collagen-peptides-227g-now\/\",\"url\":\"https:\/\/www.biocabaz.pt\/web\/produto\/collagen-peptides-227g-now\/\",\"name\":\"COLLAGEN PEPTIDES 227G \u2013 NOW\",\"isPartOf\":{\"@id\":\"https:\/\/biocabaz.pt\/web\/en\/#website\"},\"primaryImageOfPage\":{\"@id\":\"https:\/\/www.biocabaz.pt\/web\/produto\/collagen-peptides-227g-now\/#primaryimage\"},\"image\":{\"@id\":\"https:\/\/www.biocabaz.pt\/web\/produto\/collagen-peptides-227g-now\/#primaryimage\"},\"thumbnailUrl\":\"https:\/\/www.biocabaz.pt\/web\/wp-conteudos\/uploads\/2022\/03\/collagen-peptides-227g-now.jpg\",\"datePublished\":\"2022-03-28T06:27:03+00:00\",\"dateModified\":\"2022-03-28T06:27:04+00:00\",\"description\":\"COLLAGEN PEPTIDES 227G \u2013 NOW\",\"breadcrumb\":{\"@id\":\"https:\/\/www.biocabaz.pt\/web\/produto\/collagen-peptides-227g-now\/#breadcrumb\"},\"inLanguage\":\"pt-PT\",\"potentialAction\":[{\"@type\":\"ReadAction\",\"target\":[\"https:\/\/www.biocabaz.pt\/web\/produto\/collagen-peptides-227g-now\/\"]}]},{\"@type\":\"ImageObject\",\"inLanguage\":\"pt-PT\",\"@id\":\"https:\/\/www.biocabaz.pt\/web\/produto\/collagen-peptides-227g-now\/#primaryimage\",\"url\":\"https:\/\/www.biocabaz.pt\/web\/wp-conteudos\/uploads\/2022\/03\/collagen-peptides-227g-now.jpg\",\"contentUrl\":\"https:\/\/www.biocabaz.pt\/web\/wp-conteudos\/uploads\/2022\/03\/collagen-peptides-227g-now.jpg\",\"width\":450,\"height\":600,\"caption\":\"COLLAGEN PEPTIDES 227G \u2013 NOW\"},{\"@type\":\"BreadcrumbList\",\"@id\":\"https:\/\/www.biocabaz.pt\/web\/produto\/collagen-peptides-227g-now\/#breadcrumb\",\"itemListElement\":[{\"@type\":\"ListItem\",\"position\":1,\"name\":\"Home\",\"item\":\"https:\/\/biocabaz.pt\/web\/en\/\"},{\"@type\":\"ListItem\",\"position\":2,\"name\":\"Shop\",\"item\":\"https:\/\/biocabaz.pt\/web\/en\/shop\/\"},{\"@type\":\"ListItem\",\"position\":3,\"name\":\"COLLAGEN PEPTIDES 227G \u2013 NOW\"}]},{\"@type\":\"WebSite\",\"@id\":\"https:\/\/biocabaz.pt\/web\/en\/#website\",\"url\":\"https:\/\/biocabaz.pt\/web\/en\/\",\"name\":\"CABAZES BIOL\u00d3GICOS\",\"description\":\"One+Number\",\"potentialAction\":[{\"@type\":\"SearchAction\",\"target\":{\"@type\":\"EntryPoint\",\"urlTemplate\":\"https:\/\/biocabaz.pt\/web\/en\/?s={search_term_string}\"},\"query-input\":{\"@type\":\"PropertyValueSpecification\",\"valueRequired\":true,\"valueName\":\"search_term_string\"}}],\"inLanguage\":\"pt-PT\"}]}<\/script>\n<!-- \/ Yoast SEO plugin. -->","yoast_head_json":{"title":"COLLAGEN PEPTIDES 227G \u2013 NOW","description":"COLLAGEN PEPTIDES 227G \u2013 NOW","robots":{"index":"index","follow":"follow","max-snippet":"max-snippet:-1","max-image-preview":"max-image-preview:large","max-video-preview":"max-video-preview:-1"},"canonical":"https:\/\/www.biocabaz.pt\/web\/produto\/collagen-peptides-227g-now\/","og_locale":"pt_PT","og_type":"article","og_title":"[:pt]COLLAGEN PEPTIDES 227G \u2013 NOW[:] - CABAZES BIOL\u00d3GICOS","og_description":"COLLAGEN PEPTIDES 227G \u2013 NOW","og_url":"https:\/\/biocabaz.pt\/web\/en\/produto\/collagen-peptides-227g-now\/","og_site_name":"CABAZES BIOL\u00d3GICOS","article_modified_time":"2022-03-28T06:27:04+00:00","og_image":[{"width":450,"height":600,"url":"https:\/\/www.biocabaz.pt\/web\/wp-conteudos\/uploads\/2022\/03\/collagen-peptides-227g-now.jpg","type":"image\/jpeg"}],"twitter_card":"summary_large_image","schema":{"@context":"https:\/\/schema.org","@graph":[{"@type":"WebPage","@id":"https:\/\/www.biocabaz.pt\/web\/produto\/collagen-peptides-227g-now\/","url":"https:\/\/www.biocabaz.pt\/web\/produto\/collagen-peptides-227g-now\/","name":"COLLAGEN PEPTIDES 227G \u2013 NOW","isPartOf":{"@id":"https:\/\/biocabaz.pt\/web\/en\/#website"},"primaryImageOfPage":{"@id":"https:\/\/www.biocabaz.pt\/web\/produto\/collagen-peptides-227g-now\/#primaryimage"},"image":{"@id":"https:\/\/www.biocabaz.pt\/web\/produto\/collagen-peptides-227g-now\/#primaryimage"},"thumbnailUrl":"https:\/\/www.biocabaz.pt\/web\/wp-conteudos\/uploads\/2022\/03\/collagen-peptides-227g-now.jpg","datePublished":"2022-03-28T06:27:03+00:00","dateModified":"2022-03-28T06:27:04+00:00","description":"COLLAGEN PEPTIDES 227G \u2013 NOW","breadcrumb":{"@id":"https:\/\/www.biocabaz.pt\/web\/produto\/collagen-peptides-227g-now\/#breadcrumb"},"inLanguage":"pt-PT","potentialAction":[{"@type":"ReadAction","target":["https:\/\/www.biocabaz.pt\/web\/produto\/collagen-peptides-227g-now\/"]}]},{"@type":"ImageObject","inLanguage":"pt-PT","@id":"https:\/\/www.biocabaz.pt\/web\/produto\/collagen-peptides-227g-now\/#primaryimage","url":"https:\/\/www.biocabaz.pt\/web\/wp-conteudos\/uploads\/2022\/03\/collagen-peptides-227g-now.jpg","contentUrl":"https:\/\/www.biocabaz.pt\/web\/wp-conteudos\/uploads\/2022\/03\/collagen-peptides-227g-now.jpg","width":450,"height":600,"caption":"COLLAGEN PEPTIDES 227G \u2013 NOW"},{"@type":"BreadcrumbList","@id":"https:\/\/www.biocabaz.pt\/web\/produto\/collagen-peptides-227g-now\/#breadcrumb","itemListElement":[{"@type":"ListItem","position":1,"name":"Home","item":"https:\/\/biocabaz.pt\/web\/en\/"},{"@type":"ListItem","position":2,"name":"Shop","item":"https:\/\/biocabaz.pt\/web\/en\/shop\/"},{"@type":"ListItem","position":3,"name":"COLLAGEN PEPTIDES 227G \u2013 NOW"}]},{"@type":"WebSite","@id":"https:\/\/biocabaz.pt\/web\/en\/#website","url":"https:\/\/biocabaz.pt\/web\/en\/","name":"CABAZES BIOL\u00d3GICOS","description":"One+Number","potentialAction":[{"@type":"SearchAction","target":{"@type":"EntryPoint","urlTemplate":"https:\/\/biocabaz.pt\/web\/en\/?s={search_term_string}"},"query-input":{"@type":"PropertyValueSpecification","valueRequired":true,"valueName":"search_term_string"}}],"inLanguage":"pt-PT"}]}},"_links":{"self":[{"href":"https:\/\/biocabaz.pt\/web\/en\/wp-json\/wp\/v2\/product\/84477","targetHints":{"allow":["GET"]}}],"collection":[{"href":"https:\/\/biocabaz.pt\/web\/en\/wp-json\/wp\/v2\/product"}],"about":[{"href":"https:\/\/biocabaz.pt\/web\/en\/wp-json\/wp\/v2\/types\/product"}],"replies":[{"embeddable":true,"href":"https:\/\/biocabaz.pt\/web\/en\/wp-json\/wp\/v2\/comments?post=84477"}],"wp:featuredmedia":[{"embeddable":true,"href":"https:\/\/biocabaz.pt\/web\/en\/wp-json\/wp\/v2\/media\/84478"}],"wp:attachment":[{"href":"https:\/\/biocabaz.pt\/web\/en\/wp-json\/wp\/v2\/media?parent=84477"}],"wp:term":[{"taxonomy":"product_cat","embeddable":true,"href":"https:\/\/biocabaz.pt\/web\/en\/wp-json\/wp\/v2\/product_cat?post=84477"},{"taxonomy":"product_tag","embeddable":true,"href":"https:\/\/biocabaz.pt\/web\/en\/wp-json\/wp\/v2\/product_tag?post=84477"}],"curies":[{"name":"wp","href":"https:\/\/api.w.org\/{rel}","templated":true}]}}