{"id":84030,"date":"2022-03-18T11:22:22","date_gmt":"2022-03-18T11:22:22","guid":{"rendered":"https:\/\/www.biocabaz.pt\/web\/en\/?post_type=product&#038;p=84030"},"modified":"2022-03-25T11:34:52","modified_gmt":"2022-03-25T11:34:52","slug":"pimentao-doce-em-po-provida-bio-100g","status":"publish","type":"product","link":"https:\/\/biocabaz.pt\/web\/en\/produto\/pimentao-doce-em-po-provida-bio-100g\/","title":{"rendered":"Piment\u00e3o Doce em P\u00f3 Pr\u00f3vida BIO 100g"},"content":{"rendered":"","protected":false},"excerpt":{"rendered":"<p><strong>DESCRI\u00c7\u00c3O<\/strong><\/p>\n<p>Piment\u00e3o doce em p\u00f3 biol\u00f3gico Pr\u00f3vida 100g. Ingredientes: Piment\u00e3o doce (capsicum annuum L.) de produ\u00e7\u00e3o biol\u00f3gica.PT-BIO-04. Origem: UE. Podendo ser tamb\u00e9m apelidado de paprika ou colorau, o piment\u00e3o doce tem um sabor caracter\u00edstico doce e intenso com um in\u00edcio muito levemente picante. Adapta-se especialmente a todo o tipo de pratos salgados.<\/p>\n<p><strong>DADOS NUTRICIONAIS<\/strong><\/p>\n<p>Declara\u00e7\u00e3o Nutricional por 100g: Energia &#8211; 1866kJ\/446kcal; L\u00edpidos &#8211; 11,6g, dos quais saturados &#8211; 2,1g; Hidratos Carbono &#8211; 54,0g, dos quais a\u00e7\u00facares &#8211; 10,3g; Fibra &#8211; 34,9g; Prote\u00ednas &#8211; 14,1g; Sal &#8211; 0,09g.<\/p>\n<p><strong>MODO DE UTILIZA\u00c7\u00c3O<\/strong><\/p>\n<p>Como condimento ou acabamento nas mais variadas vertentes de culin\u00e1ria, nacional e internacional. CONSERVAR EM LOCAL FRESCO E SECO.<\/p>\n","protected":false},"featured_media":84031,"comment_status":"closed","ping_status":"closed","template":"","meta":[],"product_cat":[27],"product_tag":[],"class_list":["post-84030","product","type-product","status-publish","has-post-thumbnail","hentry","product_cat-sal-especiarias-temperos"],"bundle_layout":"","bundled_by":[],"bundled_items":[],"yoast_head":"<!-- This site is optimized with the Yoast SEO plugin v26.3 - https:\/\/yoast.com\/wordpress\/plugins\/seo\/ -->\n<title>Piment\u00e3o Doce em P\u00f3 Pr\u00f3vida BIO 100g<\/title>\n<meta name=\"description\" content=\"Piment\u00e3o Doce em P\u00f3 Pr\u00f3vida BIO 100g\" \/>\n<meta name=\"robots\" content=\"index, follow, max-snippet:-1, max-image-preview:large, max-video-preview:-1\" \/>\n<link rel=\"canonical\" href=\"https:\/\/www.biocabaz.pt\/web\/produto\/pimentao-doce-em-po-provida-bio-100g\/\" \/>\n<meta property=\"og:locale\" content=\"pt_PT\" \/>\n<meta property=\"og:locale:alternate\" content=\"pt_PT\" \/>\n<meta property=\"og:type\" content=\"article\" \/>\n<meta property=\"og:title\" content=\"Piment\u00e3o Doce em P\u00f3 Pr\u00f3vida BIO 100g\" \/>\n<meta property=\"og:description\" content=\"DESCRI\u00c7\u00c3O  Piment\u00e3o doce em p\u00f3 biol\u00f3gico Pr\u00f3vida 100g. Ingredientes: Piment\u00e3o doce (capsicum annuum L.) de produ\u00e7\u00e3o biol\u00f3gica.PT-BIO-04. Origem: UE. Podendo ser tamb\u00e9m apelidado de paprika ou colorau, o piment\u00e3o doce tem um sabor caracter\u00edstico doce e intenso com um in\u00edcio muito levemente picante. Adapta-se especialmente a todo o tipo de pratos salgados.  DADOS NUTRICIONAIS  Declara\u00e7\u00e3o Nutricional por 100g: Energia - 1866kJ\/446kcal; L\u00edpidos - 11,6g, dos quais saturados - 2,1g; Hidratos Carbono - 54,0g, dos quais a\u00e7\u00facares - 10,3g; Fibra - 34,9g; Prote\u00ednas - 14,1g; Sal - 0,09g.  MODO DE UTILIZA\u00c7\u00c3O  Como condimento ou acabamento nas mais variadas vertentes de culin\u00e1ria, nacional e internacional. CONSERVAR EM LOCAL FRESCO E SECO.\" \/>\n<meta property=\"og:url\" content=\"https:\/\/biocabaz.pt\/web\/en\/produto\/pimentao-doce-em-po-provida-bio-100g\/\" \/>\n<meta property=\"og:site_name\" content=\"CABAZES BIOL\u00d3GICOS\" \/>\n<meta property=\"article:modified_time\" content=\"2022-03-25T11:34:52+00:00\" \/>\n<meta property=\"og:image\" content=\"https:\/\/www.biocabaz.pt\/web\/wp-conteudos\/uploads\/2022\/03\/pimentao-doce-em-po-provida-bio-100g.jpg\" \/>\n\t<meta property=\"og:image:width\" content=\"326\" \/>\n\t<meta property=\"og:image:height\" content=\"300\" \/>\n\t<meta property=\"og:image:type\" content=\"image\/jpeg\" \/>\n<meta name=\"twitter:card\" content=\"summary_large_image\" \/>\n<script type=\"application\/ld+json\" class=\"yoast-schema-graph\">{\"@context\":\"https:\/\/schema.org\",\"@graph\":[{\"@type\":\"WebPage\",\"@id\":\"https:\/\/www.biocabaz.pt\/web\/produto\/pimentao-doce-em-po-provida-bio-100g\/\",\"url\":\"https:\/\/www.biocabaz.pt\/web\/produto\/pimentao-doce-em-po-provida-bio-100g\/\",\"name\":\"Piment\u00e3o Doce em P\u00f3 Pr\u00f3vida BIO 100g\",\"isPartOf\":{\"@id\":\"https:\/\/www.biocabaz.pt\/web\/#website\"},\"primaryImageOfPage\":{\"@id\":\"https:\/\/www.biocabaz.pt\/web\/produto\/pimentao-doce-em-po-provida-bio-100g\/#primaryimage\"},\"image\":{\"@id\":\"https:\/\/www.biocabaz.pt\/web\/produto\/pimentao-doce-em-po-provida-bio-100g\/#primaryimage\"},\"thumbnailUrl\":\"https:\/\/www.biocabaz.pt\/web\/wp-conteudos\/uploads\/2022\/03\/pimentao-doce-em-po-provida-bio-100g.jpg\",\"datePublished\":\"2022-03-18T11:22:22+00:00\",\"dateModified\":\"2022-03-25T11:34:52+00:00\",\"breadcrumb\":{\"@id\":\"https:\/\/www.biocabaz.pt\/web\/produto\/pimentao-doce-em-po-provida-bio-100g\/#breadcrumb\"},\"inLanguage\":\"pt-PT\",\"potentialAction\":[{\"@type\":\"ReadAction\",\"target\":[\"https:\/\/www.biocabaz.pt\/web\/produto\/pimentao-doce-em-po-provida-bio-100g\/\"]}]},{\"@type\":\"ImageObject\",\"inLanguage\":\"pt-PT\",\"@id\":\"https:\/\/www.biocabaz.pt\/web\/produto\/pimentao-doce-em-po-provida-bio-100g\/#primaryimage\",\"url\":\"https:\/\/www.biocabaz.pt\/web\/wp-conteudos\/uploads\/2022\/03\/pimentao-doce-em-po-provida-bio-100g.jpg\",\"contentUrl\":\"https:\/\/www.biocabaz.pt\/web\/wp-conteudos\/uploads\/2022\/03\/pimentao-doce-em-po-provida-bio-100g.jpg\",\"width\":326,\"height\":300,\"caption\":\"Piment\u00e3o Doce em P\u00f3 Pr\u00f3vida BIO 100g\"},{\"@type\":\"BreadcrumbList\",\"@id\":\"https:\/\/www.biocabaz.pt\/web\/produto\/pimentao-doce-em-po-provida-bio-100g\/#breadcrumb\",\"itemListElement\":[{\"@type\":\"ListItem\",\"position\":1,\"name\":\"Home\",\"item\":\"https:\/\/www.biocabaz.pt\/web\/\"},{\"@type\":\"ListItem\",\"position\":2,\"name\":\"Loja\",\"item\":\"https:\/\/www.biocabaz.pt\/web\/shop\/\"},{\"@type\":\"ListItem\",\"position\":3,\"name\":\"Piment\u00e3o Doce em P\u00f3 Pr\u00f3vida BIO 100g\"}]},{\"@type\":\"WebSite\",\"@id\":\"https:\/\/www.biocabaz.pt\/web\/#website\",\"url\":\"https:\/\/www.biocabaz.pt\/web\/\",\"name\":\"CABAZES BIOL\u00d3GICOS\",\"description\":\"One+Number\",\"potentialAction\":[{\"@type\":\"SearchAction\",\"target\":{\"@type\":\"EntryPoint\",\"urlTemplate\":\"https:\/\/www.biocabaz.pt\/web\/?s={search_term_string}\"},\"query-input\":{\"@type\":\"PropertyValueSpecification\",\"valueRequired\":true,\"valueName\":\"search_term_string\"}}],\"inLanguage\":\"pt-PT\"}]}<\/script>\n<!-- \/ Yoast SEO plugin. -->","yoast_head_json":{"title":"Piment\u00e3o Doce em P\u00f3 Pr\u00f3vida BIO 100g","description":"Piment\u00e3o Doce em P\u00f3 Pr\u00f3vida BIO 100g","robots":{"index":"index","follow":"follow","max-snippet":"max-snippet:-1","max-image-preview":"max-image-preview:large","max-video-preview":"max-video-preview:-1"},"canonical":"https:\/\/www.biocabaz.pt\/web\/produto\/pimentao-doce-em-po-provida-bio-100g\/","og_locale":"pt_PT","og_type":"article","og_title":"[:en]Piment\u00e3o Doce em P\u00f3 Pr\u00f3vida BIO 100g[:pt]Piment\u00e3o Doce em P\u00f3 Pr\u00f3vida BIO 100g[:] - CABAZES BIOL\u00d3GICOS","og_description":"DESCRI\u00c7\u00c3O  Piment\u00e3o doce em p\u00f3 biol\u00f3gico Pr\u00f3vida 100g. Ingredientes: Piment\u00e3o doce (capsicum annuum L.) de produ\u00e7\u00e3o biol\u00f3gica.PT-BIO-04. Origem: UE. Podendo ser tamb\u00e9m apelidado de paprika ou colorau, o piment\u00e3o doce tem um sabor caracter\u00edstico doce e intenso com um in\u00edcio muito levemente picante. Adapta-se especialmente a todo o tipo de pratos salgados.  DADOS NUTRICIONAIS  Declara\u00e7\u00e3o Nutricional por 100g: Energia - 1866kJ\/446kcal; L\u00edpidos - 11,6g, dos quais saturados - 2,1g; Hidratos Carbono - 54,0g, dos quais a\u00e7\u00facares - 10,3g; Fibra - 34,9g; Prote\u00ednas - 14,1g; Sal - 0,09g.  MODO DE UTILIZA\u00c7\u00c3O  Como condimento ou acabamento nas mais variadas vertentes de culin\u00e1ria, nacional e internacional. CONSERVAR EM LOCAL FRESCO E SECO.","og_url":"https:\/\/biocabaz.pt\/web\/en\/produto\/pimentao-doce-em-po-provida-bio-100g\/","og_site_name":"CABAZES BIOL\u00d3GICOS","article_modified_time":"2022-03-25T11:34:52+00:00","og_image":[{"width":326,"height":300,"url":"https:\/\/www.biocabaz.pt\/web\/wp-conteudos\/uploads\/2022\/03\/pimentao-doce-em-po-provida-bio-100g.jpg","type":"image\/jpeg"}],"twitter_card":"summary_large_image","schema":{"@context":"https:\/\/schema.org","@graph":[{"@type":"WebPage","@id":"https:\/\/www.biocabaz.pt\/web\/produto\/pimentao-doce-em-po-provida-bio-100g\/","url":"https:\/\/www.biocabaz.pt\/web\/produto\/pimentao-doce-em-po-provida-bio-100g\/","name":"Piment\u00e3o Doce em P\u00f3 Pr\u00f3vida BIO 100g","isPartOf":{"@id":"https:\/\/www.biocabaz.pt\/web\/#website"},"primaryImageOfPage":{"@id":"https:\/\/www.biocabaz.pt\/web\/produto\/pimentao-doce-em-po-provida-bio-100g\/#primaryimage"},"image":{"@id":"https:\/\/www.biocabaz.pt\/web\/produto\/pimentao-doce-em-po-provida-bio-100g\/#primaryimage"},"thumbnailUrl":"https:\/\/www.biocabaz.pt\/web\/wp-conteudos\/uploads\/2022\/03\/pimentao-doce-em-po-provida-bio-100g.jpg","datePublished":"2022-03-18T11:22:22+00:00","dateModified":"2022-03-25T11:34:52+00:00","breadcrumb":{"@id":"https:\/\/www.biocabaz.pt\/web\/produto\/pimentao-doce-em-po-provida-bio-100g\/#breadcrumb"},"inLanguage":"pt-PT","potentialAction":[{"@type":"ReadAction","target":["https:\/\/www.biocabaz.pt\/web\/produto\/pimentao-doce-em-po-provida-bio-100g\/"]}]},{"@type":"ImageObject","inLanguage":"pt-PT","@id":"https:\/\/www.biocabaz.pt\/web\/produto\/pimentao-doce-em-po-provida-bio-100g\/#primaryimage","url":"https:\/\/www.biocabaz.pt\/web\/wp-conteudos\/uploads\/2022\/03\/pimentao-doce-em-po-provida-bio-100g.jpg","contentUrl":"https:\/\/www.biocabaz.pt\/web\/wp-conteudos\/uploads\/2022\/03\/pimentao-doce-em-po-provida-bio-100g.jpg","width":326,"height":300,"caption":"Piment\u00e3o Doce em P\u00f3 Pr\u00f3vida BIO 100g"},{"@type":"BreadcrumbList","@id":"https:\/\/www.biocabaz.pt\/web\/produto\/pimentao-doce-em-po-provida-bio-100g\/#breadcrumb","itemListElement":[{"@type":"ListItem","position":1,"name":"Home","item":"https:\/\/www.biocabaz.pt\/web\/"},{"@type":"ListItem","position":2,"name":"Loja","item":"https:\/\/www.biocabaz.pt\/web\/shop\/"},{"@type":"ListItem","position":3,"name":"Piment\u00e3o Doce em P\u00f3 Pr\u00f3vida BIO 100g"}]},{"@type":"WebSite","@id":"https:\/\/www.biocabaz.pt\/web\/#website","url":"https:\/\/www.biocabaz.pt\/web\/","name":"CABAZES BIOL\u00d3GICOS","description":"One+Number","potentialAction":[{"@type":"SearchAction","target":{"@type":"EntryPoint","urlTemplate":"https:\/\/www.biocabaz.pt\/web\/?s={search_term_string}"},"query-input":{"@type":"PropertyValueSpecification","valueRequired":true,"valueName":"search_term_string"}}],"inLanguage":"pt-PT"}]}},"_links":{"self":[{"href":"https:\/\/biocabaz.pt\/web\/en\/wp-json\/wp\/v2\/product\/84030","targetHints":{"allow":["GET"]}}],"collection":[{"href":"https:\/\/biocabaz.pt\/web\/en\/wp-json\/wp\/v2\/product"}],"about":[{"href":"https:\/\/biocabaz.pt\/web\/en\/wp-json\/wp\/v2\/types\/product"}],"replies":[{"embeddable":true,"href":"https:\/\/biocabaz.pt\/web\/en\/wp-json\/wp\/v2\/comments?post=84030"}],"wp:featuredmedia":[{"embeddable":true,"href":"https:\/\/biocabaz.pt\/web\/en\/wp-json\/wp\/v2\/media\/84031"}],"wp:attachment":[{"href":"https:\/\/biocabaz.pt\/web\/en\/wp-json\/wp\/v2\/media?parent=84030"}],"wp:term":[{"taxonomy":"product_cat","embeddable":true,"href":"https:\/\/biocabaz.pt\/web\/en\/wp-json\/wp\/v2\/product_cat?post=84030"},{"taxonomy":"product_tag","embeddable":true,"href":"https:\/\/biocabaz.pt\/web\/en\/wp-json\/wp\/v2\/product_tag?post=84030"}],"curies":[{"name":"wp","href":"https:\/\/api.w.org\/{rel}","templated":true}]}}