{"id":84028,"date":"2022-03-18T11:19:37","date_gmt":"2022-03-18T11:19:37","guid":{"rendered":"https:\/\/www.biocabaz.pt\/web\/en\/?post_type=product&#038;p=84028"},"modified":"2024-08-02T12:53:26","modified_gmt":"2024-08-02T12:53:26","slug":"alho-desidratado-em-po-provida-bio-100g","status":"publish","type":"product","link":"https:\/\/biocabaz.pt\/web\/en\/produto\/alho-desidratado-em-po-provida-bio-100g\/","title":{"rendered":"Alho desidratado em P\u00f3 Pr\u00f3vida BIO 100g"},"content":{"rendered":"","protected":false},"excerpt":{"rendered":"<p><strong>DESCRI\u00c7\u00c3O<\/strong><\/p>\n<p>Alho desidratado em p\u00f3 biol\u00f3gico Pr\u00f3vida 100g. Ingredientes: Alho (Allium sativum L.) de produ\u00e7\u00e3o biol\u00f3gica. PT-BIO-04. Origem: N\u00e3o UE. O alho tem sabor e aroma muito caracter\u00edsticos, pungentes e picantes e \u00e9 conhecido pela sua enorme versatilidade culin\u00e1ria e at\u00e9 pelas suas propriedades medicinais.<\/p>\n<p><strong>DADOS NUTRICIONAIS<\/strong><\/p>\n<p>Declara\u00e7\u00e3o Nutricional por 100g: Energia &#8211; 1513kJ\/356kcal; L\u00edpidos &#8211; 0,3g, dos quais saturados &#8211; 0,06g; Hidratos Carbono &#8211; 70,3g, dos quais a\u00e7\u00facares &#8211; 21,3g; Fibra -4,7g; Prote\u00ednas &#8211; 15,8g; Sal &#8211; 0,1g.<\/p>\n<p><strong>MODO DE UTILIZA\u00c7\u00c3O<\/strong><\/p>\n<p>Como condimento ou acabamento nas mais variadas vertentes da culin\u00e1ria, confeitaria e do\u00e7aria. CONSERVAR EM LOCAL FRESCO E SECO.<\/p>\n","protected":false},"featured_media":84029,"comment_status":"closed","ping_status":"closed","template":"","meta":[],"product_cat":[27],"product_tag":[],"class_list":["post-84028","product","type-product","status-publish","has-post-thumbnail","hentry","product_cat-sal-especiarias-temperos"],"bundle_layout":"","bundled_by":[],"bundled_items":[],"yoast_head":"<!-- This site is optimized with the Yoast SEO plugin v26.3 - https:\/\/yoast.com\/wordpress\/plugins\/seo\/ -->\n<title>Alho desidratado em P\u00f3 Pr\u00f3vida BIO 100g<\/title>\n<meta name=\"description\" content=\"Alho desidratado em P\u00f3 Pr\u00f3vida BIO 100g\" \/>\n<meta name=\"robots\" content=\"index, follow, max-snippet:-1, max-image-preview:large, max-video-preview:-1\" \/>\n<link rel=\"canonical\" href=\"https:\/\/biocabaz.pt\/web\/en\/produto\/alho-desidratado-em-po-provida-bio-100g\/\" \/>\n<meta property=\"og:locale\" content=\"pt_PT\" \/>\n<meta property=\"og:locale:alternate\" content=\"pt_PT\" \/>\n<meta property=\"og:type\" content=\"article\" \/>\n<meta property=\"og:title\" content=\"Alho desidratado em P\u00f3 Pr\u00f3vida BIO 100g\" \/>\n<meta property=\"og:description\" content=\"Alho desidratado em P\u00f3 Pr\u00f3vida BIO 100g\" \/>\n<meta property=\"og:url\" content=\"https:\/\/biocabaz.pt\/web\/en\/produto\/alho-desidratado-em-po-provida-bio-100g\/\" \/>\n<meta property=\"og:site_name\" content=\"CABAZES BIOL\u00d3GICOS\" \/>\n<meta property=\"article:modified_time\" content=\"2024-08-02T12:53:26+00:00\" \/>\n<meta property=\"og:image\" content=\"https:\/\/www.biocabaz.pt\/web\/wp-conteudos\/uploads\/2022\/03\/alho-desidratado-em-po-provida-bio-100g.jpg\" \/>\n\t<meta property=\"og:image:width\" content=\"326\" \/>\n\t<meta property=\"og:image:height\" content=\"300\" \/>\n\t<meta property=\"og:image:type\" content=\"image\/jpeg\" \/>\n<meta name=\"twitter:card\" content=\"summary_large_image\" \/>\n<script type=\"application\/ld+json\" class=\"yoast-schema-graph\">{\"@context\":\"https:\/\/schema.org\",\"@graph\":[{\"@type\":\"WebPage\",\"@id\":\"https:\/\/biocabaz.pt\/web\/en\/produto\/alho-desidratado-em-po-provida-bio-100g\/\",\"url\":\"https:\/\/biocabaz.pt\/web\/en\/produto\/alho-desidratado-em-po-provida-bio-100g\/\",\"name\":\"Alho desidratado em P\u00f3 Pr\u00f3vida BIO 100g\",\"isPartOf\":{\"@id\":\"https:\/\/biocabaz.pt\/web\/en\/#website\"},\"primaryImageOfPage\":{\"@id\":\"https:\/\/biocabaz.pt\/web\/en\/produto\/alho-desidratado-em-po-provida-bio-100g\/#primaryimage\"},\"image\":{\"@id\":\"https:\/\/biocabaz.pt\/web\/en\/produto\/alho-desidratado-em-po-provida-bio-100g\/#primaryimage\"},\"thumbnailUrl\":\"https:\/\/www.biocabaz.pt\/web\/wp-conteudos\/uploads\/2022\/03\/alho-desidratado-em-po-provida-bio-100g.jpg\",\"datePublished\":\"2022-03-18T11:19:37+00:00\",\"dateModified\":\"2024-08-02T12:53:26+00:00\",\"description\":\"Alho desidratado em P\u00f3 Pr\u00f3vida BIO 100g\",\"breadcrumb\":{\"@id\":\"https:\/\/biocabaz.pt\/web\/en\/produto\/alho-desidratado-em-po-provida-bio-100g\/#breadcrumb\"},\"inLanguage\":\"pt-PT\",\"potentialAction\":[{\"@type\":\"ReadAction\",\"target\":[\"https:\/\/biocabaz.pt\/web\/en\/produto\/alho-desidratado-em-po-provida-bio-100g\/\"]}]},{\"@type\":\"ImageObject\",\"inLanguage\":\"pt-PT\",\"@id\":\"https:\/\/biocabaz.pt\/web\/en\/produto\/alho-desidratado-em-po-provida-bio-100g\/#primaryimage\",\"url\":\"https:\/\/www.biocabaz.pt\/web\/wp-conteudos\/uploads\/2022\/03\/alho-desidratado-em-po-provida-bio-100g.jpg\",\"contentUrl\":\"https:\/\/www.biocabaz.pt\/web\/wp-conteudos\/uploads\/2022\/03\/alho-desidratado-em-po-provida-bio-100g.jpg\",\"width\":326,\"height\":300,\"caption\":\"Alho desidratado em P\u00f3 Pr\u00f3vida BIO 100g\"},{\"@type\":\"BreadcrumbList\",\"@id\":\"https:\/\/biocabaz.pt\/web\/en\/produto\/alho-desidratado-em-po-provida-bio-100g\/#breadcrumb\",\"itemListElement\":[{\"@type\":\"ListItem\",\"position\":1,\"name\":\"Home\",\"item\":\"https:\/\/biocabaz.pt\/web\/en\/\"},{\"@type\":\"ListItem\",\"position\":2,\"name\":\"Shop\",\"item\":\"https:\/\/biocabaz.pt\/web\/en\/shop\/\"},{\"@type\":\"ListItem\",\"position\":3,\"name\":\"Alho desidratado em P\u00f3 Pr\u00f3vida BIO 100g\"}]},{\"@type\":\"WebSite\",\"@id\":\"https:\/\/biocabaz.pt\/web\/en\/#website\",\"url\":\"https:\/\/biocabaz.pt\/web\/en\/\",\"name\":\"CABAZES BIOL\u00d3GICOS\",\"description\":\"One+Number\",\"potentialAction\":[{\"@type\":\"SearchAction\",\"target\":{\"@type\":\"EntryPoint\",\"urlTemplate\":\"https:\/\/biocabaz.pt\/web\/en\/?s={search_term_string}\"},\"query-input\":{\"@type\":\"PropertyValueSpecification\",\"valueRequired\":true,\"valueName\":\"search_term_string\"}}],\"inLanguage\":\"pt-PT\"}]}<\/script>\n<!-- \/ Yoast SEO plugin. -->","yoast_head_json":{"title":"Alho desidratado em P\u00f3 Pr\u00f3vida BIO 100g","description":"Alho desidratado em P\u00f3 Pr\u00f3vida BIO 100g","robots":{"index":"index","follow":"follow","max-snippet":"max-snippet:-1","max-image-preview":"max-image-preview:large","max-video-preview":"max-video-preview:-1"},"canonical":"https:\/\/biocabaz.pt\/web\/en\/produto\/alho-desidratado-em-po-provida-bio-100g\/","og_locale":"pt_PT","og_type":"article","og_title":"[:en]Alho desidratado em P\u00f3 Pr\u00f3vida BIO 100g[:pt]Alho desidratado em P\u00f3 Pr\u00f3vida BIO 100g[:] - CABAZES BIOL\u00d3GICOS","og_description":"Alho desidratado em P\u00f3 Pr\u00f3vida BIO 100g","og_url":"https:\/\/biocabaz.pt\/web\/en\/produto\/alho-desidratado-em-po-provida-bio-100g\/","og_site_name":"CABAZES BIOL\u00d3GICOS","article_modified_time":"2024-08-02T12:53:26+00:00","og_image":[{"width":326,"height":300,"url":"https:\/\/www.biocabaz.pt\/web\/wp-conteudos\/uploads\/2022\/03\/alho-desidratado-em-po-provida-bio-100g.jpg","type":"image\/jpeg"}],"twitter_card":"summary_large_image","schema":{"@context":"https:\/\/schema.org","@graph":[{"@type":"WebPage","@id":"https:\/\/biocabaz.pt\/web\/en\/produto\/alho-desidratado-em-po-provida-bio-100g\/","url":"https:\/\/biocabaz.pt\/web\/en\/produto\/alho-desidratado-em-po-provida-bio-100g\/","name":"Alho desidratado em P\u00f3 Pr\u00f3vida BIO 100g","isPartOf":{"@id":"https:\/\/biocabaz.pt\/web\/en\/#website"},"primaryImageOfPage":{"@id":"https:\/\/biocabaz.pt\/web\/en\/produto\/alho-desidratado-em-po-provida-bio-100g\/#primaryimage"},"image":{"@id":"https:\/\/biocabaz.pt\/web\/en\/produto\/alho-desidratado-em-po-provida-bio-100g\/#primaryimage"},"thumbnailUrl":"https:\/\/www.biocabaz.pt\/web\/wp-conteudos\/uploads\/2022\/03\/alho-desidratado-em-po-provida-bio-100g.jpg","datePublished":"2022-03-18T11:19:37+00:00","dateModified":"2024-08-02T12:53:26+00:00","description":"Alho desidratado em P\u00f3 Pr\u00f3vida BIO 100g","breadcrumb":{"@id":"https:\/\/biocabaz.pt\/web\/en\/produto\/alho-desidratado-em-po-provida-bio-100g\/#breadcrumb"},"inLanguage":"pt-PT","potentialAction":[{"@type":"ReadAction","target":["https:\/\/biocabaz.pt\/web\/en\/produto\/alho-desidratado-em-po-provida-bio-100g\/"]}]},{"@type":"ImageObject","inLanguage":"pt-PT","@id":"https:\/\/biocabaz.pt\/web\/en\/produto\/alho-desidratado-em-po-provida-bio-100g\/#primaryimage","url":"https:\/\/www.biocabaz.pt\/web\/wp-conteudos\/uploads\/2022\/03\/alho-desidratado-em-po-provida-bio-100g.jpg","contentUrl":"https:\/\/www.biocabaz.pt\/web\/wp-conteudos\/uploads\/2022\/03\/alho-desidratado-em-po-provida-bio-100g.jpg","width":326,"height":300,"caption":"Alho desidratado em P\u00f3 Pr\u00f3vida BIO 100g"},{"@type":"BreadcrumbList","@id":"https:\/\/biocabaz.pt\/web\/en\/produto\/alho-desidratado-em-po-provida-bio-100g\/#breadcrumb","itemListElement":[{"@type":"ListItem","position":1,"name":"Home","item":"https:\/\/biocabaz.pt\/web\/en\/"},{"@type":"ListItem","position":2,"name":"Shop","item":"https:\/\/biocabaz.pt\/web\/en\/shop\/"},{"@type":"ListItem","position":3,"name":"Alho desidratado em P\u00f3 Pr\u00f3vida BIO 100g"}]},{"@type":"WebSite","@id":"https:\/\/biocabaz.pt\/web\/en\/#website","url":"https:\/\/biocabaz.pt\/web\/en\/","name":"CABAZES BIOL\u00d3GICOS","description":"One+Number","potentialAction":[{"@type":"SearchAction","target":{"@type":"EntryPoint","urlTemplate":"https:\/\/biocabaz.pt\/web\/en\/?s={search_term_string}"},"query-input":{"@type":"PropertyValueSpecification","valueRequired":true,"valueName":"search_term_string"}}],"inLanguage":"pt-PT"}]}},"_links":{"self":[{"href":"https:\/\/biocabaz.pt\/web\/en\/wp-json\/wp\/v2\/product\/84028","targetHints":{"allow":["GET"]}}],"collection":[{"href":"https:\/\/biocabaz.pt\/web\/en\/wp-json\/wp\/v2\/product"}],"about":[{"href":"https:\/\/biocabaz.pt\/web\/en\/wp-json\/wp\/v2\/types\/product"}],"replies":[{"embeddable":true,"href":"https:\/\/biocabaz.pt\/web\/en\/wp-json\/wp\/v2\/comments?post=84028"}],"wp:featuredmedia":[{"embeddable":true,"href":"https:\/\/biocabaz.pt\/web\/en\/wp-json\/wp\/v2\/media\/84029"}],"wp:attachment":[{"href":"https:\/\/biocabaz.pt\/web\/en\/wp-json\/wp\/v2\/media?parent=84028"}],"wp:term":[{"taxonomy":"product_cat","embeddable":true,"href":"https:\/\/biocabaz.pt\/web\/en\/wp-json\/wp\/v2\/product_cat?post=84028"},{"taxonomy":"product_tag","embeddable":true,"href":"https:\/\/biocabaz.pt\/web\/en\/wp-json\/wp\/v2\/product_tag?post=84028"}],"curies":[{"name":"wp","href":"https:\/\/api.w.org\/{rel}","templated":true}]}}