{"id":81558,"date":"2022-01-29T09:39:14","date_gmt":"2022-01-29T09:39:14","guid":{"rendered":"https:\/\/www.biocabaz.pt\/web\/?post_type=product&#038;p=81558"},"modified":"2022-12-12T08:30:57","modified_gmt":"2022-12-12T08:30:57","slug":"ultra-preventive-x-120-comprimidos-douglas-laboratories","status":"publish","type":"product","link":"https:\/\/biocabaz.pt\/web\/en\/produto\/ultra-preventive-x-120-comprimidos-douglas-laboratories\/","title":{"rendered":"ULTRA PREVENTIVE X \u2013 120 COMPRIMIDOS \u2013 DOUGLAS LABORATORIES"},"content":{"rendered":"","protected":false},"excerpt":{"rendered":"<p>O multivitam\u00ednico Ultra Preventive\u00ae X da Douglas Labs \u00e9 um suplemento alimentar para quem pretende consumir nutrientes essenciais visando um bom estado de sa\u00fade geral.\u00a0 Cont\u00e9m uma mistura org\u00e2nica de frutas e vegetais: 1 dose de Ultra Preventive\u00ae X fornece o poder antioxidante equivalente a 4-5 por\u00e7\u00f5es de fruta e vegetais).\u00a0 Cont\u00e9m folato sobre a forma de Metafolin\u00ae, uma forma superior de \u00e1cido f\u00f3lico, que \u00e9 rapidamente absorvida pelo organismo.\u00a0 Fornece 1000IU de Vitamina D por cada dose, sob a forma de vitamina D3 (colecalciferol).\u00a0 Continua a manter a prestigiada classifica\u00e7\u00e3o na Nutrisearch Comparative Guide to Nutritional Supplements (5-star gold-standard).<\/p>\n<h5>Composi\u00e7\u00e3o<\/h5>\n<p>Por 4 c\u00e1psulas:<\/p>\n<ul>\n<li>Vitamina A &#8211; 750\u00b5g;<\/li>\n<li>Beta-caroteno &#8211; 3,6 mg;<\/li>\n<li>Vitamina C (\u00c1cido Asc\u00f3rbico\/Acorbil Palmitato\/ Complexo de Ascorbato de c\u00e1lcio e magn\u00e9sio) &#8211; 700mg;<\/li>\n<li>Vitamina D3 &#8211; 5,0\u00b5g;<\/li>\n<li>Vitamina E (natural, de d-alpha tocoferil, mais mistura de tocoferois) &#8211; 134 UI;<\/li>\n<li>Vitamina B-1 (como Tiamina Mononitrato) &#8211; 45mg;<\/li>\n<li>Vitamina B-2 (como Riboflavina) &#8211; 25mg;<\/li>\n<li>Vitamina B-3 (como Niacina e\/Niacinamida) &#8211; 95mg;<\/li>\n<li>Vitamina B6 ( Piridoxina HCI\/ Piridoxal-5-complexo Fosfato) &#8211; 40mg;<\/li>\n<\/ul>\n<ul>\n<li>Vitamina B12 (metilcobalamina) &#8211; 150\u00b5g;<\/li>\n<li>Biotina &#8211; 300\u00b5g;<\/li>\n<li>C\u00e1lcio (Complexo de Citrato e Ascorbato) &#8211; 250mg;<\/li>\n<li>Biotina &#8211; 300\u00b5g;<\/li>\n<li>Magn\u00e9sio (de Oxido Magn\u00e9sio Ascorbato) &#8211; 250mg;<\/li>\n<li>Zinco (de Citrato de zinco) &#8211; 12mg;<\/li>\n<li>Sel\u00e9nio (de Sel\u00e9nio Metionina)- 100\u00b5g;<\/li>\n<li>Cobre (de Cobre Gluconato) &#8211; 1mg;<\/li>\n<li>Mangan\u00eas (de Mangan\u00eas Sulfato) &#8211; 5mg;<\/li>\n<\/ul>\n<ul>\n<li>Cr\u00f3mio (de Cr\u00f3mio Picolinato) &#8211; 100\u00b5g;<\/li>\n<li>Molibd\u00e9nio (de Molibd\u00e9nio de S\u00f3dio) &#8211; 50\u00b5g;<\/li>\n<li>Pot\u00e1ssio (de Cloreto de Pot\u00e1ssio) &#8211; 50mg;<\/li>\n<li>\u00c1cido patot\u00e9nico (de d-C\u00e1lcio Pantotenato) &#8211; 250mg;<\/li>\n<li>\u00c1cido L-asp\u00e1rtico &#8211; 280mg;<\/li>\n<li>L-Ciste\u00edna HCI &#8211; 70mg;<\/li>\n<li>N-Acetil L-Ciste\u00edna &#8211; 5mg;<\/li>\n<li>Beta\u00edna (de Beta\u00edna HCI) &#8211; 57mg;<\/li>\n<li>Bromela\u00edna (2.\u00a0000 GDU\/g) &#8211; 25mg;<\/li>\n<\/ul>\n<ul>\n<li>\u00c1cido Glut\u00e2mico HCI &#8211; 10mg.<\/li>\n<\/ul>\n<p>&nbsp;<\/p>\n<h5>Modo De Utiliza\u00e7\u00e3o<\/h5>\n<p>Tomar 4 c\u00e1psulas por dia.<\/p>\n<p>&nbsp;<\/p>\n<h5>Avisos<\/h5>\n<p>&#8211; N\u00e3o exceder as dosagens recomendadas;<br \/>\n&#8211; Este produto n\u00e3o deve ser utilizado como substituto de um regime alimentar variado.<br \/>\n&#8211; Conservar em local seco na embalagem original e a temperatura inferior a 25\u00b0C.<br \/>\n&#8211; Preservar da luz e do calor.<br \/>\n&#8211; Manter fora do alcance e da vis\u00e3o das crian\u00e7as.<br \/>\n&#8211; Devido \u00e0 inexist\u00eancia de estudos que confirmem a seguran\u00e7a de utiliza\u00e7\u00e3o em caso de gravidez e aleitamento, este suplemento n\u00e3o deve ser utilizado nestas situa\u00e7\u00f5es, salvo indica\u00e7\u00e3o m\u00e9dica.<br \/>\n&#8211; O produto n\u00e3o deve ser utilizado no caso de hipersensibilidade ou alergia a qualquer um dos constituintes da formula\u00e7\u00e3o.<br \/>\n&#8211; Os suplementos nutricionais n\u00e3o substituem uma alimenta\u00e7\u00e3o variada<br \/>\n&#8211; Este produto n\u00e3o tem a inten\u00e7\u00e3o de prevenir ou curar qualquer tipo de enfermidade ou doen\u00e7a, e n\u00e3o deve substituir qualquer medica\u00e7\u00e3o.<\/p>\n","protected":false},"featured_media":81559,"comment_status":"closed","ping_status":"closed","template":"","meta":[],"product_cat":[88],"product_tag":[],"class_list":["post-81558","product","type-product","status-publish","has-post-thumbnail","hentry","product_cat-suplementos"],"bundle_layout":"","bundled_by":[],"bundled_items":[],"yoast_head":"<!-- This site is optimized with the Yoast SEO plugin v26.3 - https:\/\/yoast.com\/wordpress\/plugins\/seo\/ -->\n<title>ULTRA PREVENTIVE X \u2013 120 COMPRIMIDOS \u2013 DOUGLAS LABORATORIES<\/title>\n<meta name=\"robots\" content=\"index, follow, max-snippet:-1, max-image-preview:large, max-video-preview:-1\" \/>\n<link rel=\"canonical\" href=\"https:\/\/biocabaz.pt\/web\/en\/produto\/ultra-preventive-x-120-comprimidos-douglas-laboratories\/\" \/>\n<meta property=\"og:locale\" content=\"pt_PT\" \/>\n<meta property=\"og:locale:alternate\" content=\"pt_PT\" \/>\n<meta property=\"og:type\" content=\"article\" \/>\n<meta property=\"og:title\" content=\"ULTRA PREVENTIVE X \u2013 120 COMPRIMIDOS \u2013 DOUGLAS LABORATORIES\" \/>\n<meta property=\"og:description\" content=\"O multivitam\u00ednico Ultra Preventive\u00ae X da Douglas Labs \u00e9 um suplemento alimentar para quem pretende consumir nutrientes essenciais visando um bom estado de sa\u00fade geral.\u00a0 Cont\u00e9m uma mistura org\u00e2nica de frutas e vegetais: 1 dose de Ultra Preventive\u00ae X fornece o poder antioxidante equivalente a 4-5 por\u00e7\u00f5es de fruta e vegetais).\u00a0 Cont\u00e9m folato sobre a forma de Metafolin\u00ae, uma forma superior de \u00e1cido f\u00f3lico, que \u00e9 rapidamente absorvida pelo organismo.\u00a0 Fornece 1000IU de Vitamina D por cada dose, sob a forma de vitamina D3 (colecalciferol).\u00a0 Continua a manter a prestigiada classifica\u00e7\u00e3o na Nutrisearch Comparative Guide to Nutritional Supplements (5-star gold-standard). Composi\u00e7\u00e3o Por 4 c\u00e1psulas:   Vitamina A - 750\u00b5g;  Beta-caroteno - 3,6 mg;  Vitamina C (\u00c1cido Asc\u00f3rbico\/Acorbil Palmitato\/ Complexo de Ascorbato de c\u00e1lcio e magn\u00e9sio) - 700mg;  Vitamina D3 - 5,0\u00b5g;  Vitamina E (natural, de d-alpha tocoferil, mais mistura de tocoferois) - 134 UI;  Vitamina B-1 (como Tiamina Mononitrato) - 45mg;  Vitamina B-2 (como Riboflavina) - 25mg;  Vitamina B-3 (como Niacina e\/Niacinamida) - 95mg;  Vitamina B6 ( Piridoxina HCI\/ Piridoxal-5-complexo Fosfato) - 40mg;    Vitamina B12 (metilcobalamina) - 150\u00b5g;  Biotina - 300\u00b5g;  C\u00e1lcio (Complexo de Citrato e Ascorbato) - 250mg;  Biotina - 300\u00b5g;  Magn\u00e9sio (de Oxido Magn\u00e9sio Ascorbato) - 250mg;  Zinco (de Citrato de zinco) - 12mg;  Sel\u00e9nio (de Sel\u00e9nio Metionina)- 100\u00b5g;  Cobre (de Cobre Gluconato) - 1mg;  Mangan\u00eas (de Mangan\u00eas Sulfato) - 5mg;    Cr\u00f3mio (de Cr\u00f3mio Picolinato) - 100\u00b5g;  Molibd\u00e9nio (de Molibd\u00e9nio de S\u00f3dio) - 50\u00b5g;  Pot\u00e1ssio (de Cloreto de Pot\u00e1ssio) - 50mg;  \u00c1cido patot\u00e9nico (de d-C\u00e1lcio Pantotenato) - 250mg;  \u00c1cido L-asp\u00e1rtico - 280mg;  L-Ciste\u00edna HCI - 70mg;  N-Acetil L-Ciste\u00edna - 5mg;  Beta\u00edna (de Beta\u00edna HCI) - 57mg;  Bromela\u00edna (2.\u00a0000 GDU\/g) - 25mg;    \u00c1cido Glut\u00e2mico HCI - 10mg.  &nbsp; Modo De Utiliza\u00e7\u00e3o Tomar 4 c\u00e1psulas por dia.  &nbsp; Avisos - N\u00e3o exceder as dosagens recomendadas; - Este produto n\u00e3o deve ser utilizado como substituto de um regime alimentar variado. - Conservar em local seco na embalagem original e a temperatura inferior a 25\u00b0C. - Preservar da luz e do calor. - Manter fora do alcance e da vis\u00e3o das crian\u00e7as. - Devido \u00e0 inexist\u00eancia de estudos que confirmem a seguran\u00e7a de utiliza\u00e7\u00e3o em caso de gravidez e aleitamento, este suplemento n\u00e3o deve ser utilizado nestas situa\u00e7\u00f5es, salvo indica\u00e7\u00e3o m\u00e9dica. - O produto n\u00e3o deve ser utilizado no caso de hipersensibilidade ou alergia a qualquer um dos constituintes da formula\u00e7\u00e3o. - Os suplementos nutricionais n\u00e3o substituem uma alimenta\u00e7\u00e3o variada - Este produto n\u00e3o tem a inten\u00e7\u00e3o de prevenir ou curar qualquer tipo de enfermidade ou doen\u00e7a, e n\u00e3o deve substituir qualquer medica\u00e7\u00e3o.\" \/>\n<meta property=\"og:url\" content=\"https:\/\/biocabaz.pt\/web\/en\/produto\/ultra-preventive-x-120-comprimidos-douglas-laboratories\/\" \/>\n<meta property=\"og:site_name\" content=\"CABAZES BIOL\u00d3GICOS\" \/>\n<meta property=\"article:modified_time\" content=\"2022-12-12T08:30:57+00:00\" \/>\n<meta property=\"og:image\" content=\"https:\/\/www.biocabaz.pt\/web\/wp-conteudos\/uploads\/2022\/01\/ultra-preventive-x-120-comprimidos-douglas-laboratories.png\" \/>\n\t<meta property=\"og:image:width\" content=\"412\" \/>\n\t<meta property=\"og:image:height\" content=\"412\" \/>\n\t<meta property=\"og:image:type\" content=\"image\/png\" \/>\n<meta name=\"twitter:card\" content=\"summary_large_image\" \/>\n<script type=\"application\/ld+json\" class=\"yoast-schema-graph\">{\"@context\":\"https:\/\/schema.org\",\"@graph\":[{\"@type\":\"WebPage\",\"@id\":\"https:\/\/biocabaz.pt\/web\/produto\/ultra-preventive-x-120-comprimidos-douglas-laboratories\/\",\"url\":\"https:\/\/biocabaz.pt\/web\/produto\/ultra-preventive-x-120-comprimidos-douglas-laboratories\/\",\"name\":\"ULTRA PREVENTIVE X \u2013 120 COMPRIMIDOS \u2013 DOUGLAS LABORATORIES\",\"isPartOf\":{\"@id\":\"https:\/\/biocabaz.pt\/web\/#website\"},\"primaryImageOfPage\":{\"@id\":\"https:\/\/biocabaz.pt\/web\/produto\/ultra-preventive-x-120-comprimidos-douglas-laboratories\/#primaryimage\"},\"image\":{\"@id\":\"https:\/\/biocabaz.pt\/web\/produto\/ultra-preventive-x-120-comprimidos-douglas-laboratories\/#primaryimage\"},\"thumbnailUrl\":\"https:\/\/www.biocabaz.pt\/web\/wp-conteudos\/uploads\/2022\/01\/ultra-preventive-x-120-comprimidos-douglas-laboratories.png\",\"datePublished\":\"2022-01-29T09:39:14+00:00\",\"dateModified\":\"2022-12-12T08:30:57+00:00\",\"breadcrumb\":{\"@id\":\"https:\/\/biocabaz.pt\/web\/produto\/ultra-preventive-x-120-comprimidos-douglas-laboratories\/#breadcrumb\"},\"inLanguage\":\"pt-PT\",\"potentialAction\":[{\"@type\":\"ReadAction\",\"target\":[\"https:\/\/biocabaz.pt\/web\/produto\/ultra-preventive-x-120-comprimidos-douglas-laboratories\/\"]}]},{\"@type\":\"ImageObject\",\"inLanguage\":\"pt-PT\",\"@id\":\"https:\/\/biocabaz.pt\/web\/produto\/ultra-preventive-x-120-comprimidos-douglas-laboratories\/#primaryimage\",\"url\":\"https:\/\/www.biocabaz.pt\/web\/wp-conteudos\/uploads\/2022\/01\/ultra-preventive-x-120-comprimidos-douglas-laboratories.png\",\"contentUrl\":\"https:\/\/www.biocabaz.pt\/web\/wp-conteudos\/uploads\/2022\/01\/ultra-preventive-x-120-comprimidos-douglas-laboratories.png\",\"width\":412,\"height\":412,\"caption\":\"ULTRA PREVENTIVE X \u2013 120 COMPRIMIDOS \u2013 DOUGLAS LABORATORIES\"},{\"@type\":\"BreadcrumbList\",\"@id\":\"https:\/\/biocabaz.pt\/web\/produto\/ultra-preventive-x-120-comprimidos-douglas-laboratories\/#breadcrumb\",\"itemListElement\":[{\"@type\":\"ListItem\",\"position\":1,\"name\":\"Home\",\"item\":\"https:\/\/biocabaz.pt\/web\/\"},{\"@type\":\"ListItem\",\"position\":2,\"name\":\"Loja\",\"item\":\"https:\/\/biocabaz.pt\/web\/shop\/\"},{\"@type\":\"ListItem\",\"position\":3,\"name\":\"ULTRA PREVENTIVE X \u2013 120 COMPRIMIDOS \u2013 DOUGLAS LABORATORIES\"}]},{\"@type\":\"WebSite\",\"@id\":\"https:\/\/biocabaz.pt\/web\/#website\",\"url\":\"https:\/\/biocabaz.pt\/web\/\",\"name\":\"CABAZES BIOL\u00d3GICOS\",\"description\":\"One+Number\",\"potentialAction\":[{\"@type\":\"SearchAction\",\"target\":{\"@type\":\"EntryPoint\",\"urlTemplate\":\"https:\/\/biocabaz.pt\/web\/?s={search_term_string}\"},\"query-input\":{\"@type\":\"PropertyValueSpecification\",\"valueRequired\":true,\"valueName\":\"search_term_string\"}}],\"inLanguage\":\"pt-PT\"}]}<\/script>\n<!-- \/ Yoast SEO plugin. -->","yoast_head_json":{"title":"ULTRA PREVENTIVE X \u2013 120 COMPRIMIDOS \u2013 DOUGLAS LABORATORIES","robots":{"index":"index","follow":"follow","max-snippet":"max-snippet:-1","max-image-preview":"max-image-preview:large","max-video-preview":"max-video-preview:-1"},"canonical":"https:\/\/biocabaz.pt\/web\/en\/produto\/ultra-preventive-x-120-comprimidos-douglas-laboratories\/","og_locale":"pt_PT","og_type":"article","og_title":"[:en]ULTRA PREVENTIVE X \u2013 120 COMPRIMIDOS \u2013 DOUGLAS LABORATORIES[:pt]ULTRA PREVENTIVE X \u2013 120 COMPRIMIDOS \u2013 DOUGLAS LABORATORIES[:] - CABAZES BIOL\u00d3GICOS","og_description":"O multivitam\u00ednico Ultra Preventive\u00ae X da Douglas Labs \u00e9 um suplemento alimentar para quem pretende consumir nutrientes essenciais visando um bom estado de sa\u00fade geral.\u00a0 Cont\u00e9m uma mistura org\u00e2nica de frutas e vegetais: 1 dose de Ultra Preventive\u00ae X fornece o poder antioxidante equivalente a 4-5 por\u00e7\u00f5es de fruta e vegetais).\u00a0 Cont\u00e9m folato sobre a forma de Metafolin\u00ae, uma forma superior de \u00e1cido f\u00f3lico, que \u00e9 rapidamente absorvida pelo organismo.\u00a0 Fornece 1000IU de Vitamina D por cada dose, sob a forma de vitamina D3 (colecalciferol).\u00a0 Continua a manter a prestigiada classifica\u00e7\u00e3o na Nutrisearch Comparative Guide to Nutritional Supplements (5-star gold-standard). Composi\u00e7\u00e3o Por 4 c\u00e1psulas:   Vitamina A - 750\u00b5g;  Beta-caroteno - 3,6 mg;  Vitamina C (\u00c1cido Asc\u00f3rbico\/Acorbil Palmitato\/ Complexo de Ascorbato de c\u00e1lcio e magn\u00e9sio) - 700mg;  Vitamina D3 - 5,0\u00b5g;  Vitamina E (natural, de d-alpha tocoferil, mais mistura de tocoferois) - 134 UI;  Vitamina B-1 (como Tiamina Mononitrato) - 45mg;  Vitamina B-2 (como Riboflavina) - 25mg;  Vitamina B-3 (como Niacina e\/Niacinamida) - 95mg;  Vitamina B6 ( Piridoxina HCI\/ Piridoxal-5-complexo Fosfato) - 40mg;    Vitamina B12 (metilcobalamina) - 150\u00b5g;  Biotina - 300\u00b5g;  C\u00e1lcio (Complexo de Citrato e Ascorbato) - 250mg;  Biotina - 300\u00b5g;  Magn\u00e9sio (de Oxido Magn\u00e9sio Ascorbato) - 250mg;  Zinco (de Citrato de zinco) - 12mg;  Sel\u00e9nio (de Sel\u00e9nio Metionina)- 100\u00b5g;  Cobre (de Cobre Gluconato) - 1mg;  Mangan\u00eas (de Mangan\u00eas Sulfato) - 5mg;    Cr\u00f3mio (de Cr\u00f3mio Picolinato) - 100\u00b5g;  Molibd\u00e9nio (de Molibd\u00e9nio de S\u00f3dio) - 50\u00b5g;  Pot\u00e1ssio (de Cloreto de Pot\u00e1ssio) - 50mg;  \u00c1cido patot\u00e9nico (de d-C\u00e1lcio Pantotenato) - 250mg;  \u00c1cido L-asp\u00e1rtico - 280mg;  L-Ciste\u00edna HCI - 70mg;  N-Acetil L-Ciste\u00edna - 5mg;  Beta\u00edna (de Beta\u00edna HCI) - 57mg;  Bromela\u00edna (2.\u00a0000 GDU\/g) - 25mg;    \u00c1cido Glut\u00e2mico HCI - 10mg.  &nbsp; Modo De Utiliza\u00e7\u00e3o Tomar 4 c\u00e1psulas por dia.  &nbsp; Avisos - N\u00e3o exceder as dosagens recomendadas; - Este produto n\u00e3o deve ser utilizado como substituto de um regime alimentar variado. - Conservar em local seco na embalagem original e a temperatura inferior a 25\u00b0C. - Preservar da luz e do calor. - Manter fora do alcance e da vis\u00e3o das crian\u00e7as. - Devido \u00e0 inexist\u00eancia de estudos que confirmem a seguran\u00e7a de utiliza\u00e7\u00e3o em caso de gravidez e aleitamento, este suplemento n\u00e3o deve ser utilizado nestas situa\u00e7\u00f5es, salvo indica\u00e7\u00e3o m\u00e9dica. - O produto n\u00e3o deve ser utilizado no caso de hipersensibilidade ou alergia a qualquer um dos constituintes da formula\u00e7\u00e3o. - Os suplementos nutricionais n\u00e3o substituem uma alimenta\u00e7\u00e3o variada - Este produto n\u00e3o tem a inten\u00e7\u00e3o de prevenir ou curar qualquer tipo de enfermidade ou doen\u00e7a, e n\u00e3o deve substituir qualquer medica\u00e7\u00e3o.","og_url":"https:\/\/biocabaz.pt\/web\/en\/produto\/ultra-preventive-x-120-comprimidos-douglas-laboratories\/","og_site_name":"CABAZES BIOL\u00d3GICOS","article_modified_time":"2022-12-12T08:30:57+00:00","og_image":[{"width":412,"height":412,"url":"https:\/\/www.biocabaz.pt\/web\/wp-conteudos\/uploads\/2022\/01\/ultra-preventive-x-120-comprimidos-douglas-laboratories.png","type":"image\/png"}],"twitter_card":"summary_large_image","schema":{"@context":"https:\/\/schema.org","@graph":[{"@type":"WebPage","@id":"https:\/\/biocabaz.pt\/web\/produto\/ultra-preventive-x-120-comprimidos-douglas-laboratories\/","url":"https:\/\/biocabaz.pt\/web\/produto\/ultra-preventive-x-120-comprimidos-douglas-laboratories\/","name":"ULTRA PREVENTIVE X \u2013 120 COMPRIMIDOS \u2013 DOUGLAS LABORATORIES","isPartOf":{"@id":"https:\/\/biocabaz.pt\/web\/#website"},"primaryImageOfPage":{"@id":"https:\/\/biocabaz.pt\/web\/produto\/ultra-preventive-x-120-comprimidos-douglas-laboratories\/#primaryimage"},"image":{"@id":"https:\/\/biocabaz.pt\/web\/produto\/ultra-preventive-x-120-comprimidos-douglas-laboratories\/#primaryimage"},"thumbnailUrl":"https:\/\/www.biocabaz.pt\/web\/wp-conteudos\/uploads\/2022\/01\/ultra-preventive-x-120-comprimidos-douglas-laboratories.png","datePublished":"2022-01-29T09:39:14+00:00","dateModified":"2022-12-12T08:30:57+00:00","breadcrumb":{"@id":"https:\/\/biocabaz.pt\/web\/produto\/ultra-preventive-x-120-comprimidos-douglas-laboratories\/#breadcrumb"},"inLanguage":"pt-PT","potentialAction":[{"@type":"ReadAction","target":["https:\/\/biocabaz.pt\/web\/produto\/ultra-preventive-x-120-comprimidos-douglas-laboratories\/"]}]},{"@type":"ImageObject","inLanguage":"pt-PT","@id":"https:\/\/biocabaz.pt\/web\/produto\/ultra-preventive-x-120-comprimidos-douglas-laboratories\/#primaryimage","url":"https:\/\/www.biocabaz.pt\/web\/wp-conteudos\/uploads\/2022\/01\/ultra-preventive-x-120-comprimidos-douglas-laboratories.png","contentUrl":"https:\/\/www.biocabaz.pt\/web\/wp-conteudos\/uploads\/2022\/01\/ultra-preventive-x-120-comprimidos-douglas-laboratories.png","width":412,"height":412,"caption":"ULTRA PREVENTIVE X \u2013 120 COMPRIMIDOS \u2013 DOUGLAS LABORATORIES"},{"@type":"BreadcrumbList","@id":"https:\/\/biocabaz.pt\/web\/produto\/ultra-preventive-x-120-comprimidos-douglas-laboratories\/#breadcrumb","itemListElement":[{"@type":"ListItem","position":1,"name":"Home","item":"https:\/\/biocabaz.pt\/web\/"},{"@type":"ListItem","position":2,"name":"Loja","item":"https:\/\/biocabaz.pt\/web\/shop\/"},{"@type":"ListItem","position":3,"name":"ULTRA PREVENTIVE X \u2013 120 COMPRIMIDOS \u2013 DOUGLAS LABORATORIES"}]},{"@type":"WebSite","@id":"https:\/\/biocabaz.pt\/web\/#website","url":"https:\/\/biocabaz.pt\/web\/","name":"CABAZES BIOL\u00d3GICOS","description":"One+Number","potentialAction":[{"@type":"SearchAction","target":{"@type":"EntryPoint","urlTemplate":"https:\/\/biocabaz.pt\/web\/?s={search_term_string}"},"query-input":{"@type":"PropertyValueSpecification","valueRequired":true,"valueName":"search_term_string"}}],"inLanguage":"pt-PT"}]}},"_links":{"self":[{"href":"https:\/\/biocabaz.pt\/web\/en\/wp-json\/wp\/v2\/product\/81558","targetHints":{"allow":["GET"]}}],"collection":[{"href":"https:\/\/biocabaz.pt\/web\/en\/wp-json\/wp\/v2\/product"}],"about":[{"href":"https:\/\/biocabaz.pt\/web\/en\/wp-json\/wp\/v2\/types\/product"}],"replies":[{"embeddable":true,"href":"https:\/\/biocabaz.pt\/web\/en\/wp-json\/wp\/v2\/comments?post=81558"}],"wp:featuredmedia":[{"embeddable":true,"href":"https:\/\/biocabaz.pt\/web\/en\/wp-json\/wp\/v2\/media\/81559"}],"wp:attachment":[{"href":"https:\/\/biocabaz.pt\/web\/en\/wp-json\/wp\/v2\/media?parent=81558"}],"wp:term":[{"taxonomy":"product_cat","embeddable":true,"href":"https:\/\/biocabaz.pt\/web\/en\/wp-json\/wp\/v2\/product_cat?post=81558"},{"taxonomy":"product_tag","embeddable":true,"href":"https:\/\/biocabaz.pt\/web\/en\/wp-json\/wp\/v2\/product_tag?post=81558"}],"curies":[{"name":"wp","href":"https:\/\/api.w.org\/{rel}","templated":true}]}}