{"id":81490,"date":"2022-01-27T21:32:27","date_gmt":"2022-01-27T21:32:27","guid":{"rendered":"https:\/\/www.biocabaz.pt\/web\/?post_type=product&#038;p=81490"},"modified":"2022-09-29T15:06:30","modified_gmt":"2022-09-29T15:06:30","slug":"farinha-trigo-semi-integral-t80-1kg-paulino-horta","status":"publish","type":"product","link":"https:\/\/biocabaz.pt\/web\/en\/produto\/farinha-trigo-semi-integral-t80-1kg-paulino-horta\/","title":{"rendered":"FARINHA TRIGO SEMI-INTEGRAL T80 PAULINO HORTA BIO 1KG"},"content":{"rendered":"<p>Origem Portugal<\/p>\n","protected":false},"excerpt":{"rendered":"<p><strong>Descri\u00e7\u00e3o<\/strong><br \/>\nFarinha Semi-integral biologica Tipo 80: indicada para uso culin\u00e1rio. Cont\u00e9m gl\u00faten.<\/p>\n<p><strong>Dados Nutricionais<\/strong><br \/>\nDeclara\u00e7\u00e3o Nutricional por 100g:<br \/>\nEnergia: 1476 kJ\/348kcal;<br \/>\nL\u00edpidos: 1,4g \u2013 dos quais saturados: 0,3g;<br \/>\nHidratos de Carbono: 70,4g \u2013 dos quais a\u00e7\u00facares: 1,1g;<br \/>\nFibra: 6,2g;<br \/>\nProte\u00ednas: 11,8g;<br \/>\nSal: <0,01g.\n<\/p>\n","protected":false},"featured_media":81491,"comment_status":"closed","ping_status":"closed","template":"","meta":[],"product_cat":[22],"product_tag":[],"class_list":["post-81490","product","type-product","status-publish","has-post-thumbnail","hentry","product_cat-arroz-farinha"],"bundle_layout":"","bundled_by":[],"bundled_items":[],"yoast_head":"<!-- This site is optimized with the Yoast SEO plugin v26.3 - https:\/\/yoast.com\/wordpress\/plugins\/seo\/ -->\n<title>FARINHA TRIGO SEMI-INTEGRAL T80 PAULINO HORTA BIO 1KG<\/title>\n<meta name=\"robots\" content=\"index, follow, max-snippet:-1, max-image-preview:large, max-video-preview:-1\" \/>\n<link rel=\"canonical\" href=\"https:\/\/www.biocabaz.pt\/web\/produto\/farinha-trigo-semi-integral-t80-1kg-paulino-horta\/\" \/>\n<meta property=\"og:locale\" content=\"pt_PT\" \/>\n<meta property=\"og:locale:alternate\" content=\"pt_PT\" \/>\n<meta property=\"og:type\" content=\"article\" \/>\n<meta property=\"og:title\" content=\"FARINHA TRIGO SEMI-INTEGRAL T80 PAULINO HORTA BIO 1KG\" \/>\n<meta property=\"og:description\" content=\"Descri\u00e7\u00e3o Farinha Semi-integral biologica Tipo 80: indicada para uso culin\u00e1rio. Cont\u00e9m gl\u00faten.  Dados Nutricionais Declara\u00e7\u00e3o Nutricional por 100g: Energia: 1476 kJ\/348kcal; L\u00edpidos: 1,4g \u2013 dos quais saturados: 0,3g; Hidratos de Carbono: 70,4g \u2013 dos quais a\u00e7\u00facares: 1,1g; Fibra: 6,2g; Prote\u00ednas: 11,8g; Sal:\" \/>\n<meta property=\"og:url\" content=\"https:\/\/biocabaz.pt\/web\/en\/produto\/farinha-trigo-semi-integral-t80-1kg-paulino-horta\/\" \/>\n<meta property=\"og:site_name\" content=\"CABAZES BIOL\u00d3GICOS\" \/>\n<meta property=\"article:modified_time\" content=\"2022-09-29T15:06:30+00:00\" \/>\n<meta property=\"og:image\" content=\"https:\/\/www.biocabaz.pt\/web\/wp-conteudos\/uploads\/2022\/01\/farinha-trigo-semi-integral-t80-1kg-paulino-horta.jpg\" \/>\n\t<meta property=\"og:image:width\" content=\"1000\" \/>\n\t<meta property=\"og:image:height\" content=\"1000\" \/>\n\t<meta property=\"og:image:type\" content=\"image\/jpeg\" \/>\n<meta name=\"twitter:card\" content=\"summary_large_image\" \/>\n<script type=\"application\/ld+json\" class=\"yoast-schema-graph\">{\"@context\":\"https:\/\/schema.org\",\"@graph\":[{\"@type\":\"WebPage\",\"@id\":\"https:\/\/www.biocabaz.pt\/web\/produto\/farinha-trigo-semi-integral-t80-1kg-paulino-horta\/\",\"url\":\"https:\/\/www.biocabaz.pt\/web\/produto\/farinha-trigo-semi-integral-t80-1kg-paulino-horta\/\",\"name\":\"FARINHA TRIGO SEMI-INTEGRAL T80 PAULINO HORTA BIO 1KG\",\"isPartOf\":{\"@id\":\"https:\/\/www.biocabaz.pt\/web\/en\/#website\"},\"primaryImageOfPage\":{\"@id\":\"https:\/\/www.biocabaz.pt\/web\/produto\/farinha-trigo-semi-integral-t80-1kg-paulino-horta\/#primaryimage\"},\"image\":{\"@id\":\"https:\/\/www.biocabaz.pt\/web\/produto\/farinha-trigo-semi-integral-t80-1kg-paulino-horta\/#primaryimage\"},\"thumbnailUrl\":\"https:\/\/www.biocabaz.pt\/web\/wp-conteudos\/uploads\/2022\/01\/farinha-trigo-semi-integral-t80-1kg-paulino-horta.jpg\",\"datePublished\":\"2022-01-27T21:32:27+00:00\",\"dateModified\":\"2022-09-29T15:06:30+00:00\",\"breadcrumb\":{\"@id\":\"https:\/\/www.biocabaz.pt\/web\/produto\/farinha-trigo-semi-integral-t80-1kg-paulino-horta\/#breadcrumb\"},\"inLanguage\":\"pt-PT\",\"potentialAction\":[{\"@type\":\"ReadAction\",\"target\":[\"https:\/\/www.biocabaz.pt\/web\/produto\/farinha-trigo-semi-integral-t80-1kg-paulino-horta\/\"]}]},{\"@type\":\"ImageObject\",\"inLanguage\":\"pt-PT\",\"@id\":\"https:\/\/www.biocabaz.pt\/web\/produto\/farinha-trigo-semi-integral-t80-1kg-paulino-horta\/#primaryimage\",\"url\":\"https:\/\/www.biocabaz.pt\/web\/wp-conteudos\/uploads\/2022\/01\/farinha-trigo-semi-integral-t80-1kg-paulino-horta.jpg\",\"contentUrl\":\"https:\/\/www.biocabaz.pt\/web\/wp-conteudos\/uploads\/2022\/01\/farinha-trigo-semi-integral-t80-1kg-paulino-horta.jpg\",\"width\":1000,\"height\":1000,\"caption\":\"FARINHA TRIGO SEMI-INTEGRAL T80, 1KG - PAULINO HORTA\"},{\"@type\":\"BreadcrumbList\",\"@id\":\"https:\/\/www.biocabaz.pt\/web\/produto\/farinha-trigo-semi-integral-t80-1kg-paulino-horta\/#breadcrumb\",\"itemListElement\":[{\"@type\":\"ListItem\",\"position\":1,\"name\":\"Home\",\"item\":\"https:\/\/www.biocabaz.pt\/web\/en\/\"},{\"@type\":\"ListItem\",\"position\":2,\"name\":\"Shop\",\"item\":\"https:\/\/www.biocabaz.pt\/web\/en\/shop\/\"},{\"@type\":\"ListItem\",\"position\":3,\"name\":\"FARINHA TRIGO SEMI-INTEGRAL T80 PAULINO HORTA BIO 1KG\"}]},{\"@type\":\"WebSite\",\"@id\":\"https:\/\/www.biocabaz.pt\/web\/en\/#website\",\"url\":\"https:\/\/www.biocabaz.pt\/web\/en\/\",\"name\":\"CABAZES BIOL\u00d3GICOS\",\"description\":\"One+Number\",\"potentialAction\":[{\"@type\":\"SearchAction\",\"target\":{\"@type\":\"EntryPoint\",\"urlTemplate\":\"https:\/\/www.biocabaz.pt\/web\/en\/?s={search_term_string}\"},\"query-input\":{\"@type\":\"PropertyValueSpecification\",\"valueRequired\":true,\"valueName\":\"search_term_string\"}}],\"inLanguage\":\"pt-PT\"}]}<\/script>\n<!-- \/ Yoast SEO plugin. -->","yoast_head_json":{"title":"FARINHA TRIGO SEMI-INTEGRAL T80 PAULINO HORTA BIO 1KG","robots":{"index":"index","follow":"follow","max-snippet":"max-snippet:-1","max-image-preview":"max-image-preview:large","max-video-preview":"max-video-preview:-1"},"canonical":"https:\/\/www.biocabaz.pt\/web\/produto\/farinha-trigo-semi-integral-t80-1kg-paulino-horta\/","og_locale":"pt_PT","og_type":"article","og_title":"[:pt]FARINHA TRIGO SEMI-INTEGRAL T80 PAULINO HORTA BIO 1KG[:] - CABAZES BIOL\u00d3GICOS","og_description":"Descri\u00e7\u00e3o Farinha Semi-integral biologica Tipo 80: indicada para uso culin\u00e1rio. Cont\u00e9m gl\u00faten.  Dados Nutricionais Declara\u00e7\u00e3o Nutricional por 100g: Energia: 1476 kJ\/348kcal; L\u00edpidos: 1,4g \u2013 dos quais saturados: 0,3g; Hidratos de Carbono: 70,4g \u2013 dos quais a\u00e7\u00facares: 1,1g; Fibra: 6,2g; Prote\u00ednas: 11,8g; Sal:","og_url":"https:\/\/biocabaz.pt\/web\/en\/produto\/farinha-trigo-semi-integral-t80-1kg-paulino-horta\/","og_site_name":"CABAZES BIOL\u00d3GICOS","article_modified_time":"2022-09-29T15:06:30+00:00","og_image":[{"width":1000,"height":1000,"url":"https:\/\/www.biocabaz.pt\/web\/wp-conteudos\/uploads\/2022\/01\/farinha-trigo-semi-integral-t80-1kg-paulino-horta.jpg","type":"image\/jpeg"}],"twitter_card":"summary_large_image","schema":{"@context":"https:\/\/schema.org","@graph":[{"@type":"WebPage","@id":"https:\/\/www.biocabaz.pt\/web\/produto\/farinha-trigo-semi-integral-t80-1kg-paulino-horta\/","url":"https:\/\/www.biocabaz.pt\/web\/produto\/farinha-trigo-semi-integral-t80-1kg-paulino-horta\/","name":"FARINHA TRIGO SEMI-INTEGRAL T80 PAULINO HORTA BIO 1KG","isPartOf":{"@id":"https:\/\/www.biocabaz.pt\/web\/en\/#website"},"primaryImageOfPage":{"@id":"https:\/\/www.biocabaz.pt\/web\/produto\/farinha-trigo-semi-integral-t80-1kg-paulino-horta\/#primaryimage"},"image":{"@id":"https:\/\/www.biocabaz.pt\/web\/produto\/farinha-trigo-semi-integral-t80-1kg-paulino-horta\/#primaryimage"},"thumbnailUrl":"https:\/\/www.biocabaz.pt\/web\/wp-conteudos\/uploads\/2022\/01\/farinha-trigo-semi-integral-t80-1kg-paulino-horta.jpg","datePublished":"2022-01-27T21:32:27+00:00","dateModified":"2022-09-29T15:06:30+00:00","breadcrumb":{"@id":"https:\/\/www.biocabaz.pt\/web\/produto\/farinha-trigo-semi-integral-t80-1kg-paulino-horta\/#breadcrumb"},"inLanguage":"pt-PT","potentialAction":[{"@type":"ReadAction","target":["https:\/\/www.biocabaz.pt\/web\/produto\/farinha-trigo-semi-integral-t80-1kg-paulino-horta\/"]}]},{"@type":"ImageObject","inLanguage":"pt-PT","@id":"https:\/\/www.biocabaz.pt\/web\/produto\/farinha-trigo-semi-integral-t80-1kg-paulino-horta\/#primaryimage","url":"https:\/\/www.biocabaz.pt\/web\/wp-conteudos\/uploads\/2022\/01\/farinha-trigo-semi-integral-t80-1kg-paulino-horta.jpg","contentUrl":"https:\/\/www.biocabaz.pt\/web\/wp-conteudos\/uploads\/2022\/01\/farinha-trigo-semi-integral-t80-1kg-paulino-horta.jpg","width":1000,"height":1000,"caption":"FARINHA TRIGO SEMI-INTEGRAL T80, 1KG - PAULINO HORTA"},{"@type":"BreadcrumbList","@id":"https:\/\/www.biocabaz.pt\/web\/produto\/farinha-trigo-semi-integral-t80-1kg-paulino-horta\/#breadcrumb","itemListElement":[{"@type":"ListItem","position":1,"name":"Home","item":"https:\/\/www.biocabaz.pt\/web\/en\/"},{"@type":"ListItem","position":2,"name":"Shop","item":"https:\/\/www.biocabaz.pt\/web\/en\/shop\/"},{"@type":"ListItem","position":3,"name":"FARINHA TRIGO SEMI-INTEGRAL T80 PAULINO HORTA BIO 1KG"}]},{"@type":"WebSite","@id":"https:\/\/www.biocabaz.pt\/web\/en\/#website","url":"https:\/\/www.biocabaz.pt\/web\/en\/","name":"CABAZES BIOL\u00d3GICOS","description":"One+Number","potentialAction":[{"@type":"SearchAction","target":{"@type":"EntryPoint","urlTemplate":"https:\/\/www.biocabaz.pt\/web\/en\/?s={search_term_string}"},"query-input":{"@type":"PropertyValueSpecification","valueRequired":true,"valueName":"search_term_string"}}],"inLanguage":"pt-PT"}]}},"_links":{"self":[{"href":"https:\/\/biocabaz.pt\/web\/en\/wp-json\/wp\/v2\/product\/81490","targetHints":{"allow":["GET"]}}],"collection":[{"href":"https:\/\/biocabaz.pt\/web\/en\/wp-json\/wp\/v2\/product"}],"about":[{"href":"https:\/\/biocabaz.pt\/web\/en\/wp-json\/wp\/v2\/types\/product"}],"replies":[{"embeddable":true,"href":"https:\/\/biocabaz.pt\/web\/en\/wp-json\/wp\/v2\/comments?post=81490"}],"wp:featuredmedia":[{"embeddable":true,"href":"https:\/\/biocabaz.pt\/web\/en\/wp-json\/wp\/v2\/media\/81491"}],"wp:attachment":[{"href":"https:\/\/biocabaz.pt\/web\/en\/wp-json\/wp\/v2\/media?parent=81490"}],"wp:term":[{"taxonomy":"product_cat","embeddable":true,"href":"https:\/\/biocabaz.pt\/web\/en\/wp-json\/wp\/v2\/product_cat?post=81490"},{"taxonomy":"product_tag","embeddable":true,"href":"https:\/\/biocabaz.pt\/web\/en\/wp-json\/wp\/v2\/product_tag?post=81490"}],"curies":[{"name":"wp","href":"https:\/\/api.w.org\/{rel}","templated":true}]}}