{"id":80764,"date":"2022-01-14T10:52:12","date_gmt":"2022-01-14T10:52:12","guid":{"rendered":"https:\/\/www.biocabaz.pt\/web\/?post_type=product&#038;p=80764"},"modified":"2024-08-02T12:54:16","modified_gmt":"2024-08-02T12:54:16","slug":"curcuma-em-po-provida-bio-100g","status":"publish","type":"product","link":"https:\/\/biocabaz.pt\/web\/en\/produto\/curcuma-em-po-provida-bio-100g\/","title":{"rendered":"Curcuma em P\u00f3 Pr\u00f3vida BIO 100g"},"content":{"rendered":"","protected":false},"excerpt":{"rendered":"<h3>DESCRI\u00c7\u00c3O<\/h3>\n<p>Curcuma BIO em p\u00f3 (curcuma longa). A curcuma tem um sabor pungente e muito arom\u00e1tico que se adapta a uma grande variedade de pratos salgados e tamb\u00e9m a alguns doces. Rica em fibra. Certiplanet PT-BIO-04. Agricultura N\u00e3o UE.<\/p>\n<h3>DADOS NUTRICIONAIS<\/h3>\n<p>Declara\u00e7\u00e3o Nutricional por 100g: Energia- 2289kJ\/ 544kcal; L\u00edpidos- 10,0g, dos quais saturados-3,1g; Hidratos Carbono- 95,0g, dos quais a\u00e7\u00facares- 3,2g; Fibra- 21,0g; Prote\u00ednas- 8,0g; Sal- 0,06g.<\/p>\n<h3>MODO DE UTILIZA\u00c7\u00c3O<\/h3>\n<p>Como condimento ou acabamento nas mais variadas vertentes, culin\u00e1ria, confeitaria e do\u00e7aria. Conservar em local seco, fresco e protegido de luminosidade.<\/p>\n","protected":false},"featured_media":80765,"comment_status":"closed","ping_status":"closed","template":"","meta":[],"product_cat":[27],"product_tag":[],"class_list":["post-80764","product","type-product","status-publish","has-post-thumbnail","hentry","product_cat-sal-especiarias-temperos"],"bundle_layout":"","bundled_by":[],"bundled_items":[],"yoast_head":"<!-- This site is optimized with the Yoast SEO plugin v26.3 - https:\/\/yoast.com\/wordpress\/plugins\/seo\/ -->\n<title>Curcuma em P\u00f3 Pr\u00f3vida BIO 100g<\/title>\n<meta name=\"robots\" content=\"index, follow, max-snippet:-1, max-image-preview:large, max-video-preview:-1\" \/>\n<link rel=\"canonical\" href=\"https:\/\/www.biocabaz.pt\/web\/produto\/curcuma-em-po-provida-bio-100g\/\" \/>\n<meta property=\"og:locale\" content=\"pt_PT\" \/>\n<meta property=\"og:locale:alternate\" content=\"pt_PT\" \/>\n<meta property=\"og:type\" content=\"article\" \/>\n<meta property=\"og:title\" content=\"Curcuma em P\u00f3 Pr\u00f3vida BIO 100g\" \/>\n<meta property=\"og:description\" content=\"DESCRI\u00c7\u00c3O Curcuma BIO em p\u00f3 (curcuma longa). A curcuma tem um sabor pungente e muito arom\u00e1tico que se adapta a uma grande variedade de pratos salgados e tamb\u00e9m a alguns doces. Rica em fibra. Certiplanet PT-BIO-04. Agricultura N\u00e3o UE. DADOS NUTRICIONAIS Declara\u00e7\u00e3o Nutricional por 100g: Energia- 2289kJ\/ 544kcal; L\u00edpidos- 10,0g, dos quais saturados-3,1g; Hidratos Carbono- 95,0g, dos quais a\u00e7\u00facares- 3,2g; Fibra- 21,0g; Prote\u00ednas- 8,0g; Sal- 0,06g. MODO DE UTILIZA\u00c7\u00c3O Como condimento ou acabamento nas mais variadas vertentes, culin\u00e1ria, confeitaria e do\u00e7aria. Conservar em local seco, fresco e protegido de luminosidade.\" \/>\n<meta property=\"og:url\" content=\"https:\/\/biocabaz.pt\/web\/en\/produto\/curcuma-em-po-provida-bio-100g\/\" \/>\n<meta property=\"og:site_name\" content=\"CABAZES BIOL\u00d3GICOS\" \/>\n<meta property=\"article:modified_time\" content=\"2024-08-02T12:54:16+00:00\" \/>\n<meta property=\"og:image\" content=\"https:\/\/www.biocabaz.pt\/web\/wp-conteudos\/uploads\/2022\/01\/curcuma-em-po-provida-bio-100g.jpg\" \/>\n\t<meta property=\"og:image:width\" content=\"768\" \/>\n\t<meta property=\"og:image:height\" content=\"768\" \/>\n\t<meta property=\"og:image:type\" content=\"image\/jpeg\" \/>\n<meta name=\"twitter:card\" content=\"summary_large_image\" \/>\n<script type=\"application\/ld+json\" class=\"yoast-schema-graph\">{\"@context\":\"https:\/\/schema.org\",\"@graph\":[{\"@type\":\"WebPage\",\"@id\":\"https:\/\/www.biocabaz.pt\/web\/produto\/curcuma-em-po-provida-bio-100g\/\",\"url\":\"https:\/\/www.biocabaz.pt\/web\/produto\/curcuma-em-po-provida-bio-100g\/\",\"name\":\"Curcuma em P\u00f3 Pr\u00f3vida BIO 100g\",\"isPartOf\":{\"@id\":\"https:\/\/www.biocabaz.pt\/web\/#website\"},\"primaryImageOfPage\":{\"@id\":\"https:\/\/www.biocabaz.pt\/web\/produto\/curcuma-em-po-provida-bio-100g\/#primaryimage\"},\"image\":{\"@id\":\"https:\/\/www.biocabaz.pt\/web\/produto\/curcuma-em-po-provida-bio-100g\/#primaryimage\"},\"thumbnailUrl\":\"https:\/\/www.biocabaz.pt\/web\/wp-conteudos\/uploads\/2022\/01\/curcuma-em-po-provida-bio-100g.jpg\",\"datePublished\":\"2022-01-14T10:52:12+00:00\",\"dateModified\":\"2024-08-02T12:54:16+00:00\",\"breadcrumb\":{\"@id\":\"https:\/\/www.biocabaz.pt\/web\/produto\/curcuma-em-po-provida-bio-100g\/#breadcrumb\"},\"inLanguage\":\"pt-PT\",\"potentialAction\":[{\"@type\":\"ReadAction\",\"target\":[\"https:\/\/www.biocabaz.pt\/web\/produto\/curcuma-em-po-provida-bio-100g\/\"]}]},{\"@type\":\"ImageObject\",\"inLanguage\":\"pt-PT\",\"@id\":\"https:\/\/www.biocabaz.pt\/web\/produto\/curcuma-em-po-provida-bio-100g\/#primaryimage\",\"url\":\"https:\/\/www.biocabaz.pt\/web\/wp-conteudos\/uploads\/2022\/01\/curcuma-em-po-provida-bio-100g.jpg\",\"contentUrl\":\"https:\/\/www.biocabaz.pt\/web\/wp-conteudos\/uploads\/2022\/01\/curcuma-em-po-provida-bio-100g.jpg\",\"width\":768,\"height\":768,\"caption\":\"Curcuma em P\u00f3 Pr\u00f3vida BIO 100g\"},{\"@type\":\"BreadcrumbList\",\"@id\":\"https:\/\/www.biocabaz.pt\/web\/produto\/curcuma-em-po-provida-bio-100g\/#breadcrumb\",\"itemListElement\":[{\"@type\":\"ListItem\",\"position\":1,\"name\":\"Home\",\"item\":\"https:\/\/www.biocabaz.pt\/web\/\"},{\"@type\":\"ListItem\",\"position\":2,\"name\":\"Shop\",\"item\":\"https:\/\/www.biocabaz.pt\/web\/en\/shop\/\"},{\"@type\":\"ListItem\",\"position\":3,\"name\":\"Curcuma em P\u00f3 Pr\u00f3vida BIO 100g\"}]},{\"@type\":\"WebSite\",\"@id\":\"https:\/\/www.biocabaz.pt\/web\/#website\",\"url\":\"https:\/\/www.biocabaz.pt\/web\/\",\"name\":\"CABAZES BIOL\u00d3GICOS\",\"description\":\"One+Number\",\"potentialAction\":[{\"@type\":\"SearchAction\",\"target\":{\"@type\":\"EntryPoint\",\"urlTemplate\":\"https:\/\/www.biocabaz.pt\/web\/?s={search_term_string}\"},\"query-input\":{\"@type\":\"PropertyValueSpecification\",\"valueRequired\":true,\"valueName\":\"search_term_string\"}}],\"inLanguage\":\"pt-PT\"}]}<\/script>\n<!-- \/ Yoast SEO plugin. -->","yoast_head_json":{"title":"Curcuma em P\u00f3 Pr\u00f3vida BIO 100g","robots":{"index":"index","follow":"follow","max-snippet":"max-snippet:-1","max-image-preview":"max-image-preview:large","max-video-preview":"max-video-preview:-1"},"canonical":"https:\/\/www.biocabaz.pt\/web\/produto\/curcuma-em-po-provida-bio-100g\/","og_locale":"pt_PT","og_type":"article","og_title":"[:en]Curcuma em P\u00f3 Pr\u00f3vida BIO 100g[:pt]Curcuma em P\u00f3 Pr\u00f3vida BIO 100g[:] - CABAZES BIOL\u00d3GICOS","og_description":"DESCRI\u00c7\u00c3O Curcuma BIO em p\u00f3 (curcuma longa). A curcuma tem um sabor pungente e muito arom\u00e1tico que se adapta a uma grande variedade de pratos salgados e tamb\u00e9m a alguns doces. Rica em fibra. Certiplanet PT-BIO-04. Agricultura N\u00e3o UE. DADOS NUTRICIONAIS Declara\u00e7\u00e3o Nutricional por 100g: Energia- 2289kJ\/ 544kcal; L\u00edpidos- 10,0g, dos quais saturados-3,1g; Hidratos Carbono- 95,0g, dos quais a\u00e7\u00facares- 3,2g; Fibra- 21,0g; Prote\u00ednas- 8,0g; Sal- 0,06g. MODO DE UTILIZA\u00c7\u00c3O Como condimento ou acabamento nas mais variadas vertentes, culin\u00e1ria, confeitaria e do\u00e7aria. Conservar em local seco, fresco e protegido de luminosidade.","og_url":"https:\/\/biocabaz.pt\/web\/en\/produto\/curcuma-em-po-provida-bio-100g\/","og_site_name":"CABAZES BIOL\u00d3GICOS","article_modified_time":"2024-08-02T12:54:16+00:00","og_image":[{"width":768,"height":768,"url":"https:\/\/www.biocabaz.pt\/web\/wp-conteudos\/uploads\/2022\/01\/curcuma-em-po-provida-bio-100g.jpg","type":"image\/jpeg"}],"twitter_card":"summary_large_image","schema":{"@context":"https:\/\/schema.org","@graph":[{"@type":"WebPage","@id":"https:\/\/www.biocabaz.pt\/web\/produto\/curcuma-em-po-provida-bio-100g\/","url":"https:\/\/www.biocabaz.pt\/web\/produto\/curcuma-em-po-provida-bio-100g\/","name":"Curcuma em P\u00f3 Pr\u00f3vida BIO 100g","isPartOf":{"@id":"https:\/\/www.biocabaz.pt\/web\/#website"},"primaryImageOfPage":{"@id":"https:\/\/www.biocabaz.pt\/web\/produto\/curcuma-em-po-provida-bio-100g\/#primaryimage"},"image":{"@id":"https:\/\/www.biocabaz.pt\/web\/produto\/curcuma-em-po-provida-bio-100g\/#primaryimage"},"thumbnailUrl":"https:\/\/www.biocabaz.pt\/web\/wp-conteudos\/uploads\/2022\/01\/curcuma-em-po-provida-bio-100g.jpg","datePublished":"2022-01-14T10:52:12+00:00","dateModified":"2024-08-02T12:54:16+00:00","breadcrumb":{"@id":"https:\/\/www.biocabaz.pt\/web\/produto\/curcuma-em-po-provida-bio-100g\/#breadcrumb"},"inLanguage":"pt-PT","potentialAction":[{"@type":"ReadAction","target":["https:\/\/www.biocabaz.pt\/web\/produto\/curcuma-em-po-provida-bio-100g\/"]}]},{"@type":"ImageObject","inLanguage":"pt-PT","@id":"https:\/\/www.biocabaz.pt\/web\/produto\/curcuma-em-po-provida-bio-100g\/#primaryimage","url":"https:\/\/www.biocabaz.pt\/web\/wp-conteudos\/uploads\/2022\/01\/curcuma-em-po-provida-bio-100g.jpg","contentUrl":"https:\/\/www.biocabaz.pt\/web\/wp-conteudos\/uploads\/2022\/01\/curcuma-em-po-provida-bio-100g.jpg","width":768,"height":768,"caption":"Curcuma em P\u00f3 Pr\u00f3vida BIO 100g"},{"@type":"BreadcrumbList","@id":"https:\/\/www.biocabaz.pt\/web\/produto\/curcuma-em-po-provida-bio-100g\/#breadcrumb","itemListElement":[{"@type":"ListItem","position":1,"name":"Home","item":"https:\/\/www.biocabaz.pt\/web\/"},{"@type":"ListItem","position":2,"name":"Shop","item":"https:\/\/www.biocabaz.pt\/web\/en\/shop\/"},{"@type":"ListItem","position":3,"name":"Curcuma em P\u00f3 Pr\u00f3vida BIO 100g"}]},{"@type":"WebSite","@id":"https:\/\/www.biocabaz.pt\/web\/#website","url":"https:\/\/www.biocabaz.pt\/web\/","name":"CABAZES BIOL\u00d3GICOS","description":"One+Number","potentialAction":[{"@type":"SearchAction","target":{"@type":"EntryPoint","urlTemplate":"https:\/\/www.biocabaz.pt\/web\/?s={search_term_string}"},"query-input":{"@type":"PropertyValueSpecification","valueRequired":true,"valueName":"search_term_string"}}],"inLanguage":"pt-PT"}]}},"_links":{"self":[{"href":"https:\/\/biocabaz.pt\/web\/en\/wp-json\/wp\/v2\/product\/80764","targetHints":{"allow":["GET"]}}],"collection":[{"href":"https:\/\/biocabaz.pt\/web\/en\/wp-json\/wp\/v2\/product"}],"about":[{"href":"https:\/\/biocabaz.pt\/web\/en\/wp-json\/wp\/v2\/types\/product"}],"replies":[{"embeddable":true,"href":"https:\/\/biocabaz.pt\/web\/en\/wp-json\/wp\/v2\/comments?post=80764"}],"wp:featuredmedia":[{"embeddable":true,"href":"https:\/\/biocabaz.pt\/web\/en\/wp-json\/wp\/v2\/media\/80765"}],"wp:attachment":[{"href":"https:\/\/biocabaz.pt\/web\/en\/wp-json\/wp\/v2\/media?parent=80764"}],"wp:term":[{"taxonomy":"product_cat","embeddable":true,"href":"https:\/\/biocabaz.pt\/web\/en\/wp-json\/wp\/v2\/product_cat?post=80764"},{"taxonomy":"product_tag","embeddable":true,"href":"https:\/\/biocabaz.pt\/web\/en\/wp-json\/wp\/v2\/product_tag?post=80764"}],"curies":[{"name":"wp","href":"https:\/\/api.w.org\/{rel}","templated":true}]}}