{"id":79721,"date":"2021-12-15T13:38:23","date_gmt":"2021-12-15T13:38:23","guid":{"rendered":"https:\/\/www.biocabaz.pt\/web\/en\/?post_type=product&#038;p=79721"},"modified":"2022-12-30T11:49:22","modified_gmt":"2022-12-30T11:49:22","slug":"vitamina-a-10000-iu-100-capsulas-now","status":"publish","type":"product","link":"https:\/\/biocabaz.pt\/web\/en\/produto\/vitamina-a-10000-iu-100-capsulas-now\/","title":{"rendered":"VITAMINA A 10000 IU \u2013 100 C\u00c1PSULAS \u2013 NOW"},"content":{"rendered":"","protected":false},"excerpt":{"rendered":"<div class=\"woocommerce-tabs wc-tabs-wrapper\">\n<div id=\"tab-description\" class=\"woocommerce-Tabs-panel woocommerce-Tabs-panel--description panel entry-content wc-tab\" role=\"tabpanel\" aria-labelledby=\"tab-title-description\">\n<div class=\"desc\">\n<p class=\"style-paragraph\">A suplementa\u00e7\u00e3o com Vitamina A, a partir do \u00f3leo de f\u00edgado de bacalhau, tem-se mostrado ben\u00e9fica a n\u00edvel da sa\u00fade ocular e de problemas de pele (ex: acne, psor\u00edase).\u00a0 Influencia no processo de crescimento e repara\u00e7\u00e3o das c\u00e9lulas que comp\u00f5em a vis\u00e3o, mucosas, pele, esmalte dent\u00e1rio e couro cabeludo.\u00a0 A n\u00edvel ocular, protege a c\u00f3rnea (parte do olho que transmite e concentra a luz que entra no olho) e atua na produ\u00e7\u00e3o da p\u00farpura visual (rodopsina), necess\u00e1ria para a vis\u00e3o noturna.\u00a0 N\u00edveis adequados de vitamina A no organismo previnem o aparecimento de doen\u00e7as tais como ulcera\u00e7\u00f5es nas c\u00f3rneas, incha\u00e7o nas p\u00e1lpebras, \u201colho seco\u201d (diminui\u00e7\u00e3o da produ\u00e7\u00e3o da l\u00e1grima), degenera\u00e7\u00e3o macular devido \u00e0 idade e, em casos extremos, cegueira.\u00a0 <strong>Modo de uso:<\/strong> Tomar 1 softgel por dia, a uma refei\u00e7\u00e3o, ou de acordo com prescri\u00e7\u00e3o m\u00e9dica.<\/p>\n<h5><strong>Ingredientes<\/strong><\/h5>\n<ul>Por 1 c\u00e1psula:<\/p>\n<li class=\"firstItem\">Vitamina A (de Palmitato de Retinil e \u00d3leo de F\u00edgado de Peixe) &#8211; 10000 IU (200% DDR)<\/li>\n<\/ul>\n<h5><strong>Modo De Utiliza\u00e7\u00e3o<\/strong><\/h5>\n<p>Tomar 1 c\u00e1psula por dia a refei\u00e7\u00e3o.<\/p>\n<p><strong>Aviso:<\/strong> N\u00e3o ultrapassar a dose di\u00e1ria recomendada; Em caso de estar a tomar medica\u00e7\u00e3o ou hipersensibilidade a algum componente, gravidez ou amamenta\u00e7\u00e3o, consultar m\u00e9dico ou t\u00e9cnico de sa\u00fade antes de tomar; Este suplemento n\u00e3o deve ser utilizado como substituto de um regime alimentar variado; Manter fora do alcance de crian\u00e7as.<\/p>\n<\/div>\n<\/div>\n<\/div>\n","protected":false},"featured_media":79722,"comment_status":"closed","ping_status":"closed","template":"","meta":[],"product_cat":[88],"product_tag":[],"class_list":["post-79721","product","type-product","status-publish","has-post-thumbnail","hentry","product_cat-suplementos"],"bundle_layout":"","bundled_by":[],"bundled_items":[],"yoast_head":"<!-- This site is optimized with the Yoast SEO plugin v26.3 - https:\/\/yoast.com\/wordpress\/plugins\/seo\/ -->\n<title>VITAMINA A 10000 IU \u2013 100 C\u00c1PSULAS \u2013 NOW<\/title>\n<meta name=\"robots\" content=\"index, follow, max-snippet:-1, max-image-preview:large, max-video-preview:-1\" \/>\n<link rel=\"canonical\" href=\"https:\/\/www.biocabaz.pt\/web\/en\/produto\/vitamina-a-10000-iu-100-capsulas-now\/\" \/>\n<meta property=\"og:locale\" content=\"pt_PT\" \/>\n<meta property=\"og:locale:alternate\" content=\"pt_PT\" \/>\n<meta property=\"og:type\" content=\"article\" \/>\n<meta property=\"og:title\" content=\"VITAMINA A 10000 IU \u2013 100 C\u00c1PSULAS \u2013 NOW\" \/>\n<meta property=\"og:description\" content=\"A suplementa\u00e7\u00e3o com Vitamina A, a partir do \u00f3leo de f\u00edgado de bacalhau, tem-se mostrado ben\u00e9fica a n\u00edvel da sa\u00fade ocular e de problemas de pele (ex: acne, psor\u00edase).\u00a0 Influencia no processo de crescimento e repara\u00e7\u00e3o das c\u00e9lulas que comp\u00f5em a vis\u00e3o, mucosas, pele, esmalte dent\u00e1rio e couro cabeludo.\u00a0 A n\u00edvel ocular, protege a c\u00f3rnea (parte do olho que transmite e concentra a luz que entra no olho) e atua na produ\u00e7\u00e3o da p\u00farpura visual (rodopsina), necess\u00e1ria para a vis\u00e3o noturna.\u00a0 N\u00edveis adequados de vitamina A no organismo previnem o aparecimento de doen\u00e7as tais como ulcera\u00e7\u00f5es nas c\u00f3rneas, incha\u00e7o nas p\u00e1lpebras, \u201colho seco\u201d (diminui\u00e7\u00e3o da produ\u00e7\u00e3o da l\u00e1grima), degenera\u00e7\u00e3o macular devido \u00e0 idade e, em casos extremos, cegueira.\u00a0 Modo de uso: Tomar 1 softgel por dia, a uma refei\u00e7\u00e3o, ou de acordo com prescri\u00e7\u00e3o m\u00e9dica.  Ingredientes Por 1 c\u00e1psula:  Vitamina A (de Palmitato de Retinil e \u00d3leo de F\u00edgado de Peixe) - 10000 IU (200% DDR)  Modo De Utiliza\u00e7\u00e3o Tomar 1 c\u00e1psula por dia a refei\u00e7\u00e3o.  Aviso: N\u00e3o ultrapassar a dose di\u00e1ria recomendada; Em caso de estar a tomar medica\u00e7\u00e3o ou hipersensibilidade a algum componente, gravidez ou amamenta\u00e7\u00e3o, consultar m\u00e9dico ou t\u00e9cnico de sa\u00fade antes de tomar; Este suplemento n\u00e3o deve ser utilizado como substituto de um regime alimentar variado; Manter fora do alcance de crian\u00e7as.\" \/>\n<meta property=\"og:url\" content=\"https:\/\/biocabaz.pt\/web\/en\/produto\/vitamina-a-10000-iu-100-capsulas-now\/\" \/>\n<meta property=\"og:site_name\" content=\"CABAZES BIOL\u00d3GICOS\" \/>\n<meta property=\"article:modified_time\" content=\"2022-12-30T11:49:22+00:00\" \/>\n<meta property=\"og:image\" content=\"https:\/\/www.biocabaz.pt\/web\/wp-conteudos\/uploads\/2021\/12\/vitamina-a-10000-iu-100-capsulas-now.jpg\" \/>\n\t<meta property=\"og:image:width\" content=\"295\" \/>\n\t<meta property=\"og:image:height\" content=\"295\" \/>\n\t<meta property=\"og:image:type\" content=\"image\/jpeg\" \/>\n<meta name=\"twitter:card\" content=\"summary_large_image\" \/>\n<script type=\"application\/ld+json\" class=\"yoast-schema-graph\">{\"@context\":\"https:\/\/schema.org\",\"@graph\":[{\"@type\":\"WebPage\",\"@id\":\"https:\/\/www.biocabaz.pt\/web\/en\/produto\/vitamina-a-10000-iu-100-capsulas-now\/\",\"url\":\"https:\/\/www.biocabaz.pt\/web\/en\/produto\/vitamina-a-10000-iu-100-capsulas-now\/\",\"name\":\"VITAMINA A 10000 IU \u2013 100 C\u00c1PSULAS \u2013 NOW\",\"isPartOf\":{\"@id\":\"https:\/\/www.biocabaz.pt\/web\/en\/#website\"},\"primaryImageOfPage\":{\"@id\":\"https:\/\/www.biocabaz.pt\/web\/en\/produto\/vitamina-a-10000-iu-100-capsulas-now\/#primaryimage\"},\"image\":{\"@id\":\"https:\/\/www.biocabaz.pt\/web\/en\/produto\/vitamina-a-10000-iu-100-capsulas-now\/#primaryimage\"},\"thumbnailUrl\":\"https:\/\/www.biocabaz.pt\/web\/wp-conteudos\/uploads\/2021\/12\/vitamina-a-10000-iu-100-capsulas-now.jpg\",\"datePublished\":\"2021-12-15T13:38:23+00:00\",\"dateModified\":\"2022-12-30T11:49:22+00:00\",\"breadcrumb\":{\"@id\":\"https:\/\/www.biocabaz.pt\/web\/en\/produto\/vitamina-a-10000-iu-100-capsulas-now\/#breadcrumb\"},\"inLanguage\":\"pt-PT\",\"potentialAction\":[{\"@type\":\"ReadAction\",\"target\":[\"https:\/\/www.biocabaz.pt\/web\/en\/produto\/vitamina-a-10000-iu-100-capsulas-now\/\"]}]},{\"@type\":\"ImageObject\",\"inLanguage\":\"pt-PT\",\"@id\":\"https:\/\/www.biocabaz.pt\/web\/en\/produto\/vitamina-a-10000-iu-100-capsulas-now\/#primaryimage\",\"url\":\"https:\/\/www.biocabaz.pt\/web\/wp-conteudos\/uploads\/2021\/12\/vitamina-a-10000-iu-100-capsulas-now.jpg\",\"contentUrl\":\"https:\/\/www.biocabaz.pt\/web\/wp-conteudos\/uploads\/2021\/12\/vitamina-a-10000-iu-100-capsulas-now.jpg\",\"width\":295,\"height\":295,\"caption\":\"VITAMINA A 10000 IU \u2013 100 C\u00c1PSULAS \u2013 NOW\"},{\"@type\":\"BreadcrumbList\",\"@id\":\"https:\/\/www.biocabaz.pt\/web\/en\/produto\/vitamina-a-10000-iu-100-capsulas-now\/#breadcrumb\",\"itemListElement\":[{\"@type\":\"ListItem\",\"position\":1,\"name\":\"Home\",\"item\":\"https:\/\/www.biocabaz.pt\/web\/en\/\"},{\"@type\":\"ListItem\",\"position\":2,\"name\":\"Shop\",\"item\":\"https:\/\/www.biocabaz.pt\/web\/en\/shop\/\"},{\"@type\":\"ListItem\",\"position\":3,\"name\":\"VITAMINA A 10000 IU \u2013 100 C\u00c1PSULAS \u2013 NOW\"}]},{\"@type\":\"WebSite\",\"@id\":\"https:\/\/www.biocabaz.pt\/web\/en\/#website\",\"url\":\"https:\/\/www.biocabaz.pt\/web\/en\/\",\"name\":\"CABAZES BIOL\u00d3GICOS\",\"description\":\"One+Number\",\"potentialAction\":[{\"@type\":\"SearchAction\",\"target\":{\"@type\":\"EntryPoint\",\"urlTemplate\":\"https:\/\/www.biocabaz.pt\/web\/en\/?s={search_term_string}\"},\"query-input\":{\"@type\":\"PropertyValueSpecification\",\"valueRequired\":true,\"valueName\":\"search_term_string\"}}],\"inLanguage\":\"pt-PT\"}]}<\/script>\n<!-- \/ Yoast SEO plugin. -->","yoast_head_json":{"title":"VITAMINA A 10000 IU \u2013 100 C\u00c1PSULAS \u2013 NOW","robots":{"index":"index","follow":"follow","max-snippet":"max-snippet:-1","max-image-preview":"max-image-preview:large","max-video-preview":"max-video-preview:-1"},"canonical":"https:\/\/www.biocabaz.pt\/web\/en\/produto\/vitamina-a-10000-iu-100-capsulas-now\/","og_locale":"pt_PT","og_type":"article","og_title":"[:en]VITAMINA A 10000 IU \u2013 100 C\u00c1PSULAS \u2013 NOW[:pt]VITAMINA A 10000 IU \u2013 100 C\u00c1PSULAS \u2013 NOW[:] - CABAZES BIOL\u00d3GICOS","og_description":"A suplementa\u00e7\u00e3o com Vitamina A, a partir do \u00f3leo de f\u00edgado de bacalhau, tem-se mostrado ben\u00e9fica a n\u00edvel da sa\u00fade ocular e de problemas de pele (ex: acne, psor\u00edase).\u00a0 Influencia no processo de crescimento e repara\u00e7\u00e3o das c\u00e9lulas que comp\u00f5em a vis\u00e3o, mucosas, pele, esmalte dent\u00e1rio e couro cabeludo.\u00a0 A n\u00edvel ocular, protege a c\u00f3rnea (parte do olho que transmite e concentra a luz que entra no olho) e atua na produ\u00e7\u00e3o da p\u00farpura visual (rodopsina), necess\u00e1ria para a vis\u00e3o noturna.\u00a0 N\u00edveis adequados de vitamina A no organismo previnem o aparecimento de doen\u00e7as tais como ulcera\u00e7\u00f5es nas c\u00f3rneas, incha\u00e7o nas p\u00e1lpebras, \u201colho seco\u201d (diminui\u00e7\u00e3o da produ\u00e7\u00e3o da l\u00e1grima), degenera\u00e7\u00e3o macular devido \u00e0 idade e, em casos extremos, cegueira.\u00a0 Modo de uso: Tomar 1 softgel por dia, a uma refei\u00e7\u00e3o, ou de acordo com prescri\u00e7\u00e3o m\u00e9dica.  Ingredientes Por 1 c\u00e1psula:  Vitamina A (de Palmitato de Retinil e \u00d3leo de F\u00edgado de Peixe) - 10000 IU (200% DDR)  Modo De Utiliza\u00e7\u00e3o Tomar 1 c\u00e1psula por dia a refei\u00e7\u00e3o.  Aviso: N\u00e3o ultrapassar a dose di\u00e1ria recomendada; Em caso de estar a tomar medica\u00e7\u00e3o ou hipersensibilidade a algum componente, gravidez ou amamenta\u00e7\u00e3o, consultar m\u00e9dico ou t\u00e9cnico de sa\u00fade antes de tomar; Este suplemento n\u00e3o deve ser utilizado como substituto de um regime alimentar variado; Manter fora do alcance de crian\u00e7as.","og_url":"https:\/\/biocabaz.pt\/web\/en\/produto\/vitamina-a-10000-iu-100-capsulas-now\/","og_site_name":"CABAZES BIOL\u00d3GICOS","article_modified_time":"2022-12-30T11:49:22+00:00","og_image":[{"width":295,"height":295,"url":"https:\/\/www.biocabaz.pt\/web\/wp-conteudos\/uploads\/2021\/12\/vitamina-a-10000-iu-100-capsulas-now.jpg","type":"image\/jpeg"}],"twitter_card":"summary_large_image","schema":{"@context":"https:\/\/schema.org","@graph":[{"@type":"WebPage","@id":"https:\/\/www.biocabaz.pt\/web\/en\/produto\/vitamina-a-10000-iu-100-capsulas-now\/","url":"https:\/\/www.biocabaz.pt\/web\/en\/produto\/vitamina-a-10000-iu-100-capsulas-now\/","name":"VITAMINA A 10000 IU \u2013 100 C\u00c1PSULAS \u2013 NOW","isPartOf":{"@id":"https:\/\/www.biocabaz.pt\/web\/en\/#website"},"primaryImageOfPage":{"@id":"https:\/\/www.biocabaz.pt\/web\/en\/produto\/vitamina-a-10000-iu-100-capsulas-now\/#primaryimage"},"image":{"@id":"https:\/\/www.biocabaz.pt\/web\/en\/produto\/vitamina-a-10000-iu-100-capsulas-now\/#primaryimage"},"thumbnailUrl":"https:\/\/www.biocabaz.pt\/web\/wp-conteudos\/uploads\/2021\/12\/vitamina-a-10000-iu-100-capsulas-now.jpg","datePublished":"2021-12-15T13:38:23+00:00","dateModified":"2022-12-30T11:49:22+00:00","breadcrumb":{"@id":"https:\/\/www.biocabaz.pt\/web\/en\/produto\/vitamina-a-10000-iu-100-capsulas-now\/#breadcrumb"},"inLanguage":"pt-PT","potentialAction":[{"@type":"ReadAction","target":["https:\/\/www.biocabaz.pt\/web\/en\/produto\/vitamina-a-10000-iu-100-capsulas-now\/"]}]},{"@type":"ImageObject","inLanguage":"pt-PT","@id":"https:\/\/www.biocabaz.pt\/web\/en\/produto\/vitamina-a-10000-iu-100-capsulas-now\/#primaryimage","url":"https:\/\/www.biocabaz.pt\/web\/wp-conteudos\/uploads\/2021\/12\/vitamina-a-10000-iu-100-capsulas-now.jpg","contentUrl":"https:\/\/www.biocabaz.pt\/web\/wp-conteudos\/uploads\/2021\/12\/vitamina-a-10000-iu-100-capsulas-now.jpg","width":295,"height":295,"caption":"VITAMINA A 10000 IU \u2013 100 C\u00c1PSULAS \u2013 NOW"},{"@type":"BreadcrumbList","@id":"https:\/\/www.biocabaz.pt\/web\/en\/produto\/vitamina-a-10000-iu-100-capsulas-now\/#breadcrumb","itemListElement":[{"@type":"ListItem","position":1,"name":"Home","item":"https:\/\/www.biocabaz.pt\/web\/en\/"},{"@type":"ListItem","position":2,"name":"Shop","item":"https:\/\/www.biocabaz.pt\/web\/en\/shop\/"},{"@type":"ListItem","position":3,"name":"VITAMINA A 10000 IU \u2013 100 C\u00c1PSULAS \u2013 NOW"}]},{"@type":"WebSite","@id":"https:\/\/www.biocabaz.pt\/web\/en\/#website","url":"https:\/\/www.biocabaz.pt\/web\/en\/","name":"CABAZES BIOL\u00d3GICOS","description":"One+Number","potentialAction":[{"@type":"SearchAction","target":{"@type":"EntryPoint","urlTemplate":"https:\/\/www.biocabaz.pt\/web\/en\/?s={search_term_string}"},"query-input":{"@type":"PropertyValueSpecification","valueRequired":true,"valueName":"search_term_string"}}],"inLanguage":"pt-PT"}]}},"_links":{"self":[{"href":"https:\/\/biocabaz.pt\/web\/en\/wp-json\/wp\/v2\/product\/79721","targetHints":{"allow":["GET"]}}],"collection":[{"href":"https:\/\/biocabaz.pt\/web\/en\/wp-json\/wp\/v2\/product"}],"about":[{"href":"https:\/\/biocabaz.pt\/web\/en\/wp-json\/wp\/v2\/types\/product"}],"replies":[{"embeddable":true,"href":"https:\/\/biocabaz.pt\/web\/en\/wp-json\/wp\/v2\/comments?post=79721"}],"wp:featuredmedia":[{"embeddable":true,"href":"https:\/\/biocabaz.pt\/web\/en\/wp-json\/wp\/v2\/media\/79722"}],"wp:attachment":[{"href":"https:\/\/biocabaz.pt\/web\/en\/wp-json\/wp\/v2\/media?parent=79721"}],"wp:term":[{"taxonomy":"product_cat","embeddable":true,"href":"https:\/\/biocabaz.pt\/web\/en\/wp-json\/wp\/v2\/product_cat?post=79721"},{"taxonomy":"product_tag","embeddable":true,"href":"https:\/\/biocabaz.pt\/web\/en\/wp-json\/wp\/v2\/product_tag?post=79721"}],"curies":[{"name":"wp","href":"https:\/\/api.w.org\/{rel}","templated":true}]}}