{"id":79718,"date":"2021-12-15T13:24:12","date_gmt":"2021-12-15T13:24:12","guid":{"rendered":"https:\/\/www.biocabaz.pt\/web\/en\/?post_type=product&#038;p=79718"},"modified":"2022-12-30T11:50:04","modified_gmt":"2022-12-30T11:50:04","slug":"8-billion-acidophilus-bifidus-60-capsulas-now","status":"publish","type":"product","link":"https:\/\/biocabaz.pt\/web\/en\/produto\/8-billion-acidophilus-bifidus-60-capsulas-now\/","title":{"rendered":"8 BILLION ACIDOPHILUS &#038; BIFIDUS 60 C\u00c1PSULAS \u2013 NOW"},"content":{"rendered":"","protected":false},"excerpt":{"rendered":"<h4><strong>NOW 8 BILLION ACIDOPHILUS &#038; BIFIDUS REP\u00d5E O EQUIL\u00cdBRIO DA FLORA INTESTINAL.<\/strong><\/h4>\n<p>Este suplemento garante pelo menos 8 milh\u00f5es de microrganismos vivos por dose. Os probi\u00f3ticos s\u00e3o micr\u00f3bios vivos que podem ser inclu\u00eddos na prepara\u00e7\u00e3o de uma ampla gama de produtos, incluindo alimentos, medicamentos e suplementos alimentares. As esp\u00e9cies de Lactobacillus e Bifidobact\u00e9rias s\u00e3o as mais comumente usadas como probi\u00f3ticos. Apresentam benef\u00edcios imunol\u00f3gicos, tendo uma a\u00e7\u00e3o imunomodeladora, e n\u00e3o imunol\u00f3gicos: digerem os alimentos e concorrem com os pat\u00f3genos pelos nutrientes; alteram o pH local para criar um ambiente local desfavor\u00e1vel aos pat\u00f3genos; estimulam a produ\u00e7\u00e3o epitelial de mucina; aumentam a fun\u00e7\u00e3o da barreira intestinal; concorrem por ader\u00eancia com os pat\u00f3genos; modificam as toxinas de origem pat\u00f3gena; produzem bacteriocinas para inibir os pat\u00f3genos; fagocitam os radicais super\u00f3xidos.<\/p>\n<p><strong>Qualidade:<\/strong>\u00a0Os suplementos Probiotic Strain Verified s\u00e3o probi\u00f3ticos NOW\u00ae cujas cepas probi\u00f3ticas foram analisadas e a sua identidade verificada usando o sistema de caracteriza\u00e7\u00e3o microbiana state-of-the-art RiboPrinter\u00ae. O selo Probiotic Strain Verified \u00e9 a garantia de que as estirpes bacterianas nestes probi\u00f3ticos NOW\u00ae foram verificadas usando os mais recentes m\u00e9todos anal\u00edticos. Com o sistema RiboPrinter\u00ae a NOW \u00e9 capaz de testar os probi\u00f3ticos recebidos como mat\u00e9ria-prima , para verificar sua identidade e pot\u00eancia antes de serem liberados para produ\u00e7\u00e3o. O RiboPrinter\u00ae identifica linhagens individuais por meio de avalia\u00e7\u00e3o de DNA, o m\u00e9todo actual mais preciso. Al\u00e9m disso, a pot\u00eancia real de cada deforma\u00e7\u00e3o individual \u00e9 validada e confirmada antes da produ\u00e7\u00e3o, e novamente ap\u00f3s o produto acabado ser produzido.<\/p>\n<p><strong>Apresenta\u00e7\u00e3o:<\/strong>\u00a060 c\u00e1psulas vegetais.<\/p>\n<p><strong>Modo de Tomar:<\/strong>\u00a0Tomar 1 c\u00e1psula, 1 a 2 vezes por dia, de prefer\u00eanca entre refei\u00e7\u00f5es ou em jejum.<\/p>\n<p><strong>Ingredientes:<\/strong>\u00a0Lactobacillus acidophilus (4 bili\u00f5es) (50%), Bifidobacterium lactis (3,2 bili\u00f5es) (40%), Bifidobacterium longum (0,8 bili\u00f5es) (10%) e Total m\u00ednimo de microrganismos (8 bili\u00f5es).<\/p>\n<p><strong>Outros Ingredientes:<\/strong>\u00a0Amido de batata, celulose (c\u00e1psula), celulose em p\u00f3, s\u00edlica e estearato de magn\u00e9sio (origem vegetal).<\/p>\n<p><strong>N\u00e3o cont\u00e9m:<\/strong>\u00a0Levedura, trigo, gl\u00faten, soja, ovo, peixe, marisco e frutos de casca rija.<\/p>\n<p><strong>Advert\u00eancias:<\/strong>\u00a0Pessoas medicadas, mulheres gr\u00e1vidas ou lactantes, devem consultar o m\u00e9dico antes da toma do suplemento alimentar.<\/p>\n","protected":false},"featured_media":79719,"comment_status":"closed","ping_status":"closed","template":"","meta":[],"product_cat":[88],"product_tag":[],"class_list":["post-79718","product","type-product","status-publish","has-post-thumbnail","hentry","product_cat-suplementos"],"bundle_layout":"","bundled_by":[],"bundled_items":[],"yoast_head":"<!-- This site is optimized with the Yoast SEO plugin v26.3 - https:\/\/yoast.com\/wordpress\/plugins\/seo\/ -->\n<title>8 BILLION ACIDOPHILUS &amp; BIFIDUS 60 C\u00c1PSULAS \u2013 NOW<\/title>\n<meta name=\"robots\" content=\"index, follow, max-snippet:-1, max-image-preview:large, max-video-preview:-1\" \/>\n<link rel=\"canonical\" href=\"https:\/\/www.biocabaz.pt\/web\/produto\/8-billion-acidophilus-bifidus-60-capsulas-now\/\" \/>\n<meta property=\"og:locale\" content=\"pt_PT\" \/>\n<meta property=\"og:locale:alternate\" content=\"pt_PT\" \/>\n<meta property=\"og:type\" content=\"article\" \/>\n<meta property=\"og:title\" content=\"8 BILLION ACIDOPHILUS &amp; BIFIDUS 60 C\u00c1PSULAS \u2013 NOW\" \/>\n<meta property=\"og:description\" content=\"NOW 8 BILLION ACIDOPHILUS &amp; BIFIDUS REP\u00d5E O EQUIL\u00cdBRIO DA FLORA INTESTINAL. Este suplemento garante pelo menos 8 milh\u00f5es de microrganismos vivos por dose. Os probi\u00f3ticos s\u00e3o micr\u00f3bios vivos que podem ser inclu\u00eddos na prepara\u00e7\u00e3o de uma ampla gama de produtos, incluindo alimentos, medicamentos e suplementos alimentares. As esp\u00e9cies de Lactobacillus e Bifidobact\u00e9rias s\u00e3o as mais comumente usadas como probi\u00f3ticos. Apresentam benef\u00edcios imunol\u00f3gicos, tendo uma a\u00e7\u00e3o imunomodeladora, e n\u00e3o imunol\u00f3gicos: digerem os alimentos e concorrem com os pat\u00f3genos pelos nutrientes; alteram o pH local para criar um ambiente local desfavor\u00e1vel aos pat\u00f3genos; estimulam a produ\u00e7\u00e3o epitelial de mucina; aumentam a fun\u00e7\u00e3o da barreira intestinal; concorrem por ader\u00eancia com os pat\u00f3genos; modificam as toxinas de origem pat\u00f3gena; produzem bacteriocinas para inibir os pat\u00f3genos; fagocitam os radicais super\u00f3xidos.  Qualidade:\u00a0Os suplementos Probiotic Strain Verified s\u00e3o probi\u00f3ticos NOW\u00ae cujas cepas probi\u00f3ticas foram analisadas e a sua identidade verificada usando o sistema de caracteriza\u00e7\u00e3o microbiana state-of-the-art RiboPrinter\u00ae. O selo Probiotic Strain Verified \u00e9 a garantia de que as estirpes bacterianas nestes probi\u00f3ticos NOW\u00ae foram verificadas usando os mais recentes m\u00e9todos anal\u00edticos. Com o sistema RiboPrinter\u00ae a NOW \u00e9 capaz de testar os probi\u00f3ticos recebidos como mat\u00e9ria-prima , para verificar sua identidade e pot\u00eancia antes de serem liberados para produ\u00e7\u00e3o. O RiboPrinter\u00ae identifica linhagens individuais por meio de avalia\u00e7\u00e3o de DNA, o m\u00e9todo actual mais preciso. Al\u00e9m disso, a pot\u00eancia real de cada deforma\u00e7\u00e3o individual \u00e9 validada e confirmada antes da produ\u00e7\u00e3o, e novamente ap\u00f3s o produto acabado ser produzido.  Apresenta\u00e7\u00e3o:\u00a060 c\u00e1psulas vegetais.  Modo de Tomar:\u00a0Tomar 1 c\u00e1psula, 1 a 2 vezes por dia, de prefer\u00eanca entre refei\u00e7\u00f5es ou em jejum.  Ingredientes:\u00a0Lactobacillus acidophilus (4 bili\u00f5es) (50%), Bifidobacterium lactis (3,2 bili\u00f5es) (40%), Bifidobacterium longum (0,8 bili\u00f5es) (10%) e Total m\u00ednimo de microrganismos (8 bili\u00f5es).  Outros Ingredientes:\u00a0Amido de batata, celulose (c\u00e1psula), celulose em p\u00f3, s\u00edlica e estearato de magn\u00e9sio (origem vegetal).  N\u00e3o cont\u00e9m:\u00a0Levedura, trigo, gl\u00faten, soja, ovo, peixe, marisco e frutos de casca rija.  Advert\u00eancias:\u00a0Pessoas medicadas, mulheres gr\u00e1vidas ou lactantes, devem consultar o m\u00e9dico antes da toma do suplemento alimentar.\" \/>\n<meta property=\"og:url\" content=\"https:\/\/biocabaz.pt\/web\/en\/produto\/8-billion-acidophilus-bifidus-60-capsulas-now\/\" \/>\n<meta property=\"og:site_name\" content=\"CABAZES BIOL\u00d3GICOS\" \/>\n<meta property=\"article:modified_time\" content=\"2022-12-30T11:50:04+00:00\" \/>\n<meta property=\"og:image\" content=\"https:\/\/www.biocabaz.pt\/web\/wp-conteudos\/uploads\/2021\/12\/8-billion-acidophilus-bifidus-60-capsulas-now.jpg\" \/>\n\t<meta property=\"og:image:width\" content=\"295\" \/>\n\t<meta property=\"og:image:height\" content=\"295\" \/>\n\t<meta property=\"og:image:type\" content=\"image\/jpeg\" \/>\n<meta name=\"twitter:card\" content=\"summary_large_image\" \/>\n<script type=\"application\/ld+json\" class=\"yoast-schema-graph\">{\"@context\":\"https:\/\/schema.org\",\"@graph\":[{\"@type\":\"WebPage\",\"@id\":\"https:\/\/www.biocabaz.pt\/web\/produto\/8-billion-acidophilus-bifidus-60-capsulas-now\/\",\"url\":\"https:\/\/www.biocabaz.pt\/web\/produto\/8-billion-acidophilus-bifidus-60-capsulas-now\/\",\"name\":\"8 BILLION ACIDOPHILUS & BIFIDUS 60 C\u00c1PSULAS \u2013 NOW\",\"isPartOf\":{\"@id\":\"https:\/\/biocabaz.pt\/web\/#website\"},\"primaryImageOfPage\":{\"@id\":\"https:\/\/www.biocabaz.pt\/web\/produto\/8-billion-acidophilus-bifidus-60-capsulas-now\/#primaryimage\"},\"image\":{\"@id\":\"https:\/\/www.biocabaz.pt\/web\/produto\/8-billion-acidophilus-bifidus-60-capsulas-now\/#primaryimage\"},\"thumbnailUrl\":\"https:\/\/www.biocabaz.pt\/web\/wp-conteudos\/uploads\/2021\/12\/8-billion-acidophilus-bifidus-60-capsulas-now.jpg\",\"datePublished\":\"2021-12-15T13:24:12+00:00\",\"dateModified\":\"2022-12-30T11:50:04+00:00\",\"breadcrumb\":{\"@id\":\"https:\/\/www.biocabaz.pt\/web\/produto\/8-billion-acidophilus-bifidus-60-capsulas-now\/#breadcrumb\"},\"inLanguage\":\"pt-PT\",\"potentialAction\":[{\"@type\":\"ReadAction\",\"target\":[\"https:\/\/www.biocabaz.pt\/web\/produto\/8-billion-acidophilus-bifidus-60-capsulas-now\/\"]}]},{\"@type\":\"ImageObject\",\"inLanguage\":\"pt-PT\",\"@id\":\"https:\/\/www.biocabaz.pt\/web\/produto\/8-billion-acidophilus-bifidus-60-capsulas-now\/#primaryimage\",\"url\":\"https:\/\/www.biocabaz.pt\/web\/wp-conteudos\/uploads\/2021\/12\/8-billion-acidophilus-bifidus-60-capsulas-now.jpg\",\"contentUrl\":\"https:\/\/www.biocabaz.pt\/web\/wp-conteudos\/uploads\/2021\/12\/8-billion-acidophilus-bifidus-60-capsulas-now.jpg\",\"width\":295,\"height\":295,\"caption\":\"8 BILLION ACIDOPHILUS & BIFIDUS 60 C\u00c1PSULAS \u2013 NOW\"},{\"@type\":\"BreadcrumbList\",\"@id\":\"https:\/\/www.biocabaz.pt\/web\/produto\/8-billion-acidophilus-bifidus-60-capsulas-now\/#breadcrumb\",\"itemListElement\":[{\"@type\":\"ListItem\",\"position\":1,\"name\":\"Home\",\"item\":\"https:\/\/biocabaz.pt\/web\/\"},{\"@type\":\"ListItem\",\"position\":2,\"name\":\"Shop\",\"item\":\"https:\/\/www.biocabaz.pt\/web\/en\/shop\/\"},{\"@type\":\"ListItem\",\"position\":3,\"name\":\"8 BILLION ACIDOPHILUS &#038; BIFIDUS 60 C\u00c1PSULAS \u2013 NOW\"}]},{\"@type\":\"WebSite\",\"@id\":\"https:\/\/biocabaz.pt\/web\/#website\",\"url\":\"https:\/\/biocabaz.pt\/web\/\",\"name\":\"CABAZES BIOL\u00d3GICOS\",\"description\":\"One+Number\",\"potentialAction\":[{\"@type\":\"SearchAction\",\"target\":{\"@type\":\"EntryPoint\",\"urlTemplate\":\"https:\/\/biocabaz.pt\/web\/?s={search_term_string}\"},\"query-input\":{\"@type\":\"PropertyValueSpecification\",\"valueRequired\":true,\"valueName\":\"search_term_string\"}}],\"inLanguage\":\"pt-PT\"}]}<\/script>\n<!-- \/ Yoast SEO plugin. -->","yoast_head_json":{"title":"8 BILLION ACIDOPHILUS & BIFIDUS 60 C\u00c1PSULAS \u2013 NOW","robots":{"index":"index","follow":"follow","max-snippet":"max-snippet:-1","max-image-preview":"max-image-preview:large","max-video-preview":"max-video-preview:-1"},"canonical":"https:\/\/www.biocabaz.pt\/web\/produto\/8-billion-acidophilus-bifidus-60-capsulas-now\/","og_locale":"pt_PT","og_type":"article","og_title":"[:en]8 BILLION ACIDOPHILUS & BIFIDUS 60 C\u00c1PSULAS \u2013 NOW[:pt]8 BILLION ACIDOPHILUS & BIFIDUS 60 C\u00c1PSULAS \u2013 NOW[:] - CABAZES BIOL\u00d3GICOS","og_description":"NOW 8 BILLION ACIDOPHILUS & BIFIDUS REP\u00d5E O EQUIL\u00cdBRIO DA FLORA INTESTINAL. Este suplemento garante pelo menos 8 milh\u00f5es de microrganismos vivos por dose. Os probi\u00f3ticos s\u00e3o micr\u00f3bios vivos que podem ser inclu\u00eddos na prepara\u00e7\u00e3o de uma ampla gama de produtos, incluindo alimentos, medicamentos e suplementos alimentares. As esp\u00e9cies de Lactobacillus e Bifidobact\u00e9rias s\u00e3o as mais comumente usadas como probi\u00f3ticos. Apresentam benef\u00edcios imunol\u00f3gicos, tendo uma a\u00e7\u00e3o imunomodeladora, e n\u00e3o imunol\u00f3gicos: digerem os alimentos e concorrem com os pat\u00f3genos pelos nutrientes; alteram o pH local para criar um ambiente local desfavor\u00e1vel aos pat\u00f3genos; estimulam a produ\u00e7\u00e3o epitelial de mucina; aumentam a fun\u00e7\u00e3o da barreira intestinal; concorrem por ader\u00eancia com os pat\u00f3genos; modificam as toxinas de origem pat\u00f3gena; produzem bacteriocinas para inibir os pat\u00f3genos; fagocitam os radicais super\u00f3xidos.  Qualidade:\u00a0Os suplementos Probiotic Strain Verified s\u00e3o probi\u00f3ticos NOW\u00ae cujas cepas probi\u00f3ticas foram analisadas e a sua identidade verificada usando o sistema de caracteriza\u00e7\u00e3o microbiana state-of-the-art RiboPrinter\u00ae. O selo Probiotic Strain Verified \u00e9 a garantia de que as estirpes bacterianas nestes probi\u00f3ticos NOW\u00ae foram verificadas usando os mais recentes m\u00e9todos anal\u00edticos. Com o sistema RiboPrinter\u00ae a NOW \u00e9 capaz de testar os probi\u00f3ticos recebidos como mat\u00e9ria-prima , para verificar sua identidade e pot\u00eancia antes de serem liberados para produ\u00e7\u00e3o. O RiboPrinter\u00ae identifica linhagens individuais por meio de avalia\u00e7\u00e3o de DNA, o m\u00e9todo actual mais preciso. Al\u00e9m disso, a pot\u00eancia real de cada deforma\u00e7\u00e3o individual \u00e9 validada e confirmada antes da produ\u00e7\u00e3o, e novamente ap\u00f3s o produto acabado ser produzido.  Apresenta\u00e7\u00e3o:\u00a060 c\u00e1psulas vegetais.  Modo de Tomar:\u00a0Tomar 1 c\u00e1psula, 1 a 2 vezes por dia, de prefer\u00eanca entre refei\u00e7\u00f5es ou em jejum.  Ingredientes:\u00a0Lactobacillus acidophilus (4 bili\u00f5es) (50%), Bifidobacterium lactis (3,2 bili\u00f5es) (40%), Bifidobacterium longum (0,8 bili\u00f5es) (10%) e Total m\u00ednimo de microrganismos (8 bili\u00f5es).  Outros Ingredientes:\u00a0Amido de batata, celulose (c\u00e1psula), celulose em p\u00f3, s\u00edlica e estearato de magn\u00e9sio (origem vegetal).  N\u00e3o cont\u00e9m:\u00a0Levedura, trigo, gl\u00faten, soja, ovo, peixe, marisco e frutos de casca rija.  Advert\u00eancias:\u00a0Pessoas medicadas, mulheres gr\u00e1vidas ou lactantes, devem consultar o m\u00e9dico antes da toma do suplemento alimentar.","og_url":"https:\/\/biocabaz.pt\/web\/en\/produto\/8-billion-acidophilus-bifidus-60-capsulas-now\/","og_site_name":"CABAZES BIOL\u00d3GICOS","article_modified_time":"2022-12-30T11:50:04+00:00","og_image":[{"width":295,"height":295,"url":"https:\/\/www.biocabaz.pt\/web\/wp-conteudos\/uploads\/2021\/12\/8-billion-acidophilus-bifidus-60-capsulas-now.jpg","type":"image\/jpeg"}],"twitter_card":"summary_large_image","schema":{"@context":"https:\/\/schema.org","@graph":[{"@type":"WebPage","@id":"https:\/\/www.biocabaz.pt\/web\/produto\/8-billion-acidophilus-bifidus-60-capsulas-now\/","url":"https:\/\/www.biocabaz.pt\/web\/produto\/8-billion-acidophilus-bifidus-60-capsulas-now\/","name":"8 BILLION ACIDOPHILUS & BIFIDUS 60 C\u00c1PSULAS \u2013 NOW","isPartOf":{"@id":"https:\/\/biocabaz.pt\/web\/#website"},"primaryImageOfPage":{"@id":"https:\/\/www.biocabaz.pt\/web\/produto\/8-billion-acidophilus-bifidus-60-capsulas-now\/#primaryimage"},"image":{"@id":"https:\/\/www.biocabaz.pt\/web\/produto\/8-billion-acidophilus-bifidus-60-capsulas-now\/#primaryimage"},"thumbnailUrl":"https:\/\/www.biocabaz.pt\/web\/wp-conteudos\/uploads\/2021\/12\/8-billion-acidophilus-bifidus-60-capsulas-now.jpg","datePublished":"2021-12-15T13:24:12+00:00","dateModified":"2022-12-30T11:50:04+00:00","breadcrumb":{"@id":"https:\/\/www.biocabaz.pt\/web\/produto\/8-billion-acidophilus-bifidus-60-capsulas-now\/#breadcrumb"},"inLanguage":"pt-PT","potentialAction":[{"@type":"ReadAction","target":["https:\/\/www.biocabaz.pt\/web\/produto\/8-billion-acidophilus-bifidus-60-capsulas-now\/"]}]},{"@type":"ImageObject","inLanguage":"pt-PT","@id":"https:\/\/www.biocabaz.pt\/web\/produto\/8-billion-acidophilus-bifidus-60-capsulas-now\/#primaryimage","url":"https:\/\/www.biocabaz.pt\/web\/wp-conteudos\/uploads\/2021\/12\/8-billion-acidophilus-bifidus-60-capsulas-now.jpg","contentUrl":"https:\/\/www.biocabaz.pt\/web\/wp-conteudos\/uploads\/2021\/12\/8-billion-acidophilus-bifidus-60-capsulas-now.jpg","width":295,"height":295,"caption":"8 BILLION ACIDOPHILUS & BIFIDUS 60 C\u00c1PSULAS \u2013 NOW"},{"@type":"BreadcrumbList","@id":"https:\/\/www.biocabaz.pt\/web\/produto\/8-billion-acidophilus-bifidus-60-capsulas-now\/#breadcrumb","itemListElement":[{"@type":"ListItem","position":1,"name":"Home","item":"https:\/\/biocabaz.pt\/web\/"},{"@type":"ListItem","position":2,"name":"Shop","item":"https:\/\/www.biocabaz.pt\/web\/en\/shop\/"},{"@type":"ListItem","position":3,"name":"8 BILLION ACIDOPHILUS &#038; BIFIDUS 60 C\u00c1PSULAS \u2013 NOW"}]},{"@type":"WebSite","@id":"https:\/\/biocabaz.pt\/web\/#website","url":"https:\/\/biocabaz.pt\/web\/","name":"CABAZES BIOL\u00d3GICOS","description":"One+Number","potentialAction":[{"@type":"SearchAction","target":{"@type":"EntryPoint","urlTemplate":"https:\/\/biocabaz.pt\/web\/?s={search_term_string}"},"query-input":{"@type":"PropertyValueSpecification","valueRequired":true,"valueName":"search_term_string"}}],"inLanguage":"pt-PT"}]}},"_links":{"self":[{"href":"https:\/\/biocabaz.pt\/web\/en\/wp-json\/wp\/v2\/product\/79718","targetHints":{"allow":["GET"]}}],"collection":[{"href":"https:\/\/biocabaz.pt\/web\/en\/wp-json\/wp\/v2\/product"}],"about":[{"href":"https:\/\/biocabaz.pt\/web\/en\/wp-json\/wp\/v2\/types\/product"}],"replies":[{"embeddable":true,"href":"https:\/\/biocabaz.pt\/web\/en\/wp-json\/wp\/v2\/comments?post=79718"}],"wp:featuredmedia":[{"embeddable":true,"href":"https:\/\/biocabaz.pt\/web\/en\/wp-json\/wp\/v2\/media\/79719"}],"wp:attachment":[{"href":"https:\/\/biocabaz.pt\/web\/en\/wp-json\/wp\/v2\/media?parent=79718"}],"wp:term":[{"taxonomy":"product_cat","embeddable":true,"href":"https:\/\/biocabaz.pt\/web\/en\/wp-json\/wp\/v2\/product_cat?post=79718"},{"taxonomy":"product_tag","embeddable":true,"href":"https:\/\/biocabaz.pt\/web\/en\/wp-json\/wp\/v2\/product_tag?post=79718"}],"curies":[{"name":"wp","href":"https:\/\/api.w.org\/{rel}","templated":true}]}}