{"id":79156,"date":"2021-12-03T12:11:16","date_gmt":"2021-12-03T12:11:16","guid":{"rendered":"https:\/\/www.biocabaz.pt\/web\/en\/?post_type=product&#038;p=79156"},"modified":"2023-09-27T09:05:28","modified_gmt":"2023-09-27T09:05:28","slug":"prenatal-gels-dha-90-caps-now","status":"publish","type":"product","link":"https:\/\/biocabaz.pt\/web\/en\/produto\/prenatal-gels-dha-90-caps-now\/","title":{"rendered":"Prenatal Gels + DHA, 90 C\u00e1ps \u2013 NOW"},"content":{"rendered":"","protected":false},"excerpt":{"rendered":"<h3><strong>Prenatal Gels + DHA, 90 C\u00e1ps\u00a0<\/strong>da\u00a0<strong>Now\u00ae Foods<\/strong><\/h3>\n<ul>\n<li>Com 250 mg de DHA por por\u00e7\u00e3o para apoiar o desenvolvimento saud\u00e1vel dos olhos e do c\u00e9rebro<\/li>\n<li>Com \u00f3leo de borragem (GLA)<\/li>\n<\/ul>\n<p><strong>NOW \u00ae Prenatal Gels + DHA<\/strong>\u00a0\u00e9 um suplemento multivitam\u00ednico e mineral especialmente formulado para mulheres gr\u00e1vidas e mulheres em idade f\u00e9rtil. Al\u00e9m de vitaminas e minerais essenciais, este suplemento de alta qualidade inclui \u00f3leo de borragem (GLA) e fornece 750 mg de DHA di\u00e1ria para apoiar o desenvolvimento saud\u00e1vel dos olhos e do c\u00e9rebro.<\/p>\n<p><strong>Multimineral e Multiv\u00edtaminico com um aporte de DHA \u2013 750 mg\/dia.<\/strong><br \/>\nA procura de DHA sobe exponencialmente no \u00faltimo trimestre de gravidez, coincidindo com o desenvolvimento das redes neuronais, assim como com a consolida\u00e7\u00e3o da retina. \u00c9 uma nutri\u00e7\u00e3o espec\u00edfica para a gravidez e em per\u00edodo de amamenta\u00e7\u00e3o. Aporte elevado de \u00c1cido F\u00f3lico, C\u00e1lcio, Magn\u00e9sio e Ferro n\u00e3o obstipante (bisglicinato).<\/p>\n<p><strong>NOTA: Conservar em local fresco e seco<\/strong><\/p>\n<div id=\"row-370634386\" class=\"row\">\n<div id=\"col-278564653\" class=\"col medium-7 small-12 large-7\">\n<div class=\"col-inner\">\n<div class=\"container section-title-container\">\n<h4 class=\"section-title section-title-center\"><b><\/b><span class=\"section-title-main\"><i class=\"icon-plus\"><\/i>CARACTER\u00cdSTICAS<\/span><b><\/b><\/h4>\n<\/div>\n<p><strong>APRESENTA\u00c7\u00c3O:\u00a0<\/strong><br \/>\nEmbalagem de 90 c\u00e1ps vegetais<strong><br \/>\n<\/strong><br \/>\n<strong>MODO DE TOMAR:<br \/>\n<\/strong>Tome 3 c\u00e1p de gel diariamente com alimentos.<br \/>\nGuarde em local fresco e seco ap\u00f3s a abertura.<\/p>\n<p><strong>N\u00c3O CONT\u00c9M:<\/strong><br \/>\nN\u00e3o \u00e9 fabricado com ingredientes de trigo, gl\u00faten, leite, ovo ou marisco. Produzido numa instala\u00e7\u00e3o que processa outros ingredientes que cont\u00eam estes al\u00e9rgenos.<\/p>\n<div class=\"container section-title-container\">\n<h3 class=\"section-title section-title-center\"><span class=\"section-title-main\">NFORMA\u00c7\u00c3O NUTRICIONAL<\/span><b><\/b><\/h3>\n<\/div>\n<h4><strong>Por 3 c\u00e1ps:<\/strong><\/h4>\n<div class=\"text-center\">\n<div class=\"is-divider divider clearfix\"><\/div>\n<\/div>\n<table dir=\"ltr\" border=\"1\" cellspacing=\"0\" cellpadding=\"0\">\n<colgroup>\n<col width=\"100\" \/>\n<col width=\"100\" \/>\n<col width=\"100\" \/><\/colgroup>\n<tbody>\n<tr>\n<td><\/td>\n<td data-sheets-value=\"{\">\n<div>\n<div>Quantidade<\/div>\n<\/div>\n<\/td>\n<td data-sheets-value=\"{\">\n<div>\n<div>% Valor di\u00e1rio*<\/div>\n<\/div>\n<\/td>\n<\/tr>\n<tr>\n<td data-sheets-value=\"{\"><strong>Vitamina A<\/strong>\u00a0(100% como beta-caroteno)<\/td>\n<td data-sheets-value=\"{\">5.000 UI<\/td>\n<td data-sheets-value=\"{\" data-sheets-numberformat=\"{\">63%<\/td>\n<\/tr>\n<tr>\n<td data-sheets-value=\"{\"><strong>Vitamina C<\/strong>\u00a0(de ascorbato de c\u00e1lcio)<\/td>\n<td data-sheets-value=\"{\">120 mg<\/td>\n<td data-sheets-value=\"{\" data-sheets-numberformat=\"{\">200%<\/td>\n<\/tr>\n<tr>\n<td data-sheets-value=\"{\"><strong>Vitamina D3<\/strong>\u00a0(como colecalciferol)<\/td>\n<td data-sheets-value=\"{\">400 UI<\/td>\n<td data-sheets-value=\"{\" data-sheets-numberformat=\"{\">100%<\/td>\n<\/tr>\n<tr>\n<td data-sheets-value=\"{\"><strong>Vitamina E<\/strong>\u00a0(como d-alfa-acetato de tocoferol)<\/td>\n<td data-sheets-value=\"{\">100 UI<\/td>\n<td data-sheets-value=\"{\" data-sheets-numberformat=\"{\">333%<\/td>\n<\/tr>\n<tr>\n<td data-sheets-value=\"{\"><strong>Vitamina K<\/strong>\u00a0(como Menaquinona K2 e<br \/>\nFitonadiona K1)<\/td>\n<td data-sheets-value=\"{\">35 mcg<\/td>\n<td data-sheets-value=\"{\">\u2020<\/td>\n<\/tr>\n<tr>\n<td data-sheets-value=\"{\"><strong>Tiamina<\/strong>\u00a0(Vitamina B-1) (de Tiamina HCl)<\/td>\n<td data-sheets-value=\"{\">5 mg<\/td>\n<td data-sheets-value=\"{\" data-sheets-numberformat=\"{\">294%<\/td>\n<\/tr>\n<tr>\n<td data-sheets-value=\"{\"><strong>Riboflavina<\/strong>\u00a0(Vitamina B-2)<\/td>\n<td data-sheets-value=\"{\">5 mg<\/td>\n<td data-sheets-value=\"{\" data-sheets-numberformat=\"{\">250%<\/td>\n<\/tr>\n<tr>\n<td data-sheets-value=\"{\"><strong>Niacina<\/strong>\u00a0(vitamina B-3) (como niacinamida)<\/td>\n<td data-sheets-value=\"{\">13 mg<\/td>\n<td data-sheets-value=\"{\" data-sheets-numberformat=\"{\">65%<\/td>\n<\/tr>\n<tr>\n<td data-sheets-value=\"{\"><strong>Vitamina B6<\/strong>\u00a0(de piridoxina HCl)<\/td>\n<td data-sheets-value=\"{\">10 mg<\/td>\n<td data-sheets-value=\"{\" data-sheets-numberformat=\"{\">400%<\/td>\n<\/tr>\n<tr>\n<td data-sheets-value=\"{\"><strong>Folato<\/strong>\u00a0(como \u00e1cido f\u00f3lico)<\/td>\n<td data-sheets-value=\"{\">800 mcg<\/td>\n<td data-sheets-value=\"{\" data-sheets-numberformat=\"{\">100%<\/td>\n<\/tr>\n<tr>\n<td data-sheets-value=\"{\"><strong>Vitamina B12<\/strong>\u00a0(como metilcobalamina)<\/td>\n<td data-sheets-value=\"{\">500 mcg<\/td>\n<td data-sheets-value=\"{\" data-sheets-numberformat=\"{\">6250%<\/td>\n<\/tr>\n<tr>\n<td data-sheets-value=\"{\"><strong>Biotina<\/strong><\/td>\n<td data-sheets-value=\"{\">300 mcg<\/td>\n<td data-sheets-value=\"{\" data-sheets-numberformat=\"{\">100%<\/td>\n<\/tr>\n<tr>\n<td data-sheets-value=\"{\"><strong>\u00c1cido pantotenico<\/strong>\u00a0(vitamina B-5)<br \/>\n(de pantotenato de c\u00e1lcio)<\/td>\n<td data-sheets-value=\"{\">20 mg<\/td>\n<td data-sheets-value=\"{\" data-sheets-numberformat=\"{\">200%<\/td>\n<\/tr>\n<tr>\n<td data-sheets-value=\"{\"><strong>C\u00e1lcio<\/strong><br \/>\n[de Carbonato de C\u00e1lcio (Aquamin \u00ae Seaweed Derived<br \/>\nMinerals), Citrato de C\u00e1lcio e Ascorbato de C\u00e1lcio]<\/td>\n<td data-sheets-value=\"{\">400 mg<\/td>\n<td data-sheets-value=\"{\" data-sheets-numberformat=\"{\">31%<\/td>\n<\/tr>\n<tr>\n<td data-sheets-value=\"{\"><strong>Ferro<\/strong>\u00a0(de Bisglicinato Ferroso)<br \/>\n(Ferrochel \u00ae )<\/td>\n<td data-sheets-value=\"{\">27 mg<\/td>\n<td data-sheets-value=\"{\" data-sheets-numberformat=\"{\">150%<\/td>\n<\/tr>\n<tr>\n<td data-sheets-value=\"{\"><strong>Iodo<\/strong>\u00a0(de iodeto de pot\u00e1ssio)<\/td>\n<td data-sheets-value=\"{\">150 mcg<\/td>\n<td data-sheets-value=\"{\" data-sheets-numberformat=\"{\">100%<\/td>\n<\/tr>\n<tr>\n<td data-sheets-value=\"{\"><strong>Magn\u00e9sio<\/strong>\u00a0(de \u00f3xido de magn\u00e9sio, minerais derivados de algas marinhas\u00a0Aquamin \u00ae\u00a0e citrato de magn\u00e9sio)<\/td>\n<td data-sheets-value=\"{\">200 mg<\/td>\n<td data-sheets-value=\"{\" data-sheets-numberformat=\"{\">44%<\/td>\n<\/tr>\n<tr>\n<td data-sheets-value=\"{\"><strong>Zinco<\/strong>\u00a0(de bisglicinato de zinco)<br \/>\n(TRAACS \u00ae )<\/td>\n<td data-sheets-value=\"{\">15 mg<\/td>\n<td data-sheets-value=\"{\" data-sheets-numberformat=\"{\">100%<\/td>\n<\/tr>\n<tr>\n<td data-sheets-value=\"{\"><strong>Sel\u00e9nio<\/strong>\u00a0(do<br \/>\ncomplexo de glicinato de sel\u00e9nio ) (Albion \u00ae )<\/td>\n<td data-sheets-value=\"{\">70 mcg<\/td>\n<td data-sheets-value=\"{\">\u2020<\/td>\n<\/tr>\n<tr>\n<td data-sheets-value=\"{\">Cobre (de Bisglicinato de Cobre)<br \/>\n(TRAACS \u00ae )<\/td>\n<td data-sheets-value=\"{\">2 mg<\/td>\n<td data-sheets-value=\"{\" data-sheets-numberformat=\"{\">100%<\/td>\n<\/tr>\n<tr>\n<td data-sheets-value=\"{\"><strong>Mangan\u00eas<\/strong>\u00a0(de Bisglicinato de Mangan\u00eas)<br \/>\n(TRAACS \u00ae )<\/td>\n<td data-sheets-value=\"{\">2 mg<\/td>\n<td data-sheets-value=\"{\">\u2020<\/td>\n<\/tr>\n<tr>\n<td data-sheets-value=\"{\"><strong>Cr\u00f3mio<\/strong>\u00a0(a partir de<br \/>\nglicinato de nicotinato de cr\u00f3mio ) (TRAACS \u00ae )<\/td>\n<td data-sheets-value=\"{\">120 mcg<\/td>\n<td data-sheets-value=\"{\">\u2020<\/td>\n<\/tr>\n<tr>\n<td data-sheets-value=\"{\"><strong>Molibd\u00e9nio<\/strong>\u00a0(a partir de\u00a0glicinato de molibd\u00e9nio ) (TRAACS \u00ae )<\/td>\n<td data-sheets-value=\"{\">75 mcg<\/td>\n<td data-sheets-value=\"{\">\u2020<\/td>\n<\/tr>\n<tr>\n<td data-sheets-value=\"{\"><strong>Pot\u00e1ssio<\/strong>\u00a0(de cloreto de pot\u00e1ssio)<\/td>\n<td data-sheets-value=\"{\">25 mg<\/td>\n<td data-sheets-value=\"{\">\u2020<\/td>\n<\/tr>\n<tr>\n<td data-sheets-value=\"{\"><strong>Concentrado de \u00f3leo de peixe<\/strong><\/td>\n<td data-sheets-value=\"{\">650 mg<\/td>\n<td data-sheets-value=\"{\">\u2020<\/td>\n<\/tr>\n<tr>\n<td data-sheets-value=\"{\"><strong>DHA<\/strong>\u00a0(\u00e1cido docosahexaen\u00f3ico)<\/td>\n<td data-sheets-value=\"{\">250 mg<\/td>\n<td data-sheets-value=\"{\">\u2020<\/td>\n<\/tr>\n<tr>\n<td data-sheets-value=\"{\"><strong>EPA<\/strong>\u00a0(\u00e1cido eicosapentaen\u00f3ico)<\/td>\n<td data-sheets-value=\"{\">90 mg<\/td>\n<td data-sheets-value=\"{\">\u2020<\/td>\n<\/tr>\n<tr>\n<td data-sheets-value=\"{\"><strong>\u00d3leo de borragem<\/strong>\u00a0(semente)<\/td>\n<td data-sheets-value=\"{\">125 mg<\/td>\n<td data-sheets-value=\"{\">\u2020<\/td>\n<\/tr>\n<tr>\n<td data-sheets-value=\"{\"><strong>GLA<\/strong>\u00a0(\u00e1cido gama-linol\u00eanico)<\/td>\n<td data-sheets-value=\"{\">25 mg<\/td>\n<td data-sheets-value=\"{\">\u2020<\/td>\n<\/tr>\n<tr>\n<td data-sheets-value=\"{\"><strong>Colina<\/strong>\u00a0(de Choline Bitartrate)<\/td>\n<td data-sheets-value=\"{\">10 mg<\/td>\n<td data-sheets-value=\"{\">\u2020<\/td>\n<\/tr>\n<tr>\n<td data-sheets-value=\"{\"><strong>Inositol<\/strong><\/td>\n<td data-sheets-value=\"{\">10 mg<\/td>\n<td data-sheets-value=\"{\">\u2020<\/td>\n<\/tr>\n<tr>\n<td data-sheets-value=\"{\"><strong>Lute\u00edna<\/strong>\u00a0(de flores de cal\u00eandula)<\/td>\n<td data-sheets-value=\"{\">500 mcg<\/td>\n<td data-sheets-value=\"{\">\u2020<\/td>\n<\/tr>\n<tr>\n<td data-sheets-value=\"{\"><strong>Licopeno<\/strong><br \/>\n(de extrato natural de tomate)<\/td>\n<td data-sheets-value=\"{\">350 mcg<\/td>\n<td data-sheets-value=\"{\">\u2020<\/td>\n<\/tr>\n<\/tbody>\n<\/table>\n<div class=\"text-center\">\n<div class=\"is-divider divider clearfix\"><\/div>\n<\/div>\n<div id=\"gap-854497564\" class=\"gap-element clearfix\"><\/div>\n<p>* Valores percentuais di\u00e1rios para mulheres gr\u00e1vidas e lactantes.<br \/>\n\u2020 Valor di\u00e1rio n\u00e3o estabelecido.<\/p>\n<p><strong>Informa\u00e7\u00f5es Nutricionais indicadas pelo fabricante, \u201cNow\u00ae Foods\u201d.<\/strong><\/p>\n<\/div>\n<\/div>\n<\/div>\n","protected":false},"featured_media":79157,"comment_status":"closed","ping_status":"closed","template":"","meta":[],"product_cat":[88],"product_tag":[],"class_list":["post-79156","product","type-product","status-publish","has-post-thumbnail","hentry","product_cat-suplementos"],"bundle_layout":"","bundled_by":[],"bundled_items":[],"yoast_head":"<!-- This site is optimized with the Yoast SEO plugin v26.3 - https:\/\/yoast.com\/wordpress\/plugins\/seo\/ -->\n<title>Prenatal Gels + DHA, 90 C\u00e1ps \u2013 NOW<\/title>\n<meta name=\"robots\" content=\"index, follow, max-snippet:-1, max-image-preview:large, max-video-preview:-1\" \/>\n<link rel=\"canonical\" href=\"https:\/\/biocabaz.pt\/web\/en\/produto\/prenatal-gels-dha-90-caps-now\/\" \/>\n<meta property=\"og:locale\" content=\"pt_PT\" \/>\n<meta property=\"og:locale:alternate\" content=\"pt_PT\" \/>\n<meta property=\"og:type\" content=\"article\" \/>\n<meta property=\"og:title\" content=\"Prenatal Gels + DHA, 90 C\u00e1ps \u2013 NOW\" \/>\n<meta property=\"og:description\" content=\"Prenatal Gels + DHA, 90 C\u00e1ps\u00a0da\u00a0Now\u00ae Foods   Com 250 mg de DHA por por\u00e7\u00e3o para apoiar o desenvolvimento saud\u00e1vel dos olhos e do c\u00e9rebro  Com \u00f3leo de borragem (GLA)  NOW \u00ae Prenatal Gels + DHA\u00a0\u00e9 um suplemento multivitam\u00ednico e mineral especialmente formulado para mulheres gr\u00e1vidas e mulheres em idade f\u00e9rtil. Al\u00e9m de vitaminas e minerais essenciais, este suplemento de alta qualidade inclui \u00f3leo de borragem (GLA) e fornece 750 mg de DHA di\u00e1ria para apoiar o desenvolvimento saud\u00e1vel dos olhos e do c\u00e9rebro.  Multimineral e Multiv\u00edtaminico com um aporte de DHA \u2013 750 mg\/dia. A procura de DHA sobe exponencialmente no \u00faltimo trimestre de gravidez, coincidindo com o desenvolvimento das redes neuronais, assim como com a consolida\u00e7\u00e3o da retina. \u00c9 uma nutri\u00e7\u00e3o espec\u00edfica para a gravidez e em per\u00edodo de amamenta\u00e7\u00e3o. Aporte elevado de \u00c1cido F\u00f3lico, C\u00e1lcio, Magn\u00e9sio e Ferro n\u00e3o obstipante (bisglicinato).  NOTA: Conservar em local fresco e seco     CARACTER\u00cdSTICAS  APRESENTA\u00c7\u00c3O:\u00a0 Embalagem de 90 c\u00e1ps vegetais  MODO DE TOMAR: Tome 3 c\u00e1p de gel diariamente com alimentos. Guarde em local fresco e seco ap\u00f3s a abertura.  N\u00c3O CONT\u00c9M: N\u00e3o \u00e9 fabricado com ingredientes de trigo, gl\u00faten, leite, ovo ou marisco. Produzido numa instala\u00e7\u00e3o que processa outros ingredientes que cont\u00eam estes al\u00e9rgenos.  NFORMA\u00c7\u00c3O NUTRICIONAL  Por 3 c\u00e1ps:            Quantidade    % Valor di\u00e1rio*    Vitamina A\u00a0(100% como beta-caroteno) 5.000 UI 63%   Vitamina C\u00a0(de ascorbato de c\u00e1lcio) 120 mg 200%   Vitamina D3\u00a0(como colecalciferol) 400 UI 100%   Vitamina E\u00a0(como d-alfa-acetato de tocoferol) 100 UI 333%   Vitamina K\u00a0(como Menaquinona K2 e Fitonadiona K1) 35 mcg \u2020   Tiamina\u00a0(Vitamina B-1) (de Tiamina HCl) 5 mg 294%   Riboflavina\u00a0(Vitamina B-2) 5 mg 250%   Niacina\u00a0(vitamina B-3) (como niacinamida) 13 mg 65%   Vitamina B6\u00a0(de piridoxina HCl) 10 mg 400%   Folato\u00a0(como \u00e1cido f\u00f3lico) 800 mcg 100%   Vitamina B12\u00a0(como metilcobalamina) 500 mcg 6250%   Biotina 300 mcg 100%   \u00c1cido pantotenico\u00a0(vitamina B-5) (de pantotenato de c\u00e1lcio) 20 mg 200%   C\u00e1lcio [de Carbonato de C\u00e1lcio (Aquamin \u00ae Seaweed Derived Minerals), Citrato de C\u00e1lcio e Ascorbato de C\u00e1lcio] 400 mg 31%   Ferro\u00a0(de Bisglicinato Ferroso) (Ferrochel \u00ae ) 27 mg 150%   Iodo\u00a0(de iodeto de pot\u00e1ssio) 150 mcg 100%   Magn\u00e9sio\u00a0(de \u00f3xido de magn\u00e9sio, minerais derivados de algas marinhas\u00a0Aquamin \u00ae\u00a0e citrato de magn\u00e9sio) 200 mg 44%   Zinco\u00a0(de bisglicinato de zinco) (TRAACS \u00ae ) 15 mg 100%   Sel\u00e9nio\u00a0(do complexo de glicinato de sel\u00e9nio ) (Albion \u00ae ) 70 mcg \u2020   Cobre (de Bisglicinato de Cobre) (TRAACS \u00ae ) 2 mg 100%   Mangan\u00eas\u00a0(de Bisglicinato de Mangan\u00eas) (TRAACS \u00ae ) 2 mg \u2020   Cr\u00f3mio\u00a0(a partir de glicinato de nicotinato de cr\u00f3mio ) (TRAACS \u00ae ) 120 mcg \u2020   Molibd\u00e9nio\u00a0(a partir de\u00a0glicinato de molibd\u00e9nio ) (TRAACS \u00ae ) 75 mcg \u2020   Pot\u00e1ssio\u00a0(de cloreto de pot\u00e1ssio) 25 mg \u2020   Concentrado de \u00f3leo de peixe 650 mg \u2020   DHA\u00a0(\u00e1cido docosahexaen\u00f3ico) 250 mg \u2020   EPA\u00a0(\u00e1cido eicosapentaen\u00f3ico) 90 mg \u2020   \u00d3leo de borragem\u00a0(semente) 125 mg \u2020   GLA\u00a0(\u00e1cido gama-linol\u00eanico) 25 mg \u2020   Colina\u00a0(de Choline Bitartrate) 10 mg \u2020   Inositol 10 mg \u2020   Lute\u00edna\u00a0(de flores de cal\u00eandula) 500 mcg \u2020   Licopeno (de extrato natural de tomate) 350 mcg \u2020        * Valores percentuais di\u00e1rios para mulheres gr\u00e1vidas e lactantes. \u2020 Valor di\u00e1rio n\u00e3o estabelecido.  Informa\u00e7\u00f5es Nutricionais indicadas pelo fabricante, \u201cNow\u00ae Foods\u201d.\" \/>\n<meta property=\"og:url\" content=\"https:\/\/biocabaz.pt\/web\/en\/produto\/prenatal-gels-dha-90-caps-now\/\" \/>\n<meta property=\"og:site_name\" content=\"CABAZES BIOL\u00d3GICOS\" \/>\n<meta property=\"article:modified_time\" content=\"2023-09-27T09:05:28+00:00\" \/>\n<meta property=\"og:image\" content=\"https:\/\/www.biocabaz.pt\/web\/wp-conteudos\/uploads\/2021\/12\/prenatal-dha-90caps-now.jpg\" \/>\n\t<meta property=\"og:image:width\" content=\"700\" \/>\n\t<meta property=\"og:image:height\" content=\"700\" \/>\n\t<meta property=\"og:image:type\" content=\"image\/jpeg\" \/>\n<meta name=\"twitter:card\" content=\"summary_large_image\" \/>\n<script type=\"application\/ld+json\" class=\"yoast-schema-graph\">{\"@context\":\"https:\/\/schema.org\",\"@graph\":[{\"@type\":\"WebPage\",\"@id\":\"https:\/\/biocabaz.pt\/web\/en\/produto\/prenatal-gels-dha-90-caps-now\/\",\"url\":\"https:\/\/biocabaz.pt\/web\/en\/produto\/prenatal-gels-dha-90-caps-now\/\",\"name\":\"Prenatal Gels + DHA, 90 C\u00e1ps \u2013 NOW\",\"isPartOf\":{\"@id\":\"https:\/\/biocabaz.pt\/web\/en\/#website\"},\"primaryImageOfPage\":{\"@id\":\"https:\/\/biocabaz.pt\/web\/en\/produto\/prenatal-gels-dha-90-caps-now\/#primaryimage\"},\"image\":{\"@id\":\"https:\/\/biocabaz.pt\/web\/en\/produto\/prenatal-gels-dha-90-caps-now\/#primaryimage\"},\"thumbnailUrl\":\"https:\/\/www.biocabaz.pt\/web\/wp-conteudos\/uploads\/2021\/12\/prenatal-dha-90caps-now.jpg\",\"datePublished\":\"2021-12-03T12:11:16+00:00\",\"dateModified\":\"2023-09-27T09:05:28+00:00\",\"breadcrumb\":{\"@id\":\"https:\/\/biocabaz.pt\/web\/en\/produto\/prenatal-gels-dha-90-caps-now\/#breadcrumb\"},\"inLanguage\":\"pt-PT\",\"potentialAction\":[{\"@type\":\"ReadAction\",\"target\":[\"https:\/\/biocabaz.pt\/web\/en\/produto\/prenatal-gels-dha-90-caps-now\/\"]}]},{\"@type\":\"ImageObject\",\"inLanguage\":\"pt-PT\",\"@id\":\"https:\/\/biocabaz.pt\/web\/en\/produto\/prenatal-gels-dha-90-caps-now\/#primaryimage\",\"url\":\"https:\/\/www.biocabaz.pt\/web\/wp-conteudos\/uploads\/2021\/12\/prenatal-dha-90caps-now.jpg\",\"contentUrl\":\"https:\/\/www.biocabaz.pt\/web\/wp-conteudos\/uploads\/2021\/12\/prenatal-dha-90caps-now.jpg\",\"width\":700,\"height\":700,\"caption\":\"Prenatal Gels + DHA, 90 C\u00e1ps \u2013 NOW\"},{\"@type\":\"BreadcrumbList\",\"@id\":\"https:\/\/biocabaz.pt\/web\/en\/produto\/prenatal-gels-dha-90-caps-now\/#breadcrumb\",\"itemListElement\":[{\"@type\":\"ListItem\",\"position\":1,\"name\":\"Home\",\"item\":\"https:\/\/biocabaz.pt\/web\/en\/\"},{\"@type\":\"ListItem\",\"position\":2,\"name\":\"Loja\",\"item\":\"https:\/\/biocabaz.pt\/web\/shop\/\"},{\"@type\":\"ListItem\",\"position\":3,\"name\":\"Prenatal Gels + DHA, 90 C\u00e1ps \u2013 NOW\"}]},{\"@type\":\"WebSite\",\"@id\":\"https:\/\/biocabaz.pt\/web\/en\/#website\",\"url\":\"https:\/\/biocabaz.pt\/web\/en\/\",\"name\":\"CABAZES BIOL\u00d3GICOS\",\"description\":\"One+Number\",\"potentialAction\":[{\"@type\":\"SearchAction\",\"target\":{\"@type\":\"EntryPoint\",\"urlTemplate\":\"https:\/\/biocabaz.pt\/web\/en\/?s={search_term_string}\"},\"query-input\":{\"@type\":\"PropertyValueSpecification\",\"valueRequired\":true,\"valueName\":\"search_term_string\"}}],\"inLanguage\":\"pt-PT\"}]}<\/script>\n<!-- \/ Yoast SEO plugin. -->","yoast_head_json":{"title":"Prenatal Gels + DHA, 90 C\u00e1ps \u2013 NOW","robots":{"index":"index","follow":"follow","max-snippet":"max-snippet:-1","max-image-preview":"max-image-preview:large","max-video-preview":"max-video-preview:-1"},"canonical":"https:\/\/biocabaz.pt\/web\/en\/produto\/prenatal-gels-dha-90-caps-now\/","og_locale":"pt_PT","og_type":"article","og_title":"[:en]Prenatal Gels + DHA, 90 C\u00e1ps \u2013 NOW[:pt]Prenatal Gels + DHA, 90 C\u00e1ps \u2013 NOW[:] - CABAZES BIOL\u00d3GICOS","og_description":"Prenatal Gels + DHA, 90 C\u00e1ps\u00a0da\u00a0Now\u00ae Foods   Com 250 mg de DHA por por\u00e7\u00e3o para apoiar o desenvolvimento saud\u00e1vel dos olhos e do c\u00e9rebro  Com \u00f3leo de borragem (GLA)  NOW \u00ae Prenatal Gels + DHA\u00a0\u00e9 um suplemento multivitam\u00ednico e mineral especialmente formulado para mulheres gr\u00e1vidas e mulheres em idade f\u00e9rtil. Al\u00e9m de vitaminas e minerais essenciais, este suplemento de alta qualidade inclui \u00f3leo de borragem (GLA) e fornece 750 mg de DHA di\u00e1ria para apoiar o desenvolvimento saud\u00e1vel dos olhos e do c\u00e9rebro.  Multimineral e Multiv\u00edtaminico com um aporte de DHA \u2013 750 mg\/dia. A procura de DHA sobe exponencialmente no \u00faltimo trimestre de gravidez, coincidindo com o desenvolvimento das redes neuronais, assim como com a consolida\u00e7\u00e3o da retina. \u00c9 uma nutri\u00e7\u00e3o espec\u00edfica para a gravidez e em per\u00edodo de amamenta\u00e7\u00e3o. Aporte elevado de \u00c1cido F\u00f3lico, C\u00e1lcio, Magn\u00e9sio e Ferro n\u00e3o obstipante (bisglicinato).  NOTA: Conservar em local fresco e seco     CARACTER\u00cdSTICAS  APRESENTA\u00c7\u00c3O:\u00a0 Embalagem de 90 c\u00e1ps vegetais  MODO DE TOMAR: Tome 3 c\u00e1p de gel diariamente com alimentos. Guarde em local fresco e seco ap\u00f3s a abertura.  N\u00c3O CONT\u00c9M: N\u00e3o \u00e9 fabricado com ingredientes de trigo, gl\u00faten, leite, ovo ou marisco. Produzido numa instala\u00e7\u00e3o que processa outros ingredientes que cont\u00eam estes al\u00e9rgenos.  NFORMA\u00c7\u00c3O NUTRICIONAL  Por 3 c\u00e1ps:            Quantidade    % Valor di\u00e1rio*    Vitamina A\u00a0(100% como beta-caroteno) 5.000 UI 63%   Vitamina C\u00a0(de ascorbato de c\u00e1lcio) 120 mg 200%   Vitamina D3\u00a0(como colecalciferol) 400 UI 100%   Vitamina E\u00a0(como d-alfa-acetato de tocoferol) 100 UI 333%   Vitamina K\u00a0(como Menaquinona K2 e Fitonadiona K1) 35 mcg \u2020   Tiamina\u00a0(Vitamina B-1) (de Tiamina HCl) 5 mg 294%   Riboflavina\u00a0(Vitamina B-2) 5 mg 250%   Niacina\u00a0(vitamina B-3) (como niacinamida) 13 mg 65%   Vitamina B6\u00a0(de piridoxina HCl) 10 mg 400%   Folato\u00a0(como \u00e1cido f\u00f3lico) 800 mcg 100%   Vitamina B12\u00a0(como metilcobalamina) 500 mcg 6250%   Biotina 300 mcg 100%   \u00c1cido pantotenico\u00a0(vitamina B-5) (de pantotenato de c\u00e1lcio) 20 mg 200%   C\u00e1lcio [de Carbonato de C\u00e1lcio (Aquamin \u00ae Seaweed Derived Minerals), Citrato de C\u00e1lcio e Ascorbato de C\u00e1lcio] 400 mg 31%   Ferro\u00a0(de Bisglicinato Ferroso) (Ferrochel \u00ae ) 27 mg 150%   Iodo\u00a0(de iodeto de pot\u00e1ssio) 150 mcg 100%   Magn\u00e9sio\u00a0(de \u00f3xido de magn\u00e9sio, minerais derivados de algas marinhas\u00a0Aquamin \u00ae\u00a0e citrato de magn\u00e9sio) 200 mg 44%   Zinco\u00a0(de bisglicinato de zinco) (TRAACS \u00ae ) 15 mg 100%   Sel\u00e9nio\u00a0(do complexo de glicinato de sel\u00e9nio ) (Albion \u00ae ) 70 mcg \u2020   Cobre (de Bisglicinato de Cobre) (TRAACS \u00ae ) 2 mg 100%   Mangan\u00eas\u00a0(de Bisglicinato de Mangan\u00eas) (TRAACS \u00ae ) 2 mg \u2020   Cr\u00f3mio\u00a0(a partir de glicinato de nicotinato de cr\u00f3mio ) (TRAACS \u00ae ) 120 mcg \u2020   Molibd\u00e9nio\u00a0(a partir de\u00a0glicinato de molibd\u00e9nio ) (TRAACS \u00ae ) 75 mcg \u2020   Pot\u00e1ssio\u00a0(de cloreto de pot\u00e1ssio) 25 mg \u2020   Concentrado de \u00f3leo de peixe 650 mg \u2020   DHA\u00a0(\u00e1cido docosahexaen\u00f3ico) 250 mg \u2020   EPA\u00a0(\u00e1cido eicosapentaen\u00f3ico) 90 mg \u2020   \u00d3leo de borragem\u00a0(semente) 125 mg \u2020   GLA\u00a0(\u00e1cido gama-linol\u00eanico) 25 mg \u2020   Colina\u00a0(de Choline Bitartrate) 10 mg \u2020   Inositol 10 mg \u2020   Lute\u00edna\u00a0(de flores de cal\u00eandula) 500 mcg \u2020   Licopeno (de extrato natural de tomate) 350 mcg \u2020        * Valores percentuais di\u00e1rios para mulheres gr\u00e1vidas e lactantes. \u2020 Valor di\u00e1rio n\u00e3o estabelecido.  Informa\u00e7\u00f5es Nutricionais indicadas pelo fabricante, \u201cNow\u00ae Foods\u201d.","og_url":"https:\/\/biocabaz.pt\/web\/en\/produto\/prenatal-gels-dha-90-caps-now\/","og_site_name":"CABAZES BIOL\u00d3GICOS","article_modified_time":"2023-09-27T09:05:28+00:00","og_image":[{"width":700,"height":700,"url":"https:\/\/www.biocabaz.pt\/web\/wp-conteudos\/uploads\/2021\/12\/prenatal-dha-90caps-now.jpg","type":"image\/jpeg"}],"twitter_card":"summary_large_image","schema":{"@context":"https:\/\/schema.org","@graph":[{"@type":"WebPage","@id":"https:\/\/biocabaz.pt\/web\/en\/produto\/prenatal-gels-dha-90-caps-now\/","url":"https:\/\/biocabaz.pt\/web\/en\/produto\/prenatal-gels-dha-90-caps-now\/","name":"Prenatal Gels + DHA, 90 C\u00e1ps \u2013 NOW","isPartOf":{"@id":"https:\/\/biocabaz.pt\/web\/en\/#website"},"primaryImageOfPage":{"@id":"https:\/\/biocabaz.pt\/web\/en\/produto\/prenatal-gels-dha-90-caps-now\/#primaryimage"},"image":{"@id":"https:\/\/biocabaz.pt\/web\/en\/produto\/prenatal-gels-dha-90-caps-now\/#primaryimage"},"thumbnailUrl":"https:\/\/www.biocabaz.pt\/web\/wp-conteudos\/uploads\/2021\/12\/prenatal-dha-90caps-now.jpg","datePublished":"2021-12-03T12:11:16+00:00","dateModified":"2023-09-27T09:05:28+00:00","breadcrumb":{"@id":"https:\/\/biocabaz.pt\/web\/en\/produto\/prenatal-gels-dha-90-caps-now\/#breadcrumb"},"inLanguage":"pt-PT","potentialAction":[{"@type":"ReadAction","target":["https:\/\/biocabaz.pt\/web\/en\/produto\/prenatal-gels-dha-90-caps-now\/"]}]},{"@type":"ImageObject","inLanguage":"pt-PT","@id":"https:\/\/biocabaz.pt\/web\/en\/produto\/prenatal-gels-dha-90-caps-now\/#primaryimage","url":"https:\/\/www.biocabaz.pt\/web\/wp-conteudos\/uploads\/2021\/12\/prenatal-dha-90caps-now.jpg","contentUrl":"https:\/\/www.biocabaz.pt\/web\/wp-conteudos\/uploads\/2021\/12\/prenatal-dha-90caps-now.jpg","width":700,"height":700,"caption":"Prenatal Gels + DHA, 90 C\u00e1ps \u2013 NOW"},{"@type":"BreadcrumbList","@id":"https:\/\/biocabaz.pt\/web\/en\/produto\/prenatal-gels-dha-90-caps-now\/#breadcrumb","itemListElement":[{"@type":"ListItem","position":1,"name":"Home","item":"https:\/\/biocabaz.pt\/web\/en\/"},{"@type":"ListItem","position":2,"name":"Loja","item":"https:\/\/biocabaz.pt\/web\/shop\/"},{"@type":"ListItem","position":3,"name":"Prenatal Gels + DHA, 90 C\u00e1ps \u2013 NOW"}]},{"@type":"WebSite","@id":"https:\/\/biocabaz.pt\/web\/en\/#website","url":"https:\/\/biocabaz.pt\/web\/en\/","name":"CABAZES BIOL\u00d3GICOS","description":"One+Number","potentialAction":[{"@type":"SearchAction","target":{"@type":"EntryPoint","urlTemplate":"https:\/\/biocabaz.pt\/web\/en\/?s={search_term_string}"},"query-input":{"@type":"PropertyValueSpecification","valueRequired":true,"valueName":"search_term_string"}}],"inLanguage":"pt-PT"}]}},"_links":{"self":[{"href":"https:\/\/biocabaz.pt\/web\/en\/wp-json\/wp\/v2\/product\/79156","targetHints":{"allow":["GET"]}}],"collection":[{"href":"https:\/\/biocabaz.pt\/web\/en\/wp-json\/wp\/v2\/product"}],"about":[{"href":"https:\/\/biocabaz.pt\/web\/en\/wp-json\/wp\/v2\/types\/product"}],"replies":[{"embeddable":true,"href":"https:\/\/biocabaz.pt\/web\/en\/wp-json\/wp\/v2\/comments?post=79156"}],"wp:featuredmedia":[{"embeddable":true,"href":"https:\/\/biocabaz.pt\/web\/en\/wp-json\/wp\/v2\/media\/79157"}],"wp:attachment":[{"href":"https:\/\/biocabaz.pt\/web\/en\/wp-json\/wp\/v2\/media?parent=79156"}],"wp:term":[{"taxonomy":"product_cat","embeddable":true,"href":"https:\/\/biocabaz.pt\/web\/en\/wp-json\/wp\/v2\/product_cat?post=79156"},{"taxonomy":"product_tag","embeddable":true,"href":"https:\/\/biocabaz.pt\/web\/en\/wp-json\/wp\/v2\/product_tag?post=79156"}],"curies":[{"name":"wp","href":"https:\/\/api.w.org\/{rel}","templated":true}]}}