{"id":78616,"date":"2021-11-18T20:42:49","date_gmt":"2021-11-18T20:42:49","guid":{"rendered":"https:\/\/www.biocabaz.pt\/web\/?post_type=product&#038;p=78616"},"modified":"2024-01-22T09:39:23","modified_gmt":"2024-01-22T09:39:23","slug":"thyroid-energy-90-capsulas-now","status":"publish","type":"product","link":"https:\/\/biocabaz.pt\/web\/en\/produto\/thyroid-energy-90-capsulas-now\/","title":{"rendered":"THYROID ENERGY  90 C\u00c1PSULAS NOW"},"content":{"rendered":"","protected":false},"excerpt":{"rendered":"<p class=\"style-paragraph\">Thyroid energy \u00e9 um suplemento alimentar completo para suportar a sa\u00fade da gl\u00e2ndula tire\u00f3ide saud\u00e1vel.\u00a0Esta f\u00farmula combina Iodo e tirosina, os dois constituintes integrais necess\u00e1rias para a s\u00edntese de secre\u00e7\u00f5es da tir\u00f3ide.\u00a0Os minerais sel\u00e9nio, zinco e cobre foram adicionados como co-fatores necess\u00e1rios para a fun\u00e7\u00e3o tireoidiana normal.<\/p>\n<h5>Ingredientes<\/h5>\n<ul>\n<li class=\"firstItem\">Vitamina B6 (piridoxina HCl);<\/li>\n<li class=\"firstItem\">\u00c1cido f\u00f3lico;<\/li>\n<li class=\"firstItem\">Vitamina B12;<\/li>\n<li class=\"firstItem\">Iodeto de pot\u00e1ssio;<\/li>\n<li class=\"firstItem\">Zinco;<\/li>\n<li class=\"firstItem\">Sel\u00e9nio;<\/li>\n<li class=\"firstItem\">Cobre;<\/li>\n<li class=\"firstItem\">L-Tirosina;<\/li>\n<li class=\"firstItem\">Guggul;<\/li>\n<li class=\"firstItem\">Goma resina;<\/li>\n<li class=\"firstItem\">Ashwagandha (ra\u00edz);<\/li>\n<li class=\"firstItem\">C\u00e1psula (celulose);<\/li>\n<li class=\"firstItem\">Celulose em p\u00f3;<\/li>\n<li class=\"firstItem\">Estearato de magn\u00e9sio de origem vegetal;<\/li>\n<li class=\"firstItem\">S\u00edlica.<\/li>\n<\/ul>\n<p>&nbsp;<\/p>\n<h5>Modo De Utiliza\u00e7\u00e3o<\/h5>\n<p>Tomar 2 c\u00e1psulas por dia, de prefer\u00eancia em doses repartidas.<br \/>\n<strong>Aviso:\u00a0<\/strong>: N\u00e3o exceder a dose di\u00e1ria recomendada; N\u00e3o recomendado em caso de alergia a algum dos constituintes; N\u00e3o recomendado a gr\u00e1vidas e lactantes; Os suplementos alimentares n\u00e3o devem ser utilizados como substitutos de um regime alimentar variado e equilibrado e de um estilo de vida saud\u00e1vel; Manter fora do alcance de crian\u00e7as.<\/p>\n","protected":false},"featured_media":78617,"comment_status":"closed","ping_status":"closed","template":"","meta":[],"product_cat":[88],"product_tag":[],"class_list":["post-78616","product","type-product","status-publish","has-post-thumbnail","hentry","product_cat-suplementos"],"bundle_layout":"","bundled_by":[],"bundled_items":[],"yoast_head":"<!-- This site is optimized with the Yoast SEO plugin v26.3 - https:\/\/yoast.com\/wordpress\/plugins\/seo\/ -->\n<title>THYROID ENERGY 90 C\u00c1PSULAS NOW<\/title>\n<meta name=\"robots\" content=\"index, follow, max-snippet:-1, max-image-preview:large, max-video-preview:-1\" \/>\n<link rel=\"canonical\" href=\"https:\/\/www.biocabaz.pt\/web\/produto\/thyroid-energy-90-capsulas-now\/\" \/>\n<meta property=\"og:locale\" content=\"pt_PT\" \/>\n<meta property=\"og:locale:alternate\" content=\"pt_PT\" \/>\n<meta property=\"og:type\" content=\"article\" \/>\n<meta property=\"og:title\" content=\"THYROID ENERGY 90 C\u00c1PSULAS NOW\" \/>\n<meta property=\"og:description\" content=\"Thyroid energy \u00e9 um suplemento alimentar completo para suportar a sa\u00fade da gl\u00e2ndula tire\u00f3ide saud\u00e1vel.\u00a0Esta f\u00farmula combina Iodo e tirosina, os dois constituintes integrais necess\u00e1rias para a s\u00edntese de secre\u00e7\u00f5es da tir\u00f3ide.\u00a0Os minerais sel\u00e9nio, zinco e cobre foram adicionados como co-fatores necess\u00e1rios para a fun\u00e7\u00e3o tireoidiana normal.  Ingredientes   Vitamina B6 (piridoxina HCl);  \u00c1cido f\u00f3lico;  Vitamina B12;  Iodeto de pot\u00e1ssio;  Zinco;  Sel\u00e9nio;  Cobre;  L-Tirosina;  Guggul;  Goma resina;  Ashwagandha (ra\u00edz);  C\u00e1psula (celulose);  Celulose em p\u00f3;  Estearato de magn\u00e9sio de origem vegetal;  S\u00edlica.  &nbsp; Modo De Utiliza\u00e7\u00e3o Tomar 2 c\u00e1psulas por dia, de prefer\u00eancia em doses repartidas. Aviso:\u00a0: N\u00e3o exceder a dose di\u00e1ria recomendada; N\u00e3o recomendado em caso de alergia a algum dos constituintes; N\u00e3o recomendado a gr\u00e1vidas e lactantes; Os suplementos alimentares n\u00e3o devem ser utilizados como substitutos de um regime alimentar variado e equilibrado e de um estilo de vida saud\u00e1vel; Manter fora do alcance de crian\u00e7as.\" \/>\n<meta property=\"og:url\" content=\"https:\/\/biocabaz.pt\/web\/en\/produto\/thyroid-energy-90-capsulas-now\/\" \/>\n<meta property=\"og:site_name\" content=\"CABAZES BIOL\u00d3GICOS\" \/>\n<meta property=\"article:modified_time\" content=\"2024-01-22T09:39:23+00:00\" \/>\n<meta property=\"og:image\" content=\"https:\/\/www.biocabaz.pt\/web\/wp-conteudos\/uploads\/2021\/11\/thyroid-energy-90-capsulas-now.jpg\" \/>\n\t<meta property=\"og:image:width\" content=\"600\" \/>\n\t<meta property=\"og:image:height\" content=\"600\" \/>\n\t<meta property=\"og:image:type\" content=\"image\/jpeg\" \/>\n<meta name=\"twitter:card\" content=\"summary_large_image\" \/>\n<script type=\"application\/ld+json\" class=\"yoast-schema-graph\">{\"@context\":\"https:\/\/schema.org\",\"@graph\":[{\"@type\":\"WebPage\",\"@id\":\"https:\/\/www.biocabaz.pt\/web\/produto\/thyroid-energy-90-capsulas-now\/\",\"url\":\"https:\/\/www.biocabaz.pt\/web\/produto\/thyroid-energy-90-capsulas-now\/\",\"name\":\"THYROID ENERGY 90 C\u00c1PSULAS NOW\",\"isPartOf\":{\"@id\":\"https:\/\/biocabaz.pt\/web\/en\/#website\"},\"primaryImageOfPage\":{\"@id\":\"https:\/\/www.biocabaz.pt\/web\/produto\/thyroid-energy-90-capsulas-now\/#primaryimage\"},\"image\":{\"@id\":\"https:\/\/www.biocabaz.pt\/web\/produto\/thyroid-energy-90-capsulas-now\/#primaryimage\"},\"thumbnailUrl\":\"https:\/\/www.biocabaz.pt\/web\/wp-conteudos\/uploads\/2021\/11\/thyroid-energy-90-capsulas-now.jpg\",\"datePublished\":\"2021-11-18T20:42:49+00:00\",\"dateModified\":\"2024-01-22T09:39:23+00:00\",\"breadcrumb\":{\"@id\":\"https:\/\/www.biocabaz.pt\/web\/produto\/thyroid-energy-90-capsulas-now\/#breadcrumb\"},\"inLanguage\":\"pt-PT\",\"potentialAction\":[{\"@type\":\"ReadAction\",\"target\":[\"https:\/\/www.biocabaz.pt\/web\/produto\/thyroid-energy-90-capsulas-now\/\"]}]},{\"@type\":\"ImageObject\",\"inLanguage\":\"pt-PT\",\"@id\":\"https:\/\/www.biocabaz.pt\/web\/produto\/thyroid-energy-90-capsulas-now\/#primaryimage\",\"url\":\"https:\/\/www.biocabaz.pt\/web\/wp-conteudos\/uploads\/2021\/11\/thyroid-energy-90-capsulas-now.jpg\",\"contentUrl\":\"https:\/\/www.biocabaz.pt\/web\/wp-conteudos\/uploads\/2021\/11\/thyroid-energy-90-capsulas-now.jpg\",\"width\":600,\"height\":600,\"caption\":\"THYROID ENERGY \u2013 90 C\u00c1PSULAS \u2013 NOW\"},{\"@type\":\"BreadcrumbList\",\"@id\":\"https:\/\/www.biocabaz.pt\/web\/produto\/thyroid-energy-90-capsulas-now\/#breadcrumb\",\"itemListElement\":[{\"@type\":\"ListItem\",\"position\":1,\"name\":\"Home\",\"item\":\"https:\/\/biocabaz.pt\/web\/en\/\"},{\"@type\":\"ListItem\",\"position\":2,\"name\":\"Loja\",\"item\":\"https:\/\/biocabaz.pt\/web\/shop\/\"},{\"@type\":\"ListItem\",\"position\":3,\"name\":\"THYROID ENERGY 90 C\u00c1PSULAS NOW\"}]},{\"@type\":\"WebSite\",\"@id\":\"https:\/\/biocabaz.pt\/web\/en\/#website\",\"url\":\"https:\/\/biocabaz.pt\/web\/en\/\",\"name\":\"CABAZES BIOL\u00d3GICOS\",\"description\":\"One+Number\",\"potentialAction\":[{\"@type\":\"SearchAction\",\"target\":{\"@type\":\"EntryPoint\",\"urlTemplate\":\"https:\/\/biocabaz.pt\/web\/en\/?s={search_term_string}\"},\"query-input\":{\"@type\":\"PropertyValueSpecification\",\"valueRequired\":true,\"valueName\":\"search_term_string\"}}],\"inLanguage\":\"pt-PT\"}]}<\/script>\n<!-- \/ Yoast SEO plugin. -->","yoast_head_json":{"title":"THYROID ENERGY 90 C\u00c1PSULAS NOW","robots":{"index":"index","follow":"follow","max-snippet":"max-snippet:-1","max-image-preview":"max-image-preview:large","max-video-preview":"max-video-preview:-1"},"canonical":"https:\/\/www.biocabaz.pt\/web\/produto\/thyroid-energy-90-capsulas-now\/","og_locale":"pt_PT","og_type":"article","og_title":"[:pt]THYROID ENERGY 90 C\u00c1PSULAS NOW[:] - CABAZES BIOL\u00d3GICOS","og_description":"Thyroid energy \u00e9 um suplemento alimentar completo para suportar a sa\u00fade da gl\u00e2ndula tire\u00f3ide saud\u00e1vel.\u00a0Esta f\u00farmula combina Iodo e tirosina, os dois constituintes integrais necess\u00e1rias para a s\u00edntese de secre\u00e7\u00f5es da tir\u00f3ide.\u00a0Os minerais sel\u00e9nio, zinco e cobre foram adicionados como co-fatores necess\u00e1rios para a fun\u00e7\u00e3o tireoidiana normal.  Ingredientes   Vitamina B6 (piridoxina HCl);  \u00c1cido f\u00f3lico;  Vitamina B12;  Iodeto de pot\u00e1ssio;  Zinco;  Sel\u00e9nio;  Cobre;  L-Tirosina;  Guggul;  Goma resina;  Ashwagandha (ra\u00edz);  C\u00e1psula (celulose);  Celulose em p\u00f3;  Estearato de magn\u00e9sio de origem vegetal;  S\u00edlica.  &nbsp; Modo De Utiliza\u00e7\u00e3o Tomar 2 c\u00e1psulas por dia, de prefer\u00eancia em doses repartidas. Aviso:\u00a0: N\u00e3o exceder a dose di\u00e1ria recomendada; N\u00e3o recomendado em caso de alergia a algum dos constituintes; N\u00e3o recomendado a gr\u00e1vidas e lactantes; Os suplementos alimentares n\u00e3o devem ser utilizados como substitutos de um regime alimentar variado e equilibrado e de um estilo de vida saud\u00e1vel; Manter fora do alcance de crian\u00e7as.","og_url":"https:\/\/biocabaz.pt\/web\/en\/produto\/thyroid-energy-90-capsulas-now\/","og_site_name":"CABAZES BIOL\u00d3GICOS","article_modified_time":"2024-01-22T09:39:23+00:00","og_image":[{"width":600,"height":600,"url":"https:\/\/www.biocabaz.pt\/web\/wp-conteudos\/uploads\/2021\/11\/thyroid-energy-90-capsulas-now.jpg","type":"image\/jpeg"}],"twitter_card":"summary_large_image","schema":{"@context":"https:\/\/schema.org","@graph":[{"@type":"WebPage","@id":"https:\/\/www.biocabaz.pt\/web\/produto\/thyroid-energy-90-capsulas-now\/","url":"https:\/\/www.biocabaz.pt\/web\/produto\/thyroid-energy-90-capsulas-now\/","name":"THYROID ENERGY 90 C\u00c1PSULAS NOW","isPartOf":{"@id":"https:\/\/biocabaz.pt\/web\/en\/#website"},"primaryImageOfPage":{"@id":"https:\/\/www.biocabaz.pt\/web\/produto\/thyroid-energy-90-capsulas-now\/#primaryimage"},"image":{"@id":"https:\/\/www.biocabaz.pt\/web\/produto\/thyroid-energy-90-capsulas-now\/#primaryimage"},"thumbnailUrl":"https:\/\/www.biocabaz.pt\/web\/wp-conteudos\/uploads\/2021\/11\/thyroid-energy-90-capsulas-now.jpg","datePublished":"2021-11-18T20:42:49+00:00","dateModified":"2024-01-22T09:39:23+00:00","breadcrumb":{"@id":"https:\/\/www.biocabaz.pt\/web\/produto\/thyroid-energy-90-capsulas-now\/#breadcrumb"},"inLanguage":"pt-PT","potentialAction":[{"@type":"ReadAction","target":["https:\/\/www.biocabaz.pt\/web\/produto\/thyroid-energy-90-capsulas-now\/"]}]},{"@type":"ImageObject","inLanguage":"pt-PT","@id":"https:\/\/www.biocabaz.pt\/web\/produto\/thyroid-energy-90-capsulas-now\/#primaryimage","url":"https:\/\/www.biocabaz.pt\/web\/wp-conteudos\/uploads\/2021\/11\/thyroid-energy-90-capsulas-now.jpg","contentUrl":"https:\/\/www.biocabaz.pt\/web\/wp-conteudos\/uploads\/2021\/11\/thyroid-energy-90-capsulas-now.jpg","width":600,"height":600,"caption":"THYROID ENERGY \u2013 90 C\u00c1PSULAS \u2013 NOW"},{"@type":"BreadcrumbList","@id":"https:\/\/www.biocabaz.pt\/web\/produto\/thyroid-energy-90-capsulas-now\/#breadcrumb","itemListElement":[{"@type":"ListItem","position":1,"name":"Home","item":"https:\/\/biocabaz.pt\/web\/en\/"},{"@type":"ListItem","position":2,"name":"Loja","item":"https:\/\/biocabaz.pt\/web\/shop\/"},{"@type":"ListItem","position":3,"name":"THYROID ENERGY 90 C\u00c1PSULAS NOW"}]},{"@type":"WebSite","@id":"https:\/\/biocabaz.pt\/web\/en\/#website","url":"https:\/\/biocabaz.pt\/web\/en\/","name":"CABAZES BIOL\u00d3GICOS","description":"One+Number","potentialAction":[{"@type":"SearchAction","target":{"@type":"EntryPoint","urlTemplate":"https:\/\/biocabaz.pt\/web\/en\/?s={search_term_string}"},"query-input":{"@type":"PropertyValueSpecification","valueRequired":true,"valueName":"search_term_string"}}],"inLanguage":"pt-PT"}]}},"_links":{"self":[{"href":"https:\/\/biocabaz.pt\/web\/en\/wp-json\/wp\/v2\/product\/78616","targetHints":{"allow":["GET"]}}],"collection":[{"href":"https:\/\/biocabaz.pt\/web\/en\/wp-json\/wp\/v2\/product"}],"about":[{"href":"https:\/\/biocabaz.pt\/web\/en\/wp-json\/wp\/v2\/types\/product"}],"replies":[{"embeddable":true,"href":"https:\/\/biocabaz.pt\/web\/en\/wp-json\/wp\/v2\/comments?post=78616"}],"wp:featuredmedia":[{"embeddable":true,"href":"https:\/\/biocabaz.pt\/web\/en\/wp-json\/wp\/v2\/media\/78617"}],"wp:attachment":[{"href":"https:\/\/biocabaz.pt\/web\/en\/wp-json\/wp\/v2\/media?parent=78616"}],"wp:term":[{"taxonomy":"product_cat","embeddable":true,"href":"https:\/\/biocabaz.pt\/web\/en\/wp-json\/wp\/v2\/product_cat?post=78616"},{"taxonomy":"product_tag","embeddable":true,"href":"https:\/\/biocabaz.pt\/web\/en\/wp-json\/wp\/v2\/product_tag?post=78616"}],"curies":[{"name":"wp","href":"https:\/\/api.w.org\/{rel}","templated":true}]}}